{"id":67804,"date":"2026-01-27T14:53:23","date_gmt":"2026-01-27T14:53:23","guid":{"rendered":"https:\/\/testwebsite.citygame.com\/games\/unknown-location\/secrets-of-darmstadt\/"},"modified":"2026-04-09T09:49:25","modified_gmt":"2026-04-09T09:49:25","slug":"secrets-of-darmstadt","status":"publish","type":"product","link":"https:\/\/testwebsite.citygame.com\/sk\/games\/darmstadt\/secrets-of-darmstadt\/","title":{"rendered":"Secrets of Darmstadt"},"content":{"rendered":"<p>Mestsk\u00e1 hra Darmstadt je samoobslu\u017en\u00e1 hra zalo\u017een\u00e1 na GPS, ktor\u00e1 sa odohr\u00e1va v centre mesta Darmstadt. Pomocou svojho smartf\u00f3nu sa budete pohybova\u0165 po oblasti a rie\u0161i\u0165 h\u00e1danky, hlavolamy a fotografick\u00e9 v\u00fdzvy, ktor\u00e9 odhalia zauj\u00edmav\u00e9 fakty o hist\u00f3rii, kult\u00fare a menej zn\u00e1mych detailoch mesta. T\u00e1to objavite\u013esk\u00e1 hra v\u00e1m umo\u017en\u00ed za\u017ei\u0165 Darmstadt p\u00fatav\u00fdm a interakt\u00edvnym sp\u00f4sobom, ide\u00e1lnym na objavovanie nov\u00fdch poznatkov, \u010di u\u017e ste n\u00e1v\u0161tevn\u00edk alebo miestny. Samoobslu\u017en\u00e1 mestsk\u00e1 hra je navrhnut\u00e1 tak, aby vyhovovala jednotlivcom, p\u00e1rom, rodin\u00e1m alebo skupin\u00e1m priate\u013eov h\u013eadaj\u00facich kreat\u00edvne mestsk\u00e9 dobrodru\u017estvo. Hra zalo\u017een\u00e1 na GPS sp\u00e1ja z\u00e1bavu a u\u010denie, ke\u010f odkr\u00fdvate jedine\u010dn\u00fd charakter Darmstadtu.<\/p>\n","protected":false},"excerpt":{"rendered":"<p>Objavte dynamick\u00fa dualitu Darmstadtu! Prech\u00e1dzajte mestom, kde sa inov\u00e1cie prel\u00ednaj\u00fa s hist\u00f3riou, od jeho renomovan\u00fdch vedeck\u00fdch in\u0161tit\u00faci\u00ed a\u017e po storo\u010dn\u00e9 pal\u00e1ce. Rozl\u00fa\u0161tite h\u00e1danky pri prech\u00e1dzan\u00ed jeho \u017eiv\u00fdm jadrom, \u010di u\u017e ste miestny alebo nov\u00e1\u010dik, Darmstadt v\u00e1s ur\u010dite ohrom\u00ed na ka\u017edom rohu!<\/p>\n","protected":false},"featured_media":5079,"template":"","meta":{"_acf_changed":false,"_yoast_wpseo_focuskw":"Secrets of Darmstadt","_yoast_wpseo_metadesc":"Secrets of Darmstadt. Zahrajte si samoobslu\u017en\u00fa Mestsk\u00fa hru a objavujte mesto prostredn\u00edctvom hlavolamov, h\u00e1daniek a v\u00fdziev. Hrajte vlastn\u00fdm tempom a objavujte ako miestny!","_kad_blocks_custom_css":"","_kad_blocks_head_custom_js":"","_kad_blocks_body_custom_js":"","_kad_blocks_footer_custom_js":"","ghostkit_customizer_options":"","ghostkit_custom_css":"","ghostkit_custom_js_head":"","ghostkit_custom_js_foot":"","ghostkit_typography":"","_kad_post_transparent":"","_kad_post_title":"","_kad_post_layout":"","_kad_post_sidebar_id":"","_kad_post_content_style":"","_kad_post_vertical_padding":"","_kad_post_feature":"","_kad_post_feature_position":"","_kad_post_header":false,"_kad_post_footer":false,"_kad_post_classname":"","_links_to":"","_links_to_target":""},"game-concept":[727],"location":[136],"product_brand":[],"product_cat":[27],"product_tag":[],"class_list":{"0":"post-67804","1":"product","2":"type-product","3":"status-publish","4":"has-post-thumbnail","6":"game-concept-secrets","7":"location-darmstadt","8":"product_cat-geen-categorie","10":"first","11":"instock","12":"shipping-taxable","13":"purchasable","14":"product-type-simple","15":"entry","16":"content-bg","17":"loop-entry"},"acf":{"full_bokun_product_name":"Self-Guided Secrets of Darmstadt Exploration Game","location_name":"Darmstadt","bokun_calendar_widget_code":"<script type=\"text\/javascript\" src=\"https:\/\/widgets.bokun.io\/assets\/javascripts\/apps\/build\/BokunWidgetsLoader.js?bookingChannelUUID=a1e93e96-5232-4734-a595-28405f4b5a31\" async><\/script>\n     \n    <div class=\"bokunWidget\" data-src=\"https:\/\/widgets.bokun.io\/online-sales\/a1e93e96-5232-4734-a595-28405f4b5a31\/experience-calendar\/827835\"><\/div>\n    <noscript>Please enable javascript in your browser to book<\/noscript>","bokun_button_widget_code":"<script type=\"text\/javascript\" src=\"https:\/\/widgets.bokun.io\/assets\/javascripts\/apps\/build\/BokunWidgetsLoader.js?bookingChannelUUID=a1e93e96-5232-4734-a595-28405f4b5a31\" async><\/script>\n      <style> #bokun_ed001e45_5927_4f62_b470_ca766338d083 { display: inline-block; padding: .4em 1em; background: #47b82e; border-radius: 999999px; box-shadow: none; font-weight: 600; font-size: 24px; text-decoration: none; text-align: center; color: #FFFFFF; border:none; cursor: pointer; transition: background .2s ease; } #bokun_ed001e45_5927_4f62_b470_ca766338d083:hover{ background: #2f7b1f; } #bokun_ed001e45_5927_4f62_b470_ca766338d083:active{ background: #378f24; } <\/style> <button class=\"bokunButton\" disabled id=bokun_ed001e45_5927_4f62_b470_ca766338d083 data-src=\"https:\/\/widgets.bokun.io\/online-sales\/a1e93e96-5232-4734-a595-28405f4b5a31\/experience-calendar\/827835?partialView=1\" data-testid=\"widget-book-button\" > Book now <\/button> ","what_you\u2019ll_experience_during_the_game":"Po\u010das Mestskej hry Secrets of Darmstadt budete objavova\u0165 mesto prostredn\u00edctvom kombin\u00e1cie prehliadky pamiatok, rozpr\u00e1vania pr\u00edbehov a interakt\u00edvneho objavovania. Sleduj\u00fac rozv\u00edjaj\u00faci sa pr\u00edbeh budete preveden\u00ed ikonick\u00fdmi aj skryt\u00fdmi miestami v Darmstadte, pri\u010dom ka\u017ed\u00e9 miesto prepoj\u00edte s prvkami hry. Po\u010das cesty sa m\u00f4\u017eete ocitn\u00fa\u0165 na historicky v\u00fdznamn\u00fdch miestach, ako je Luisenplatz, obdivova\u0165 architekt\u00faru Hochzeitsturmu alebo nasiaknu\u0165 atmosf\u00e9ru v okol\u00ed umeleckej kol\u00f3nie Mathildenh\u00f6he. Ka\u017ed\u00e1 lokalita prispieva k rozv\u00edjaj\u00facej sa atmosf\u00e9re a pon\u00faka poh\u013eady do kult\u00farnych vrstiev a miestneho charakteru mesta.\n\nPo\u010das Mestskej hry budete rie\u0161i\u0165 r\u00f4zne hlavolamy, h\u00e1danky a kreat\u00edvne fotografick\u00e9 v\u00fdzvy navrhnut\u00e9 tak, aby preh\u013abili va\u0161e spojenie s Darmstadtom a z\u00e1rove\u0148 dodali hrav\u00fd zmysel pre \u00fa\u010del. Ka\u017ed\u00e1 vyrie\u0161en\u00e1 \u00faloha z\u00edskava body a pom\u00e1ha odomyka\u0165 n\u00e1povedy, \u010do v\u00e1s pribl\u00ed\u017ei k rozuzleniu z\u00e1vere\u010dnej z\u00e1hady pr\u00edbehu prehliadky. M\u00f4\u017eete si robi\u0165 prest\u00e1vky kedyko\u013evek budete chcie\u0165 a pokra\u010dova\u0165 v hre vlastn\u00fdm tempom. Pre t\u00fdch, ktor\u00ed sa c\u00edtia s\u00fa\u0165a\u017eiv\u00ed, mo\u017enos\u0165 vy\u0161plha\u0165 sa na rebr\u00ed\u010dek prid\u00e1va dodato\u010dn\u00fa \u00farove\u0148 zapojenia do tejto objavite\u013eskej hry odohr\u00e1vaj\u00facej sa v Darmstadte.","how_to_play":"Zarezervujte si objavite\u013esk\u00fa hru, skontrolujte e-mail, ktor\u00fd v\u00e1m po\u0161leme s jednoduch\u00fdmi in\u0161trukciami, stiahnite si aplik\u00e1ciu Loquiz, z\u00edskajte pr\u00edstup k objavite\u013eskej hre a ste pripraven\u00ed za\u010da\u0165 svoj hern\u00fd z\u00e1\u017eitok!","start_location":"Darmstadt, Marktplatz","available_languages":["en"],"players_per_group":"1-4","duration":"1.5-2 hours","image_overlay_color_image":"https:\/\/testwebsite.citygame.com\/wp-content\/blogs.dir\/1\/files\/sites\/62\/2026\/01\/SecretsColor.svg","image_overlay_game_logo":"https:\/\/testwebsite.citygame.com\/wp-content\/blogs.dir\/1\/files\/sites\/62\/2026\/01\/SecretsLogo.png","city_page":5069,"woocommerce_general_content":null},"yoast_head":"<!-- This site is optimized with the Yoast SEO Premium plugin v26.2 (Yoast SEO v26.3) - https:\/\/yoast.com\/wordpress\/plugins\/seo\/ -->\n<title>Secrets of Darmstadt - City Game<\/title>\n<meta name=\"description\" content=\"Secrets of Darmstadt. Zahrajte si samoobslu\u017en\u00fa Mestsk\u00fa hru a objavujte mesto prostredn\u00edctvom hlavolamov, h\u00e1daniek a v\u00fdziev. Hrajte vlastn\u00fdm tempom a objavujte ako miestny!\" \/>\n<meta name=\"robots\" content=\"noindex, follow, max-snippet:-1, max-image-preview:large, max-video-preview:-1\" \/>\n<meta property=\"og:locale\" content=\"sk_SK\" \/>\n<meta property=\"og:type\" content=\"article\" \/>\n<meta property=\"og:title\" content=\"Secrets of Darmstadt\" \/>\n<meta property=\"og:description\" content=\"Secrets of Darmstadt. Zahrajte si samoobslu\u017en\u00fa Mestsk\u00fa hru a objavujte mesto prostredn\u00edctvom hlavolamov, h\u00e1daniek a v\u00fdziev. Hrajte vlastn\u00fdm tempom a objavujte ako miestny!\" \/>\n<meta property=\"og:url\" content=\"https:\/\/testwebsite.citygame.com\/sk\/games\/darmstadt\/secrets-of-darmstadt\/\" \/>\n<meta property=\"og:site_name\" content=\"City Game\" \/>\n<meta property=\"article:publisher\" content=\"https:\/\/www.facebook.com\/profile.php?id=100086426226253\" \/>\n<meta property=\"article:modified_time\" content=\"2026-04-09T09:49:25+00:00\" \/>\n<meta property=\"og:image\" content=\"https:\/\/testwebsite.citygame.com\/wp-content\/blogs.dir\/1\/files\/sites\/62\/2026\/01\/darmstadt-ludwigsplatz-burgerstolz-fountain-player.jpg\" \/>\n\t<meta property=\"og:image:width\" content=\"1184\" \/>\n\t<meta property=\"og:image:height\" content=\"864\" \/>\n\t<meta property=\"og:image:type\" content=\"image\/jpeg\" \/>\n<meta name=\"twitter:card\" content=\"summary_large_image\" \/>\n<meta name=\"twitter:label1\" content=\"Predpokladan\u00fd \u010das \u010d\u00edtania\" \/>\n\t<meta name=\"twitter:data1\" content=\"1 min\u00fata\" \/>\n<script type=\"application\/ld+json\" class=\"yoast-schema-graph\">{\"@context\":\"https:\/\/schema.org\",\"@graph\":[{\"@type\":\"WebPage\",\"@id\":\"https:\/\/testwebsite.citygame.com\/sk\/games\/darmstadt\/secrets-of-darmstadt\/\",\"url\":\"https:\/\/testwebsite.citygame.com\/sk\/games\/darmstadt\/secrets-of-darmstadt\/\",\"name\":\"Secrets of Darmstadt - City Game\",\"isPartOf\":{\"@id\":\"https:\/\/testwebsite.upevents.nl\/#website\"},\"primaryImageOfPage\":{\"@id\":\"https:\/\/testwebsite.citygame.com\/sk\/games\/darmstadt\/secrets-of-darmstadt\/#primaryimage\"},\"image\":{\"@id\":\"https:\/\/testwebsite.citygame.com\/sk\/games\/darmstadt\/secrets-of-darmstadt\/#primaryimage\"},\"thumbnailUrl\":\"https:\/\/testwebsite.citygame.com\/wp-content\/blogs.dir\/1\/files\/sites\/62\/2026\/01\/darmstadt-ludwigsplatz-burgerstolz-fountain-player.jpg\",\"datePublished\":\"2026-01-27T14:53:23+00:00\",\"dateModified\":\"2026-04-09T09:49:25+00:00\",\"description\":\"Secrets of Darmstadt. Zahrajte si samoobslu\u017en\u00fa Mestsk\u00fa hru a objavujte mesto prostredn\u00edctvom hlavolamov, h\u00e1daniek a v\u00fdziev. Hrajte vlastn\u00fdm tempom a objavujte ako miestny!\",\"breadcrumb\":{\"@id\":\"https:\/\/testwebsite.citygame.com\/sk\/games\/darmstadt\/secrets-of-darmstadt\/#breadcrumb\"},\"inLanguage\":\"sk-SK\",\"potentialAction\":[{\"@type\":\"ReadAction\",\"target\":[\"https:\/\/testwebsite.citygame.com\/sk\/games\/darmstadt\/secrets-of-darmstadt\/\"]}]},{\"@type\":\"ImageObject\",\"inLanguage\":\"sk-SK\",\"@id\":\"https:\/\/testwebsite.citygame.com\/sk\/games\/darmstadt\/secrets-of-darmstadt\/#primaryimage\",\"url\":\"https:\/\/testwebsite.citygame.com\/wp-content\/blogs.dir\/1\/files\/sites\/62\/2026\/01\/darmstadt-ludwigsplatz-burgerstolz-fountain-player.jpg\",\"contentUrl\":\"https:\/\/testwebsite.citygame.com\/wp-content\/blogs.dir\/1\/files\/sites\/62\/2026\/01\/darmstadt-ludwigsplatz-burgerstolz-fountain-player.jpg\",\"width\":1184,\"height\":864,\"caption\":\"A man uses a smartphone app while visiting the B\u00fcrgerstolz Fountain in Darmstadt.\"},{\"@type\":\"BreadcrumbList\",\"@id\":\"https:\/\/testwebsite.citygame.com\/sk\/games\/darmstadt\/secrets-of-darmstadt\/#breadcrumb\",\"itemListElement\":[{\"@type\":\"ListItem\",\"position\":1,\"name\":\"Home\",\"item\":\"https:\/\/testwebsite.citygame.com\/sk\/\"},{\"@type\":\"ListItem\",\"position\":2,\"name\":\"Shop\",\"item\":\"https:\/\/testwebsite.citygame.com\/shop\/\"},{\"@type\":\"ListItem\",\"position\":3,\"name\":\"Secrets of Darmstadt\"}]},{\"@type\":\"WebSite\",\"@id\":\"https:\/\/testwebsite.upevents.nl\/#website\",\"url\":\"https:\/\/testwebsite.upevents.nl\/\",\"name\":\"City Game\",\"description\":\"\",\"publisher\":{\"@id\":\"https:\/\/testwebsite.upevents.nl\/#organization\"},\"alternateName\":\"citygame.com\",\"potentialAction\":[{\"@type\":\"SearchAction\",\"target\":{\"@type\":\"EntryPoint\",\"urlTemplate\":\"https:\/\/testwebsite.upevents.nl\/?s={search_term_string}\"},\"query-input\":{\"@type\":\"PropertyValueSpecification\",\"valueRequired\":true,\"valueName\":\"search_term_string\"}}],\"inLanguage\":\"sk-SK\"},{\"@type\":[\"Organization\",\"Place\"],\"@id\":\"https:\/\/testwebsite.upevents.nl\/#organization\",\"name\":\"City Game\",\"alternateName\":\"citygame.com\",\"url\":\"https:\/\/testwebsite.upevents.nl\/\",\"logo\":{\"@id\":\"https:\/\/testwebsite.citygame.com\/sk\/games\/darmstadt\/secrets-of-darmstadt\/#local-main-organization-logo\"},\"image\":{\"@id\":\"https:\/\/testwebsite.citygame.com\/sk\/games\/darmstadt\/secrets-of-darmstadt\/#local-main-organization-logo\"},\"sameAs\":[\"https:\/\/www.facebook.com\/profile.php?id=100086426226253\",\"https:\/\/www.instagram.com\/citygame_com\",\"https:\/\/www.tiktok.com\/@citygamecom\/\",\"https:\/\/www.linkedin.com\/company\/citygame-com\"],\"description\":\"Turn any city into a playground with our interactive City Games and self-guided tours. Fun, flexible, and ideal for groups and team building.\",\"telephone\":[],\"openingHoursSpecification\":[{\"@type\":\"OpeningHoursSpecification\",\"dayOfWeek\":[\"Monday\",\"Tuesday\",\"Wednesday\",\"Thursday\",\"Friday\",\"Saturday\",\"Sunday\"],\"opens\":\"09:00\",\"closes\":\"17:00\"}]},{\"@type\":\"ImageObject\",\"inLanguage\":\"sk-SK\",\"@id\":\"https:\/\/testwebsite.citygame.com\/sk\/games\/darmstadt\/secrets-of-darmstadt\/#local-main-organization-logo\",\"url\":\"https:\/\/testwebsite.citygame.com\/wp-content\/blogs.dir\/1\/files\/sites\/62\/2025\/10\/CG_LOGO-City-Game.png\",\"contentUrl\":\"https:\/\/testwebsite.citygame.com\/wp-content\/blogs.dir\/1\/files\/sites\/62\/2025\/10\/CG_LOGO-City-Game.png\",\"width\":351,\"height\":377,\"caption\":\"City Game\"}]}<\/script>\n<!-- \/ Yoast SEO Premium plugin. -->","yoast_head_json":{"title":"Secrets of Darmstadt - City Game","description":"Secrets of Darmstadt. Zahrajte si samoobslu\u017en\u00fa Mestsk\u00fa hru a objavujte mesto prostredn\u00edctvom hlavolamov, h\u00e1daniek a v\u00fdziev. Hrajte vlastn\u00fdm tempom a objavujte ako miestny!","robots":{"index":"noindex","follow":"follow","max-snippet":"max-snippet:-1","max-image-preview":"max-image-preview:large","max-video-preview":"max-video-preview:-1"},"og_locale":"sk_SK","og_type":"article","og_title":"Secrets of Darmstadt","og_description":"Secrets of Darmstadt. Zahrajte si samoobslu\u017en\u00fa Mestsk\u00fa hru a objavujte mesto prostredn\u00edctvom hlavolamov, h\u00e1daniek a v\u00fdziev. Hrajte vlastn\u00fdm tempom a objavujte ako miestny!","og_url":"https:\/\/testwebsite.citygame.com\/sk\/games\/darmstadt\/secrets-of-darmstadt\/","og_site_name":"City Game","article_publisher":"https:\/\/www.facebook.com\/profile.php?id=100086426226253","article_modified_time":"2026-04-09T09:49:25+00:00","og_image":[{"width":1184,"height":864,"url":"https:\/\/testwebsite.citygame.com\/wp-content\/blogs.dir\/1\/files\/sites\/62\/2026\/01\/darmstadt-ludwigsplatz-burgerstolz-fountain-player.jpg","type":"image\/jpeg"}],"twitter_card":"summary_large_image","twitter_misc":{"Predpokladan\u00fd \u010das \u010d\u00edtania":"1 min\u00fata"},"schema":{"@context":"https:\/\/schema.org","@graph":[{"@type":"WebPage","@id":"https:\/\/testwebsite.citygame.com\/sk\/games\/darmstadt\/secrets-of-darmstadt\/","url":"https:\/\/testwebsite.citygame.com\/sk\/games\/darmstadt\/secrets-of-darmstadt\/","name":"Secrets of Darmstadt - City Game","isPartOf":{"@id":"https:\/\/testwebsite.upevents.nl\/#website"},"primaryImageOfPage":{"@id":"https:\/\/testwebsite.citygame.com\/sk\/games\/darmstadt\/secrets-of-darmstadt\/#primaryimage"},"image":{"@id":"https:\/\/testwebsite.citygame.com\/sk\/games\/darmstadt\/secrets-of-darmstadt\/#primaryimage"},"thumbnailUrl":"https:\/\/testwebsite.citygame.com\/wp-content\/blogs.dir\/1\/files\/sites\/62\/2026\/01\/darmstadt-ludwigsplatz-burgerstolz-fountain-player.jpg","datePublished":"2026-01-27T14:53:23+00:00","dateModified":"2026-04-09T09:49:25+00:00","description":"Secrets of Darmstadt. Zahrajte si samoobslu\u017en\u00fa Mestsk\u00fa hru a objavujte mesto prostredn\u00edctvom hlavolamov, h\u00e1daniek a v\u00fdziev. Hrajte vlastn\u00fdm tempom a objavujte ako miestny!","breadcrumb":{"@id":"https:\/\/testwebsite.citygame.com\/sk\/games\/darmstadt\/secrets-of-darmstadt\/#breadcrumb"},"inLanguage":"sk-SK","potentialAction":[{"@type":"ReadAction","target":["https:\/\/testwebsite.citygame.com\/sk\/games\/darmstadt\/secrets-of-darmstadt\/"]}]},{"@type":"ImageObject","inLanguage":"sk-SK","@id":"https:\/\/testwebsite.citygame.com\/sk\/games\/darmstadt\/secrets-of-darmstadt\/#primaryimage","url":"https:\/\/testwebsite.citygame.com\/wp-content\/blogs.dir\/1\/files\/sites\/62\/2026\/01\/darmstadt-ludwigsplatz-burgerstolz-fountain-player.jpg","contentUrl":"https:\/\/testwebsite.citygame.com\/wp-content\/blogs.dir\/1\/files\/sites\/62\/2026\/01\/darmstadt-ludwigsplatz-burgerstolz-fountain-player.jpg","width":1184,"height":864,"caption":"A man uses a smartphone app while visiting the B\u00fcrgerstolz Fountain in Darmstadt."},{"@type":"BreadcrumbList","@id":"https:\/\/testwebsite.citygame.com\/sk\/games\/darmstadt\/secrets-of-darmstadt\/#breadcrumb","itemListElement":[{"@type":"ListItem","position":1,"name":"Home","item":"https:\/\/testwebsite.citygame.com\/sk\/"},{"@type":"ListItem","position":2,"name":"Shop","item":"https:\/\/testwebsite.citygame.com\/shop\/"},{"@type":"ListItem","position":3,"name":"Secrets of Darmstadt"}]},{"@type":"WebSite","@id":"https:\/\/testwebsite.upevents.nl\/#website","url":"https:\/\/testwebsite.upevents.nl\/","name":"City Game","description":"","publisher":{"@id":"https:\/\/testwebsite.upevents.nl\/#organization"},"alternateName":"citygame.com","potentialAction":[{"@type":"SearchAction","target":{"@type":"EntryPoint","urlTemplate":"https:\/\/testwebsite.upevents.nl\/?s={search_term_string}"},"query-input":{"@type":"PropertyValueSpecification","valueRequired":true,"valueName":"search_term_string"}}],"inLanguage":"sk-SK"},{"@type":["Organization","Place"],"@id":"https:\/\/testwebsite.upevents.nl\/#organization","name":"City Game","alternateName":"citygame.com","url":"https:\/\/testwebsite.upevents.nl\/","logo":{"@id":"https:\/\/testwebsite.citygame.com\/sk\/games\/darmstadt\/secrets-of-darmstadt\/#local-main-organization-logo"},"image":{"@id":"https:\/\/testwebsite.citygame.com\/sk\/games\/darmstadt\/secrets-of-darmstadt\/#local-main-organization-logo"},"sameAs":["https:\/\/www.facebook.com\/profile.php?id=100086426226253","https:\/\/www.instagram.com\/citygame_com","https:\/\/www.tiktok.com\/@citygamecom\/","https:\/\/www.linkedin.com\/company\/citygame-com"],"description":"Turn any city into a playground with our interactive City Games and self-guided tours. Fun, flexible, and ideal for groups and team building.","telephone":[],"openingHoursSpecification":[{"@type":"OpeningHoursSpecification","dayOfWeek":["Monday","Tuesday","Wednesday","Thursday","Friday","Saturday","Sunday"],"opens":"09:00","closes":"17:00"}]},{"@type":"ImageObject","inLanguage":"sk-SK","@id":"https:\/\/testwebsite.citygame.com\/sk\/games\/darmstadt\/secrets-of-darmstadt\/#local-main-organization-logo","url":"https:\/\/testwebsite.citygame.com\/wp-content\/blogs.dir\/1\/files\/sites\/62\/2025\/10\/CG_LOGO-City-Game.png","contentUrl":"https:\/\/testwebsite.citygame.com\/wp-content\/blogs.dir\/1\/files\/sites\/62\/2025\/10\/CG_LOGO-City-Game.png","width":351,"height":377,"caption":"City Game"}]}},"taxonomy_info":{"game-concept":[{"value":727,"label":"Secrets"}],"location":[{"value":136,"label":"Darmstadt"}],"product_cat":[{"value":27,"label":"Geen categorie"}]},"featured_image_src_large":["https:\/\/testwebsite.citygame.com\/wp-content\/blogs.dir\/1\/files\/sites\/62\/2026\/01\/darmstadt-ludwigsplatz-burgerstolz-fountain-player-1024x747.jpg",1024,747,true],"author_info":[],"comment_info":"","_links":{"self":[{"href":"https:\/\/testwebsite.citygame.com\/sk\/wp-json\/wp\/v2\/product\/67804","targetHints":{"allow":["GET"]}}],"collection":[{"href":"https:\/\/testwebsite.citygame.com\/sk\/wp-json\/wp\/v2\/product"}],"about":[{"href":"https:\/\/testwebsite.citygame.com\/sk\/wp-json\/wp\/v2\/types\/product"}],"acf:post":[{"embeddable":true,"href":"https:\/\/testwebsite.citygame.com\/sk\/wp-json\/wp\/v2\/pages\/5069"}],"wp:featuredmedia":[{"embeddable":true,"href":"https:\/\/testwebsite.citygame.com\/sk\/wp-json\/wp\/v2\/media\/5079"}],"wp:attachment":[{"href":"https:\/\/testwebsite.citygame.com\/sk\/wp-json\/wp\/v2\/media?parent=67804"}],"wp:term":[{"taxonomy":"game-concept","embeddable":true,"href":"https:\/\/testwebsite.citygame.com\/sk\/wp-json\/wp\/v2\/game-concept?post=67804"},{"taxonomy":"location","embeddable":true,"href":"https:\/\/testwebsite.citygame.com\/sk\/wp-json\/wp\/v2\/location?post=67804"},{"taxonomy":"product_brand","embeddable":true,"href":"https:\/\/testwebsite.citygame.com\/sk\/wp-json\/wp\/v2\/product_brand?post=67804"},{"taxonomy":"product_cat","embeddable":true,"href":"https:\/\/testwebsite.citygame.com\/sk\/wp-json\/wp\/v2\/product_cat?post=67804"},{"taxonomy":"product_tag","embeddable":true,"href":"https:\/\/testwebsite.citygame.com\/sk\/wp-json\/wp\/v2\/product_tag?post=67804"}],"curies":[{"name":"wp","href":"https:\/\/api.w.org\/{rel}","templated":true}]}}