{"id":67685,"date":"2026-03-16T09:02:21","date_gmt":"2026-03-16T09:02:21","guid":{"rendered":"https:\/\/testwebsite.citygame.com\/games\/unknown-location\/secrets-of-gorinchem\/"},"modified":"2026-04-09T09:35:10","modified_gmt":"2026-04-09T09:35:10","slug":"secrets-of-gorinchem","status":"publish","type":"product","link":"https:\/\/testwebsite.citygame.com\/sk\/games\/gorinchem\/secrets-of-gorinchem\/","title":{"rendered":"Secrets of Gorinchem"},"content":{"rendered":"<p>Mestsk\u00e1 hra &#8218;Secrets of Gorinchem&#8216; je podmaniv\u00e1 samoriaden\u00e1 mestsk\u00e1 hra, ktor\u00e1 hr\u00e1\u010dov vezme na objavite\u013esk\u00e9 dobrodru\u017estvo v centre mesta Gorinchem. T\u00e1to hra zalo\u017een\u00e1 na GPS premen\u00ed v\u00e1\u0161 smartf\u00f3n na z\u00e1bavn\u00fd naviga\u010dn\u00fd n\u00e1stroj, ktor\u00fd v\u00e1s povedie na pohlcuj\u00facu cestu pln\u00fa hlavolamov, h\u00e1daniek a fotografick\u00fdch v\u00fdziev. Ako sa \u00fa\u010dastn\u00edci potuluj\u00fa ulicami, objavia skryt\u00e9 detaily hist\u00f3rie a kult\u00fary Gorinchemu, \u010do pon\u00faka jedine\u010dn\u00fa perspekt\u00edvu charakteru tohto mesta, ktor\u00e1 ur\u010dite o\u010dar\u00ed miestnych obyvate\u013eov aj n\u00e1v\u0161tevn\u00edkov. T\u00e1to objavite\u013esk\u00e1 hra je rovnako z\u00e1bavn\u00e1 pre jednotlivcov alebo pre rodiny a skupiny priate\u013eov, \u010do z nej rob\u00ed v\u0161estrann\u00fa vo\u013ebu pre objavovanie mesta Gorinchem.<\/p>\n","protected":false},"excerpt":{"rendered":"<p>Objavte vzne\u0161enos\u0165 a h\u00fa\u017eevnatos\u0165 Gorinchemu! Ponorte sa do mesta, kde sa \u017eiv\u00e1 kult\u00fara prel\u00edna s fascinuj\u00facou hist\u00f3riou, od starobyl\u00fdch opevnen\u00ed po ru\u0161n\u00e9 trhovisk\u00e1. Rie\u0161te h\u00e1danky pri prech\u00e1dzke jeho charizmatick\u00fdm srdcom, Gorinchem je pln\u00fd odhalen\u00ed na ka\u017edom rohu!<\/p>\n","protected":false},"featured_media":18985,"template":"","meta":{"_acf_changed":false,"_yoast_wpseo_focuskw":"Secrets of Gorinchem","_yoast_wpseo_metadesc":"Secrets of Gorinchem. Zahrajte si samoriaden\u00fa mestsk\u00fa hru a objavujte mesto prostredn\u00edctvom hlavolamov, h\u00e1daniek a v\u00fdziev. Hrajte vlastn\u00fdm tempom a objavujte ako miestny!","_kad_blocks_custom_css":"","_kad_blocks_head_custom_js":"","_kad_blocks_body_custom_js":"","_kad_blocks_footer_custom_js":"","ghostkit_customizer_options":"","ghostkit_custom_css":"","ghostkit_custom_js_head":"","ghostkit_custom_js_foot":"","ghostkit_typography":"","_kad_post_transparent":"default","_kad_post_title":"","_kad_post_layout":"default","_kad_post_sidebar_id":"","_kad_post_content_style":"default","_kad_post_vertical_padding":"default","_kad_post_feature":"","_kad_post_feature_position":"","_kad_post_header":false,"_kad_post_footer":false,"_kad_post_classname":"","_links_to":"","_links_to_target":""},"game-concept":[727],"location":[180],"product_brand":[],"product_cat":[27],"product_tag":[],"class_list":{"0":"post-67685","1":"product","2":"type-product","3":"status-publish","4":"has-post-thumbnail","6":"game-concept-secrets","7":"location-gorinchem","8":"product_cat-geen-categorie","10":"first","11":"instock","12":"shipping-taxable","13":"purchasable","14":"product-type-simple","15":"entry","16":"content-bg","17":"loop-entry"},"acf":{"full_bokun_product_name":"Self-Guided Secrets of Gorinchem Exploration Game","location_name":"Gorinchem","bokun_calendar_widget_code":"<script type=\"text\/javascript\" src=\"https:\/\/widgets.bokun.io\/assets\/javascripts\/apps\/build\/BokunWidgetsLoader.js?bookingChannelUUID=a1e93e96-5232-4734-a595-28405f4b5a31\" async><\/script>\n     \n    <div class=\"bokunWidget\" data-src=\"https:\/\/widgets.bokun.io\/online-sales\/a1e93e96-5232-4734-a595-28405f4b5a31\/experience-calendar\/887822\"><\/div>\n    <noscript>Please enable javascript in your browser to book<\/noscript>","bokun_button_widget_code":"<script type=\"text\/javascript\" src=\"https:\/\/widgets.bokun.io\/assets\/javascripts\/apps\/build\/BokunWidgetsLoader.js?bookingChannelUUID=a1e93e96-5232-4734-a595-28405f4b5a31\" async><\/script>\n      <style> #bokun_ed001e45_5927_4f62_b470_ca766338d083 { display: inline-block; padding: .4em 1em; background: #47b82e; border-radius: 999999px; box-shadow: none; font-weight: 600; font-size: 24px; text-decoration: none; text-align: center; color: #FFFFFF; border:none; cursor: pointer; transition: background .2s ease; } #bokun_ed001e45_5927_4f62_b470_ca766338d083:hover{ background: #2f7b1f; } #bokun_ed001e45_5927_4f62_b470_ca766338d083:active{ background: #378f24; } <\/style> <button class=\"bokunButton\" disabled id=bokun_ed001e45_5927_4f62_b470_ca766338d083 data-src=\"https:\/\/widgets.bokun.io\/online-sales\/a1e93e96-5232-4734-a595-28405f4b5a31\/experience-calendar\/887822?partialView=1\" data-testid=\"widget-book-button\" > Book now <\/button> ","what_you\u2019ll_experience_during_the_game":"Presk\u00famajte Gorinchem ako nikdy predt\u00fdm s mestskou hrou Secrets of Gorinchem. T\u00e1to jedine\u010dn\u00e1 mestsk\u00e1 hra dokonale sp\u00e1ja prehliadku pamiatok s rozpr\u00e1van\u00edm pr\u00edbehov a interakt\u00edvnymi v\u00fdzvami, ktor\u00e9 hr\u00e1\u010dov preved\u00fa niektor\u00fdmi ikonick\u00fdmi a skryt\u00fdmi klenotmi v tomto historickom holandskom meste. Hr\u00e1\u010di sa bud\u00fa orientova\u0165 medzi pamiatkami, ako s\u00fa ru\u0161n\u00e9 centrum mesta, pokojn\u00e9 z\u00e1kutia parkov a k\u013eukat\u00e9 brehy rieky. Ich cesta ich zavedie aj do o\u010daruj\u00facej pr\u00edstavnej oblasti plnej historick\u00fdch holandsk\u00fdch \u010dlnov a miestneho umenia. O\u010dak\u00e1vajte v\u0161ak viac ne\u017e len jednoduch\u00fa prehliadku; mestsk\u00e1 hra Gorinchem je pokladnicou objavov a atmosf\u00e9ry, ktor\u00e1 \u010dak\u00e1 na odv\u00e1\u017enych objavite\u013eov, aby odomkli jej tajomstv\u00e1.\r\n\r\nPo\u010das tejto objavite\u013eskej plavby bud\u00fa hr\u00e1\u010di musie\u0165 rie\u0161i\u0165 p\u00fatav\u00e9 hlavolamy, odpoveda\u0165 na z\u00e1hadn\u00e9 h\u00e1danky a dokonca sa z\u00fa\u010dastni\u0165 kreat\u00edvnych fotografick\u00fdch v\u00fdziev, pri\u010dom ka\u017ed\u00e1 z nich posunie ich pokrok k prekvapiv\u00e9mu fin\u00e1le. T\u00e1to hra pon\u00faka vzru\u0161enie z nap\u00ednav\u00e9ho tajomstva rie\u0161en\u00e9ho krok za krokom, ke\u010f hr\u00e1\u010di z\u00edskavaj\u00fa body, odomykaj\u00fa rady a nakoniec odhalia kone\u010dn\u00e9 tajomstvo. Je na ka\u017edom hr\u00e1\u010dovi, ako hru hr\u00e1. Pozastavte sa kedyko\u013evek si \u017eel\u00e1te, alebo pokra\u010dujte \u010falej pre t\u00fdch, ktor\u00ed sa nevedia do\u010dka\u0165 \u010fal\u0161ej stopy; v\u0161etko je vo va\u0161ich ruk\u00e1ch. Uk\u00e1\u017ete svoju s\u00fa\u0165a\u017eiv\u00fa str\u00e1nku a usilujte sa o vysok\u00fa poz\u00edciu na rebr\u00ed\u010dku, \u010d\u00edm zanech\u00e1te svoju stopu v mestskej hre Secrets of Gorinchem. Toto nie je len prehliadka mesta. Je to interakt\u00edvna cesta srdcom Gorinchemu, ktor\u00e1 pon\u00faka jedine\u010dn\u00fa zmes objavovania a z\u00e1bavy, v\u010faka \u010domu bude va\u0161a n\u00e1v\u0161teva tohto mesta skuto\u010dne nezabudnute\u013en\u00fdm z\u00e1\u017eitkom.","how_to_play":"Rezervujte si hru na objavovanie, skontrolujte e-mail, ktor\u00fd v\u00e1m po\u0161leme s jednoduch\u00fdmi pokynmi, stiahnite si aplik\u00e1ciu Loquiz, otvorte hru na objavovanie a ste pripraven\u00ed za\u010da\u0165 svoj hern\u00fd z\u00e1\u017eitok!","start_location":"Gorinchem, Grote markt","available_languages":["en"],"players_per_group":"1-4","duration":"1.5-2 hours","image_overlay_color_image":"https:\/\/testwebsite.citygame.com\/wp-content\/blogs.dir\/1\/files\/sites\/62\/2026\/01\/SecretsColor.svg","image_overlay_game_logo":"https:\/\/testwebsite.citygame.com\/wp-content\/blogs.dir\/1\/files\/sites\/62\/2026\/01\/SecretsLogo.png","city_page":13447,"woocommerce_general_content":null},"yoast_head":"<!-- This site is optimized with the Yoast SEO Premium plugin v26.2 (Yoast SEO v26.3) - https:\/\/yoast.com\/wordpress\/plugins\/seo\/ -->\n<title>Secrets of Gorinchem - City Game<\/title>\n<meta name=\"description\" content=\"Secrets of Gorinchem. Zahrajte si samoriaden\u00fa mestsk\u00fa hru a objavujte mesto prostredn\u00edctvom hlavolamov, h\u00e1daniek a v\u00fdziev. Hrajte vlastn\u00fdm tempom a objavujte ako miestny!\" \/>\n<meta name=\"robots\" content=\"noindex, follow, max-snippet:-1, max-image-preview:large, max-video-preview:-1\" \/>\n<meta property=\"og:locale\" content=\"sk_SK\" \/>\n<meta property=\"og:type\" content=\"article\" \/>\n<meta property=\"og:title\" content=\"Secrets of Gorinchem\" \/>\n<meta property=\"og:description\" content=\"Secrets of Gorinchem. Zahrajte si samoriaden\u00fa mestsk\u00fa hru a objavujte mesto prostredn\u00edctvom hlavolamov, h\u00e1daniek a v\u00fdziev. Hrajte vlastn\u00fdm tempom a objavujte ako miestny!\" \/>\n<meta property=\"og:url\" content=\"https:\/\/testwebsite.citygame.com\/sk\/games\/gorinchem\/secrets-of-gorinchem\/\" \/>\n<meta property=\"og:site_name\" content=\"City Game\" \/>\n<meta property=\"article:publisher\" content=\"https:\/\/www.facebook.com\/profile.php?id=100086426226253\" \/>\n<meta property=\"article:modified_time\" content=\"2026-04-09T09:35:10+00:00\" \/>\n<meta property=\"og:image\" content=\"https:\/\/testwebsite.citygame.com\/wp-content\/blogs.dir\/1\/files\/sites\/62\/2026\/03\/woman-playing-city-game-gorinchem-fortifications-icarus-sculpture.jpg\" \/>\n\t<meta property=\"og:image:width\" content=\"1024\" \/>\n\t<meta property=\"og:image:height\" content=\"1024\" \/>\n\t<meta property=\"og:image:type\" content=\"image\/jpeg\" \/>\n<meta name=\"twitter:card\" content=\"summary_large_image\" \/>\n<meta name=\"twitter:label1\" content=\"Predpokladan\u00fd \u010das \u010d\u00edtania\" \/>\n\t<meta name=\"twitter:data1\" content=\"1 min\u00fata\" \/>\n<script type=\"application\/ld+json\" class=\"yoast-schema-graph\">{\"@context\":\"https:\/\/schema.org\",\"@graph\":[{\"@type\":\"WebPage\",\"@id\":\"https:\/\/testwebsite.citygame.com\/sk\/games\/gorinchem\/secrets-of-gorinchem\/\",\"url\":\"https:\/\/testwebsite.citygame.com\/sk\/games\/gorinchem\/secrets-of-gorinchem\/\",\"name\":\"Secrets of Gorinchem - City Game\",\"isPartOf\":{\"@id\":\"https:\/\/testwebsite.upevents.nl\/#website\"},\"primaryImageOfPage\":{\"@id\":\"https:\/\/testwebsite.citygame.com\/sk\/games\/gorinchem\/secrets-of-gorinchem\/#primaryimage\"},\"image\":{\"@id\":\"https:\/\/testwebsite.citygame.com\/sk\/games\/gorinchem\/secrets-of-gorinchem\/#primaryimage\"},\"thumbnailUrl\":\"https:\/\/testwebsite.citygame.com\/wp-content\/blogs.dir\/1\/files\/sites\/62\/2026\/03\/woman-playing-city-game-gorinchem-fortifications-icarus-sculpture.jpg\",\"datePublished\":\"2026-03-16T09:02:21+00:00\",\"dateModified\":\"2026-04-09T09:35:10+00:00\",\"description\":\"Secrets of Gorinchem. Zahrajte si samoriaden\u00fa mestsk\u00fa hru a objavujte mesto prostredn\u00edctvom hlavolamov, h\u00e1daniek a v\u00fdziev. Hrajte vlastn\u00fdm tempom a objavujte ako miestny!\",\"breadcrumb\":{\"@id\":\"https:\/\/testwebsite.citygame.com\/sk\/games\/gorinchem\/secrets-of-gorinchem\/#breadcrumb\"},\"inLanguage\":\"sk-SK\",\"potentialAction\":[{\"@type\":\"ReadAction\",\"target\":[\"https:\/\/testwebsite.citygame.com\/sk\/games\/gorinchem\/secrets-of-gorinchem\/\"]}]},{\"@type\":\"ImageObject\",\"inLanguage\":\"sk-SK\",\"@id\":\"https:\/\/testwebsite.citygame.com\/sk\/games\/gorinchem\/secrets-of-gorinchem\/#primaryimage\",\"url\":\"https:\/\/testwebsite.citygame.com\/wp-content\/blogs.dir\/1\/files\/sites\/62\/2026\/03\/woman-playing-city-game-gorinchem-fortifications-icarus-sculpture.jpg\",\"contentUrl\":\"https:\/\/testwebsite.citygame.com\/wp-content\/blogs.dir\/1\/files\/sites\/62\/2026\/03\/woman-playing-city-game-gorinchem-fortifications-icarus-sculpture.jpg\",\"width\":1024,\"height\":1024,\"caption\":\"A woman explores the historic fortifications of Gorinchem while playing an interactive game on her smartphone.\"},{\"@type\":\"BreadcrumbList\",\"@id\":\"https:\/\/testwebsite.citygame.com\/sk\/games\/gorinchem\/secrets-of-gorinchem\/#breadcrumb\",\"itemListElement\":[{\"@type\":\"ListItem\",\"position\":1,\"name\":\"Home\",\"item\":\"https:\/\/testwebsite.citygame.com\/sk\/\"},{\"@type\":\"ListItem\",\"position\":2,\"name\":\"Shop\",\"item\":\"https:\/\/testwebsite.citygame.com\/shop\/\"},{\"@type\":\"ListItem\",\"position\":3,\"name\":\"Secrets of Gorinchem\"}]},{\"@type\":\"WebSite\",\"@id\":\"https:\/\/testwebsite.upevents.nl\/#website\",\"url\":\"https:\/\/testwebsite.upevents.nl\/\",\"name\":\"City Game\",\"description\":\"\",\"publisher\":{\"@id\":\"https:\/\/testwebsite.upevents.nl\/#organization\"},\"alternateName\":\"citygame.com\",\"potentialAction\":[{\"@type\":\"SearchAction\",\"target\":{\"@type\":\"EntryPoint\",\"urlTemplate\":\"https:\/\/testwebsite.upevents.nl\/?s={search_term_string}\"},\"query-input\":{\"@type\":\"PropertyValueSpecification\",\"valueRequired\":true,\"valueName\":\"search_term_string\"}}],\"inLanguage\":\"sk-SK\"},{\"@type\":[\"Organization\",\"Place\"],\"@id\":\"https:\/\/testwebsite.upevents.nl\/#organization\",\"name\":\"City Game\",\"alternateName\":\"citygame.com\",\"url\":\"https:\/\/testwebsite.upevents.nl\/\",\"logo\":{\"@id\":\"https:\/\/testwebsite.citygame.com\/sk\/games\/gorinchem\/secrets-of-gorinchem\/#local-main-organization-logo\"},\"image\":{\"@id\":\"https:\/\/testwebsite.citygame.com\/sk\/games\/gorinchem\/secrets-of-gorinchem\/#local-main-organization-logo\"},\"sameAs\":[\"https:\/\/www.facebook.com\/profile.php?id=100086426226253\",\"https:\/\/www.instagram.com\/citygame_com\",\"https:\/\/www.tiktok.com\/@citygamecom\/\",\"https:\/\/www.linkedin.com\/company\/citygame-com\"],\"description\":\"Turn any city into a playground with our interactive City Games and self-guided tours. Fun, flexible, and ideal for groups and team building.\",\"telephone\":[],\"openingHoursSpecification\":[{\"@type\":\"OpeningHoursSpecification\",\"dayOfWeek\":[\"Monday\",\"Tuesday\",\"Wednesday\",\"Thursday\",\"Friday\",\"Saturday\",\"Sunday\"],\"opens\":\"09:00\",\"closes\":\"17:00\"}]},{\"@type\":\"ImageObject\",\"inLanguage\":\"sk-SK\",\"@id\":\"https:\/\/testwebsite.citygame.com\/sk\/games\/gorinchem\/secrets-of-gorinchem\/#local-main-organization-logo\",\"url\":\"https:\/\/testwebsite.citygame.com\/wp-content\/blogs.dir\/1\/files\/sites\/62\/2025\/10\/CG_LOGO-City-Game.png\",\"contentUrl\":\"https:\/\/testwebsite.citygame.com\/wp-content\/blogs.dir\/1\/files\/sites\/62\/2025\/10\/CG_LOGO-City-Game.png\",\"width\":351,\"height\":377,\"caption\":\"City Game\"}]}<\/script>\n<!-- \/ Yoast SEO Premium plugin. -->","yoast_head_json":{"title":"Secrets of Gorinchem - City Game","description":"Secrets of Gorinchem. Zahrajte si samoriaden\u00fa mestsk\u00fa hru a objavujte mesto prostredn\u00edctvom hlavolamov, h\u00e1daniek a v\u00fdziev. Hrajte vlastn\u00fdm tempom a objavujte ako miestny!","robots":{"index":"noindex","follow":"follow","max-snippet":"max-snippet:-1","max-image-preview":"max-image-preview:large","max-video-preview":"max-video-preview:-1"},"og_locale":"sk_SK","og_type":"article","og_title":"Secrets of Gorinchem","og_description":"Secrets of Gorinchem. Zahrajte si samoriaden\u00fa mestsk\u00fa hru a objavujte mesto prostredn\u00edctvom hlavolamov, h\u00e1daniek a v\u00fdziev. Hrajte vlastn\u00fdm tempom a objavujte ako miestny!","og_url":"https:\/\/testwebsite.citygame.com\/sk\/games\/gorinchem\/secrets-of-gorinchem\/","og_site_name":"City Game","article_publisher":"https:\/\/www.facebook.com\/profile.php?id=100086426226253","article_modified_time":"2026-04-09T09:35:10+00:00","og_image":[{"width":1024,"height":1024,"url":"https:\/\/testwebsite.citygame.com\/wp-content\/blogs.dir\/1\/files\/sites\/62\/2026\/03\/woman-playing-city-game-gorinchem-fortifications-icarus-sculpture.jpg","type":"image\/jpeg"}],"twitter_card":"summary_large_image","twitter_misc":{"Predpokladan\u00fd \u010das \u010d\u00edtania":"1 min\u00fata"},"schema":{"@context":"https:\/\/schema.org","@graph":[{"@type":"WebPage","@id":"https:\/\/testwebsite.citygame.com\/sk\/games\/gorinchem\/secrets-of-gorinchem\/","url":"https:\/\/testwebsite.citygame.com\/sk\/games\/gorinchem\/secrets-of-gorinchem\/","name":"Secrets of Gorinchem - City Game","isPartOf":{"@id":"https:\/\/testwebsite.upevents.nl\/#website"},"primaryImageOfPage":{"@id":"https:\/\/testwebsite.citygame.com\/sk\/games\/gorinchem\/secrets-of-gorinchem\/#primaryimage"},"image":{"@id":"https:\/\/testwebsite.citygame.com\/sk\/games\/gorinchem\/secrets-of-gorinchem\/#primaryimage"},"thumbnailUrl":"https:\/\/testwebsite.citygame.com\/wp-content\/blogs.dir\/1\/files\/sites\/62\/2026\/03\/woman-playing-city-game-gorinchem-fortifications-icarus-sculpture.jpg","datePublished":"2026-03-16T09:02:21+00:00","dateModified":"2026-04-09T09:35:10+00:00","description":"Secrets of Gorinchem. Zahrajte si samoriaden\u00fa mestsk\u00fa hru a objavujte mesto prostredn\u00edctvom hlavolamov, h\u00e1daniek a v\u00fdziev. Hrajte vlastn\u00fdm tempom a objavujte ako miestny!","breadcrumb":{"@id":"https:\/\/testwebsite.citygame.com\/sk\/games\/gorinchem\/secrets-of-gorinchem\/#breadcrumb"},"inLanguage":"sk-SK","potentialAction":[{"@type":"ReadAction","target":["https:\/\/testwebsite.citygame.com\/sk\/games\/gorinchem\/secrets-of-gorinchem\/"]}]},{"@type":"ImageObject","inLanguage":"sk-SK","@id":"https:\/\/testwebsite.citygame.com\/sk\/games\/gorinchem\/secrets-of-gorinchem\/#primaryimage","url":"https:\/\/testwebsite.citygame.com\/wp-content\/blogs.dir\/1\/files\/sites\/62\/2026\/03\/woman-playing-city-game-gorinchem-fortifications-icarus-sculpture.jpg","contentUrl":"https:\/\/testwebsite.citygame.com\/wp-content\/blogs.dir\/1\/files\/sites\/62\/2026\/03\/woman-playing-city-game-gorinchem-fortifications-icarus-sculpture.jpg","width":1024,"height":1024,"caption":"A woman explores the historic fortifications of Gorinchem while playing an interactive game on her smartphone."},{"@type":"BreadcrumbList","@id":"https:\/\/testwebsite.citygame.com\/sk\/games\/gorinchem\/secrets-of-gorinchem\/#breadcrumb","itemListElement":[{"@type":"ListItem","position":1,"name":"Home","item":"https:\/\/testwebsite.citygame.com\/sk\/"},{"@type":"ListItem","position":2,"name":"Shop","item":"https:\/\/testwebsite.citygame.com\/shop\/"},{"@type":"ListItem","position":3,"name":"Secrets of Gorinchem"}]},{"@type":"WebSite","@id":"https:\/\/testwebsite.upevents.nl\/#website","url":"https:\/\/testwebsite.upevents.nl\/","name":"City Game","description":"","publisher":{"@id":"https:\/\/testwebsite.upevents.nl\/#organization"},"alternateName":"citygame.com","potentialAction":[{"@type":"SearchAction","target":{"@type":"EntryPoint","urlTemplate":"https:\/\/testwebsite.upevents.nl\/?s={search_term_string}"},"query-input":{"@type":"PropertyValueSpecification","valueRequired":true,"valueName":"search_term_string"}}],"inLanguage":"sk-SK"},{"@type":["Organization","Place"],"@id":"https:\/\/testwebsite.upevents.nl\/#organization","name":"City Game","alternateName":"citygame.com","url":"https:\/\/testwebsite.upevents.nl\/","logo":{"@id":"https:\/\/testwebsite.citygame.com\/sk\/games\/gorinchem\/secrets-of-gorinchem\/#local-main-organization-logo"},"image":{"@id":"https:\/\/testwebsite.citygame.com\/sk\/games\/gorinchem\/secrets-of-gorinchem\/#local-main-organization-logo"},"sameAs":["https:\/\/www.facebook.com\/profile.php?id=100086426226253","https:\/\/www.instagram.com\/citygame_com","https:\/\/www.tiktok.com\/@citygamecom\/","https:\/\/www.linkedin.com\/company\/citygame-com"],"description":"Turn any city into a playground with our interactive City Games and self-guided tours. Fun, flexible, and ideal for groups and team building.","telephone":[],"openingHoursSpecification":[{"@type":"OpeningHoursSpecification","dayOfWeek":["Monday","Tuesday","Wednesday","Thursday","Friday","Saturday","Sunday"],"opens":"09:00","closes":"17:00"}]},{"@type":"ImageObject","inLanguage":"sk-SK","@id":"https:\/\/testwebsite.citygame.com\/sk\/games\/gorinchem\/secrets-of-gorinchem\/#local-main-organization-logo","url":"https:\/\/testwebsite.citygame.com\/wp-content\/blogs.dir\/1\/files\/sites\/62\/2025\/10\/CG_LOGO-City-Game.png","contentUrl":"https:\/\/testwebsite.citygame.com\/wp-content\/blogs.dir\/1\/files\/sites\/62\/2025\/10\/CG_LOGO-City-Game.png","width":351,"height":377,"caption":"City Game"}]}},"taxonomy_info":{"game-concept":[{"value":727,"label":"Secrets"}],"location":[{"value":180,"label":"Gorinchem"}],"product_cat":[{"value":27,"label":"Geen categorie"}]},"featured_image_src_large":["https:\/\/testwebsite.citygame.com\/wp-content\/blogs.dir\/1\/files\/sites\/62\/2026\/03\/woman-playing-city-game-gorinchem-fortifications-icarus-sculpture.jpg",1024,1024,false],"author_info":[],"comment_info":"","_links":{"self":[{"href":"https:\/\/testwebsite.citygame.com\/sk\/wp-json\/wp\/v2\/product\/67685","targetHints":{"allow":["GET"]}}],"collection":[{"href":"https:\/\/testwebsite.citygame.com\/sk\/wp-json\/wp\/v2\/product"}],"about":[{"href":"https:\/\/testwebsite.citygame.com\/sk\/wp-json\/wp\/v2\/types\/product"}],"acf:post":[{"embeddable":true,"href":"https:\/\/testwebsite.citygame.com\/sk\/wp-json\/wp\/v2\/pages\/13447"}],"wp:featuredmedia":[{"embeddable":true,"href":"https:\/\/testwebsite.citygame.com\/sk\/wp-json\/wp\/v2\/media\/18985"}],"wp:attachment":[{"href":"https:\/\/testwebsite.citygame.com\/sk\/wp-json\/wp\/v2\/media?parent=67685"}],"wp:term":[{"taxonomy":"game-concept","embeddable":true,"href":"https:\/\/testwebsite.citygame.com\/sk\/wp-json\/wp\/v2\/game-concept?post=67685"},{"taxonomy":"location","embeddable":true,"href":"https:\/\/testwebsite.citygame.com\/sk\/wp-json\/wp\/v2\/location?post=67685"},{"taxonomy":"product_brand","embeddable":true,"href":"https:\/\/testwebsite.citygame.com\/sk\/wp-json\/wp\/v2\/product_brand?post=67685"},{"taxonomy":"product_cat","embeddable":true,"href":"https:\/\/testwebsite.citygame.com\/sk\/wp-json\/wp\/v2\/product_cat?post=67685"},{"taxonomy":"product_tag","embeddable":true,"href":"https:\/\/testwebsite.citygame.com\/sk\/wp-json\/wp\/v2\/product_tag?post=67685"}],"curies":[{"name":"wp","href":"https:\/\/api.w.org\/{rel}","templated":true}]}}