{"id":67477,"date":"2026-03-13T13:48:22","date_gmt":"2026-03-13T13:48:22","guid":{"rendered":"https:\/\/testwebsite.citygame.com\/games\/unknown-location\/secrets-of-glasgow\/"},"modified":"2026-04-09T09:09:12","modified_gmt":"2026-04-09T09:09:12","slug":"secrets-of-glasgow","status":"publish","type":"product","link":"https:\/\/testwebsite.citygame.com\/sk\/games\/glasgow\/secrets-of-glasgow\/","title":{"rendered":"Secrets of Glasgow"},"content":{"rendered":"<p>Ponorte sa do &#8220;Secrets of Glasgow&#8221; City Game, samoobslu\u017enej, GPS-zalo\u017eenej prieskumnej hry, ktor\u00e1 sa odohr\u00e1va v centre mesta Glasgow. Pomocou v\u00e1\u0161ho smartf\u00f3nu sa budete pohybova\u0165 mestskou krajinou rie\u0161en\u00edm p\u00fatav\u00fdch h\u00e1daniek, hlavolamov a fotografick\u00fdch v\u00fdziev. Po\u010das hry objav\u00edte fascinuj\u00face detaily o hist\u00f3rii a kult\u00fare mesta, odha\u013euj\u00fac skryt\u00e9 pr\u00edbehy za t\u00fdmto pulzuj\u00facim \u0161k\u00f3tskym mestom. \u010ci u\u017e ste miestny, ktor\u00fd h\u013ead\u00e1 jedine\u010dn\u00fd de\u0148 vonku, alebo n\u00e1v\u0161tevn\u00edk d\u00fafaj\u00faci, \u017ee sa dostane pod ko\u017eu mesta, t\u00e1to hra je vynikaj\u00faca pre v\u0161etk\u00fdch. &#8220;Secrets of Glasgow&#8221; City Game tie\u017e vyhovuje r\u00f4znym \u00fa\u010dastn\u00edkom \u2013 od samostatn\u00fdch hr\u00e1\u010dov po p\u00e1ry, rodiny alebo skupiny priate\u013eov, poskytuj\u00fac p\u00fatav\u00fd a informat\u00edvny z\u00e1\u017eitok pre ka\u017ed\u00e9ho.<\/p>\n","protected":false},"excerpt":{"rendered":"<p>Ponorte sa do \u0161armu Glasgow! Odha\u013ete metropolu, kde sa predstavivos\u0165 preplet\u00e1 starobyl\u00fdmi uli\u010dkami a \u0161epot hist\u00f3rie sa oz\u00fdva z opusten\u00fdch dokov do dynamick\u00fdch n\u00e1mest\u00ed. Rozl\u00fa\u0161tite p\u00fatav\u00e9 h\u00e1danky, k\u00fdm prech\u00e1dzate jej pulzuj\u00facim \u017eivotom; Glasgow prekypuje ne\u010dakan\u00fdmi p\u00f4\u017eitkami na ka\u017edom rohu!<\/p>\n","protected":false},"featured_media":18644,"template":"","meta":{"_acf_changed":false,"_yoast_wpseo_focuskw":"Secrets of Glasgow","_yoast_wpseo_metadesc":"Secrets of Glasgow. Zahrajte si samoobslu\u017en\u00fa mestsk\u00fa hru a objavujte mesto prostredn\u00edctvom h\u00e1daniek, hlavolamov a v\u00fdziev. Hrajte vlastn\u00fdm tempom a objavujte ako miestny!","_kad_blocks_custom_css":"","_kad_blocks_head_custom_js":"","_kad_blocks_body_custom_js":"","_kad_blocks_footer_custom_js":"","ghostkit_customizer_options":"","ghostkit_custom_css":"","ghostkit_custom_js_head":"","ghostkit_custom_js_foot":"","ghostkit_typography":"","_kad_post_transparent":"","_kad_post_title":"","_kad_post_layout":"","_kad_post_sidebar_id":"","_kad_post_content_style":"","_kad_post_vertical_padding":"","_kad_post_feature":"","_kad_post_feature_position":"","_kad_post_header":false,"_kad_post_footer":false,"_kad_post_classname":"","_links_to":"","_links_to_target":""},"game-concept":[727],"location":[178],"product_brand":[],"product_cat":[27],"product_tag":[],"class_list":{"0":"post-67477","1":"product","2":"type-product","3":"status-publish","4":"has-post-thumbnail","6":"game-concept-secrets","7":"location-glasgow","8":"product_cat-geen-categorie","10":"first","11":"instock","12":"shipping-taxable","13":"purchasable","14":"product-type-simple","15":"entry","16":"content-bg","17":"loop-entry"},"acf":{"full_bokun_product_name":"Self-Guided Secrets of Glasgow Exploration Game","location_name":"Glasgow","bokun_calendar_widget_code":"<script type=\"text\/javascript\" src=\"https:\/\/widgets.bokun.io\/assets\/javascripts\/apps\/build\/BokunWidgetsLoader.js?bookingChannelUUID=a1e93e96-5232-4734-a595-28405f4b5a31\" async><\/script>\n     \n    <div class=\"bokunWidget\" data-src=\"https:\/\/widgets.bokun.io\/online-sales\/a1e93e96-5232-4734-a595-28405f4b5a31\/experience-calendar\/948629\"><\/div>\n    <noscript>Please enable javascript in your browser to book<\/noscript>","bokun_button_widget_code":"<script type=\"text\/javascript\" src=\"https:\/\/widgets.bokun.io\/assets\/javascripts\/apps\/build\/BokunWidgetsLoader.js?bookingChannelUUID=a1e93e96-5232-4734-a595-28405f4b5a31\" async><\/script>\n      <style> #bokun_ed001e45_5927_4f62_b470_ca766338d083 { display: inline-block; padding: .4em 1em; background: #47b82e; border-radius: 999999px; box-shadow: none; font-weight: 600; font-size: 24px; text-decoration: none; text-align: center; color: #FFFFFF; border:none; cursor: pointer; transition: background .2s ease; } #bokun_ed001e45_5927_4f62_b470_ca766338d083:hover{ background: #2f7b1f; } #bokun_ed001e45_5927_4f62_b470_ca766338d083:active{ background: #378f24; } <\/style> <button class=\"bokunButton\" disabled id=bokun_ed001e45_5927_4f62_b470_ca766338d083 data-src=\"https:\/\/widgets.bokun.io\/online-sales\/a1e93e96-5232-4734-a595-28405f4b5a31\/experience-calendar\/948629?partialView=1\" data-testid=\"widget-book-button\" > Book now <\/button> ","what_you\u2019ll_experience_during_the_game":"Glasgow, mesto prekypuj\u00face kult\u00farou a hist\u00f3riou, na v\u00e1s \u010dak\u00e1 ako pozadie na\u0161ej inovat\u00edvnej City Game \u2014 integr\u00e1cie pohlcuj\u00faceho rozpr\u00e1vania pr\u00edbehov a prieskumn\u00fdch v\u00fdziev. Ke\u010f budete prech\u00e1dza\u0165 zn\u00e1mymi aj menej zn\u00e1mymi miestami po celom Glasgow, va\u0161a cesta bude obohaten\u00e1 o p\u00fatav\u00fd pr\u00edbeh a zauj\u00edmav\u00e9 \u00falohy. Ponorte sa do pr\u00edbehu prepojen\u00e9ho s podmanivou atmosf\u00e9rou George Square alebo sa nechajte unies\u0165 \u0161armom Kelvingrove Art Gallery and Museum. Prech\u00e1dzajte sa historick\u00fdmi ulicami Merchant City, zastavte sa v srdci Glasgow Green alebo sa stratte vo ve\u013ekoleposti West Endu. Ka\u017ed\u00e1 lokalita, ktor\u00fa nav\u0161t\u00edvite, v\u00e1s predstav\u00ed mestu z novej perspekt\u00edvy \u2014 je to prieskumn\u00e1 hra, ktor\u00e1 ma\u013euje Glasgow v svetle, ak\u00e9 ste e\u0161te nikdy nevideli.\n\nKe\u010f sa budete pohybova\u0165 mestom, hra v\u00e1s prevedie s\u00e9riou h\u00e1daniek, hlavolamov a kreat\u00edvnych fotografick\u00fdch v\u00fdziev, z ktor\u00fdch ka\u017ed\u00e1 je navrhnut\u00e1 tak, aby obohatila va\u0161e pochopenie Glasgow a z\u00e1rove\u0148 preverila va\u0161e schopnosti rie\u0161i\u0165 probl\u00e9my. Rie\u0161enie t\u00fdchto v\u00fdziev v\u00e1m umo\u017en\u00ed zbiera\u0165 body, odha\u013eova\u0165 stopy a pribl\u00ed\u017ei\u0165 sa k rozl\u00fa\u0161teniu z\u00e1vere\u010dnej z\u00e1hady hry. Hr\u00e1\u010di maj\u00fa mo\u017enos\u0165 kedyko\u013evek hru pozastavi\u0165; to znamen\u00e1, \u017ee m\u00f4\u017eete objavova\u0165 Glasgow vlastn\u00fdm tempom a pokra\u010dova\u0165 v hre, ke\u010f budete pripraven\u00ed na \u010fal\u0161ie dobrodru\u017estvo. Ak vo v\u00e1s s\u00fa\u0165a\u017eivos\u0165 prebud\u00ed nad\u0161enie, m\u00f4\u017eete sa vyzva\u0165 a zabezpe\u010di\u0165 si vysok\u00fa poz\u00edciu v rebr\u00ed\u010dku hry. Tak\u017ee sa pripravte na nezabudnute\u013en\u00fd z\u00e1\u017eitok, ke\u010f sa budete hra\u0165 cez Glasgow, objavova\u0165 jeho tajn\u00e9 z\u00e1kutia a jeho n\u00e1dheru naraz.","how_to_play":"Rezervujte si Exploration Game, skontrolujte e-mail, ktor\u00fd v\u00e1m po\u0161leme s jednoduch\u00fdmi in\u0161trukciami, stiahnite si Loquiz App, otvorte Exploration Game a ste pripraven\u00ed za\u010da\u0165 v\u00e1\u0161 hern\u00fd z\u00e1\u017eitok!","start_location":"Glasgow, Mitchell St","available_languages":["en"],"players_per_group":"1-4","duration":"1.5-2 hours","image_overlay_color_image":"https:\/\/testwebsite.citygame.com\/wp-content\/blogs.dir\/1\/files\/sites\/62\/2026\/01\/SecretsColor.svg","image_overlay_game_logo":"https:\/\/testwebsite.citygame.com\/wp-content\/blogs.dir\/1\/files\/sites\/62\/2026\/01\/SecretsLogo.png","city_page":15391,"woocommerce_general_content":null},"yoast_head":"<!-- This site is optimized with the Yoast SEO Premium plugin v26.2 (Yoast SEO v26.3) - https:\/\/yoast.com\/wordpress\/plugins\/seo\/ -->\n<title>Secrets of Glasgow - City Game<\/title>\n<meta name=\"description\" content=\"Secrets of Glasgow. Zahrajte si samoobslu\u017en\u00fa mestsk\u00fa hru a objavujte mesto prostredn\u00edctvom h\u00e1daniek, hlavolamov a v\u00fdziev. Hrajte vlastn\u00fdm tempom a objavujte ako miestny!\" \/>\n<meta name=\"robots\" content=\"noindex, follow, max-snippet:-1, max-image-preview:large, max-video-preview:-1\" \/>\n<meta property=\"og:locale\" content=\"sk_SK\" \/>\n<meta property=\"og:type\" content=\"article\" \/>\n<meta property=\"og:title\" content=\"Secrets of Glasgow\" \/>\n<meta property=\"og:description\" content=\"Secrets of Glasgow. Zahrajte si samoobslu\u017en\u00fa mestsk\u00fa hru a objavujte mesto prostredn\u00edctvom h\u00e1daniek, hlavolamov a v\u00fdziev. Hrajte vlastn\u00fdm tempom a objavujte ako miestny!\" \/>\n<meta property=\"og:url\" content=\"https:\/\/testwebsite.citygame.com\/sk\/games\/glasgow\/secrets-of-glasgow\/\" \/>\n<meta property=\"og:site_name\" content=\"City Game\" \/>\n<meta property=\"article:publisher\" content=\"https:\/\/www.facebook.com\/profile.php?id=100086426226253\" \/>\n<meta property=\"article:modified_time\" content=\"2026-04-09T09:09:12+00:00\" \/>\n<meta property=\"og:image\" content=\"https:\/\/testwebsite.citygame.com\/wp-content\/blogs.dir\/1\/files\/sites\/62\/2026\/03\/glasgow-howard-street-secrets-of-gameplay.jpg\" \/>\n\t<meta property=\"og:image:width\" content=\"1024\" \/>\n\t<meta property=\"og:image:height\" content=\"1024\" \/>\n\t<meta property=\"og:image:type\" content=\"image\/jpeg\" \/>\n<meta name=\"twitter:card\" content=\"summary_large_image\" \/>\n<meta name=\"twitter:label1\" content=\"Predpokladan\u00fd \u010das \u010d\u00edtania\" \/>\n\t<meta name=\"twitter:data1\" content=\"1 min\u00fata\" \/>\n<script type=\"application\/ld+json\" class=\"yoast-schema-graph\">{\"@context\":\"https:\/\/schema.org\",\"@graph\":[{\"@type\":\"WebPage\",\"@id\":\"https:\/\/testwebsite.citygame.com\/sk\/games\/glasgow\/secrets-of-glasgow\/\",\"url\":\"https:\/\/testwebsite.citygame.com\/sk\/games\/glasgow\/secrets-of-glasgow\/\",\"name\":\"Secrets of Glasgow - City Game\",\"isPartOf\":{\"@id\":\"https:\/\/testwebsite.upevents.nl\/#website\"},\"primaryImageOfPage\":{\"@id\":\"https:\/\/testwebsite.citygame.com\/sk\/games\/glasgow\/secrets-of-glasgow\/#primaryimage\"},\"image\":{\"@id\":\"https:\/\/testwebsite.citygame.com\/sk\/games\/glasgow\/secrets-of-glasgow\/#primaryimage\"},\"thumbnailUrl\":\"https:\/\/testwebsite.citygame.com\/wp-content\/blogs.dir\/1\/files\/sites\/62\/2026\/03\/glasgow-howard-street-secrets-of-gameplay.jpg\",\"datePublished\":\"2026-03-13T13:48:22+00:00\",\"dateModified\":\"2026-04-09T09:09:12+00:00\",\"description\":\"Secrets of Glasgow. Zahrajte si samoobslu\u017en\u00fa mestsk\u00fa hru a objavujte mesto prostredn\u00edctvom h\u00e1daniek, hlavolamov a v\u00fdziev. Hrajte vlastn\u00fdm tempom a objavujte ako miestny!\",\"breadcrumb\":{\"@id\":\"https:\/\/testwebsite.citygame.com\/sk\/games\/glasgow\/secrets-of-glasgow\/#breadcrumb\"},\"inLanguage\":\"sk-SK\",\"potentialAction\":[{\"@type\":\"ReadAction\",\"target\":[\"https:\/\/testwebsite.citygame.com\/sk\/games\/glasgow\/secrets-of-glasgow\/\"]}]},{\"@type\":\"ImageObject\",\"inLanguage\":\"sk-SK\",\"@id\":\"https:\/\/testwebsite.citygame.com\/sk\/games\/glasgow\/secrets-of-glasgow\/#primaryimage\",\"url\":\"https:\/\/testwebsite.citygame.com\/wp-content\/blogs.dir\/1\/files\/sites\/62\/2026\/03\/glasgow-howard-street-secrets-of-gameplay.jpg\",\"contentUrl\":\"https:\/\/testwebsite.citygame.com\/wp-content\/blogs.dir\/1\/files\/sites\/62\/2026\/03\/glasgow-howard-street-secrets-of-gameplay.jpg\",\"width\":1024,\"height\":1024,\"caption\":\"A player uses her smartphone to explore the city streets of Glasgow, Scotland.\"},{\"@type\":\"BreadcrumbList\",\"@id\":\"https:\/\/testwebsite.citygame.com\/sk\/games\/glasgow\/secrets-of-glasgow\/#breadcrumb\",\"itemListElement\":[{\"@type\":\"ListItem\",\"position\":1,\"name\":\"Home\",\"item\":\"https:\/\/testwebsite.citygame.com\/sk\/\"},{\"@type\":\"ListItem\",\"position\":2,\"name\":\"Shop\",\"item\":\"https:\/\/testwebsite.citygame.com\/shop\/\"},{\"@type\":\"ListItem\",\"position\":3,\"name\":\"Secrets of Glasgow\"}]},{\"@type\":\"WebSite\",\"@id\":\"https:\/\/testwebsite.upevents.nl\/#website\",\"url\":\"https:\/\/testwebsite.upevents.nl\/\",\"name\":\"City Game\",\"description\":\"\",\"publisher\":{\"@id\":\"https:\/\/testwebsite.upevents.nl\/#organization\"},\"alternateName\":\"citygame.com\",\"potentialAction\":[{\"@type\":\"SearchAction\",\"target\":{\"@type\":\"EntryPoint\",\"urlTemplate\":\"https:\/\/testwebsite.upevents.nl\/?s={search_term_string}\"},\"query-input\":{\"@type\":\"PropertyValueSpecification\",\"valueRequired\":true,\"valueName\":\"search_term_string\"}}],\"inLanguage\":\"sk-SK\"},{\"@type\":[\"Organization\",\"Place\"],\"@id\":\"https:\/\/testwebsite.upevents.nl\/#organization\",\"name\":\"City Game\",\"alternateName\":\"citygame.com\",\"url\":\"https:\/\/testwebsite.upevents.nl\/\",\"logo\":{\"@id\":\"https:\/\/testwebsite.citygame.com\/sk\/games\/glasgow\/secrets-of-glasgow\/#local-main-organization-logo\"},\"image\":{\"@id\":\"https:\/\/testwebsite.citygame.com\/sk\/games\/glasgow\/secrets-of-glasgow\/#local-main-organization-logo\"},\"sameAs\":[\"https:\/\/www.facebook.com\/profile.php?id=100086426226253\",\"https:\/\/www.instagram.com\/citygame_com\",\"https:\/\/www.tiktok.com\/@citygamecom\/\",\"https:\/\/www.linkedin.com\/company\/citygame-com\"],\"description\":\"Turn any city into a playground with our interactive City Games and self-guided tours. Fun, flexible, and ideal for groups and team building.\",\"telephone\":[],\"openingHoursSpecification\":[{\"@type\":\"OpeningHoursSpecification\",\"dayOfWeek\":[\"Monday\",\"Tuesday\",\"Wednesday\",\"Thursday\",\"Friday\",\"Saturday\",\"Sunday\"],\"opens\":\"09:00\",\"closes\":\"17:00\"}]},{\"@type\":\"ImageObject\",\"inLanguage\":\"sk-SK\",\"@id\":\"https:\/\/testwebsite.citygame.com\/sk\/games\/glasgow\/secrets-of-glasgow\/#local-main-organization-logo\",\"url\":\"https:\/\/testwebsite.citygame.com\/wp-content\/blogs.dir\/1\/files\/sites\/62\/2025\/10\/CG_LOGO-City-Game.png\",\"contentUrl\":\"https:\/\/testwebsite.citygame.com\/wp-content\/blogs.dir\/1\/files\/sites\/62\/2025\/10\/CG_LOGO-City-Game.png\",\"width\":351,\"height\":377,\"caption\":\"City Game\"}]}<\/script>\n<!-- \/ Yoast SEO Premium plugin. -->","yoast_head_json":{"title":"Secrets of Glasgow - City Game","description":"Secrets of Glasgow. Zahrajte si samoobslu\u017en\u00fa mestsk\u00fa hru a objavujte mesto prostredn\u00edctvom h\u00e1daniek, hlavolamov a v\u00fdziev. Hrajte vlastn\u00fdm tempom a objavujte ako miestny!","robots":{"index":"noindex","follow":"follow","max-snippet":"max-snippet:-1","max-image-preview":"max-image-preview:large","max-video-preview":"max-video-preview:-1"},"og_locale":"sk_SK","og_type":"article","og_title":"Secrets of Glasgow","og_description":"Secrets of Glasgow. Zahrajte si samoobslu\u017en\u00fa mestsk\u00fa hru a objavujte mesto prostredn\u00edctvom h\u00e1daniek, hlavolamov a v\u00fdziev. Hrajte vlastn\u00fdm tempom a objavujte ako miestny!","og_url":"https:\/\/testwebsite.citygame.com\/sk\/games\/glasgow\/secrets-of-glasgow\/","og_site_name":"City Game","article_publisher":"https:\/\/www.facebook.com\/profile.php?id=100086426226253","article_modified_time":"2026-04-09T09:09:12+00:00","og_image":[{"width":1024,"height":1024,"url":"https:\/\/testwebsite.citygame.com\/wp-content\/blogs.dir\/1\/files\/sites\/62\/2026\/03\/glasgow-howard-street-secrets-of-gameplay.jpg","type":"image\/jpeg"}],"twitter_card":"summary_large_image","twitter_misc":{"Predpokladan\u00fd \u010das \u010d\u00edtania":"1 min\u00fata"},"schema":{"@context":"https:\/\/schema.org","@graph":[{"@type":"WebPage","@id":"https:\/\/testwebsite.citygame.com\/sk\/games\/glasgow\/secrets-of-glasgow\/","url":"https:\/\/testwebsite.citygame.com\/sk\/games\/glasgow\/secrets-of-glasgow\/","name":"Secrets of Glasgow - City Game","isPartOf":{"@id":"https:\/\/testwebsite.upevents.nl\/#website"},"primaryImageOfPage":{"@id":"https:\/\/testwebsite.citygame.com\/sk\/games\/glasgow\/secrets-of-glasgow\/#primaryimage"},"image":{"@id":"https:\/\/testwebsite.citygame.com\/sk\/games\/glasgow\/secrets-of-glasgow\/#primaryimage"},"thumbnailUrl":"https:\/\/testwebsite.citygame.com\/wp-content\/blogs.dir\/1\/files\/sites\/62\/2026\/03\/glasgow-howard-street-secrets-of-gameplay.jpg","datePublished":"2026-03-13T13:48:22+00:00","dateModified":"2026-04-09T09:09:12+00:00","description":"Secrets of Glasgow. Zahrajte si samoobslu\u017en\u00fa mestsk\u00fa hru a objavujte mesto prostredn\u00edctvom h\u00e1daniek, hlavolamov a v\u00fdziev. Hrajte vlastn\u00fdm tempom a objavujte ako miestny!","breadcrumb":{"@id":"https:\/\/testwebsite.citygame.com\/sk\/games\/glasgow\/secrets-of-glasgow\/#breadcrumb"},"inLanguage":"sk-SK","potentialAction":[{"@type":"ReadAction","target":["https:\/\/testwebsite.citygame.com\/sk\/games\/glasgow\/secrets-of-glasgow\/"]}]},{"@type":"ImageObject","inLanguage":"sk-SK","@id":"https:\/\/testwebsite.citygame.com\/sk\/games\/glasgow\/secrets-of-glasgow\/#primaryimage","url":"https:\/\/testwebsite.citygame.com\/wp-content\/blogs.dir\/1\/files\/sites\/62\/2026\/03\/glasgow-howard-street-secrets-of-gameplay.jpg","contentUrl":"https:\/\/testwebsite.citygame.com\/wp-content\/blogs.dir\/1\/files\/sites\/62\/2026\/03\/glasgow-howard-street-secrets-of-gameplay.jpg","width":1024,"height":1024,"caption":"A player uses her smartphone to explore the city streets of Glasgow, Scotland."},{"@type":"BreadcrumbList","@id":"https:\/\/testwebsite.citygame.com\/sk\/games\/glasgow\/secrets-of-glasgow\/#breadcrumb","itemListElement":[{"@type":"ListItem","position":1,"name":"Home","item":"https:\/\/testwebsite.citygame.com\/sk\/"},{"@type":"ListItem","position":2,"name":"Shop","item":"https:\/\/testwebsite.citygame.com\/shop\/"},{"@type":"ListItem","position":3,"name":"Secrets of Glasgow"}]},{"@type":"WebSite","@id":"https:\/\/testwebsite.upevents.nl\/#website","url":"https:\/\/testwebsite.upevents.nl\/","name":"City Game","description":"","publisher":{"@id":"https:\/\/testwebsite.upevents.nl\/#organization"},"alternateName":"citygame.com","potentialAction":[{"@type":"SearchAction","target":{"@type":"EntryPoint","urlTemplate":"https:\/\/testwebsite.upevents.nl\/?s={search_term_string}"},"query-input":{"@type":"PropertyValueSpecification","valueRequired":true,"valueName":"search_term_string"}}],"inLanguage":"sk-SK"},{"@type":["Organization","Place"],"@id":"https:\/\/testwebsite.upevents.nl\/#organization","name":"City Game","alternateName":"citygame.com","url":"https:\/\/testwebsite.upevents.nl\/","logo":{"@id":"https:\/\/testwebsite.citygame.com\/sk\/games\/glasgow\/secrets-of-glasgow\/#local-main-organization-logo"},"image":{"@id":"https:\/\/testwebsite.citygame.com\/sk\/games\/glasgow\/secrets-of-glasgow\/#local-main-organization-logo"},"sameAs":["https:\/\/www.facebook.com\/profile.php?id=100086426226253","https:\/\/www.instagram.com\/citygame_com","https:\/\/www.tiktok.com\/@citygamecom\/","https:\/\/www.linkedin.com\/company\/citygame-com"],"description":"Turn any city into a playground with our interactive City Games and self-guided tours. Fun, flexible, and ideal for groups and team building.","telephone":[],"openingHoursSpecification":[{"@type":"OpeningHoursSpecification","dayOfWeek":["Monday","Tuesday","Wednesday","Thursday","Friday","Saturday","Sunday"],"opens":"09:00","closes":"17:00"}]},{"@type":"ImageObject","inLanguage":"sk-SK","@id":"https:\/\/testwebsite.citygame.com\/sk\/games\/glasgow\/secrets-of-glasgow\/#local-main-organization-logo","url":"https:\/\/testwebsite.citygame.com\/wp-content\/blogs.dir\/1\/files\/sites\/62\/2025\/10\/CG_LOGO-City-Game.png","contentUrl":"https:\/\/testwebsite.citygame.com\/wp-content\/blogs.dir\/1\/files\/sites\/62\/2025\/10\/CG_LOGO-City-Game.png","width":351,"height":377,"caption":"City Game"}]}},"taxonomy_info":{"game-concept":[{"value":727,"label":"Secrets"}],"location":[{"value":178,"label":"Glasgow"}],"product_cat":[{"value":27,"label":"Geen categorie"}]},"featured_image_src_large":["https:\/\/testwebsite.citygame.com\/wp-content\/blogs.dir\/1\/files\/sites\/62\/2026\/03\/glasgow-howard-street-secrets-of-gameplay.jpg",1024,1024,false],"author_info":[],"comment_info":"","_links":{"self":[{"href":"https:\/\/testwebsite.citygame.com\/sk\/wp-json\/wp\/v2\/product\/67477","targetHints":{"allow":["GET"]}}],"collection":[{"href":"https:\/\/testwebsite.citygame.com\/sk\/wp-json\/wp\/v2\/product"}],"about":[{"href":"https:\/\/testwebsite.citygame.com\/sk\/wp-json\/wp\/v2\/types\/product"}],"acf:post":[{"embeddable":true,"href":"https:\/\/testwebsite.citygame.com\/sk\/wp-json\/wp\/v2\/pages\/15391"}],"wp:featuredmedia":[{"embeddable":true,"href":"https:\/\/testwebsite.citygame.com\/sk\/wp-json\/wp\/v2\/media\/18644"}],"wp:attachment":[{"href":"https:\/\/testwebsite.citygame.com\/sk\/wp-json\/wp\/v2\/media?parent=67477"}],"wp:term":[{"taxonomy":"game-concept","embeddable":true,"href":"https:\/\/testwebsite.citygame.com\/sk\/wp-json\/wp\/v2\/game-concept?post=67477"},{"taxonomy":"location","embeddable":true,"href":"https:\/\/testwebsite.citygame.com\/sk\/wp-json\/wp\/v2\/location?post=67477"},{"taxonomy":"product_brand","embeddable":true,"href":"https:\/\/testwebsite.citygame.com\/sk\/wp-json\/wp\/v2\/product_brand?post=67477"},{"taxonomy":"product_cat","embeddable":true,"href":"https:\/\/testwebsite.citygame.com\/sk\/wp-json\/wp\/v2\/product_cat?post=67477"},{"taxonomy":"product_tag","embeddable":true,"href":"https:\/\/testwebsite.citygame.com\/sk\/wp-json\/wp\/v2\/product_tag?post=67477"}],"curies":[{"name":"wp","href":"https:\/\/api.w.org\/{rel}","templated":true}]}}