{"id":67409,"date":"2026-02-19T14:55:20","date_gmt":"2026-02-19T14:55:20","guid":{"rendered":"https:\/\/testwebsite.citygame.com\/games\/unknown-location\/sherlock-holmes-klagenfurt\/"},"modified":"2026-04-09T08:59:34","modified_gmt":"2026-04-09T08:59:34","slug":"sherlock-holmes-klagenfurt","status":"publish","type":"product","link":"https:\/\/testwebsite.citygame.com\/sk\/games\/klagenfurt\/sherlock-holmes-klagenfurt\/","title":{"rendered":"Sherlock Holmes Klagenfurt"},"content":{"rendered":"<p>Vydajte sa na vzru\u0161uj\u00facu cestu historick\u00fdm centrom Klagenfurtu s hrou Sherlock Holmes City Game, samoobslu\u017en\u00fdm, pr\u00edbehov\u00fdm z\u00e1\u017eitkom s vra\u017eednou z\u00e1hadou. Pri prech\u00e1dzan\u00ed ulicami mesta sa stanete detekt\u00edvom, ktor\u00e9ho \u00falohou je vyrie\u0161i\u0165 mraziv\u00fa vra\u017edu, ktor\u00e1 sa odohrala po\u010das Festivalu slobody, pri\u010dom mesto sl\u00fa\u017ei ako va\u0161e podmaniv\u00e9 prostredie. T\u00e1to hra v\u00e1s prevedie mestom, sleduje rozv\u00edjaj\u00faci sa pr\u00edbeh, zbiera stopy, rie\u0161i h\u00e1danky a vypo\u010d\u00fava digit\u00e1lnych podozriv\u00fdch vlastn\u00fdm tempom \u2013 to v\u0161etko, aby ste vyrie\u0161ili zlovestn\u00fd zlo\u010din vo svete Sherlocka Holmesa.<\/p>\n","protected":false},"excerpt":{"rendered":"<p>V\u017eite sa do ko\u017ee svetozn\u00e1meho detekt\u00edva Sherlocka Holmesa a vydajte sa na samoobslu\u017en\u00fa z\u00e1hadu vra\u017edy v Klagenfurte. So svoj\u00edm t\u00edmom sledujte stopy, rie\u0161te z\u00e1hadn\u00e9 h\u00e1danky a odha\u013ete pravdu \u2013 va\u0161a cesta k spravodlivosti sa pr\u00e1ve za\u010dala!<\/p>\n","protected":false},"featured_media":14955,"template":"","meta":{"_acf_changed":false,"_yoast_wpseo_focuskw":"Sherlock Holmes Klagenfurt","_yoast_wpseo_metadesc":"Sherlock Holmes Klagenfurt. Hrajte samoobslu\u017en\u00fa z\u00e1hadu vra\u017edy City Game, rie\u0161te h\u00e1danky, sledujte stopy a odha\u013ete vraha vlastn\u00fdm tempom!","_kad_blocks_custom_css":"","_kad_blocks_head_custom_js":"","_kad_blocks_body_custom_js":"","_kad_blocks_footer_custom_js":"","ghostkit_customizer_options":"","ghostkit_custom_css":"","ghostkit_custom_js_head":"","ghostkit_custom_js_foot":"","ghostkit_typography":"","_kad_post_transparent":"","_kad_post_title":"","_kad_post_layout":"","_kad_post_sidebar_id":"","_kad_post_content_style":"","_kad_post_vertical_padding":"","_kad_post_feature":"","_kad_post_feature_position":"","_kad_post_header":false,"_kad_post_footer":false,"_kad_post_classname":"","_links_to":"","_links_to_target":""},"game-concept":[788],"location":[226],"product_brand":[],"product_cat":[27],"product_tag":[],"class_list":{"0":"post-67409","1":"product","2":"type-product","3":"status-publish","4":"has-post-thumbnail","6":"game-concept-sherlock","7":"location-klagenfurt","8":"product_cat-geen-categorie","10":"first","11":"instock","12":"shipping-taxable","13":"purchasable","14":"product-type-simple","15":"entry","16":"content-bg","17":"loop-entry"},"acf":{"full_bokun_product_name":"Klagenfurt Self-Guided Sherlock Holmes Murder Mystery Game","location_name":"Klagenfurt","bokun_calendar_widget_code":"<script type=\"text\/javascript\" src=\"https:\/\/widgets.bokun.io\/assets\/javascripts\/apps\/build\/BokunWidgetsLoader.js?bookingChannelUUID=a1e93e96-5232-4734-a595-28405f4b5a31\" async><\/script>\n     \n    <div class=\"bokunWidget\" data-src=\"https:\/\/widgets.bokun.io\/online-sales\/a1e93e96-5232-4734-a595-28405f4b5a31\/experience-calendar\/771879\"><\/div>\n    <noscript>Please enable javascript in your browser to book<\/noscript>","bokun_button_widget_code":"<script type=\"text\/javascript\" src=\"https:\/\/widgets.bokun.io\/assets\/javascripts\/apps\/build\/BokunWidgetsLoader.js?bookingChannelUUID=a1e93e96-5232-4734-a595-28405f4b5a31\" async><\/script>\n      <style> #bokun_ed001e45_5927_4f62_b470_ca766338d083 { display: inline-block; padding: .4em 1em; background: #47b82e; border-radius: 999999px; box-shadow: none; font-weight: 600; font-size: 24px; text-decoration: none; text-align: center; color: #FFFFFF; border:none; cursor: pointer; transition: background .2s ease; } #bokun_ed001e45_5927_4f62_b470_ca766338d083:hover{ background: #2f7b1f; } #bokun_ed001e45_5927_4f62_b470_ca766338d083:active{ background: #378f24; } <\/style> <button class=\"bokunButton\" disabled id=bokun_ed001e45_5927_4f62_b470_ca766338d083 data-src=\"https:\/\/widgets.bokun.io\/online-sales\/a1e93e96-5232-4734-a595-28405f4b5a31\/experience-calendar\/771879?partialView=1\" data-testid=\"widget-book-button\" > Book now <\/button> ","what_you\u2019ll_experience_during_the_game":"V hre Sherlock Holmes City Game sa ponor\u00edte hlboko do nap\u00ednav\u00e9ho detekt\u00edvneho pr\u00edbehu odohr\u00e1vaj\u00faceho sa v srdci Klagenfurtu. Pri prech\u00e1dzan\u00ed mestom sa rozvinie nap\u00ednav\u00fd pr\u00edbeh, ktor\u00fd v\u00e1s povedie k objavovaniu z\u00e1hadn\u00fdch st\u00f4p, rie\u0161eniu n\u00e1ro\u010dn\u00fdch h\u00e1daniek a stret\u00e1vaniu sa s ne\u010dakan\u00fdmi zvratmi vo va\u0161om vy\u0161etrovan\u00ed. Predstavte si, \u017ee vypo\u010d\u00favate digit\u00e1lnych podozriv\u00fdch, starostlivo analyzujete ich alibi alebo rozpory, aby ste vyp\u00e1trali ich mo\u017en\u00fa s\u00favislos\u0165 s tajomnou vra\u017edou po\u010das Festivalu slobody.\n\nT\u00e1to hra je viac ne\u017e len jednoduch\u00e1 \u00faloha \u2013 je to plne pr\u00edbehov\u00fd z\u00e1\u017eitok, ktor\u00fd stimuluje va\u0161e kritick\u00e9 myslenie, pozorovacie schopnosti a deduk\u010dn\u00e9 uva\u017eovanie. Ako by to urobil s\u00e1m Sherlock Holmes, budete sa sna\u017ei\u0165 odhali\u0165 pravdu skryt\u00fa pod povrchom bez toho, aby ste prezradili kone\u010dn\u00e9 odhalenie. Hra v\u00e1m umo\u017e\u0148uje prevzia\u0165 pln\u00fa kontrolu nad va\u0161\u00edm vy\u0161etrovan\u00edm, \u010do v\u00e1m umo\u017en\u00ed hra\u0165 vlastn\u00fdm tempom, pozastavi\u0165 a pokra\u010dova\u0165 kedyko\u013evek budete chcie\u0165. Hoci existuje s\u00fa\u0165a\u017en\u00e1 str\u00e1nka pre t\u00edmy, hlavn\u00fdm l\u00e1kadlom zost\u00e1va vyrie\u0161enie intriguj\u00facej z\u00e1hady, ktor\u00e1 premenila Klagenfurt na obrovsk\u00e9 detekt\u00edvne ihrisko.","how_to_play":"Hrajte sami alebo s priate\u013emi, rodinou \u010di kolegami v t\u00edmoch a\u017e \u0161tyroch \u013eud\u00ed na zariadenie. Po rezerv\u00e1cii dostanete e-mail s pokynmi so v\u0161etk\u00fdm, \u010do potrebujete.","start_location":"Klagenfurt, Lindwurmbrunnen","available_languages":["en","es","fr","de","it","nl"],"players_per_group":"1-4","duration":"1.5-2 hours","image_overlay_color_image":"https:\/\/testwebsite.citygame.com\/wp-content\/blogs.dir\/1\/files\/sites\/62\/2026\/01\/SherlockColor.svg","image_overlay_game_logo":"https:\/\/testwebsite.citygame.com\/wp-content\/blogs.dir\/1\/files\/sites\/62\/2026\/01\/SherlockLogo.png","city_page":9208,"woocommerce_general_content":null},"yoast_head":"<!-- This site is optimized with the Yoast SEO Premium plugin v26.2 (Yoast SEO v26.3) - https:\/\/yoast.com\/wordpress\/plugins\/seo\/ -->\n<title>Sherlock Holmes Klagenfurt - City Game<\/title>\n<meta name=\"description\" content=\"Sherlock Holmes Klagenfurt. Hrajte samoobslu\u017en\u00fa z\u00e1hadu vra\u017edy City Game, rie\u0161te h\u00e1danky, sledujte stopy a odha\u013ete vraha vlastn\u00fdm tempom!\" \/>\n<meta name=\"robots\" content=\"noindex, follow, max-snippet:-1, max-image-preview:large, max-video-preview:-1\" \/>\n<meta property=\"og:locale\" content=\"sk_SK\" \/>\n<meta property=\"og:type\" content=\"article\" \/>\n<meta property=\"og:title\" content=\"Sherlock Holmes Klagenfurt\" \/>\n<meta property=\"og:description\" content=\"Sherlock Holmes Klagenfurt. Hrajte samoobslu\u017en\u00fa z\u00e1hadu vra\u017edy City Game, rie\u0161te h\u00e1danky, sledujte stopy a odha\u013ete vraha vlastn\u00fdm tempom!\" \/>\n<meta property=\"og:url\" content=\"https:\/\/testwebsite.citygame.com\/sk\/games\/klagenfurt\/sherlock-holmes-klagenfurt\/\" \/>\n<meta property=\"og:site_name\" content=\"City Game\" \/>\n<meta property=\"article:publisher\" content=\"https:\/\/www.facebook.com\/profile.php?id=100086426226253\" \/>\n<meta property=\"article:modified_time\" content=\"2026-04-09T08:59:34+00:00\" \/>\n<meta property=\"og:image\" content=\"https:\/\/testwebsite.citygame.com\/wp-content\/blogs.dir\/1\/files\/sites\/62\/2026\/02\/group-of-friends-playing-city-game-independence-hall-philadelphia.jpg\" \/>\n\t<meta property=\"og:image:width\" content=\"1024\" \/>\n\t<meta property=\"og:image:height\" content=\"1024\" \/>\n\t<meta property=\"og:image:type\" content=\"image\/jpeg\" \/>\n<meta name=\"twitter:card\" content=\"summary_large_image\" \/>\n<meta name=\"twitter:label1\" content=\"Predpokladan\u00fd \u010das \u010d\u00edtania\" \/>\n\t<meta name=\"twitter:data1\" content=\"1 min\u00fata\" \/>\n<script type=\"application\/ld+json\" class=\"yoast-schema-graph\">{\"@context\":\"https:\/\/schema.org\",\"@graph\":[{\"@type\":\"WebPage\",\"@id\":\"https:\/\/testwebsite.citygame.com\/sk\/games\/klagenfurt\/sherlock-holmes-klagenfurt\/\",\"url\":\"https:\/\/testwebsite.citygame.com\/sk\/games\/klagenfurt\/sherlock-holmes-klagenfurt\/\",\"name\":\"Sherlock Holmes Klagenfurt - City Game\",\"isPartOf\":{\"@id\":\"https:\/\/testwebsite.upevents.nl\/#website\"},\"primaryImageOfPage\":{\"@id\":\"https:\/\/testwebsite.citygame.com\/sk\/games\/klagenfurt\/sherlock-holmes-klagenfurt\/#primaryimage\"},\"image\":{\"@id\":\"https:\/\/testwebsite.citygame.com\/sk\/games\/klagenfurt\/sherlock-holmes-klagenfurt\/#primaryimage\"},\"thumbnailUrl\":\"https:\/\/testwebsite.citygame.com\/wp-content\/blogs.dir\/1\/files\/sites\/62\/2026\/02\/group-of-friends-playing-city-game-independence-hall-philadelphia.jpg\",\"datePublished\":\"2026-02-19T14:55:20+00:00\",\"dateModified\":\"2026-04-09T08:59:34+00:00\",\"description\":\"Sherlock Holmes Klagenfurt. Hrajte samoobslu\u017en\u00fa z\u00e1hadu vra\u017edy City Game, rie\u0161te h\u00e1danky, sledujte stopy a odha\u013ete vraha vlastn\u00fdm tempom!\",\"breadcrumb\":{\"@id\":\"https:\/\/testwebsite.citygame.com\/sk\/games\/klagenfurt\/sherlock-holmes-klagenfurt\/#breadcrumb\"},\"inLanguage\":\"sk-SK\",\"potentialAction\":[{\"@type\":\"ReadAction\",\"target\":[\"https:\/\/testwebsite.citygame.com\/sk\/games\/klagenfurt\/sherlock-holmes-klagenfurt\/\"]}]},{\"@type\":\"ImageObject\",\"inLanguage\":\"sk-SK\",\"@id\":\"https:\/\/testwebsite.citygame.com\/sk\/games\/klagenfurt\/sherlock-holmes-klagenfurt\/#primaryimage\",\"url\":\"https:\/\/testwebsite.citygame.com\/wp-content\/blogs.dir\/1\/files\/sites\/62\/2026\/02\/group-of-friends-playing-city-game-independence-hall-philadelphia.jpg\",\"contentUrl\":\"https:\/\/testwebsite.citygame.com\/wp-content\/blogs.dir\/1\/files\/sites\/62\/2026\/02\/group-of-friends-playing-city-game-independence-hall-philadelphia.jpg\",\"width\":1024,\"height\":1024,\"caption\":\"A group of friends gathers around a smartphone while exploring a historic site in Philadelphia.\"},{\"@type\":\"BreadcrumbList\",\"@id\":\"https:\/\/testwebsite.citygame.com\/sk\/games\/klagenfurt\/sherlock-holmes-klagenfurt\/#breadcrumb\",\"itemListElement\":[{\"@type\":\"ListItem\",\"position\":1,\"name\":\"Home\",\"item\":\"https:\/\/testwebsite.citygame.com\/sk\/\"},{\"@type\":\"ListItem\",\"position\":2,\"name\":\"Shop\",\"item\":\"https:\/\/testwebsite.citygame.com\/shop\/\"},{\"@type\":\"ListItem\",\"position\":3,\"name\":\"Sherlock Holmes Klagenfurt\"}]},{\"@type\":\"WebSite\",\"@id\":\"https:\/\/testwebsite.upevents.nl\/#website\",\"url\":\"https:\/\/testwebsite.upevents.nl\/\",\"name\":\"City Game\",\"description\":\"\",\"publisher\":{\"@id\":\"https:\/\/testwebsite.upevents.nl\/#organization\"},\"alternateName\":\"citygame.com\",\"potentialAction\":[{\"@type\":\"SearchAction\",\"target\":{\"@type\":\"EntryPoint\",\"urlTemplate\":\"https:\/\/testwebsite.upevents.nl\/?s={search_term_string}\"},\"query-input\":{\"@type\":\"PropertyValueSpecification\",\"valueRequired\":true,\"valueName\":\"search_term_string\"}}],\"inLanguage\":\"sk-SK\"},{\"@type\":[\"Organization\",\"Place\"],\"@id\":\"https:\/\/testwebsite.upevents.nl\/#organization\",\"name\":\"City Game\",\"alternateName\":\"citygame.com\",\"url\":\"https:\/\/testwebsite.upevents.nl\/\",\"logo\":{\"@id\":\"https:\/\/testwebsite.citygame.com\/sk\/games\/klagenfurt\/sherlock-holmes-klagenfurt\/#local-main-organization-logo\"},\"image\":{\"@id\":\"https:\/\/testwebsite.citygame.com\/sk\/games\/klagenfurt\/sherlock-holmes-klagenfurt\/#local-main-organization-logo\"},\"sameAs\":[\"https:\/\/www.facebook.com\/profile.php?id=100086426226253\",\"https:\/\/www.instagram.com\/citygame_com\",\"https:\/\/www.tiktok.com\/@citygamecom\/\",\"https:\/\/www.linkedin.com\/company\/citygame-com\"],\"description\":\"Turn any city into a playground with our interactive City Games and self-guided tours. Fun, flexible, and ideal for groups and team building.\",\"telephone\":[],\"openingHoursSpecification\":[{\"@type\":\"OpeningHoursSpecification\",\"dayOfWeek\":[\"Monday\",\"Tuesday\",\"Wednesday\",\"Thursday\",\"Friday\",\"Saturday\",\"Sunday\"],\"opens\":\"09:00\",\"closes\":\"17:00\"}]},{\"@type\":\"ImageObject\",\"inLanguage\":\"sk-SK\",\"@id\":\"https:\/\/testwebsite.citygame.com\/sk\/games\/klagenfurt\/sherlock-holmes-klagenfurt\/#local-main-organization-logo\",\"url\":\"https:\/\/testwebsite.citygame.com\/wp-content\/blogs.dir\/1\/files\/sites\/62\/2025\/10\/CG_LOGO-City-Game.png\",\"contentUrl\":\"https:\/\/testwebsite.citygame.com\/wp-content\/blogs.dir\/1\/files\/sites\/62\/2025\/10\/CG_LOGO-City-Game.png\",\"width\":351,\"height\":377,\"caption\":\"City Game\"}]}<\/script>\n<!-- \/ Yoast SEO Premium plugin. -->","yoast_head_json":{"title":"Sherlock Holmes Klagenfurt - City Game","description":"Sherlock Holmes Klagenfurt. Hrajte samoobslu\u017en\u00fa z\u00e1hadu vra\u017edy City Game, rie\u0161te h\u00e1danky, sledujte stopy a odha\u013ete vraha vlastn\u00fdm tempom!","robots":{"index":"noindex","follow":"follow","max-snippet":"max-snippet:-1","max-image-preview":"max-image-preview:large","max-video-preview":"max-video-preview:-1"},"og_locale":"sk_SK","og_type":"article","og_title":"Sherlock Holmes Klagenfurt","og_description":"Sherlock Holmes Klagenfurt. Hrajte samoobslu\u017en\u00fa z\u00e1hadu vra\u017edy City Game, rie\u0161te h\u00e1danky, sledujte stopy a odha\u013ete vraha vlastn\u00fdm tempom!","og_url":"https:\/\/testwebsite.citygame.com\/sk\/games\/klagenfurt\/sherlock-holmes-klagenfurt\/","og_site_name":"City Game","article_publisher":"https:\/\/www.facebook.com\/profile.php?id=100086426226253","article_modified_time":"2026-04-09T08:59:34+00:00","og_image":[{"width":1024,"height":1024,"url":"https:\/\/testwebsite.citygame.com\/wp-content\/blogs.dir\/1\/files\/sites\/62\/2026\/02\/group-of-friends-playing-city-game-independence-hall-philadelphia.jpg","type":"image\/jpeg"}],"twitter_card":"summary_large_image","twitter_misc":{"Predpokladan\u00fd \u010das \u010d\u00edtania":"1 min\u00fata"},"schema":{"@context":"https:\/\/schema.org","@graph":[{"@type":"WebPage","@id":"https:\/\/testwebsite.citygame.com\/sk\/games\/klagenfurt\/sherlock-holmes-klagenfurt\/","url":"https:\/\/testwebsite.citygame.com\/sk\/games\/klagenfurt\/sherlock-holmes-klagenfurt\/","name":"Sherlock Holmes Klagenfurt - City Game","isPartOf":{"@id":"https:\/\/testwebsite.upevents.nl\/#website"},"primaryImageOfPage":{"@id":"https:\/\/testwebsite.citygame.com\/sk\/games\/klagenfurt\/sherlock-holmes-klagenfurt\/#primaryimage"},"image":{"@id":"https:\/\/testwebsite.citygame.com\/sk\/games\/klagenfurt\/sherlock-holmes-klagenfurt\/#primaryimage"},"thumbnailUrl":"https:\/\/testwebsite.citygame.com\/wp-content\/blogs.dir\/1\/files\/sites\/62\/2026\/02\/group-of-friends-playing-city-game-independence-hall-philadelphia.jpg","datePublished":"2026-02-19T14:55:20+00:00","dateModified":"2026-04-09T08:59:34+00:00","description":"Sherlock Holmes Klagenfurt. Hrajte samoobslu\u017en\u00fa z\u00e1hadu vra\u017edy City Game, rie\u0161te h\u00e1danky, sledujte stopy a odha\u013ete vraha vlastn\u00fdm tempom!","breadcrumb":{"@id":"https:\/\/testwebsite.citygame.com\/sk\/games\/klagenfurt\/sherlock-holmes-klagenfurt\/#breadcrumb"},"inLanguage":"sk-SK","potentialAction":[{"@type":"ReadAction","target":["https:\/\/testwebsite.citygame.com\/sk\/games\/klagenfurt\/sherlock-holmes-klagenfurt\/"]}]},{"@type":"ImageObject","inLanguage":"sk-SK","@id":"https:\/\/testwebsite.citygame.com\/sk\/games\/klagenfurt\/sherlock-holmes-klagenfurt\/#primaryimage","url":"https:\/\/testwebsite.citygame.com\/wp-content\/blogs.dir\/1\/files\/sites\/62\/2026\/02\/group-of-friends-playing-city-game-independence-hall-philadelphia.jpg","contentUrl":"https:\/\/testwebsite.citygame.com\/wp-content\/blogs.dir\/1\/files\/sites\/62\/2026\/02\/group-of-friends-playing-city-game-independence-hall-philadelphia.jpg","width":1024,"height":1024,"caption":"A group of friends gathers around a smartphone while exploring a historic site in Philadelphia."},{"@type":"BreadcrumbList","@id":"https:\/\/testwebsite.citygame.com\/sk\/games\/klagenfurt\/sherlock-holmes-klagenfurt\/#breadcrumb","itemListElement":[{"@type":"ListItem","position":1,"name":"Home","item":"https:\/\/testwebsite.citygame.com\/sk\/"},{"@type":"ListItem","position":2,"name":"Shop","item":"https:\/\/testwebsite.citygame.com\/shop\/"},{"@type":"ListItem","position":3,"name":"Sherlock Holmes Klagenfurt"}]},{"@type":"WebSite","@id":"https:\/\/testwebsite.upevents.nl\/#website","url":"https:\/\/testwebsite.upevents.nl\/","name":"City Game","description":"","publisher":{"@id":"https:\/\/testwebsite.upevents.nl\/#organization"},"alternateName":"citygame.com","potentialAction":[{"@type":"SearchAction","target":{"@type":"EntryPoint","urlTemplate":"https:\/\/testwebsite.upevents.nl\/?s={search_term_string}"},"query-input":{"@type":"PropertyValueSpecification","valueRequired":true,"valueName":"search_term_string"}}],"inLanguage":"sk-SK"},{"@type":["Organization","Place"],"@id":"https:\/\/testwebsite.upevents.nl\/#organization","name":"City Game","alternateName":"citygame.com","url":"https:\/\/testwebsite.upevents.nl\/","logo":{"@id":"https:\/\/testwebsite.citygame.com\/sk\/games\/klagenfurt\/sherlock-holmes-klagenfurt\/#local-main-organization-logo"},"image":{"@id":"https:\/\/testwebsite.citygame.com\/sk\/games\/klagenfurt\/sherlock-holmes-klagenfurt\/#local-main-organization-logo"},"sameAs":["https:\/\/www.facebook.com\/profile.php?id=100086426226253","https:\/\/www.instagram.com\/citygame_com","https:\/\/www.tiktok.com\/@citygamecom\/","https:\/\/www.linkedin.com\/company\/citygame-com"],"description":"Turn any city into a playground with our interactive City Games and self-guided tours. Fun, flexible, and ideal for groups and team building.","telephone":[],"openingHoursSpecification":[{"@type":"OpeningHoursSpecification","dayOfWeek":["Monday","Tuesday","Wednesday","Thursday","Friday","Saturday","Sunday"],"opens":"09:00","closes":"17:00"}]},{"@type":"ImageObject","inLanguage":"sk-SK","@id":"https:\/\/testwebsite.citygame.com\/sk\/games\/klagenfurt\/sherlock-holmes-klagenfurt\/#local-main-organization-logo","url":"https:\/\/testwebsite.citygame.com\/wp-content\/blogs.dir\/1\/files\/sites\/62\/2025\/10\/CG_LOGO-City-Game.png","contentUrl":"https:\/\/testwebsite.citygame.com\/wp-content\/blogs.dir\/1\/files\/sites\/62\/2025\/10\/CG_LOGO-City-Game.png","width":351,"height":377,"caption":"City Game"}]}},"taxonomy_info":{"game-concept":[{"value":788,"label":"Sherlock"}],"location":[{"value":226,"label":"Klagenfurt"}],"product_cat":[{"value":27,"label":"Geen categorie"}]},"featured_image_src_large":["https:\/\/testwebsite.citygame.com\/wp-content\/blogs.dir\/1\/files\/sites\/62\/2026\/02\/group-of-friends-playing-city-game-independence-hall-philadelphia.jpg",1024,1024,false],"author_info":[],"comment_info":"","_links":{"self":[{"href":"https:\/\/testwebsite.citygame.com\/sk\/wp-json\/wp\/v2\/product\/67409","targetHints":{"allow":["GET"]}}],"collection":[{"href":"https:\/\/testwebsite.citygame.com\/sk\/wp-json\/wp\/v2\/product"}],"about":[{"href":"https:\/\/testwebsite.citygame.com\/sk\/wp-json\/wp\/v2\/types\/product"}],"acf:post":[{"embeddable":true,"href":"https:\/\/testwebsite.citygame.com\/sk\/wp-json\/wp\/v2\/pages\/9208"}],"wp:featuredmedia":[{"embeddable":true,"href":"https:\/\/testwebsite.citygame.com\/sk\/wp-json\/wp\/v2\/media\/14955"}],"wp:attachment":[{"href":"https:\/\/testwebsite.citygame.com\/sk\/wp-json\/wp\/v2\/media?parent=67409"}],"wp:term":[{"taxonomy":"game-concept","embeddable":true,"href":"https:\/\/testwebsite.citygame.com\/sk\/wp-json\/wp\/v2\/game-concept?post=67409"},{"taxonomy":"location","embeddable":true,"href":"https:\/\/testwebsite.citygame.com\/sk\/wp-json\/wp\/v2\/location?post=67409"},{"taxonomy":"product_brand","embeddable":true,"href":"https:\/\/testwebsite.citygame.com\/sk\/wp-json\/wp\/v2\/product_brand?post=67409"},{"taxonomy":"product_cat","embeddable":true,"href":"https:\/\/testwebsite.citygame.com\/sk\/wp-json\/wp\/v2\/product_cat?post=67409"},{"taxonomy":"product_tag","embeddable":true,"href":"https:\/\/testwebsite.citygame.com\/sk\/wp-json\/wp\/v2\/product_tag?post=67409"}],"curies":[{"name":"wp","href":"https:\/\/api.w.org\/{rel}","templated":true}]}}