{"id":67239,"date":"2026-01-27T14:59:59","date_gmt":"2026-01-27T14:59:59","guid":{"rendered":"https:\/\/testwebsite.citygame.com\/games\/unknown-location\/secrets-of-enschede\/"},"modified":"2026-04-09T08:37:17","modified_gmt":"2026-04-09T08:37:17","slug":"secrets-of-enschede","status":"publish","type":"product","link":"https:\/\/testwebsite.citygame.com\/sk\/games\/enschede\/secrets-of-enschede\/","title":{"rendered":"Secrets of Enschede"},"content":{"rendered":"<p>Secrets of Enschede City Game je samoobslu\u017en\u00e1 hra zalo\u017een\u00e1 na GPS, ktor\u00e1 sa odohr\u00e1va v centre mesta Enschede. Len pomocou smartf\u00f3nu sa hr\u00e1\u010di pohybuj\u00fa po oblasti a rie\u0161ia h\u00e1danky, r\u00e9busy a fotografick\u00e9 v\u00fdzvy, ktor\u00e9 odha\u013euj\u00fa poh\u013eady do hist\u00f3rie, kult\u00fary a menej zn\u00e1mych detailov mesta. T\u00e1to objavite\u013esk\u00e1 hra je navrhnut\u00e1 tak, aby ste si ju u\u017eili vlastn\u00fdm tempom, pon\u00faka z\u00e1bavn\u00fd a vzdel\u00e1vac\u00ed sp\u00f4sob objavovania Enschede. Samoobslu\u017en\u00e1 mestsk\u00e1 hra je vhodn\u00e1 pre n\u00e1v\u0161tevn\u00edkov aj miestnych a je ide\u00e1lna pre jednotlivcov, p\u00e1ry, rodiny a skupiny priate\u013eov. \u010ci u\u017e ste v meste nov\u00e1\u010dik alebo dlhoro\u010dn\u00fd obyvate\u013e, City Game Enschede poskytuje svie\u017ei poh\u013ead prostredn\u00edctvom interakt\u00edvneho rozpr\u00e1vania pr\u00edbehov a v\u00fdziev.<\/p>\n","protected":false},"excerpt":{"rendered":"<p>Objavte eleganciu a vzru\u0161enie Enschede! Ponorte sa do mesta, kde sa inov\u00e1cia sn\u00fabi s trad\u00edciou, od historick\u00fdch textiln\u00fdch tov\u00e1rn\u00ed po s\u00fa\u010dasn\u00e9 hudobn\u00e9 festivaly. Rie\u0161te h\u00e1danky, zatia\u013e \u010do prech\u00e1dzate jeho dynamickou du\u0161ou, Enschede prekypuje z\u00e1zrakmi \u010dakaj\u00facimi za ka\u017ed\u00fdm rohom!<\/p>\n","protected":false},"featured_media":5132,"template":"","meta":{"_acf_changed":false,"_yoast_wpseo_focuskw":"Secrets of Enschede","_yoast_wpseo_metadesc":"Secrets of Enschede. Zahrajte si samoobslu\u017en\u00fa mestsk\u00fa hru a objavte mesto prostredn\u00edctvom h\u00e1daniek, r\u00e9busov a v\u00fdziev. Hrajte vlastn\u00fdm tempom a objavujte ako miestny!","_kad_blocks_custom_css":"","_kad_blocks_head_custom_js":"","_kad_blocks_body_custom_js":"","_kad_blocks_footer_custom_js":"","ghostkit_customizer_options":"","ghostkit_custom_css":"","ghostkit_custom_js_head":"","ghostkit_custom_js_foot":"","ghostkit_typography":"","_kad_post_transparent":"","_kad_post_title":"","_kad_post_layout":"","_kad_post_sidebar_id":"","_kad_post_content_style":"","_kad_post_vertical_padding":"","_kad_post_feature":"","_kad_post_feature_position":"","_kad_post_header":false,"_kad_post_footer":false,"_kad_post_classname":"","_links_to":"","_links_to_target":""},"game-concept":[727],"location":[157],"product_brand":[],"product_cat":[27],"product_tag":[],"class_list":{"0":"post-67239","1":"product","2":"type-product","3":"status-publish","4":"has-post-thumbnail","6":"game-concept-secrets","7":"location-enschede","8":"product_cat-geen-categorie","10":"first","11":"instock","12":"shipping-taxable","13":"purchasable","14":"product-type-simple","15":"entry","16":"content-bg","17":"loop-entry"},"acf":{"full_bokun_product_name":"Self-Guided Secrets of Enschede Exploration Game","location_name":"Enschede","bokun_calendar_widget_code":"<script type=\"text\/javascript\" src=\"https:\/\/widgets.bokun.io\/assets\/javascripts\/apps\/build\/BokunWidgetsLoader.js?bookingChannelUUID=a1e93e96-5232-4734-a595-28405f4b5a31\" async><\/script>\n     \n    <div class=\"bokunWidget\" data-src=\"https:\/\/widgets.bokun.io\/online-sales\/a1e93e96-5232-4734-a595-28405f4b5a31\/experience-calendar\/851986\"><\/div>\n    <noscript>Please enable javascript in your browser to book<\/noscript>","bokun_button_widget_code":"<script type=\"text\/javascript\" src=\"https:\/\/widgets.bokun.io\/assets\/javascripts\/apps\/build\/BokunWidgetsLoader.js?bookingChannelUUID=a1e93e96-5232-4734-a595-28405f4b5a31\" async><\/script>\n      <style> #bokun_ed001e45_5927_4f62_b470_ca766338d083 { display: inline-block; padding: .4em 1em; background: #47b82e; border-radius: 999999px; box-shadow: none; font-weight: 600; font-size: 24px; text-decoration: none; text-align: center; color: #FFFFFF; border:none; cursor: pointer; transition: background .2s ease; } #bokun_ed001e45_5927_4f62_b470_ca766338d083:hover{ background: #2f7b1f; } #bokun_ed001e45_5927_4f62_b470_ca766338d083:active{ background: #378f24; } <\/style> <button class=\"bokunButton\" disabled id=bokun_ed001e45_5927_4f62_b470_ca766338d083 data-src=\"https:\/\/widgets.bokun.io\/online-sales\/a1e93e96-5232-4734-a595-28405f4b5a31\/experience-calendar\/851986?partialView=1\" data-testid=\"widget-book-button\" > Book now <\/button> ","what_you\u2019ll_experience_during_the_game":"Ke\u010f budete hra\u0165 Secrets of Enschede City Game, objav\u00edte mesto prostredn\u00edctvom interakt\u00edvneho pr\u00edbehu, ktor\u00fd sp\u00e1ja prehliadku pamiatok s praktick\u00fdm objavovan\u00edm. Hra v\u00e1s prevedie zn\u00e1mymi pamiatkami aj skryt\u00fdmi z\u00e1kutiami, pri\u010dom odhal\u00ed charakter Enschede. M\u00f4\u017eete sa ocitn\u00fa\u0165 v bl\u00edzkosti Grote Kerk, prech\u00e1dza\u0165 sa po \u017eivom Oude Markt alebo prejs\u0165 okolo impozantn\u00e9ho Rijksmuseum Twenthe. Ka\u017ed\u00e9 miesto dod\u00e1va rozv\u00edjaj\u00facemu sa tajomstvu atmosf\u00e9ru a h\u013abku, ke\u010f za\u017e\u00edvate mesto z novej perspekt\u00edvy.\n\nPo\u010das City Game budete rie\u0161i\u0165 r\u00f4zne h\u00e1danky, r\u00e9busy a kreat\u00edvne v\u00fdzvy, ktor\u00e9 prekvapiv\u00fdmi sp\u00f4sobmi o\u017eivia Enschede. Ka\u017ed\u00e1 vyrie\u0161en\u00e1 \u00faloha v\u00e1m pom\u00f4\u017ee zbiera\u0165 body, odomyka\u0165 u\u017eito\u010dn\u00e9 rady a pribl\u00ed\u017ei\u0165 sa k rozl\u00fa\u0161teniu z\u00e1vere\u010dn\u00e9ho tajomstva. Hru m\u00f4\u017eete kedyko\u013evek pozastavi\u0165, \u010do v\u00e1m umo\u017en\u00ed \u013eahko objavova\u0165 Enschede vlastn\u00fdm tempom. Pre t\u00fdch, ktor\u00ed maj\u00fa s\u00fa\u0165a\u017eiv\u00fa n\u00e1ladu, sa t\u00edmy a jednotlivci m\u00f4\u017eu pok\u00fasi\u0165 o prv\u00e9 miesto v rebr\u00ed\u010dku.","how_to_play":"Rezervujte si objavite\u013esk\u00fa hru, skontrolujte e-mail, ktor\u00fd v\u00e1m po\u0161leme s jednoduch\u00fdmi in\u0161trukciami, stiahnite si aplik\u00e1ciu Loquiz, z\u00edskajte pr\u00edstup k objavite\u013eskej hre a ste pripraven\u00ed za\u010da\u0165 svoj hern\u00fd z\u00e1\u017eitok!","start_location":" Enschede, Oude markt","available_languages":["en"],"players_per_group":"1-4","duration":"1.5-2 hours","image_overlay_color_image":"https:\/\/testwebsite.citygame.com\/wp-content\/blogs.dir\/1\/files\/sites\/62\/2026\/01\/SecretsColor.svg","image_overlay_game_logo":"https:\/\/testwebsite.citygame.com\/wp-content\/blogs.dir\/1\/files\/sites\/62\/2026\/01\/SecretsLogo.png","city_page":4798,"woocommerce_general_content":null},"yoast_head":"<!-- This site is optimized with the Yoast SEO Premium plugin v26.2 (Yoast SEO v26.3) - https:\/\/yoast.com\/wordpress\/plugins\/seo\/ -->\n<title>Secrets of Enschede - City Game<\/title>\n<meta name=\"description\" content=\"Secrets of Enschede. Zahrajte si samoobslu\u017en\u00fa mestsk\u00fa hru a objavte mesto prostredn\u00edctvom h\u00e1daniek, r\u00e9busov a v\u00fdziev. Hrajte vlastn\u00fdm tempom a objavujte ako miestny!\" \/>\n<meta name=\"robots\" content=\"noindex, follow, max-snippet:-1, max-image-preview:large, max-video-preview:-1\" \/>\n<meta property=\"og:locale\" content=\"sk_SK\" \/>\n<meta property=\"og:type\" content=\"article\" \/>\n<meta property=\"og:title\" content=\"Secrets of Enschede\" \/>\n<meta property=\"og:description\" content=\"Secrets of Enschede. Zahrajte si samoobslu\u017en\u00fa mestsk\u00fa hru a objavte mesto prostredn\u00edctvom h\u00e1daniek, r\u00e9busov a v\u00fdziev. Hrajte vlastn\u00fdm tempom a objavujte ako miestny!\" \/>\n<meta property=\"og:url\" content=\"https:\/\/testwebsite.citygame.com\/sk\/games\/enschede\/secrets-of-enschede\/\" \/>\n<meta property=\"og:site_name\" content=\"City Game\" \/>\n<meta property=\"article:publisher\" content=\"https:\/\/www.facebook.com\/profile.php?id=100086426226253\" \/>\n<meta property=\"article:modified_time\" content=\"2026-04-09T08:37:17+00:00\" \/>\n<meta property=\"og:image\" content=\"https:\/\/testwebsite.citygame.com\/wp-content\/blogs.dir\/1\/files\/sites\/62\/2026\/01\/enschede-woman-playing-city-game-on-phone.jpg\" \/>\n\t<meta property=\"og:image:width\" content=\"704\" \/>\n\t<meta property=\"og:image:height\" content=\"1472\" \/>\n\t<meta property=\"og:image:type\" content=\"image\/jpeg\" \/>\n<meta name=\"twitter:card\" content=\"summary_large_image\" \/>\n<meta name=\"twitter:label1\" content=\"Predpokladan\u00fd \u010das \u010d\u00edtania\" \/>\n\t<meta name=\"twitter:data1\" content=\"1 min\u00fata\" \/>\n<script type=\"application\/ld+json\" class=\"yoast-schema-graph\">{\"@context\":\"https:\/\/schema.org\",\"@graph\":[{\"@type\":\"WebPage\",\"@id\":\"https:\/\/testwebsite.citygame.com\/sk\/games\/enschede\/secrets-of-enschede\/\",\"url\":\"https:\/\/testwebsite.citygame.com\/sk\/games\/enschede\/secrets-of-enschede\/\",\"name\":\"Secrets of Enschede - City Game\",\"isPartOf\":{\"@id\":\"https:\/\/testwebsite.upevents.nl\/#website\"},\"primaryImageOfPage\":{\"@id\":\"https:\/\/testwebsite.citygame.com\/sk\/games\/enschede\/secrets-of-enschede\/#primaryimage\"},\"image\":{\"@id\":\"https:\/\/testwebsite.citygame.com\/sk\/games\/enschede\/secrets-of-enschede\/#primaryimage\"},\"thumbnailUrl\":\"https:\/\/testwebsite.citygame.com\/wp-content\/blogs.dir\/1\/files\/sites\/62\/2026\/01\/enschede-woman-playing-city-game-on-phone.jpg\",\"datePublished\":\"2026-01-27T14:59:59+00:00\",\"dateModified\":\"2026-04-09T08:37:17+00:00\",\"description\":\"Secrets of Enschede. Zahrajte si samoobslu\u017en\u00fa mestsk\u00fa hru a objavte mesto prostredn\u00edctvom h\u00e1daniek, r\u00e9busov a v\u00fdziev. Hrajte vlastn\u00fdm tempom a objavujte ako miestny!\",\"breadcrumb\":{\"@id\":\"https:\/\/testwebsite.citygame.com\/sk\/games\/enschede\/secrets-of-enschede\/#breadcrumb\"},\"inLanguage\":\"sk-SK\",\"potentialAction\":[{\"@type\":\"ReadAction\",\"target\":[\"https:\/\/testwebsite.citygame.com\/sk\/games\/enschede\/secrets-of-enschede\/\"]}]},{\"@type\":\"ImageObject\",\"inLanguage\":\"sk-SK\",\"@id\":\"https:\/\/testwebsite.citygame.com\/sk\/games\/enschede\/secrets-of-enschede\/#primaryimage\",\"url\":\"https:\/\/testwebsite.citygame.com\/wp-content\/blogs.dir\/1\/files\/sites\/62\/2026\/01\/enschede-woman-playing-city-game-on-phone.jpg\",\"contentUrl\":\"https:\/\/testwebsite.citygame.com\/wp-content\/blogs.dir\/1\/files\/sites\/62\/2026\/01\/enschede-woman-playing-city-game-on-phone.jpg\",\"width\":704,\"height\":1472,\"caption\":\"A player uses her smartphone to discover secrets on a historic street in the city of Enschede.\"},{\"@type\":\"BreadcrumbList\",\"@id\":\"https:\/\/testwebsite.citygame.com\/sk\/games\/enschede\/secrets-of-enschede\/#breadcrumb\",\"itemListElement\":[{\"@type\":\"ListItem\",\"position\":1,\"name\":\"Home\",\"item\":\"https:\/\/testwebsite.citygame.com\/sk\/\"},{\"@type\":\"ListItem\",\"position\":2,\"name\":\"Shop\",\"item\":\"https:\/\/testwebsite.citygame.com\/shop\/\"},{\"@type\":\"ListItem\",\"position\":3,\"name\":\"Secrets of Enschede\"}]},{\"@type\":\"WebSite\",\"@id\":\"https:\/\/testwebsite.upevents.nl\/#website\",\"url\":\"https:\/\/testwebsite.upevents.nl\/\",\"name\":\"City Game\",\"description\":\"\",\"publisher\":{\"@id\":\"https:\/\/testwebsite.upevents.nl\/#organization\"},\"alternateName\":\"citygame.com\",\"potentialAction\":[{\"@type\":\"SearchAction\",\"target\":{\"@type\":\"EntryPoint\",\"urlTemplate\":\"https:\/\/testwebsite.upevents.nl\/?s={search_term_string}\"},\"query-input\":{\"@type\":\"PropertyValueSpecification\",\"valueRequired\":true,\"valueName\":\"search_term_string\"}}],\"inLanguage\":\"sk-SK\"},{\"@type\":[\"Organization\",\"Place\"],\"@id\":\"https:\/\/testwebsite.upevents.nl\/#organization\",\"name\":\"City Game\",\"alternateName\":\"citygame.com\",\"url\":\"https:\/\/testwebsite.upevents.nl\/\",\"logo\":{\"@id\":\"https:\/\/testwebsite.citygame.com\/sk\/games\/enschede\/secrets-of-enschede\/#local-main-organization-logo\"},\"image\":{\"@id\":\"https:\/\/testwebsite.citygame.com\/sk\/games\/enschede\/secrets-of-enschede\/#local-main-organization-logo\"},\"sameAs\":[\"https:\/\/www.facebook.com\/profile.php?id=100086426226253\",\"https:\/\/www.instagram.com\/citygame_com\",\"https:\/\/www.tiktok.com\/@citygamecom\/\",\"https:\/\/www.linkedin.com\/company\/citygame-com\"],\"description\":\"Turn any city into a playground with our interactive City Games and self-guided tours. Fun, flexible, and ideal for groups and team building.\",\"telephone\":[],\"openingHoursSpecification\":[{\"@type\":\"OpeningHoursSpecification\",\"dayOfWeek\":[\"Monday\",\"Tuesday\",\"Wednesday\",\"Thursday\",\"Friday\",\"Saturday\",\"Sunday\"],\"opens\":\"09:00\",\"closes\":\"17:00\"}]},{\"@type\":\"ImageObject\",\"inLanguage\":\"sk-SK\",\"@id\":\"https:\/\/testwebsite.citygame.com\/sk\/games\/enschede\/secrets-of-enschede\/#local-main-organization-logo\",\"url\":\"https:\/\/testwebsite.citygame.com\/wp-content\/blogs.dir\/1\/files\/sites\/62\/2025\/10\/CG_LOGO-City-Game.png\",\"contentUrl\":\"https:\/\/testwebsite.citygame.com\/wp-content\/blogs.dir\/1\/files\/sites\/62\/2025\/10\/CG_LOGO-City-Game.png\",\"width\":351,\"height\":377,\"caption\":\"City Game\"}]}<\/script>\n<!-- \/ Yoast SEO Premium plugin. -->","yoast_head_json":{"title":"Secrets of Enschede - City Game","description":"Secrets of Enschede. Zahrajte si samoobslu\u017en\u00fa mestsk\u00fa hru a objavte mesto prostredn\u00edctvom h\u00e1daniek, r\u00e9busov a v\u00fdziev. Hrajte vlastn\u00fdm tempom a objavujte ako miestny!","robots":{"index":"noindex","follow":"follow","max-snippet":"max-snippet:-1","max-image-preview":"max-image-preview:large","max-video-preview":"max-video-preview:-1"},"og_locale":"sk_SK","og_type":"article","og_title":"Secrets of Enschede","og_description":"Secrets of Enschede. Zahrajte si samoobslu\u017en\u00fa mestsk\u00fa hru a objavte mesto prostredn\u00edctvom h\u00e1daniek, r\u00e9busov a v\u00fdziev. Hrajte vlastn\u00fdm tempom a objavujte ako miestny!","og_url":"https:\/\/testwebsite.citygame.com\/sk\/games\/enschede\/secrets-of-enschede\/","og_site_name":"City Game","article_publisher":"https:\/\/www.facebook.com\/profile.php?id=100086426226253","article_modified_time":"2026-04-09T08:37:17+00:00","og_image":[{"width":704,"height":1472,"url":"https:\/\/testwebsite.citygame.com\/wp-content\/blogs.dir\/1\/files\/sites\/62\/2026\/01\/enschede-woman-playing-city-game-on-phone.jpg","type":"image\/jpeg"}],"twitter_card":"summary_large_image","twitter_misc":{"Predpokladan\u00fd \u010das \u010d\u00edtania":"1 min\u00fata"},"schema":{"@context":"https:\/\/schema.org","@graph":[{"@type":"WebPage","@id":"https:\/\/testwebsite.citygame.com\/sk\/games\/enschede\/secrets-of-enschede\/","url":"https:\/\/testwebsite.citygame.com\/sk\/games\/enschede\/secrets-of-enschede\/","name":"Secrets of Enschede - City Game","isPartOf":{"@id":"https:\/\/testwebsite.upevents.nl\/#website"},"primaryImageOfPage":{"@id":"https:\/\/testwebsite.citygame.com\/sk\/games\/enschede\/secrets-of-enschede\/#primaryimage"},"image":{"@id":"https:\/\/testwebsite.citygame.com\/sk\/games\/enschede\/secrets-of-enschede\/#primaryimage"},"thumbnailUrl":"https:\/\/testwebsite.citygame.com\/wp-content\/blogs.dir\/1\/files\/sites\/62\/2026\/01\/enschede-woman-playing-city-game-on-phone.jpg","datePublished":"2026-01-27T14:59:59+00:00","dateModified":"2026-04-09T08:37:17+00:00","description":"Secrets of Enschede. Zahrajte si samoobslu\u017en\u00fa mestsk\u00fa hru a objavte mesto prostredn\u00edctvom h\u00e1daniek, r\u00e9busov a v\u00fdziev. Hrajte vlastn\u00fdm tempom a objavujte ako miestny!","breadcrumb":{"@id":"https:\/\/testwebsite.citygame.com\/sk\/games\/enschede\/secrets-of-enschede\/#breadcrumb"},"inLanguage":"sk-SK","potentialAction":[{"@type":"ReadAction","target":["https:\/\/testwebsite.citygame.com\/sk\/games\/enschede\/secrets-of-enschede\/"]}]},{"@type":"ImageObject","inLanguage":"sk-SK","@id":"https:\/\/testwebsite.citygame.com\/sk\/games\/enschede\/secrets-of-enschede\/#primaryimage","url":"https:\/\/testwebsite.citygame.com\/wp-content\/blogs.dir\/1\/files\/sites\/62\/2026\/01\/enschede-woman-playing-city-game-on-phone.jpg","contentUrl":"https:\/\/testwebsite.citygame.com\/wp-content\/blogs.dir\/1\/files\/sites\/62\/2026\/01\/enschede-woman-playing-city-game-on-phone.jpg","width":704,"height":1472,"caption":"A player uses her smartphone to discover secrets on a historic street in the city of Enschede."},{"@type":"BreadcrumbList","@id":"https:\/\/testwebsite.citygame.com\/sk\/games\/enschede\/secrets-of-enschede\/#breadcrumb","itemListElement":[{"@type":"ListItem","position":1,"name":"Home","item":"https:\/\/testwebsite.citygame.com\/sk\/"},{"@type":"ListItem","position":2,"name":"Shop","item":"https:\/\/testwebsite.citygame.com\/shop\/"},{"@type":"ListItem","position":3,"name":"Secrets of Enschede"}]},{"@type":"WebSite","@id":"https:\/\/testwebsite.upevents.nl\/#website","url":"https:\/\/testwebsite.upevents.nl\/","name":"City Game","description":"","publisher":{"@id":"https:\/\/testwebsite.upevents.nl\/#organization"},"alternateName":"citygame.com","potentialAction":[{"@type":"SearchAction","target":{"@type":"EntryPoint","urlTemplate":"https:\/\/testwebsite.upevents.nl\/?s={search_term_string}"},"query-input":{"@type":"PropertyValueSpecification","valueRequired":true,"valueName":"search_term_string"}}],"inLanguage":"sk-SK"},{"@type":["Organization","Place"],"@id":"https:\/\/testwebsite.upevents.nl\/#organization","name":"City Game","alternateName":"citygame.com","url":"https:\/\/testwebsite.upevents.nl\/","logo":{"@id":"https:\/\/testwebsite.citygame.com\/sk\/games\/enschede\/secrets-of-enschede\/#local-main-organization-logo"},"image":{"@id":"https:\/\/testwebsite.citygame.com\/sk\/games\/enschede\/secrets-of-enschede\/#local-main-organization-logo"},"sameAs":["https:\/\/www.facebook.com\/profile.php?id=100086426226253","https:\/\/www.instagram.com\/citygame_com","https:\/\/www.tiktok.com\/@citygamecom\/","https:\/\/www.linkedin.com\/company\/citygame-com"],"description":"Turn any city into a playground with our interactive City Games and self-guided tours. Fun, flexible, and ideal for groups and team building.","telephone":[],"openingHoursSpecification":[{"@type":"OpeningHoursSpecification","dayOfWeek":["Monday","Tuesday","Wednesday","Thursday","Friday","Saturday","Sunday"],"opens":"09:00","closes":"17:00"}]},{"@type":"ImageObject","inLanguage":"sk-SK","@id":"https:\/\/testwebsite.citygame.com\/sk\/games\/enschede\/secrets-of-enschede\/#local-main-organization-logo","url":"https:\/\/testwebsite.citygame.com\/wp-content\/blogs.dir\/1\/files\/sites\/62\/2025\/10\/CG_LOGO-City-Game.png","contentUrl":"https:\/\/testwebsite.citygame.com\/wp-content\/blogs.dir\/1\/files\/sites\/62\/2025\/10\/CG_LOGO-City-Game.png","width":351,"height":377,"caption":"City Game"}]}},"taxonomy_info":{"game-concept":[{"value":727,"label":"Secrets"}],"location":[{"value":157,"label":"Enschede"}],"product_cat":[{"value":27,"label":"Geen categorie"}]},"featured_image_src_large":["https:\/\/testwebsite.citygame.com\/wp-content\/blogs.dir\/1\/files\/sites\/62\/2026\/01\/enschede-woman-playing-city-game-on-phone-490x1024.jpg",490,1024,true],"author_info":[],"comment_info":"","_links":{"self":[{"href":"https:\/\/testwebsite.citygame.com\/sk\/wp-json\/wp\/v2\/product\/67239","targetHints":{"allow":["GET"]}}],"collection":[{"href":"https:\/\/testwebsite.citygame.com\/sk\/wp-json\/wp\/v2\/product"}],"about":[{"href":"https:\/\/testwebsite.citygame.com\/sk\/wp-json\/wp\/v2\/types\/product"}],"acf:post":[{"embeddable":true,"href":"https:\/\/testwebsite.citygame.com\/sk\/wp-json\/wp\/v2\/pages\/4798"}],"wp:featuredmedia":[{"embeddable":true,"href":"https:\/\/testwebsite.citygame.com\/sk\/wp-json\/wp\/v2\/media\/5132"}],"wp:attachment":[{"href":"https:\/\/testwebsite.citygame.com\/sk\/wp-json\/wp\/v2\/media?parent=67239"}],"wp:term":[{"taxonomy":"game-concept","embeddable":true,"href":"https:\/\/testwebsite.citygame.com\/sk\/wp-json\/wp\/v2\/game-concept?post=67239"},{"taxonomy":"location","embeddable":true,"href":"https:\/\/testwebsite.citygame.com\/sk\/wp-json\/wp\/v2\/location?post=67239"},{"taxonomy":"product_brand","embeddable":true,"href":"https:\/\/testwebsite.citygame.com\/sk\/wp-json\/wp\/v2\/product_brand?post=67239"},{"taxonomy":"product_cat","embeddable":true,"href":"https:\/\/testwebsite.citygame.com\/sk\/wp-json\/wp\/v2\/product_cat?post=67239"},{"taxonomy":"product_tag","embeddable":true,"href":"https:\/\/testwebsite.citygame.com\/sk\/wp-json\/wp\/v2\/product_tag?post=67239"}],"curies":[{"name":"wp","href":"https:\/\/api.w.org\/{rel}","templated":true}]}}