{"id":66892,"date":"2026-03-16T11:20:36","date_gmt":"2026-03-16T11:20:36","guid":{"rendered":"https:\/\/testwebsite.citygame.com\/games\/unknown-location\/secrets-of-zierikzee\/"},"modified":"2026-04-09T00:11:54","modified_gmt":"2026-04-09T00:11:54","slug":"secrets-of-zierikzee","status":"publish","type":"product","link":"https:\/\/testwebsite.citygame.com\/sk\/games\/zierikzee\/secrets-of-zierikzee\/","title":{"rendered":"Secrets of Zierikzee"},"content":{"rendered":"<p>Vitajte v mestskej hre &#8220;Secrets of Zierikzee&#8221;, samoobslu\u017enej prieskumnej hre, ktor\u00e1 sa odohr\u00e1va v historickom centre Zierikzee. Ako hra zalo\u017een\u00e1 na GPS budete pou\u017e\u00edva\u0165 svoj smartf\u00f3n na prech\u00e1dzanie o\u010daruj\u00facimi ulicami, rie\u0161enie zauj\u00edmav\u00fdch h\u00e1daniek, hlavolamov, \u00fa\u010das\u0165 na fotografick\u00fdch v\u00fdzvach, pri\u010dom odhal\u00edte fascinuj\u00facu minulos\u0165 mesta. Ponorte sa do bohatej hist\u00f3rie Zierikzee, ponorte sa do jeho kult\u00fary a objavte skryt\u00e9 detaily. T\u00e1to mestsk\u00e1 hra je ide\u00e1lna pre n\u00e1v\u0161tevn\u00edkov aj miestnych obyvate\u013eov a pon\u00faka jedine\u010dn\u00fd sp\u00f4sob, ako vidie\u0165 mesto z novej perspekt\u00edvy. \u010ci u\u017e ste s\u00f3lov\u00fd dobrodruh, p\u00e1r h\u013eadaj\u00faci in\u00fd druh rande, rodina, ktor\u00e1 sa chce spolo\u010dne u\u010di\u0165, alebo skupina priate\u013eov, ktor\u00ed h\u013eadaj\u00fa z\u00e1bavn\u00fd de\u0148, Zierikzee City Game je ide\u00e1lnou vo\u013ebou.<\/p>\n","protected":false},"excerpt":{"rendered":"<p>Za\u017eite vzne\u0161enos\u0165 a tajomstv\u00e1 Zierikzee! Prejdite mestom, kde sa starovek\u00e1 hist\u00f3ria prel\u00edna s neust\u00e1le prekvitaj\u00facou kult\u00farou, od st\u00e1ro\u010dn\u00fdch pamiatok po ru\u0161n\u00e9 miestne trhy. Ponorte sa do z\u00e1hadn\u00e9ho p\u00f4vabu, ke\u010f rozl\u00fa\u0161tite stopy naprie\u010d jeho o\u010daruj\u00facou scen\u00e9riou, Zierikzee s\u013eubuje intrigy a fascin\u00e1ciu na ka\u017edom rohu!<\/p>\n","protected":false},"featured_media":19070,"template":"","meta":{"_acf_changed":false,"_yoast_wpseo_focuskw":"Secrets of Zierikzee","_yoast_wpseo_metadesc":"Secrets of Zierikzee. Hrajte samoobslu\u017en\u00fa mestsk\u00fa hru a objavujte mesto prostredn\u00edctvom h\u00e1daniek, hlavolamov a v\u00fdziev. Hrajte vlastn\u00fdm tempom a objavujte ako miestny!","_kad_blocks_custom_css":"","_kad_blocks_head_custom_js":"","_kad_blocks_body_custom_js":"","_kad_blocks_footer_custom_js":"","ghostkit_customizer_options":"","ghostkit_custom_css":"","ghostkit_custom_js_head":"","ghostkit_custom_js_foot":"","ghostkit_typography":"","_kad_post_transparent":"","_kad_post_title":"","_kad_post_layout":"","_kad_post_sidebar_id":"","_kad_post_content_style":"","_kad_post_vertical_padding":"","_kad_post_feature":"","_kad_post_feature_position":"","_kad_post_header":false,"_kad_post_footer":false,"_kad_post_classname":"","_links_to":"","_links_to_target":""},"game-concept":[727],"location":[436],"product_brand":[],"product_cat":[27],"product_tag":[],"class_list":{"0":"post-66892","1":"product","2":"type-product","3":"status-publish","4":"has-post-thumbnail","6":"game-concept-secrets","7":"location-zierikzee","8":"product_cat-geen-categorie","10":"first","11":"instock","12":"shipping-taxable","13":"purchasable","14":"product-type-simple","15":"entry","16":"content-bg","17":"loop-entry"},"acf":{"full_bokun_product_name":"Self-Guided Secrets of Zierikzee Exploration Game","location_name":"Zierikzee","bokun_calendar_widget_code":"<script type=\"text\/javascript\" src=\"https:\/\/widgets.bokun.io\/assets\/javascripts\/apps\/build\/BokunWidgetsLoader.js?bookingChannelUUID=a1e93e96-5232-4734-a595-28405f4b5a31\" async><\/script>\n     \n    <div class=\"bokunWidget\" data-src=\"https:\/\/widgets.bokun.io\/online-sales\/a1e93e96-5232-4734-a595-28405f4b5a31\/experience-calendar\/885155\"><\/div>\n    <noscript>Please enable javascript in your browser to book<\/noscript>","bokun_button_widget_code":"<script type=\"text\/javascript\" src=\"https:\/\/widgets.bokun.io\/assets\/javascripts\/apps\/build\/BokunWidgetsLoader.js?bookingChannelUUID=a1e93e96-5232-4734-a595-28405f4b5a31\" async><\/script>\n      <style> #bokun_ed001e45_5927_4f62_b470_ca766338d083 { display: inline-block; padding: .4em 1em; background: #47b82e; border-radius: 999999px; box-shadow: none; font-weight: 600; font-size: 24px; text-decoration: none; text-align: center; color: #FFFFFF; border:none; cursor: pointer; transition: background .2s ease; } #bokun_ed001e45_5927_4f62_b470_ca766338d083:hover{ background: #2f7b1f; } #bokun_ed001e45_5927_4f62_b470_ca766338d083:active{ background: #378f24; } <\/style> <button class=\"bokunButton\" disabled id=bokun_ed001e45_5927_4f62_b470_ca766338d083 data-src=\"https:\/\/widgets.bokun.io\/online-sales\/a1e93e96-5232-4734-a595-28405f4b5a31\/experience-calendar\/885155?partialView=1\" data-testid=\"widget-book-button\" > Book now <\/button> ","what_you\u2019ll_experience_during_the_game":"Po\u010das mestskej hry 'Secrets of Zierikzee' sa ponor\u00edte do epick\u00e9ho spojenia prehliadky pamiatok a hry, pri\u010dom si prejdete m\u00e1lo zn\u00e1me klenoty mesta a ikonick\u00e9 pamiatky. Hra plynule sp\u00e1ja pohlcuj\u00faci dej s rozmanitou cestou, ktor\u00e1 sa tiahne od pr\u00edlivu a odlivu majest\u00e1tneho Star\u00e9ho pr\u00edstavu po pokojn\u00e9 z\u00e1hrady starobyl\u00e9ho Sint-Lievensmonstertoren. Ke\u010f sa budete prech\u00e1dza\u0165 po pozoruhodnom n\u00e1mornom m\u00fazeu, \u010daro pokojn\u00fdch kan\u00e1lov a elegancia svojsk\u00e9ho Noordhavenpoortu, za\u017eijete Zierikzee ako nikdy predt\u00fdm. Po\u010das tejto prieskumnej hry odhal\u00edte z\u00e1zraky Zierikzee prostredn\u00edctvom h\u00e1daniek, hlavolamov a ot\u00e1zok, ktor\u00e9 v\u00e1m ohn\u00fa myse\u013e, spojen\u00fdch s origin\u00e1lnymi fotografick\u00fdmi v\u00fdzvami, ktor\u00e9 vytv\u00e1raj\u00fa jedine\u010dn\u00e9 spomienky. Ka\u017ed\u00e1 v\u00fdzva v\u00e1s privedie bli\u017e\u0161ie k rie\u0161eniu hlavnej z\u00e1hady Zierikzee, pom\u00f4\u017ee v\u00e1m zbiera\u0165 body, odomyka\u0165 stopy a st\u00fapa\u0165 v rebr\u00ed\u010dku. Mestsk\u00e1 hra v\u00e1m umo\u017e\u0148uje neobmedzen\u00fa kontrolu \u2013 zastavte sa na oddych alebo pokra\u010dujte vo svojom h\u013eadan\u00ed vlastn\u00fdm tempom, dokonca sa pok\u00faste zabezpe\u010di\u0165 si prv\u00e9 miesto v rebr\u00ed\u010dku pre milovn\u00edkov dobrodru\u017estva, dobrodru\u017estvo Zierikzee \u010dak\u00e1!","how_to_play":"Rezervujte si prieskumn\u00fa hru, skontrolujte e-mail, ktor\u00fd v\u00e1m po\u0161leme s jednoduch\u00fdmi pokynmi, stiahnite si aplik\u00e1ciu Loquiz, prist\u00fapte k prieskumnej hre a ste pripraven\u00ed za\u010da\u0165 svoju hern\u00fa sk\u00fasenos\u0165!","start_location":"Zierikzee, Kerkplein","available_languages":["en"],"players_per_group":"1-4","duration":"1.5-2 hours","image_overlay_color_image":"https:\/\/testwebsite.citygame.com\/wp-content\/blogs.dir\/1\/files\/sites\/62\/2026\/01\/SecretsColor.svg","image_overlay_game_logo":"https:\/\/testwebsite.citygame.com\/wp-content\/blogs.dir\/1\/files\/sites\/62\/2026\/01\/SecretsLogo.png","city_page":15905,"woocommerce_general_content":null},"yoast_head":"<!-- This site is optimized with the Yoast SEO Premium plugin v26.2 (Yoast SEO v26.3) - https:\/\/yoast.com\/wordpress\/plugins\/seo\/ -->\n<title>Secrets of Zierikzee - City Game<\/title>\n<meta name=\"description\" content=\"Secrets of Zierikzee. Hrajte samoobslu\u017en\u00fa mestsk\u00fa hru a objavujte mesto prostredn\u00edctvom h\u00e1daniek, hlavolamov a v\u00fdziev. Hrajte vlastn\u00fdm tempom a objavujte ako miestny!\" \/>\n<meta name=\"robots\" content=\"noindex, follow, max-snippet:-1, max-image-preview:large, max-video-preview:-1\" \/>\n<meta property=\"og:locale\" content=\"sk_SK\" \/>\n<meta property=\"og:type\" content=\"article\" \/>\n<meta property=\"og:title\" content=\"Secrets of Zierikzee\" \/>\n<meta property=\"og:description\" content=\"Secrets of Zierikzee. Hrajte samoobslu\u017en\u00fa mestsk\u00fa hru a objavujte mesto prostredn\u00edctvom h\u00e1daniek, hlavolamov a v\u00fdziev. Hrajte vlastn\u00fdm tempom a objavujte ako miestny!\" \/>\n<meta property=\"og:url\" content=\"https:\/\/testwebsite.citygame.com\/sk\/games\/zierikzee\/secrets-of-zierikzee\/\" \/>\n<meta property=\"og:site_name\" content=\"City Game\" \/>\n<meta property=\"article:publisher\" content=\"https:\/\/www.facebook.com\/profile.php?id=100086426226253\" \/>\n<meta property=\"article:modified_time\" content=\"2026-04-09T00:11:54+00:00\" \/>\n<meta property=\"og:image\" content=\"https:\/\/testwebsite.citygame.com\/wp-content\/blogs.dir\/1\/files\/sites\/62\/2026\/03\/man-playing-a-city-game-on-his-phone-in-zierikzee.jpg\" \/>\n\t<meta property=\"og:image:width\" content=\"1024\" \/>\n\t<meta property=\"og:image:height\" content=\"1024\" \/>\n\t<meta property=\"og:image:type\" content=\"image\/jpeg\" \/>\n<meta name=\"twitter:card\" content=\"summary_large_image\" \/>\n<meta name=\"twitter:label1\" content=\"Predpokladan\u00fd \u010das \u010d\u00edtania\" \/>\n\t<meta name=\"twitter:data1\" content=\"1 min\u00fata\" \/>\n<script type=\"application\/ld+json\" class=\"yoast-schema-graph\">{\"@context\":\"https:\/\/schema.org\",\"@graph\":[{\"@type\":\"WebPage\",\"@id\":\"https:\/\/testwebsite.citygame.com\/sk\/games\/zierikzee\/secrets-of-zierikzee\/\",\"url\":\"https:\/\/testwebsite.citygame.com\/sk\/games\/zierikzee\/secrets-of-zierikzee\/\",\"name\":\"Secrets of Zierikzee - City Game\",\"isPartOf\":{\"@id\":\"https:\/\/testwebsite.upevents.nl\/#website\"},\"primaryImageOfPage\":{\"@id\":\"https:\/\/testwebsite.citygame.com\/sk\/games\/zierikzee\/secrets-of-zierikzee\/#primaryimage\"},\"image\":{\"@id\":\"https:\/\/testwebsite.citygame.com\/sk\/games\/zierikzee\/secrets-of-zierikzee\/#primaryimage\"},\"thumbnailUrl\":\"https:\/\/testwebsite.citygame.com\/wp-content\/blogs.dir\/1\/files\/sites\/62\/2026\/03\/man-playing-a-city-game-on-his-phone-in-zierikzee.jpg\",\"datePublished\":\"2026-03-16T11:20:36+00:00\",\"dateModified\":\"2026-04-09T00:11:54+00:00\",\"description\":\"Secrets of Zierikzee. Hrajte samoobslu\u017en\u00fa mestsk\u00fa hru a objavujte mesto prostredn\u00edctvom h\u00e1daniek, hlavolamov a v\u00fdziev. Hrajte vlastn\u00fdm tempom a objavujte ako miestny!\",\"breadcrumb\":{\"@id\":\"https:\/\/testwebsite.citygame.com\/sk\/games\/zierikzee\/secrets-of-zierikzee\/#breadcrumb\"},\"inLanguage\":\"sk-SK\",\"potentialAction\":[{\"@type\":\"ReadAction\",\"target\":[\"https:\/\/testwebsite.citygame.com\/sk\/games\/zierikzee\/secrets-of-zierikzee\/\"]}]},{\"@type\":\"ImageObject\",\"inLanguage\":\"sk-SK\",\"@id\":\"https:\/\/testwebsite.citygame.com\/sk\/games\/zierikzee\/secrets-of-zierikzee\/#primaryimage\",\"url\":\"https:\/\/testwebsite.citygame.com\/wp-content\/blogs.dir\/1\/files\/sites\/62\/2026\/03\/man-playing-a-city-game-on-his-phone-in-zierikzee.jpg\",\"contentUrl\":\"https:\/\/testwebsite.citygame.com\/wp-content\/blogs.dir\/1\/files\/sites\/62\/2026\/03\/man-playing-a-city-game-on-his-phone-in-zierikzee.jpg\",\"width\":1024,\"height\":1024,\"caption\":\"A player uses their smartphone to explore the historic streets of a Dutch town.\"},{\"@type\":\"BreadcrumbList\",\"@id\":\"https:\/\/testwebsite.citygame.com\/sk\/games\/zierikzee\/secrets-of-zierikzee\/#breadcrumb\",\"itemListElement\":[{\"@type\":\"ListItem\",\"position\":1,\"name\":\"Home\",\"item\":\"https:\/\/testwebsite.citygame.com\/sk\/\"},{\"@type\":\"ListItem\",\"position\":2,\"name\":\"Shop\",\"item\":\"https:\/\/testwebsite.citygame.com\/shop\/\"},{\"@type\":\"ListItem\",\"position\":3,\"name\":\"Secrets of Zierikzee\"}]},{\"@type\":\"WebSite\",\"@id\":\"https:\/\/testwebsite.upevents.nl\/#website\",\"url\":\"https:\/\/testwebsite.upevents.nl\/\",\"name\":\"City Game\",\"description\":\"\",\"publisher\":{\"@id\":\"https:\/\/testwebsite.upevents.nl\/#organization\"},\"alternateName\":\"citygame.com\",\"potentialAction\":[{\"@type\":\"SearchAction\",\"target\":{\"@type\":\"EntryPoint\",\"urlTemplate\":\"https:\/\/testwebsite.upevents.nl\/?s={search_term_string}\"},\"query-input\":{\"@type\":\"PropertyValueSpecification\",\"valueRequired\":true,\"valueName\":\"search_term_string\"}}],\"inLanguage\":\"sk-SK\"},{\"@type\":[\"Organization\",\"Place\"],\"@id\":\"https:\/\/testwebsite.upevents.nl\/#organization\",\"name\":\"City Game\",\"alternateName\":\"citygame.com\",\"url\":\"https:\/\/testwebsite.upevents.nl\/\",\"logo\":{\"@id\":\"https:\/\/testwebsite.citygame.com\/sk\/games\/zierikzee\/secrets-of-zierikzee\/#local-main-organization-logo\"},\"image\":{\"@id\":\"https:\/\/testwebsite.citygame.com\/sk\/games\/zierikzee\/secrets-of-zierikzee\/#local-main-organization-logo\"},\"sameAs\":[\"https:\/\/www.facebook.com\/profile.php?id=100086426226253\",\"https:\/\/www.instagram.com\/citygame_com\",\"https:\/\/www.tiktok.com\/@citygamecom\/\",\"https:\/\/www.linkedin.com\/company\/citygame-com\"],\"description\":\"Turn any city into a playground with our interactive City Games and self-guided tours. Fun, flexible, and ideal for groups and team building.\",\"telephone\":[],\"openingHoursSpecification\":[{\"@type\":\"OpeningHoursSpecification\",\"dayOfWeek\":[\"Monday\",\"Tuesday\",\"Wednesday\",\"Thursday\",\"Friday\",\"Saturday\",\"Sunday\"],\"opens\":\"09:00\",\"closes\":\"17:00\"}]},{\"@type\":\"ImageObject\",\"inLanguage\":\"sk-SK\",\"@id\":\"https:\/\/testwebsite.citygame.com\/sk\/games\/zierikzee\/secrets-of-zierikzee\/#local-main-organization-logo\",\"url\":\"https:\/\/testwebsite.citygame.com\/wp-content\/blogs.dir\/1\/files\/sites\/62\/2025\/10\/CG_LOGO-City-Game.png\",\"contentUrl\":\"https:\/\/testwebsite.citygame.com\/wp-content\/blogs.dir\/1\/files\/sites\/62\/2025\/10\/CG_LOGO-City-Game.png\",\"width\":351,\"height\":377,\"caption\":\"City Game\"}]}<\/script>\n<!-- \/ Yoast SEO Premium plugin. -->","yoast_head_json":{"title":"Secrets of Zierikzee - City Game","description":"Secrets of Zierikzee. Hrajte samoobslu\u017en\u00fa mestsk\u00fa hru a objavujte mesto prostredn\u00edctvom h\u00e1daniek, hlavolamov a v\u00fdziev. Hrajte vlastn\u00fdm tempom a objavujte ako miestny!","robots":{"index":"noindex","follow":"follow","max-snippet":"max-snippet:-1","max-image-preview":"max-image-preview:large","max-video-preview":"max-video-preview:-1"},"og_locale":"sk_SK","og_type":"article","og_title":"Secrets of Zierikzee","og_description":"Secrets of Zierikzee. Hrajte samoobslu\u017en\u00fa mestsk\u00fa hru a objavujte mesto prostredn\u00edctvom h\u00e1daniek, hlavolamov a v\u00fdziev. Hrajte vlastn\u00fdm tempom a objavujte ako miestny!","og_url":"https:\/\/testwebsite.citygame.com\/sk\/games\/zierikzee\/secrets-of-zierikzee\/","og_site_name":"City Game","article_publisher":"https:\/\/www.facebook.com\/profile.php?id=100086426226253","article_modified_time":"2026-04-09T00:11:54+00:00","og_image":[{"width":1024,"height":1024,"url":"https:\/\/testwebsite.citygame.com\/wp-content\/blogs.dir\/1\/files\/sites\/62\/2026\/03\/man-playing-a-city-game-on-his-phone-in-zierikzee.jpg","type":"image\/jpeg"}],"twitter_card":"summary_large_image","twitter_misc":{"Predpokladan\u00fd \u010das \u010d\u00edtania":"1 min\u00fata"},"schema":{"@context":"https:\/\/schema.org","@graph":[{"@type":"WebPage","@id":"https:\/\/testwebsite.citygame.com\/sk\/games\/zierikzee\/secrets-of-zierikzee\/","url":"https:\/\/testwebsite.citygame.com\/sk\/games\/zierikzee\/secrets-of-zierikzee\/","name":"Secrets of Zierikzee - City Game","isPartOf":{"@id":"https:\/\/testwebsite.upevents.nl\/#website"},"primaryImageOfPage":{"@id":"https:\/\/testwebsite.citygame.com\/sk\/games\/zierikzee\/secrets-of-zierikzee\/#primaryimage"},"image":{"@id":"https:\/\/testwebsite.citygame.com\/sk\/games\/zierikzee\/secrets-of-zierikzee\/#primaryimage"},"thumbnailUrl":"https:\/\/testwebsite.citygame.com\/wp-content\/blogs.dir\/1\/files\/sites\/62\/2026\/03\/man-playing-a-city-game-on-his-phone-in-zierikzee.jpg","datePublished":"2026-03-16T11:20:36+00:00","dateModified":"2026-04-09T00:11:54+00:00","description":"Secrets of Zierikzee. Hrajte samoobslu\u017en\u00fa mestsk\u00fa hru a objavujte mesto prostredn\u00edctvom h\u00e1daniek, hlavolamov a v\u00fdziev. Hrajte vlastn\u00fdm tempom a objavujte ako miestny!","breadcrumb":{"@id":"https:\/\/testwebsite.citygame.com\/sk\/games\/zierikzee\/secrets-of-zierikzee\/#breadcrumb"},"inLanguage":"sk-SK","potentialAction":[{"@type":"ReadAction","target":["https:\/\/testwebsite.citygame.com\/sk\/games\/zierikzee\/secrets-of-zierikzee\/"]}]},{"@type":"ImageObject","inLanguage":"sk-SK","@id":"https:\/\/testwebsite.citygame.com\/sk\/games\/zierikzee\/secrets-of-zierikzee\/#primaryimage","url":"https:\/\/testwebsite.citygame.com\/wp-content\/blogs.dir\/1\/files\/sites\/62\/2026\/03\/man-playing-a-city-game-on-his-phone-in-zierikzee.jpg","contentUrl":"https:\/\/testwebsite.citygame.com\/wp-content\/blogs.dir\/1\/files\/sites\/62\/2026\/03\/man-playing-a-city-game-on-his-phone-in-zierikzee.jpg","width":1024,"height":1024,"caption":"A player uses their smartphone to explore the historic streets of a Dutch town."},{"@type":"BreadcrumbList","@id":"https:\/\/testwebsite.citygame.com\/sk\/games\/zierikzee\/secrets-of-zierikzee\/#breadcrumb","itemListElement":[{"@type":"ListItem","position":1,"name":"Home","item":"https:\/\/testwebsite.citygame.com\/sk\/"},{"@type":"ListItem","position":2,"name":"Shop","item":"https:\/\/testwebsite.citygame.com\/shop\/"},{"@type":"ListItem","position":3,"name":"Secrets of Zierikzee"}]},{"@type":"WebSite","@id":"https:\/\/testwebsite.upevents.nl\/#website","url":"https:\/\/testwebsite.upevents.nl\/","name":"City Game","description":"","publisher":{"@id":"https:\/\/testwebsite.upevents.nl\/#organization"},"alternateName":"citygame.com","potentialAction":[{"@type":"SearchAction","target":{"@type":"EntryPoint","urlTemplate":"https:\/\/testwebsite.upevents.nl\/?s={search_term_string}"},"query-input":{"@type":"PropertyValueSpecification","valueRequired":true,"valueName":"search_term_string"}}],"inLanguage":"sk-SK"},{"@type":["Organization","Place"],"@id":"https:\/\/testwebsite.upevents.nl\/#organization","name":"City Game","alternateName":"citygame.com","url":"https:\/\/testwebsite.upevents.nl\/","logo":{"@id":"https:\/\/testwebsite.citygame.com\/sk\/games\/zierikzee\/secrets-of-zierikzee\/#local-main-organization-logo"},"image":{"@id":"https:\/\/testwebsite.citygame.com\/sk\/games\/zierikzee\/secrets-of-zierikzee\/#local-main-organization-logo"},"sameAs":["https:\/\/www.facebook.com\/profile.php?id=100086426226253","https:\/\/www.instagram.com\/citygame_com","https:\/\/www.tiktok.com\/@citygamecom\/","https:\/\/www.linkedin.com\/company\/citygame-com"],"description":"Turn any city into a playground with our interactive City Games and self-guided tours. Fun, flexible, and ideal for groups and team building.","telephone":[],"openingHoursSpecification":[{"@type":"OpeningHoursSpecification","dayOfWeek":["Monday","Tuesday","Wednesday","Thursday","Friday","Saturday","Sunday"],"opens":"09:00","closes":"17:00"}]},{"@type":"ImageObject","inLanguage":"sk-SK","@id":"https:\/\/testwebsite.citygame.com\/sk\/games\/zierikzee\/secrets-of-zierikzee\/#local-main-organization-logo","url":"https:\/\/testwebsite.citygame.com\/wp-content\/blogs.dir\/1\/files\/sites\/62\/2025\/10\/CG_LOGO-City-Game.png","contentUrl":"https:\/\/testwebsite.citygame.com\/wp-content\/blogs.dir\/1\/files\/sites\/62\/2025\/10\/CG_LOGO-City-Game.png","width":351,"height":377,"caption":"City Game"}]}},"taxonomy_info":{"game-concept":[{"value":727,"label":"Secrets"}],"location":[{"value":436,"label":"Zierikzee"}],"product_cat":[{"value":27,"label":"Geen categorie"}]},"featured_image_src_large":["https:\/\/testwebsite.citygame.com\/wp-content\/blogs.dir\/1\/files\/sites\/62\/2026\/03\/man-playing-a-city-game-on-his-phone-in-zierikzee.jpg",1024,1024,false],"author_info":[],"comment_info":"","_links":{"self":[{"href":"https:\/\/testwebsite.citygame.com\/sk\/wp-json\/wp\/v2\/product\/66892","targetHints":{"allow":["GET"]}}],"collection":[{"href":"https:\/\/testwebsite.citygame.com\/sk\/wp-json\/wp\/v2\/product"}],"about":[{"href":"https:\/\/testwebsite.citygame.com\/sk\/wp-json\/wp\/v2\/types\/product"}],"acf:post":[{"embeddable":true,"href":"https:\/\/testwebsite.citygame.com\/sk\/wp-json\/wp\/v2\/pages\/15905"}],"wp:featuredmedia":[{"embeddable":true,"href":"https:\/\/testwebsite.citygame.com\/sk\/wp-json\/wp\/v2\/media\/19070"}],"wp:attachment":[{"href":"https:\/\/testwebsite.citygame.com\/sk\/wp-json\/wp\/v2\/media?parent=66892"}],"wp:term":[{"taxonomy":"game-concept","embeddable":true,"href":"https:\/\/testwebsite.citygame.com\/sk\/wp-json\/wp\/v2\/game-concept?post=66892"},{"taxonomy":"location","embeddable":true,"href":"https:\/\/testwebsite.citygame.com\/sk\/wp-json\/wp\/v2\/location?post=66892"},{"taxonomy":"product_brand","embeddable":true,"href":"https:\/\/testwebsite.citygame.com\/sk\/wp-json\/wp\/v2\/product_brand?post=66892"},{"taxonomy":"product_cat","embeddable":true,"href":"https:\/\/testwebsite.citygame.com\/sk\/wp-json\/wp\/v2\/product_cat?post=66892"},{"taxonomy":"product_tag","embeddable":true,"href":"https:\/\/testwebsite.citygame.com\/sk\/wp-json\/wp\/v2\/product_tag?post=66892"}],"curies":[{"name":"wp","href":"https:\/\/api.w.org\/{rel}","templated":true}]}}