{"id":66830,"date":"2026-03-16T10:23:32","date_gmt":"2026-03-16T10:23:32","guid":{"rendered":"https:\/\/testwebsite.citygame.com\/games\/unknown-location\/secrets-of-volendam\/"},"modified":"2026-04-08T23:37:19","modified_gmt":"2026-04-08T23:37:19","slug":"secrets-of-volendam","status":"publish","type":"product","link":"https:\/\/testwebsite.citygame.com\/sk\/games\/volendam\/secrets-of-volendam\/","title":{"rendered":"Secrets of Volendam"},"content":{"rendered":"<p>Ponorte sa do holandsk\u00e9ho \u0161armu s mestskou hrou Secrets of Volendam City Game, samoobslu\u017enou hrou s GPS, ktor\u00e1 sa odohr\u00e1va v centre Volendamu. Ke\u010f sa hr\u00e1\u010di pohybuj\u00fa touto \u017eivou ryb\u00e1rskou dedinou pomocou smartf\u00f3nu, stretn\u00fa sa s podnetn\u00fdmi h\u00e1dankami, p\u00fatav\u00fdmi hlavolamami a z\u00e1bavn\u00fdmi fotografick\u00fdmi v\u00fdzvami, ktor\u00e9 umoc\u0148uj\u00fa ich prieskumn\u00fa hru. Pri prech\u00e1dzan\u00ed touto malebnou krajinou odhal\u00ed ka\u017ed\u00e1 vyrie\u0161en\u00e1 ind\u00edcia zauj\u00edmav\u00e9 k\u00fasky podmanivej hist\u00f3rie Volendamu, bohatej kult\u00fary a menej zn\u00e1mych detailov. City Game Volendam nie je len pre turistov, je to aj z\u00e1bavn\u00fd sp\u00f4sob, ako m\u00f4\u017eu miestni obyvatelia znovu objavi\u0165 svoje mesto. \u010ci u\u017e ste s\u00f3lo cestovate\u013e, p\u00e1r na romantickom \u00fateku, rodina h\u013eadaj\u00faca dobrodru\u017estvo alebo skupina priate\u013eov, tento prieskum vedie k jedine\u010dn\u00e9mu z\u00e1\u017eitku, odha\u013euj\u00fac Volendam tak, ako ste ho e\u0161te nikdy nevideli.<\/p>\n","protected":false},"excerpt":{"rendered":"<p>Za\u017eite \u010daro a dedi\u010dstvo Volendamu! Ponorte sa do dedinky, kde sa trad\u00edcia stret\u00e1va s morom a ozveny hist\u00f3rie o\u017e\u00edvaj\u00fa od ikonick\u00fdch vetern\u00fdch mlynov po malebn\u00e9 dreven\u00e9 dom\u010deky. Poskladajte dieliky sklada\u010dky pri prech\u00e1dzan\u00ed o\u010daruj\u00facim srdcom Volendamu, pr\u00edstavom pln\u00fdm o\u010daruj\u00facich prekvapen\u00ed na ka\u017edom rohu!<\/p>\n","protected":false},"featured_media":19028,"template":"","meta":{"_acf_changed":false,"_yoast_wpseo_focuskw":"Secrets of Volendam","_yoast_wpseo_metadesc":"Secrets of Volendam. Hrajte samoobslu\u017en\u00fa mestsk\u00fa hru a objavujte mesto prostredn\u00edctvom hlavolamov, h\u00e1daniek a v\u00fdziev. Hrajte vlastn\u00fdm tempom a objavujte ako miestni!","_kad_blocks_custom_css":"","_kad_blocks_head_custom_js":"","_kad_blocks_body_custom_js":"","_kad_blocks_footer_custom_js":"","ghostkit_customizer_options":"","ghostkit_custom_css":"","ghostkit_custom_js_head":"","ghostkit_custom_js_foot":"","ghostkit_typography":"","_kad_post_transparent":"","_kad_post_title":"","_kad_post_layout":"","_kad_post_sidebar_id":"","_kad_post_content_style":"","_kad_post_vertical_padding":"","_kad_post_feature":"","_kad_post_feature_position":"","_kad_post_header":false,"_kad_post_footer":false,"_kad_post_classname":"","_links_to":"","_links_to_target":""},"game-concept":[727],"location":[424],"product_brand":[],"product_cat":[27],"product_tag":[],"class_list":{"0":"post-66830","1":"product","2":"type-product","3":"status-publish","4":"has-post-thumbnail","6":"game-concept-secrets","7":"location-volendam","8":"product_cat-geen-categorie","10":"first","11":"instock","12":"shipping-taxable","13":"purchasable","14":"product-type-simple","15":"entry","16":"content-bg","17":"loop-entry"},"acf":{"full_bokun_product_name":"Self-Guided Secrets of Volendam Exploration Game","location_name":"Volendam","bokun_calendar_widget_code":"<script type=\"text\/javascript\" src=\"https:\/\/widgets.bokun.io\/assets\/javascripts\/apps\/build\/BokunWidgetsLoader.js?bookingChannelUUID=a1e93e96-5232-4734-a595-28405f4b5a31\" async><\/script>\n     \n    <div class=\"bokunWidget\" data-src=\"https:\/\/widgets.bokun.io\/online-sales\/a1e93e96-5232-4734-a595-28405f4b5a31\/experience-calendar\/885161\"><\/div>\n    <noscript>Please enable javascript in your browser to book<\/noscript>","bokun_button_widget_code":"<script type=\"text\/javascript\" src=\"https:\/\/widgets.bokun.io\/assets\/javascripts\/apps\/build\/BokunWidgetsLoader.js?bookingChannelUUID=a1e93e96-5232-4734-a595-28405f4b5a31\" async><\/script>\n      <style> #bokun_ed001e45_5927_4f62_b470_ca766338d083 { display: inline-block; padding: .4em 1em; background: #47b82e; border-radius: 999999px; box-shadow: none; font-weight: 600; font-size: 24px; text-decoration: none; text-align: center; color: #FFFFFF; border:none; cursor: pointer; transition: background .2s ease; } #bokun_ed001e45_5927_4f62_b470_ca766338d083:hover{ background: #2f7b1f; } #bokun_ed001e45_5927_4f62_b470_ca766338d083:active{ background: #378f24; } <\/style> <button class=\"bokunButton\" disabled id=bokun_ed001e45_5927_4f62_b470_ca766338d083 data-src=\"https:\/\/widgets.bokun.io\/online-sales\/a1e93e96-5232-4734-a595-28405f4b5a31\/experience-calendar\/885161?partialView=1\" data-testid=\"widget-book-button\" > Book now <\/button> ","what_you\u2019ll_experience_during_the_game":"V malebnom meste\u010dku Volendam sa vyd\u00e1te na jedine\u010dn\u00fa mestsk\u00fa hru City Game, cestu, ktor\u00e1 dokonale sp\u00e1ja prehliadku pam\u00e4tihodnost\u00ed s pohlcuj\u00facim dejom a s\u00e9riou interakt\u00edvnych v\u00fdziev. Stratte sa v \u010dare \u00fazkych uli\u010diek a nad\u010dasovej architekt\u00fary Volendamu, zatia\u013e \u010do v\u00e1s v\u00e1\u0161 hern\u00fd sprievodca prevedie ikonick\u00fdmi aj skryt\u00fdmi klenotmi oblasti. Objavte \u00fachvatn\u00e9 miesta, ako je ru\u0161n\u00e9 n\u00e1mestie, pokojn\u00fd pr\u00edstav a malebn\u00e9 kan\u00e1ly, \u010d\u00edm sa \u00faplne ponor\u00edte do srdca a du\u0161e tohto o\u010daruj\u00faceho holandsk\u00e9ho mesta. T\u00e1to prieskumn\u00e1 hra v\u00e1m nielen\u017ee umo\u017en\u00ed ponori\u0165 sa hlboko do bohatej hist\u00f3rie Volendamu, ale z\u00e1rove\u0148 zaru\u010duje, \u017ee ka\u017ed\u00e9 prekvapenie a z\u00e1kutie je vzru\u0161uj\u00facim momentom objavu.\n\nKe\u010f sa pohybujete po Volendame, rozl\u00fa\u0161tite s\u00e9riu hlavolamov, h\u00e1daniek a ot\u00e1zok navrhnut\u00fdch tak, aby preverili va\u0161u intu\u00edciu a kreativitu. Hra integruje najinovat\u00edvnej\u0161ie v\u00fdzvy, ako je fotografovanie nezvy\u010dajn\u00fdch sn\u00edmok, navrhnut\u00e9 tak, aby umocnili v\u00e1\u0161 z\u00e1\u017eitok pri rozmot\u00e1van\u00ed z\u00e1had, ktor\u00e9 sa skr\u00fdvaj\u00fa v tomto starobylom meste. Za ka\u017ed\u00fa splnen\u00fa \u00falohu z\u00edskate body a pom\u00f4\u017ee v\u00e1m odomkn\u00fa\u0165 rady, \u010d\u00edm sa pribl\u00ed\u017eite k rozl\u00fa\u0161teniu poslednej z\u00e1hady. Ak sa hra stane intenz\u00edvnou, m\u00e1te mo\u017enos\u0165 kedyko\u013evek ju pozastavi\u0165 a pokra\u010dova\u0165, ke\u010f budete pripraven\u00ed. Okrem toho sa s\u00fa\u0165a\u017eiv\u00ed duchovia m\u00f4\u017eu usilova\u0165 o najvy\u0161\u0161ie prie\u010dky v rebr\u00ed\u010dku hry, \u010do dod\u00e1 z\u00e1\u017eitku vzru\u0161uj\u00faci rozmer. T\u00e1to p\u00fatav\u00e1 mestsk\u00e1 hra City Game skuto\u010dne pon\u00faka osobit\u00fd a vzru\u0161uj\u00faci sp\u00f4sob, ako spozna\u0165 k\u00fazlo Volendamu.","how_to_play":"Rezervujte si prieskumn\u00fa hru, skontrolujte e-mail, ktor\u00fd v\u00e1m po\u0161leme s jednoduch\u00fdmi pokynmi, stiahnite si aplik\u00e1ciu Loquiz App, vst\u00fapte do prieskumnej hry a ste pripraven\u00ed za\u010da\u0165 svoj hern\u00fd z\u00e1\u017eitok!","start_location":"Volendam, Havendijkje","available_languages":["en"],"players_per_group":"1-4","duration":"1.5-2 hours","image_overlay_color_image":"https:\/\/testwebsite.citygame.com\/wp-content\/blogs.dir\/1\/files\/sites\/62\/2026\/01\/SecretsColor.svg","image_overlay_game_logo":"https:\/\/testwebsite.citygame.com\/wp-content\/blogs.dir\/1\/files\/sites\/62\/2026\/01\/SecretsLogo.png","city_page":15881,"woocommerce_general_content":null},"yoast_head":"<!-- This site is optimized with the Yoast SEO Premium plugin v26.2 (Yoast SEO v26.3) - https:\/\/yoast.com\/wordpress\/plugins\/seo\/ -->\n<title>Secrets of Volendam - City Game<\/title>\n<meta name=\"description\" content=\"Secrets of Volendam. Hrajte samoobslu\u017en\u00fa mestsk\u00fa hru a objavujte mesto prostredn\u00edctvom hlavolamov, h\u00e1daniek a v\u00fdziev. Hrajte vlastn\u00fdm tempom a objavujte ako miestni!\" \/>\n<meta name=\"robots\" content=\"noindex, follow, max-snippet:-1, max-image-preview:large, max-video-preview:-1\" \/>\n<meta property=\"og:locale\" content=\"sk_SK\" \/>\n<meta property=\"og:type\" content=\"article\" \/>\n<meta property=\"og:title\" content=\"Secrets of Volendam\" \/>\n<meta property=\"og:description\" content=\"Secrets of Volendam. Hrajte samoobslu\u017en\u00fa mestsk\u00fa hru a objavujte mesto prostredn\u00edctvom hlavolamov, h\u00e1daniek a v\u00fdziev. Hrajte vlastn\u00fdm tempom a objavujte ako miestni!\" \/>\n<meta property=\"og:url\" content=\"https:\/\/testwebsite.citygame.com\/sk\/games\/volendam\/secrets-of-volendam\/\" \/>\n<meta property=\"og:site_name\" content=\"City Game\" \/>\n<meta property=\"article:publisher\" content=\"https:\/\/www.facebook.com\/profile.php?id=100086426226253\" \/>\n<meta property=\"article:modified_time\" content=\"2026-04-08T23:37:19+00:00\" \/>\n<meta property=\"og:image\" content=\"https:\/\/testwebsite.citygame.com\/wp-content\/blogs.dir\/1\/files\/sites\/62\/2026\/03\/volendam-players-city-game-vincentius-church.jpg\" \/>\n\t<meta property=\"og:image:width\" content=\"1024\" \/>\n\t<meta property=\"og:image:height\" content=\"1024\" \/>\n\t<meta property=\"og:image:type\" content=\"image\/jpeg\" \/>\n<meta name=\"twitter:card\" content=\"summary_large_image\" \/>\n<meta name=\"twitter:label1\" content=\"Predpokladan\u00fd \u010das \u010d\u00edtania\" \/>\n\t<meta name=\"twitter:data1\" content=\"1 min\u00fata\" \/>\n<script type=\"application\/ld+json\" class=\"yoast-schema-graph\">{\"@context\":\"https:\/\/schema.org\",\"@graph\":[{\"@type\":\"WebPage\",\"@id\":\"https:\/\/testwebsite.citygame.com\/sk\/games\/volendam\/secrets-of-volendam\/\",\"url\":\"https:\/\/testwebsite.citygame.com\/sk\/games\/volendam\/secrets-of-volendam\/\",\"name\":\"Secrets of Volendam - City Game\",\"isPartOf\":{\"@id\":\"https:\/\/testwebsite.upevents.nl\/#website\"},\"primaryImageOfPage\":{\"@id\":\"https:\/\/testwebsite.citygame.com\/sk\/games\/volendam\/secrets-of-volendam\/#primaryimage\"},\"image\":{\"@id\":\"https:\/\/testwebsite.citygame.com\/sk\/games\/volendam\/secrets-of-volendam\/#primaryimage\"},\"thumbnailUrl\":\"https:\/\/testwebsite.citygame.com\/wp-content\/blogs.dir\/1\/files\/sites\/62\/2026\/03\/volendam-players-city-game-vincentius-church.jpg\",\"datePublished\":\"2026-03-16T10:23:32+00:00\",\"dateModified\":\"2026-04-08T23:37:19+00:00\",\"description\":\"Secrets of Volendam. Hrajte samoobslu\u017en\u00fa mestsk\u00fa hru a objavujte mesto prostredn\u00edctvom hlavolamov, h\u00e1daniek a v\u00fdziev. Hrajte vlastn\u00fdm tempom a objavujte ako miestni!\",\"breadcrumb\":{\"@id\":\"https:\/\/testwebsite.citygame.com\/sk\/games\/volendam\/secrets-of-volendam\/#breadcrumb\"},\"inLanguage\":\"sk-SK\",\"potentialAction\":[{\"@type\":\"ReadAction\",\"target\":[\"https:\/\/testwebsite.citygame.com\/sk\/games\/volendam\/secrets-of-volendam\/\"]}]},{\"@type\":\"ImageObject\",\"inLanguage\":\"sk-SK\",\"@id\":\"https:\/\/testwebsite.citygame.com\/sk\/games\/volendam\/secrets-of-volendam\/#primaryimage\",\"url\":\"https:\/\/testwebsite.citygame.com\/wp-content\/blogs.dir\/1\/files\/sites\/62\/2026\/03\/volendam-players-city-game-vincentius-church.jpg\",\"contentUrl\":\"https:\/\/testwebsite.citygame.com\/wp-content\/blogs.dir\/1\/files\/sites\/62\/2026\/03\/volendam-players-city-game-vincentius-church.jpg\",\"width\":1024,\"height\":1024,\"caption\":\"A group of friends looking at a smartphone while playing a city game in Volendam.\"},{\"@type\":\"BreadcrumbList\",\"@id\":\"https:\/\/testwebsite.citygame.com\/sk\/games\/volendam\/secrets-of-volendam\/#breadcrumb\",\"itemListElement\":[{\"@type\":\"ListItem\",\"position\":1,\"name\":\"Home\",\"item\":\"https:\/\/testwebsite.citygame.com\/sk\/\"},{\"@type\":\"ListItem\",\"position\":2,\"name\":\"Shop\",\"item\":\"https:\/\/testwebsite.citygame.com\/shop\/\"},{\"@type\":\"ListItem\",\"position\":3,\"name\":\"Secrets of Volendam\"}]},{\"@type\":\"WebSite\",\"@id\":\"https:\/\/testwebsite.upevents.nl\/#website\",\"url\":\"https:\/\/testwebsite.upevents.nl\/\",\"name\":\"City Game\",\"description\":\"\",\"publisher\":{\"@id\":\"https:\/\/testwebsite.upevents.nl\/#organization\"},\"alternateName\":\"citygame.com\",\"potentialAction\":[{\"@type\":\"SearchAction\",\"target\":{\"@type\":\"EntryPoint\",\"urlTemplate\":\"https:\/\/testwebsite.upevents.nl\/?s={search_term_string}\"},\"query-input\":{\"@type\":\"PropertyValueSpecification\",\"valueRequired\":true,\"valueName\":\"search_term_string\"}}],\"inLanguage\":\"sk-SK\"},{\"@type\":[\"Organization\",\"Place\"],\"@id\":\"https:\/\/testwebsite.upevents.nl\/#organization\",\"name\":\"City Game\",\"alternateName\":\"citygame.com\",\"url\":\"https:\/\/testwebsite.upevents.nl\/\",\"logo\":{\"@id\":\"https:\/\/testwebsite.citygame.com\/sk\/games\/volendam\/secrets-of-volendam\/#local-main-organization-logo\"},\"image\":{\"@id\":\"https:\/\/testwebsite.citygame.com\/sk\/games\/volendam\/secrets-of-volendam\/#local-main-organization-logo\"},\"sameAs\":[\"https:\/\/www.facebook.com\/profile.php?id=100086426226253\",\"https:\/\/www.instagram.com\/citygame_com\",\"https:\/\/www.tiktok.com\/@citygamecom\/\",\"https:\/\/www.linkedin.com\/company\/citygame-com\"],\"description\":\"Turn any city into a playground with our interactive City Games and self-guided tours. Fun, flexible, and ideal for groups and team building.\",\"telephone\":[],\"openingHoursSpecification\":[{\"@type\":\"OpeningHoursSpecification\",\"dayOfWeek\":[\"Monday\",\"Tuesday\",\"Wednesday\",\"Thursday\",\"Friday\",\"Saturday\",\"Sunday\"],\"opens\":\"09:00\",\"closes\":\"17:00\"}]},{\"@type\":\"ImageObject\",\"inLanguage\":\"sk-SK\",\"@id\":\"https:\/\/testwebsite.citygame.com\/sk\/games\/volendam\/secrets-of-volendam\/#local-main-organization-logo\",\"url\":\"https:\/\/testwebsite.citygame.com\/wp-content\/blogs.dir\/1\/files\/sites\/62\/2025\/10\/CG_LOGO-City-Game.png\",\"contentUrl\":\"https:\/\/testwebsite.citygame.com\/wp-content\/blogs.dir\/1\/files\/sites\/62\/2025\/10\/CG_LOGO-City-Game.png\",\"width\":351,\"height\":377,\"caption\":\"City Game\"}]}<\/script>\n<!-- \/ Yoast SEO Premium plugin. -->","yoast_head_json":{"title":"Secrets of Volendam - City Game","description":"Secrets of Volendam. Hrajte samoobslu\u017en\u00fa mestsk\u00fa hru a objavujte mesto prostredn\u00edctvom hlavolamov, h\u00e1daniek a v\u00fdziev. Hrajte vlastn\u00fdm tempom a objavujte ako miestni!","robots":{"index":"noindex","follow":"follow","max-snippet":"max-snippet:-1","max-image-preview":"max-image-preview:large","max-video-preview":"max-video-preview:-1"},"og_locale":"sk_SK","og_type":"article","og_title":"Secrets of Volendam","og_description":"Secrets of Volendam. Hrajte samoobslu\u017en\u00fa mestsk\u00fa hru a objavujte mesto prostredn\u00edctvom hlavolamov, h\u00e1daniek a v\u00fdziev. Hrajte vlastn\u00fdm tempom a objavujte ako miestni!","og_url":"https:\/\/testwebsite.citygame.com\/sk\/games\/volendam\/secrets-of-volendam\/","og_site_name":"City Game","article_publisher":"https:\/\/www.facebook.com\/profile.php?id=100086426226253","article_modified_time":"2026-04-08T23:37:19+00:00","og_image":[{"width":1024,"height":1024,"url":"https:\/\/testwebsite.citygame.com\/wp-content\/blogs.dir\/1\/files\/sites\/62\/2026\/03\/volendam-players-city-game-vincentius-church.jpg","type":"image\/jpeg"}],"twitter_card":"summary_large_image","twitter_misc":{"Predpokladan\u00fd \u010das \u010d\u00edtania":"1 min\u00fata"},"schema":{"@context":"https:\/\/schema.org","@graph":[{"@type":"WebPage","@id":"https:\/\/testwebsite.citygame.com\/sk\/games\/volendam\/secrets-of-volendam\/","url":"https:\/\/testwebsite.citygame.com\/sk\/games\/volendam\/secrets-of-volendam\/","name":"Secrets of Volendam - City Game","isPartOf":{"@id":"https:\/\/testwebsite.upevents.nl\/#website"},"primaryImageOfPage":{"@id":"https:\/\/testwebsite.citygame.com\/sk\/games\/volendam\/secrets-of-volendam\/#primaryimage"},"image":{"@id":"https:\/\/testwebsite.citygame.com\/sk\/games\/volendam\/secrets-of-volendam\/#primaryimage"},"thumbnailUrl":"https:\/\/testwebsite.citygame.com\/wp-content\/blogs.dir\/1\/files\/sites\/62\/2026\/03\/volendam-players-city-game-vincentius-church.jpg","datePublished":"2026-03-16T10:23:32+00:00","dateModified":"2026-04-08T23:37:19+00:00","description":"Secrets of Volendam. Hrajte samoobslu\u017en\u00fa mestsk\u00fa hru a objavujte mesto prostredn\u00edctvom hlavolamov, h\u00e1daniek a v\u00fdziev. Hrajte vlastn\u00fdm tempom a objavujte ako miestni!","breadcrumb":{"@id":"https:\/\/testwebsite.citygame.com\/sk\/games\/volendam\/secrets-of-volendam\/#breadcrumb"},"inLanguage":"sk-SK","potentialAction":[{"@type":"ReadAction","target":["https:\/\/testwebsite.citygame.com\/sk\/games\/volendam\/secrets-of-volendam\/"]}]},{"@type":"ImageObject","inLanguage":"sk-SK","@id":"https:\/\/testwebsite.citygame.com\/sk\/games\/volendam\/secrets-of-volendam\/#primaryimage","url":"https:\/\/testwebsite.citygame.com\/wp-content\/blogs.dir\/1\/files\/sites\/62\/2026\/03\/volendam-players-city-game-vincentius-church.jpg","contentUrl":"https:\/\/testwebsite.citygame.com\/wp-content\/blogs.dir\/1\/files\/sites\/62\/2026\/03\/volendam-players-city-game-vincentius-church.jpg","width":1024,"height":1024,"caption":"A group of friends looking at a smartphone while playing a city game in Volendam."},{"@type":"BreadcrumbList","@id":"https:\/\/testwebsite.citygame.com\/sk\/games\/volendam\/secrets-of-volendam\/#breadcrumb","itemListElement":[{"@type":"ListItem","position":1,"name":"Home","item":"https:\/\/testwebsite.citygame.com\/sk\/"},{"@type":"ListItem","position":2,"name":"Shop","item":"https:\/\/testwebsite.citygame.com\/shop\/"},{"@type":"ListItem","position":3,"name":"Secrets of Volendam"}]},{"@type":"WebSite","@id":"https:\/\/testwebsite.upevents.nl\/#website","url":"https:\/\/testwebsite.upevents.nl\/","name":"City Game","description":"","publisher":{"@id":"https:\/\/testwebsite.upevents.nl\/#organization"},"alternateName":"citygame.com","potentialAction":[{"@type":"SearchAction","target":{"@type":"EntryPoint","urlTemplate":"https:\/\/testwebsite.upevents.nl\/?s={search_term_string}"},"query-input":{"@type":"PropertyValueSpecification","valueRequired":true,"valueName":"search_term_string"}}],"inLanguage":"sk-SK"},{"@type":["Organization","Place"],"@id":"https:\/\/testwebsite.upevents.nl\/#organization","name":"City Game","alternateName":"citygame.com","url":"https:\/\/testwebsite.upevents.nl\/","logo":{"@id":"https:\/\/testwebsite.citygame.com\/sk\/games\/volendam\/secrets-of-volendam\/#local-main-organization-logo"},"image":{"@id":"https:\/\/testwebsite.citygame.com\/sk\/games\/volendam\/secrets-of-volendam\/#local-main-organization-logo"},"sameAs":["https:\/\/www.facebook.com\/profile.php?id=100086426226253","https:\/\/www.instagram.com\/citygame_com","https:\/\/www.tiktok.com\/@citygamecom\/","https:\/\/www.linkedin.com\/company\/citygame-com"],"description":"Turn any city into a playground with our interactive City Games and self-guided tours. Fun, flexible, and ideal for groups and team building.","telephone":[],"openingHoursSpecification":[{"@type":"OpeningHoursSpecification","dayOfWeek":["Monday","Tuesday","Wednesday","Thursday","Friday","Saturday","Sunday"],"opens":"09:00","closes":"17:00"}]},{"@type":"ImageObject","inLanguage":"sk-SK","@id":"https:\/\/testwebsite.citygame.com\/sk\/games\/volendam\/secrets-of-volendam\/#local-main-organization-logo","url":"https:\/\/testwebsite.citygame.com\/wp-content\/blogs.dir\/1\/files\/sites\/62\/2025\/10\/CG_LOGO-City-Game.png","contentUrl":"https:\/\/testwebsite.citygame.com\/wp-content\/blogs.dir\/1\/files\/sites\/62\/2025\/10\/CG_LOGO-City-Game.png","width":351,"height":377,"caption":"City Game"}]}},"taxonomy_info":{"game-concept":[{"value":727,"label":"Secrets"}],"location":[{"value":424,"label":"Volendam"}],"product_cat":[{"value":27,"label":"Geen categorie"}]},"featured_image_src_large":["https:\/\/testwebsite.citygame.com\/wp-content\/blogs.dir\/1\/files\/sites\/62\/2026\/03\/volendam-players-city-game-vincentius-church.jpg",1024,1024,false],"author_info":[],"comment_info":"","_links":{"self":[{"href":"https:\/\/testwebsite.citygame.com\/sk\/wp-json\/wp\/v2\/product\/66830","targetHints":{"allow":["GET"]}}],"collection":[{"href":"https:\/\/testwebsite.citygame.com\/sk\/wp-json\/wp\/v2\/product"}],"about":[{"href":"https:\/\/testwebsite.citygame.com\/sk\/wp-json\/wp\/v2\/types\/product"}],"acf:post":[{"embeddable":true,"href":"https:\/\/testwebsite.citygame.com\/sk\/wp-json\/wp\/v2\/pages\/15881"}],"wp:featuredmedia":[{"embeddable":true,"href":"https:\/\/testwebsite.citygame.com\/sk\/wp-json\/wp\/v2\/media\/19028"}],"wp:attachment":[{"href":"https:\/\/testwebsite.citygame.com\/sk\/wp-json\/wp\/v2\/media?parent=66830"}],"wp:term":[{"taxonomy":"game-concept","embeddable":true,"href":"https:\/\/testwebsite.citygame.com\/sk\/wp-json\/wp\/v2\/game-concept?post=66830"},{"taxonomy":"location","embeddable":true,"href":"https:\/\/testwebsite.citygame.com\/sk\/wp-json\/wp\/v2\/location?post=66830"},{"taxonomy":"product_brand","embeddable":true,"href":"https:\/\/testwebsite.citygame.com\/sk\/wp-json\/wp\/v2\/product_brand?post=66830"},{"taxonomy":"product_cat","embeddable":true,"href":"https:\/\/testwebsite.citygame.com\/sk\/wp-json\/wp\/v2\/product_cat?post=66830"},{"taxonomy":"product_tag","embeddable":true,"href":"https:\/\/testwebsite.citygame.com\/sk\/wp-json\/wp\/v2\/product_tag?post=66830"}],"curies":[{"name":"wp","href":"https:\/\/api.w.org\/{rel}","templated":true}]}}