{"id":66551,"date":"2026-03-13T18:26:54","date_gmt":"2026-03-13T18:26:54","guid":{"rendered":"https:\/\/testwebsite.citygame.com\/games\/unknown-location\/secrets-of-katwijk-aan-zee\/"},"modified":"2026-04-08T21:11:37","modified_gmt":"2026-04-08T21:11:37","slug":"secrets-of-katwijk-aan-zee","status":"publish","type":"product","link":"https:\/\/testwebsite.citygame.com\/sk\/games\/katwijk-aan-zee\/secrets-of-katwijk-aan-zee\/","title":{"rendered":"Secrets of Katwijk aan Zee"},"content":{"rendered":"<p>Za\u017eite jedine\u010dn\u00fa mestsk\u00fa hru Secrets of Katwijk aan Zee, samoobslu\u017en\u00fa prieskumn\u00fa hru zalo\u017een\u00fa na GPS, ktor\u00e1 v\u00e1s prevedie centrom mesta Katwijk aan Zee. Vyzbrojen\u00ed smartf\u00f3nom sa vyd\u00e1te na dobrodru\u017estvo, rie\u0161iac r\u00f4znorod\u00e9 h\u00e1danky, hlavolamy a fotografick\u00e9 v\u00fdzvy, ktor\u00e9 preveria nielen v\u00e1\u0161 d\u00f4vtip, ale aj v\u00e1\u0161 bystr\u00fd postreh. Pri potulk\u00e1ch objav\u00edte hist\u00f3riu mesta, kult\u00faru a skryt\u00e9 detaily, ktor\u00e9 pomaly odhalia o\u010daruj\u00facu a \u017eiv\u00fa podstatu Katwijk aan Zee. Je to p\u00fatav\u00e1 cesta, na ktorej sa m\u00f4\u017eu z\u00fa\u010dastni\u0165 turisti aj miestni obyvatelia, vhodn\u00e1 pre s\u00f3lo hr\u00e1\u010dov alebo spolo\u010densk\u00e9 aktivity, ako s\u00fa rande pre p\u00e1ry, rodinn\u00e9 v\u00fdlety alebo de\u0148 s priate\u013emi. O\u017eivuj\u00faca a informat\u00edvna, mestsk\u00e1 hra Katwijk aan Zee pon\u00faka jedine\u010dn\u00fd sp\u00f4sob objavovania mesta, transformuj\u00fac mestsk\u00fd priestor na va\u0161u osobn\u00fa interakt\u00edvnu knihu pr\u00edbehov.<\/p>\n","protected":false},"excerpt":{"rendered":"<p>Objavte skryt\u00e9 klenoty Katwijk aan Zee! Ponorte sa do mesta, kde sa hist\u00f3ria sp\u00e1ja so \u017eivou pr\u00edmorskou kult\u00farou, od starovek\u00fdch r\u00edmskych vojensk\u00fdch t\u00e1borov po l\u00e1kav\u00e9 pl\u00e1\u017eov\u00e9 kaviarne. Putujte jeho podmaniv\u00fdm pobre\u017e\u00edm, Katwijk aan Zee s\u013eubuje vzru\u0161uj\u00face z\u00e1hady \u010d\u00edhaj\u00face pod ka\u017edou zlatou dunou!<\/p>\n","protected":false},"featured_media":18839,"template":"","meta":{"_acf_changed":false,"_yoast_wpseo_focuskw":"Secrets of Katwijk aan Zee","_yoast_wpseo_metadesc":"Secrets of Katwijk aan Zee. Hrajte samoobslu\u017en\u00fa mestsk\u00fa hru a objavujte mesto prostredn\u00edctvom h\u00e1daniek, hlavolamov a v\u00fdziev. Hrajte vlastn\u00fdm tempom a objavujte ako miestny!","_kad_blocks_custom_css":"","_kad_blocks_head_custom_js":"","_kad_blocks_body_custom_js":"","_kad_blocks_footer_custom_js":"","ghostkit_customizer_options":"","ghostkit_custom_css":"","ghostkit_custom_js_head":"","ghostkit_custom_js_foot":"","ghostkit_typography":"","_kad_post_transparent":"","_kad_post_title":"","_kad_post_layout":"","_kad_post_sidebar_id":"","_kad_post_content_style":"","_kad_post_vertical_padding":"","_kad_post_feature":"","_kad_post_feature_position":"","_kad_post_header":false,"_kad_post_footer":false,"_kad_post_classname":"","_links_to":"","_links_to_target":""},"game-concept":[727],"location":[220],"product_brand":[],"product_cat":[27],"product_tag":[],"class_list":{"0":"post-66551","1":"product","2":"type-product","3":"status-publish","4":"has-post-thumbnail","6":"game-concept-secrets","7":"location-katwijk-aan-zee","8":"product_cat-geen-categorie","10":"first","11":"instock","12":"shipping-taxable","13":"purchasable","14":"product-type-simple","15":"entry","16":"content-bg","17":"loop-entry"},"acf":{"full_bokun_product_name":"Self-Guided Secrets of Katwijk aan Zee Exploration Game","location_name":"Katwijk aan Zee","bokun_calendar_widget_code":"<script type=\"text\/javascript\" src=\"https:\/\/widgets.bokun.io\/assets\/javascripts\/apps\/build\/BokunWidgetsLoader.js?bookingChannelUUID=a1e93e96-5232-4734-a595-28405f4b5a31\" async><\/script>\n     \n    <div class=\"bokunWidget\" data-src=\"https:\/\/widgets.bokun.io\/online-sales\/a1e93e96-5232-4734-a595-28405f4b5a31\/experience-calendar\/887826\"><\/div>\n    <noscript>Please enable javascript in your browser to book<\/noscript>","bokun_button_widget_code":"<script type=\"text\/javascript\" src=\"https:\/\/widgets.bokun.io\/assets\/javascripts\/apps\/build\/BokunWidgetsLoader.js?bookingChannelUUID=a1e93e96-5232-4734-a595-28405f4b5a31\" async><\/script>\n      <style> #bokun_ed001e45_5927_4f62_b470_ca766338d083 { display: inline-block; padding: .4em 1em; background: #47b82e; border-radius: 999999px; box-shadow: none; font-weight: 600; font-size: 24px; text-decoration: none; text-align: center; color: #FFFFFF; border:none; cursor: pointer; transition: background .2s ease; } #bokun_ed001e45_5927_4f62_b470_ca766338d083:hover{ background: #2f7b1f; } #bokun_ed001e45_5927_4f62_b470_ca766338d083:active{ background: #378f24; } <\/style> <button class=\"bokunButton\" disabled id=bokun_ed001e45_5927_4f62_b470_ca766338d083 data-src=\"https:\/\/widgets.bokun.io\/online-sales\/a1e93e96-5232-4734-a595-28405f4b5a31\/experience-calendar\/887826?partialView=1\" data-testid=\"widget-book-button\" > Book now <\/button> ","what_you\u2019ll_experience_during_the_game":"V mestskej hre Secrets of Katwijk aan Zee n\u00e1jdete jedine\u010dn\u00fa zmes prehliadok, interakt\u00edvnych v\u00fdziev a p\u00fatav\u00e9ho pr\u00edbehu. Ke\u010f sa budete prech\u00e1dza\u0165 o\u010daruj\u00facimi ulicami mesta, t\u00fdmi zn\u00e1mymi aj skryt\u00fdmi, hra v\u00e1s zavedie na symbolick\u00e9 miesta a netradi\u010dn\u00e9 z\u00e1kutia. \u010ci u\u017e obdivujete pokojn\u00e9 modr\u00e9 pobre\u017eie Severn\u00e9ho mora, ponor\u00edte sa do bohat\u00fdch pr\u00edbehov ukryt\u00fdch v malebnej holandskej architekt\u00fare, alebo objavujete pobre\u017en\u00fa a vn\u00fatrozemsk\u00fa kr\u00e1su Katwijk aan Zee, \u010dak\u00e1 v\u00e1s mimoriadna cesta objavovania a dobrodru\u017estva. \n\nMestsk\u00e1 hra nie je len o objavovan\u00ed, zah\u0155\u0148a mno\u017estvo podnetn\u00fdch h\u00e1daniek a hlavolamov, kreat\u00edvnych fotografick\u00fdch v\u00fdziev a zauj\u00edmav\u00fdch ot\u00e1zok \u2013 v\u0161etko spojen\u00e9 s pod\u010diarkuj\u00facou z\u00e1hadou \u010dakaj\u00facou na rozl\u00fa\u0161tenie. Ke\u010f sa budete prepracov\u00e1va\u0165 t\u00fdmito v\u00fdzvami, z\u00edskate body, odomknete u\u017eito\u010dn\u00e9 rady a pribl\u00ed\u017eite sa k rozl\u00fa\u0161teniu kone\u010dnej z\u00e1hady. Ak si chcete odd\u00fdchnu\u0165, hru m\u00f4\u017eete kedyko\u013evek pozastavi\u0165 a pokra\u010dova\u0165, kedyko\u013evek sa v\u00e1m zachce. S\u00fa\u0165a\u017eiv\u00e9 du\u0161e, ktor\u00e9 sa sna\u017eia z\u00edska\u0165 vysok\u00e9 miesto v rebr\u00ed\u010dku, n\u00e1jdu t\u00fato prieskumn\u00fa hru za l\u00e1kav\u00fa v\u00fdzvu. Pripravte sa odhali\u0165 Secrets of Katwijk aan Zee.","how_to_play":"Zarezervujte si prieskumn\u00fa hru, skontrolujte e-mail, ktor\u00fd v\u00e1m po\u0161leme s jednoduch\u00fdmi in\u0161trukciami, stiahnite si aplik\u00e1ciu Loquiz App, prist\u00fapte k prieskumnej hre a ste pripraven\u00ed za\u010da\u0165 v\u00e1\u0161 hern\u00fd z\u00e1\u017eitok!","start_location":"Katwijk aan zee, Zwaaikom","available_languages":["en"],"players_per_group":"1-4","duration":"1.5-2 hours","image_overlay_color_image":"https:\/\/testwebsite.citygame.com\/wp-content\/blogs.dir\/1\/files\/sites\/62\/2026\/01\/SecretsColor.svg","image_overlay_game_logo":"https:\/\/testwebsite.citygame.com\/wp-content\/blogs.dir\/1\/files\/sites\/62\/2026\/01\/SecretsLogo.png","city_page":15833,"woocommerce_general_content":null},"yoast_head":"<!-- This site is optimized with the Yoast SEO Premium plugin v26.2 (Yoast SEO v26.3) - https:\/\/yoast.com\/wordpress\/plugins\/seo\/ -->\n<title>Secrets of Katwijk aan Zee - City Game<\/title>\n<meta name=\"description\" content=\"Secrets of Katwijk aan Zee. Hrajte samoobslu\u017en\u00fa mestsk\u00fa hru a objavujte mesto prostredn\u00edctvom h\u00e1daniek, hlavolamov a v\u00fdziev. Hrajte vlastn\u00fdm tempom a objavujte ako miestny!\" \/>\n<meta name=\"robots\" content=\"noindex, follow, max-snippet:-1, max-image-preview:large, max-video-preview:-1\" \/>\n<meta property=\"og:locale\" content=\"sk_SK\" \/>\n<meta property=\"og:type\" content=\"article\" \/>\n<meta property=\"og:title\" content=\"Secrets of Katwijk aan Zee\" \/>\n<meta property=\"og:description\" content=\"Secrets of Katwijk aan Zee. Hrajte samoobslu\u017en\u00fa mestsk\u00fa hru a objavujte mesto prostredn\u00edctvom h\u00e1daniek, hlavolamov a v\u00fdziev. Hrajte vlastn\u00fdm tempom a objavujte ako miestny!\" \/>\n<meta property=\"og:url\" content=\"https:\/\/testwebsite.citygame.com\/sk\/games\/katwijk-aan-zee\/secrets-of-katwijk-aan-zee\/\" \/>\n<meta property=\"og:site_name\" content=\"City Game\" \/>\n<meta property=\"article:publisher\" content=\"https:\/\/www.facebook.com\/profile.php?id=100086426226253\" \/>\n<meta property=\"article:modified_time\" content=\"2026-04-08T21:11:37+00:00\" \/>\n<meta property=\"og:image\" content=\"https:\/\/testwebsite.citygame.com\/wp-content\/blogs.dir\/1\/files\/sites\/62\/2026\/03\/katwijk-aan-zee-city-game-player-on-coastal-road.jpg\" \/>\n\t<meta property=\"og:image:width\" content=\"1024\" \/>\n\t<meta property=\"og:image:height\" content=\"1024\" \/>\n\t<meta property=\"og:image:type\" content=\"image\/jpeg\" \/>\n<meta name=\"twitter:card\" content=\"summary_large_image\" \/>\n<meta name=\"twitter:label1\" content=\"Predpokladan\u00fd \u010das \u010d\u00edtania\" \/>\n\t<meta name=\"twitter:data1\" content=\"1 min\u00fata\" \/>\n<script type=\"application\/ld+json\" class=\"yoast-schema-graph\">{\"@context\":\"https:\/\/schema.org\",\"@graph\":[{\"@type\":\"WebPage\",\"@id\":\"https:\/\/testwebsite.citygame.com\/sk\/games\/katwijk-aan-zee\/secrets-of-katwijk-aan-zee\/\",\"url\":\"https:\/\/testwebsite.citygame.com\/sk\/games\/katwijk-aan-zee\/secrets-of-katwijk-aan-zee\/\",\"name\":\"Secrets of Katwijk aan Zee - City Game\",\"isPartOf\":{\"@id\":\"https:\/\/testwebsite.upevents.nl\/#website\"},\"primaryImageOfPage\":{\"@id\":\"https:\/\/testwebsite.citygame.com\/sk\/games\/katwijk-aan-zee\/secrets-of-katwijk-aan-zee\/#primaryimage\"},\"image\":{\"@id\":\"https:\/\/testwebsite.citygame.com\/sk\/games\/katwijk-aan-zee\/secrets-of-katwijk-aan-zee\/#primaryimage\"},\"thumbnailUrl\":\"https:\/\/testwebsite.citygame.com\/wp-content\/blogs.dir\/1\/files\/sites\/62\/2026\/03\/katwijk-aan-zee-city-game-player-on-coastal-road.jpg\",\"datePublished\":\"2026-03-13T18:26:54+00:00\",\"dateModified\":\"2026-04-08T21:11:37+00:00\",\"description\":\"Secrets of Katwijk aan Zee. Hrajte samoobslu\u017en\u00fa mestsk\u00fa hru a objavujte mesto prostredn\u00edctvom h\u00e1daniek, hlavolamov a v\u00fdziev. Hrajte vlastn\u00fdm tempom a objavujte ako miestny!\",\"breadcrumb\":{\"@id\":\"https:\/\/testwebsite.citygame.com\/sk\/games\/katwijk-aan-zee\/secrets-of-katwijk-aan-zee\/#breadcrumb\"},\"inLanguage\":\"sk-SK\",\"potentialAction\":[{\"@type\":\"ReadAction\",\"target\":[\"https:\/\/testwebsite.citygame.com\/sk\/games\/katwijk-aan-zee\/secrets-of-katwijk-aan-zee\/\"]}]},{\"@type\":\"ImageObject\",\"inLanguage\":\"sk-SK\",\"@id\":\"https:\/\/testwebsite.citygame.com\/sk\/games\/katwijk-aan-zee\/secrets-of-katwijk-aan-zee\/#primaryimage\",\"url\":\"https:\/\/testwebsite.citygame.com\/wp-content\/blogs.dir\/1\/files\/sites\/62\/2026\/03\/katwijk-aan-zee-city-game-player-on-coastal-road.jpg\",\"contentUrl\":\"https:\/\/testwebsite.citygame.com\/wp-content\/blogs.dir\/1\/files\/sites\/62\/2026\/03\/katwijk-aan-zee-city-game-player-on-coastal-road.jpg\",\"width\":1024,\"height\":1024,\"caption\":\"A young woman explores the coastal town of Katwijk aan Zee while playing a city game.\"},{\"@type\":\"BreadcrumbList\",\"@id\":\"https:\/\/testwebsite.citygame.com\/sk\/games\/katwijk-aan-zee\/secrets-of-katwijk-aan-zee\/#breadcrumb\",\"itemListElement\":[{\"@type\":\"ListItem\",\"position\":1,\"name\":\"Home\",\"item\":\"https:\/\/testwebsite.citygame.com\/sk\/\"},{\"@type\":\"ListItem\",\"position\":2,\"name\":\"Shop\",\"item\":\"https:\/\/testwebsite.citygame.com\/shop\/\"},{\"@type\":\"ListItem\",\"position\":3,\"name\":\"Secrets of Katwijk aan Zee\"}]},{\"@type\":\"WebSite\",\"@id\":\"https:\/\/testwebsite.upevents.nl\/#website\",\"url\":\"https:\/\/testwebsite.upevents.nl\/\",\"name\":\"City Game\",\"description\":\"\",\"publisher\":{\"@id\":\"https:\/\/testwebsite.upevents.nl\/#organization\"},\"alternateName\":\"citygame.com\",\"potentialAction\":[{\"@type\":\"SearchAction\",\"target\":{\"@type\":\"EntryPoint\",\"urlTemplate\":\"https:\/\/testwebsite.upevents.nl\/?s={search_term_string}\"},\"query-input\":{\"@type\":\"PropertyValueSpecification\",\"valueRequired\":true,\"valueName\":\"search_term_string\"}}],\"inLanguage\":\"sk-SK\"},{\"@type\":[\"Organization\",\"Place\"],\"@id\":\"https:\/\/testwebsite.upevents.nl\/#organization\",\"name\":\"City Game\",\"alternateName\":\"citygame.com\",\"url\":\"https:\/\/testwebsite.upevents.nl\/\",\"logo\":{\"@id\":\"https:\/\/testwebsite.citygame.com\/sk\/games\/katwijk-aan-zee\/secrets-of-katwijk-aan-zee\/#local-main-organization-logo\"},\"image\":{\"@id\":\"https:\/\/testwebsite.citygame.com\/sk\/games\/katwijk-aan-zee\/secrets-of-katwijk-aan-zee\/#local-main-organization-logo\"},\"sameAs\":[\"https:\/\/www.facebook.com\/profile.php?id=100086426226253\",\"https:\/\/www.instagram.com\/citygame_com\",\"https:\/\/www.tiktok.com\/@citygamecom\/\",\"https:\/\/www.linkedin.com\/company\/citygame-com\"],\"description\":\"Turn any city into a playground with our interactive City Games and self-guided tours. Fun, flexible, and ideal for groups and team building.\",\"telephone\":[],\"openingHoursSpecification\":[{\"@type\":\"OpeningHoursSpecification\",\"dayOfWeek\":[\"Monday\",\"Tuesday\",\"Wednesday\",\"Thursday\",\"Friday\",\"Saturday\",\"Sunday\"],\"opens\":\"09:00\",\"closes\":\"17:00\"}]},{\"@type\":\"ImageObject\",\"inLanguage\":\"sk-SK\",\"@id\":\"https:\/\/testwebsite.citygame.com\/sk\/games\/katwijk-aan-zee\/secrets-of-katwijk-aan-zee\/#local-main-organization-logo\",\"url\":\"https:\/\/testwebsite.citygame.com\/wp-content\/blogs.dir\/1\/files\/sites\/62\/2025\/10\/CG_LOGO-City-Game.png\",\"contentUrl\":\"https:\/\/testwebsite.citygame.com\/wp-content\/blogs.dir\/1\/files\/sites\/62\/2025\/10\/CG_LOGO-City-Game.png\",\"width\":351,\"height\":377,\"caption\":\"City Game\"}]}<\/script>\n<!-- \/ Yoast SEO Premium plugin. -->","yoast_head_json":{"title":"Secrets of Katwijk aan Zee - City Game","description":"Secrets of Katwijk aan Zee. Hrajte samoobslu\u017en\u00fa mestsk\u00fa hru a objavujte mesto prostredn\u00edctvom h\u00e1daniek, hlavolamov a v\u00fdziev. Hrajte vlastn\u00fdm tempom a objavujte ako miestny!","robots":{"index":"noindex","follow":"follow","max-snippet":"max-snippet:-1","max-image-preview":"max-image-preview:large","max-video-preview":"max-video-preview:-1"},"og_locale":"sk_SK","og_type":"article","og_title":"Secrets of Katwijk aan Zee","og_description":"Secrets of Katwijk aan Zee. Hrajte samoobslu\u017en\u00fa mestsk\u00fa hru a objavujte mesto prostredn\u00edctvom h\u00e1daniek, hlavolamov a v\u00fdziev. Hrajte vlastn\u00fdm tempom a objavujte ako miestny!","og_url":"https:\/\/testwebsite.citygame.com\/sk\/games\/katwijk-aan-zee\/secrets-of-katwijk-aan-zee\/","og_site_name":"City Game","article_publisher":"https:\/\/www.facebook.com\/profile.php?id=100086426226253","article_modified_time":"2026-04-08T21:11:37+00:00","og_image":[{"width":1024,"height":1024,"url":"https:\/\/testwebsite.citygame.com\/wp-content\/blogs.dir\/1\/files\/sites\/62\/2026\/03\/katwijk-aan-zee-city-game-player-on-coastal-road.jpg","type":"image\/jpeg"}],"twitter_card":"summary_large_image","twitter_misc":{"Predpokladan\u00fd \u010das \u010d\u00edtania":"1 min\u00fata"},"schema":{"@context":"https:\/\/schema.org","@graph":[{"@type":"WebPage","@id":"https:\/\/testwebsite.citygame.com\/sk\/games\/katwijk-aan-zee\/secrets-of-katwijk-aan-zee\/","url":"https:\/\/testwebsite.citygame.com\/sk\/games\/katwijk-aan-zee\/secrets-of-katwijk-aan-zee\/","name":"Secrets of Katwijk aan Zee - City Game","isPartOf":{"@id":"https:\/\/testwebsite.upevents.nl\/#website"},"primaryImageOfPage":{"@id":"https:\/\/testwebsite.citygame.com\/sk\/games\/katwijk-aan-zee\/secrets-of-katwijk-aan-zee\/#primaryimage"},"image":{"@id":"https:\/\/testwebsite.citygame.com\/sk\/games\/katwijk-aan-zee\/secrets-of-katwijk-aan-zee\/#primaryimage"},"thumbnailUrl":"https:\/\/testwebsite.citygame.com\/wp-content\/blogs.dir\/1\/files\/sites\/62\/2026\/03\/katwijk-aan-zee-city-game-player-on-coastal-road.jpg","datePublished":"2026-03-13T18:26:54+00:00","dateModified":"2026-04-08T21:11:37+00:00","description":"Secrets of Katwijk aan Zee. Hrajte samoobslu\u017en\u00fa mestsk\u00fa hru a objavujte mesto prostredn\u00edctvom h\u00e1daniek, hlavolamov a v\u00fdziev. Hrajte vlastn\u00fdm tempom a objavujte ako miestny!","breadcrumb":{"@id":"https:\/\/testwebsite.citygame.com\/sk\/games\/katwijk-aan-zee\/secrets-of-katwijk-aan-zee\/#breadcrumb"},"inLanguage":"sk-SK","potentialAction":[{"@type":"ReadAction","target":["https:\/\/testwebsite.citygame.com\/sk\/games\/katwijk-aan-zee\/secrets-of-katwijk-aan-zee\/"]}]},{"@type":"ImageObject","inLanguage":"sk-SK","@id":"https:\/\/testwebsite.citygame.com\/sk\/games\/katwijk-aan-zee\/secrets-of-katwijk-aan-zee\/#primaryimage","url":"https:\/\/testwebsite.citygame.com\/wp-content\/blogs.dir\/1\/files\/sites\/62\/2026\/03\/katwijk-aan-zee-city-game-player-on-coastal-road.jpg","contentUrl":"https:\/\/testwebsite.citygame.com\/wp-content\/blogs.dir\/1\/files\/sites\/62\/2026\/03\/katwijk-aan-zee-city-game-player-on-coastal-road.jpg","width":1024,"height":1024,"caption":"A young woman explores the coastal town of Katwijk aan Zee while playing a city game."},{"@type":"BreadcrumbList","@id":"https:\/\/testwebsite.citygame.com\/sk\/games\/katwijk-aan-zee\/secrets-of-katwijk-aan-zee\/#breadcrumb","itemListElement":[{"@type":"ListItem","position":1,"name":"Home","item":"https:\/\/testwebsite.citygame.com\/sk\/"},{"@type":"ListItem","position":2,"name":"Shop","item":"https:\/\/testwebsite.citygame.com\/shop\/"},{"@type":"ListItem","position":3,"name":"Secrets of Katwijk aan Zee"}]},{"@type":"WebSite","@id":"https:\/\/testwebsite.upevents.nl\/#website","url":"https:\/\/testwebsite.upevents.nl\/","name":"City Game","description":"","publisher":{"@id":"https:\/\/testwebsite.upevents.nl\/#organization"},"alternateName":"citygame.com","potentialAction":[{"@type":"SearchAction","target":{"@type":"EntryPoint","urlTemplate":"https:\/\/testwebsite.upevents.nl\/?s={search_term_string}"},"query-input":{"@type":"PropertyValueSpecification","valueRequired":true,"valueName":"search_term_string"}}],"inLanguage":"sk-SK"},{"@type":["Organization","Place"],"@id":"https:\/\/testwebsite.upevents.nl\/#organization","name":"City Game","alternateName":"citygame.com","url":"https:\/\/testwebsite.upevents.nl\/","logo":{"@id":"https:\/\/testwebsite.citygame.com\/sk\/games\/katwijk-aan-zee\/secrets-of-katwijk-aan-zee\/#local-main-organization-logo"},"image":{"@id":"https:\/\/testwebsite.citygame.com\/sk\/games\/katwijk-aan-zee\/secrets-of-katwijk-aan-zee\/#local-main-organization-logo"},"sameAs":["https:\/\/www.facebook.com\/profile.php?id=100086426226253","https:\/\/www.instagram.com\/citygame_com","https:\/\/www.tiktok.com\/@citygamecom\/","https:\/\/www.linkedin.com\/company\/citygame-com"],"description":"Turn any city into a playground with our interactive City Games and self-guided tours. Fun, flexible, and ideal for groups and team building.","telephone":[],"openingHoursSpecification":[{"@type":"OpeningHoursSpecification","dayOfWeek":["Monday","Tuesday","Wednesday","Thursday","Friday","Saturday","Sunday"],"opens":"09:00","closes":"17:00"}]},{"@type":"ImageObject","inLanguage":"sk-SK","@id":"https:\/\/testwebsite.citygame.com\/sk\/games\/katwijk-aan-zee\/secrets-of-katwijk-aan-zee\/#local-main-organization-logo","url":"https:\/\/testwebsite.citygame.com\/wp-content\/blogs.dir\/1\/files\/sites\/62\/2025\/10\/CG_LOGO-City-Game.png","contentUrl":"https:\/\/testwebsite.citygame.com\/wp-content\/blogs.dir\/1\/files\/sites\/62\/2025\/10\/CG_LOGO-City-Game.png","width":351,"height":377,"caption":"City Game"}]}},"taxonomy_info":{"game-concept":[{"value":727,"label":"Secrets"}],"location":[{"value":220,"label":"Katwijk aan Zee"}],"product_cat":[{"value":27,"label":"Geen categorie"}]},"featured_image_src_large":["https:\/\/testwebsite.citygame.com\/wp-content\/blogs.dir\/1\/files\/sites\/62\/2026\/03\/katwijk-aan-zee-city-game-player-on-coastal-road.jpg",1024,1024,false],"author_info":[],"comment_info":"","_links":{"self":[{"href":"https:\/\/testwebsite.citygame.com\/sk\/wp-json\/wp\/v2\/product\/66551","targetHints":{"allow":["GET"]}}],"collection":[{"href":"https:\/\/testwebsite.citygame.com\/sk\/wp-json\/wp\/v2\/product"}],"about":[{"href":"https:\/\/testwebsite.citygame.com\/sk\/wp-json\/wp\/v2\/types\/product"}],"acf:post":[{"embeddable":true,"href":"https:\/\/testwebsite.citygame.com\/sk\/wp-json\/wp\/v2\/pages\/15833"}],"wp:featuredmedia":[{"embeddable":true,"href":"https:\/\/testwebsite.citygame.com\/sk\/wp-json\/wp\/v2\/media\/18839"}],"wp:attachment":[{"href":"https:\/\/testwebsite.citygame.com\/sk\/wp-json\/wp\/v2\/media?parent=66551"}],"wp:term":[{"taxonomy":"game-concept","embeddable":true,"href":"https:\/\/testwebsite.citygame.com\/sk\/wp-json\/wp\/v2\/game-concept?post=66551"},{"taxonomy":"location","embeddable":true,"href":"https:\/\/testwebsite.citygame.com\/sk\/wp-json\/wp\/v2\/location?post=66551"},{"taxonomy":"product_brand","embeddable":true,"href":"https:\/\/testwebsite.citygame.com\/sk\/wp-json\/wp\/v2\/product_brand?post=66551"},{"taxonomy":"product_cat","embeddable":true,"href":"https:\/\/testwebsite.citygame.com\/sk\/wp-json\/wp\/v2\/product_cat?post=66551"},{"taxonomy":"product_tag","embeddable":true,"href":"https:\/\/testwebsite.citygame.com\/sk\/wp-json\/wp\/v2\/product_tag?post=66551"}],"curies":[{"name":"wp","href":"https:\/\/api.w.org\/{rel}","templated":true}]}}