{"id":66458,"date":"2026-03-13T17:13:40","date_gmt":"2026-03-13T17:13:40","guid":{"rendered":"https:\/\/testwebsite.citygame.com\/games\/unknown-location\/secrets-of-hellevoetsluis\/"},"modified":"2026-04-08T20:20:24","modified_gmt":"2026-04-08T20:20:24","slug":"secrets-of-hellevoetsluis","status":"publish","type":"product","link":"https:\/\/testwebsite.citygame.com\/sk\/games\/hellevoetsluis\/secrets-of-hellevoetsluis\/","title":{"rendered":"Secrets of Hellevoetsluis"},"content":{"rendered":"<p>Odha\u013ete \u010daro Hellevoetsluis s na\u0161ou samoobslu\u017enou &#8218;Mestskou hrou Tajomstv\u00e1 Hellevoetsluis&#8216;. T\u00e1to prieskumn\u00e1 hra zalo\u017een\u00e1 na GPS v\u00e1s poz\u00fdva presk\u00fama\u0165 centrum mesta Hellevoetsluis pomocou v\u00e1\u0161ho smartf\u00f3nu, aby ste sa ponorili do nespo\u010detn\u00e9ho mno\u017estva h\u00e1daniek, hlavolamov a fotografick\u00fdch v\u00fdziev. Hra nielen\u017ee poskytuje interakt\u00edvnu platformu na objavovanie Hellevoetsluis, ale tie\u017e umo\u017e\u0148uje hr\u00e1\u010dom odhali\u0165 fascinuj\u00facu hist\u00f3riu, kult\u00faru a skryt\u00e9 detaily mesta. Ako p\u00fatav\u00fd sp\u00f4sob prechodu Hellevoetsluis je t\u00e1to mestsk\u00e1 prieskumn\u00e1 hra ide\u00e1lnou aktivitou pre n\u00e1v\u0161tevn\u00edkov aj miestnych obyvate\u013eov. \u010ci u\u017e ste s\u00f3lo cestovate\u013e alebo s\u00fa\u010das\u0165 p\u00e1ru, rodiny \u010di skupiny priate\u013eov, &#8218;Mestsk\u00e1 hra Tajomstv\u00e1 Hellevoetsluis&#8216; pon\u00faka nezabudnute\u013en\u00fa cestu do srdca tohto fascinuj\u00faceho mesta.<\/p>\n","protected":false},"excerpt":{"rendered":"<p>Za\u017eite skryt\u00e9 poklady Hellevoetsluis! Ponorte sa do mesta, kde sa ozveny historick\u00fdch vojen stret\u00e1vaj\u00fa s n\u00e1mornou n\u00e1dherou a ka\u017ed\u00e1 dl\u00e1\u017eden\u00e1 cesti\u010dka je drobn\u00e1 stopa, ktor\u00e1 v\u00e1s vedie pr\u00edbehom \u010dasu. Prejdite sa jeho pr\u00edstavn\u00fdm centrom a prepychov\u00fdmi pevnos\u0165ami, Hellevoetsluis je pln\u00fd viacvrstvov\u00fdch z\u00e1had, ktor\u00e9 \u010dakaj\u00fa na rozl\u00fa\u0161tenie!<\/p>\n","protected":false},"featured_media":18808,"template":"","meta":{"_acf_changed":false,"_yoast_wpseo_focuskw":"Secrets of Hellevoetsluis","_yoast_wpseo_metadesc":"Secrets of Hellevoetsluis. Zahrajte si samoobslu\u017en\u00fa mestsk\u00fa hru a presk\u00famajte mesto prostredn\u00edctvom h\u00e1daniek, hlavolamov a v\u00fdziev. Hrajte vlastn\u00fdm tempom a objavujte ako miestni!","_kad_blocks_custom_css":"","_kad_blocks_head_custom_js":"","_kad_blocks_body_custom_js":"","_kad_blocks_footer_custom_js":"","ghostkit_customizer_options":"","ghostkit_custom_css":"","ghostkit_custom_js_head":"","ghostkit_custom_js_foot":"","ghostkit_typography":"","_kad_post_transparent":"","_kad_post_title":"","_kad_post_layout":"","_kad_post_sidebar_id":"","_kad_post_content_style":"","_kad_post_vertical_padding":"","_kad_post_feature":"","_kad_post_feature_position":"","_kad_post_header":false,"_kad_post_footer":false,"_kad_post_classname":"","_links_to":"","_links_to_target":""},"game-concept":[727],"location":[196],"product_brand":[],"product_cat":[27],"product_tag":[],"class_list":{"0":"post-66458","1":"product","2":"type-product","3":"status-publish","4":"has-post-thumbnail","6":"game-concept-secrets","7":"location-hellevoetsluis","8":"product_cat-geen-categorie","10":"first","11":"instock","12":"shipping-taxable","13":"purchasable","14":"product-type-simple","15":"entry","16":"content-bg","17":"loop-entry"},"acf":{"full_bokun_product_name":"Self-Guided Secrets of Hellevoetsluis Exploration Game","location_name":"Hellevoetsluis","bokun_calendar_widget_code":"<script type=\"text\/javascript\" src=\"https:\/\/widgets.bokun.io\/assets\/javascripts\/apps\/build\/BokunWidgetsLoader.js?bookingChannelUUID=a1e93e96-5232-4734-a595-28405f4b5a31\" async><\/script>\n     \n    <div class=\"bokunWidget\" data-src=\"https:\/\/widgets.bokun.io\/online-sales\/a1e93e96-5232-4734-a595-28405f4b5a31\/experience-calendar\/885152\"><\/div>\n    <noscript>Please enable javascript in your browser to book<\/noscript>","bokun_button_widget_code":"<script type=\"text\/javascript\" src=\"https:\/\/widgets.bokun.io\/assets\/javascripts\/apps\/build\/BokunWidgetsLoader.js?bookingChannelUUID=a1e93e96-5232-4734-a595-28405f4b5a31\" async><\/script>\n      <style> #bokun_ed001e45_5927_4f62_b470_ca766338d083 { display: inline-block; padding: .4em 1em; background: #47b82e; border-radius: 999999px; box-shadow: none; font-weight: 600; font-size: 24px; text-decoration: none; text-align: center; color: #FFFFFF; border:none; cursor: pointer; transition: background .2s ease; } #bokun_ed001e45_5927_4f62_b470_ca766338d083:hover{ background: #2f7b1f; } #bokun_ed001e45_5927_4f62_b470_ca766338d083:active{ background: #378f24; } <\/style> <button class=\"bokunButton\" disabled id=bokun_ed001e45_5927_4f62_b470_ca766338d083 data-src=\"https:\/\/widgets.bokun.io\/online-sales\/a1e93e96-5232-4734-a595-28405f4b5a31\/experience-calendar\/885152?partialView=1\" data-testid=\"widget-book-button\" > Book now <\/button> ","what_you\u2019ll_experience_during_the_game":"Po\u010das hrania 'Mestskej hry Tajomstv\u00e1 Hellevoetsluis' objav\u00edte mesto sp\u00f4sobom, ak\u00fdm nikdy predt\u00fdm. Ako hybrid pohlcuj\u00faceho rozpr\u00e1vania pr\u00edbehov a prehliadky pamiatok v\u00e1s hra prevedie zn\u00e1mymi aj skryt\u00fdmi miestami Hellevoetsluis. Po\u010das va\u0161ej cesty vst\u00fapite na miesta, ktor\u00e9 v\u00e1s zaru\u010dene ohromia, ako napr\u00edklad niektor\u00e9 fascinuj\u00face body pozd\u013a\u017e s\u00faradn\u00edc 51.82490672535633,4.129899920624808 a 51.82531990000001,4.1279202999999995. Odhal\u00edte pr\u00edbehy zakotven\u00e9 v miestach, ktor\u00e9 ste si mo\u017eno nikdy nev\u0161imli pri svojich be\u017en\u00fdch prech\u00e1dzkach po meste. Va\u0161a misia: nasiaknu\u0165 jedine\u010dnou atmosf\u00e9rou a rytmom Hellevoetsluis, sta\u0165 sa jedn\u00fdm s mestskou krajinou.\n\nAk chcete v hre postupova\u0165, ponor\u00edte sa do r\u00f4znych n\u00e1ro\u010dn\u00fdch h\u00e1daniek a hlavolamov, kde v\u00e1m ka\u017ed\u00e1 spr\u00e1vna odpove\u010f prinesie body a pribl\u00ed\u017ei v\u00e1s k vyrie\u0161eniu hlavnej z\u00e1hady hry. Kreat\u00edvne fotografick\u00e9 v\u00fdzvy v\u00e1s prin\u00fatia nielen vidie\u0165, ale skuto\u010dne pozorova\u0165 Hellevoetsluis; ot\u00e1zky preveria va\u0161u pozornos\u0165 k detailom. Pre t\u00fdch, ktor\u00ed si u\u017e\u00edvaj\u00fa trochu s\u00fa\u0165a\u017ee, existuje pr\u00edle\u017eitos\u0165 z\u00edska\u0165 extra body za prv\u00e9 miesto na rebr\u00ed\u010dku. Flexibilita Mestskej hry v\u00e1m umo\u017e\u0148uje kedyko\u013evek si ju pozastavi\u0165 a pokra\u010dova\u0165 presne tam, kde ste skon\u010dili. Pripravte sa na netradi\u010dn\u00e9 objavovanie Hellevoetsluis s touto inovat\u00edvnou prieskumnou hrou.","how_to_play":"Zarezervujte si Prieskumn\u00fa hru, skontrolujte e-mail, ktor\u00fd v\u00e1m po\u0161leme s jednoduch\u00fdmi pokynmi, stiahnite si aplik\u00e1ciu Loquiz App, otvorte Prieskumn\u00fa hru a ste pripraven\u00ed za\u010da\u0165 svoj hern\u00fd z\u00e1\u017eitok!","start_location":"Hellevoetsluis, Plein Fort Haerlem","available_languages":["en"],"players_per_group":"1-4","duration":"1.5-2 hours","image_overlay_color_image":"https:\/\/testwebsite.citygame.com\/wp-content\/blogs.dir\/1\/files\/sites\/62\/2026\/01\/SecretsColor.svg","image_overlay_game_logo":"https:\/\/testwebsite.citygame.com\/wp-content\/blogs.dir\/1\/files\/sites\/62\/2026\/01\/SecretsLogo.png","city_page":15815,"woocommerce_general_content":null},"yoast_head":"<!-- This site is optimized with the Yoast SEO Premium plugin v26.2 (Yoast SEO v26.3) - https:\/\/yoast.com\/wordpress\/plugins\/seo\/ -->\n<title>Secrets of Hellevoetsluis - City Game<\/title>\n<meta name=\"description\" content=\"Secrets of Hellevoetsluis. Zahrajte si samoobslu\u017en\u00fa mestsk\u00fa hru a presk\u00famajte mesto prostredn\u00edctvom h\u00e1daniek, hlavolamov a v\u00fdziev. Hrajte vlastn\u00fdm tempom a objavujte ako miestni!\" \/>\n<meta name=\"robots\" content=\"noindex, follow, max-snippet:-1, max-image-preview:large, max-video-preview:-1\" \/>\n<meta property=\"og:locale\" content=\"sk_SK\" \/>\n<meta property=\"og:type\" content=\"article\" \/>\n<meta property=\"og:title\" content=\"Secrets of Hellevoetsluis\" \/>\n<meta property=\"og:description\" content=\"Secrets of Hellevoetsluis. Zahrajte si samoobslu\u017en\u00fa mestsk\u00fa hru a presk\u00famajte mesto prostredn\u00edctvom h\u00e1daniek, hlavolamov a v\u00fdziev. Hrajte vlastn\u00fdm tempom a objavujte ako miestni!\" \/>\n<meta property=\"og:url\" content=\"https:\/\/testwebsite.citygame.com\/sk\/games\/hellevoetsluis\/secrets-of-hellevoetsluis\/\" \/>\n<meta property=\"og:site_name\" content=\"City Game\" \/>\n<meta property=\"article:publisher\" content=\"https:\/\/www.facebook.com\/profile.php?id=100086426226253\" \/>\n<meta property=\"article:modified_time\" content=\"2026-04-08T20:20:24+00:00\" \/>\n<meta property=\"og:image\" content=\"https:\/\/testwebsite.citygame.com\/wp-content\/blogs.dir\/1\/files\/sites\/62\/2026\/03\/group-of-players-de-hoop-windmill-hellevoetsluis.jpg\" \/>\n\t<meta property=\"og:image:width\" content=\"1024\" \/>\n\t<meta property=\"og:image:height\" content=\"1024\" \/>\n\t<meta property=\"og:image:type\" content=\"image\/jpeg\" \/>\n<meta name=\"twitter:card\" content=\"summary_large_image\" \/>\n<meta name=\"twitter:label1\" content=\"Predpokladan\u00fd \u010das \u010d\u00edtania\" \/>\n\t<meta name=\"twitter:data1\" content=\"1 min\u00fata\" \/>\n<script type=\"application\/ld+json\" class=\"yoast-schema-graph\">{\"@context\":\"https:\/\/schema.org\",\"@graph\":[{\"@type\":\"WebPage\",\"@id\":\"https:\/\/testwebsite.citygame.com\/sk\/games\/hellevoetsluis\/secrets-of-hellevoetsluis\/\",\"url\":\"https:\/\/testwebsite.citygame.com\/sk\/games\/hellevoetsluis\/secrets-of-hellevoetsluis\/\",\"name\":\"Secrets of Hellevoetsluis - City Game\",\"isPartOf\":{\"@id\":\"https:\/\/testwebsite.upevents.nl\/#website\"},\"primaryImageOfPage\":{\"@id\":\"https:\/\/testwebsite.citygame.com\/sk\/games\/hellevoetsluis\/secrets-of-hellevoetsluis\/#primaryimage\"},\"image\":{\"@id\":\"https:\/\/testwebsite.citygame.com\/sk\/games\/hellevoetsluis\/secrets-of-hellevoetsluis\/#primaryimage\"},\"thumbnailUrl\":\"https:\/\/testwebsite.citygame.com\/wp-content\/blogs.dir\/1\/files\/sites\/62\/2026\/03\/group-of-players-de-hoop-windmill-hellevoetsluis.jpg\",\"datePublished\":\"2026-03-13T17:13:40+00:00\",\"dateModified\":\"2026-04-08T20:20:24+00:00\",\"description\":\"Secrets of Hellevoetsluis. Zahrajte si samoobslu\u017en\u00fa mestsk\u00fa hru a presk\u00famajte mesto prostredn\u00edctvom h\u00e1daniek, hlavolamov a v\u00fdziev. Hrajte vlastn\u00fdm tempom a objavujte ako miestni!\",\"breadcrumb\":{\"@id\":\"https:\/\/testwebsite.citygame.com\/sk\/games\/hellevoetsluis\/secrets-of-hellevoetsluis\/#breadcrumb\"},\"inLanguage\":\"sk-SK\",\"potentialAction\":[{\"@type\":\"ReadAction\",\"target\":[\"https:\/\/testwebsite.citygame.com\/sk\/games\/hellevoetsluis\/secrets-of-hellevoetsluis\/\"]}]},{\"@type\":\"ImageObject\",\"inLanguage\":\"sk-SK\",\"@id\":\"https:\/\/testwebsite.citygame.com\/sk\/games\/hellevoetsluis\/secrets-of-hellevoetsluis\/#primaryimage\",\"url\":\"https:\/\/testwebsite.citygame.com\/wp-content\/blogs.dir\/1\/files\/sites\/62\/2026\/03\/group-of-players-de-hoop-windmill-hellevoetsluis.jpg\",\"contentUrl\":\"https:\/\/testwebsite.citygame.com\/wp-content\/blogs.dir\/1\/files\/sites\/62\/2026\/03\/group-of-players-de-hoop-windmill-hellevoetsluis.jpg\",\"width\":1024,\"height\":1024,\"caption\":\"A group of friends gathers around a smartphone near the historic De Hoop windmill in Hellevoetsluis.\"},{\"@type\":\"BreadcrumbList\",\"@id\":\"https:\/\/testwebsite.citygame.com\/sk\/games\/hellevoetsluis\/secrets-of-hellevoetsluis\/#breadcrumb\",\"itemListElement\":[{\"@type\":\"ListItem\",\"position\":1,\"name\":\"Home\",\"item\":\"https:\/\/testwebsite.citygame.com\/sk\/\"},{\"@type\":\"ListItem\",\"position\":2,\"name\":\"Shop\",\"item\":\"https:\/\/testwebsite.citygame.com\/shop\/\"},{\"@type\":\"ListItem\",\"position\":3,\"name\":\"Secrets of Hellevoetsluis\"}]},{\"@type\":\"WebSite\",\"@id\":\"https:\/\/testwebsite.upevents.nl\/#website\",\"url\":\"https:\/\/testwebsite.upevents.nl\/\",\"name\":\"City Game\",\"description\":\"\",\"publisher\":{\"@id\":\"https:\/\/testwebsite.upevents.nl\/#organization\"},\"alternateName\":\"citygame.com\",\"potentialAction\":[{\"@type\":\"SearchAction\",\"target\":{\"@type\":\"EntryPoint\",\"urlTemplate\":\"https:\/\/testwebsite.upevents.nl\/?s={search_term_string}\"},\"query-input\":{\"@type\":\"PropertyValueSpecification\",\"valueRequired\":true,\"valueName\":\"search_term_string\"}}],\"inLanguage\":\"sk-SK\"},{\"@type\":[\"Organization\",\"Place\"],\"@id\":\"https:\/\/testwebsite.upevents.nl\/#organization\",\"name\":\"City Game\",\"alternateName\":\"citygame.com\",\"url\":\"https:\/\/testwebsite.upevents.nl\/\",\"logo\":{\"@id\":\"https:\/\/testwebsite.citygame.com\/sk\/games\/hellevoetsluis\/secrets-of-hellevoetsluis\/#local-main-organization-logo\"},\"image\":{\"@id\":\"https:\/\/testwebsite.citygame.com\/sk\/games\/hellevoetsluis\/secrets-of-hellevoetsluis\/#local-main-organization-logo\"},\"sameAs\":[\"https:\/\/www.facebook.com\/profile.php?id=100086426226253\",\"https:\/\/www.instagram.com\/citygame_com\",\"https:\/\/www.tiktok.com\/@citygamecom\/\",\"https:\/\/www.linkedin.com\/company\/citygame-com\"],\"description\":\"Turn any city into a playground with our interactive City Games and self-guided tours. Fun, flexible, and ideal for groups and team building.\",\"telephone\":[],\"openingHoursSpecification\":[{\"@type\":\"OpeningHoursSpecification\",\"dayOfWeek\":[\"Monday\",\"Tuesday\",\"Wednesday\",\"Thursday\",\"Friday\",\"Saturday\",\"Sunday\"],\"opens\":\"09:00\",\"closes\":\"17:00\"}]},{\"@type\":\"ImageObject\",\"inLanguage\":\"sk-SK\",\"@id\":\"https:\/\/testwebsite.citygame.com\/sk\/games\/hellevoetsluis\/secrets-of-hellevoetsluis\/#local-main-organization-logo\",\"url\":\"https:\/\/testwebsite.citygame.com\/wp-content\/blogs.dir\/1\/files\/sites\/62\/2025\/10\/CG_LOGO-City-Game.png\",\"contentUrl\":\"https:\/\/testwebsite.citygame.com\/wp-content\/blogs.dir\/1\/files\/sites\/62\/2025\/10\/CG_LOGO-City-Game.png\",\"width\":351,\"height\":377,\"caption\":\"City Game\"}]}<\/script>\n<!-- \/ Yoast SEO Premium plugin. -->","yoast_head_json":{"title":"Secrets of Hellevoetsluis - City Game","description":"Secrets of Hellevoetsluis. Zahrajte si samoobslu\u017en\u00fa mestsk\u00fa hru a presk\u00famajte mesto prostredn\u00edctvom h\u00e1daniek, hlavolamov a v\u00fdziev. Hrajte vlastn\u00fdm tempom a objavujte ako miestni!","robots":{"index":"noindex","follow":"follow","max-snippet":"max-snippet:-1","max-image-preview":"max-image-preview:large","max-video-preview":"max-video-preview:-1"},"og_locale":"sk_SK","og_type":"article","og_title":"Secrets of Hellevoetsluis","og_description":"Secrets of Hellevoetsluis. Zahrajte si samoobslu\u017en\u00fa mestsk\u00fa hru a presk\u00famajte mesto prostredn\u00edctvom h\u00e1daniek, hlavolamov a v\u00fdziev. Hrajte vlastn\u00fdm tempom a objavujte ako miestni!","og_url":"https:\/\/testwebsite.citygame.com\/sk\/games\/hellevoetsluis\/secrets-of-hellevoetsluis\/","og_site_name":"City Game","article_publisher":"https:\/\/www.facebook.com\/profile.php?id=100086426226253","article_modified_time":"2026-04-08T20:20:24+00:00","og_image":[{"width":1024,"height":1024,"url":"https:\/\/testwebsite.citygame.com\/wp-content\/blogs.dir\/1\/files\/sites\/62\/2026\/03\/group-of-players-de-hoop-windmill-hellevoetsluis.jpg","type":"image\/jpeg"}],"twitter_card":"summary_large_image","twitter_misc":{"Predpokladan\u00fd \u010das \u010d\u00edtania":"1 min\u00fata"},"schema":{"@context":"https:\/\/schema.org","@graph":[{"@type":"WebPage","@id":"https:\/\/testwebsite.citygame.com\/sk\/games\/hellevoetsluis\/secrets-of-hellevoetsluis\/","url":"https:\/\/testwebsite.citygame.com\/sk\/games\/hellevoetsluis\/secrets-of-hellevoetsluis\/","name":"Secrets of Hellevoetsluis - City Game","isPartOf":{"@id":"https:\/\/testwebsite.upevents.nl\/#website"},"primaryImageOfPage":{"@id":"https:\/\/testwebsite.citygame.com\/sk\/games\/hellevoetsluis\/secrets-of-hellevoetsluis\/#primaryimage"},"image":{"@id":"https:\/\/testwebsite.citygame.com\/sk\/games\/hellevoetsluis\/secrets-of-hellevoetsluis\/#primaryimage"},"thumbnailUrl":"https:\/\/testwebsite.citygame.com\/wp-content\/blogs.dir\/1\/files\/sites\/62\/2026\/03\/group-of-players-de-hoop-windmill-hellevoetsluis.jpg","datePublished":"2026-03-13T17:13:40+00:00","dateModified":"2026-04-08T20:20:24+00:00","description":"Secrets of Hellevoetsluis. Zahrajte si samoobslu\u017en\u00fa mestsk\u00fa hru a presk\u00famajte mesto prostredn\u00edctvom h\u00e1daniek, hlavolamov a v\u00fdziev. Hrajte vlastn\u00fdm tempom a objavujte ako miestni!","breadcrumb":{"@id":"https:\/\/testwebsite.citygame.com\/sk\/games\/hellevoetsluis\/secrets-of-hellevoetsluis\/#breadcrumb"},"inLanguage":"sk-SK","potentialAction":[{"@type":"ReadAction","target":["https:\/\/testwebsite.citygame.com\/sk\/games\/hellevoetsluis\/secrets-of-hellevoetsluis\/"]}]},{"@type":"ImageObject","inLanguage":"sk-SK","@id":"https:\/\/testwebsite.citygame.com\/sk\/games\/hellevoetsluis\/secrets-of-hellevoetsluis\/#primaryimage","url":"https:\/\/testwebsite.citygame.com\/wp-content\/blogs.dir\/1\/files\/sites\/62\/2026\/03\/group-of-players-de-hoop-windmill-hellevoetsluis.jpg","contentUrl":"https:\/\/testwebsite.citygame.com\/wp-content\/blogs.dir\/1\/files\/sites\/62\/2026\/03\/group-of-players-de-hoop-windmill-hellevoetsluis.jpg","width":1024,"height":1024,"caption":"A group of friends gathers around a smartphone near the historic De Hoop windmill in Hellevoetsluis."},{"@type":"BreadcrumbList","@id":"https:\/\/testwebsite.citygame.com\/sk\/games\/hellevoetsluis\/secrets-of-hellevoetsluis\/#breadcrumb","itemListElement":[{"@type":"ListItem","position":1,"name":"Home","item":"https:\/\/testwebsite.citygame.com\/sk\/"},{"@type":"ListItem","position":2,"name":"Shop","item":"https:\/\/testwebsite.citygame.com\/shop\/"},{"@type":"ListItem","position":3,"name":"Secrets of Hellevoetsluis"}]},{"@type":"WebSite","@id":"https:\/\/testwebsite.upevents.nl\/#website","url":"https:\/\/testwebsite.upevents.nl\/","name":"City Game","description":"","publisher":{"@id":"https:\/\/testwebsite.upevents.nl\/#organization"},"alternateName":"citygame.com","potentialAction":[{"@type":"SearchAction","target":{"@type":"EntryPoint","urlTemplate":"https:\/\/testwebsite.upevents.nl\/?s={search_term_string}"},"query-input":{"@type":"PropertyValueSpecification","valueRequired":true,"valueName":"search_term_string"}}],"inLanguage":"sk-SK"},{"@type":["Organization","Place"],"@id":"https:\/\/testwebsite.upevents.nl\/#organization","name":"City Game","alternateName":"citygame.com","url":"https:\/\/testwebsite.upevents.nl\/","logo":{"@id":"https:\/\/testwebsite.citygame.com\/sk\/games\/hellevoetsluis\/secrets-of-hellevoetsluis\/#local-main-organization-logo"},"image":{"@id":"https:\/\/testwebsite.citygame.com\/sk\/games\/hellevoetsluis\/secrets-of-hellevoetsluis\/#local-main-organization-logo"},"sameAs":["https:\/\/www.facebook.com\/profile.php?id=100086426226253","https:\/\/www.instagram.com\/citygame_com","https:\/\/www.tiktok.com\/@citygamecom\/","https:\/\/www.linkedin.com\/company\/citygame-com"],"description":"Turn any city into a playground with our interactive City Games and self-guided tours. Fun, flexible, and ideal for groups and team building.","telephone":[],"openingHoursSpecification":[{"@type":"OpeningHoursSpecification","dayOfWeek":["Monday","Tuesday","Wednesday","Thursday","Friday","Saturday","Sunday"],"opens":"09:00","closes":"17:00"}]},{"@type":"ImageObject","inLanguage":"sk-SK","@id":"https:\/\/testwebsite.citygame.com\/sk\/games\/hellevoetsluis\/secrets-of-hellevoetsluis\/#local-main-organization-logo","url":"https:\/\/testwebsite.citygame.com\/wp-content\/blogs.dir\/1\/files\/sites\/62\/2025\/10\/CG_LOGO-City-Game.png","contentUrl":"https:\/\/testwebsite.citygame.com\/wp-content\/blogs.dir\/1\/files\/sites\/62\/2025\/10\/CG_LOGO-City-Game.png","width":351,"height":377,"caption":"City Game"}]}},"taxonomy_info":{"game-concept":[{"value":727,"label":"Secrets"}],"location":[{"value":196,"label":"Hellevoetsluis"}],"product_cat":[{"value":27,"label":"Geen categorie"}]},"featured_image_src_large":["https:\/\/testwebsite.citygame.com\/wp-content\/blogs.dir\/1\/files\/sites\/62\/2026\/03\/group-of-players-de-hoop-windmill-hellevoetsluis.jpg",1024,1024,false],"author_info":[],"comment_info":"","_links":{"self":[{"href":"https:\/\/testwebsite.citygame.com\/sk\/wp-json\/wp\/v2\/product\/66458","targetHints":{"allow":["GET"]}}],"collection":[{"href":"https:\/\/testwebsite.citygame.com\/sk\/wp-json\/wp\/v2\/product"}],"about":[{"href":"https:\/\/testwebsite.citygame.com\/sk\/wp-json\/wp\/v2\/types\/product"}],"acf:post":[{"embeddable":true,"href":"https:\/\/testwebsite.citygame.com\/sk\/wp-json\/wp\/v2\/pages\/15815"}],"wp:featuredmedia":[{"embeddable":true,"href":"https:\/\/testwebsite.citygame.com\/sk\/wp-json\/wp\/v2\/media\/18808"}],"wp:attachment":[{"href":"https:\/\/testwebsite.citygame.com\/sk\/wp-json\/wp\/v2\/media?parent=66458"}],"wp:term":[{"taxonomy":"game-concept","embeddable":true,"href":"https:\/\/testwebsite.citygame.com\/sk\/wp-json\/wp\/v2\/game-concept?post=66458"},{"taxonomy":"location","embeddable":true,"href":"https:\/\/testwebsite.citygame.com\/sk\/wp-json\/wp\/v2\/location?post=66458"},{"taxonomy":"product_brand","embeddable":true,"href":"https:\/\/testwebsite.citygame.com\/sk\/wp-json\/wp\/v2\/product_brand?post=66458"},{"taxonomy":"product_cat","embeddable":true,"href":"https:\/\/testwebsite.citygame.com\/sk\/wp-json\/wp\/v2\/product_cat?post=66458"},{"taxonomy":"product_tag","embeddable":true,"href":"https:\/\/testwebsite.citygame.com\/sk\/wp-json\/wp\/v2\/product_tag?post=66458"}],"curies":[{"name":"wp","href":"https:\/\/api.w.org\/{rel}","templated":true}]}}