{"id":66348,"date":"2026-03-13T16:13:39","date_gmt":"2026-03-13T16:13:39","guid":{"rendered":"https:\/\/testwebsite.citygame.com\/games\/unknown-location\/secrets-of-ede\/"},"modified":"2026-04-08T19:13:08","modified_gmt":"2026-04-08T19:13:08","slug":"secrets-of-ede","status":"publish","type":"product","link":"https:\/\/testwebsite.citygame.com\/sk\/games\/ede\/secrets-of-ede\/","title":{"rendered":"Secrets of Ede"},"content":{"rendered":"<p>Ponorte sa do fascinuj\u00facej mozaiky centra mesta Ede s na\u0161ou mestskou hrou &#8218;Secrets of Ede&#8216;. T\u00e1to samospravovan\u00e1 hra na objavovanie mesta v\u00e1m umo\u017en\u00ed navigova\u0165 sa t\u00fdmto pulzuj\u00facim mestom prostredn\u00edctvom interakt\u00edvnej hry zalo\u017eenej na GPS na va\u0161om smartf\u00f3ne. Po\u010das cesty budete odomyka\u0165 h\u00e1danky, rie\u0161i\u0165 jedine\u010dn\u00e9 hlavolamy a z\u00fa\u010dast\u0148ova\u0165 sa fotografick\u00fdch v\u00fdziev, pri\u010dom odhal\u00edte menej zn\u00e1me aspekty kult\u00fary, hist\u00f3rie a mestskej krajiny Ede. Ide\u00e1lna pre n\u00e1v\u0161tevn\u00edkov t\u00fa\u017eiacich po nov\u00fdch z\u00e1\u017eitkoch, alebo miestnych obyvate\u013eov, ktor\u00ed chc\u00fa vidie\u0165 svoje mesto nanovo, hra je vhodn\u00e1 pre s\u00f3lov\u00fdch hr\u00e1\u010dov aj r\u00f4znorod\u00e9 skupiny vr\u00e1tane p\u00e1rov, rod\u00edn \u010di priate\u013eov. Tak\u017ee si zba\u013ete pohodln\u00e9 top\u00e1nky, nabite si telef\u00f3n a pridajte sa k tejto jedine\u010dnej, samospravovanej mestskej hre v Ede.<\/p>\n","protected":false},"excerpt":{"rendered":"<p>Za\u017eite z\u00e1hadn\u00fa eleganciu Ede! V meste, kde sa hist\u00f3ria prel\u00edna s bohatou kult\u00farnou tapis\u00e9riou, presk\u00famajte jeho podmaniv\u00e9 odtiene od nestarn\u00facich vetern\u00fdch mlynov po ru\u0161n\u00e9 trhovisk\u00e1. Nasa\u010fte si detekt\u00edvny klob\u00fak, t\u00e1to cesta p\u00fatav\u00fdm prostred\u00edm Ede je pln\u00e1 tajn\u00fdch ind\u00edci\u00ed a n\u00e1dhern\u00fdch prekvapen\u00ed na ka\u017edom rohu!<\/p>\n","protected":false},"featured_media":18762,"template":"","meta":{"_acf_changed":false,"_yoast_wpseo_focuskw":"Secrets of Ede","_yoast_wpseo_metadesc":"Secrets of Ede. Zahrajte si samospravovan\u00fa mestsk\u00fa hru a objavujte mesto prostredn\u00edctvom h\u00e1daniek, hlavolamov a v\u00fdziev. Hrajte vlastn\u00fdm tempom a objavujte ako miestny!","_kad_blocks_custom_css":"","_kad_blocks_head_custom_js":"","_kad_blocks_body_custom_js":"","_kad_blocks_footer_custom_js":"","ghostkit_customizer_options":"","ghostkit_custom_css":"","ghostkit_custom_js_head":"","ghostkit_custom_js_foot":"","ghostkit_typography":"","_kad_post_transparent":"default","_kad_post_title":"","_kad_post_layout":"default","_kad_post_sidebar_id":"","_kad_post_content_style":"default","_kad_post_vertical_padding":"default","_kad_post_feature":"","_kad_post_feature_position":"","_kad_post_header":false,"_kad_post_footer":false,"_kad_post_classname":"","_links_to":"","_links_to_target":""},"game-concept":[727],"location":[151],"product_brand":[],"product_cat":[27],"product_tag":[],"class_list":{"0":"post-66348","1":"product","2":"type-product","3":"status-publish","4":"has-post-thumbnail","6":"game-concept-secrets","7":"location-ede","8":"product_cat-geen-categorie","10":"first","11":"instock","12":"shipping-taxable","13":"purchasable","14":"product-type-simple","15":"entry","16":"content-bg","17":"loop-entry"},"acf":{"full_bokun_product_name":"Self-Guided Secrets of Ede Exploration Game","location_name":"Ede","bokun_calendar_widget_code":"<script type=\"text\/javascript\" src=\"https:\/\/widgets.bokun.io\/assets\/javascripts\/apps\/build\/BokunWidgetsLoader.js?bookingChannelUUID=a1e93e96-5232-4734-a595-28405f4b5a31\" async><\/script>\n     \n    <div class=\"bokunWidget\" data-src=\"https:\/\/widgets.bokun.io\/online-sales\/a1e93e96-5232-4734-a595-28405f4b5a31\/experience-calendar\/885160\"><\/div>\n    <noscript>Please enable javascript in your browser to book<\/noscript>","bokun_button_widget_code":"<script type=\"text\/javascript\" src=\"https:\/\/widgets.bokun.io\/assets\/javascripts\/apps\/build\/BokunWidgetsLoader.js?bookingChannelUUID=a1e93e96-5232-4734-a595-28405f4b5a31\" async><\/script>\n      <style> #bokun_ed001e45_5927_4f62_b470_ca766338d083 { display: inline-block; padding: .4em 1em; background: #47b82e; border-radius: 999999px; box-shadow: none; font-weight: 600; font-size: 24px; text-decoration: none; text-align: center; color: #FFFFFF; border:none; cursor: pointer; transition: background .2s ease; } #bokun_ed001e45_5927_4f62_b470_ca766338d083:hover{ background: #2f7b1f; } #bokun_ed001e45_5927_4f62_b470_ca766338d083:active{ background: #378f24; } <\/style> <button class=\"bokunButton\" disabled id=bokun_ed001e45_5927_4f62_b470_ca766338d083 data-src=\"https:\/\/widgets.bokun.io\/online-sales\/a1e93e96-5232-4734-a595-28405f4b5a31\/experience-calendar\/885160?partialView=1\" data-testid=\"widget-book-button\" > Book now <\/button> ","what_you\u2019ll_experience_during_the_game":"Po\u010das v\u00e1\u0161ho \u010dasu s mestskou hrou 'Secrets of Ede' sa ocitnete hlboko ponoren\u00ed do bohatej kult\u00farnej tapis\u00e9rie Ede. Toto nie je va\u0161a priemern\u00e1 prehliadka mesta; na\u0161a hra sp\u00e1ja pohlcuj\u00face rozpr\u00e1vanie pr\u00edbehov a interakt\u00edvne v\u00fdzvy s cestou plnou mnoh\u00fdch prekvapen\u00ed mesta. Ako budete bl\u00fadi\u0165 od jednej z\u00e1hady k druhej, budete veden\u00ed po ikonick\u00fdch aj tajn\u00fdch z\u00e1kutiach Ede. Za\u017eijete intrigy r\u00f4znych vrcholov, \u010di u\u017e to bude tam, kam v\u00e1s zaved\u00fa s\u00faradnice 52.04663473750492,5.669747293238146, alebo z\u00e1hady \u010dakaj\u00face na s\u00faradniciach 52.04289449999999,5.678477499999985 a 52.043980799999986,5.677580699999993 v meste Ede.\r\n\r\nPo druh\u00e9, na\u0161a mestsk\u00e1 hra je viac ne\u017e len objavovanie; je to intelektu\u00e1lna v\u00fdzva, ktor\u00e1 prever\u00ed va\u0161u schopnos\u0165 rie\u0161i\u0165 hlavolamy, odpoveda\u0165 na ot\u00e1zky a zvl\u00e1da\u0165 kreat\u00edvne fotografick\u00e9 v\u00fdzvy. Tieto v\u00fdzvy nie s\u00fa len z\u00e1bavn\u00e9 rozpt\u00fdlenia; s\u00fa to nevyhnutn\u00e9 kroky vo va\u0161om pokroku smerom k odhaleniu kone\u010dnej z\u00e1hady Ede. Po\u010das hry z\u00edskavate body, odomyk\u00e1te n\u00e1povedy a navy\u0161e, hru je mo\u017en\u00e9 kedyko\u013evek pozastavi\u0165 a pokra\u010dova\u0165 v nej, ke\u010f sa v\u00e1m to hod\u00ed. Pre s\u00fa\u0165a\u017eiv\u00e9 du\u0161e medzi vami, vy\u0161plhajte sa na rebr\u00ed\u010dek a dok\u00e1\u017ete svoju odvahu v tomto objavovan\u00ed cez Ede.","how_to_play":"Zarezervujte si objavovaciu hru, skontrolujte e-mail, ktor\u00fd v\u00e1m po\u0161leme s jednoduch\u00fdmi pokynmi, stiahnite si aplik\u00e1ciu Loquiz, prist\u00fapte k objavovacej hre a ste pripraven\u00ed za\u010da\u0165 v\u00e1\u0161 hern\u00fd z\u00e1\u017eitok!","start_location":"Ede, Bevrijdingsplein","available_languages":["en"],"players_per_group":"1-4","duration":"1.5-2 hours","image_overlay_color_image":"https:\/\/testwebsite.citygame.com\/wp-content\/blogs.dir\/1\/files\/sites\/62\/2026\/01\/SecretsColor.svg","image_overlay_game_logo":"https:\/\/testwebsite.citygame.com\/wp-content\/blogs.dir\/1\/files\/sites\/62\/2026\/01\/SecretsLogo.png","city_page":15794,"woocommerce_general_content":null},"yoast_head":"<!-- This site is optimized with the Yoast SEO Premium plugin v26.2 (Yoast SEO v26.3) - https:\/\/yoast.com\/wordpress\/plugins\/seo\/ -->\n<title>Secrets of Ede - City Game<\/title>\n<meta name=\"description\" content=\"Secrets of Ede. Zahrajte si samospravovan\u00fa mestsk\u00fa hru a objavujte mesto prostredn\u00edctvom h\u00e1daniek, hlavolamov a v\u00fdziev. Hrajte vlastn\u00fdm tempom a objavujte ako miestny!\" \/>\n<meta name=\"robots\" content=\"noindex, follow, max-snippet:-1, max-image-preview:large, max-video-preview:-1\" \/>\n<meta property=\"og:locale\" content=\"sk_SK\" \/>\n<meta property=\"og:type\" content=\"article\" \/>\n<meta property=\"og:title\" content=\"Secrets of Ede\" \/>\n<meta property=\"og:description\" content=\"Secrets of Ede. Zahrajte si samospravovan\u00fa mestsk\u00fa hru a objavujte mesto prostredn\u00edctvom h\u00e1daniek, hlavolamov a v\u00fdziev. Hrajte vlastn\u00fdm tempom a objavujte ako miestny!\" \/>\n<meta property=\"og:url\" content=\"https:\/\/testwebsite.citygame.com\/sk\/games\/ede\/secrets-of-ede\/\" \/>\n<meta property=\"og:site_name\" content=\"City Game\" \/>\n<meta property=\"article:publisher\" content=\"https:\/\/www.facebook.com\/profile.php?id=100086426226253\" \/>\n<meta property=\"article:modified_time\" content=\"2026-04-08T19:13:08+00:00\" \/>\n<meta property=\"og:image\" content=\"https:\/\/testwebsite.citygame.com\/wp-content\/blogs.dir\/1\/files\/sites\/62\/2026\/03\/city-game-players-marktplein-ede.jpg\" \/>\n\t<meta property=\"og:image:width\" content=\"1024\" \/>\n\t<meta property=\"og:image:height\" content=\"1024\" \/>\n\t<meta property=\"og:image:type\" content=\"image\/jpeg\" \/>\n<meta name=\"twitter:card\" content=\"summary_large_image\" \/>\n<meta name=\"twitter:label1\" content=\"Predpokladan\u00fd \u010das \u010d\u00edtania\" \/>\n\t<meta name=\"twitter:data1\" content=\"1 min\u00fata\" \/>\n<script type=\"application\/ld+json\" class=\"yoast-schema-graph\">{\"@context\":\"https:\/\/schema.org\",\"@graph\":[{\"@type\":\"WebPage\",\"@id\":\"https:\/\/testwebsite.citygame.com\/sk\/games\/ede\/secrets-of-ede\/\",\"url\":\"https:\/\/testwebsite.citygame.com\/sk\/games\/ede\/secrets-of-ede\/\",\"name\":\"Secrets of Ede - City Game\",\"isPartOf\":{\"@id\":\"https:\/\/testwebsite.upevents.nl\/#website\"},\"primaryImageOfPage\":{\"@id\":\"https:\/\/testwebsite.citygame.com\/sk\/games\/ede\/secrets-of-ede\/#primaryimage\"},\"image\":{\"@id\":\"https:\/\/testwebsite.citygame.com\/sk\/games\/ede\/secrets-of-ede\/#primaryimage\"},\"thumbnailUrl\":\"https:\/\/testwebsite.citygame.com\/wp-content\/blogs.dir\/1\/files\/sites\/62\/2026\/03\/city-game-players-marktplein-ede.jpg\",\"datePublished\":\"2026-03-13T16:13:39+00:00\",\"dateModified\":\"2026-04-08T19:13:08+00:00\",\"description\":\"Secrets of Ede. Zahrajte si samospravovan\u00fa mestsk\u00fa hru a objavujte mesto prostredn\u00edctvom h\u00e1daniek, hlavolamov a v\u00fdziev. Hrajte vlastn\u00fdm tempom a objavujte ako miestny!\",\"breadcrumb\":{\"@id\":\"https:\/\/testwebsite.citygame.com\/sk\/games\/ede\/secrets-of-ede\/#breadcrumb\"},\"inLanguage\":\"sk-SK\",\"potentialAction\":[{\"@type\":\"ReadAction\",\"target\":[\"https:\/\/testwebsite.citygame.com\/sk\/games\/ede\/secrets-of-ede\/\"]}]},{\"@type\":\"ImageObject\",\"inLanguage\":\"sk-SK\",\"@id\":\"https:\/\/testwebsite.citygame.com\/sk\/games\/ede\/secrets-of-ede\/#primaryimage\",\"url\":\"https:\/\/testwebsite.citygame.com\/wp-content\/blogs.dir\/1\/files\/sites\/62\/2026\/03\/city-game-players-marktplein-ede.jpg\",\"contentUrl\":\"https:\/\/testwebsite.citygame.com\/wp-content\/blogs.dir\/1\/files\/sites\/62\/2026\/03\/city-game-players-marktplein-ede.jpg\",\"width\":1024,\"height\":1024,\"caption\":\"A group of friends collaborates on their smartphone while playing a game in Ede's city center.\"},{\"@type\":\"BreadcrumbList\",\"@id\":\"https:\/\/testwebsite.citygame.com\/sk\/games\/ede\/secrets-of-ede\/#breadcrumb\",\"itemListElement\":[{\"@type\":\"ListItem\",\"position\":1,\"name\":\"Home\",\"item\":\"https:\/\/testwebsite.citygame.com\/sk\/\"},{\"@type\":\"ListItem\",\"position\":2,\"name\":\"Shop\",\"item\":\"https:\/\/testwebsite.citygame.com\/shop\/\"},{\"@type\":\"ListItem\",\"position\":3,\"name\":\"Secrets of Ede\"}]},{\"@type\":\"WebSite\",\"@id\":\"https:\/\/testwebsite.upevents.nl\/#website\",\"url\":\"https:\/\/testwebsite.upevents.nl\/\",\"name\":\"City Game\",\"description\":\"\",\"publisher\":{\"@id\":\"https:\/\/testwebsite.upevents.nl\/#organization\"},\"alternateName\":\"citygame.com\",\"potentialAction\":[{\"@type\":\"SearchAction\",\"target\":{\"@type\":\"EntryPoint\",\"urlTemplate\":\"https:\/\/testwebsite.upevents.nl\/?s={search_term_string}\"},\"query-input\":{\"@type\":\"PropertyValueSpecification\",\"valueRequired\":true,\"valueName\":\"search_term_string\"}}],\"inLanguage\":\"sk-SK\"},{\"@type\":[\"Organization\",\"Place\"],\"@id\":\"https:\/\/testwebsite.upevents.nl\/#organization\",\"name\":\"City Game\",\"alternateName\":\"citygame.com\",\"url\":\"https:\/\/testwebsite.upevents.nl\/\",\"logo\":{\"@id\":\"https:\/\/testwebsite.citygame.com\/sk\/games\/ede\/secrets-of-ede\/#local-main-organization-logo\"},\"image\":{\"@id\":\"https:\/\/testwebsite.citygame.com\/sk\/games\/ede\/secrets-of-ede\/#local-main-organization-logo\"},\"sameAs\":[\"https:\/\/www.facebook.com\/profile.php?id=100086426226253\",\"https:\/\/www.instagram.com\/citygame_com\",\"https:\/\/www.tiktok.com\/@citygamecom\/\",\"https:\/\/www.linkedin.com\/company\/citygame-com\"],\"description\":\"Turn any city into a playground with our interactive City Games and self-guided tours. Fun, flexible, and ideal for groups and team building.\",\"telephone\":[],\"openingHoursSpecification\":[{\"@type\":\"OpeningHoursSpecification\",\"dayOfWeek\":[\"Monday\",\"Tuesday\",\"Wednesday\",\"Thursday\",\"Friday\",\"Saturday\",\"Sunday\"],\"opens\":\"09:00\",\"closes\":\"17:00\"}]},{\"@type\":\"ImageObject\",\"inLanguage\":\"sk-SK\",\"@id\":\"https:\/\/testwebsite.citygame.com\/sk\/games\/ede\/secrets-of-ede\/#local-main-organization-logo\",\"url\":\"https:\/\/testwebsite.citygame.com\/wp-content\/blogs.dir\/1\/files\/sites\/62\/2025\/10\/CG_LOGO-City-Game.png\",\"contentUrl\":\"https:\/\/testwebsite.citygame.com\/wp-content\/blogs.dir\/1\/files\/sites\/62\/2025\/10\/CG_LOGO-City-Game.png\",\"width\":351,\"height\":377,\"caption\":\"City Game\"}]}<\/script>\n<!-- \/ Yoast SEO Premium plugin. -->","yoast_head_json":{"title":"Secrets of Ede - City Game","description":"Secrets of Ede. Zahrajte si samospravovan\u00fa mestsk\u00fa hru a objavujte mesto prostredn\u00edctvom h\u00e1daniek, hlavolamov a v\u00fdziev. Hrajte vlastn\u00fdm tempom a objavujte ako miestny!","robots":{"index":"noindex","follow":"follow","max-snippet":"max-snippet:-1","max-image-preview":"max-image-preview:large","max-video-preview":"max-video-preview:-1"},"og_locale":"sk_SK","og_type":"article","og_title":"Secrets of Ede","og_description":"Secrets of Ede. Zahrajte si samospravovan\u00fa mestsk\u00fa hru a objavujte mesto prostredn\u00edctvom h\u00e1daniek, hlavolamov a v\u00fdziev. Hrajte vlastn\u00fdm tempom a objavujte ako miestny!","og_url":"https:\/\/testwebsite.citygame.com\/sk\/games\/ede\/secrets-of-ede\/","og_site_name":"City Game","article_publisher":"https:\/\/www.facebook.com\/profile.php?id=100086426226253","article_modified_time":"2026-04-08T19:13:08+00:00","og_image":[{"width":1024,"height":1024,"url":"https:\/\/testwebsite.citygame.com\/wp-content\/blogs.dir\/1\/files\/sites\/62\/2026\/03\/city-game-players-marktplein-ede.jpg","type":"image\/jpeg"}],"twitter_card":"summary_large_image","twitter_misc":{"Predpokladan\u00fd \u010das \u010d\u00edtania":"1 min\u00fata"},"schema":{"@context":"https:\/\/schema.org","@graph":[{"@type":"WebPage","@id":"https:\/\/testwebsite.citygame.com\/sk\/games\/ede\/secrets-of-ede\/","url":"https:\/\/testwebsite.citygame.com\/sk\/games\/ede\/secrets-of-ede\/","name":"Secrets of Ede - City Game","isPartOf":{"@id":"https:\/\/testwebsite.upevents.nl\/#website"},"primaryImageOfPage":{"@id":"https:\/\/testwebsite.citygame.com\/sk\/games\/ede\/secrets-of-ede\/#primaryimage"},"image":{"@id":"https:\/\/testwebsite.citygame.com\/sk\/games\/ede\/secrets-of-ede\/#primaryimage"},"thumbnailUrl":"https:\/\/testwebsite.citygame.com\/wp-content\/blogs.dir\/1\/files\/sites\/62\/2026\/03\/city-game-players-marktplein-ede.jpg","datePublished":"2026-03-13T16:13:39+00:00","dateModified":"2026-04-08T19:13:08+00:00","description":"Secrets of Ede. Zahrajte si samospravovan\u00fa mestsk\u00fa hru a objavujte mesto prostredn\u00edctvom h\u00e1daniek, hlavolamov a v\u00fdziev. Hrajte vlastn\u00fdm tempom a objavujte ako miestny!","breadcrumb":{"@id":"https:\/\/testwebsite.citygame.com\/sk\/games\/ede\/secrets-of-ede\/#breadcrumb"},"inLanguage":"sk-SK","potentialAction":[{"@type":"ReadAction","target":["https:\/\/testwebsite.citygame.com\/sk\/games\/ede\/secrets-of-ede\/"]}]},{"@type":"ImageObject","inLanguage":"sk-SK","@id":"https:\/\/testwebsite.citygame.com\/sk\/games\/ede\/secrets-of-ede\/#primaryimage","url":"https:\/\/testwebsite.citygame.com\/wp-content\/blogs.dir\/1\/files\/sites\/62\/2026\/03\/city-game-players-marktplein-ede.jpg","contentUrl":"https:\/\/testwebsite.citygame.com\/wp-content\/blogs.dir\/1\/files\/sites\/62\/2026\/03\/city-game-players-marktplein-ede.jpg","width":1024,"height":1024,"caption":"A group of friends collaborates on their smartphone while playing a game in Ede's city center."},{"@type":"BreadcrumbList","@id":"https:\/\/testwebsite.citygame.com\/sk\/games\/ede\/secrets-of-ede\/#breadcrumb","itemListElement":[{"@type":"ListItem","position":1,"name":"Home","item":"https:\/\/testwebsite.citygame.com\/sk\/"},{"@type":"ListItem","position":2,"name":"Shop","item":"https:\/\/testwebsite.citygame.com\/shop\/"},{"@type":"ListItem","position":3,"name":"Secrets of Ede"}]},{"@type":"WebSite","@id":"https:\/\/testwebsite.upevents.nl\/#website","url":"https:\/\/testwebsite.upevents.nl\/","name":"City Game","description":"","publisher":{"@id":"https:\/\/testwebsite.upevents.nl\/#organization"},"alternateName":"citygame.com","potentialAction":[{"@type":"SearchAction","target":{"@type":"EntryPoint","urlTemplate":"https:\/\/testwebsite.upevents.nl\/?s={search_term_string}"},"query-input":{"@type":"PropertyValueSpecification","valueRequired":true,"valueName":"search_term_string"}}],"inLanguage":"sk-SK"},{"@type":["Organization","Place"],"@id":"https:\/\/testwebsite.upevents.nl\/#organization","name":"City Game","alternateName":"citygame.com","url":"https:\/\/testwebsite.upevents.nl\/","logo":{"@id":"https:\/\/testwebsite.citygame.com\/sk\/games\/ede\/secrets-of-ede\/#local-main-organization-logo"},"image":{"@id":"https:\/\/testwebsite.citygame.com\/sk\/games\/ede\/secrets-of-ede\/#local-main-organization-logo"},"sameAs":["https:\/\/www.facebook.com\/profile.php?id=100086426226253","https:\/\/www.instagram.com\/citygame_com","https:\/\/www.tiktok.com\/@citygamecom\/","https:\/\/www.linkedin.com\/company\/citygame-com"],"description":"Turn any city into a playground with our interactive City Games and self-guided tours. Fun, flexible, and ideal for groups and team building.","telephone":[],"openingHoursSpecification":[{"@type":"OpeningHoursSpecification","dayOfWeek":["Monday","Tuesday","Wednesday","Thursday","Friday","Saturday","Sunday"],"opens":"09:00","closes":"17:00"}]},{"@type":"ImageObject","inLanguage":"sk-SK","@id":"https:\/\/testwebsite.citygame.com\/sk\/games\/ede\/secrets-of-ede\/#local-main-organization-logo","url":"https:\/\/testwebsite.citygame.com\/wp-content\/blogs.dir\/1\/files\/sites\/62\/2025\/10\/CG_LOGO-City-Game.png","contentUrl":"https:\/\/testwebsite.citygame.com\/wp-content\/blogs.dir\/1\/files\/sites\/62\/2025\/10\/CG_LOGO-City-Game.png","width":351,"height":377,"caption":"City Game"}]}},"taxonomy_info":{"game-concept":[{"value":727,"label":"Secrets"}],"location":[{"value":151,"label":"Ede"}],"product_cat":[{"value":27,"label":"Geen categorie"}]},"featured_image_src_large":["https:\/\/testwebsite.citygame.com\/wp-content\/blogs.dir\/1\/files\/sites\/62\/2026\/03\/city-game-players-marktplein-ede.jpg",1024,1024,false],"author_info":[],"comment_info":"","_links":{"self":[{"href":"https:\/\/testwebsite.citygame.com\/sk\/wp-json\/wp\/v2\/product\/66348","targetHints":{"allow":["GET"]}}],"collection":[{"href":"https:\/\/testwebsite.citygame.com\/sk\/wp-json\/wp\/v2\/product"}],"about":[{"href":"https:\/\/testwebsite.citygame.com\/sk\/wp-json\/wp\/v2\/types\/product"}],"acf:post":[{"embeddable":true,"href":"https:\/\/testwebsite.citygame.com\/sk\/wp-json\/wp\/v2\/pages\/15794"}],"wp:featuredmedia":[{"embeddable":true,"href":"https:\/\/testwebsite.citygame.com\/sk\/wp-json\/wp\/v2\/media\/18762"}],"wp:attachment":[{"href":"https:\/\/testwebsite.citygame.com\/sk\/wp-json\/wp\/v2\/media?parent=66348"}],"wp:term":[{"taxonomy":"game-concept","embeddable":true,"href":"https:\/\/testwebsite.citygame.com\/sk\/wp-json\/wp\/v2\/game-concept?post=66348"},{"taxonomy":"location","embeddable":true,"href":"https:\/\/testwebsite.citygame.com\/sk\/wp-json\/wp\/v2\/location?post=66348"},{"taxonomy":"product_brand","embeddable":true,"href":"https:\/\/testwebsite.citygame.com\/sk\/wp-json\/wp\/v2\/product_brand?post=66348"},{"taxonomy":"product_cat","embeddable":true,"href":"https:\/\/testwebsite.citygame.com\/sk\/wp-json\/wp\/v2\/product_cat?post=66348"},{"taxonomy":"product_tag","embeddable":true,"href":"https:\/\/testwebsite.citygame.com\/sk\/wp-json\/wp\/v2\/product_tag?post=66348"}],"curies":[{"name":"wp","href":"https:\/\/api.w.org\/{rel}","templated":true}]}}