{"id":66286,"date":"2026-03-13T15:30:34","date_gmt":"2026-03-13T15:30:34","guid":{"rendered":"https:\/\/testwebsite.citygame.com\/games\/unknown-location\/secrets-of-brielle\/"},"modified":"2026-04-08T18:38:15","modified_gmt":"2026-04-08T18:38:15","slug":"secrets-of-brielle","status":"publish","type":"product","link":"https:\/\/testwebsite.citygame.com\/sk\/games\/brielle\/secrets-of-brielle\/","title":{"rendered":"Secrets of Brielle"},"content":{"rendered":"<p>Objavte \u010daro Brielle s na\u0161ou samoobslu\u017enou hrou City Game Brielle zalo\u017eenou na GPS. T\u00e1to vzru\u0161uj\u00faca objavite\u013esk\u00e1 hra, zasaden\u00e1 do centra mesta Brielle, umo\u017e\u0148uje hr\u00e1\u010dom prech\u00e1dza\u0165 mestskou krajinou pomocou svojho smartf\u00f3nu, odha\u013eova\u0165 stopy prostredn\u00edctvom podnetn\u00fdch h\u00e1daniek, zlo\u017eit\u00fdch hlavolamov a podmaniv\u00fdch fotografick\u00fdch v\u00fdziev. Ako odomyk\u00e1te ka\u017ed\u00fd krok cesty, ponor\u00edte sa hlb\u0161ie do bohatej hist\u00f3rie mesta, jedine\u010dnej kult\u00fary a odhal\u00edte jeho jemn\u00e9 detaily. T\u00e1to interakt\u00edvna a p\u00fatav\u00e1 hra je ide\u00e1lnou aktivitou pre turistov aj miestnych, vhodn\u00e1 pre jednotlivcov, p\u00e1ry a skupiny priate\u013eov alebo rod\u00edn. \u010ci u\u017e chcete znovu objavi\u0165 Brielle alebo ju vidie\u0165 prv\u00fdkr\u00e1t, t\u00e1to pohlcuj\u00faca mestsk\u00e1 hra v\u00e1s poz\u00fdva za\u017ei\u0165 mesto z novej, hravej perspekt\u00edvy.<\/p>\n","protected":false},"excerpt":{"rendered":"<p>Objavte kr\u00e1su a odvahu Brielle! Ponorte sa do mesta, kde sa dedi\u010dstvo prel\u00edna so \u0161epotom vetra a kult\u00fara sa odr\u00e1\u017ea v jeho pokojn\u00fdch kan\u00e1loch. Rozl\u00fa\u0161tite z\u00e1hady pri putovan\u00ed jeho p\u00f4vabnou podstatou, Brielle odha\u013euje svoje tajomstv\u00e1 na ka\u017edom kroku!<\/p>\n","protected":false},"featured_media":18744,"template":"","meta":{"_acf_changed":false,"_yoast_wpseo_focuskw":"Secrets of Brielle","_yoast_wpseo_metadesc":"Secrets of Brielle. Zahrajte si samoobslu\u017en\u00fa mestsk\u00fa hru a objavujte mesto prostredn\u00edctvom h\u00e1daniek, hlavolamov a v\u00fdziev. Hrajte vlastn\u00fdm tempom a objavujte ako miestny!","_kad_blocks_custom_css":"","_kad_blocks_head_custom_js":"","_kad_blocks_body_custom_js":"","_kad_blocks_footer_custom_js":"","ghostkit_customizer_options":"","ghostkit_custom_css":"","ghostkit_custom_js_head":"","ghostkit_custom_js_foot":"","ghostkit_typography":"","_kad_post_transparent":"default","_kad_post_title":"","_kad_post_layout":"default","_kad_post_sidebar_id":"","_kad_post_content_style":"default","_kad_post_vertical_padding":"default","_kad_post_feature":"","_kad_post_feature_position":"","_kad_post_header":false,"_kad_post_footer":false,"_kad_post_classname":"","_links_to":"","_links_to_target":""},"game-concept":[727],"location":[102],"product_brand":[],"product_cat":[27],"product_tag":[],"class_list":{"0":"post-66286","1":"product","2":"type-product","3":"status-publish","4":"has-post-thumbnail","6":"game-concept-secrets","7":"location-brielle","8":"product_cat-geen-categorie","10":"first","11":"instock","12":"shipping-taxable","13":"purchasable","14":"product-type-simple","15":"entry","16":"content-bg","17":"loop-entry"},"acf":{"full_bokun_product_name":"Self-Guided Secrets of Brielle Exploration Game","location_name":"Brielle","bokun_calendar_widget_code":"<script type=\"text\/javascript\" src=\"https:\/\/widgets.bokun.io\/assets\/javascripts\/apps\/build\/BokunWidgetsLoader.js?bookingChannelUUID=a1e93e96-5232-4734-a595-28405f4b5a31\" async><\/script>\n     \n    <div class=\"bokunWidget\" data-src=\"https:\/\/widgets.bokun.io\/online-sales\/a1e93e96-5232-4734-a595-28405f4b5a31\/experience-calendar\/885166\"><\/div>\n    <noscript>Please enable javascript in your browser to book<\/noscript>","bokun_button_widget_code":"<script type=\"text\/javascript\" src=\"https:\/\/widgets.bokun.io\/assets\/javascripts\/apps\/build\/BokunWidgetsLoader.js?bookingChannelUUID=a1e93e96-5232-4734-a595-28405f4b5a31\" async><\/script>\n      <style> #bokun_ed001e45_5927_4f62_b470_ca766338d083 { display: inline-block; padding: .4em 1em; background: #47b82e; border-radius: 999999px; box-shadow: none; font-weight: 600; font-size: 24px; text-decoration: none; text-align: center; color: #FFFFFF; border:none; cursor: pointer; transition: background .2s ease; } #bokun_ed001e45_5927_4f62_b470_ca766338d083:hover{ background: #2f7b1f; } #bokun_ed001e45_5927_4f62_b470_ca766338d083:active{ background: #378f24; } <\/style> <button class=\"bokunButton\" disabled id=bokun_ed001e45_5927_4f62_b470_ca766338d083 data-src=\"https:\/\/widgets.bokun.io\/online-sales\/a1e93e96-5232-4734-a595-28405f4b5a31\/experience-calendar\/885166?partialView=1\" data-testid=\"widget-book-button\" > Book now <\/button> ","what_you\u2019ll_experience_during_the_game":"Za\u017eite n\u00e1dhern\u00fa kombin\u00e1ciu prehliadky pamiatok a pohlcuj\u00faceho rozpr\u00e1vania pr\u00edbehov v Brielle s na\u0161ou hrou City Game. Pri putovan\u00ed z\u00e1kutiami tohto p\u00f4vabn\u00e9ho mesta objav\u00edte nielen ikonick\u00e9 pamiatky, ale odhal\u00edte aj skryt\u00e9 z\u00e1kutia, ktor\u00e9 skuto\u010dne zachyt\u00e1vaj\u00fa podstatu Brielle. Cestujte \u010dasom pri navig\u00e1cii od tradi\u010dn\u00fdch holandsk\u00fdch domov k pokojn\u00fdm n\u00e1bre\u017eiam a stredovekej architekt\u00fare, zakon\u010den\u00e9 n\u00e1v\u0161tevou historickej radnice. T\u00e1to hra v\u00e1s vezme na cestu objavovania a ocenenia, \u010d\u00edm v\u00e1m zabezpe\u010d\u00ed jedine\u010dn\u00fa perspekt\u00edvu na toto o\u010daruj\u00face holandsk\u00e9 mesto.\r\n\r\nHranie tejto mestskej hry v Brielle znamen\u00e1 sta\u0165 sa s\u00fa\u010das\u0165ou p\u00fatav\u00e9ho rozpr\u00e1vania odha\u013euj\u00faceho tajomstv\u00e1 mesta. Budete \u010deli\u0165 z\u00e1bavn\u00fdm h\u00e1dank\u00e1m, hlavolamom a p\u00fatav\u00fdm ot\u00e1zkam, pri\u010dom cestou budete z\u00edskava\u0165 body. Okrem toho sa m\u00f4\u017eete z\u00fa\u010dastni\u0165 kreat\u00edvnych fotografick\u00fdch v\u00fdziev, ktor\u00e9 v\u00e1m pom\u00f4\u017eu odomkn\u00fa\u0165 rady a pribl\u00ed\u017eia v\u00e1s k odhaleniu kone\u010dnej z\u00e1hady. Hra m\u00e1 flexibilitu, aby sa dala pozastavi\u0165 a pokra\u010dova\u0165 vo va\u0161om vo\u013enom \u010dase, \u010do z nej rob\u00ed pohodln\u00e9ho spolo\u010dn\u00edka na objavovanie. Ak ste s\u00fa\u0165a\u017eiv\u00fd typ, sna\u017ete sa dosiahnu\u0165 vysok\u00fa poz\u00edciu v na\u0161om rebr\u00ed\u010dku t\u00fdm, \u017ee budete rie\u0161i\u0165 v\u00fdzvy r\u00fdchlej\u0161ie a s bystr\u00fdm d\u00f4vtipom. T\u00e1to hra City Game pon\u00faka pr\u00edjemn\u00e9 spojenie prehliadky pamiatok a rie\u0161enia probl\u00e9mov, \u010d\u00edm premie\u0148a vo\u013en\u00fd de\u0148 na obohacuj\u00face dobrodru\u017estvo.","how_to_play":"Rezervujte si hru Exploration Game, skontrolujte e-mail, ktor\u00fd v\u00e1m po\u0161leme s jednoduch\u00fdmi pokynmi, stiahnite si aplik\u00e1ciu Loquiz App, z\u00edskajte pr\u00edstup k hre Exploration Game a ste pripraven\u00ed za\u010da\u0165 svoj hern\u00fd z\u00e1\u017eitok!","start_location":"Brielle, Asylplein","available_languages":["en"],"players_per_group":"1-4","duration":"1.5-2 hours","image_overlay_color_image":"https:\/\/testwebsite.citygame.com\/wp-content\/blogs.dir\/1\/files\/sites\/62\/2026\/01\/SecretsColor.svg","image_overlay_game_logo":"https:\/\/testwebsite.citygame.com\/wp-content\/blogs.dir\/1\/files\/sites\/62\/2026\/01\/SecretsLogo.png","city_page":15782,"woocommerce_general_content":null},"yoast_head":"<!-- This site is optimized with the Yoast SEO Premium plugin v26.2 (Yoast SEO v26.3) - https:\/\/yoast.com\/wordpress\/plugins\/seo\/ -->\n<title>Secrets of Brielle - City Game<\/title>\n<meta name=\"description\" content=\"Secrets of Brielle. Zahrajte si samoobslu\u017en\u00fa mestsk\u00fa hru a objavujte mesto prostredn\u00edctvom h\u00e1daniek, hlavolamov a v\u00fdziev. Hrajte vlastn\u00fdm tempom a objavujte ako miestny!\" \/>\n<meta name=\"robots\" content=\"noindex, follow, max-snippet:-1, max-image-preview:large, max-video-preview:-1\" \/>\n<meta property=\"og:locale\" content=\"sk_SK\" \/>\n<meta property=\"og:type\" content=\"article\" \/>\n<meta property=\"og:title\" content=\"Secrets of Brielle\" \/>\n<meta property=\"og:description\" content=\"Secrets of Brielle. Zahrajte si samoobslu\u017en\u00fa mestsk\u00fa hru a objavujte mesto prostredn\u00edctvom h\u00e1daniek, hlavolamov a v\u00fdziev. Hrajte vlastn\u00fdm tempom a objavujte ako miestny!\" \/>\n<meta property=\"og:url\" content=\"https:\/\/testwebsite.citygame.com\/sk\/games\/brielle\/secrets-of-brielle\/\" \/>\n<meta property=\"og:site_name\" content=\"City Game\" \/>\n<meta property=\"article:publisher\" content=\"https:\/\/www.facebook.com\/profile.php?id=100086426226253\" \/>\n<meta property=\"article:modified_time\" content=\"2026-04-08T18:38:15+00:00\" \/>\n<meta property=\"og:image\" content=\"https:\/\/testwebsite.citygame.com\/wp-content\/blogs.dir\/1\/files\/sites\/62\/2026\/03\/man-playing-city-game-historic-street-brielle.jpg\" \/>\n\t<meta property=\"og:image:width\" content=\"1024\" \/>\n\t<meta property=\"og:image:height\" content=\"1024\" \/>\n\t<meta property=\"og:image:type\" content=\"image\/jpeg\" \/>\n<meta name=\"twitter:card\" content=\"summary_large_image\" \/>\n<meta name=\"twitter:label1\" content=\"Predpokladan\u00fd \u010das \u010d\u00edtania\" \/>\n\t<meta name=\"twitter:data1\" content=\"1 min\u00fata\" \/>\n<script type=\"application\/ld+json\" class=\"yoast-schema-graph\">{\"@context\":\"https:\/\/schema.org\",\"@graph\":[{\"@type\":\"WebPage\",\"@id\":\"https:\/\/testwebsite.citygame.com\/sk\/games\/brielle\/secrets-of-brielle\/\",\"url\":\"https:\/\/testwebsite.citygame.com\/sk\/games\/brielle\/secrets-of-brielle\/\",\"name\":\"Secrets of Brielle - City Game\",\"isPartOf\":{\"@id\":\"https:\/\/testwebsite.upevents.nl\/#website\"},\"primaryImageOfPage\":{\"@id\":\"https:\/\/testwebsite.citygame.com\/sk\/games\/brielle\/secrets-of-brielle\/#primaryimage\"},\"image\":{\"@id\":\"https:\/\/testwebsite.citygame.com\/sk\/games\/brielle\/secrets-of-brielle\/#primaryimage\"},\"thumbnailUrl\":\"https:\/\/testwebsite.citygame.com\/wp-content\/blogs.dir\/1\/files\/sites\/62\/2026\/03\/man-playing-city-game-historic-street-brielle.jpg\",\"datePublished\":\"2026-03-13T15:30:34+00:00\",\"dateModified\":\"2026-04-08T18:38:15+00:00\",\"description\":\"Secrets of Brielle. Zahrajte si samoobslu\u017en\u00fa mestsk\u00fa hru a objavujte mesto prostredn\u00edctvom h\u00e1daniek, hlavolamov a v\u00fdziev. Hrajte vlastn\u00fdm tempom a objavujte ako miestny!\",\"breadcrumb\":{\"@id\":\"https:\/\/testwebsite.citygame.com\/sk\/games\/brielle\/secrets-of-brielle\/#breadcrumb\"},\"inLanguage\":\"sk-SK\",\"potentialAction\":[{\"@type\":\"ReadAction\",\"target\":[\"https:\/\/testwebsite.citygame.com\/sk\/games\/brielle\/secrets-of-brielle\/\"]}]},{\"@type\":\"ImageObject\",\"inLanguage\":\"sk-SK\",\"@id\":\"https:\/\/testwebsite.citygame.com\/sk\/games\/brielle\/secrets-of-brielle\/#primaryimage\",\"url\":\"https:\/\/testwebsite.citygame.com\/wp-content\/blogs.dir\/1\/files\/sites\/62\/2026\/03\/man-playing-city-game-historic-street-brielle.jpg\",\"contentUrl\":\"https:\/\/testwebsite.citygame.com\/wp-content\/blogs.dir\/1\/files\/sites\/62\/2026\/03\/man-playing-city-game-historic-street-brielle.jpg\",\"width\":1024,\"height\":1024,\"caption\":\"A man explores the historic city center of Brielle while looking at his smartphone.\"},{\"@type\":\"BreadcrumbList\",\"@id\":\"https:\/\/testwebsite.citygame.com\/sk\/games\/brielle\/secrets-of-brielle\/#breadcrumb\",\"itemListElement\":[{\"@type\":\"ListItem\",\"position\":1,\"name\":\"Home\",\"item\":\"https:\/\/testwebsite.citygame.com\/sk\/\"},{\"@type\":\"ListItem\",\"position\":2,\"name\":\"Shop\",\"item\":\"https:\/\/testwebsite.citygame.com\/shop\/\"},{\"@type\":\"ListItem\",\"position\":3,\"name\":\"Secrets of Brielle\"}]},{\"@type\":\"WebSite\",\"@id\":\"https:\/\/testwebsite.upevents.nl\/#website\",\"url\":\"https:\/\/testwebsite.upevents.nl\/\",\"name\":\"City Game\",\"description\":\"\",\"publisher\":{\"@id\":\"https:\/\/testwebsite.upevents.nl\/#organization\"},\"alternateName\":\"citygame.com\",\"potentialAction\":[{\"@type\":\"SearchAction\",\"target\":{\"@type\":\"EntryPoint\",\"urlTemplate\":\"https:\/\/testwebsite.upevents.nl\/?s={search_term_string}\"},\"query-input\":{\"@type\":\"PropertyValueSpecification\",\"valueRequired\":true,\"valueName\":\"search_term_string\"}}],\"inLanguage\":\"sk-SK\"},{\"@type\":[\"Organization\",\"Place\"],\"@id\":\"https:\/\/testwebsite.upevents.nl\/#organization\",\"name\":\"City Game\",\"alternateName\":\"citygame.com\",\"url\":\"https:\/\/testwebsite.upevents.nl\/\",\"logo\":{\"@id\":\"https:\/\/testwebsite.citygame.com\/sk\/games\/brielle\/secrets-of-brielle\/#local-main-organization-logo\"},\"image\":{\"@id\":\"https:\/\/testwebsite.citygame.com\/sk\/games\/brielle\/secrets-of-brielle\/#local-main-organization-logo\"},\"sameAs\":[\"https:\/\/www.facebook.com\/profile.php?id=100086426226253\",\"https:\/\/www.instagram.com\/citygame_com\",\"https:\/\/www.tiktok.com\/@citygamecom\/\",\"https:\/\/www.linkedin.com\/company\/citygame-com\"],\"description\":\"Turn any city into a playground with our interactive City Games and self-guided tours. Fun, flexible, and ideal for groups and team building.\",\"telephone\":[],\"openingHoursSpecification\":[{\"@type\":\"OpeningHoursSpecification\",\"dayOfWeek\":[\"Monday\",\"Tuesday\",\"Wednesday\",\"Thursday\",\"Friday\",\"Saturday\",\"Sunday\"],\"opens\":\"09:00\",\"closes\":\"17:00\"}]},{\"@type\":\"ImageObject\",\"inLanguage\":\"sk-SK\",\"@id\":\"https:\/\/testwebsite.citygame.com\/sk\/games\/brielle\/secrets-of-brielle\/#local-main-organization-logo\",\"url\":\"https:\/\/testwebsite.citygame.com\/wp-content\/blogs.dir\/1\/files\/sites\/62\/2025\/10\/CG_LOGO-City-Game.png\",\"contentUrl\":\"https:\/\/testwebsite.citygame.com\/wp-content\/blogs.dir\/1\/files\/sites\/62\/2025\/10\/CG_LOGO-City-Game.png\",\"width\":351,\"height\":377,\"caption\":\"City Game\"}]}<\/script>\n<!-- \/ Yoast SEO Premium plugin. -->","yoast_head_json":{"title":"Secrets of Brielle - City Game","description":"Secrets of Brielle. Zahrajte si samoobslu\u017en\u00fa mestsk\u00fa hru a objavujte mesto prostredn\u00edctvom h\u00e1daniek, hlavolamov a v\u00fdziev. Hrajte vlastn\u00fdm tempom a objavujte ako miestny!","robots":{"index":"noindex","follow":"follow","max-snippet":"max-snippet:-1","max-image-preview":"max-image-preview:large","max-video-preview":"max-video-preview:-1"},"og_locale":"sk_SK","og_type":"article","og_title":"Secrets of Brielle","og_description":"Secrets of Brielle. Zahrajte si samoobslu\u017en\u00fa mestsk\u00fa hru a objavujte mesto prostredn\u00edctvom h\u00e1daniek, hlavolamov a v\u00fdziev. Hrajte vlastn\u00fdm tempom a objavujte ako miestny!","og_url":"https:\/\/testwebsite.citygame.com\/sk\/games\/brielle\/secrets-of-brielle\/","og_site_name":"City Game","article_publisher":"https:\/\/www.facebook.com\/profile.php?id=100086426226253","article_modified_time":"2026-04-08T18:38:15+00:00","og_image":[{"width":1024,"height":1024,"url":"https:\/\/testwebsite.citygame.com\/wp-content\/blogs.dir\/1\/files\/sites\/62\/2026\/03\/man-playing-city-game-historic-street-brielle.jpg","type":"image\/jpeg"}],"twitter_card":"summary_large_image","twitter_misc":{"Predpokladan\u00fd \u010das \u010d\u00edtania":"1 min\u00fata"},"schema":{"@context":"https:\/\/schema.org","@graph":[{"@type":"WebPage","@id":"https:\/\/testwebsite.citygame.com\/sk\/games\/brielle\/secrets-of-brielle\/","url":"https:\/\/testwebsite.citygame.com\/sk\/games\/brielle\/secrets-of-brielle\/","name":"Secrets of Brielle - City Game","isPartOf":{"@id":"https:\/\/testwebsite.upevents.nl\/#website"},"primaryImageOfPage":{"@id":"https:\/\/testwebsite.citygame.com\/sk\/games\/brielle\/secrets-of-brielle\/#primaryimage"},"image":{"@id":"https:\/\/testwebsite.citygame.com\/sk\/games\/brielle\/secrets-of-brielle\/#primaryimage"},"thumbnailUrl":"https:\/\/testwebsite.citygame.com\/wp-content\/blogs.dir\/1\/files\/sites\/62\/2026\/03\/man-playing-city-game-historic-street-brielle.jpg","datePublished":"2026-03-13T15:30:34+00:00","dateModified":"2026-04-08T18:38:15+00:00","description":"Secrets of Brielle. Zahrajte si samoobslu\u017en\u00fa mestsk\u00fa hru a objavujte mesto prostredn\u00edctvom h\u00e1daniek, hlavolamov a v\u00fdziev. Hrajte vlastn\u00fdm tempom a objavujte ako miestny!","breadcrumb":{"@id":"https:\/\/testwebsite.citygame.com\/sk\/games\/brielle\/secrets-of-brielle\/#breadcrumb"},"inLanguage":"sk-SK","potentialAction":[{"@type":"ReadAction","target":["https:\/\/testwebsite.citygame.com\/sk\/games\/brielle\/secrets-of-brielle\/"]}]},{"@type":"ImageObject","inLanguage":"sk-SK","@id":"https:\/\/testwebsite.citygame.com\/sk\/games\/brielle\/secrets-of-brielle\/#primaryimage","url":"https:\/\/testwebsite.citygame.com\/wp-content\/blogs.dir\/1\/files\/sites\/62\/2026\/03\/man-playing-city-game-historic-street-brielle.jpg","contentUrl":"https:\/\/testwebsite.citygame.com\/wp-content\/blogs.dir\/1\/files\/sites\/62\/2026\/03\/man-playing-city-game-historic-street-brielle.jpg","width":1024,"height":1024,"caption":"A man explores the historic city center of Brielle while looking at his smartphone."},{"@type":"BreadcrumbList","@id":"https:\/\/testwebsite.citygame.com\/sk\/games\/brielle\/secrets-of-brielle\/#breadcrumb","itemListElement":[{"@type":"ListItem","position":1,"name":"Home","item":"https:\/\/testwebsite.citygame.com\/sk\/"},{"@type":"ListItem","position":2,"name":"Shop","item":"https:\/\/testwebsite.citygame.com\/shop\/"},{"@type":"ListItem","position":3,"name":"Secrets of Brielle"}]},{"@type":"WebSite","@id":"https:\/\/testwebsite.upevents.nl\/#website","url":"https:\/\/testwebsite.upevents.nl\/","name":"City Game","description":"","publisher":{"@id":"https:\/\/testwebsite.upevents.nl\/#organization"},"alternateName":"citygame.com","potentialAction":[{"@type":"SearchAction","target":{"@type":"EntryPoint","urlTemplate":"https:\/\/testwebsite.upevents.nl\/?s={search_term_string}"},"query-input":{"@type":"PropertyValueSpecification","valueRequired":true,"valueName":"search_term_string"}}],"inLanguage":"sk-SK"},{"@type":["Organization","Place"],"@id":"https:\/\/testwebsite.upevents.nl\/#organization","name":"City Game","alternateName":"citygame.com","url":"https:\/\/testwebsite.upevents.nl\/","logo":{"@id":"https:\/\/testwebsite.citygame.com\/sk\/games\/brielle\/secrets-of-brielle\/#local-main-organization-logo"},"image":{"@id":"https:\/\/testwebsite.citygame.com\/sk\/games\/brielle\/secrets-of-brielle\/#local-main-organization-logo"},"sameAs":["https:\/\/www.facebook.com\/profile.php?id=100086426226253","https:\/\/www.instagram.com\/citygame_com","https:\/\/www.tiktok.com\/@citygamecom\/","https:\/\/www.linkedin.com\/company\/citygame-com"],"description":"Turn any city into a playground with our interactive City Games and self-guided tours. Fun, flexible, and ideal for groups and team building.","telephone":[],"openingHoursSpecification":[{"@type":"OpeningHoursSpecification","dayOfWeek":["Monday","Tuesday","Wednesday","Thursday","Friday","Saturday","Sunday"],"opens":"09:00","closes":"17:00"}]},{"@type":"ImageObject","inLanguage":"sk-SK","@id":"https:\/\/testwebsite.citygame.com\/sk\/games\/brielle\/secrets-of-brielle\/#local-main-organization-logo","url":"https:\/\/testwebsite.citygame.com\/wp-content\/blogs.dir\/1\/files\/sites\/62\/2025\/10\/CG_LOGO-City-Game.png","contentUrl":"https:\/\/testwebsite.citygame.com\/wp-content\/blogs.dir\/1\/files\/sites\/62\/2025\/10\/CG_LOGO-City-Game.png","width":351,"height":377,"caption":"City Game"}]}},"taxonomy_info":{"game-concept":[{"value":727,"label":"Secrets"}],"location":[{"value":102,"label":"Brielle"}],"product_cat":[{"value":27,"label":"Geen categorie"}]},"featured_image_src_large":["https:\/\/testwebsite.citygame.com\/wp-content\/blogs.dir\/1\/files\/sites\/62\/2026\/03\/man-playing-city-game-historic-street-brielle.jpg",1024,1024,false],"author_info":[],"comment_info":"","_links":{"self":[{"href":"https:\/\/testwebsite.citygame.com\/sk\/wp-json\/wp\/v2\/product\/66286","targetHints":{"allow":["GET"]}}],"collection":[{"href":"https:\/\/testwebsite.citygame.com\/sk\/wp-json\/wp\/v2\/product"}],"about":[{"href":"https:\/\/testwebsite.citygame.com\/sk\/wp-json\/wp\/v2\/types\/product"}],"acf:post":[{"embeddable":true,"href":"https:\/\/testwebsite.citygame.com\/sk\/wp-json\/wp\/v2\/pages\/15782"}],"wp:featuredmedia":[{"embeddable":true,"href":"https:\/\/testwebsite.citygame.com\/sk\/wp-json\/wp\/v2\/media\/18744"}],"wp:attachment":[{"href":"https:\/\/testwebsite.citygame.com\/sk\/wp-json\/wp\/v2\/media?parent=66286"}],"wp:term":[{"taxonomy":"game-concept","embeddable":true,"href":"https:\/\/testwebsite.citygame.com\/sk\/wp-json\/wp\/v2\/game-concept?post=66286"},{"taxonomy":"location","embeddable":true,"href":"https:\/\/testwebsite.citygame.com\/sk\/wp-json\/wp\/v2\/location?post=66286"},{"taxonomy":"product_brand","embeddable":true,"href":"https:\/\/testwebsite.citygame.com\/sk\/wp-json\/wp\/v2\/product_brand?post=66286"},{"taxonomy":"product_cat","embeddable":true,"href":"https:\/\/testwebsite.citygame.com\/sk\/wp-json\/wp\/v2\/product_cat?post=66286"},{"taxonomy":"product_tag","embeddable":true,"href":"https:\/\/testwebsite.citygame.com\/sk\/wp-json\/wp\/v2\/product_tag?post=66286"}],"curies":[{"name":"wp","href":"https:\/\/api.w.org\/{rel}","templated":true}]}}