{"id":66018,"date":"2026-01-13T09:43:34","date_gmt":"2026-01-13T09:43:34","guid":{"rendered":"https:\/\/testwebsite.citygame.com\/games\/unknown-location\/secrets-of-porec\/"},"modified":"2026-04-08T17:19:18","modified_gmt":"2026-04-08T17:19:18","slug":"secrets-of-porec","status":"publish","type":"product","link":"https:\/\/testwebsite.citygame.com\/sk\/games\/porec\/secrets-of-porec\/","title":{"rendered":"Secrets of Pore\u010d"},"content":{"rendered":"<p>City Game Pore\u010d je samonav\u00e1dzacia mestsk\u00e1 hra zalo\u017een\u00e1 na GPS, ktor\u00e1 sa odohr\u00e1va v historickom centre Pore\u010da. Pomocou smartf\u00f3nu hr\u00e1\u010di objavuj\u00fa mesto pri rie\u0161en\u00ed interakt\u00edvnych h\u00e1daniek, hlavolamov viazan\u00fdch na miesta a kreat\u00edvnych fotografick\u00fdch v\u00fdziev. Po ceste objavuj\u00fa bohat\u00fa hist\u00f3riu, kult\u00farne dedi\u010dstvo a skryt\u00e9 detaily, ktor\u00e9 robia Pore\u010d jedine\u010dn\u00fdm. T\u00e1to objavn\u00e1 hra je vhodn\u00e1 pre n\u00e1v\u0161tevn\u00edkov aj miestnych obyvate\u013eov a pon\u00faka z\u00e1bavn\u00fd a p\u00fatav\u00fd z\u00e1\u017eitok. \u010ci u\u017e hr\u00e1te sami, vo dvojici, s rodinou alebo skupinou priate\u013eov, City Game Pore\u010d pon\u00faka flexibiln\u00fd sp\u00f4sob, ako sa spoji\u0165 s mestom vlastn\u00fdm tempom.<\/p>\n","protected":false},"excerpt":{"rendered":"<p>Objavte skryt\u00e9 tajomstv\u00e1 Pore\u010da! Vst\u00fapte do slnkom zaliateho labyrintu starovek\u00fdch moza\u00edk, r\u00edmskych ru\u00edn a morom pobozkan\u00fdch ul\u00edc, zatia\u013e \u010do pom\u00e1hate biskupovi Eufraziovi z\u00edska\u0165 sp\u00e4\u0165 jeho straten\u00fa sv\u00e4to\u017eiaru. Vyrie\u0161te stopy, odha\u013ete z\u00e1hady a pre\u017eite hist\u00f3riu v tomto bo\u017eskom dobrodru\u017estve!<\/p>\n","protected":false},"featured_media":3538,"template":"","meta":{"_acf_changed":false,"_yoast_wpseo_focuskw":"Secrets of Pore\u010d","_yoast_wpseo_metadesc":"Secrets of Pore\u010d. Zahrajte si samonav\u00e1dzaciu mestsk\u00fa hru a presk\u00famajte mesto prostredn\u00edctvom h\u00e1daniek, hlavolamov a v\u00fdziev. Hrajte vlastn\u00fdm tempom a objavujte ako miestni!","_kad_blocks_custom_css":"","_kad_blocks_head_custom_js":"","_kad_blocks_body_custom_js":"","_kad_blocks_footer_custom_js":"","ghostkit_customizer_options":"","ghostkit_custom_css":"","ghostkit_custom_js_head":"","ghostkit_custom_js_foot":"","ghostkit_typography":"","_kad_post_transparent":"default","_kad_post_title":"","_kad_post_layout":"default","_kad_post_sidebar_id":"","_kad_post_content_style":"default","_kad_post_vertical_padding":"default","_kad_post_feature":"","_kad_post_feature_position":"","_kad_post_header":false,"_kad_post_footer":false,"_kad_post_classname":"","_links_to":"","_links_to_target":""},"game-concept":[727],"location":[327],"product_brand":[],"product_cat":[27],"product_tag":[],"class_list":{"0":"post-66018","1":"product","2":"type-product","3":"status-publish","4":"has-post-thumbnail","6":"game-concept-secrets","7":"location-porec","8":"product_cat-geen-categorie","10":"first","11":"instock","12":"shipping-taxable","13":"purchasable","14":"product-type-simple","15":"entry","16":"content-bg","17":"loop-entry"},"acf":{"full_bokun_product_name":"Self-Guided Secrets of Pore\u010d Exploration Game","location_name":"Pore\u010d","bokun_calendar_widget_code":"<script type=\"text\/javascript\" src=\"https:\/\/widgets.bokun.io\/assets\/javascripts\/apps\/build\/BokunWidgetsLoader.js?bookingChannelUUID=a1e93e96-5232-4734-a595-28405f4b5a31\" async><\/script>\n     \n    <div class=\"bokunWidget\" data-src=\"https:\/\/widgets.bokun.io\/online-sales\/a1e93e96-5232-4734-a595-28405f4b5a31\/experience-calendar\/1102446\"><\/div>\n    <noscript>Please enable javascript in your browser to book<\/noscript>","bokun_button_widget_code":"<script type=\"text\/javascript\" src=\"https:\/\/widgets.bokun.io\/assets\/javascripts\/apps\/build\/BokunWidgetsLoader.js?bookingChannelUUID=a1e93e96-5232-4734-a595-28405f4b5a31\" async><\/script>\n      <style> #bokun_ed001e45_5927_4f62_b470_ca766338d083 { display: inline-block; padding: .4em 1em; background: #47b82e; border-radius: 999999px; box-shadow: none; font-weight: 600; font-size: 24px; text-decoration: none; text-align: center; color: #FFFFFF; border:none; cursor: pointer; transition: background .2s ease; } #bokun_ed001e45_5927_4f62_b470_ca766338d083:hover{ background: #2f7b1f; } #bokun_ed001e45_5927_4f62_b470_ca766338d083:active{ background: #378f24; } <\/style> <button class=\"bokunButton\" disabled id=bokun_ed001e45_5927_4f62_b470_ca766338d083 data-src=\"https:\/\/widgets.bokun.io\/online-sales\/a1e93e96-5232-4734-a595-28405f4b5a31\/experience-calendar\/1102446?partialView=1\" data-testid=\"widget-book-button\" > Book now <\/button> ","what_you\u2019ll_experience_during_the_game":"Hra City Game Secrets of Pore\u010d sp\u00e1ja objavovanie s bohat\u00fdm, rozv\u00edjaj\u00facim sa pr\u00edbehom, zatia\u013e \u010do postupne odha\u013eujete charakter mesta. Prejdete sa ru\u0161n\u00fdmi aj tich\u0161\u00edmi z\u00e1kutiami Pore\u010da, veden\u00ed nielen smermi, ale aj ind\u00edciami vytvoren\u00fdmi tak, aby v\u00e1s ponorili do jeho minulosti a s\u00fa\u010dasnosti. Po ceste m\u00f4\u017eete prejs\u0165 okolo Rom\u00e1nskeho domu, obdivova\u0165 historick\u00e9 detaily Zuccato pal\u00e1ca alebo sa zastavi\u0165 pri Martovom chr\u00e1me a r\u00edmskych sie\u0165ov\u00fdch uliciach, kde sa oz\u00fdva ozvena starovek\u00fdch krokov. \u010ci u\u017e stoj\u00edte pod gotick\u00fdmi obl\u00fakmi \u0161\u013eachtick\u00e9ho domu alebo relaxujete v Parku biskupa Dobrilu, ka\u017ed\u00e1 lokalita dod\u00e1va h\u013abku v\u00e1\u0161mu mestsk\u00e9mu dobrodru\u017estvu.\r\n\r\nPri navig\u00e1cii ulicami Pore\u010da budete rie\u0161i\u0165 r\u00f4zne h\u00e1danky, hlavolamy a fotografick\u00e9 v\u00fdzvy, ktor\u00e9 o\u017eivuj\u00fa pr\u00edbeh. Ka\u017ed\u00e1 dokon\u010den\u00e1 v\u00fdzva v\u00e1m prinesie body, odomkne u\u017eito\u010dn\u00e9 rady a pribl\u00ed\u017ei v\u00e1s k vyrie\u0161eniu \u00fastrednej z\u00e1hady, ktor\u00e1 sp\u00e1ja cel\u00fa cestu. City Game m\u00f4\u017eete hra\u0165 vlastn\u00fdm tempom, s mo\u017enos\u0165ou pozastavi\u0165 ju a vr\u00e1ti\u0165 sa kedyko\u013evek budete pripraven\u00ed pokra\u010dova\u0165. Pre t\u00fdch s s\u00fa\u0165a\u017eiv\u00fdm duchom, dosiahnutie popredn\u00e9ho miesta v rebr\u00ed\u010dku prid\u00e1va \u010fal\u0161iu vrstvu vzru\u0161enia k v\u00e1\u0161mu objavovaniu.","how_to_play":"Po rezerv\u00e1cii dostanete e-mail s va\u0161\u00edm osobn\u00fdm hern\u00fdm odkazom. Jednoducho sa vydajte k Martovmu chr\u00e1mu, \u0161tartovaciemu bodu va\u0161ej cesty, otvorte odkaz na svojom smartf\u00f3ne a za\u010dnite svoje dobrodru\u017estvo. Hru je mo\u017en\u00e9 kedyko\u013evek pozastavi\u0165, \u010do v\u00e1m umo\u017en\u00ed urobi\u0165 si prest\u00e1vku, da\u0165 si drink alebo vo\u013ene objavova\u0165, ne\u017e budete pokra\u010dova\u0165 vo svojej v\u00fdprave za z\u00e1chranou stratenej sv\u00e4to\u017eiary biskupa Eufrazia.","start_location":"Pore\u010d, Temple of Mars","available_languages":"","players_per_group":"1-4","duration":"1.5-2 hours","image_overlay_color_image":"https:\/\/testwebsite.citygame.com\/wp-content\/blogs.dir\/1\/files\/sites\/62\/2026\/01\/SecretsColor.svg","image_overlay_game_logo":"https:\/\/testwebsite.citygame.com\/wp-content\/blogs.dir\/1\/files\/sites\/62\/2026\/01\/SecretsLogo.png","city_page":15715,"woocommerce_general_content":null},"yoast_head":"<!-- This site is optimized with the Yoast SEO Premium plugin v26.2 (Yoast SEO v26.3) - https:\/\/yoast.com\/wordpress\/plugins\/seo\/ -->\n<title>Secrets of Pore\u010d - City Game<\/title>\n<meta name=\"description\" content=\"Secrets of Pore\u010d. Zahrajte si samonav\u00e1dzaciu mestsk\u00fa hru a presk\u00famajte mesto prostredn\u00edctvom h\u00e1daniek, hlavolamov a v\u00fdziev. Hrajte vlastn\u00fdm tempom a objavujte ako miestni!\" \/>\n<meta name=\"robots\" content=\"noindex, follow, max-snippet:-1, max-image-preview:large, max-video-preview:-1\" \/>\n<meta property=\"og:locale\" content=\"sk_SK\" \/>\n<meta property=\"og:type\" content=\"article\" \/>\n<meta property=\"og:title\" content=\"Secrets of Pore\u010d\" \/>\n<meta property=\"og:description\" content=\"Secrets of Pore\u010d. Zahrajte si samonav\u00e1dzaciu mestsk\u00fa hru a presk\u00famajte mesto prostredn\u00edctvom h\u00e1daniek, hlavolamov a v\u00fdziev. Hrajte vlastn\u00fdm tempom a objavujte ako miestni!\" \/>\n<meta property=\"og:url\" content=\"https:\/\/testwebsite.citygame.com\/sk\/games\/porec\/secrets-of-porec\/\" \/>\n<meta property=\"og:site_name\" content=\"City Game\" \/>\n<meta property=\"article:publisher\" content=\"https:\/\/www.facebook.com\/profile.php?id=100086426226253\" \/>\n<meta property=\"article:modified_time\" content=\"2026-04-08T17:19:18+00:00\" \/>\n<meta property=\"og:image\" content=\"https:\/\/testwebsite.citygame.com\/wp-content\/blogs.dir\/1\/files\/sites\/62\/2026\/01\/porec-friends-playing-city-game-gothic-palace.jpg\" \/>\n\t<meta property=\"og:image:width\" content=\"1248\" \/>\n\t<meta property=\"og:image:height\" content=\"832\" \/>\n\t<meta property=\"og:image:type\" content=\"image\/jpeg\" \/>\n<meta name=\"twitter:card\" content=\"summary_large_image\" \/>\n<meta name=\"twitter:label1\" content=\"Predpokladan\u00fd \u010das \u010d\u00edtania\" \/>\n\t<meta name=\"twitter:data1\" content=\"1 min\u00fata\" \/>\n<script type=\"application\/ld+json\" class=\"yoast-schema-graph\">{\"@context\":\"https:\/\/schema.org\",\"@graph\":[{\"@type\":\"WebPage\",\"@id\":\"https:\/\/testwebsite.citygame.com\/sk\/games\/porec\/secrets-of-porec\/\",\"url\":\"https:\/\/testwebsite.citygame.com\/sk\/games\/porec\/secrets-of-porec\/\",\"name\":\"Secrets of Pore\u010d - City Game\",\"isPartOf\":{\"@id\":\"https:\/\/testwebsite.upevents.nl\/#website\"},\"primaryImageOfPage\":{\"@id\":\"https:\/\/testwebsite.citygame.com\/sk\/games\/porec\/secrets-of-porec\/#primaryimage\"},\"image\":{\"@id\":\"https:\/\/testwebsite.citygame.com\/sk\/games\/porec\/secrets-of-porec\/#primaryimage\"},\"thumbnailUrl\":\"https:\/\/testwebsite.citygame.com\/wp-content\/blogs.dir\/1\/files\/sites\/62\/2026\/01\/porec-friends-playing-city-game-gothic-palace.jpg\",\"datePublished\":\"2026-01-13T09:43:34+00:00\",\"dateModified\":\"2026-04-08T17:19:18+00:00\",\"description\":\"Secrets of Pore\u010d. Zahrajte si samonav\u00e1dzaciu mestsk\u00fa hru a presk\u00famajte mesto prostredn\u00edctvom h\u00e1daniek, hlavolamov a v\u00fdziev. Hrajte vlastn\u00fdm tempom a objavujte ako miestni!\",\"breadcrumb\":{\"@id\":\"https:\/\/testwebsite.citygame.com\/sk\/games\/porec\/secrets-of-porec\/#breadcrumb\"},\"inLanguage\":\"sk-SK\",\"potentialAction\":[{\"@type\":\"ReadAction\",\"target\":[\"https:\/\/testwebsite.citygame.com\/sk\/games\/porec\/secrets-of-porec\/\"]}]},{\"@type\":\"ImageObject\",\"inLanguage\":\"sk-SK\",\"@id\":\"https:\/\/testwebsite.citygame.com\/sk\/games\/porec\/secrets-of-porec\/#primaryimage\",\"url\":\"https:\/\/testwebsite.citygame.com\/wp-content\/blogs.dir\/1\/files\/sites\/62\/2026\/01\/porec-friends-playing-city-game-gothic-palace.jpg\",\"contentUrl\":\"https:\/\/testwebsite.citygame.com\/wp-content\/blogs.dir\/1\/files\/sites\/62\/2026\/01\/porec-friends-playing-city-game-gothic-palace.jpg\",\"width\":1248,\"height\":832,\"caption\":\"A group of young tourists uses a smartphone app to explore the historic streets of Pore\u010d.\"},{\"@type\":\"BreadcrumbList\",\"@id\":\"https:\/\/testwebsite.citygame.com\/sk\/games\/porec\/secrets-of-porec\/#breadcrumb\",\"itemListElement\":[{\"@type\":\"ListItem\",\"position\":1,\"name\":\"Home\",\"item\":\"https:\/\/testwebsite.citygame.com\/sk\/\"},{\"@type\":\"ListItem\",\"position\":2,\"name\":\"Shop\",\"item\":\"https:\/\/testwebsite.citygame.com\/shop\/\"},{\"@type\":\"ListItem\",\"position\":3,\"name\":\"Secrets of Pore\u010d\"}]},{\"@type\":\"WebSite\",\"@id\":\"https:\/\/testwebsite.upevents.nl\/#website\",\"url\":\"https:\/\/testwebsite.upevents.nl\/\",\"name\":\"City Game\",\"description\":\"\",\"publisher\":{\"@id\":\"https:\/\/testwebsite.upevents.nl\/#organization\"},\"alternateName\":\"citygame.com\",\"potentialAction\":[{\"@type\":\"SearchAction\",\"target\":{\"@type\":\"EntryPoint\",\"urlTemplate\":\"https:\/\/testwebsite.upevents.nl\/?s={search_term_string}\"},\"query-input\":{\"@type\":\"PropertyValueSpecification\",\"valueRequired\":true,\"valueName\":\"search_term_string\"}}],\"inLanguage\":\"sk-SK\"},{\"@type\":[\"Organization\",\"Place\"],\"@id\":\"https:\/\/testwebsite.upevents.nl\/#organization\",\"name\":\"City Game\",\"alternateName\":\"citygame.com\",\"url\":\"https:\/\/testwebsite.upevents.nl\/\",\"logo\":{\"@id\":\"https:\/\/testwebsite.citygame.com\/sk\/games\/porec\/secrets-of-porec\/#local-main-organization-logo\"},\"image\":{\"@id\":\"https:\/\/testwebsite.citygame.com\/sk\/games\/porec\/secrets-of-porec\/#local-main-organization-logo\"},\"sameAs\":[\"https:\/\/www.facebook.com\/profile.php?id=100086426226253\",\"https:\/\/www.instagram.com\/citygame_com\",\"https:\/\/www.tiktok.com\/@citygamecom\/\",\"https:\/\/www.linkedin.com\/company\/citygame-com\"],\"description\":\"Turn any city into a playground with our interactive City Games and self-guided tours. Fun, flexible, and ideal for groups and team building.\",\"telephone\":[],\"openingHoursSpecification\":[{\"@type\":\"OpeningHoursSpecification\",\"dayOfWeek\":[\"Monday\",\"Tuesday\",\"Wednesday\",\"Thursday\",\"Friday\",\"Saturday\",\"Sunday\"],\"opens\":\"09:00\",\"closes\":\"17:00\"}]},{\"@type\":\"ImageObject\",\"inLanguage\":\"sk-SK\",\"@id\":\"https:\/\/testwebsite.citygame.com\/sk\/games\/porec\/secrets-of-porec\/#local-main-organization-logo\",\"url\":\"https:\/\/testwebsite.citygame.com\/wp-content\/blogs.dir\/1\/files\/sites\/62\/2025\/10\/CG_LOGO-City-Game.png\",\"contentUrl\":\"https:\/\/testwebsite.citygame.com\/wp-content\/blogs.dir\/1\/files\/sites\/62\/2025\/10\/CG_LOGO-City-Game.png\",\"width\":351,\"height\":377,\"caption\":\"City Game\"}]}<\/script>\n<!-- \/ Yoast SEO Premium plugin. -->","yoast_head_json":{"title":"Secrets of Pore\u010d - City Game","description":"Secrets of Pore\u010d. Zahrajte si samonav\u00e1dzaciu mestsk\u00fa hru a presk\u00famajte mesto prostredn\u00edctvom h\u00e1daniek, hlavolamov a v\u00fdziev. Hrajte vlastn\u00fdm tempom a objavujte ako miestni!","robots":{"index":"noindex","follow":"follow","max-snippet":"max-snippet:-1","max-image-preview":"max-image-preview:large","max-video-preview":"max-video-preview:-1"},"og_locale":"sk_SK","og_type":"article","og_title":"Secrets of Pore\u010d","og_description":"Secrets of Pore\u010d. Zahrajte si samonav\u00e1dzaciu mestsk\u00fa hru a presk\u00famajte mesto prostredn\u00edctvom h\u00e1daniek, hlavolamov a v\u00fdziev. Hrajte vlastn\u00fdm tempom a objavujte ako miestni!","og_url":"https:\/\/testwebsite.citygame.com\/sk\/games\/porec\/secrets-of-porec\/","og_site_name":"City Game","article_publisher":"https:\/\/www.facebook.com\/profile.php?id=100086426226253","article_modified_time":"2026-04-08T17:19:18+00:00","og_image":[{"width":1248,"height":832,"url":"https:\/\/testwebsite.citygame.com\/wp-content\/blogs.dir\/1\/files\/sites\/62\/2026\/01\/porec-friends-playing-city-game-gothic-palace.jpg","type":"image\/jpeg"}],"twitter_card":"summary_large_image","twitter_misc":{"Predpokladan\u00fd \u010das \u010d\u00edtania":"1 min\u00fata"},"schema":{"@context":"https:\/\/schema.org","@graph":[{"@type":"WebPage","@id":"https:\/\/testwebsite.citygame.com\/sk\/games\/porec\/secrets-of-porec\/","url":"https:\/\/testwebsite.citygame.com\/sk\/games\/porec\/secrets-of-porec\/","name":"Secrets of Pore\u010d - City Game","isPartOf":{"@id":"https:\/\/testwebsite.upevents.nl\/#website"},"primaryImageOfPage":{"@id":"https:\/\/testwebsite.citygame.com\/sk\/games\/porec\/secrets-of-porec\/#primaryimage"},"image":{"@id":"https:\/\/testwebsite.citygame.com\/sk\/games\/porec\/secrets-of-porec\/#primaryimage"},"thumbnailUrl":"https:\/\/testwebsite.citygame.com\/wp-content\/blogs.dir\/1\/files\/sites\/62\/2026\/01\/porec-friends-playing-city-game-gothic-palace.jpg","datePublished":"2026-01-13T09:43:34+00:00","dateModified":"2026-04-08T17:19:18+00:00","description":"Secrets of Pore\u010d. Zahrajte si samonav\u00e1dzaciu mestsk\u00fa hru a presk\u00famajte mesto prostredn\u00edctvom h\u00e1daniek, hlavolamov a v\u00fdziev. Hrajte vlastn\u00fdm tempom a objavujte ako miestni!","breadcrumb":{"@id":"https:\/\/testwebsite.citygame.com\/sk\/games\/porec\/secrets-of-porec\/#breadcrumb"},"inLanguage":"sk-SK","potentialAction":[{"@type":"ReadAction","target":["https:\/\/testwebsite.citygame.com\/sk\/games\/porec\/secrets-of-porec\/"]}]},{"@type":"ImageObject","inLanguage":"sk-SK","@id":"https:\/\/testwebsite.citygame.com\/sk\/games\/porec\/secrets-of-porec\/#primaryimage","url":"https:\/\/testwebsite.citygame.com\/wp-content\/blogs.dir\/1\/files\/sites\/62\/2026\/01\/porec-friends-playing-city-game-gothic-palace.jpg","contentUrl":"https:\/\/testwebsite.citygame.com\/wp-content\/blogs.dir\/1\/files\/sites\/62\/2026\/01\/porec-friends-playing-city-game-gothic-palace.jpg","width":1248,"height":832,"caption":"A group of young tourists uses a smartphone app to explore the historic streets of Pore\u010d."},{"@type":"BreadcrumbList","@id":"https:\/\/testwebsite.citygame.com\/sk\/games\/porec\/secrets-of-porec\/#breadcrumb","itemListElement":[{"@type":"ListItem","position":1,"name":"Home","item":"https:\/\/testwebsite.citygame.com\/sk\/"},{"@type":"ListItem","position":2,"name":"Shop","item":"https:\/\/testwebsite.citygame.com\/shop\/"},{"@type":"ListItem","position":3,"name":"Secrets of Pore\u010d"}]},{"@type":"WebSite","@id":"https:\/\/testwebsite.upevents.nl\/#website","url":"https:\/\/testwebsite.upevents.nl\/","name":"City Game","description":"","publisher":{"@id":"https:\/\/testwebsite.upevents.nl\/#organization"},"alternateName":"citygame.com","potentialAction":[{"@type":"SearchAction","target":{"@type":"EntryPoint","urlTemplate":"https:\/\/testwebsite.upevents.nl\/?s={search_term_string}"},"query-input":{"@type":"PropertyValueSpecification","valueRequired":true,"valueName":"search_term_string"}}],"inLanguage":"sk-SK"},{"@type":["Organization","Place"],"@id":"https:\/\/testwebsite.upevents.nl\/#organization","name":"City Game","alternateName":"citygame.com","url":"https:\/\/testwebsite.upevents.nl\/","logo":{"@id":"https:\/\/testwebsite.citygame.com\/sk\/games\/porec\/secrets-of-porec\/#local-main-organization-logo"},"image":{"@id":"https:\/\/testwebsite.citygame.com\/sk\/games\/porec\/secrets-of-porec\/#local-main-organization-logo"},"sameAs":["https:\/\/www.facebook.com\/profile.php?id=100086426226253","https:\/\/www.instagram.com\/citygame_com","https:\/\/www.tiktok.com\/@citygamecom\/","https:\/\/www.linkedin.com\/company\/citygame-com"],"description":"Turn any city into a playground with our interactive City Games and self-guided tours. Fun, flexible, and ideal for groups and team building.","telephone":[],"openingHoursSpecification":[{"@type":"OpeningHoursSpecification","dayOfWeek":["Monday","Tuesday","Wednesday","Thursday","Friday","Saturday","Sunday"],"opens":"09:00","closes":"17:00"}]},{"@type":"ImageObject","inLanguage":"sk-SK","@id":"https:\/\/testwebsite.citygame.com\/sk\/games\/porec\/secrets-of-porec\/#local-main-organization-logo","url":"https:\/\/testwebsite.citygame.com\/wp-content\/blogs.dir\/1\/files\/sites\/62\/2025\/10\/CG_LOGO-City-Game.png","contentUrl":"https:\/\/testwebsite.citygame.com\/wp-content\/blogs.dir\/1\/files\/sites\/62\/2025\/10\/CG_LOGO-City-Game.png","width":351,"height":377,"caption":"City Game"}]}},"taxonomy_info":{"game-concept":[{"value":727,"label":"Secrets"}],"location":[{"value":327,"label":"Pore\u010d"}],"product_cat":[{"value":27,"label":"Geen categorie"}]},"featured_image_src_large":["https:\/\/testwebsite.citygame.com\/wp-content\/blogs.dir\/1\/files\/sites\/62\/2026\/01\/porec-friends-playing-city-game-gothic-palace-1024x683.jpg",1024,683,true],"author_info":[],"comment_info":"","_links":{"self":[{"href":"https:\/\/testwebsite.citygame.com\/sk\/wp-json\/wp\/v2\/product\/66018","targetHints":{"allow":["GET"]}}],"collection":[{"href":"https:\/\/testwebsite.citygame.com\/sk\/wp-json\/wp\/v2\/product"}],"about":[{"href":"https:\/\/testwebsite.citygame.com\/sk\/wp-json\/wp\/v2\/types\/product"}],"acf:post":[{"embeddable":true,"href":"https:\/\/testwebsite.citygame.com\/sk\/wp-json\/wp\/v2\/pages\/15715"}],"wp:featuredmedia":[{"embeddable":true,"href":"https:\/\/testwebsite.citygame.com\/sk\/wp-json\/wp\/v2\/media\/3538"}],"wp:attachment":[{"href":"https:\/\/testwebsite.citygame.com\/sk\/wp-json\/wp\/v2\/media?parent=66018"}],"wp:term":[{"taxonomy":"game-concept","embeddable":true,"href":"https:\/\/testwebsite.citygame.com\/sk\/wp-json\/wp\/v2\/game-concept?post=66018"},{"taxonomy":"location","embeddable":true,"href":"https:\/\/testwebsite.citygame.com\/sk\/wp-json\/wp\/v2\/location?post=66018"},{"taxonomy":"product_brand","embeddable":true,"href":"https:\/\/testwebsite.citygame.com\/sk\/wp-json\/wp\/v2\/product_brand?post=66018"},{"taxonomy":"product_cat","embeddable":true,"href":"https:\/\/testwebsite.citygame.com\/sk\/wp-json\/wp\/v2\/product_cat?post=66018"},{"taxonomy":"product_tag","embeddable":true,"href":"https:\/\/testwebsite.citygame.com\/sk\/wp-json\/wp\/v2\/product_tag?post=66018"}],"curies":[{"name":"wp","href":"https:\/\/api.w.org\/{rel}","templated":true}]}}