{"id":65582,"date":"2026-02-06T13:50:45","date_gmt":"2026-02-06T13:50:45","guid":{"rendered":"https:\/\/testwebsite.citygame.com\/games\/unknown-location\/sherlock-holmes-thessaloniki\/"},"modified":"2026-04-08T16:16:37","modified_gmt":"2026-04-08T16:16:37","slug":"sherlock-holmes-thessaloniki","status":"publish","type":"product","link":"https:\/\/testwebsite.citygame.com\/sk\/games\/thessaloniki\/sherlock-holmes-thessaloniki\/","title":{"rendered":"Sherlock Holmes Thessaloniki"},"content":{"rendered":"<p>Vst\u00fapte do sveta Sherlocka Holmesa s touto samoriadenou, pr\u00edbehom riadenou mestskou hrou s detekt\u00edvnou z\u00e1pletkou, ktor\u00e1 sa odohr\u00e1va v historickom centre Sol\u00fana. Ke\u010f Liberty Festival prepukne v chaos po \u0161okuj\u00facej vra\u017ede, stanete sa hlavn\u00fdm vy\u0161etrovate\u013eom, prech\u00e1dzaj\u00fac ulicami, objavuj\u00fac stopy, rie\u0161iac zlo\u017eit\u00e9 h\u00e1danky a vypo\u010d\u00favaj\u00fac digit\u00e1lnych podozriv\u00fdch. S rozv\u00edjaj\u00facim sa pr\u00edbehom, ktor\u00fd v\u00e1s prevedie va\u0161ou cestou, v\u00e1s hra poz\u00fdva ponori\u0165 sa do pr\u00edpadu vlastn\u00fdm tempom, \u010d\u00edm sa Sol\u00fan stane atmosf\u00e9rick\u00fdm p\u00f3diom pre tento nap\u00ednav\u00fd detekt\u00edvny z\u00e1\u017eitok.<\/p>\n","protected":false},"excerpt":{"rendered":"<p>V\u017eite sa do \u00falohy Sherlocka Holmesa a vydajte sa na samoriaden\u00fa z\u00e1hadu vra\u017edy priamo v srdci Sol\u00fana. Len v\u00e1\u0161 t\u00edm dok\u00e1\u017ee rozl\u00fa\u0161ti\u0165 z\u00e1hadn\u00e9 ind\u00edcie, prejs\u0165 zlo\u017eit\u00fdmi h\u00e1dankami a odhali\u0165 mraziv\u00fa pravdu, pri\u010dom sa postav\u00edte ka\u017edej n\u00e1ro\u010dnej v\u00fdzve!<\/p>\n","protected":false},"featured_media":11343,"template":"","meta":{"_acf_changed":false,"_yoast_wpseo_focuskw":"Sherlock Holmes Thessaloniki","_yoast_wpseo_metadesc":"Sherlock Holmes Thessaloniki. Hrajte samoriaden\u00fa mestsk\u00fa hru s detekt\u00edvnou z\u00e1pletkou, rie\u0161te h\u00e1danky, sledujte stopy a odha\u013ete vraha vlastn\u00fdm tempom!","_kad_blocks_custom_css":"","_kad_blocks_head_custom_js":"","_kad_blocks_body_custom_js":"","_kad_blocks_footer_custom_js":"","ghostkit_customizer_options":"","ghostkit_custom_css":"","ghostkit_custom_js_head":"","ghostkit_custom_js_foot":"","ghostkit_typography":"","_kad_post_transparent":"","_kad_post_title":"","_kad_post_layout":"","_kad_post_sidebar_id":"","_kad_post_content_style":"","_kad_post_vertical_padding":"","_kad_post_feature":"","_kad_post_feature_position":"","_kad_post_header":false,"_kad_post_footer":false,"_kad_post_classname":"","_links_to":"","_links_to_target":""},"game-concept":[788],"location":[393],"product_brand":[],"product_cat":[27],"product_tag":[],"class_list":{"0":"post-65582","1":"product","2":"type-product","3":"status-publish","4":"has-post-thumbnail","6":"game-concept-sherlock","7":"location-thessaloniki","8":"product_cat-geen-categorie","10":"first","11":"instock","12":"shipping-taxable","13":"purchasable","14":"product-type-simple","15":"entry","16":"content-bg","17":"loop-entry"},"acf":{"full_bokun_product_name":"Thessaloniki Self-Guided Sherlock Holmes Murder Mystery Game","location_name":"Thessaloniki","bokun_calendar_widget_code":"<script type=\"text\/javascript\" src=\"https:\/\/widgets.bokun.io\/assets\/javascripts\/apps\/build\/BokunWidgetsLoader.js?bookingChannelUUID=a1e93e96-5232-4734-a595-28405f4b5a31\" async><\/script>\n     \n    <div class=\"bokunWidget\" data-src=\"https:\/\/widgets.bokun.io\/online-sales\/a1e93e96-5232-4734-a595-28405f4b5a31\/experience-calendar\/760669\"><\/div>\n    <noscript>Please enable javascript in your browser to book<\/noscript>","bokun_button_widget_code":"<script type=\"text\/javascript\" src=\"https:\/\/widgets.bokun.io\/assets\/javascripts\/apps\/build\/BokunWidgetsLoader.js?bookingChannelUUID=a1e93e96-5232-4734-a595-28405f4b5a31\" async><\/script>\n      <style> #bokun_ed001e45_5927_4f62_b470_ca766338d083 { display: inline-block; padding: .4em 1em; background: #47b82e; border-radius: 999999px; box-shadow: none; font-weight: 600; font-size: 24px; text-decoration: none; text-align: center; color: #FFFFFF; border:none; cursor: pointer; transition: background .2s ease; } #bokun_ed001e45_5927_4f62_b470_ca766338d083:hover{ background: #2f7b1f; } #bokun_ed001e45_5927_4f62_b470_ca766338d083:active{ background: #378f24; } <\/style> <button class=\"bokunButton\" disabled id=bokun_ed001e45_5927_4f62_b470_ca766338d083 data-src=\"https:\/\/widgets.bokun.io\/online-sales\/a1e93e96-5232-4734-a595-28405f4b5a31\/experience-calendar\/760669?partialView=1\" data-testid=\"widget-book-button\" > Book now <\/button> ","what_you\u2019ll_experience_during_the_game":"Vst\u00fapte do strhuj\u00faceho detekt\u00edvneho pr\u00edbehu odohr\u00e1vaj\u00faceho sa v Sol\u00fane, kde ka\u017ed\u00fd roh ulice skr\u00fdva nov\u00fa stopu a samotn\u00e9 mesto sa st\u00e1va s\u00fa\u010das\u0165ou z\u00e1hady. Ako sa pohybujete Sol\u00fanom, dej sa rozv\u00edja okolo v\u00e1s, \u0165ahaj\u00fac v\u00e1s hlb\u0161ie do vy\u0161etrovania vra\u017edy na Liberty Festival. Odhal\u00edte starostlivo skryt\u00e9 stopy, vyrie\u0161ite vrstven\u00e9 h\u00e1danky a budete sledova\u0165 cestu tajomstiev, ktor\u00e9 sa s ka\u017ed\u00fdm va\u0161\u00edm rozhodnut\u00edm kr\u00fatia a obracaj\u00fa.\n\nVypo\u010d\u00favajte digit\u00e1lnych podozriv\u00fdch, kriticky presk\u00famajte alibi a odha\u013ete rozpory, ktor\u00e9 by in\u00ed mohli prehliadnu\u0165. Va\u0161e pozorovacie a deduk\u010dn\u00e9 schopnosti bud\u00fa podroben\u00e9 sk\u00fa\u0161ke, ke\u010f budete pracova\u0165 na odhalen\u00ed pravdy za zlo\u010dinom. Z\u00e1\u017eitok je \u00faplne riaden\u00fd pr\u00edbehom, \u010d\u00edm v\u00e1s stavia do centra pr\u00edpadu. Kontrolujete tempo, s vo\u013enos\u0165ou pozastavi\u0165 a pokra\u010dova\u0165 kedyko\u013evek v\u00e1m to vyhovuje. Ak hr\u00e1te s t\u00edmom, m\u00f4\u017eete dokonca porovna\u0165 svoj pokrok s ostatn\u00fdmi pre dodato\u010dn\u00fa s\u00fa\u0165a\u017en\u00fa v\u00fdhodu.","how_to_play":"Hrajte sami alebo s priate\u013emi, rodinou \u010di kolegami v t\u00edmoch a\u017e \u0161tyroch os\u00f4b na jedno zariadenie. Po rezerv\u00e1cii dostanete e-mail s pokynmi so v\u0161etk\u00fdm, \u010do potrebujete.","start_location":"Thessaloniki, Aristotelous Square","available_languages":["en","fr","de","es","nl","it"],"players_per_group":"1-4","duration":"1.5-2 hours","image_overlay_color_image":"https:\/\/testwebsite.citygame.com\/wp-content\/blogs.dir\/1\/files\/sites\/62\/2026\/01\/SherlockColor.svg","image_overlay_game_logo":"https:\/\/testwebsite.citygame.com\/wp-content\/blogs.dir\/1\/files\/sites\/62\/2026\/01\/SherlockLogo.png","city_page":8277,"woocommerce_general_content":null},"yoast_head":"<!-- This site is optimized with the Yoast SEO Premium plugin v26.2 (Yoast SEO v26.3) - https:\/\/yoast.com\/wordpress\/plugins\/seo\/ -->\n<title>Sherlock Holmes Thessaloniki - City Game<\/title>\n<meta name=\"description\" content=\"Sherlock Holmes Thessaloniki. Hrajte samoriaden\u00fa mestsk\u00fa hru s detekt\u00edvnou z\u00e1pletkou, rie\u0161te h\u00e1danky, sledujte stopy a odha\u013ete vraha vlastn\u00fdm tempom!\" \/>\n<meta name=\"robots\" content=\"noindex, follow, max-snippet:-1, max-image-preview:large, max-video-preview:-1\" \/>\n<meta property=\"og:locale\" content=\"sk_SK\" \/>\n<meta property=\"og:type\" content=\"article\" \/>\n<meta property=\"og:title\" content=\"Sherlock Holmes Thessaloniki\" \/>\n<meta property=\"og:description\" content=\"Sherlock Holmes Thessaloniki. Hrajte samoriaden\u00fa mestsk\u00fa hru s detekt\u00edvnou z\u00e1pletkou, rie\u0161te h\u00e1danky, sledujte stopy a odha\u013ete vraha vlastn\u00fdm tempom!\" \/>\n<meta property=\"og:url\" content=\"https:\/\/testwebsite.citygame.com\/sk\/games\/thessaloniki\/sherlock-holmes-thessaloniki\/\" \/>\n<meta property=\"og:site_name\" content=\"City Game\" \/>\n<meta property=\"article:publisher\" content=\"https:\/\/www.facebook.com\/profile.php?id=100086426226253\" \/>\n<meta property=\"article:modified_time\" content=\"2026-04-08T16:16:37+00:00\" \/>\n<meta property=\"og:image\" content=\"https:\/\/testwebsite.citygame.com\/wp-content\/blogs.dir\/1\/files\/sites\/62\/2026\/02\/thessaloniki-sherlock-city-game-player-on-street-with-phone.jpg\" \/>\n\t<meta property=\"og:image:width\" content=\"1344\" \/>\n\t<meta property=\"og:image:height\" content=\"768\" \/>\n\t<meta property=\"og:image:type\" content=\"image\/jpeg\" \/>\n<meta name=\"twitter:card\" content=\"summary_large_image\" \/>\n<meta name=\"twitter:label1\" content=\"Predpokladan\u00fd \u010das \u010d\u00edtania\" \/>\n\t<meta name=\"twitter:data1\" content=\"1 min\u00fata\" \/>\n<script type=\"application\/ld+json\" class=\"yoast-schema-graph\">{\"@context\":\"https:\/\/schema.org\",\"@graph\":[{\"@type\":\"WebPage\",\"@id\":\"https:\/\/testwebsite.citygame.com\/sk\/games\/thessaloniki\/sherlock-holmes-thessaloniki\/\",\"url\":\"https:\/\/testwebsite.citygame.com\/sk\/games\/thessaloniki\/sherlock-holmes-thessaloniki\/\",\"name\":\"Sherlock Holmes Thessaloniki - City Game\",\"isPartOf\":{\"@id\":\"https:\/\/testwebsite.upevents.nl\/#website\"},\"primaryImageOfPage\":{\"@id\":\"https:\/\/testwebsite.citygame.com\/sk\/games\/thessaloniki\/sherlock-holmes-thessaloniki\/#primaryimage\"},\"image\":{\"@id\":\"https:\/\/testwebsite.citygame.com\/sk\/games\/thessaloniki\/sherlock-holmes-thessaloniki\/#primaryimage\"},\"thumbnailUrl\":\"https:\/\/testwebsite.citygame.com\/wp-content\/blogs.dir\/1\/files\/sites\/62\/2026\/02\/thessaloniki-sherlock-city-game-player-on-street-with-phone.jpg\",\"datePublished\":\"2026-02-06T13:50:45+00:00\",\"dateModified\":\"2026-04-08T16:16:37+00:00\",\"description\":\"Sherlock Holmes Thessaloniki. Hrajte samoriaden\u00fa mestsk\u00fa hru s detekt\u00edvnou z\u00e1pletkou, rie\u0161te h\u00e1danky, sledujte stopy a odha\u013ete vraha vlastn\u00fdm tempom!\",\"breadcrumb\":{\"@id\":\"https:\/\/testwebsite.citygame.com\/sk\/games\/thessaloniki\/sherlock-holmes-thessaloniki\/#breadcrumb\"},\"inLanguage\":\"sk-SK\",\"potentialAction\":[{\"@type\":\"ReadAction\",\"target\":[\"https:\/\/testwebsite.citygame.com\/sk\/games\/thessaloniki\/sherlock-holmes-thessaloniki\/\"]}]},{\"@type\":\"ImageObject\",\"inLanguage\":\"sk-SK\",\"@id\":\"https:\/\/testwebsite.citygame.com\/sk\/games\/thessaloniki\/sherlock-holmes-thessaloniki\/#primaryimage\",\"url\":\"https:\/\/testwebsite.citygame.com\/wp-content\/blogs.dir\/1\/files\/sites\/62\/2026\/02\/thessaloniki-sherlock-city-game-player-on-street-with-phone.jpg\",\"contentUrl\":\"https:\/\/testwebsite.citygame.com\/wp-content\/blogs.dir\/1\/files\/sites\/62\/2026\/02\/thessaloniki-sherlock-city-game-player-on-street-with-phone.jpg\",\"width\":1344,\"height\":768,\"caption\":\"A player explores the charming streets of Thessaloniki while engaged in a mobile city game.\"},{\"@type\":\"BreadcrumbList\",\"@id\":\"https:\/\/testwebsite.citygame.com\/sk\/games\/thessaloniki\/sherlock-holmes-thessaloniki\/#breadcrumb\",\"itemListElement\":[{\"@type\":\"ListItem\",\"position\":1,\"name\":\"Home\",\"item\":\"https:\/\/testwebsite.citygame.com\/sk\/\"},{\"@type\":\"ListItem\",\"position\":2,\"name\":\"Shop\",\"item\":\"https:\/\/testwebsite.citygame.com\/shop\/\"},{\"@type\":\"ListItem\",\"position\":3,\"name\":\"Sherlock Holmes Thessaloniki\"}]},{\"@type\":\"WebSite\",\"@id\":\"https:\/\/testwebsite.upevents.nl\/#website\",\"url\":\"https:\/\/testwebsite.upevents.nl\/\",\"name\":\"City Game\",\"description\":\"\",\"publisher\":{\"@id\":\"https:\/\/testwebsite.upevents.nl\/#organization\"},\"alternateName\":\"citygame.com\",\"potentialAction\":[{\"@type\":\"SearchAction\",\"target\":{\"@type\":\"EntryPoint\",\"urlTemplate\":\"https:\/\/testwebsite.upevents.nl\/?s={search_term_string}\"},\"query-input\":{\"@type\":\"PropertyValueSpecification\",\"valueRequired\":true,\"valueName\":\"search_term_string\"}}],\"inLanguage\":\"sk-SK\"},{\"@type\":[\"Organization\",\"Place\"],\"@id\":\"https:\/\/testwebsite.upevents.nl\/#organization\",\"name\":\"City Game\",\"alternateName\":\"citygame.com\",\"url\":\"https:\/\/testwebsite.upevents.nl\/\",\"logo\":{\"@id\":\"https:\/\/testwebsite.citygame.com\/sk\/games\/thessaloniki\/sherlock-holmes-thessaloniki\/#local-main-organization-logo\"},\"image\":{\"@id\":\"https:\/\/testwebsite.citygame.com\/sk\/games\/thessaloniki\/sherlock-holmes-thessaloniki\/#local-main-organization-logo\"},\"sameAs\":[\"https:\/\/www.facebook.com\/profile.php?id=100086426226253\",\"https:\/\/www.instagram.com\/citygame_com\",\"https:\/\/www.tiktok.com\/@citygamecom\/\",\"https:\/\/www.linkedin.com\/company\/citygame-com\"],\"description\":\"Turn any city into a playground with our interactive City Games and self-guided tours. Fun, flexible, and ideal for groups and team building.\",\"telephone\":[],\"openingHoursSpecification\":[{\"@type\":\"OpeningHoursSpecification\",\"dayOfWeek\":[\"Monday\",\"Tuesday\",\"Wednesday\",\"Thursday\",\"Friday\",\"Saturday\",\"Sunday\"],\"opens\":\"09:00\",\"closes\":\"17:00\"}]},{\"@type\":\"ImageObject\",\"inLanguage\":\"sk-SK\",\"@id\":\"https:\/\/testwebsite.citygame.com\/sk\/games\/thessaloniki\/sherlock-holmes-thessaloniki\/#local-main-organization-logo\",\"url\":\"https:\/\/testwebsite.citygame.com\/wp-content\/blogs.dir\/1\/files\/sites\/62\/2025\/10\/CG_LOGO-City-Game.png\",\"contentUrl\":\"https:\/\/testwebsite.citygame.com\/wp-content\/blogs.dir\/1\/files\/sites\/62\/2025\/10\/CG_LOGO-City-Game.png\",\"width\":351,\"height\":377,\"caption\":\"City Game\"}]}<\/script>\n<!-- \/ Yoast SEO Premium plugin. -->","yoast_head_json":{"title":"Sherlock Holmes Thessaloniki - City Game","description":"Sherlock Holmes Thessaloniki. Hrajte samoriaden\u00fa mestsk\u00fa hru s detekt\u00edvnou z\u00e1pletkou, rie\u0161te h\u00e1danky, sledujte stopy a odha\u013ete vraha vlastn\u00fdm tempom!","robots":{"index":"noindex","follow":"follow","max-snippet":"max-snippet:-1","max-image-preview":"max-image-preview:large","max-video-preview":"max-video-preview:-1"},"og_locale":"sk_SK","og_type":"article","og_title":"Sherlock Holmes Thessaloniki","og_description":"Sherlock Holmes Thessaloniki. Hrajte samoriaden\u00fa mestsk\u00fa hru s detekt\u00edvnou z\u00e1pletkou, rie\u0161te h\u00e1danky, sledujte stopy a odha\u013ete vraha vlastn\u00fdm tempom!","og_url":"https:\/\/testwebsite.citygame.com\/sk\/games\/thessaloniki\/sherlock-holmes-thessaloniki\/","og_site_name":"City Game","article_publisher":"https:\/\/www.facebook.com\/profile.php?id=100086426226253","article_modified_time":"2026-04-08T16:16:37+00:00","og_image":[{"width":1344,"height":768,"url":"https:\/\/testwebsite.citygame.com\/wp-content\/blogs.dir\/1\/files\/sites\/62\/2026\/02\/thessaloniki-sherlock-city-game-player-on-street-with-phone.jpg","type":"image\/jpeg"}],"twitter_card":"summary_large_image","twitter_misc":{"Predpokladan\u00fd \u010das \u010d\u00edtania":"1 min\u00fata"},"schema":{"@context":"https:\/\/schema.org","@graph":[{"@type":"WebPage","@id":"https:\/\/testwebsite.citygame.com\/sk\/games\/thessaloniki\/sherlock-holmes-thessaloniki\/","url":"https:\/\/testwebsite.citygame.com\/sk\/games\/thessaloniki\/sherlock-holmes-thessaloniki\/","name":"Sherlock Holmes Thessaloniki - City Game","isPartOf":{"@id":"https:\/\/testwebsite.upevents.nl\/#website"},"primaryImageOfPage":{"@id":"https:\/\/testwebsite.citygame.com\/sk\/games\/thessaloniki\/sherlock-holmes-thessaloniki\/#primaryimage"},"image":{"@id":"https:\/\/testwebsite.citygame.com\/sk\/games\/thessaloniki\/sherlock-holmes-thessaloniki\/#primaryimage"},"thumbnailUrl":"https:\/\/testwebsite.citygame.com\/wp-content\/blogs.dir\/1\/files\/sites\/62\/2026\/02\/thessaloniki-sherlock-city-game-player-on-street-with-phone.jpg","datePublished":"2026-02-06T13:50:45+00:00","dateModified":"2026-04-08T16:16:37+00:00","description":"Sherlock Holmes Thessaloniki. Hrajte samoriaden\u00fa mestsk\u00fa hru s detekt\u00edvnou z\u00e1pletkou, rie\u0161te h\u00e1danky, sledujte stopy a odha\u013ete vraha vlastn\u00fdm tempom!","breadcrumb":{"@id":"https:\/\/testwebsite.citygame.com\/sk\/games\/thessaloniki\/sherlock-holmes-thessaloniki\/#breadcrumb"},"inLanguage":"sk-SK","potentialAction":[{"@type":"ReadAction","target":["https:\/\/testwebsite.citygame.com\/sk\/games\/thessaloniki\/sherlock-holmes-thessaloniki\/"]}]},{"@type":"ImageObject","inLanguage":"sk-SK","@id":"https:\/\/testwebsite.citygame.com\/sk\/games\/thessaloniki\/sherlock-holmes-thessaloniki\/#primaryimage","url":"https:\/\/testwebsite.citygame.com\/wp-content\/blogs.dir\/1\/files\/sites\/62\/2026\/02\/thessaloniki-sherlock-city-game-player-on-street-with-phone.jpg","contentUrl":"https:\/\/testwebsite.citygame.com\/wp-content\/blogs.dir\/1\/files\/sites\/62\/2026\/02\/thessaloniki-sherlock-city-game-player-on-street-with-phone.jpg","width":1344,"height":768,"caption":"A player explores the charming streets of Thessaloniki while engaged in a mobile city game."},{"@type":"BreadcrumbList","@id":"https:\/\/testwebsite.citygame.com\/sk\/games\/thessaloniki\/sherlock-holmes-thessaloniki\/#breadcrumb","itemListElement":[{"@type":"ListItem","position":1,"name":"Home","item":"https:\/\/testwebsite.citygame.com\/sk\/"},{"@type":"ListItem","position":2,"name":"Shop","item":"https:\/\/testwebsite.citygame.com\/shop\/"},{"@type":"ListItem","position":3,"name":"Sherlock Holmes Thessaloniki"}]},{"@type":"WebSite","@id":"https:\/\/testwebsite.upevents.nl\/#website","url":"https:\/\/testwebsite.upevents.nl\/","name":"City Game","description":"","publisher":{"@id":"https:\/\/testwebsite.upevents.nl\/#organization"},"alternateName":"citygame.com","potentialAction":[{"@type":"SearchAction","target":{"@type":"EntryPoint","urlTemplate":"https:\/\/testwebsite.upevents.nl\/?s={search_term_string}"},"query-input":{"@type":"PropertyValueSpecification","valueRequired":true,"valueName":"search_term_string"}}],"inLanguage":"sk-SK"},{"@type":["Organization","Place"],"@id":"https:\/\/testwebsite.upevents.nl\/#organization","name":"City Game","alternateName":"citygame.com","url":"https:\/\/testwebsite.upevents.nl\/","logo":{"@id":"https:\/\/testwebsite.citygame.com\/sk\/games\/thessaloniki\/sherlock-holmes-thessaloniki\/#local-main-organization-logo"},"image":{"@id":"https:\/\/testwebsite.citygame.com\/sk\/games\/thessaloniki\/sherlock-holmes-thessaloniki\/#local-main-organization-logo"},"sameAs":["https:\/\/www.facebook.com\/profile.php?id=100086426226253","https:\/\/www.instagram.com\/citygame_com","https:\/\/www.tiktok.com\/@citygamecom\/","https:\/\/www.linkedin.com\/company\/citygame-com"],"description":"Turn any city into a playground with our interactive City Games and self-guided tours. Fun, flexible, and ideal for groups and team building.","telephone":[],"openingHoursSpecification":[{"@type":"OpeningHoursSpecification","dayOfWeek":["Monday","Tuesday","Wednesday","Thursday","Friday","Saturday","Sunday"],"opens":"09:00","closes":"17:00"}]},{"@type":"ImageObject","inLanguage":"sk-SK","@id":"https:\/\/testwebsite.citygame.com\/sk\/games\/thessaloniki\/sherlock-holmes-thessaloniki\/#local-main-organization-logo","url":"https:\/\/testwebsite.citygame.com\/wp-content\/blogs.dir\/1\/files\/sites\/62\/2025\/10\/CG_LOGO-City-Game.png","contentUrl":"https:\/\/testwebsite.citygame.com\/wp-content\/blogs.dir\/1\/files\/sites\/62\/2025\/10\/CG_LOGO-City-Game.png","width":351,"height":377,"caption":"City Game"}]}},"taxonomy_info":{"game-concept":[{"value":788,"label":"Sherlock"}],"location":[{"value":393,"label":"Thessaloniki"}],"product_cat":[{"value":27,"label":"Geen categorie"}]},"featured_image_src_large":["https:\/\/testwebsite.citygame.com\/wp-content\/blogs.dir\/1\/files\/sites\/62\/2026\/02\/thessaloniki-sherlock-city-game-player-on-street-with-phone-1024x585.jpg",1024,585,true],"author_info":[],"comment_info":"","_links":{"self":[{"href":"https:\/\/testwebsite.citygame.com\/sk\/wp-json\/wp\/v2\/product\/65582","targetHints":{"allow":["GET"]}}],"collection":[{"href":"https:\/\/testwebsite.citygame.com\/sk\/wp-json\/wp\/v2\/product"}],"about":[{"href":"https:\/\/testwebsite.citygame.com\/sk\/wp-json\/wp\/v2\/types\/product"}],"acf:post":[{"embeddable":true,"href":"https:\/\/testwebsite.citygame.com\/sk\/wp-json\/wp\/v2\/pages\/8277"}],"wp:featuredmedia":[{"embeddable":true,"href":"https:\/\/testwebsite.citygame.com\/sk\/wp-json\/wp\/v2\/media\/11343"}],"wp:attachment":[{"href":"https:\/\/testwebsite.citygame.com\/sk\/wp-json\/wp\/v2\/media?parent=65582"}],"wp:term":[{"taxonomy":"game-concept","embeddable":true,"href":"https:\/\/testwebsite.citygame.com\/sk\/wp-json\/wp\/v2\/game-concept?post=65582"},{"taxonomy":"location","embeddable":true,"href":"https:\/\/testwebsite.citygame.com\/sk\/wp-json\/wp\/v2\/location?post=65582"},{"taxonomy":"product_brand","embeddable":true,"href":"https:\/\/testwebsite.citygame.com\/sk\/wp-json\/wp\/v2\/product_brand?post=65582"},{"taxonomy":"product_cat","embeddable":true,"href":"https:\/\/testwebsite.citygame.com\/sk\/wp-json\/wp\/v2\/product_cat?post=65582"},{"taxonomy":"product_tag","embeddable":true,"href":"https:\/\/testwebsite.citygame.com\/sk\/wp-json\/wp\/v2\/product_tag?post=65582"}],"curies":[{"name":"wp","href":"https:\/\/api.w.org\/{rel}","templated":true}]}}