{"id":65163,"date":"2026-01-14T08:55:44","date_gmt":"2026-01-14T08:55:44","guid":{"rendered":"https:\/\/testwebsite.citygame.com\/games\/unknown-location\/secrets-of-paris-notre-dame\/"},"modified":"2026-04-08T15:24:56","modified_gmt":"2026-04-08T15:24:56","slug":"secrets-of-paris-notre-dame","status":"publish","type":"product","link":"https:\/\/testwebsite.citygame.com\/sk\/games\/paris\/secrets-of-paris-notre-dame\/","title":{"rendered":"Secrets of Paris Notre Dame"},"content":{"rendered":"<p>City Game Paris Notre Dame je samoobslu\u017en\u00e1 hra zalo\u017een\u00e1 na GPS, ktor\u00e1 sa odohr\u00e1va v historickom centre Par\u00ed\u017ea. Pomocou svojich smartf\u00f3nov hr\u00e1\u010di objavuj\u00fa oblas\u0165, zatia\u013e \u010do rie\u0161ia h\u00e1danky, plnia hlavolamy a \u010delia fotografick\u00fdm v\u00fdzvam, ktor\u00e9 odha\u013euj\u00fa skryt\u00e9 detaily o hist\u00f3rii a kult\u00fare mesta. T\u00e1to samoobslu\u017en\u00e1 mestsk\u00e1 hra pon\u00faka p\u00fatav\u00fd sp\u00f4sob, ako objavi\u0165 \u010daro Par\u00ed\u017ea vlastn\u00fdm tempom, odha\u013euj\u00fac zn\u00e1me pamiatky aj menej zn\u00e1me z\u00e1kutia. Navrhnut\u00e1 pre n\u00e1v\u0161tevn\u00edkov aj miestnych, t\u00e1to objavite\u013esk\u00e1 hra je vhodn\u00e1 pre dobrodruhov osamote, p\u00e1ry, rodiny a skupiny priate\u013eov. \u010ci u\u017e ste v meste nov\u00ed alebo ho znovu objavujete, City Game Paris pon\u00faka jedine\u010dn\u00fa perspekt\u00edvu prostredn\u00edctvom z\u00e1bavn\u00e9ho a interakt\u00edvneho z\u00e1\u017eitku.<\/p>\n","protected":false},"excerpt":{"rendered":"<p>Putujte od oz\u00fdvaj\u00faceho sa zvuku katedr\u00e1lnych zvonov k bulv\u00e1rom vo\u0148aj\u00facim k\u00e1vou, zatia\u013e \u010do h\u013ead\u00e1te stopy v historickom srdci mesta a pom\u00e1hate Victorovi Hugovi z\u00edska\u0165 sp\u00e4\u0165 straten\u00fa posledn\u00fa kapitolu rom\u00e1nu The Hunchback of Notre-Dame, sk\u00f4r ne\u017e sa dostane do nespr\u00e1vnych r\u00fak.<\/p>\n","protected":false},"featured_media":3999,"template":"","meta":{"_acf_changed":false,"_yoast_wpseo_focuskw":"Secrets of Paris Notre Dame","_yoast_wpseo_metadesc":"Secrets of Paris Notre Dame. Zahrajte si samoobslu\u017en\u00fa City Game a presk\u00famajte mesto prostredn\u00edctvom h\u00e1daniek, hlavolamov a v\u00fdziev. Hrajte vlastn\u00fdm tempom a objavujte ako miestny!","_kad_blocks_custom_css":"","_kad_blocks_head_custom_js":"","_kad_blocks_body_custom_js":"","_kad_blocks_footer_custom_js":"","ghostkit_customizer_options":"","ghostkit_custom_css":"","ghostkit_custom_js_head":"","ghostkit_custom_js_foot":"","ghostkit_typography":"","_kad_post_transparent":"default","_kad_post_title":"","_kad_post_layout":"default","_kad_post_sidebar_id":"","_kad_post_content_style":"default","_kad_post_vertical_padding":"default","_kad_post_feature":"","_kad_post_feature_position":"","_kad_post_header":false,"_kad_post_footer":false,"_kad_post_classname":"","_links_to":"","_links_to_target":""},"game-concept":[727],"location":[317],"product_brand":[],"product_cat":[27],"product_tag":[],"class_list":{"0":"post-65163","1":"product","2":"type-product","3":"status-publish","4":"has-post-thumbnail","6":"game-concept-secrets","7":"location-paris","8":"product_cat-geen-categorie","10":"first","11":"instock","12":"shipping-taxable","13":"purchasable","14":"product-type-simple","15":"entry","16":"content-bg","17":"loop-entry"},"acf":{"full_bokun_product_name":"Self-Guided Secrets of Paris: Notre-Dame Area Exploration Game","location_name":"Paris Notre Dame","bokun_calendar_widget_code":"<script type=\"text\/javascript\" src=\"https:\/\/widgets.bokun.io\/assets\/javascripts\/apps\/build\/BokunWidgetsLoader.js?bookingChannelUUID=a1e93e96-5232-4734-a595-28405f4b5a31\" async><\/script>\n     \n    <div class=\"bokunWidget\" data-src=\"https:\/\/widgets.bokun.io\/online-sales\/a1e93e96-5232-4734-a595-28405f4b5a31\/experience-calendar\/1002128\"><\/div>\n    <noscript>Please enable javascript in your browser to book<\/noscript>","bokun_button_widget_code":"<script type=\"text\/javascript\" src=\"https:\/\/widgets.bokun.io\/assets\/javascripts\/apps\/build\/BokunWidgetsLoader.js?bookingChannelUUID=a1e93e96-5232-4734-a595-28405f4b5a31\" async><\/script>\n      <style> #bokun_ed001e45_5927_4f62_b470_ca766338d083 { display: inline-block; padding: .4em 1em; background: #47b82e; border-radius: 999999px; box-shadow: none; font-weight: 600; font-size: 24px; text-decoration: none; text-align: center; color: #FFFFFF; border:none; cursor: pointer; transition: background .2s ease; } #bokun_ed001e45_5927_4f62_b470_ca766338d083:hover{ background: #2f7b1f; } #bokun_ed001e45_5927_4f62_b470_ca766338d083:active{ background: #378f24; } <\/style> <button class=\"bokunButton\" disabled id=bokun_ed001e45_5927_4f62_b470_ca766338d083 data-src=\"https:\/\/widgets.bokun.io\/online-sales\/a1e93e96-5232-4734-a595-28405f4b5a31\/experience-calendar\/1002128?partialView=1\" data-testid=\"widget-book-button\" > Book now <\/button> ","what_you\u2019ll_experience_during_the_game":"The Secrets of Paris Notre Dame City Game sp\u00e1ja objavovanie mesta s rozpr\u00e1van\u00edm pr\u00edbehov, vedie v\u00e1s srdcom mesta a odha\u013euje zauj\u00edmav\u00e9 stopy. Po\u010das objavovania prejdete okolo sl\u00e1vnych pamiatok aj tich\u0161\u00edch z\u00e1kut\u00ed, od gotick\u00fdch ve\u017e\u00ed katedr\u00e1ly Notre-Dame po listnat\u00fd pokoj Square Ren\u00e9 Viviani. Cestou naraz\u00edte na pamiatky ako Conciergerie, panoramatick\u00fd v\u00fdbe\u017eok Square du Vert-Galant a dynamick\u00fd \u00fasek Rue de Rivoli bl\u00edzko Ch\u00e2telet. Ka\u017ed\u00e1 zast\u00e1vka v\u00e1s poz\u00fdva vidie\u0165 Par\u00ed\u017e nov\u00fdmi o\u010dami, odha\u013euj\u00fac vrstven\u00e9 pr\u00edbehy pod jeho zn\u00e1mymi fas\u00e1dami.\r\n\r\nPo\u010das celej hry City Game budete rie\u0161i\u0165 zmes h\u00e1daniek, ind\u00edci\u00ed a fotografick\u00fdch v\u00fdziev, ktor\u00e9 o\u017eivia okolie. Ich rie\u0161en\u00edm z\u00edskavate body, odomyk\u00e1te u\u017eito\u010dn\u00e9 rady a pribli\u017eujete sa k odhaleniu z\u00e1vere\u010dnej z\u00e1hady ukrytej v Par\u00ed\u017ei. Hra je flexibiln\u00e1 a m\u00f4\u017eete ju kedyko\u013evek pozastavi\u0165 \u2013 ide\u00e1lne na prest\u00e1vku alebo objavovanie vlastn\u00fdm tempom. Pre t\u00fdch, ktor\u00ed si u\u017e\u00edvaj\u00fa s\u00fa\u0165a\u017eivos\u0165, je k dispoz\u00edcii aj \u017eiv\u00fd rebr\u00ed\u010dek, kde m\u00f4\u017eete sledova\u0165, ako sa v\u00e1\u0161 t\u00edm umiest\u0148uje v r\u00e1mci mesta.","how_to_play":"Po rezerv\u00e1cii obdr\u017e\u00edte e-mail s priamym odkazom na spustenie hry. Jednoducho sa vydajte na v\u00fdchodiskov\u00e9 miesto pri katedr\u00e1le Notre-Dame a spustite dobrodru\u017estvo zo svojho telef\u00f3nu. Hra je flexibiln\u00e1, tak\u017ee ju m\u00f4\u017eete kedyko\u013evek pozastavi\u0165 a pokra\u010dova\u0165 nesk\u00f4r. Va\u0161a cesta Par\u00ed\u017eom za\u010d\u00edna v momente, ke\u010f ste pripraven\u00ed, sta\u010d\u00ed stla\u010di\u0165 'hra\u0165' a necha\u0165 mesto, aby v\u00e1s previedlo svojimi tajomstvami.","start_location":"Notre-Dame Cathedral","available_languages":"","players_per_group":"1-4","duration":"1.5-2 hours","image_overlay_color_image":"https:\/\/testwebsite.citygame.com\/wp-content\/blogs.dir\/1\/files\/sites\/62\/2026\/01\/SecretsColor.svg","image_overlay_game_logo":"https:\/\/testwebsite.citygame.com\/wp-content\/blogs.dir\/1\/files\/sites\/62\/2026\/01\/SecretsLogo.png","city_page":7295,"woocommerce_general_content":null},"yoast_head":"<!-- This site is optimized with the Yoast SEO Premium plugin v26.2 (Yoast SEO v26.3) - https:\/\/yoast.com\/wordpress\/plugins\/seo\/ -->\n<title>Secrets of Paris Notre Dame - City Game<\/title>\n<meta name=\"description\" content=\"Secrets of Paris Notre Dame. Zahrajte si samoobslu\u017en\u00fa City Game a presk\u00famajte mesto prostredn\u00edctvom h\u00e1daniek, hlavolamov a v\u00fdziev. Hrajte vlastn\u00fdm tempom a objavujte ako miestny!\" \/>\n<meta name=\"robots\" content=\"noindex, follow, max-snippet:-1, max-image-preview:large, max-video-preview:-1\" \/>\n<meta property=\"og:locale\" content=\"sk_SK\" \/>\n<meta property=\"og:type\" content=\"article\" \/>\n<meta property=\"og:title\" content=\"Secrets of Paris Notre Dame\" \/>\n<meta property=\"og:description\" content=\"Secrets of Paris Notre Dame. Zahrajte si samoobslu\u017en\u00fa City Game a presk\u00famajte mesto prostredn\u00edctvom h\u00e1daniek, hlavolamov a v\u00fdziev. Hrajte vlastn\u00fdm tempom a objavujte ako miestny!\" \/>\n<meta property=\"og:url\" content=\"https:\/\/testwebsite.citygame.com\/sk\/games\/paris\/secrets-of-paris-notre-dame\/\" \/>\n<meta property=\"og:site_name\" content=\"City Game\" \/>\n<meta property=\"article:publisher\" content=\"https:\/\/www.facebook.com\/profile.php?id=100086426226253\" \/>\n<meta property=\"article:modified_time\" content=\"2026-04-08T15:24:56+00:00\" \/>\n<meta property=\"og:image\" content=\"https:\/\/testwebsite.citygame.com\/wp-content\/blogs.dir\/1\/files\/sites\/62\/2026\/01\/players-collaborating-on-a-mobile-game-in-a-paris-park.jpg\" \/>\n\t<meta property=\"og:image:width\" content=\"1024\" \/>\n\t<meta property=\"og:image:height\" content=\"1024\" \/>\n\t<meta property=\"og:image:type\" content=\"image\/jpeg\" \/>\n<meta name=\"twitter:card\" content=\"summary_large_image\" \/>\n<meta name=\"twitter:label1\" content=\"Predpokladan\u00fd \u010das \u010d\u00edtania\" \/>\n\t<meta name=\"twitter:data1\" content=\"1 min\u00fata\" \/>\n<script type=\"application\/ld+json\" class=\"yoast-schema-graph\">{\"@context\":\"https:\/\/schema.org\",\"@graph\":[{\"@type\":\"WebPage\",\"@id\":\"https:\/\/testwebsite.citygame.com\/sk\/games\/paris\/secrets-of-paris-notre-dame\/\",\"url\":\"https:\/\/testwebsite.citygame.com\/sk\/games\/paris\/secrets-of-paris-notre-dame\/\",\"name\":\"Secrets of Paris Notre Dame - City Game\",\"isPartOf\":{\"@id\":\"https:\/\/testwebsite.upevents.nl\/#website\"},\"primaryImageOfPage\":{\"@id\":\"https:\/\/testwebsite.citygame.com\/sk\/games\/paris\/secrets-of-paris-notre-dame\/#primaryimage\"},\"image\":{\"@id\":\"https:\/\/testwebsite.citygame.com\/sk\/games\/paris\/secrets-of-paris-notre-dame\/#primaryimage\"},\"thumbnailUrl\":\"https:\/\/testwebsite.citygame.com\/wp-content\/blogs.dir\/1\/files\/sites\/62\/2026\/01\/players-collaborating-on-a-mobile-game-in-a-paris-park.jpg\",\"datePublished\":\"2026-01-14T08:55:44+00:00\",\"dateModified\":\"2026-04-08T15:24:56+00:00\",\"description\":\"Secrets of Paris Notre Dame. Zahrajte si samoobslu\u017en\u00fa City Game a presk\u00famajte mesto prostredn\u00edctvom h\u00e1daniek, hlavolamov a v\u00fdziev. Hrajte vlastn\u00fdm tempom a objavujte ako miestny!\",\"breadcrumb\":{\"@id\":\"https:\/\/testwebsite.citygame.com\/sk\/games\/paris\/secrets-of-paris-notre-dame\/#breadcrumb\"},\"inLanguage\":\"sk-SK\",\"potentialAction\":[{\"@type\":\"ReadAction\",\"target\":[\"https:\/\/testwebsite.citygame.com\/sk\/games\/paris\/secrets-of-paris-notre-dame\/\"]}]},{\"@type\":\"ImageObject\",\"inLanguage\":\"sk-SK\",\"@id\":\"https:\/\/testwebsite.citygame.com\/sk\/games\/paris\/secrets-of-paris-notre-dame\/#primaryimage\",\"url\":\"https:\/\/testwebsite.citygame.com\/wp-content\/blogs.dir\/1\/files\/sites\/62\/2026\/01\/players-collaborating-on-a-mobile-game-in-a-paris-park.jpg\",\"contentUrl\":\"https:\/\/testwebsite.citygame.com\/wp-content\/blogs.dir\/1\/files\/sites\/62\/2026\/01\/players-collaborating-on-a-mobile-game-in-a-paris-park.jpg\",\"width\":1024,\"height\":1024,\"caption\":\"A group of friends gather around a smartphone while playing an outdoor discovery game in Paris.\"},{\"@type\":\"BreadcrumbList\",\"@id\":\"https:\/\/testwebsite.citygame.com\/sk\/games\/paris\/secrets-of-paris-notre-dame\/#breadcrumb\",\"itemListElement\":[{\"@type\":\"ListItem\",\"position\":1,\"name\":\"Home\",\"item\":\"https:\/\/testwebsite.citygame.com\/sk\/\"},{\"@type\":\"ListItem\",\"position\":2,\"name\":\"Shop\",\"item\":\"https:\/\/testwebsite.citygame.com\/shop\/\"},{\"@type\":\"ListItem\",\"position\":3,\"name\":\"Secrets of Paris Notre Dame\"}]},{\"@type\":\"WebSite\",\"@id\":\"https:\/\/testwebsite.upevents.nl\/#website\",\"url\":\"https:\/\/testwebsite.upevents.nl\/\",\"name\":\"City Game\",\"description\":\"\",\"publisher\":{\"@id\":\"https:\/\/testwebsite.upevents.nl\/#organization\"},\"alternateName\":\"citygame.com\",\"potentialAction\":[{\"@type\":\"SearchAction\",\"target\":{\"@type\":\"EntryPoint\",\"urlTemplate\":\"https:\/\/testwebsite.upevents.nl\/?s={search_term_string}\"},\"query-input\":{\"@type\":\"PropertyValueSpecification\",\"valueRequired\":true,\"valueName\":\"search_term_string\"}}],\"inLanguage\":\"sk-SK\"},{\"@type\":[\"Organization\",\"Place\"],\"@id\":\"https:\/\/testwebsite.upevents.nl\/#organization\",\"name\":\"City Game\",\"alternateName\":\"citygame.com\",\"url\":\"https:\/\/testwebsite.upevents.nl\/\",\"logo\":{\"@id\":\"https:\/\/testwebsite.citygame.com\/sk\/games\/paris\/secrets-of-paris-notre-dame\/#local-main-organization-logo\"},\"image\":{\"@id\":\"https:\/\/testwebsite.citygame.com\/sk\/games\/paris\/secrets-of-paris-notre-dame\/#local-main-organization-logo\"},\"sameAs\":[\"https:\/\/www.facebook.com\/profile.php?id=100086426226253\",\"https:\/\/www.instagram.com\/citygame_com\",\"https:\/\/www.tiktok.com\/@citygamecom\/\",\"https:\/\/www.linkedin.com\/company\/citygame-com\"],\"description\":\"Turn any city into a playground with our interactive City Games and self-guided tours. Fun, flexible, and ideal for groups and team building.\",\"telephone\":[],\"openingHoursSpecification\":[{\"@type\":\"OpeningHoursSpecification\",\"dayOfWeek\":[\"Monday\",\"Tuesday\",\"Wednesday\",\"Thursday\",\"Friday\",\"Saturday\",\"Sunday\"],\"opens\":\"09:00\",\"closes\":\"17:00\"}]},{\"@type\":\"ImageObject\",\"inLanguage\":\"sk-SK\",\"@id\":\"https:\/\/testwebsite.citygame.com\/sk\/games\/paris\/secrets-of-paris-notre-dame\/#local-main-organization-logo\",\"url\":\"https:\/\/testwebsite.citygame.com\/wp-content\/blogs.dir\/1\/files\/sites\/62\/2025\/10\/CG_LOGO-City-Game.png\",\"contentUrl\":\"https:\/\/testwebsite.citygame.com\/wp-content\/blogs.dir\/1\/files\/sites\/62\/2025\/10\/CG_LOGO-City-Game.png\",\"width\":351,\"height\":377,\"caption\":\"City Game\"}]}<\/script>\n<!-- \/ Yoast SEO Premium plugin. -->","yoast_head_json":{"title":"Secrets of Paris Notre Dame - City Game","description":"Secrets of Paris Notre Dame. Zahrajte si samoobslu\u017en\u00fa City Game a presk\u00famajte mesto prostredn\u00edctvom h\u00e1daniek, hlavolamov a v\u00fdziev. Hrajte vlastn\u00fdm tempom a objavujte ako miestny!","robots":{"index":"noindex","follow":"follow","max-snippet":"max-snippet:-1","max-image-preview":"max-image-preview:large","max-video-preview":"max-video-preview:-1"},"og_locale":"sk_SK","og_type":"article","og_title":"Secrets of Paris Notre Dame","og_description":"Secrets of Paris Notre Dame. Zahrajte si samoobslu\u017en\u00fa City Game a presk\u00famajte mesto prostredn\u00edctvom h\u00e1daniek, hlavolamov a v\u00fdziev. Hrajte vlastn\u00fdm tempom a objavujte ako miestny!","og_url":"https:\/\/testwebsite.citygame.com\/sk\/games\/paris\/secrets-of-paris-notre-dame\/","og_site_name":"City Game","article_publisher":"https:\/\/www.facebook.com\/profile.php?id=100086426226253","article_modified_time":"2026-04-08T15:24:56+00:00","og_image":[{"width":1024,"height":1024,"url":"https:\/\/testwebsite.citygame.com\/wp-content\/blogs.dir\/1\/files\/sites\/62\/2026\/01\/players-collaborating-on-a-mobile-game-in-a-paris-park.jpg","type":"image\/jpeg"}],"twitter_card":"summary_large_image","twitter_misc":{"Predpokladan\u00fd \u010das \u010d\u00edtania":"1 min\u00fata"},"schema":{"@context":"https:\/\/schema.org","@graph":[{"@type":"WebPage","@id":"https:\/\/testwebsite.citygame.com\/sk\/games\/paris\/secrets-of-paris-notre-dame\/","url":"https:\/\/testwebsite.citygame.com\/sk\/games\/paris\/secrets-of-paris-notre-dame\/","name":"Secrets of Paris Notre Dame - City Game","isPartOf":{"@id":"https:\/\/testwebsite.upevents.nl\/#website"},"primaryImageOfPage":{"@id":"https:\/\/testwebsite.citygame.com\/sk\/games\/paris\/secrets-of-paris-notre-dame\/#primaryimage"},"image":{"@id":"https:\/\/testwebsite.citygame.com\/sk\/games\/paris\/secrets-of-paris-notre-dame\/#primaryimage"},"thumbnailUrl":"https:\/\/testwebsite.citygame.com\/wp-content\/blogs.dir\/1\/files\/sites\/62\/2026\/01\/players-collaborating-on-a-mobile-game-in-a-paris-park.jpg","datePublished":"2026-01-14T08:55:44+00:00","dateModified":"2026-04-08T15:24:56+00:00","description":"Secrets of Paris Notre Dame. Zahrajte si samoobslu\u017en\u00fa City Game a presk\u00famajte mesto prostredn\u00edctvom h\u00e1daniek, hlavolamov a v\u00fdziev. Hrajte vlastn\u00fdm tempom a objavujte ako miestny!","breadcrumb":{"@id":"https:\/\/testwebsite.citygame.com\/sk\/games\/paris\/secrets-of-paris-notre-dame\/#breadcrumb"},"inLanguage":"sk-SK","potentialAction":[{"@type":"ReadAction","target":["https:\/\/testwebsite.citygame.com\/sk\/games\/paris\/secrets-of-paris-notre-dame\/"]}]},{"@type":"ImageObject","inLanguage":"sk-SK","@id":"https:\/\/testwebsite.citygame.com\/sk\/games\/paris\/secrets-of-paris-notre-dame\/#primaryimage","url":"https:\/\/testwebsite.citygame.com\/wp-content\/blogs.dir\/1\/files\/sites\/62\/2026\/01\/players-collaborating-on-a-mobile-game-in-a-paris-park.jpg","contentUrl":"https:\/\/testwebsite.citygame.com\/wp-content\/blogs.dir\/1\/files\/sites\/62\/2026\/01\/players-collaborating-on-a-mobile-game-in-a-paris-park.jpg","width":1024,"height":1024,"caption":"A group of friends gather around a smartphone while playing an outdoor discovery game in Paris."},{"@type":"BreadcrumbList","@id":"https:\/\/testwebsite.citygame.com\/sk\/games\/paris\/secrets-of-paris-notre-dame\/#breadcrumb","itemListElement":[{"@type":"ListItem","position":1,"name":"Home","item":"https:\/\/testwebsite.citygame.com\/sk\/"},{"@type":"ListItem","position":2,"name":"Shop","item":"https:\/\/testwebsite.citygame.com\/shop\/"},{"@type":"ListItem","position":3,"name":"Secrets of Paris Notre Dame"}]},{"@type":"WebSite","@id":"https:\/\/testwebsite.upevents.nl\/#website","url":"https:\/\/testwebsite.upevents.nl\/","name":"City Game","description":"","publisher":{"@id":"https:\/\/testwebsite.upevents.nl\/#organization"},"alternateName":"citygame.com","potentialAction":[{"@type":"SearchAction","target":{"@type":"EntryPoint","urlTemplate":"https:\/\/testwebsite.upevents.nl\/?s={search_term_string}"},"query-input":{"@type":"PropertyValueSpecification","valueRequired":true,"valueName":"search_term_string"}}],"inLanguage":"sk-SK"},{"@type":["Organization","Place"],"@id":"https:\/\/testwebsite.upevents.nl\/#organization","name":"City Game","alternateName":"citygame.com","url":"https:\/\/testwebsite.upevents.nl\/","logo":{"@id":"https:\/\/testwebsite.citygame.com\/sk\/games\/paris\/secrets-of-paris-notre-dame\/#local-main-organization-logo"},"image":{"@id":"https:\/\/testwebsite.citygame.com\/sk\/games\/paris\/secrets-of-paris-notre-dame\/#local-main-organization-logo"},"sameAs":["https:\/\/www.facebook.com\/profile.php?id=100086426226253","https:\/\/www.instagram.com\/citygame_com","https:\/\/www.tiktok.com\/@citygamecom\/","https:\/\/www.linkedin.com\/company\/citygame-com"],"description":"Turn any city into a playground with our interactive City Games and self-guided tours. Fun, flexible, and ideal for groups and team building.","telephone":[],"openingHoursSpecification":[{"@type":"OpeningHoursSpecification","dayOfWeek":["Monday","Tuesday","Wednesday","Thursday","Friday","Saturday","Sunday"],"opens":"09:00","closes":"17:00"}]},{"@type":"ImageObject","inLanguage":"sk-SK","@id":"https:\/\/testwebsite.citygame.com\/sk\/games\/paris\/secrets-of-paris-notre-dame\/#local-main-organization-logo","url":"https:\/\/testwebsite.citygame.com\/wp-content\/blogs.dir\/1\/files\/sites\/62\/2025\/10\/CG_LOGO-City-Game.png","contentUrl":"https:\/\/testwebsite.citygame.com\/wp-content\/blogs.dir\/1\/files\/sites\/62\/2025\/10\/CG_LOGO-City-Game.png","width":351,"height":377,"caption":"City Game"}]}},"taxonomy_info":{"game-concept":[{"value":727,"label":"Secrets"}],"location":[{"value":317,"label":"Paris"}],"product_cat":[{"value":27,"label":"Geen categorie"}]},"featured_image_src_large":["https:\/\/testwebsite.citygame.com\/wp-content\/blogs.dir\/1\/files\/sites\/62\/2026\/01\/players-collaborating-on-a-mobile-game-in-a-paris-park.jpg",1024,1024,false],"author_info":[],"comment_info":"","_links":{"self":[{"href":"https:\/\/testwebsite.citygame.com\/sk\/wp-json\/wp\/v2\/product\/65163","targetHints":{"allow":["GET"]}}],"collection":[{"href":"https:\/\/testwebsite.citygame.com\/sk\/wp-json\/wp\/v2\/product"}],"about":[{"href":"https:\/\/testwebsite.citygame.com\/sk\/wp-json\/wp\/v2\/types\/product"}],"acf:post":[{"embeddable":true,"href":"https:\/\/testwebsite.citygame.com\/sk\/wp-json\/wp\/v2\/pages\/7295"}],"wp:featuredmedia":[{"embeddable":true,"href":"https:\/\/testwebsite.citygame.com\/sk\/wp-json\/wp\/v2\/media\/3999"}],"wp:attachment":[{"href":"https:\/\/testwebsite.citygame.com\/sk\/wp-json\/wp\/v2\/media?parent=65163"}],"wp:term":[{"taxonomy":"game-concept","embeddable":true,"href":"https:\/\/testwebsite.citygame.com\/sk\/wp-json\/wp\/v2\/game-concept?post=65163"},{"taxonomy":"location","embeddable":true,"href":"https:\/\/testwebsite.citygame.com\/sk\/wp-json\/wp\/v2\/location?post=65163"},{"taxonomy":"product_brand","embeddable":true,"href":"https:\/\/testwebsite.citygame.com\/sk\/wp-json\/wp\/v2\/product_brand?post=65163"},{"taxonomy":"product_cat","embeddable":true,"href":"https:\/\/testwebsite.citygame.com\/sk\/wp-json\/wp\/v2\/product_cat?post=65163"},{"taxonomy":"product_tag","embeddable":true,"href":"https:\/\/testwebsite.citygame.com\/sk\/wp-json\/wp\/v2\/product_tag?post=65163"}],"curies":[{"name":"wp","href":"https:\/\/api.w.org\/{rel}","templated":true}]}}