{"id":65004,"date":"2026-01-14T09:18:37","date_gmt":"2026-01-14T09:18:37","guid":{"rendered":"https:\/\/testwebsite.citygame.com\/games\/unknown-location\/secrets-of-paris-louvre\/"},"modified":"2026-04-08T15:08:38","modified_gmt":"2026-04-08T15:08:38","slug":"secrets-of-paris-louvre","status":"publish","type":"product","link":"https:\/\/testwebsite.citygame.com\/sk\/games\/paris\/secrets-of-paris-louvre\/","title":{"rendered":"Secrets of Paris Louvre"},"content":{"rendered":"<p>Mestsk\u00e1 hra &#8218;Secrets of Paris Louvre&#8216; je samostatne veden\u00e1 hra zalo\u017een\u00e1 na GPS, ktor\u00e1 sa odohr\u00e1va v historickom centre Par\u00ed\u017ea. Pomocou smartf\u00f3nu sa pust\u00edte do interakt\u00edvnej prieskumnej hry, kde budete rie\u0161i\u0165 h\u00e1danky, hlavolamy a fotografick\u00e9 v\u00fdzvy, zatia\u013e \u010do objavujete mestsk\u00e9 pamiatky a menej zn\u00e1me miesta. Po\u010das hry sa dozviete viac o hist\u00f3rii, kult\u00fare a skryt\u00fdch detailoch Par\u00ed\u017ea, ktor\u00e9 \u010dasto zost\u00e1vaj\u00fa nepov\u0161imnut\u00e9. T\u00e1to samostatne veden\u00e1 mestsk\u00e1 hra, vhodn\u00e1 pre n\u00e1v\u0161tevn\u00edkov aj miestnych, je z\u00e1bavn\u00fd a flexibiln\u00fd sp\u00f4sob, ako spozna\u0165 mesto vlastn\u00fdm tempom. Mestsk\u00fa hru Par\u00ed\u017e si m\u00f4\u017eete u\u017ei\u0165 sami alebo ju zdie\u013ea\u0165 s p\u00e1rmi, rodinami a skupinami priate\u013eov.<\/p>\n","protected":false},"excerpt":{"rendered":"<p>Zap\u00e1\u013ete nad\u010dasov\u00fa iskru Par\u00ed\u017ea! Ponorte sa do ve\u013ekolep\u00fdch gal\u00e9ri\u00ed a bulv\u00e1rov popri rieke, kde sa stret\u00e1va umenie, m\u00f3da a v\u00f4\u0148a k\u00e1vy, a poskladajte si stopy, ktor\u00e9 pom\u00f4\u017eu Leonardovi da Vincimu znovu n\u00e1js\u0165 in\u0161pir\u00e1ciu, ktor\u00e1 privedie k \u017eivotu jeho \u010fal\u0161ie majstrovsk\u00e9 dielo.<\/p>\n","protected":false},"featured_media":4003,"template":"","meta":{"_acf_changed":false,"_yoast_wpseo_focuskw":"Secrets of Paris Louvre","_yoast_wpseo_metadesc":"Secrets of Paris Louvre. Hrajte samostatne veden\u00fa mestsk\u00fa hru a presk\u00famajte mesto prostredn\u00edctvom h\u00e1daniek, hlavolamov a v\u00fdziev. Hrajte vlastn\u00fdm tempom a objavujte ako miestny!","_kad_blocks_custom_css":"","_kad_blocks_head_custom_js":"","_kad_blocks_body_custom_js":"","_kad_blocks_footer_custom_js":"","ghostkit_customizer_options":"","ghostkit_custom_css":"","ghostkit_custom_js_head":"","ghostkit_custom_js_foot":"","ghostkit_typography":"","_kad_post_transparent":"default","_kad_post_title":"","_kad_post_layout":"default","_kad_post_sidebar_id":"","_kad_post_content_style":"default","_kad_post_vertical_padding":"default","_kad_post_feature":"","_kad_post_feature_position":"","_kad_post_header":false,"_kad_post_footer":false,"_kad_post_classname":"","_links_to":"","_links_to_target":""},"game-concept":[727],"location":[317],"product_brand":[],"product_cat":[27],"product_tag":[],"class_list":{"0":"post-65004","1":"product","2":"type-product","3":"status-publish","4":"has-post-thumbnail","6":"game-concept-secrets","7":"location-paris","8":"product_cat-geen-categorie","10":"first","11":"instock","12":"shipping-taxable","13":"purchasable","14":"product-type-simple","15":"entry","16":"content-bg","17":"loop-entry"},"acf":{"full_bokun_product_name":"Self-Guided Secrets of Paris: Louvre Area Exploration Game","location_name":"Paris Louvre","bokun_calendar_widget_code":"<script type=\"text\/javascript\" src=\"https:\/\/widgets.bokun.io\/assets\/javascripts\/apps\/build\/BokunWidgetsLoader.js?bookingChannelUUID=a1e93e96-5232-4734-a595-28405f4b5a31\" async><\/script>\n     \n    <div class=\"bokunWidget\" data-src=\"https:\/\/widgets.bokun.io\/online-sales\/a1e93e96-5232-4734-a595-28405f4b5a31\/experience-calendar\/1002136\"><\/div>\n    <noscript>Please enable javascript in your browser to book<\/noscript>","bokun_button_widget_code":"<script type=\"text\/javascript\" src=\"https:\/\/widgets.bokun.io\/assets\/javascripts\/apps\/build\/BokunWidgetsLoader.js?bookingChannelUUID=a1e93e96-5232-4734-a595-28405f4b5a31\" async><\/script>\n      <style> #bokun_ed001e45_5927_4f62_b470_ca766338d083 { display: inline-block; padding: .4em 1em; background: #47b82e; border-radius: 999999px; box-shadow: none; font-weight: 600; font-size: 24px; text-decoration: none; text-align: center; color: #FFFFFF; border:none; cursor: pointer; transition: background .2s ease; } #bokun_ed001e45_5927_4f62_b470_ca766338d083:hover{ background: #2f7b1f; } #bokun_ed001e45_5927_4f62_b470_ca766338d083:active{ background: #378f24; } <\/style> <button class=\"bokunButton\" disabled id=bokun_ed001e45_5927_4f62_b470_ca766338d083 data-src=\"https:\/\/widgets.bokun.io\/online-sales\/a1e93e96-5232-4734-a595-28405f4b5a31\/experience-calendar\/1002136?partialView=1\" data-testid=\"widget-book-button\" > Book now <\/button> ","what_you\u2019ll_experience_during_the_game":"Po\u010das mestskej hry Secrets of Paris Louvre presk\u00famate mesto prostredn\u00edctvom pohlcuj\u00faceho pr\u00edbehu, ktor\u00fd sp\u00e1ja objavovanie s interakt\u00edvnymi v\u00fdzvami. Cesta v\u00e1s zavedie okolo ikonick\u00fdch pamiatok aj menej zn\u00e1mych z\u00e1kut\u00ed, odha\u013euj\u00fac atmosf\u00e9ru Par\u00ed\u017ea, ke\u010f sledujete digit\u00e1lne stopy. Po\u010das cesty sa mo\u017eno ocitnete pri pyram\u00edde Louvre, obdivuj\u00fac ozdobn\u00e9 detaily H\u00f4tel de la Marine, alebo si odd\u00fdchnete pri elegantnom Pont Royal. Tich\u00e9 z\u00e1kutia ako Grand Bassin Rond v Jardin des Tuileries alebo premyslen\u00e1 Socha Thomasa Jeffersona poskytuj\u00fa kontrast k ve\u013ekoleposti mesta, vytv\u00e1raj\u00fac priestor na zamyslenie medzi stopami.\r\n\r\nAko sa budete prech\u00e1dza\u0165 Par\u00ed\u017eom, budete rie\u0161i\u0165 h\u00e1danky, odpoveda\u0165 na ot\u00e1zky a plni\u0165 kreat\u00edvne fotografick\u00e9 v\u00fdzvy, pri\u010dom ka\u017ed\u00e1 v\u00e1m pom\u00f4\u017ee zbiera\u0165 body a odomyka\u0165 nov\u00e9 stopy. Tieto \u00falohy postupne ved\u00fa k vyrie\u0161eniu v\u00e4\u010d\u0161ej z\u00e1hady a z\u00e1rove\u0148 v\u00e1s povzbudzuj\u00fa v\u0161\u00edma\u0165 si detaily, ktor\u00e9 s\u00fa \u010dasto prehliadan\u00e9. Hra je flexibiln\u00e1, umo\u017e\u0148uje v\u00e1m kedyko\u013evek ju pozastavi\u0165 a pokra\u010dova\u0165 vlastn\u00fdm tempom, \u010do u\u013eah\u010duje jej zaradenie do va\u0161ej n\u00e1v\u0161tevy. Ak sa c\u00edtite s\u00fa\u0165a\u017eiv\u00ed, m\u00f4\u017eete sa tie\u017e pok\u00fasi\u0165 dosta\u0165 sa na rebr\u00ed\u010dek t\u00fdm, \u017ee dosiahnete vysok\u00e9 sk\u00f3re ako t\u00edm alebo jednotlivec.","how_to_play":"Po rezerv\u00e1cii obdr\u017e\u00edte e-mail s priamym odkazom na hru. Jednoducho sa vydajte na \u0161tartovn\u00e9 miesto pri Porte des Lions a ihne\u010f za\u010dnite svoje dobrodru\u017estvo. Hru je mo\u017en\u00e9 kedyko\u013evek pozastavi\u0165, tak\u017ee m\u00f4\u017eete Par\u00ed\u017e slobodne objavova\u0165 a pokra\u010dova\u0165, kedyko\u013evek budete pripraven\u00ed.","start_location":"Paris, Porte des Lions","available_languages":"","players_per_group":"1-4","duration":"1.5-2 hours","image_overlay_color_image":"https:\/\/testwebsite.citygame.com\/wp-content\/blogs.dir\/1\/files\/sites\/62\/2026\/01\/SecretsColor.svg","image_overlay_game_logo":"https:\/\/testwebsite.citygame.com\/wp-content\/blogs.dir\/1\/files\/sites\/62\/2026\/01\/SecretsLogo.png","city_page":7295,"woocommerce_general_content":null},"yoast_head":"<!-- This site is optimized with the Yoast SEO Premium plugin v26.2 (Yoast SEO v26.3) - https:\/\/yoast.com\/wordpress\/plugins\/seo\/ -->\n<title>Secrets of Paris Louvre - City Game<\/title>\n<meta name=\"description\" content=\"Secrets of Paris Louvre. Hrajte samostatne veden\u00fa mestsk\u00fa hru a presk\u00famajte mesto prostredn\u00edctvom h\u00e1daniek, hlavolamov a v\u00fdziev. Hrajte vlastn\u00fdm tempom a objavujte ako miestny!\" \/>\n<meta name=\"robots\" content=\"noindex, follow, max-snippet:-1, max-image-preview:large, max-video-preview:-1\" \/>\n<meta property=\"og:locale\" content=\"sk_SK\" \/>\n<meta property=\"og:type\" content=\"article\" \/>\n<meta property=\"og:title\" content=\"Secrets of Paris Louvre\" \/>\n<meta property=\"og:description\" content=\"Secrets of Paris Louvre. Hrajte samostatne veden\u00fa mestsk\u00fa hru a presk\u00famajte mesto prostredn\u00edctvom h\u00e1daniek, hlavolamov a v\u00fdziev. Hrajte vlastn\u00fdm tempom a objavujte ako miestny!\" \/>\n<meta property=\"og:url\" content=\"https:\/\/testwebsite.citygame.com\/sk\/games\/paris\/secrets-of-paris-louvre\/\" \/>\n<meta property=\"og:site_name\" content=\"City Game\" \/>\n<meta property=\"article:publisher\" content=\"https:\/\/www.facebook.com\/profile.php?id=100086426226253\" \/>\n<meta property=\"article:modified_time\" content=\"2026-04-08T15:08:38+00:00\" \/>\n<meta property=\"og:image\" content=\"https:\/\/testwebsite.citygame.com\/wp-content\/blogs.dir\/1\/files\/sites\/62\/2026\/01\/woman-using-phone-app-at-musee-national-de-la-marine-paris.jpg\" \/>\n\t<meta property=\"og:image:width\" content=\"1024\" \/>\n\t<meta property=\"og:image:height\" content=\"1024\" \/>\n\t<meta property=\"og:image:type\" content=\"image\/jpeg\" \/>\n<meta name=\"twitter:card\" content=\"summary_large_image\" \/>\n<meta name=\"twitter:label1\" content=\"Predpokladan\u00fd \u010das \u010d\u00edtania\" \/>\n\t<meta name=\"twitter:data1\" content=\"1 min\u00fata\" \/>\n<script type=\"application\/ld+json\" class=\"yoast-schema-graph\">{\"@context\":\"https:\/\/schema.org\",\"@graph\":[{\"@type\":\"WebPage\",\"@id\":\"https:\/\/testwebsite.citygame.com\/sk\/games\/paris\/secrets-of-paris-louvre\/\",\"url\":\"https:\/\/testwebsite.citygame.com\/sk\/games\/paris\/secrets-of-paris-louvre\/\",\"name\":\"Secrets of Paris Louvre - City Game\",\"isPartOf\":{\"@id\":\"https:\/\/testwebsite.upevents.nl\/#website\"},\"primaryImageOfPage\":{\"@id\":\"https:\/\/testwebsite.citygame.com\/sk\/games\/paris\/secrets-of-paris-louvre\/#primaryimage\"},\"image\":{\"@id\":\"https:\/\/testwebsite.citygame.com\/sk\/games\/paris\/secrets-of-paris-louvre\/#primaryimage\"},\"thumbnailUrl\":\"https:\/\/testwebsite.citygame.com\/wp-content\/blogs.dir\/1\/files\/sites\/62\/2026\/01\/woman-using-phone-app-at-musee-national-de-la-marine-paris.jpg\",\"datePublished\":\"2026-01-14T09:18:37+00:00\",\"dateModified\":\"2026-04-08T15:08:38+00:00\",\"description\":\"Secrets of Paris Louvre. Hrajte samostatne veden\u00fa mestsk\u00fa hru a presk\u00famajte mesto prostredn\u00edctvom h\u00e1daniek, hlavolamov a v\u00fdziev. Hrajte vlastn\u00fdm tempom a objavujte ako miestny!\",\"breadcrumb\":{\"@id\":\"https:\/\/testwebsite.citygame.com\/sk\/games\/paris\/secrets-of-paris-louvre\/#breadcrumb\"},\"inLanguage\":\"sk-SK\",\"potentialAction\":[{\"@type\":\"ReadAction\",\"target\":[\"https:\/\/testwebsite.citygame.com\/sk\/games\/paris\/secrets-of-paris-louvre\/\"]}]},{\"@type\":\"ImageObject\",\"inLanguage\":\"sk-SK\",\"@id\":\"https:\/\/testwebsite.citygame.com\/sk\/games\/paris\/secrets-of-paris-louvre\/#primaryimage\",\"url\":\"https:\/\/testwebsite.citygame.com\/wp-content\/blogs.dir\/1\/files\/sites\/62\/2026\/01\/woman-using-phone-app-at-musee-national-de-la-marine-paris.jpg\",\"contentUrl\":\"https:\/\/testwebsite.citygame.com\/wp-content\/blogs.dir\/1\/files\/sites\/62\/2026\/01\/woman-using-phone-app-at-musee-national-de-la-marine-paris.jpg\",\"width\":1024,\"height\":1024,\"caption\":\"A woman uses a mobile app while exploring the area around a historic museum in Paris.\"},{\"@type\":\"BreadcrumbList\",\"@id\":\"https:\/\/testwebsite.citygame.com\/sk\/games\/paris\/secrets-of-paris-louvre\/#breadcrumb\",\"itemListElement\":[{\"@type\":\"ListItem\",\"position\":1,\"name\":\"Home\",\"item\":\"https:\/\/testwebsite.citygame.com\/sk\/\"},{\"@type\":\"ListItem\",\"position\":2,\"name\":\"Shop\",\"item\":\"https:\/\/testwebsite.citygame.com\/shop\/\"},{\"@type\":\"ListItem\",\"position\":3,\"name\":\"Secrets of Paris Louvre\"}]},{\"@type\":\"WebSite\",\"@id\":\"https:\/\/testwebsite.upevents.nl\/#website\",\"url\":\"https:\/\/testwebsite.upevents.nl\/\",\"name\":\"City Game\",\"description\":\"\",\"publisher\":{\"@id\":\"https:\/\/testwebsite.upevents.nl\/#organization\"},\"alternateName\":\"citygame.com\",\"potentialAction\":[{\"@type\":\"SearchAction\",\"target\":{\"@type\":\"EntryPoint\",\"urlTemplate\":\"https:\/\/testwebsite.upevents.nl\/?s={search_term_string}\"},\"query-input\":{\"@type\":\"PropertyValueSpecification\",\"valueRequired\":true,\"valueName\":\"search_term_string\"}}],\"inLanguage\":\"sk-SK\"},{\"@type\":[\"Organization\",\"Place\"],\"@id\":\"https:\/\/testwebsite.upevents.nl\/#organization\",\"name\":\"City Game\",\"alternateName\":\"citygame.com\",\"url\":\"https:\/\/testwebsite.upevents.nl\/\",\"logo\":{\"@id\":\"https:\/\/testwebsite.citygame.com\/sk\/games\/paris\/secrets-of-paris-louvre\/#local-main-organization-logo\"},\"image\":{\"@id\":\"https:\/\/testwebsite.citygame.com\/sk\/games\/paris\/secrets-of-paris-louvre\/#local-main-organization-logo\"},\"sameAs\":[\"https:\/\/www.facebook.com\/profile.php?id=100086426226253\",\"https:\/\/www.instagram.com\/citygame_com\",\"https:\/\/www.tiktok.com\/@citygamecom\/\",\"https:\/\/www.linkedin.com\/company\/citygame-com\"],\"description\":\"Turn any city into a playground with our interactive City Games and self-guided tours. Fun, flexible, and ideal for groups and team building.\",\"telephone\":[],\"openingHoursSpecification\":[{\"@type\":\"OpeningHoursSpecification\",\"dayOfWeek\":[\"Monday\",\"Tuesday\",\"Wednesday\",\"Thursday\",\"Friday\",\"Saturday\",\"Sunday\"],\"opens\":\"09:00\",\"closes\":\"17:00\"}]},{\"@type\":\"ImageObject\",\"inLanguage\":\"sk-SK\",\"@id\":\"https:\/\/testwebsite.citygame.com\/sk\/games\/paris\/secrets-of-paris-louvre\/#local-main-organization-logo\",\"url\":\"https:\/\/testwebsite.citygame.com\/wp-content\/blogs.dir\/1\/files\/sites\/62\/2025\/10\/CG_LOGO-City-Game.png\",\"contentUrl\":\"https:\/\/testwebsite.citygame.com\/wp-content\/blogs.dir\/1\/files\/sites\/62\/2025\/10\/CG_LOGO-City-Game.png\",\"width\":351,\"height\":377,\"caption\":\"City Game\"}]}<\/script>\n<!-- \/ Yoast SEO Premium plugin. -->","yoast_head_json":{"title":"Secrets of Paris Louvre - City Game","description":"Secrets of Paris Louvre. Hrajte samostatne veden\u00fa mestsk\u00fa hru a presk\u00famajte mesto prostredn\u00edctvom h\u00e1daniek, hlavolamov a v\u00fdziev. Hrajte vlastn\u00fdm tempom a objavujte ako miestny!","robots":{"index":"noindex","follow":"follow","max-snippet":"max-snippet:-1","max-image-preview":"max-image-preview:large","max-video-preview":"max-video-preview:-1"},"og_locale":"sk_SK","og_type":"article","og_title":"Secrets of Paris Louvre","og_description":"Secrets of Paris Louvre. Hrajte samostatne veden\u00fa mestsk\u00fa hru a presk\u00famajte mesto prostredn\u00edctvom h\u00e1daniek, hlavolamov a v\u00fdziev. Hrajte vlastn\u00fdm tempom a objavujte ako miestny!","og_url":"https:\/\/testwebsite.citygame.com\/sk\/games\/paris\/secrets-of-paris-louvre\/","og_site_name":"City Game","article_publisher":"https:\/\/www.facebook.com\/profile.php?id=100086426226253","article_modified_time":"2026-04-08T15:08:38+00:00","og_image":[{"width":1024,"height":1024,"url":"https:\/\/testwebsite.citygame.com\/wp-content\/blogs.dir\/1\/files\/sites\/62\/2026\/01\/woman-using-phone-app-at-musee-national-de-la-marine-paris.jpg","type":"image\/jpeg"}],"twitter_card":"summary_large_image","twitter_misc":{"Predpokladan\u00fd \u010das \u010d\u00edtania":"1 min\u00fata"},"schema":{"@context":"https:\/\/schema.org","@graph":[{"@type":"WebPage","@id":"https:\/\/testwebsite.citygame.com\/sk\/games\/paris\/secrets-of-paris-louvre\/","url":"https:\/\/testwebsite.citygame.com\/sk\/games\/paris\/secrets-of-paris-louvre\/","name":"Secrets of Paris Louvre - City Game","isPartOf":{"@id":"https:\/\/testwebsite.upevents.nl\/#website"},"primaryImageOfPage":{"@id":"https:\/\/testwebsite.citygame.com\/sk\/games\/paris\/secrets-of-paris-louvre\/#primaryimage"},"image":{"@id":"https:\/\/testwebsite.citygame.com\/sk\/games\/paris\/secrets-of-paris-louvre\/#primaryimage"},"thumbnailUrl":"https:\/\/testwebsite.citygame.com\/wp-content\/blogs.dir\/1\/files\/sites\/62\/2026\/01\/woman-using-phone-app-at-musee-national-de-la-marine-paris.jpg","datePublished":"2026-01-14T09:18:37+00:00","dateModified":"2026-04-08T15:08:38+00:00","description":"Secrets of Paris Louvre. Hrajte samostatne veden\u00fa mestsk\u00fa hru a presk\u00famajte mesto prostredn\u00edctvom h\u00e1daniek, hlavolamov a v\u00fdziev. Hrajte vlastn\u00fdm tempom a objavujte ako miestny!","breadcrumb":{"@id":"https:\/\/testwebsite.citygame.com\/sk\/games\/paris\/secrets-of-paris-louvre\/#breadcrumb"},"inLanguage":"sk-SK","potentialAction":[{"@type":"ReadAction","target":["https:\/\/testwebsite.citygame.com\/sk\/games\/paris\/secrets-of-paris-louvre\/"]}]},{"@type":"ImageObject","inLanguage":"sk-SK","@id":"https:\/\/testwebsite.citygame.com\/sk\/games\/paris\/secrets-of-paris-louvre\/#primaryimage","url":"https:\/\/testwebsite.citygame.com\/wp-content\/blogs.dir\/1\/files\/sites\/62\/2026\/01\/woman-using-phone-app-at-musee-national-de-la-marine-paris.jpg","contentUrl":"https:\/\/testwebsite.citygame.com\/wp-content\/blogs.dir\/1\/files\/sites\/62\/2026\/01\/woman-using-phone-app-at-musee-national-de-la-marine-paris.jpg","width":1024,"height":1024,"caption":"A woman uses a mobile app while exploring the area around a historic museum in Paris."},{"@type":"BreadcrumbList","@id":"https:\/\/testwebsite.citygame.com\/sk\/games\/paris\/secrets-of-paris-louvre\/#breadcrumb","itemListElement":[{"@type":"ListItem","position":1,"name":"Home","item":"https:\/\/testwebsite.citygame.com\/sk\/"},{"@type":"ListItem","position":2,"name":"Shop","item":"https:\/\/testwebsite.citygame.com\/shop\/"},{"@type":"ListItem","position":3,"name":"Secrets of Paris Louvre"}]},{"@type":"WebSite","@id":"https:\/\/testwebsite.upevents.nl\/#website","url":"https:\/\/testwebsite.upevents.nl\/","name":"City Game","description":"","publisher":{"@id":"https:\/\/testwebsite.upevents.nl\/#organization"},"alternateName":"citygame.com","potentialAction":[{"@type":"SearchAction","target":{"@type":"EntryPoint","urlTemplate":"https:\/\/testwebsite.upevents.nl\/?s={search_term_string}"},"query-input":{"@type":"PropertyValueSpecification","valueRequired":true,"valueName":"search_term_string"}}],"inLanguage":"sk-SK"},{"@type":["Organization","Place"],"@id":"https:\/\/testwebsite.upevents.nl\/#organization","name":"City Game","alternateName":"citygame.com","url":"https:\/\/testwebsite.upevents.nl\/","logo":{"@id":"https:\/\/testwebsite.citygame.com\/sk\/games\/paris\/secrets-of-paris-louvre\/#local-main-organization-logo"},"image":{"@id":"https:\/\/testwebsite.citygame.com\/sk\/games\/paris\/secrets-of-paris-louvre\/#local-main-organization-logo"},"sameAs":["https:\/\/www.facebook.com\/profile.php?id=100086426226253","https:\/\/www.instagram.com\/citygame_com","https:\/\/www.tiktok.com\/@citygamecom\/","https:\/\/www.linkedin.com\/company\/citygame-com"],"description":"Turn any city into a playground with our interactive City Games and self-guided tours. Fun, flexible, and ideal for groups and team building.","telephone":[],"openingHoursSpecification":[{"@type":"OpeningHoursSpecification","dayOfWeek":["Monday","Tuesday","Wednesday","Thursday","Friday","Saturday","Sunday"],"opens":"09:00","closes":"17:00"}]},{"@type":"ImageObject","inLanguage":"sk-SK","@id":"https:\/\/testwebsite.citygame.com\/sk\/games\/paris\/secrets-of-paris-louvre\/#local-main-organization-logo","url":"https:\/\/testwebsite.citygame.com\/wp-content\/blogs.dir\/1\/files\/sites\/62\/2025\/10\/CG_LOGO-City-Game.png","contentUrl":"https:\/\/testwebsite.citygame.com\/wp-content\/blogs.dir\/1\/files\/sites\/62\/2025\/10\/CG_LOGO-City-Game.png","width":351,"height":377,"caption":"City Game"}]}},"taxonomy_info":{"game-concept":[{"value":727,"label":"Secrets"}],"location":[{"value":317,"label":"Paris"}],"product_cat":[{"value":27,"label":"Geen categorie"}]},"featured_image_src_large":["https:\/\/testwebsite.citygame.com\/wp-content\/blogs.dir\/1\/files\/sites\/62\/2026\/01\/woman-using-phone-app-at-musee-national-de-la-marine-paris.jpg",1024,1024,false],"author_info":[],"comment_info":"","_links":{"self":[{"href":"https:\/\/testwebsite.citygame.com\/sk\/wp-json\/wp\/v2\/product\/65004","targetHints":{"allow":["GET"]}}],"collection":[{"href":"https:\/\/testwebsite.citygame.com\/sk\/wp-json\/wp\/v2\/product"}],"about":[{"href":"https:\/\/testwebsite.citygame.com\/sk\/wp-json\/wp\/v2\/types\/product"}],"acf:post":[{"embeddable":true,"href":"https:\/\/testwebsite.citygame.com\/sk\/wp-json\/wp\/v2\/pages\/7295"}],"wp:featuredmedia":[{"embeddable":true,"href":"https:\/\/testwebsite.citygame.com\/sk\/wp-json\/wp\/v2\/media\/4003"}],"wp:attachment":[{"href":"https:\/\/testwebsite.citygame.com\/sk\/wp-json\/wp\/v2\/media?parent=65004"}],"wp:term":[{"taxonomy":"game-concept","embeddable":true,"href":"https:\/\/testwebsite.citygame.com\/sk\/wp-json\/wp\/v2\/game-concept?post=65004"},{"taxonomy":"location","embeddable":true,"href":"https:\/\/testwebsite.citygame.com\/sk\/wp-json\/wp\/v2\/location?post=65004"},{"taxonomy":"product_brand","embeddable":true,"href":"https:\/\/testwebsite.citygame.com\/sk\/wp-json\/wp\/v2\/product_brand?post=65004"},{"taxonomy":"product_cat","embeddable":true,"href":"https:\/\/testwebsite.citygame.com\/sk\/wp-json\/wp\/v2\/product_cat?post=65004"},{"taxonomy":"product_tag","embeddable":true,"href":"https:\/\/testwebsite.citygame.com\/sk\/wp-json\/wp\/v2\/product_tag?post=65004"}],"curies":[{"name":"wp","href":"https:\/\/api.w.org\/{rel}","templated":true}]}}