{"id":64380,"date":"2026-02-06T09:23:28","date_gmt":"2026-02-06T09:23:28","guid":{"rendered":"https:\/\/testwebsite.citygame.com\/games\/unknown-location\/sherlock-holmes-san-jose\/"},"modified":"2026-04-08T13:47:18","modified_gmt":"2026-04-08T13:47:18","slug":"sherlock-holmes-san-jose","status":"publish","type":"product","link":"https:\/\/testwebsite.citygame.com\/sk\/games\/san-jose\/sherlock-holmes-san-jose\/","title":{"rendered":"Sherlock Holmes San Jos\u00e9"},"content":{"rendered":"<p>Vst\u00fapte do sveta Sherlocka Holmesa s touto samostatne vedenou, pr\u00edbehovou detekt\u00edvnou hrou City Game zasadenou do centra San Jos\u00e9. Ke\u010f pokojn\u00fd Liberty Festival naru\u0161\u00ed \u0161okuj\u00faca vra\u017eda, prevezmete \u00falohu detekt\u00edva, budete sa pohybova\u0165 mestom a rozpleta\u0165 p\u00fatav\u00e9 vy\u0161etrovanie. Sledujte dynamick\u00fd pr\u00edbeh vlastn\u00fdm tempom, zbierajte stopy, rie\u0161te h\u00e1danky a vypo\u010d\u00favajte digit\u00e1lnych podozriv\u00fdch v plne pohlcuj\u00facom z\u00e1\u017eitku plnom z\u00e1had.<\/p>\n","protected":false},"excerpt":{"rendered":"<p>Vst\u00fapte do inej r\u00ed\u0161e, sta\u0148te sa samotn\u00fdm Sherlockom Holmesom a ponorte sa do nap\u00ednav\u00e9ho, samostatne veden\u00e9ho vy\u0161etrovania vra\u017edy v San Jos\u00e9. Spolu so svoj\u00edm t\u00edmom sa ponorte do zlo\u017eit\u00e9ho labyrintu st\u00f4p, vyrie\u0161te n\u00e1ro\u010dn\u00e9 h\u00e1danky a odha\u013ete krut\u00fa pravdu v tomto nap\u00ednavom dobrodru\u017estve!<\/p>\n","protected":false},"featured_media":11171,"template":"","meta":{"_acf_changed":false,"_yoast_wpseo_focuskw":"Sherlock Holmes San Jos\u00e9","_yoast_wpseo_metadesc":"Sherlock Holmes San Jos\u00e9. Hrajte samostatne veden\u00fa detekt\u00edvnu hru City Game, rie\u0161te h\u00e1danky, sledujte stopy a odha\u013ete vraha vlastn\u00fdm tempom!","_kad_blocks_custom_css":"","_kad_blocks_head_custom_js":"","_kad_blocks_body_custom_js":"","_kad_blocks_footer_custom_js":"","ghostkit_customizer_options":"","ghostkit_custom_css":"","ghostkit_custom_js_head":"","ghostkit_custom_js_foot":"","ghostkit_typography":"","_kad_post_transparent":"","_kad_post_title":"","_kad_post_layout":"","_kad_post_sidebar_id":"","_kad_post_content_style":"","_kad_post_vertical_padding":"","_kad_post_feature":"","_kad_post_feature_position":"","_kad_post_header":false,"_kad_post_footer":false,"_kad_post_classname":"","_links_to":"","_links_to_target":""},"game-concept":[788],"location":[355],"product_brand":[],"product_cat":[27],"product_tag":[],"class_list":{"0":"post-64380","1":"product","2":"type-product","3":"status-publish","4":"has-post-thumbnail","6":"game-concept-sherlock","7":"location-san-jose","8":"product_cat-geen-categorie","10":"first","11":"instock","12":"shipping-taxable","13":"purchasable","14":"product-type-simple","15":"entry","16":"content-bg","17":"loop-entry"},"acf":{"full_bokun_product_name":"San Jos\u00e9 Self-Guided Sherlock Holmes Murder Mystery Game","location_name":"San Jos\u00e9","bokun_calendar_widget_code":"<script type=\"text\/javascript\" src=\"https:\/\/widgets.bokun.io\/assets\/javascripts\/apps\/build\/BokunWidgetsLoader.js?bookingChannelUUID=a1e93e96-5232-4734-a595-28405f4b5a31\" async><\/script>\n     \n    <div class=\"bokunWidget\" data-src=\"https:\/\/widgets.bokun.io\/online-sales\/a1e93e96-5232-4734-a595-28405f4b5a31\/experience-calendar\/734110\"><\/div>\n    <noscript>Please enable javascript in your browser to book<\/noscript>","bokun_button_widget_code":"<script type=\"text\/javascript\" src=\"https:\/\/widgets.bokun.io\/assets\/javascripts\/apps\/build\/BokunWidgetsLoader.js?bookingChannelUUID=a1e93e96-5232-4734-a595-28405f4b5a31\" async><\/script>\n      <style> #bokun_ed001e45_5927_4f62_b470_ca766338d083 { display: inline-block; padding: .4em 1em; background: #47b82e; border-radius: 999999px; box-shadow: none; font-weight: 600; font-size: 24px; text-decoration: none; text-align: center; color: #FFFFFF; border:none; cursor: pointer; transition: background .2s ease; } #bokun_ed001e45_5927_4f62_b470_ca766338d083:hover{ background: #2f7b1f; } #bokun_ed001e45_5927_4f62_b470_ca766338d083:active{ background: #378f24; } <\/style> <button class=\"bokunButton\" disabled id=bokun_ed001e45_5927_4f62_b470_ca766338d083 data-src=\"https:\/\/widgets.bokun.io\/online-sales\/a1e93e96-5232-4734-a595-28405f4b5a31\/experience-calendar\/734110?partialView=1\" data-testid=\"widget-book-button\" > Book now <\/button> ","what_you\u2019ll_experience_during_the_game":"Vst\u00fapite do p\u00fatav\u00e9ho detekt\u00edvneho pr\u00edbehu zasaden\u00e9ho do srdca San Jos\u00e9, kde ka\u017ed\u00fd roh m\u00f4\u017ee skr\u00fdva\u0165 stopu a ka\u017ed\u00e1 ulica v\u00e1s m\u00f4\u017ee privies\u0165 bli\u017e\u0161ie k pravde. Ako sa vy\u0161etrovanie rozv\u00edja, prech\u00e1dzate mestom vlastn\u00fdm tempom a rozplet\u00e1te z\u00e1hadu vra\u017edy, ktor\u00e1 naru\u0161ila Liberty Festival. Va\u0161a cesta je \u00faplne riaden\u00e1 pr\u00edbehom, \u010d\u00edm sa ocit\u00e1te v \u00falohe vy\u0161etrovate\u013ea, ktor\u00fd sleduje stopy, rie\u0161i h\u00e1danky a prisp\u00f4sobuje sa neo\u010dak\u00e1van\u00fdm zvratom, ktor\u00e9 formuj\u00fa v\u00e1\u0161 pr\u00edpad.\n\nPo\u010das cesty vypo\u010d\u00favate digit\u00e1lnych podozriv\u00fdch, sk\u00famate alibi a odha\u013eujete rozpory, ktor\u00e9 spochyb\u0148uj\u00fa va\u0161e detekt\u00edvne in\u0161tinkty. Pozorovanie, logika a dedukcia bud\u00fa va\u0161imi najsilnej\u0161\u00edmi n\u00e1strojmi pri sp\u00e1jan\u00ed d\u00f4kazov ukryt\u00fdch po celom San Jos\u00e9. M\u00f4\u017eete si kedyko\u013evek urobi\u0165 prest\u00e1vku a pokra\u010dova\u0165, pri\u010dom si zachov\u00e1te pln\u00fa kontrolu nad rytmom v\u00e1\u0161ho vy\u0161etrovania. Ak ste v t\u00edme, m\u00f4\u017eete dokonca s\u00fa\u0165a\u017ene otestova\u0165 svoje schopnosti a zisti\u0165, kto odhal\u00ed pravdu ako prv\u00fd, ale z\u00e1hadu mus\u00edte vyrie\u0161i\u0165 vy.","how_to_play":"Hrajte sami alebo s priate\u013emi, rodinou \u010di kolegami v t\u00edmoch a\u017e \u0161tyroch hr\u00e1\u010dov na jedno zariadenie. Po rezerv\u00e1cii dostanete e-mail s pokynmi so v\u0161etk\u00fdm, \u010do potrebujete.","start_location":"San Jos\u00e9, Plaza de la Cultura","available_languages":["en","es","fr","de","it","nl"],"players_per_group":"1-4","duration":"1.5-2 hours","image_overlay_color_image":"https:\/\/testwebsite.citygame.com\/wp-content\/blogs.dir\/1\/files\/sites\/62\/2026\/01\/SherlockColor.svg","image_overlay_game_logo":"https:\/\/testwebsite.citygame.com\/wp-content\/blogs.dir\/1\/files\/sites\/62\/2026\/01\/SherlockLogo.png","city_page":11169,"woocommerce_general_content":null},"yoast_head":"<!-- This site is optimized with the Yoast SEO Premium plugin v26.2 (Yoast SEO v26.3) - https:\/\/yoast.com\/wordpress\/plugins\/seo\/ -->\n<title>Sherlock Holmes San Jos\u00e9 - City Game<\/title>\n<meta name=\"description\" content=\"Sherlock Holmes San Jos\u00e9. Hrajte samostatne veden\u00fa detekt\u00edvnu hru City Game, rie\u0161te h\u00e1danky, sledujte stopy a odha\u013ete vraha vlastn\u00fdm tempom!\" \/>\n<meta name=\"robots\" content=\"noindex, follow, max-snippet:-1, max-image-preview:large, max-video-preview:-1\" \/>\n<meta property=\"og:locale\" content=\"sk_SK\" \/>\n<meta property=\"og:type\" content=\"article\" \/>\n<meta property=\"og:title\" content=\"Sherlock Holmes San Jos\u00e9\" \/>\n<meta property=\"og:description\" content=\"Sherlock Holmes San Jos\u00e9. Hrajte samostatne veden\u00fa detekt\u00edvnu hru City Game, rie\u0161te h\u00e1danky, sledujte stopy a odha\u013ete vraha vlastn\u00fdm tempom!\" \/>\n<meta property=\"og:url\" content=\"https:\/\/testwebsite.citygame.com\/sk\/games\/san-jose\/sherlock-holmes-san-jose\/\" \/>\n<meta property=\"og:site_name\" content=\"City Game\" \/>\n<meta property=\"article:publisher\" content=\"https:\/\/www.facebook.com\/profile.php?id=100086426226253\" \/>\n<meta property=\"article:modified_time\" content=\"2026-04-08T13:47:18+00:00\" \/>\n<meta property=\"og:image\" content=\"https:\/\/testwebsite.citygame.com\/wp-content\/blogs.dir\/1\/files\/sites\/62\/2026\/02\/group-of-friends-playing-city-game-on-phone-san-jose.jpg\" \/>\n\t<meta property=\"og:image:width\" content=\"1344\" \/>\n\t<meta property=\"og:image:height\" content=\"768\" \/>\n\t<meta property=\"og:image:type\" content=\"image\/jpeg\" \/>\n<meta name=\"twitter:card\" content=\"summary_large_image\" \/>\n<script type=\"application\/ld+json\" class=\"yoast-schema-graph\">{\"@context\":\"https:\/\/schema.org\",\"@graph\":[{\"@type\":\"WebPage\",\"@id\":\"https:\/\/testwebsite.citygame.com\/sk\/games\/san-jose\/sherlock-holmes-san-jose\/\",\"url\":\"https:\/\/testwebsite.citygame.com\/sk\/games\/san-jose\/sherlock-holmes-san-jose\/\",\"name\":\"Sherlock Holmes San Jos\u00e9 - City Game\",\"isPartOf\":{\"@id\":\"https:\/\/testwebsite.upevents.nl\/#website\"},\"primaryImageOfPage\":{\"@id\":\"https:\/\/testwebsite.citygame.com\/sk\/games\/san-jose\/sherlock-holmes-san-jose\/#primaryimage\"},\"image\":{\"@id\":\"https:\/\/testwebsite.citygame.com\/sk\/games\/san-jose\/sherlock-holmes-san-jose\/#primaryimage\"},\"thumbnailUrl\":\"https:\/\/testwebsite.citygame.com\/wp-content\/blogs.dir\/1\/files\/sites\/62\/2026\/02\/group-of-friends-playing-city-game-on-phone-san-jose.jpg\",\"datePublished\":\"2026-02-06T09:23:28+00:00\",\"dateModified\":\"2026-04-08T13:47:18+00:00\",\"description\":\"Sherlock Holmes San Jos\u00e9. Hrajte samostatne veden\u00fa detekt\u00edvnu hru City Game, rie\u0161te h\u00e1danky, sledujte stopy a odha\u013ete vraha vlastn\u00fdm tempom!\",\"breadcrumb\":{\"@id\":\"https:\/\/testwebsite.citygame.com\/sk\/games\/san-jose\/sherlock-holmes-san-jose\/#breadcrumb\"},\"inLanguage\":\"sk-SK\",\"potentialAction\":[{\"@type\":\"ReadAction\",\"target\":[\"https:\/\/testwebsite.citygame.com\/sk\/games\/san-jose\/sherlock-holmes-san-jose\/\"]}]},{\"@type\":\"ImageObject\",\"inLanguage\":\"sk-SK\",\"@id\":\"https:\/\/testwebsite.citygame.com\/sk\/games\/san-jose\/sherlock-holmes-san-jose\/#primaryimage\",\"url\":\"https:\/\/testwebsite.citygame.com\/wp-content\/blogs.dir\/1\/files\/sites\/62\/2026\/02\/group-of-friends-playing-city-game-on-phone-san-jose.jpg\",\"contentUrl\":\"https:\/\/testwebsite.citygame.com\/wp-content\/blogs.dir\/1\/files\/sites\/62\/2026\/02\/group-of-friends-playing-city-game-on-phone-san-jose.jpg\",\"width\":1344,\"height\":768,\"caption\":\"A group of friends collaborates while looking at an app on a smartphone on a city street.\"},{\"@type\":\"BreadcrumbList\",\"@id\":\"https:\/\/testwebsite.citygame.com\/sk\/games\/san-jose\/sherlock-holmes-san-jose\/#breadcrumb\",\"itemListElement\":[{\"@type\":\"ListItem\",\"position\":1,\"name\":\"Home\",\"item\":\"https:\/\/testwebsite.citygame.com\/sk\/\"},{\"@type\":\"ListItem\",\"position\":2,\"name\":\"Shop\",\"item\":\"https:\/\/testwebsite.citygame.com\/shop\/\"},{\"@type\":\"ListItem\",\"position\":3,\"name\":\"Sherlock Holmes San Jos\u00e9\"}]},{\"@type\":\"WebSite\",\"@id\":\"https:\/\/testwebsite.upevents.nl\/#website\",\"url\":\"https:\/\/testwebsite.upevents.nl\/\",\"name\":\"City Game\",\"description\":\"\",\"publisher\":{\"@id\":\"https:\/\/testwebsite.upevents.nl\/#organization\"},\"alternateName\":\"citygame.com\",\"potentialAction\":[{\"@type\":\"SearchAction\",\"target\":{\"@type\":\"EntryPoint\",\"urlTemplate\":\"https:\/\/testwebsite.upevents.nl\/?s={search_term_string}\"},\"query-input\":{\"@type\":\"PropertyValueSpecification\",\"valueRequired\":true,\"valueName\":\"search_term_string\"}}],\"inLanguage\":\"sk-SK\"},{\"@type\":[\"Organization\",\"Place\"],\"@id\":\"https:\/\/testwebsite.upevents.nl\/#organization\",\"name\":\"City Game\",\"alternateName\":\"citygame.com\",\"url\":\"https:\/\/testwebsite.upevents.nl\/\",\"logo\":{\"@id\":\"https:\/\/testwebsite.citygame.com\/sk\/games\/san-jose\/sherlock-holmes-san-jose\/#local-main-organization-logo\"},\"image\":{\"@id\":\"https:\/\/testwebsite.citygame.com\/sk\/games\/san-jose\/sherlock-holmes-san-jose\/#local-main-organization-logo\"},\"sameAs\":[\"https:\/\/www.facebook.com\/profile.php?id=100086426226253\",\"https:\/\/www.instagram.com\/citygame_com\",\"https:\/\/www.tiktok.com\/@citygamecom\/\",\"https:\/\/www.linkedin.com\/company\/citygame-com\"],\"description\":\"Turn any city into a playground with our interactive City Games and self-guided tours. Fun, flexible, and ideal for groups and team building.\",\"telephone\":[],\"openingHoursSpecification\":[{\"@type\":\"OpeningHoursSpecification\",\"dayOfWeek\":[\"Monday\",\"Tuesday\",\"Wednesday\",\"Thursday\",\"Friday\",\"Saturday\",\"Sunday\"],\"opens\":\"09:00\",\"closes\":\"17:00\"}]},{\"@type\":\"ImageObject\",\"inLanguage\":\"sk-SK\",\"@id\":\"https:\/\/testwebsite.citygame.com\/sk\/games\/san-jose\/sherlock-holmes-san-jose\/#local-main-organization-logo\",\"url\":\"https:\/\/testwebsite.citygame.com\/wp-content\/blogs.dir\/1\/files\/sites\/62\/2025\/10\/CG_LOGO-City-Game.png\",\"contentUrl\":\"https:\/\/testwebsite.citygame.com\/wp-content\/blogs.dir\/1\/files\/sites\/62\/2025\/10\/CG_LOGO-City-Game.png\",\"width\":351,\"height\":377,\"caption\":\"City Game\"}]}<\/script>\n<!-- \/ Yoast SEO Premium plugin. -->","yoast_head_json":{"title":"Sherlock Holmes San Jos\u00e9 - City Game","description":"Sherlock Holmes San Jos\u00e9. Hrajte samostatne veden\u00fa detekt\u00edvnu hru City Game, rie\u0161te h\u00e1danky, sledujte stopy a odha\u013ete vraha vlastn\u00fdm tempom!","robots":{"index":"noindex","follow":"follow","max-snippet":"max-snippet:-1","max-image-preview":"max-image-preview:large","max-video-preview":"max-video-preview:-1"},"og_locale":"sk_SK","og_type":"article","og_title":"Sherlock Holmes San Jos\u00e9","og_description":"Sherlock Holmes San Jos\u00e9. Hrajte samostatne veden\u00fa detekt\u00edvnu hru City Game, rie\u0161te h\u00e1danky, sledujte stopy a odha\u013ete vraha vlastn\u00fdm tempom!","og_url":"https:\/\/testwebsite.citygame.com\/sk\/games\/san-jose\/sherlock-holmes-san-jose\/","og_site_name":"City Game","article_publisher":"https:\/\/www.facebook.com\/profile.php?id=100086426226253","article_modified_time":"2026-04-08T13:47:18+00:00","og_image":[{"width":1344,"height":768,"url":"https:\/\/testwebsite.citygame.com\/wp-content\/blogs.dir\/1\/files\/sites\/62\/2026\/02\/group-of-friends-playing-city-game-on-phone-san-jose.jpg","type":"image\/jpeg"}],"twitter_card":"summary_large_image","schema":{"@context":"https:\/\/schema.org","@graph":[{"@type":"WebPage","@id":"https:\/\/testwebsite.citygame.com\/sk\/games\/san-jose\/sherlock-holmes-san-jose\/","url":"https:\/\/testwebsite.citygame.com\/sk\/games\/san-jose\/sherlock-holmes-san-jose\/","name":"Sherlock Holmes San Jos\u00e9 - City Game","isPartOf":{"@id":"https:\/\/testwebsite.upevents.nl\/#website"},"primaryImageOfPage":{"@id":"https:\/\/testwebsite.citygame.com\/sk\/games\/san-jose\/sherlock-holmes-san-jose\/#primaryimage"},"image":{"@id":"https:\/\/testwebsite.citygame.com\/sk\/games\/san-jose\/sherlock-holmes-san-jose\/#primaryimage"},"thumbnailUrl":"https:\/\/testwebsite.citygame.com\/wp-content\/blogs.dir\/1\/files\/sites\/62\/2026\/02\/group-of-friends-playing-city-game-on-phone-san-jose.jpg","datePublished":"2026-02-06T09:23:28+00:00","dateModified":"2026-04-08T13:47:18+00:00","description":"Sherlock Holmes San Jos\u00e9. Hrajte samostatne veden\u00fa detekt\u00edvnu hru City Game, rie\u0161te h\u00e1danky, sledujte stopy a odha\u013ete vraha vlastn\u00fdm tempom!","breadcrumb":{"@id":"https:\/\/testwebsite.citygame.com\/sk\/games\/san-jose\/sherlock-holmes-san-jose\/#breadcrumb"},"inLanguage":"sk-SK","potentialAction":[{"@type":"ReadAction","target":["https:\/\/testwebsite.citygame.com\/sk\/games\/san-jose\/sherlock-holmes-san-jose\/"]}]},{"@type":"ImageObject","inLanguage":"sk-SK","@id":"https:\/\/testwebsite.citygame.com\/sk\/games\/san-jose\/sherlock-holmes-san-jose\/#primaryimage","url":"https:\/\/testwebsite.citygame.com\/wp-content\/blogs.dir\/1\/files\/sites\/62\/2026\/02\/group-of-friends-playing-city-game-on-phone-san-jose.jpg","contentUrl":"https:\/\/testwebsite.citygame.com\/wp-content\/blogs.dir\/1\/files\/sites\/62\/2026\/02\/group-of-friends-playing-city-game-on-phone-san-jose.jpg","width":1344,"height":768,"caption":"A group of friends collaborates while looking at an app on a smartphone on a city street."},{"@type":"BreadcrumbList","@id":"https:\/\/testwebsite.citygame.com\/sk\/games\/san-jose\/sherlock-holmes-san-jose\/#breadcrumb","itemListElement":[{"@type":"ListItem","position":1,"name":"Home","item":"https:\/\/testwebsite.citygame.com\/sk\/"},{"@type":"ListItem","position":2,"name":"Shop","item":"https:\/\/testwebsite.citygame.com\/shop\/"},{"@type":"ListItem","position":3,"name":"Sherlock Holmes San Jos\u00e9"}]},{"@type":"WebSite","@id":"https:\/\/testwebsite.upevents.nl\/#website","url":"https:\/\/testwebsite.upevents.nl\/","name":"City Game","description":"","publisher":{"@id":"https:\/\/testwebsite.upevents.nl\/#organization"},"alternateName":"citygame.com","potentialAction":[{"@type":"SearchAction","target":{"@type":"EntryPoint","urlTemplate":"https:\/\/testwebsite.upevents.nl\/?s={search_term_string}"},"query-input":{"@type":"PropertyValueSpecification","valueRequired":true,"valueName":"search_term_string"}}],"inLanguage":"sk-SK"},{"@type":["Organization","Place"],"@id":"https:\/\/testwebsite.upevents.nl\/#organization","name":"City Game","alternateName":"citygame.com","url":"https:\/\/testwebsite.upevents.nl\/","logo":{"@id":"https:\/\/testwebsite.citygame.com\/sk\/games\/san-jose\/sherlock-holmes-san-jose\/#local-main-organization-logo"},"image":{"@id":"https:\/\/testwebsite.citygame.com\/sk\/games\/san-jose\/sherlock-holmes-san-jose\/#local-main-organization-logo"},"sameAs":["https:\/\/www.facebook.com\/profile.php?id=100086426226253","https:\/\/www.instagram.com\/citygame_com","https:\/\/www.tiktok.com\/@citygamecom\/","https:\/\/www.linkedin.com\/company\/citygame-com"],"description":"Turn any city into a playground with our interactive City Games and self-guided tours. Fun, flexible, and ideal for groups and team building.","telephone":[],"openingHoursSpecification":[{"@type":"OpeningHoursSpecification","dayOfWeek":["Monday","Tuesday","Wednesday","Thursday","Friday","Saturday","Sunday"],"opens":"09:00","closes":"17:00"}]},{"@type":"ImageObject","inLanguage":"sk-SK","@id":"https:\/\/testwebsite.citygame.com\/sk\/games\/san-jose\/sherlock-holmes-san-jose\/#local-main-organization-logo","url":"https:\/\/testwebsite.citygame.com\/wp-content\/blogs.dir\/1\/files\/sites\/62\/2025\/10\/CG_LOGO-City-Game.png","contentUrl":"https:\/\/testwebsite.citygame.com\/wp-content\/blogs.dir\/1\/files\/sites\/62\/2025\/10\/CG_LOGO-City-Game.png","width":351,"height":377,"caption":"City Game"}]}},"taxonomy_info":{"game-concept":[{"value":788,"label":"Sherlock"}],"location":[{"value":355,"label":"San Jose"}],"product_cat":[{"value":27,"label":"Geen categorie"}]},"featured_image_src_large":["https:\/\/testwebsite.citygame.com\/wp-content\/blogs.dir\/1\/files\/sites\/62\/2026\/02\/group-of-friends-playing-city-game-on-phone-san-jose-1024x585.jpg",1024,585,true],"author_info":[],"comment_info":"","_links":{"self":[{"href":"https:\/\/testwebsite.citygame.com\/sk\/wp-json\/wp\/v2\/product\/64380","targetHints":{"allow":["GET"]}}],"collection":[{"href":"https:\/\/testwebsite.citygame.com\/sk\/wp-json\/wp\/v2\/product"}],"about":[{"href":"https:\/\/testwebsite.citygame.com\/sk\/wp-json\/wp\/v2\/types\/product"}],"acf:post":[{"embeddable":true,"href":"https:\/\/testwebsite.citygame.com\/sk\/wp-json\/wp\/v2\/pages\/11169"}],"wp:featuredmedia":[{"embeddable":true,"href":"https:\/\/testwebsite.citygame.com\/sk\/wp-json\/wp\/v2\/media\/11171"}],"wp:attachment":[{"href":"https:\/\/testwebsite.citygame.com\/sk\/wp-json\/wp\/v2\/media?parent=64380"}],"wp:term":[{"taxonomy":"game-concept","embeddable":true,"href":"https:\/\/testwebsite.citygame.com\/sk\/wp-json\/wp\/v2\/game-concept?post=64380"},{"taxonomy":"location","embeddable":true,"href":"https:\/\/testwebsite.citygame.com\/sk\/wp-json\/wp\/v2\/location?post=64380"},{"taxonomy":"product_brand","embeddable":true,"href":"https:\/\/testwebsite.citygame.com\/sk\/wp-json\/wp\/v2\/product_brand?post=64380"},{"taxonomy":"product_cat","embeddable":true,"href":"https:\/\/testwebsite.citygame.com\/sk\/wp-json\/wp\/v2\/product_cat?post=64380"},{"taxonomy":"product_tag","embeddable":true,"href":"https:\/\/testwebsite.citygame.com\/sk\/wp-json\/wp\/v2\/product_tag?post=64380"}],"curies":[{"name":"wp","href":"https:\/\/api.w.org\/{rel}","templated":true}]}}