{"id":63676,"date":"2026-02-12T11:49:40","date_gmt":"2026-02-12T11:49:40","guid":{"rendered":"https:\/\/testwebsite.citygame.com\/games\/unknown-location\/sherlock-holmes-freiburg-im-breisgau\/"},"modified":"2026-04-08T12:18:33","modified_gmt":"2026-04-08T12:18:33","slug":"sherlock-holmes-freiburg-im-breisgau","status":"publish","type":"product","link":"https:\/\/testwebsite.citygame.com\/sk\/games\/freiburg-im-breisgau\/sherlock-holmes-freiburg-im-breisgau\/","title":{"rendered":"Sherlock Holmes Freiburg im Breisgau"},"content":{"rendered":"<p>Vst\u00fapte do sveta Sherlocka Holmesa v historickom centre mesta Freiburg im Breisgau, kde na v\u00e1s \u010dak\u00e1 samostatne veden\u00e1, pr\u00edbehom riaden\u00e1 detekt\u00edvna hra s vra\u017edou. Ako detekt\u00edvi sa hr\u00e1\u010di pohybuj\u00fa dl\u00e1\u017eden\u00fdmi uli\u010dkami, pri\u010dom sleduj\u00fa rozv\u00edjaj\u00faci sa pr\u00edbeh o mrazivej vra\u017ede po\u010das festivalu Liberty. Po\u010das cesty budete zbiera\u0165 ind\u00edcie, rie\u0161i\u0165 zlo\u017eit\u00e9 h\u00e1danky a vypo\u010d\u00fava\u0165 digit\u00e1lnych podozriv\u00fdch\u2014\u00faplne sa ponor\u00edte do vy\u0161etrovania a z\u00e1rove\u0148 si u\u017eijete slobodu hra\u0165 vlastn\u00fdm tempom.<\/p>\n","protected":false},"excerpt":{"rendered":"<p>Vst\u00fapte do charizmatick\u00fdch top\u00e1nok Sherlocka Holmesa vo Freiburgu im Breisgau, ponorte sa do podmanivej, samostatne vedenej z\u00e1hady vra\u017edy. Vyzvite svoj intelekt proti spletit\u00fdm ind\u00edci\u00e1m, rozl\u00fa\u0161tite mysel oh\u00fdbaj\u00face h\u00e1danky, odha\u013ete pravdu so svoj\u00edm t\u00edmom a pretekajte s \u010dasom, aby ste priniesli spravodlivos\u0165 na svetlo!<\/p>\n","protected":false},"featured_media":12902,"template":"","meta":{"_acf_changed":false,"_yoast_wpseo_focuskw":"Sherlock Holmes Freiburg im Breisgau","_yoast_wpseo_metadesc":"Sherlock Holmes Freiburg im Breisgau. Hrajte samostatne veden\u00fa detekt\u00edvnu hru s vra\u017edou, rie\u0161te h\u00e1danky, sledujte ind\u00edcie a odha\u013ete vraha vlastn\u00fdm tempom!","_kad_blocks_custom_css":"","_kad_blocks_head_custom_js":"","_kad_blocks_body_custom_js":"","_kad_blocks_footer_custom_js":"","ghostkit_customizer_options":"","ghostkit_custom_css":"","ghostkit_custom_js_head":"","ghostkit_custom_js_foot":"","ghostkit_typography":"","_kad_post_transparent":"","_kad_post_title":"","_kad_post_layout":"","_kad_post_sidebar_id":"","_kad_post_content_style":"","_kad_post_vertical_padding":"","_kad_post_feature":"","_kad_post_feature_position":"","_kad_post_header":false,"_kad_post_footer":false,"_kad_post_classname":"","_links_to":"","_links_to_target":""},"game-concept":[788],"location":[539],"product_brand":[],"product_cat":[27],"product_tag":[],"class_list":{"0":"post-63676","1":"product","2":"type-product","3":"status-publish","4":"has-post-thumbnail","6":"game-concept-sherlock","7":"location-freiburg-im-breisgau","8":"product_cat-geen-categorie","10":"first","11":"instock","12":"shipping-taxable","13":"purchasable","14":"product-type-simple","15":"entry","16":"content-bg","17":"loop-entry"},"acf":{"full_bokun_product_name":"Freiburg Self-Guided Sherlock Holmes Murder Mystery Game","location_name":"Freiburg im Breisgau","bokun_calendar_widget_code":"<script type=\"text\/javascript\" src=\"https:\/\/widgets.bokun.io\/assets\/javascripts\/apps\/build\/BokunWidgetsLoader.js?bookingChannelUUID=a1e93e96-5232-4734-a595-28405f4b5a31\" async><\/script>\n     \n    <div class=\"bokunWidget\" data-src=\"https:\/\/widgets.bokun.io\/online-sales\/a1e93e96-5232-4734-a595-28405f4b5a31\/experience-calendar\/781501\"><\/div>\n    <noscript>Please enable javascript in your browser to book<\/noscript>","bokun_button_widget_code":"<script type=\"text\/javascript\" src=\"https:\/\/widgets.bokun.io\/assets\/javascripts\/apps\/build\/BokunWidgetsLoader.js?bookingChannelUUID=a1e93e96-5232-4734-a595-28405f4b5a31\" async><\/script>\n      <style> #bokun_ed001e45_5927_4f62_b470_ca766338d083 { display: inline-block; padding: .4em 1em; background: #47b82e; border-radius: 999999px; box-shadow: none; font-weight: 600; font-size: 24px; text-decoration: none; text-align: center; color: #FFFFFF; border:none; cursor: pointer; transition: background .2s ease; } #bokun_ed001e45_5927_4f62_b470_ca766338d083:hover{ background: #2f7b1f; } #bokun_ed001e45_5927_4f62_b470_ca766338d083:active{ background: #378f24; } <\/style> <button class=\"bokunButton\" disabled id=bokun_ed001e45_5927_4f62_b470_ca766338d083 data-src=\"https:\/\/widgets.bokun.io\/online-sales\/a1e93e96-5232-4734-a595-28405f4b5a31\/experience-calendar\/781501?partialView=1\" data-testid=\"widget-book-button\" > Book now <\/button> ","what_you\u2019ll_experience_during_the_game":"Vst\u00fapite do strhuj\u00faceho detekt\u00edvneho pr\u00edbehu odohr\u00e1vaj\u00faceho sa v srdci Freiburgu im Breisgau, kde v\u00e1s ka\u017ed\u00e1 ulica a uli\u010dka vtiahne hlb\u0161ie do z\u00e1hady. Ako sa pohybujete mestom, pr\u00edbeh sa okolo v\u00e1s odv\u00edja, v\u0165ahuj\u00fac v\u00e1s do vy\u0161etrovania vra\u017edy, ktor\u00e1 sa odohrala po\u010das festivalu Liberty. Ind\u00edcie a h\u00e1danky spochyb\u0148uj\u00fa va\u0161e uva\u017eovanie, zatia\u013e \u010do jemn\u00e9 zvraty v\u00e1s n\u00fatia spochyb\u0148ova\u0165 v\u0161etko, \u010do si mysl\u00edte, \u017ee viete. Ka\u017ed\u00fd detail si vy\u017eaduje va\u0161u pozornos\u0165, od umiestnenia d\u00f4kazov a\u017e po nekonzistentn\u00e9 svedectv\u00e1, ktor\u00e9 odhal\u00edte.\n\nVypo\u010d\u00favate digit\u00e1lnych podozriv\u00fdch, sk\u00famate alibi a h\u013ead\u00e1te rozpory, ktor\u00e9 odha\u013euj\u00fa skryt\u00e9 mot\u00edvy. Kritick\u00e9 myslenie, pozorn\u00e9 pozorovanie a ostr\u00e1 dedukcia s\u00fa va\u0161imi najsilnej\u0161\u00edmi n\u00e1strojmi pri odha\u013eovan\u00ed pravdy. Cel\u00fd z\u00e1\u017eitok je plne riaden\u00fd pr\u00edbehom, ponor\u00ed v\u00e1s do viacvrstvovej z\u00e1hady, ktor\u00e1 sa prisp\u00f4sob\u00ed v\u00e1\u0161mu tempu. M\u00f4\u017eete si urobi\u0165 prest\u00e1vku, ke\u010f potrebujete, a ponori\u0165 sa sp\u00e4\u0165, kedyko\u013evek ste pripraven\u00ed. Ak hr\u00e1te v t\u00edme, m\u00f4\u017eete dokonca s\u00fa\u0165a\u017ei\u0165 o to, kto pr\u00edpad rozl\u00fa\u0161ti ako prv\u00fd. Pravda je tam niekde vo Freiburgu im Breisgau. Je va\u0161ou \u00falohou ju n\u00e1js\u0165.","how_to_play":"Hrajte sami alebo s priate\u013emi, rodinou \u010di kolegami v t\u00edmoch do \u0161tyroch os\u00f4b na jedno zariadenie. Po rezerv\u00e1cii dostanete e-mail s pokynmi so v\u0161etk\u00fdm, \u010do potrebujete.","start_location":"Freiburg, M\u00fcnstermarkt","available_languages":["en","fr","de","es","nl","it"],"players_per_group":"1-4","duration":"1.5-2 hours","image_overlay_color_image":"https:\/\/testwebsite.citygame.com\/wp-content\/blogs.dir\/1\/files\/sites\/62\/2026\/01\/SherlockColor.svg","image_overlay_game_logo":"https:\/\/testwebsite.citygame.com\/wp-content\/blogs.dir\/1\/files\/sites\/62\/2026\/01\/SherlockLogo.png","city_page":12900,"woocommerce_general_content":null},"yoast_head":"<!-- This site is optimized with the Yoast SEO Premium plugin v26.2 (Yoast SEO v26.3) - https:\/\/yoast.com\/wordpress\/plugins\/seo\/ -->\n<title>Sherlock Holmes Freiburg im Breisgau - City Game<\/title>\n<meta name=\"description\" content=\"Sherlock Holmes Freiburg im Breisgau. Hrajte samostatne veden\u00fa detekt\u00edvnu hru s vra\u017edou, rie\u0161te h\u00e1danky, sledujte ind\u00edcie a odha\u013ete vraha vlastn\u00fdm tempom!\" \/>\n<meta name=\"robots\" content=\"noindex, follow, max-snippet:-1, max-image-preview:large, max-video-preview:-1\" \/>\n<meta property=\"og:locale\" content=\"sk_SK\" \/>\n<meta property=\"og:type\" content=\"article\" \/>\n<meta property=\"og:title\" content=\"Sherlock Holmes Freiburg im Breisgau\" \/>\n<meta property=\"og:description\" content=\"Sherlock Holmes Freiburg im Breisgau. Hrajte samostatne veden\u00fa detekt\u00edvnu hru s vra\u017edou, rie\u0161te h\u00e1danky, sledujte ind\u00edcie a odha\u013ete vraha vlastn\u00fdm tempom!\" \/>\n<meta property=\"og:url\" content=\"https:\/\/testwebsite.citygame.com\/sk\/games\/freiburg-im-breisgau\/sherlock-holmes-freiburg-im-breisgau\/\" \/>\n<meta property=\"og:site_name\" content=\"City Game\" \/>\n<meta property=\"article:publisher\" content=\"https:\/\/www.facebook.com\/profile.php?id=100086426226253\" \/>\n<meta property=\"article:modified_time\" content=\"2026-04-08T12:18:33+00:00\" \/>\n<meta property=\"og:image\" content=\"https:\/\/testwebsite.citygame.com\/wp-content\/blogs.dir\/1\/files\/sites\/62\/2026\/02\/freiburg-woman-playing-city-game-on-phone.jpg\" \/>\n\t<meta property=\"og:image:width\" content=\"1024\" \/>\n\t<meta property=\"og:image:height\" content=\"1024\" \/>\n\t<meta property=\"og:image:type\" content=\"image\/jpeg\" \/>\n<meta name=\"twitter:card\" content=\"summary_large_image\" \/>\n<script type=\"application\/ld+json\" class=\"yoast-schema-graph\">{\"@context\":\"https:\/\/schema.org\",\"@graph\":[{\"@type\":\"WebPage\",\"@id\":\"https:\/\/testwebsite.citygame.com\/sk\/games\/freiburg-im-breisgau\/sherlock-holmes-freiburg-im-breisgau\/\",\"url\":\"https:\/\/testwebsite.citygame.com\/sk\/games\/freiburg-im-breisgau\/sherlock-holmes-freiburg-im-breisgau\/\",\"name\":\"Sherlock Holmes Freiburg im Breisgau - City Game\",\"isPartOf\":{\"@id\":\"https:\/\/testwebsite.upevents.nl\/#website\"},\"primaryImageOfPage\":{\"@id\":\"https:\/\/testwebsite.citygame.com\/sk\/games\/freiburg-im-breisgau\/sherlock-holmes-freiburg-im-breisgau\/#primaryimage\"},\"image\":{\"@id\":\"https:\/\/testwebsite.citygame.com\/sk\/games\/freiburg-im-breisgau\/sherlock-holmes-freiburg-im-breisgau\/#primaryimage\"},\"thumbnailUrl\":\"https:\/\/testwebsite.citygame.com\/wp-content\/blogs.dir\/1\/files\/sites\/62\/2026\/02\/freiburg-woman-playing-city-game-on-phone.jpg\",\"datePublished\":\"2026-02-12T11:49:40+00:00\",\"dateModified\":\"2026-04-08T12:18:33+00:00\",\"description\":\"Sherlock Holmes Freiburg im Breisgau. Hrajte samostatne veden\u00fa detekt\u00edvnu hru s vra\u017edou, rie\u0161te h\u00e1danky, sledujte ind\u00edcie a odha\u013ete vraha vlastn\u00fdm tempom!\",\"breadcrumb\":{\"@id\":\"https:\/\/testwebsite.citygame.com\/sk\/games\/freiburg-im-breisgau\/sherlock-holmes-freiburg-im-breisgau\/#breadcrumb\"},\"inLanguage\":\"sk-SK\",\"potentialAction\":[{\"@type\":\"ReadAction\",\"target\":[\"https:\/\/testwebsite.citygame.com\/sk\/games\/freiburg-im-breisgau\/sherlock-holmes-freiburg-im-breisgau\/\"]}]},{\"@type\":\"ImageObject\",\"inLanguage\":\"sk-SK\",\"@id\":\"https:\/\/testwebsite.citygame.com\/sk\/games\/freiburg-im-breisgau\/sherlock-holmes-freiburg-im-breisgau\/#primaryimage\",\"url\":\"https:\/\/testwebsite.citygame.com\/wp-content\/blogs.dir\/1\/files\/sites\/62\/2026\/02\/freiburg-woman-playing-city-game-on-phone.jpg\",\"contentUrl\":\"https:\/\/testwebsite.citygame.com\/wp-content\/blogs.dir\/1\/files\/sites\/62\/2026\/02\/freiburg-woman-playing-city-game-on-phone.jpg\",\"width\":1024,\"height\":1024,\"caption\":\"A player uses her smartphone to solve challenges during a city game in a historic Freiburg alley.\"},{\"@type\":\"BreadcrumbList\",\"@id\":\"https:\/\/testwebsite.citygame.com\/sk\/games\/freiburg-im-breisgau\/sherlock-holmes-freiburg-im-breisgau\/#breadcrumb\",\"itemListElement\":[{\"@type\":\"ListItem\",\"position\":1,\"name\":\"Home\",\"item\":\"https:\/\/testwebsite.citygame.com\/sk\/\"},{\"@type\":\"ListItem\",\"position\":2,\"name\":\"Shop\",\"item\":\"https:\/\/testwebsite.citygame.com\/shop\/\"},{\"@type\":\"ListItem\",\"position\":3,\"name\":\"Sherlock Holmes Freiburg im Breisgau\"}]},{\"@type\":\"WebSite\",\"@id\":\"https:\/\/testwebsite.upevents.nl\/#website\",\"url\":\"https:\/\/testwebsite.upevents.nl\/\",\"name\":\"City Game\",\"description\":\"\",\"publisher\":{\"@id\":\"https:\/\/testwebsite.upevents.nl\/#organization\"},\"alternateName\":\"citygame.com\",\"potentialAction\":[{\"@type\":\"SearchAction\",\"target\":{\"@type\":\"EntryPoint\",\"urlTemplate\":\"https:\/\/testwebsite.upevents.nl\/?s={search_term_string}\"},\"query-input\":{\"@type\":\"PropertyValueSpecification\",\"valueRequired\":true,\"valueName\":\"search_term_string\"}}],\"inLanguage\":\"sk-SK\"},{\"@type\":[\"Organization\",\"Place\"],\"@id\":\"https:\/\/testwebsite.upevents.nl\/#organization\",\"name\":\"City Game\",\"alternateName\":\"citygame.com\",\"url\":\"https:\/\/testwebsite.upevents.nl\/\",\"logo\":{\"@id\":\"https:\/\/testwebsite.citygame.com\/sk\/games\/freiburg-im-breisgau\/sherlock-holmes-freiburg-im-breisgau\/#local-main-organization-logo\"},\"image\":{\"@id\":\"https:\/\/testwebsite.citygame.com\/sk\/games\/freiburg-im-breisgau\/sherlock-holmes-freiburg-im-breisgau\/#local-main-organization-logo\"},\"sameAs\":[\"https:\/\/www.facebook.com\/profile.php?id=100086426226253\",\"https:\/\/www.instagram.com\/citygame_com\",\"https:\/\/www.tiktok.com\/@citygamecom\/\",\"https:\/\/www.linkedin.com\/company\/citygame-com\"],\"description\":\"Turn any city into a playground with our interactive City Games and self-guided tours. Fun, flexible, and ideal for groups and team building.\",\"telephone\":[],\"openingHoursSpecification\":[{\"@type\":\"OpeningHoursSpecification\",\"dayOfWeek\":[\"Monday\",\"Tuesday\",\"Wednesday\",\"Thursday\",\"Friday\",\"Saturday\",\"Sunday\"],\"opens\":\"09:00\",\"closes\":\"17:00\"}]},{\"@type\":\"ImageObject\",\"inLanguage\":\"sk-SK\",\"@id\":\"https:\/\/testwebsite.citygame.com\/sk\/games\/freiburg-im-breisgau\/sherlock-holmes-freiburg-im-breisgau\/#local-main-organization-logo\",\"url\":\"https:\/\/testwebsite.citygame.com\/wp-content\/blogs.dir\/1\/files\/sites\/62\/2025\/10\/CG_LOGO-City-Game.png\",\"contentUrl\":\"https:\/\/testwebsite.citygame.com\/wp-content\/blogs.dir\/1\/files\/sites\/62\/2025\/10\/CG_LOGO-City-Game.png\",\"width\":351,\"height\":377,\"caption\":\"City Game\"}]}<\/script>\n<!-- \/ Yoast SEO Premium plugin. -->","yoast_head_json":{"title":"Sherlock Holmes Freiburg im Breisgau - City Game","description":"Sherlock Holmes Freiburg im Breisgau. Hrajte samostatne veden\u00fa detekt\u00edvnu hru s vra\u017edou, rie\u0161te h\u00e1danky, sledujte ind\u00edcie a odha\u013ete vraha vlastn\u00fdm tempom!","robots":{"index":"noindex","follow":"follow","max-snippet":"max-snippet:-1","max-image-preview":"max-image-preview:large","max-video-preview":"max-video-preview:-1"},"og_locale":"sk_SK","og_type":"article","og_title":"Sherlock Holmes Freiburg im Breisgau","og_description":"Sherlock Holmes Freiburg im Breisgau. Hrajte samostatne veden\u00fa detekt\u00edvnu hru s vra\u017edou, rie\u0161te h\u00e1danky, sledujte ind\u00edcie a odha\u013ete vraha vlastn\u00fdm tempom!","og_url":"https:\/\/testwebsite.citygame.com\/sk\/games\/freiburg-im-breisgau\/sherlock-holmes-freiburg-im-breisgau\/","og_site_name":"City Game","article_publisher":"https:\/\/www.facebook.com\/profile.php?id=100086426226253","article_modified_time":"2026-04-08T12:18:33+00:00","og_image":[{"width":1024,"height":1024,"url":"https:\/\/testwebsite.citygame.com\/wp-content\/blogs.dir\/1\/files\/sites\/62\/2026\/02\/freiburg-woman-playing-city-game-on-phone.jpg","type":"image\/jpeg"}],"twitter_card":"summary_large_image","schema":{"@context":"https:\/\/schema.org","@graph":[{"@type":"WebPage","@id":"https:\/\/testwebsite.citygame.com\/sk\/games\/freiburg-im-breisgau\/sherlock-holmes-freiburg-im-breisgau\/","url":"https:\/\/testwebsite.citygame.com\/sk\/games\/freiburg-im-breisgau\/sherlock-holmes-freiburg-im-breisgau\/","name":"Sherlock Holmes Freiburg im Breisgau - City Game","isPartOf":{"@id":"https:\/\/testwebsite.upevents.nl\/#website"},"primaryImageOfPage":{"@id":"https:\/\/testwebsite.citygame.com\/sk\/games\/freiburg-im-breisgau\/sherlock-holmes-freiburg-im-breisgau\/#primaryimage"},"image":{"@id":"https:\/\/testwebsite.citygame.com\/sk\/games\/freiburg-im-breisgau\/sherlock-holmes-freiburg-im-breisgau\/#primaryimage"},"thumbnailUrl":"https:\/\/testwebsite.citygame.com\/wp-content\/blogs.dir\/1\/files\/sites\/62\/2026\/02\/freiburg-woman-playing-city-game-on-phone.jpg","datePublished":"2026-02-12T11:49:40+00:00","dateModified":"2026-04-08T12:18:33+00:00","description":"Sherlock Holmes Freiburg im Breisgau. Hrajte samostatne veden\u00fa detekt\u00edvnu hru s vra\u017edou, rie\u0161te h\u00e1danky, sledujte ind\u00edcie a odha\u013ete vraha vlastn\u00fdm tempom!","breadcrumb":{"@id":"https:\/\/testwebsite.citygame.com\/sk\/games\/freiburg-im-breisgau\/sherlock-holmes-freiburg-im-breisgau\/#breadcrumb"},"inLanguage":"sk-SK","potentialAction":[{"@type":"ReadAction","target":["https:\/\/testwebsite.citygame.com\/sk\/games\/freiburg-im-breisgau\/sherlock-holmes-freiburg-im-breisgau\/"]}]},{"@type":"ImageObject","inLanguage":"sk-SK","@id":"https:\/\/testwebsite.citygame.com\/sk\/games\/freiburg-im-breisgau\/sherlock-holmes-freiburg-im-breisgau\/#primaryimage","url":"https:\/\/testwebsite.citygame.com\/wp-content\/blogs.dir\/1\/files\/sites\/62\/2026\/02\/freiburg-woman-playing-city-game-on-phone.jpg","contentUrl":"https:\/\/testwebsite.citygame.com\/wp-content\/blogs.dir\/1\/files\/sites\/62\/2026\/02\/freiburg-woman-playing-city-game-on-phone.jpg","width":1024,"height":1024,"caption":"A player uses her smartphone to solve challenges during a city game in a historic Freiburg alley."},{"@type":"BreadcrumbList","@id":"https:\/\/testwebsite.citygame.com\/sk\/games\/freiburg-im-breisgau\/sherlock-holmes-freiburg-im-breisgau\/#breadcrumb","itemListElement":[{"@type":"ListItem","position":1,"name":"Home","item":"https:\/\/testwebsite.citygame.com\/sk\/"},{"@type":"ListItem","position":2,"name":"Shop","item":"https:\/\/testwebsite.citygame.com\/shop\/"},{"@type":"ListItem","position":3,"name":"Sherlock Holmes Freiburg im Breisgau"}]},{"@type":"WebSite","@id":"https:\/\/testwebsite.upevents.nl\/#website","url":"https:\/\/testwebsite.upevents.nl\/","name":"City Game","description":"","publisher":{"@id":"https:\/\/testwebsite.upevents.nl\/#organization"},"alternateName":"citygame.com","potentialAction":[{"@type":"SearchAction","target":{"@type":"EntryPoint","urlTemplate":"https:\/\/testwebsite.upevents.nl\/?s={search_term_string}"},"query-input":{"@type":"PropertyValueSpecification","valueRequired":true,"valueName":"search_term_string"}}],"inLanguage":"sk-SK"},{"@type":["Organization","Place"],"@id":"https:\/\/testwebsite.upevents.nl\/#organization","name":"City Game","alternateName":"citygame.com","url":"https:\/\/testwebsite.upevents.nl\/","logo":{"@id":"https:\/\/testwebsite.citygame.com\/sk\/games\/freiburg-im-breisgau\/sherlock-holmes-freiburg-im-breisgau\/#local-main-organization-logo"},"image":{"@id":"https:\/\/testwebsite.citygame.com\/sk\/games\/freiburg-im-breisgau\/sherlock-holmes-freiburg-im-breisgau\/#local-main-organization-logo"},"sameAs":["https:\/\/www.facebook.com\/profile.php?id=100086426226253","https:\/\/www.instagram.com\/citygame_com","https:\/\/www.tiktok.com\/@citygamecom\/","https:\/\/www.linkedin.com\/company\/citygame-com"],"description":"Turn any city into a playground with our interactive City Games and self-guided tours. Fun, flexible, and ideal for groups and team building.","telephone":[],"openingHoursSpecification":[{"@type":"OpeningHoursSpecification","dayOfWeek":["Monday","Tuesday","Wednesday","Thursday","Friday","Saturday","Sunday"],"opens":"09:00","closes":"17:00"}]},{"@type":"ImageObject","inLanguage":"sk-SK","@id":"https:\/\/testwebsite.citygame.com\/sk\/games\/freiburg-im-breisgau\/sherlock-holmes-freiburg-im-breisgau\/#local-main-organization-logo","url":"https:\/\/testwebsite.citygame.com\/wp-content\/blogs.dir\/1\/files\/sites\/62\/2025\/10\/CG_LOGO-City-Game.png","contentUrl":"https:\/\/testwebsite.citygame.com\/wp-content\/blogs.dir\/1\/files\/sites\/62\/2025\/10\/CG_LOGO-City-Game.png","width":351,"height":377,"caption":"City Game"}]}},"taxonomy_info":{"game-concept":[{"value":788,"label":"Sherlock"}],"location":[{"value":539,"label":"Freiburg im Breisgau"}],"product_cat":[{"value":27,"label":"Geen categorie"}]},"featured_image_src_large":["https:\/\/testwebsite.citygame.com\/wp-content\/blogs.dir\/1\/files\/sites\/62\/2026\/02\/freiburg-woman-playing-city-game-on-phone.jpg",1024,1024,false],"author_info":[],"comment_info":"","_links":{"self":[{"href":"https:\/\/testwebsite.citygame.com\/sk\/wp-json\/wp\/v2\/product\/63676","targetHints":{"allow":["GET"]}}],"collection":[{"href":"https:\/\/testwebsite.citygame.com\/sk\/wp-json\/wp\/v2\/product"}],"about":[{"href":"https:\/\/testwebsite.citygame.com\/sk\/wp-json\/wp\/v2\/types\/product"}],"acf:post":[{"embeddable":true,"href":"https:\/\/testwebsite.citygame.com\/sk\/wp-json\/wp\/v2\/pages\/12900"}],"wp:featuredmedia":[{"embeddable":true,"href":"https:\/\/testwebsite.citygame.com\/sk\/wp-json\/wp\/v2\/media\/12902"}],"wp:attachment":[{"href":"https:\/\/testwebsite.citygame.com\/sk\/wp-json\/wp\/v2\/media?parent=63676"}],"wp:term":[{"taxonomy":"game-concept","embeddable":true,"href":"https:\/\/testwebsite.citygame.com\/sk\/wp-json\/wp\/v2\/game-concept?post=63676"},{"taxonomy":"location","embeddable":true,"href":"https:\/\/testwebsite.citygame.com\/sk\/wp-json\/wp\/v2\/location?post=63676"},{"taxonomy":"product_brand","embeddable":true,"href":"https:\/\/testwebsite.citygame.com\/sk\/wp-json\/wp\/v2\/product_brand?post=63676"},{"taxonomy":"product_cat","embeddable":true,"href":"https:\/\/testwebsite.citygame.com\/sk\/wp-json\/wp\/v2\/product_cat?post=63676"},{"taxonomy":"product_tag","embeddable":true,"href":"https:\/\/testwebsite.citygame.com\/sk\/wp-json\/wp\/v2\/product_tag?post=63676"}],"curies":[{"name":"wp","href":"https:\/\/api.w.org\/{rel}","templated":true}]}}