{"id":63203,"date":"2026-02-17T08:53:07","date_gmt":"2026-02-17T08:53:07","guid":{"rendered":"https:\/\/testwebsite.citygame.com\/games\/unknown-location\/sherlock-holmes-newcastle-upon-tyne\/"},"modified":"2026-04-08T11:11:08","modified_gmt":"2026-04-08T11:11:08","slug":"sherlock-holmes-newcastle-upon-tyne","status":"publish","type":"product","link":"https:\/\/testwebsite.citygame.com\/sk\/games\/newcastle-upon-tyne\/sherlock-holmes-newcastle-upon-tyne\/","title":{"rendered":"Sherlock Holmes Newcastle upon Tyne"},"content":{"rendered":"<p>Vst\u00fapte do sveta Sherlocka Holmesa s touto samostatne vedenou, pr\u00edbehom riadenou mestskou hrou s detekt\u00edvnou z\u00e1hadou odohr\u00e1vaj\u00facou sa v centre mesta Newcastle upon Tyne. Ke\u010f\u017ee festival Liberty upadne do chaosu po \u0161okuj\u00facej vra\u017ede, budete sledova\u0165 rozv\u00edjaj\u00faci sa pr\u00edbeh mestom, zbiera\u0165 stopy, rie\u0161i\u0165 h\u00e1danky a vypo\u010d\u00fava\u0165 digit\u00e1lnych podozriv\u00fdch, aby ste poskladali dohromady, \u010do sa stalo. Hra je navrhnut\u00e1 pre t\u00fdch, ktor\u00ed t\u00fa\u017eia po pohlcuj\u00facom detekt\u00edvnom z\u00e1\u017eitku, a umo\u017en\u00ed v\u00e1m vy\u0161etrova\u0165 vlastn\u00fdm tempom, zatia\u013e \u010do ulice Newcastle upon Tyne sa stan\u00fa kulisou pre nap\u00ednav\u00fd pr\u00edpad.<\/p>\n","protected":false},"excerpt":{"rendered":"<p>Vst\u00fapte do ko\u017ee sl\u00e1vneho detekt\u00edva Sherlocka Holmesa a pre\u017eite vzru\u0161uj\u00facu, samostatne veden\u00fa z\u00e1hadu vra\u017edy odohr\u00e1vaj\u00facu sa v Newcastle upon Tyne. Sledujte z\u00e1hadn\u00e9 stopy, rie\u0161te zlo\u017eit\u00e9 h\u00e1danky so svoj\u00edm t\u00edmom a odha\u013ete pravdu pod tlakom \u010dasu &#8211; je to strhuj\u00faci pretek s \u010dasom!<\/p>\n","protected":false},"featured_media":14778,"template":"","meta":{"_acf_changed":false,"_yoast_wpseo_focuskw":"Sherlock Holmes Newcastle upon Tyne","_yoast_wpseo_metadesc":"Sherlock Holmes Newcastle upon Tyne. Zahrajte si samostatne veden\u00fa mestsk\u00fa hru s detekt\u00edvnou z\u00e1hadou, rie\u0161te h\u00e1danky, sledujte stopy a odha\u013ete vraha vlastn\u00fdm tempom!","_kad_blocks_custom_css":"","_kad_blocks_head_custom_js":"","_kad_blocks_body_custom_js":"","_kad_blocks_footer_custom_js":"","ghostkit_customizer_options":"","ghostkit_custom_css":"","ghostkit_custom_js_head":"","ghostkit_custom_js_foot":"","ghostkit_typography":"","_kad_post_transparent":"default","_kad_post_title":"","_kad_post_layout":"default","_kad_post_sidebar_id":"","_kad_post_content_style":"default","_kad_post_vertical_padding":"default","_kad_post_feature":"","_kad_post_feature_position":"","_kad_post_header":false,"_kad_post_footer":false,"_kad_post_classname":"","_links_to":"","_links_to_target":""},"game-concept":[788],"location":[295],"product_brand":[],"product_cat":[27],"product_tag":[],"class_list":{"0":"post-63203","1":"product","2":"type-product","3":"status-publish","4":"has-post-thumbnail","6":"game-concept-sherlock","7":"location-newcastle-upon-tyne","8":"product_cat-geen-categorie","10":"first","11":"instock","12":"shipping-taxable","13":"purchasable","14":"product-type-simple","15":"entry","16":"content-bg","17":"loop-entry"},"acf":{"full_bokun_product_name":"Newcastle Self-Guided Sherlock Holmes Murder Mystery","location_name":"Newcastle upon Tyne","bokun_calendar_widget_code":"<script type=\"text\/javascript\" src=\"https:\/\/widgets.bokun.io\/assets\/javascripts\/apps\/build\/BokunWidgetsLoader.js?bookingChannelUUID=a1e93e96-5232-4734-a595-28405f4b5a31\" async><\/script>\n     \n    <div class=\"bokunWidget\" data-src=\"https:\/\/widgets.bokun.io\/online-sales\/a1e93e96-5232-4734-a595-28405f4b5a31\/experience-calendar\/733260\"><\/div>\n    <noscript>Please enable javascript in your browser to book<\/noscript>","bokun_button_widget_code":"<script type=\"text\/javascript\" src=\"https:\/\/widgets.bokun.io\/assets\/javascripts\/apps\/build\/BokunWidgetsLoader.js?bookingChannelUUID=a1e93e96-5232-4734-a595-28405f4b5a31\" async><\/script>\n      <style> #bokun_ed001e45_5927_4f62_b470_ca766338d083 { display: inline-block; padding: .4em 1em; background: #47b82e; border-radius: 999999px; box-shadow: none; font-weight: 600; font-size: 24px; text-decoration: none; text-align: center; color: #FFFFFF; border:none; cursor: pointer; transition: background .2s ease; } #bokun_ed001e45_5927_4f62_b470_ca766338d083:hover{ background: #2f7b1f; } #bokun_ed001e45_5927_4f62_b470_ca766338d083:active{ background: #378f24; } <\/style> <button class=\"bokunButton\" disabled id=bokun_ed001e45_5927_4f62_b470_ca766338d083 data-src=\"https:\/\/widgets.bokun.io\/online-sales\/a1e93e96-5232-4734-a595-28405f4b5a31\/experience-calendar\/733260?partialView=1\" data-testid=\"widget-book-button\" > Book now <\/button> ","what_you\u2019ll_experience_during_the_game":"Vst\u00fapite do strhuj\u00faceho detekt\u00edvneho pr\u00edbehu odohr\u00e1vaj\u00faceho sa v srdci Newcastle upon Tyne, kde ka\u017ed\u00e1 ulica m\u00f4\u017ee skr\u00fdva\u0165 \u010fal\u0161\u00ed zvrat vo va\u0161om vy\u0161etrovan\u00ed. Ako sa pr\u00edpad rozv\u00edja, pohybujete sa mestom po stop\u00e1ch skryt\u00fdch ind\u00edci\u00ed, z\u00e1hadn\u00fdch h\u00e1daniek a podozriv\u00e9ho spr\u00e1vania, v\u0161etko spojen\u00e9 s vra\u017edou, ktor\u00e1 \u0161okovala festival Liberty. Ka\u017ed\u00e1 lokalita prehlbuje z\u00e1hadu a vtiahne v\u00e1s hlb\u0161ie do plne pr\u00edbehov\u00e9ho z\u00e1\u017eitku, ktor\u00fd si vy\u017eaduje va\u0161u najostrej\u0161iu pozornos\u0165 a najlogickej\u0161ie myslenie.\r\n\r\nBudete vypo\u010d\u00fava\u0165 digit\u00e1lnych podozriv\u00fdch, kr\u00ed\u017eovo preverova\u0165 alibi a odha\u013eova\u0165 rozpory, ktor\u00e9 by mohli zmeni\u0165 priebeh v\u00e1\u0161ho pr\u00edpadu. Pozorovanie a dedukcia bud\u00fa va\u0161imi najlep\u0161\u00edmi n\u00e1strojmi, ke\u010f sa budete pribli\u017eova\u0165 k pravde, naviguj\u00fac spletit\u00fdmi mot\u00edvmi a tie\u0148ov\u00fdmi spojeniami. Tempo vy\u0161etrovania riadite vy, m\u00f4\u017eete ho kedyko\u013evek pozastavi\u0165 a obnovi\u0165. Ak hr\u00e1te ako t\u00edm, m\u00f4\u017eete s\u00fa\u0165a\u017ei\u0165 o najr\u00fdchlej\u0161ie vyrie\u0161enie, alebo spolupracova\u0165 na vyrie\u0161en\u00ed pr\u00edpadu s presnos\u0165ou.","how_to_play":"Pracujte sami alebo s priate\u013emi, rodinou \u010di kolegami v t\u00edmoch do \u0161tyroch os\u00f4b na jedno zariadenie. Po rezerv\u00e1cii dostanete e-mail s pokynmi so v\u0161etk\u00fdm, \u010do potrebujete.","start_location":"Old Eldon Square","available_languages":["nl","en","fr","de","it","es"],"players_per_group":"1-4","duration":"1.5-2 hours","image_overlay_color_image":"https:\/\/testwebsite.citygame.com\/wp-content\/blogs.dir\/1\/files\/sites\/62\/2026\/01\/SherlockColor.svg","image_overlay_game_logo":"https:\/\/testwebsite.citygame.com\/wp-content\/blogs.dir\/1\/files\/sites\/62\/2026\/01\/SherlockLogo.png","city_page":8682,"woocommerce_general_content":null},"yoast_head":"<!-- This site is optimized with the Yoast SEO Premium plugin v26.2 (Yoast SEO v26.3) - https:\/\/yoast.com\/wordpress\/plugins\/seo\/ -->\n<title>Sherlock Holmes Newcastle upon Tyne - City Game<\/title>\n<meta name=\"description\" content=\"Sherlock Holmes Newcastle upon Tyne. Zahrajte si samostatne veden\u00fa mestsk\u00fa hru s detekt\u00edvnou z\u00e1hadou, rie\u0161te h\u00e1danky, sledujte stopy a odha\u013ete vraha vlastn\u00fdm tempom!\" \/>\n<meta name=\"robots\" content=\"noindex, follow, max-snippet:-1, max-image-preview:large, max-video-preview:-1\" \/>\n<meta property=\"og:locale\" content=\"sk_SK\" \/>\n<meta property=\"og:type\" content=\"article\" \/>\n<meta property=\"og:title\" content=\"Sherlock Holmes Newcastle upon Tyne\" \/>\n<meta property=\"og:description\" content=\"Sherlock Holmes Newcastle upon Tyne. Zahrajte si samostatne veden\u00fa mestsk\u00fa hru s detekt\u00edvnou z\u00e1hadou, rie\u0161te h\u00e1danky, sledujte stopy a odha\u013ete vraha vlastn\u00fdm tempom!\" \/>\n<meta property=\"og:url\" content=\"https:\/\/testwebsite.citygame.com\/sk\/games\/newcastle-upon-tyne\/sherlock-holmes-newcastle-upon-tyne\/\" \/>\n<meta property=\"og:site_name\" content=\"City Game\" \/>\n<meta property=\"article:publisher\" content=\"https:\/\/www.facebook.com\/profile.php?id=100086426226253\" \/>\n<meta property=\"article:modified_time\" content=\"2026-04-08T11:11:08+00:00\" \/>\n<meta property=\"og:image\" content=\"https:\/\/testwebsite.citygame.com\/wp-content\/blogs.dir\/1\/files\/sites\/62\/2026\/02\/group-of-friends-playing-city-game-newcastle-2.jpg\" \/>\n\t<meta property=\"og:image:width\" content=\"1024\" \/>\n\t<meta property=\"og:image:height\" content=\"1024\" \/>\n\t<meta property=\"og:image:type\" content=\"image\/jpeg\" \/>\n<meta name=\"twitter:card\" content=\"summary_large_image\" \/>\n<meta name=\"twitter:label1\" content=\"Predpokladan\u00fd \u010das \u010d\u00edtania\" \/>\n\t<meta name=\"twitter:data1\" content=\"1 min\u00fata\" \/>\n<script type=\"application\/ld+json\" class=\"yoast-schema-graph\">{\"@context\":\"https:\/\/schema.org\",\"@graph\":[{\"@type\":\"WebPage\",\"@id\":\"https:\/\/testwebsite.citygame.com\/sk\/games\/newcastle-upon-tyne\/sherlock-holmes-newcastle-upon-tyne\/\",\"url\":\"https:\/\/testwebsite.citygame.com\/sk\/games\/newcastle-upon-tyne\/sherlock-holmes-newcastle-upon-tyne\/\",\"name\":\"Sherlock Holmes Newcastle upon Tyne - City Game\",\"isPartOf\":{\"@id\":\"https:\/\/testwebsite.upevents.nl\/#website\"},\"primaryImageOfPage\":{\"@id\":\"https:\/\/testwebsite.citygame.com\/sk\/games\/newcastle-upon-tyne\/sherlock-holmes-newcastle-upon-tyne\/#primaryimage\"},\"image\":{\"@id\":\"https:\/\/testwebsite.citygame.com\/sk\/games\/newcastle-upon-tyne\/sherlock-holmes-newcastle-upon-tyne\/#primaryimage\"},\"thumbnailUrl\":\"https:\/\/testwebsite.citygame.com\/wp-content\/blogs.dir\/1\/files\/sites\/62\/2026\/02\/group-of-friends-playing-city-game-newcastle-2.jpg\",\"datePublished\":\"2026-02-17T08:53:07+00:00\",\"dateModified\":\"2026-04-08T11:11:08+00:00\",\"description\":\"Sherlock Holmes Newcastle upon Tyne. Zahrajte si samostatne veden\u00fa mestsk\u00fa hru s detekt\u00edvnou z\u00e1hadou, rie\u0161te h\u00e1danky, sledujte stopy a odha\u013ete vraha vlastn\u00fdm tempom!\",\"breadcrumb\":{\"@id\":\"https:\/\/testwebsite.citygame.com\/sk\/games\/newcastle-upon-tyne\/sherlock-holmes-newcastle-upon-tyne\/#breadcrumb\"},\"inLanguage\":\"sk-SK\",\"potentialAction\":[{\"@type\":\"ReadAction\",\"target\":[\"https:\/\/testwebsite.citygame.com\/sk\/games\/newcastle-upon-tyne\/sherlock-holmes-newcastle-upon-tyne\/\"]}]},{\"@type\":\"ImageObject\",\"inLanguage\":\"sk-SK\",\"@id\":\"https:\/\/testwebsite.citygame.com\/sk\/games\/newcastle-upon-tyne\/sherlock-holmes-newcastle-upon-tyne\/#primaryimage\",\"url\":\"https:\/\/testwebsite.citygame.com\/wp-content\/blogs.dir\/1\/files\/sites\/62\/2026\/02\/group-of-friends-playing-city-game-newcastle-2.jpg\",\"contentUrl\":\"https:\/\/testwebsite.citygame.com\/wp-content\/blogs.dir\/1\/files\/sites\/62\/2026\/02\/group-of-friends-playing-city-game-newcastle-2.jpg\",\"width\":1024,\"height\":1024,\"caption\":\"A group of young people collaborate on a city exploration game in Newcastle upon Tyne.\"},{\"@type\":\"BreadcrumbList\",\"@id\":\"https:\/\/testwebsite.citygame.com\/sk\/games\/newcastle-upon-tyne\/sherlock-holmes-newcastle-upon-tyne\/#breadcrumb\",\"itemListElement\":[{\"@type\":\"ListItem\",\"position\":1,\"name\":\"Home\",\"item\":\"https:\/\/testwebsite.citygame.com\/sk\/\"},{\"@type\":\"ListItem\",\"position\":2,\"name\":\"Shop\",\"item\":\"https:\/\/testwebsite.citygame.com\/shop\/\"},{\"@type\":\"ListItem\",\"position\":3,\"name\":\"Sherlock Holmes Newcastle upon Tyne\"}]},{\"@type\":\"WebSite\",\"@id\":\"https:\/\/testwebsite.upevents.nl\/#website\",\"url\":\"https:\/\/testwebsite.upevents.nl\/\",\"name\":\"City Game\",\"description\":\"\",\"publisher\":{\"@id\":\"https:\/\/testwebsite.upevents.nl\/#organization\"},\"alternateName\":\"citygame.com\",\"potentialAction\":[{\"@type\":\"SearchAction\",\"target\":{\"@type\":\"EntryPoint\",\"urlTemplate\":\"https:\/\/testwebsite.upevents.nl\/?s={search_term_string}\"},\"query-input\":{\"@type\":\"PropertyValueSpecification\",\"valueRequired\":true,\"valueName\":\"search_term_string\"}}],\"inLanguage\":\"sk-SK\"},{\"@type\":[\"Organization\",\"Place\"],\"@id\":\"https:\/\/testwebsite.upevents.nl\/#organization\",\"name\":\"City Game\",\"alternateName\":\"citygame.com\",\"url\":\"https:\/\/testwebsite.upevents.nl\/\",\"logo\":{\"@id\":\"https:\/\/testwebsite.citygame.com\/sk\/games\/newcastle-upon-tyne\/sherlock-holmes-newcastle-upon-tyne\/#local-main-organization-logo\"},\"image\":{\"@id\":\"https:\/\/testwebsite.citygame.com\/sk\/games\/newcastle-upon-tyne\/sherlock-holmes-newcastle-upon-tyne\/#local-main-organization-logo\"},\"sameAs\":[\"https:\/\/www.facebook.com\/profile.php?id=100086426226253\",\"https:\/\/www.instagram.com\/citygame_com\",\"https:\/\/www.tiktok.com\/@citygamecom\/\",\"https:\/\/www.linkedin.com\/company\/citygame-com\"],\"description\":\"Turn any city into a playground with our interactive City Games and self-guided tours. Fun, flexible, and ideal for groups and team building.\",\"telephone\":[],\"openingHoursSpecification\":[{\"@type\":\"OpeningHoursSpecification\",\"dayOfWeek\":[\"Monday\",\"Tuesday\",\"Wednesday\",\"Thursday\",\"Friday\",\"Saturday\",\"Sunday\"],\"opens\":\"09:00\",\"closes\":\"17:00\"}]},{\"@type\":\"ImageObject\",\"inLanguage\":\"sk-SK\",\"@id\":\"https:\/\/testwebsite.citygame.com\/sk\/games\/newcastle-upon-tyne\/sherlock-holmes-newcastle-upon-tyne\/#local-main-organization-logo\",\"url\":\"https:\/\/testwebsite.citygame.com\/wp-content\/blogs.dir\/1\/files\/sites\/62\/2025\/10\/CG_LOGO-City-Game.png\",\"contentUrl\":\"https:\/\/testwebsite.citygame.com\/wp-content\/blogs.dir\/1\/files\/sites\/62\/2025\/10\/CG_LOGO-City-Game.png\",\"width\":351,\"height\":377,\"caption\":\"City Game\"}]}<\/script>\n<!-- \/ Yoast SEO Premium plugin. -->","yoast_head_json":{"title":"Sherlock Holmes Newcastle upon Tyne - City Game","description":"Sherlock Holmes Newcastle upon Tyne. Zahrajte si samostatne veden\u00fa mestsk\u00fa hru s detekt\u00edvnou z\u00e1hadou, rie\u0161te h\u00e1danky, sledujte stopy a odha\u013ete vraha vlastn\u00fdm tempom!","robots":{"index":"noindex","follow":"follow","max-snippet":"max-snippet:-1","max-image-preview":"max-image-preview:large","max-video-preview":"max-video-preview:-1"},"og_locale":"sk_SK","og_type":"article","og_title":"Sherlock Holmes Newcastle upon Tyne","og_description":"Sherlock Holmes Newcastle upon Tyne. Zahrajte si samostatne veden\u00fa mestsk\u00fa hru s detekt\u00edvnou z\u00e1hadou, rie\u0161te h\u00e1danky, sledujte stopy a odha\u013ete vraha vlastn\u00fdm tempom!","og_url":"https:\/\/testwebsite.citygame.com\/sk\/games\/newcastle-upon-tyne\/sherlock-holmes-newcastle-upon-tyne\/","og_site_name":"City Game","article_publisher":"https:\/\/www.facebook.com\/profile.php?id=100086426226253","article_modified_time":"2026-04-08T11:11:08+00:00","og_image":[{"width":1024,"height":1024,"url":"https:\/\/testwebsite.citygame.com\/wp-content\/blogs.dir\/1\/files\/sites\/62\/2026\/02\/group-of-friends-playing-city-game-newcastle-2.jpg","type":"image\/jpeg"}],"twitter_card":"summary_large_image","twitter_misc":{"Predpokladan\u00fd \u010das \u010d\u00edtania":"1 min\u00fata"},"schema":{"@context":"https:\/\/schema.org","@graph":[{"@type":"WebPage","@id":"https:\/\/testwebsite.citygame.com\/sk\/games\/newcastle-upon-tyne\/sherlock-holmes-newcastle-upon-tyne\/","url":"https:\/\/testwebsite.citygame.com\/sk\/games\/newcastle-upon-tyne\/sherlock-holmes-newcastle-upon-tyne\/","name":"Sherlock Holmes Newcastle upon Tyne - City Game","isPartOf":{"@id":"https:\/\/testwebsite.upevents.nl\/#website"},"primaryImageOfPage":{"@id":"https:\/\/testwebsite.citygame.com\/sk\/games\/newcastle-upon-tyne\/sherlock-holmes-newcastle-upon-tyne\/#primaryimage"},"image":{"@id":"https:\/\/testwebsite.citygame.com\/sk\/games\/newcastle-upon-tyne\/sherlock-holmes-newcastle-upon-tyne\/#primaryimage"},"thumbnailUrl":"https:\/\/testwebsite.citygame.com\/wp-content\/blogs.dir\/1\/files\/sites\/62\/2026\/02\/group-of-friends-playing-city-game-newcastle-2.jpg","datePublished":"2026-02-17T08:53:07+00:00","dateModified":"2026-04-08T11:11:08+00:00","description":"Sherlock Holmes Newcastle upon Tyne. Zahrajte si samostatne veden\u00fa mestsk\u00fa hru s detekt\u00edvnou z\u00e1hadou, rie\u0161te h\u00e1danky, sledujte stopy a odha\u013ete vraha vlastn\u00fdm tempom!","breadcrumb":{"@id":"https:\/\/testwebsite.citygame.com\/sk\/games\/newcastle-upon-tyne\/sherlock-holmes-newcastle-upon-tyne\/#breadcrumb"},"inLanguage":"sk-SK","potentialAction":[{"@type":"ReadAction","target":["https:\/\/testwebsite.citygame.com\/sk\/games\/newcastle-upon-tyne\/sherlock-holmes-newcastle-upon-tyne\/"]}]},{"@type":"ImageObject","inLanguage":"sk-SK","@id":"https:\/\/testwebsite.citygame.com\/sk\/games\/newcastle-upon-tyne\/sherlock-holmes-newcastle-upon-tyne\/#primaryimage","url":"https:\/\/testwebsite.citygame.com\/wp-content\/blogs.dir\/1\/files\/sites\/62\/2026\/02\/group-of-friends-playing-city-game-newcastle-2.jpg","contentUrl":"https:\/\/testwebsite.citygame.com\/wp-content\/blogs.dir\/1\/files\/sites\/62\/2026\/02\/group-of-friends-playing-city-game-newcastle-2.jpg","width":1024,"height":1024,"caption":"A group of young people collaborate on a city exploration game in Newcastle upon Tyne."},{"@type":"BreadcrumbList","@id":"https:\/\/testwebsite.citygame.com\/sk\/games\/newcastle-upon-tyne\/sherlock-holmes-newcastle-upon-tyne\/#breadcrumb","itemListElement":[{"@type":"ListItem","position":1,"name":"Home","item":"https:\/\/testwebsite.citygame.com\/sk\/"},{"@type":"ListItem","position":2,"name":"Shop","item":"https:\/\/testwebsite.citygame.com\/shop\/"},{"@type":"ListItem","position":3,"name":"Sherlock Holmes Newcastle upon Tyne"}]},{"@type":"WebSite","@id":"https:\/\/testwebsite.upevents.nl\/#website","url":"https:\/\/testwebsite.upevents.nl\/","name":"City Game","description":"","publisher":{"@id":"https:\/\/testwebsite.upevents.nl\/#organization"},"alternateName":"citygame.com","potentialAction":[{"@type":"SearchAction","target":{"@type":"EntryPoint","urlTemplate":"https:\/\/testwebsite.upevents.nl\/?s={search_term_string}"},"query-input":{"@type":"PropertyValueSpecification","valueRequired":true,"valueName":"search_term_string"}}],"inLanguage":"sk-SK"},{"@type":["Organization","Place"],"@id":"https:\/\/testwebsite.upevents.nl\/#organization","name":"City Game","alternateName":"citygame.com","url":"https:\/\/testwebsite.upevents.nl\/","logo":{"@id":"https:\/\/testwebsite.citygame.com\/sk\/games\/newcastle-upon-tyne\/sherlock-holmes-newcastle-upon-tyne\/#local-main-organization-logo"},"image":{"@id":"https:\/\/testwebsite.citygame.com\/sk\/games\/newcastle-upon-tyne\/sherlock-holmes-newcastle-upon-tyne\/#local-main-organization-logo"},"sameAs":["https:\/\/www.facebook.com\/profile.php?id=100086426226253","https:\/\/www.instagram.com\/citygame_com","https:\/\/www.tiktok.com\/@citygamecom\/","https:\/\/www.linkedin.com\/company\/citygame-com"],"description":"Turn any city into a playground with our interactive City Games and self-guided tours. Fun, flexible, and ideal for groups and team building.","telephone":[],"openingHoursSpecification":[{"@type":"OpeningHoursSpecification","dayOfWeek":["Monday","Tuesday","Wednesday","Thursday","Friday","Saturday","Sunday"],"opens":"09:00","closes":"17:00"}]},{"@type":"ImageObject","inLanguage":"sk-SK","@id":"https:\/\/testwebsite.citygame.com\/sk\/games\/newcastle-upon-tyne\/sherlock-holmes-newcastle-upon-tyne\/#local-main-organization-logo","url":"https:\/\/testwebsite.citygame.com\/wp-content\/blogs.dir\/1\/files\/sites\/62\/2025\/10\/CG_LOGO-City-Game.png","contentUrl":"https:\/\/testwebsite.citygame.com\/wp-content\/blogs.dir\/1\/files\/sites\/62\/2025\/10\/CG_LOGO-City-Game.png","width":351,"height":377,"caption":"City Game"}]}},"taxonomy_info":{"game-concept":[{"value":788,"label":"Sherlock"}],"location":[{"value":295,"label":"Newcastle upon Tyne"}],"product_cat":[{"value":27,"label":"Geen categorie"}]},"featured_image_src_large":["https:\/\/testwebsite.citygame.com\/wp-content\/blogs.dir\/1\/files\/sites\/62\/2026\/02\/group-of-friends-playing-city-game-newcastle-2.jpg",1024,1024,false],"author_info":[],"comment_info":"","_links":{"self":[{"href":"https:\/\/testwebsite.citygame.com\/sk\/wp-json\/wp\/v2\/product\/63203","targetHints":{"allow":["GET"]}}],"collection":[{"href":"https:\/\/testwebsite.citygame.com\/sk\/wp-json\/wp\/v2\/product"}],"about":[{"href":"https:\/\/testwebsite.citygame.com\/sk\/wp-json\/wp\/v2\/types\/product"}],"acf:post":[{"embeddable":true,"href":"https:\/\/testwebsite.citygame.com\/sk\/wp-json\/wp\/v2\/pages\/8682"}],"wp:featuredmedia":[{"embeddable":true,"href":"https:\/\/testwebsite.citygame.com\/sk\/wp-json\/wp\/v2\/media\/14778"}],"wp:attachment":[{"href":"https:\/\/testwebsite.citygame.com\/sk\/wp-json\/wp\/v2\/media?parent=63203"}],"wp:term":[{"taxonomy":"game-concept","embeddable":true,"href":"https:\/\/testwebsite.citygame.com\/sk\/wp-json\/wp\/v2\/game-concept?post=63203"},{"taxonomy":"location","embeddable":true,"href":"https:\/\/testwebsite.citygame.com\/sk\/wp-json\/wp\/v2\/location?post=63203"},{"taxonomy":"product_brand","embeddable":true,"href":"https:\/\/testwebsite.citygame.com\/sk\/wp-json\/wp\/v2\/product_brand?post=63203"},{"taxonomy":"product_cat","embeddable":true,"href":"https:\/\/testwebsite.citygame.com\/sk\/wp-json\/wp\/v2\/product_cat?post=63203"},{"taxonomy":"product_tag","embeddable":true,"href":"https:\/\/testwebsite.citygame.com\/sk\/wp-json\/wp\/v2\/product_tag?post=63203"}],"curies":[{"name":"wp","href":"https:\/\/api.w.org\/{rel}","templated":true}]}}