{"id":62747,"date":"2026-02-05T18:39:27","date_gmt":"2026-02-05T18:39:27","guid":{"rendered":"https:\/\/testwebsite.citygame.com\/games\/unknown-location\/sherlock-holmes-linkoping\/"},"modified":"2026-04-08T10:16:46","modified_gmt":"2026-04-08T10:16:46","slug":"sherlock-holmes-linkoping","status":"publish","type":"product","link":"https:\/\/testwebsite.citygame.com\/sk\/games\/linkoping\/sherlock-holmes-linkoping\/","title":{"rendered":"Sherlock Holmes Linkoping"},"content":{"rendered":"<p>Vst\u00fapte do sveta Sherlocka Holmesa s touto samopoh\u00e1\u0148anou, pr\u00edbehom riadenou z\u00e1hadnou vra\u017eednou hrou City Game, ktor\u00e1 sa odohr\u00e1va v centre mesta Link\u00f6ping. Ke\u010f \u0161okuj\u00faca vra\u017eda naru\u0161\u00ed oslavy festivalu Liberty Festival, stanete sa hlavn\u00fdm detekt\u00edvom, ktor\u00fd sa pohybuje po uliciach mesta v rozv\u00edjaj\u00facom sa vy\u0161etrovan\u00ed. Zhroma\u017e\u010fujte ind\u00edcie, rie\u0161te n\u00e1ro\u010dn\u00e9 h\u00e1danky a vypo\u010d\u00favajte digit\u00e1lnych podozriv\u00fdch vlastn\u00fdm tempom, zatia\u013e \u010do sa pred vami odha\u013euje z\u00e1hada.<\/p>\n","protected":false},"excerpt":{"rendered":"<p>V\u017eite sa do ko\u017ee svetozn\u00e1meho detekt\u00edva Sherlocka Holmesa a rozl\u00fasknite samopoh\u00e1\u0148an\u00fa z\u00e1hadu vra\u017edy odohr\u00e1vaj\u00facu sa v srdci Linkopingu. Prejdite si cestu z\u00e1hadn\u00fdmi h\u00e1dankami a zlo\u017eit\u00fdmi ind\u00edciami so svoj\u00edm t\u00edmom, otestujte si svoj d\u00f4vtip a odha\u013ete krut\u00fa pravdu sk\u00f4r, ako vypr\u0161\u00ed \u010das!<\/p>\n","protected":false},"featured_media":10959,"template":"","meta":{"_acf_changed":false,"_yoast_wpseo_focuskw":"Sherlock Holmes Linkoping","_yoast_wpseo_metadesc":"Sherlock Holmes Linkoping. Zahrajte si samopoh\u00e1\u0148an\u00fa z\u00e1hadu vra\u017edy City Game, rie\u0161te h\u00e1danky, sledujte ind\u00edcie a odha\u013ete vraha vlastn\u00fdm tempom!","_kad_blocks_custom_css":"","_kad_blocks_head_custom_js":"","_kad_blocks_body_custom_js":"","_kad_blocks_footer_custom_js":"","ghostkit_customizer_options":"","ghostkit_custom_css":"","ghostkit_custom_js_head":"","ghostkit_custom_js_foot":"","ghostkit_typography":"","_kad_post_transparent":"","_kad_post_title":"","_kad_post_layout":"","_kad_post_sidebar_id":"","_kad_post_content_style":"","_kad_post_vertical_padding":"","_kad_post_feature":"","_kad_post_feature_position":"","_kad_post_header":false,"_kad_post_footer":false,"_kad_post_classname":"","_links_to":"","_links_to_target":""},"game-concept":[788],"location":[244],"product_brand":[],"product_cat":[27],"product_tag":[],"class_list":{"0":"post-62747","1":"product","2":"type-product","3":"status-publish","4":"has-post-thumbnail","6":"game-concept-sherlock","7":"location-linkoping","8":"product_cat-geen-categorie","10":"first","11":"instock","12":"shipping-taxable","13":"purchasable","14":"product-type-simple","15":"entry","16":"content-bg","17":"loop-entry"},"acf":{"full_bokun_product_name":"Link\u00f6ping Self-Guided Sherlock Holmes Murder Mystery Game","location_name":"Linkoping","bokun_calendar_widget_code":"<script type=\"text\/javascript\" src=\"https:\/\/widgets.bokun.io\/assets\/javascripts\/apps\/build\/BokunWidgetsLoader.js?bookingChannelUUID=a1e93e96-5232-4734-a595-28405f4b5a31\" async><\/script>\n     \n    <div class=\"bokunWidget\" data-src=\"https:\/\/widgets.bokun.io\/online-sales\/a1e93e96-5232-4734-a595-28405f4b5a31\/experience-calendar\/733226\"><\/div>\n    <noscript>Please enable javascript in your browser to book<\/noscript>","bokun_button_widget_code":"<script type=\"text\/javascript\" src=\"https:\/\/widgets.bokun.io\/assets\/javascripts\/apps\/build\/BokunWidgetsLoader.js?bookingChannelUUID=a1e93e96-5232-4734-a595-28405f4b5a31\" async><\/script>\n      <style> #bokun_ed001e45_5927_4f62_b470_ca766338d083 { display: inline-block; padding: .4em 1em; background: #47b82e; border-radius: 999999px; box-shadow: none; font-weight: 600; font-size: 24px; text-decoration: none; text-align: center; color: #FFFFFF; border:none; cursor: pointer; transition: background .2s ease; } #bokun_ed001e45_5927_4f62_b470_ca766338d083:hover{ background: #2f7b1f; } #bokun_ed001e45_5927_4f62_b470_ca766338d083:active{ background: #378f24; } <\/style> <button class=\"bokunButton\" disabled id=bokun_ed001e45_5927_4f62_b470_ca766338d083 data-src=\"https:\/\/widgets.bokun.io\/online-sales\/a1e93e96-5232-4734-a595-28405f4b5a31\/experience-calendar\/733226?partialView=1\" data-testid=\"widget-book-button\" > Book now <\/button> ","what_you\u2019ll_experience_during_the_game":"Vst\u00fapite do nap\u00ednav\u00e9ho detekt\u00edvneho pr\u00edbehu odohr\u00e1vaj\u00faceho sa v Link\u00f6pingu, kde vra\u017eda po\u010das festivalu Liberty Festival otriasla mestom. Po\u010das objavovania ul\u00edc sa okolo v\u00e1s rozv\u00edja z\u00e1hada, odha\u013euj\u00fac vrstevnat\u00e9 vy\u0161etrovanie pln\u00e9 zav\u00e1dzania a skryt\u00fdch mot\u00edvov. Na ka\u017edom novom mieste zhroma\u017e\u010fujete ind\u00edcie, rie\u0161ite podnetn\u00e9 h\u00e1danky a sledujete v\u00fdvoj v re\u00e1lnom \u010dase. Ka\u017ed\u00e9 rozhodnutie v\u00e1s pribl\u00ed\u017ei k rozuzleniu pravdy za zlo\u010dinom.\n\nVypo\u010d\u00favate digit\u00e1lnych podozriv\u00fdch, analyzujete protichodn\u00e9 alibi a identifikujete rozpory, ktor\u00e9 by mohli v\u0161etko zmeni\u0165. Z\u00e1\u017eitok je plne pr\u00edbehov\u00fd, vy\u017eaduje si bystr\u00e9 pozorovanie, kritick\u00e9 myslenie a detekt\u00edvny zmysel pre detail. Tempo vy\u0161etrovania si ur\u010dujete sami \u2014 kedyko\u013evek si vyberiete, \u010di si odd\u00fdchnete, zamysl\u00edte sa alebo pokra\u010dujete. Ak hr\u00e1te v t\u00edme, m\u00f4\u017eete dokonca porovna\u0165 svoj pokrok a vyrie\u0161i\u0165 pr\u00edpad s konkuren\u010dnou v\u00fdhodou.","how_to_play":"Hrajte sami alebo s priate\u013emi, rodinou \u010di kolegami v t\u00edmoch a\u017e \u0161tyroch hr\u00e1\u010dov na jedno zariadenie. Po rezerv\u00e1cii dostanete e-mail s pokynmi a v\u0161etk\u00fdm potrebn\u00fdm.","start_location":"Link\u00f6ping, Link\u00f6pings domkyrka","available_languages":["en","es","fr","de","it","nl"],"players_per_group":"1-4","duration":"1.5-2 hours","image_overlay_color_image":"https:\/\/testwebsite.citygame.com\/wp-content\/blogs.dir\/1\/files\/sites\/62\/2026\/01\/SherlockColor.svg","image_overlay_game_logo":"https:\/\/testwebsite.citygame.com\/wp-content\/blogs.dir\/1\/files\/sites\/62\/2026\/01\/SherlockLogo.png","city_page":7575,"woocommerce_general_content":null},"yoast_head":"<!-- This site is optimized with the Yoast SEO Premium plugin v26.2 (Yoast SEO v26.3) - https:\/\/yoast.com\/wordpress\/plugins\/seo\/ -->\n<title>Sherlock Holmes Linkoping - City Game<\/title>\n<meta name=\"description\" content=\"Sherlock Holmes Linkoping. Zahrajte si samopoh\u00e1\u0148an\u00fa z\u00e1hadu vra\u017edy City Game, rie\u0161te h\u00e1danky, sledujte ind\u00edcie a odha\u013ete vraha vlastn\u00fdm tempom!\" \/>\n<meta name=\"robots\" content=\"noindex, follow, max-snippet:-1, max-image-preview:large, max-video-preview:-1\" \/>\n<meta property=\"og:locale\" content=\"sk_SK\" \/>\n<meta property=\"og:type\" content=\"article\" \/>\n<meta property=\"og:title\" content=\"Sherlock Holmes Linkoping\" \/>\n<meta property=\"og:description\" content=\"Sherlock Holmes Linkoping. Zahrajte si samopoh\u00e1\u0148an\u00fa z\u00e1hadu vra\u017edy City Game, rie\u0161te h\u00e1danky, sledujte ind\u00edcie a odha\u013ete vraha vlastn\u00fdm tempom!\" \/>\n<meta property=\"og:url\" content=\"https:\/\/testwebsite.citygame.com\/sk\/games\/linkoping\/sherlock-holmes-linkoping\/\" \/>\n<meta property=\"og:site_name\" content=\"City Game\" \/>\n<meta property=\"article:publisher\" content=\"https:\/\/www.facebook.com\/profile.php?id=100086426226253\" \/>\n<meta property=\"article:modified_time\" content=\"2026-04-08T10:16:46+00:00\" \/>\n<meta property=\"og:image\" content=\"https:\/\/testwebsite.citygame.com\/wp-content\/blogs.dir\/1\/files\/sites\/62\/2026\/02\/linkoping-man-playing-city-game-old-town-street.jpg\" \/>\n\t<meta property=\"og:image:width\" content=\"1344\" \/>\n\t<meta property=\"og:image:height\" content=\"768\" \/>\n\t<meta property=\"og:image:type\" content=\"image\/jpeg\" \/>\n<meta name=\"twitter:card\" content=\"summary_large_image\" \/>\n<script type=\"application\/ld+json\" class=\"yoast-schema-graph\">{\"@context\":\"https:\/\/schema.org\",\"@graph\":[{\"@type\":\"WebPage\",\"@id\":\"https:\/\/testwebsite.citygame.com\/sk\/games\/linkoping\/sherlock-holmes-linkoping\/\",\"url\":\"https:\/\/testwebsite.citygame.com\/sk\/games\/linkoping\/sherlock-holmes-linkoping\/\",\"name\":\"Sherlock Holmes Linkoping - City Game\",\"isPartOf\":{\"@id\":\"https:\/\/testwebsite.upevents.nl\/#website\"},\"primaryImageOfPage\":{\"@id\":\"https:\/\/testwebsite.citygame.com\/sk\/games\/linkoping\/sherlock-holmes-linkoping\/#primaryimage\"},\"image\":{\"@id\":\"https:\/\/testwebsite.citygame.com\/sk\/games\/linkoping\/sherlock-holmes-linkoping\/#primaryimage\"},\"thumbnailUrl\":\"https:\/\/testwebsite.citygame.com\/wp-content\/blogs.dir\/1\/files\/sites\/62\/2026\/02\/linkoping-man-playing-city-game-old-town-street.jpg\",\"datePublished\":\"2026-02-05T18:39:27+00:00\",\"dateModified\":\"2026-04-08T10:16:46+00:00\",\"description\":\"Sherlock Holmes Linkoping. Zahrajte si samopoh\u00e1\u0148an\u00fa z\u00e1hadu vra\u017edy City Game, rie\u0161te h\u00e1danky, sledujte ind\u00edcie a odha\u013ete vraha vlastn\u00fdm tempom!\",\"breadcrumb\":{\"@id\":\"https:\/\/testwebsite.citygame.com\/sk\/games\/linkoping\/sherlock-holmes-linkoping\/#breadcrumb\"},\"inLanguage\":\"sk-SK\",\"potentialAction\":[{\"@type\":\"ReadAction\",\"target\":[\"https:\/\/testwebsite.citygame.com\/sk\/games\/linkoping\/sherlock-holmes-linkoping\/\"]}]},{\"@type\":\"ImageObject\",\"inLanguage\":\"sk-SK\",\"@id\":\"https:\/\/testwebsite.citygame.com\/sk\/games\/linkoping\/sherlock-holmes-linkoping\/#primaryimage\",\"url\":\"https:\/\/testwebsite.citygame.com\/wp-content\/blogs.dir\/1\/files\/sites\/62\/2026\/02\/linkoping-man-playing-city-game-old-town-street.jpg\",\"contentUrl\":\"https:\/\/testwebsite.citygame.com\/wp-content\/blogs.dir\/1\/files\/sites\/62\/2026\/02\/linkoping-man-playing-city-game-old-town-street.jpg\",\"width\":1344,\"height\":768,\"caption\":\"A player uses a smartphone to navigate a city game on a historic street in Linkoping.\"},{\"@type\":\"BreadcrumbList\",\"@id\":\"https:\/\/testwebsite.citygame.com\/sk\/games\/linkoping\/sherlock-holmes-linkoping\/#breadcrumb\",\"itemListElement\":[{\"@type\":\"ListItem\",\"position\":1,\"name\":\"Home\",\"item\":\"https:\/\/testwebsite.citygame.com\/sk\/\"},{\"@type\":\"ListItem\",\"position\":2,\"name\":\"Shop\",\"item\":\"https:\/\/testwebsite.citygame.com\/shop\/\"},{\"@type\":\"ListItem\",\"position\":3,\"name\":\"Sherlock Holmes Linkoping\"}]},{\"@type\":\"WebSite\",\"@id\":\"https:\/\/testwebsite.upevents.nl\/#website\",\"url\":\"https:\/\/testwebsite.upevents.nl\/\",\"name\":\"City Game\",\"description\":\"\",\"publisher\":{\"@id\":\"https:\/\/testwebsite.upevents.nl\/#organization\"},\"alternateName\":\"citygame.com\",\"potentialAction\":[{\"@type\":\"SearchAction\",\"target\":{\"@type\":\"EntryPoint\",\"urlTemplate\":\"https:\/\/testwebsite.upevents.nl\/?s={search_term_string}\"},\"query-input\":{\"@type\":\"PropertyValueSpecification\",\"valueRequired\":true,\"valueName\":\"search_term_string\"}}],\"inLanguage\":\"sk-SK\"},{\"@type\":[\"Organization\",\"Place\"],\"@id\":\"https:\/\/testwebsite.upevents.nl\/#organization\",\"name\":\"City Game\",\"alternateName\":\"citygame.com\",\"url\":\"https:\/\/testwebsite.upevents.nl\/\",\"logo\":{\"@id\":\"https:\/\/testwebsite.citygame.com\/sk\/games\/linkoping\/sherlock-holmes-linkoping\/#local-main-organization-logo\"},\"image\":{\"@id\":\"https:\/\/testwebsite.citygame.com\/sk\/games\/linkoping\/sherlock-holmes-linkoping\/#local-main-organization-logo\"},\"sameAs\":[\"https:\/\/www.facebook.com\/profile.php?id=100086426226253\",\"https:\/\/www.instagram.com\/citygame_com\",\"https:\/\/www.tiktok.com\/@citygamecom\/\",\"https:\/\/www.linkedin.com\/company\/citygame-com\"],\"description\":\"Turn any city into a playground with our interactive City Games and self-guided tours. Fun, flexible, and ideal for groups and team building.\",\"telephone\":[],\"openingHoursSpecification\":[{\"@type\":\"OpeningHoursSpecification\",\"dayOfWeek\":[\"Monday\",\"Tuesday\",\"Wednesday\",\"Thursday\",\"Friday\",\"Saturday\",\"Sunday\"],\"opens\":\"09:00\",\"closes\":\"17:00\"}]},{\"@type\":\"ImageObject\",\"inLanguage\":\"sk-SK\",\"@id\":\"https:\/\/testwebsite.citygame.com\/sk\/games\/linkoping\/sherlock-holmes-linkoping\/#local-main-organization-logo\",\"url\":\"https:\/\/testwebsite.citygame.com\/wp-content\/blogs.dir\/1\/files\/sites\/62\/2025\/10\/CG_LOGO-City-Game.png\",\"contentUrl\":\"https:\/\/testwebsite.citygame.com\/wp-content\/blogs.dir\/1\/files\/sites\/62\/2025\/10\/CG_LOGO-City-Game.png\",\"width\":351,\"height\":377,\"caption\":\"City Game\"}]}<\/script>\n<!-- \/ Yoast SEO Premium plugin. -->","yoast_head_json":{"title":"Sherlock Holmes Linkoping - City Game","description":"Sherlock Holmes Linkoping. Zahrajte si samopoh\u00e1\u0148an\u00fa z\u00e1hadu vra\u017edy City Game, rie\u0161te h\u00e1danky, sledujte ind\u00edcie a odha\u013ete vraha vlastn\u00fdm tempom!","robots":{"index":"noindex","follow":"follow","max-snippet":"max-snippet:-1","max-image-preview":"max-image-preview:large","max-video-preview":"max-video-preview:-1"},"og_locale":"sk_SK","og_type":"article","og_title":"Sherlock Holmes Linkoping","og_description":"Sherlock Holmes Linkoping. Zahrajte si samopoh\u00e1\u0148an\u00fa z\u00e1hadu vra\u017edy City Game, rie\u0161te h\u00e1danky, sledujte ind\u00edcie a odha\u013ete vraha vlastn\u00fdm tempom!","og_url":"https:\/\/testwebsite.citygame.com\/sk\/games\/linkoping\/sherlock-holmes-linkoping\/","og_site_name":"City Game","article_publisher":"https:\/\/www.facebook.com\/profile.php?id=100086426226253","article_modified_time":"2026-04-08T10:16:46+00:00","og_image":[{"width":1344,"height":768,"url":"https:\/\/testwebsite.citygame.com\/wp-content\/blogs.dir\/1\/files\/sites\/62\/2026\/02\/linkoping-man-playing-city-game-old-town-street.jpg","type":"image\/jpeg"}],"twitter_card":"summary_large_image","schema":{"@context":"https:\/\/schema.org","@graph":[{"@type":"WebPage","@id":"https:\/\/testwebsite.citygame.com\/sk\/games\/linkoping\/sherlock-holmes-linkoping\/","url":"https:\/\/testwebsite.citygame.com\/sk\/games\/linkoping\/sherlock-holmes-linkoping\/","name":"Sherlock Holmes Linkoping - City Game","isPartOf":{"@id":"https:\/\/testwebsite.upevents.nl\/#website"},"primaryImageOfPage":{"@id":"https:\/\/testwebsite.citygame.com\/sk\/games\/linkoping\/sherlock-holmes-linkoping\/#primaryimage"},"image":{"@id":"https:\/\/testwebsite.citygame.com\/sk\/games\/linkoping\/sherlock-holmes-linkoping\/#primaryimage"},"thumbnailUrl":"https:\/\/testwebsite.citygame.com\/wp-content\/blogs.dir\/1\/files\/sites\/62\/2026\/02\/linkoping-man-playing-city-game-old-town-street.jpg","datePublished":"2026-02-05T18:39:27+00:00","dateModified":"2026-04-08T10:16:46+00:00","description":"Sherlock Holmes Linkoping. Zahrajte si samopoh\u00e1\u0148an\u00fa z\u00e1hadu vra\u017edy City Game, rie\u0161te h\u00e1danky, sledujte ind\u00edcie a odha\u013ete vraha vlastn\u00fdm tempom!","breadcrumb":{"@id":"https:\/\/testwebsite.citygame.com\/sk\/games\/linkoping\/sherlock-holmes-linkoping\/#breadcrumb"},"inLanguage":"sk-SK","potentialAction":[{"@type":"ReadAction","target":["https:\/\/testwebsite.citygame.com\/sk\/games\/linkoping\/sherlock-holmes-linkoping\/"]}]},{"@type":"ImageObject","inLanguage":"sk-SK","@id":"https:\/\/testwebsite.citygame.com\/sk\/games\/linkoping\/sherlock-holmes-linkoping\/#primaryimage","url":"https:\/\/testwebsite.citygame.com\/wp-content\/blogs.dir\/1\/files\/sites\/62\/2026\/02\/linkoping-man-playing-city-game-old-town-street.jpg","contentUrl":"https:\/\/testwebsite.citygame.com\/wp-content\/blogs.dir\/1\/files\/sites\/62\/2026\/02\/linkoping-man-playing-city-game-old-town-street.jpg","width":1344,"height":768,"caption":"A player uses a smartphone to navigate a city game on a historic street in Linkoping."},{"@type":"BreadcrumbList","@id":"https:\/\/testwebsite.citygame.com\/sk\/games\/linkoping\/sherlock-holmes-linkoping\/#breadcrumb","itemListElement":[{"@type":"ListItem","position":1,"name":"Home","item":"https:\/\/testwebsite.citygame.com\/sk\/"},{"@type":"ListItem","position":2,"name":"Shop","item":"https:\/\/testwebsite.citygame.com\/shop\/"},{"@type":"ListItem","position":3,"name":"Sherlock Holmes Linkoping"}]},{"@type":"WebSite","@id":"https:\/\/testwebsite.upevents.nl\/#website","url":"https:\/\/testwebsite.upevents.nl\/","name":"City Game","description":"","publisher":{"@id":"https:\/\/testwebsite.upevents.nl\/#organization"},"alternateName":"citygame.com","potentialAction":[{"@type":"SearchAction","target":{"@type":"EntryPoint","urlTemplate":"https:\/\/testwebsite.upevents.nl\/?s={search_term_string}"},"query-input":{"@type":"PropertyValueSpecification","valueRequired":true,"valueName":"search_term_string"}}],"inLanguage":"sk-SK"},{"@type":["Organization","Place"],"@id":"https:\/\/testwebsite.upevents.nl\/#organization","name":"City Game","alternateName":"citygame.com","url":"https:\/\/testwebsite.upevents.nl\/","logo":{"@id":"https:\/\/testwebsite.citygame.com\/sk\/games\/linkoping\/sherlock-holmes-linkoping\/#local-main-organization-logo"},"image":{"@id":"https:\/\/testwebsite.citygame.com\/sk\/games\/linkoping\/sherlock-holmes-linkoping\/#local-main-organization-logo"},"sameAs":["https:\/\/www.facebook.com\/profile.php?id=100086426226253","https:\/\/www.instagram.com\/citygame_com","https:\/\/www.tiktok.com\/@citygamecom\/","https:\/\/www.linkedin.com\/company\/citygame-com"],"description":"Turn any city into a playground with our interactive City Games and self-guided tours. Fun, flexible, and ideal for groups and team building.","telephone":[],"openingHoursSpecification":[{"@type":"OpeningHoursSpecification","dayOfWeek":["Monday","Tuesday","Wednesday","Thursday","Friday","Saturday","Sunday"],"opens":"09:00","closes":"17:00"}]},{"@type":"ImageObject","inLanguage":"sk-SK","@id":"https:\/\/testwebsite.citygame.com\/sk\/games\/linkoping\/sherlock-holmes-linkoping\/#local-main-organization-logo","url":"https:\/\/testwebsite.citygame.com\/wp-content\/blogs.dir\/1\/files\/sites\/62\/2025\/10\/CG_LOGO-City-Game.png","contentUrl":"https:\/\/testwebsite.citygame.com\/wp-content\/blogs.dir\/1\/files\/sites\/62\/2025\/10\/CG_LOGO-City-Game.png","width":351,"height":377,"caption":"City Game"}]}},"taxonomy_info":{"game-concept":[{"value":788,"label":"Sherlock"}],"location":[{"value":244,"label":"Link\u00f6ping"}],"product_cat":[{"value":27,"label":"Geen categorie"}]},"featured_image_src_large":["https:\/\/testwebsite.citygame.com\/wp-content\/blogs.dir\/1\/files\/sites\/62\/2026\/02\/linkoping-man-playing-city-game-old-town-street-1024x585.jpg",1024,585,true],"author_info":[],"comment_info":"","_links":{"self":[{"href":"https:\/\/testwebsite.citygame.com\/sk\/wp-json\/wp\/v2\/product\/62747","targetHints":{"allow":["GET"]}}],"collection":[{"href":"https:\/\/testwebsite.citygame.com\/sk\/wp-json\/wp\/v2\/product"}],"about":[{"href":"https:\/\/testwebsite.citygame.com\/sk\/wp-json\/wp\/v2\/types\/product"}],"acf:post":[{"embeddable":true,"href":"https:\/\/testwebsite.citygame.com\/sk\/wp-json\/wp\/v2\/pages\/7575"}],"wp:featuredmedia":[{"embeddable":true,"href":"https:\/\/testwebsite.citygame.com\/sk\/wp-json\/wp\/v2\/media\/10959"}],"wp:attachment":[{"href":"https:\/\/testwebsite.citygame.com\/sk\/wp-json\/wp\/v2\/media?parent=62747"}],"wp:term":[{"taxonomy":"game-concept","embeddable":true,"href":"https:\/\/testwebsite.citygame.com\/sk\/wp-json\/wp\/v2\/game-concept?post=62747"},{"taxonomy":"location","embeddable":true,"href":"https:\/\/testwebsite.citygame.com\/sk\/wp-json\/wp\/v2\/location?post=62747"},{"taxonomy":"product_brand","embeddable":true,"href":"https:\/\/testwebsite.citygame.com\/sk\/wp-json\/wp\/v2\/product_brand?post=62747"},{"taxonomy":"product_cat","embeddable":true,"href":"https:\/\/testwebsite.citygame.com\/sk\/wp-json\/wp\/v2\/product_cat?post=62747"},{"taxonomy":"product_tag","embeddable":true,"href":"https:\/\/testwebsite.citygame.com\/sk\/wp-json\/wp\/v2\/product_tag?post=62747"}],"curies":[{"name":"wp","href":"https:\/\/api.w.org\/{rel}","templated":true}]}}