{"id":61647,"date":"2026-02-16T08:53:35","date_gmt":"2026-02-16T08:53:35","guid":{"rendered":"https:\/\/testwebsite.citygame.com\/games\/unknown-location\/the-bremen-syndicate\/"},"modified":"2026-04-08T08:07:21","modified_gmt":"2026-04-08T08:07:21","slug":"the-bremen-syndicate","status":"publish","type":"product","link":"https:\/\/testwebsite.citygame.com\/sk\/games\/bremen\/the-bremen-syndicate\/","title":{"rendered":"The Bremen Syndicate"},"content":{"rendered":"<p>The Bremen Syndicate je samostatn\u00e1 mestsk\u00e1 \u00fanikov\u00e1 hra v historickom centre Br\u00e9m. Ako t\u00edm budete sledova\u0165 pr\u00edbehom poh\u00e1\u0148an\u00fa misiu, aby ste vystopovali nepolapite\u013en\u00e9ho Magnusa a z\u00edskali \u0161es\u0165 ukradnut\u00fdch recept\u00far, odomykaj\u00fac tak \u010fal\u0161\u00ed krok v ka\u017edej f\u00e1ze. T\u00e1to pohlcuj\u00faca mestsk\u00e1 hra v Br\u00e9mach vyz\u00fdva hr\u00e1\u010dov kolaborat\u00edvnymi h\u00e1dankami a \u00falohami, ktor\u00e9 si po\u010das celej cesty vy\u017eaduj\u00fa t\u00edmov\u00fa pr\u00e1cu, rozhodovanie a rie\u0161enie probl\u00e9mov.<\/p>\n","protected":false},"excerpt":{"rendered":"<p>Vydajte sa do srdca Br\u00e9m s &#8218;The Bremen Syndicate City Escape Game&#8216;, podmaniv\u00fdm, samostatn\u00fdm dobrodru\u017estvom pln\u00fdm intr\u00edg a z\u00e1had. V\u00e1\u0161 t\u00edm mus\u00ed de\u0161ifrova\u0165 z\u00e1hadn\u00e9 ind\u00edcie, vyrie\u0161i\u0165 n\u00e1ro\u010dn\u00e9 h\u00e1danky a rozuzli\u0165 p\u00fatav\u00fd pr\u00edbeh \u2013 v\u0161etko spojen\u00e9 s intenz\u00edvnou, krok za krokom misiou, \u010das je k\u013e\u00fa\u010dov\u00fd, spolupracujte a zv\u00ed\u0165azte!<\/p>\n","protected":false},"featured_media":14251,"template":"","meta":{"_acf_changed":false,"_yoast_wpseo_focuskw":"The Bremen Syndicate","_yoast_wpseo_metadesc":"The Bremen Syndicate. Zahrajte si samostatn\u00fa mestsk\u00fa \u00fanikov\u00fa hru, rie\u0161te h\u00e1danky, pl\u0148te misie a z\u00edskajte ukradnut\u00e9 recept\u00fary vlastn\u00fdm tempom!","_kad_blocks_custom_css":"","_kad_blocks_head_custom_js":"","_kad_blocks_body_custom_js":"","_kad_blocks_footer_custom_js":"","ghostkit_customizer_options":"","ghostkit_custom_css":"","ghostkit_custom_js_head":"","ghostkit_custom_js_foot":"","ghostkit_typography":"","_kad_post_transparent":"default","_kad_post_title":"","_kad_post_layout":"default","_kad_post_sidebar_id":"","_kad_post_content_style":"default","_kad_post_vertical_padding":"default","_kad_post_feature":"","_kad_post_feature_position":"","_kad_post_header":false,"_kad_post_footer":false,"_kad_post_classname":"","_links_to":"","_links_to_target":""},"game-concept":[758],"location":[101],"product_brand":[],"product_cat":[27],"product_tag":[],"class_list":{"0":"post-61647","1":"product","2":"type-product","3":"status-publish","4":"has-post-thumbnail","6":"game-concept-syndicate","7":"location-bremen","8":"product_cat-geen-categorie","10":"first","11":"instock","12":"shipping-taxable","13":"purchasable","14":"product-type-simple","15":"entry","16":"content-bg","17":"loop-entry"},"acf":{"full_bokun_product_name":"Self-Guided The Bremen Syndicate City Escape Game","location_name":"Bremen","bokun_calendar_widget_code":"<script type=\"text\/javascript\" src=\"https:\/\/widgets.bokun.io\/assets\/javascripts\/apps\/build\/BokunWidgetsLoader.js?bookingChannelUUID=a1e93e96-5232-4734-a595-28405f4b5a31\" async><\/script>\n     \n    <div class=\"bokunWidget\" data-src=\"https:\/\/widgets.bokun.io\/online-sales\/a1e93e96-5232-4734-a595-28405f4b5a31\/experience-calendar\/875819\"><\/div>\n    <noscript>Please enable javascript in your browser to book<\/noscript>","bokun_button_widget_code":"<script type=\"text\/javascript\" src=\"https:\/\/widgets.bokun.io\/assets\/javascripts\/apps\/build\/BokunWidgetsLoader.js?bookingChannelUUID=a1e93e96-5232-4734-a595-28405f4b5a31\" async><\/script>\n      <style> #bokun_ed001e45_5927_4f62_b470_ca766338d083 { display: inline-block; padding: .4em 1em; background: #47b82e; border-radius: 999999px; box-shadow: none; font-weight: 600; font-size: 24px; text-decoration: none; text-align: center; color: #FFFFFF; border:none; cursor: pointer; transition: background .2s ease; } #bokun_ed001e45_5927_4f62_b470_ca766338d083:hover{ background: #2f7b1f; } #bokun_ed001e45_5927_4f62_b470_ca766338d083:active{ background: #378f24; } <\/style> <button class=\"bokunButton\" disabled id=bokun_ed001e45_5927_4f62_b470_ca766338d083 data-src=\"https:\/\/widgets.bokun.io\/online-sales\/a1e93e96-5232-4734-a595-28405f4b5a31\/experience-calendar\/875819?partialView=1\" data-testid=\"widget-book-button\" > Book now <\/button> ","what_you\u2019ll_experience_during_the_game":"Vy a v\u00e1\u0161 t\u00edm ste vrhnut\u00ed do riskantnej \u00fanikovej misie, ktor\u00e1 sa odohr\u00e1va v uliciach Br\u00e9m. Ako tajn\u00ed agenti je v\u00e1\u0161 cie\u013e jasn\u00fd: vystopova\u0165 nepolapite\u013en\u00e9ho Magnusa a z\u00edska\u0165 \u0161es\u0165 ukradnut\u00fdch biochemick\u00fdch recept\u00far, k\u00fdm nezmizn\u00fa nav\u017edy. Mesto sa st\u00e1va va\u0161ou opera\u010dnou krajinou, pri\u010dom ka\u017ed\u00e9 nov\u00e9 miesto odha\u013euje nov\u00fa kapitolu pr\u00edbehu a nov\u00fd k\u00fasok misie.\r\n\r\nZ\u00e1\u017eitok je plne poh\u00e1\u0148an\u00fd pr\u00edbehom, ponor\u00ed v\u00e1s do s\u00e9rie starostlivo navrhnut\u00fdch h\u00e1daniek, k\u00f3dov a fyzick\u00fdch \u010di ment\u00e1lnych v\u00fdziev. Pokrok prich\u00e1dza v\u010faka bystr\u00e9mu rozhodovaniu, spolupr\u00e1ci a neust\u00e1lej komunik\u00e1cii, ke\u010f\u017ee misia sa prisp\u00f4sobuje ka\u017ed\u00e9mu pohybu v\u00e1\u0161ho t\u00edmu. \u010ci u\u017e postupujete r\u00fdchlo, alebo si d\u00e1vate pauzu na preskupenie, vy kontrolujete tempo, \u010do v\u00e1m umo\u017e\u0148uje zosta\u0165 plne zapojen\u00ed, ako sa pr\u00edbeh stup\u0148uje. Ka\u017ed\u00fd krok v\u00e1s pribli\u017euje k odhaleniu pravdy, pri\u010dom Br\u00e9my sl\u00fa\u017eia ako \u017eiv\u00e9 javisko pre strategick\u00e9 prenasledovanie v\u00e1\u0161ho t\u00edmu.","how_to_play":"Zarezervujte si mestsk\u00fa hru, skontrolujte e-mail, ktor\u00fd v\u00e1m po\u0161leme s pokynmi, stiahnite si aplik\u00e1ciu Loquiz App a za\u010dnite svoj hern\u00fd z\u00e1\u017eitok!","start_location":"Bremen, Am Markt","available_languages":["en"],"players_per_group":"1-4","duration":"1.5-2 hours","image_overlay_color_image":"https:\/\/testwebsite.citygame.com\/wp-content\/blogs.dir\/1\/files\/sites\/62\/2026\/01\/SyndicateColor.svg","image_overlay_game_logo":"https:\/\/testwebsite.citygame.com\/wp-content\/blogs.dir\/1\/files\/sites\/62\/2026\/01\/SyndicateLogo.png","city_page":5333,"woocommerce_general_content":null},"yoast_head":"<!-- This site is optimized with the Yoast SEO Premium plugin v26.2 (Yoast SEO v26.3) - https:\/\/yoast.com\/wordpress\/plugins\/seo\/ -->\n<title>The Bremen Syndicate - City Game<\/title>\n<meta name=\"description\" content=\"The Bremen Syndicate. Zahrajte si samostatn\u00fa mestsk\u00fa \u00fanikov\u00fa hru, rie\u0161te h\u00e1danky, pl\u0148te misie a z\u00edskajte ukradnut\u00e9 recept\u00fary vlastn\u00fdm tempom!\" \/>\n<meta name=\"robots\" content=\"noindex, follow, max-snippet:-1, max-image-preview:large, max-video-preview:-1\" \/>\n<meta property=\"og:locale\" content=\"sk_SK\" \/>\n<meta property=\"og:type\" content=\"article\" \/>\n<meta property=\"og:title\" content=\"The Bremen Syndicate\" \/>\n<meta property=\"og:description\" content=\"The Bremen Syndicate. Zahrajte si samostatn\u00fa mestsk\u00fa \u00fanikov\u00fa hru, rie\u0161te h\u00e1danky, pl\u0148te misie a z\u00edskajte ukradnut\u00e9 recept\u00fary vlastn\u00fdm tempom!\" \/>\n<meta property=\"og:url\" content=\"https:\/\/testwebsite.citygame.com\/sk\/games\/bremen\/the-bremen-syndicate\/\" \/>\n<meta property=\"og:site_name\" content=\"City Game\" \/>\n<meta property=\"article:publisher\" content=\"https:\/\/www.facebook.com\/profile.php?id=100086426226253\" \/>\n<meta property=\"article:modified_time\" content=\"2026-04-08T08:07:21+00:00\" \/>\n<meta property=\"og:image\" content=\"https:\/\/testwebsite.citygame.com\/wp-content\/blogs.dir\/1\/files\/sites\/62\/2026\/02\/group-of-friends-playing-city-game-bremen-schlachte.jpg\" \/>\n\t<meta property=\"og:image:width\" content=\"1024\" \/>\n\t<meta property=\"og:image:height\" content=\"1024\" \/>\n\t<meta property=\"og:image:type\" content=\"image\/jpeg\" \/>\n<meta name=\"twitter:card\" content=\"summary_large_image\" \/>\n<script type=\"application\/ld+json\" class=\"yoast-schema-graph\">{\"@context\":\"https:\/\/schema.org\",\"@graph\":[{\"@type\":\"WebPage\",\"@id\":\"https:\/\/testwebsite.citygame.com\/sk\/games\/bremen\/the-bremen-syndicate\/\",\"url\":\"https:\/\/testwebsite.citygame.com\/sk\/games\/bremen\/the-bremen-syndicate\/\",\"name\":\"The Bremen Syndicate - City Game\",\"isPartOf\":{\"@id\":\"https:\/\/testwebsite.upevents.nl\/#website\"},\"primaryImageOfPage\":{\"@id\":\"https:\/\/testwebsite.citygame.com\/sk\/games\/bremen\/the-bremen-syndicate\/#primaryimage\"},\"image\":{\"@id\":\"https:\/\/testwebsite.citygame.com\/sk\/games\/bremen\/the-bremen-syndicate\/#primaryimage\"},\"thumbnailUrl\":\"https:\/\/testwebsite.citygame.com\/wp-content\/blogs.dir\/1\/files\/sites\/62\/2026\/02\/group-of-friends-playing-city-game-bremen-schlachte.jpg\",\"datePublished\":\"2026-02-16T08:53:35+00:00\",\"dateModified\":\"2026-04-08T08:07:21+00:00\",\"description\":\"The Bremen Syndicate. Zahrajte si samostatn\u00fa mestsk\u00fa \u00fanikov\u00fa hru, rie\u0161te h\u00e1danky, pl\u0148te misie a z\u00edskajte ukradnut\u00e9 recept\u00fary vlastn\u00fdm tempom!\",\"breadcrumb\":{\"@id\":\"https:\/\/testwebsite.citygame.com\/sk\/games\/bremen\/the-bremen-syndicate\/#breadcrumb\"},\"inLanguage\":\"sk-SK\",\"potentialAction\":[{\"@type\":\"ReadAction\",\"target\":[\"https:\/\/testwebsite.citygame.com\/sk\/games\/bremen\/the-bremen-syndicate\/\"]}]},{\"@type\":\"ImageObject\",\"inLanguage\":\"sk-SK\",\"@id\":\"https:\/\/testwebsite.citygame.com\/sk\/games\/bremen\/the-bremen-syndicate\/#primaryimage\",\"url\":\"https:\/\/testwebsite.citygame.com\/wp-content\/blogs.dir\/1\/files\/sites\/62\/2026\/02\/group-of-friends-playing-city-game-bremen-schlachte.jpg\",\"contentUrl\":\"https:\/\/testwebsite.citygame.com\/wp-content\/blogs.dir\/1\/files\/sites\/62\/2026\/02\/group-of-friends-playing-city-game-bremen-schlachte.jpg\",\"width\":1024,\"height\":1024,\"caption\":\"A group of friends uses a smartphone to navigate through the city of Bremen during a game.\"},{\"@type\":\"BreadcrumbList\",\"@id\":\"https:\/\/testwebsite.citygame.com\/sk\/games\/bremen\/the-bremen-syndicate\/#breadcrumb\",\"itemListElement\":[{\"@type\":\"ListItem\",\"position\":1,\"name\":\"Home\",\"item\":\"https:\/\/testwebsite.citygame.com\/sk\/\"},{\"@type\":\"ListItem\",\"position\":2,\"name\":\"Shop\",\"item\":\"https:\/\/testwebsite.citygame.com\/shop\/\"},{\"@type\":\"ListItem\",\"position\":3,\"name\":\"The Bremen Syndicate\"}]},{\"@type\":\"WebSite\",\"@id\":\"https:\/\/testwebsite.upevents.nl\/#website\",\"url\":\"https:\/\/testwebsite.upevents.nl\/\",\"name\":\"City Game\",\"description\":\"\",\"publisher\":{\"@id\":\"https:\/\/testwebsite.upevents.nl\/#organization\"},\"alternateName\":\"citygame.com\",\"potentialAction\":[{\"@type\":\"SearchAction\",\"target\":{\"@type\":\"EntryPoint\",\"urlTemplate\":\"https:\/\/testwebsite.upevents.nl\/?s={search_term_string}\"},\"query-input\":{\"@type\":\"PropertyValueSpecification\",\"valueRequired\":true,\"valueName\":\"search_term_string\"}}],\"inLanguage\":\"sk-SK\"},{\"@type\":[\"Organization\",\"Place\"],\"@id\":\"https:\/\/testwebsite.upevents.nl\/#organization\",\"name\":\"City Game\",\"alternateName\":\"citygame.com\",\"url\":\"https:\/\/testwebsite.upevents.nl\/\",\"logo\":{\"@id\":\"https:\/\/testwebsite.citygame.com\/sk\/games\/bremen\/the-bremen-syndicate\/#local-main-organization-logo\"},\"image\":{\"@id\":\"https:\/\/testwebsite.citygame.com\/sk\/games\/bremen\/the-bremen-syndicate\/#local-main-organization-logo\"},\"sameAs\":[\"https:\/\/www.facebook.com\/profile.php?id=100086426226253\",\"https:\/\/www.instagram.com\/citygame_com\",\"https:\/\/www.tiktok.com\/@citygamecom\/\",\"https:\/\/www.linkedin.com\/company\/citygame-com\"],\"description\":\"Turn any city into a playground with our interactive City Games and self-guided tours. Fun, flexible, and ideal for groups and team building.\",\"telephone\":[],\"openingHoursSpecification\":[{\"@type\":\"OpeningHoursSpecification\",\"dayOfWeek\":[\"Monday\",\"Tuesday\",\"Wednesday\",\"Thursday\",\"Friday\",\"Saturday\",\"Sunday\"],\"opens\":\"09:00\",\"closes\":\"17:00\"}]},{\"@type\":\"ImageObject\",\"inLanguage\":\"sk-SK\",\"@id\":\"https:\/\/testwebsite.citygame.com\/sk\/games\/bremen\/the-bremen-syndicate\/#local-main-organization-logo\",\"url\":\"https:\/\/testwebsite.citygame.com\/wp-content\/blogs.dir\/1\/files\/sites\/62\/2025\/10\/CG_LOGO-City-Game.png\",\"contentUrl\":\"https:\/\/testwebsite.citygame.com\/wp-content\/blogs.dir\/1\/files\/sites\/62\/2025\/10\/CG_LOGO-City-Game.png\",\"width\":351,\"height\":377,\"caption\":\"City Game\"}]}<\/script>\n<!-- \/ Yoast SEO Premium plugin. -->","yoast_head_json":{"title":"The Bremen Syndicate - City Game","description":"The Bremen Syndicate. Zahrajte si samostatn\u00fa mestsk\u00fa \u00fanikov\u00fa hru, rie\u0161te h\u00e1danky, pl\u0148te misie a z\u00edskajte ukradnut\u00e9 recept\u00fary vlastn\u00fdm tempom!","robots":{"index":"noindex","follow":"follow","max-snippet":"max-snippet:-1","max-image-preview":"max-image-preview:large","max-video-preview":"max-video-preview:-1"},"og_locale":"sk_SK","og_type":"article","og_title":"The Bremen Syndicate","og_description":"The Bremen Syndicate. Zahrajte si samostatn\u00fa mestsk\u00fa \u00fanikov\u00fa hru, rie\u0161te h\u00e1danky, pl\u0148te misie a z\u00edskajte ukradnut\u00e9 recept\u00fary vlastn\u00fdm tempom!","og_url":"https:\/\/testwebsite.citygame.com\/sk\/games\/bremen\/the-bremen-syndicate\/","og_site_name":"City Game","article_publisher":"https:\/\/www.facebook.com\/profile.php?id=100086426226253","article_modified_time":"2026-04-08T08:07:21+00:00","og_image":[{"width":1024,"height":1024,"url":"https:\/\/testwebsite.citygame.com\/wp-content\/blogs.dir\/1\/files\/sites\/62\/2026\/02\/group-of-friends-playing-city-game-bremen-schlachte.jpg","type":"image\/jpeg"}],"twitter_card":"summary_large_image","schema":{"@context":"https:\/\/schema.org","@graph":[{"@type":"WebPage","@id":"https:\/\/testwebsite.citygame.com\/sk\/games\/bremen\/the-bremen-syndicate\/","url":"https:\/\/testwebsite.citygame.com\/sk\/games\/bremen\/the-bremen-syndicate\/","name":"The Bremen Syndicate - City Game","isPartOf":{"@id":"https:\/\/testwebsite.upevents.nl\/#website"},"primaryImageOfPage":{"@id":"https:\/\/testwebsite.citygame.com\/sk\/games\/bremen\/the-bremen-syndicate\/#primaryimage"},"image":{"@id":"https:\/\/testwebsite.citygame.com\/sk\/games\/bremen\/the-bremen-syndicate\/#primaryimage"},"thumbnailUrl":"https:\/\/testwebsite.citygame.com\/wp-content\/blogs.dir\/1\/files\/sites\/62\/2026\/02\/group-of-friends-playing-city-game-bremen-schlachte.jpg","datePublished":"2026-02-16T08:53:35+00:00","dateModified":"2026-04-08T08:07:21+00:00","description":"The Bremen Syndicate. Zahrajte si samostatn\u00fa mestsk\u00fa \u00fanikov\u00fa hru, rie\u0161te h\u00e1danky, pl\u0148te misie a z\u00edskajte ukradnut\u00e9 recept\u00fary vlastn\u00fdm tempom!","breadcrumb":{"@id":"https:\/\/testwebsite.citygame.com\/sk\/games\/bremen\/the-bremen-syndicate\/#breadcrumb"},"inLanguage":"sk-SK","potentialAction":[{"@type":"ReadAction","target":["https:\/\/testwebsite.citygame.com\/sk\/games\/bremen\/the-bremen-syndicate\/"]}]},{"@type":"ImageObject","inLanguage":"sk-SK","@id":"https:\/\/testwebsite.citygame.com\/sk\/games\/bremen\/the-bremen-syndicate\/#primaryimage","url":"https:\/\/testwebsite.citygame.com\/wp-content\/blogs.dir\/1\/files\/sites\/62\/2026\/02\/group-of-friends-playing-city-game-bremen-schlachte.jpg","contentUrl":"https:\/\/testwebsite.citygame.com\/wp-content\/blogs.dir\/1\/files\/sites\/62\/2026\/02\/group-of-friends-playing-city-game-bremen-schlachte.jpg","width":1024,"height":1024,"caption":"A group of friends uses a smartphone to navigate through the city of Bremen during a game."},{"@type":"BreadcrumbList","@id":"https:\/\/testwebsite.citygame.com\/sk\/games\/bremen\/the-bremen-syndicate\/#breadcrumb","itemListElement":[{"@type":"ListItem","position":1,"name":"Home","item":"https:\/\/testwebsite.citygame.com\/sk\/"},{"@type":"ListItem","position":2,"name":"Shop","item":"https:\/\/testwebsite.citygame.com\/shop\/"},{"@type":"ListItem","position":3,"name":"The Bremen Syndicate"}]},{"@type":"WebSite","@id":"https:\/\/testwebsite.upevents.nl\/#website","url":"https:\/\/testwebsite.upevents.nl\/","name":"City Game","description":"","publisher":{"@id":"https:\/\/testwebsite.upevents.nl\/#organization"},"alternateName":"citygame.com","potentialAction":[{"@type":"SearchAction","target":{"@type":"EntryPoint","urlTemplate":"https:\/\/testwebsite.upevents.nl\/?s={search_term_string}"},"query-input":{"@type":"PropertyValueSpecification","valueRequired":true,"valueName":"search_term_string"}}],"inLanguage":"sk-SK"},{"@type":["Organization","Place"],"@id":"https:\/\/testwebsite.upevents.nl\/#organization","name":"City Game","alternateName":"citygame.com","url":"https:\/\/testwebsite.upevents.nl\/","logo":{"@id":"https:\/\/testwebsite.citygame.com\/sk\/games\/bremen\/the-bremen-syndicate\/#local-main-organization-logo"},"image":{"@id":"https:\/\/testwebsite.citygame.com\/sk\/games\/bremen\/the-bremen-syndicate\/#local-main-organization-logo"},"sameAs":["https:\/\/www.facebook.com\/profile.php?id=100086426226253","https:\/\/www.instagram.com\/citygame_com","https:\/\/www.tiktok.com\/@citygamecom\/","https:\/\/www.linkedin.com\/company\/citygame-com"],"description":"Turn any city into a playground with our interactive City Games and self-guided tours. Fun, flexible, and ideal for groups and team building.","telephone":[],"openingHoursSpecification":[{"@type":"OpeningHoursSpecification","dayOfWeek":["Monday","Tuesday","Wednesday","Thursday","Friday","Saturday","Sunday"],"opens":"09:00","closes":"17:00"}]},{"@type":"ImageObject","inLanguage":"sk-SK","@id":"https:\/\/testwebsite.citygame.com\/sk\/games\/bremen\/the-bremen-syndicate\/#local-main-organization-logo","url":"https:\/\/testwebsite.citygame.com\/wp-content\/blogs.dir\/1\/files\/sites\/62\/2025\/10\/CG_LOGO-City-Game.png","contentUrl":"https:\/\/testwebsite.citygame.com\/wp-content\/blogs.dir\/1\/files\/sites\/62\/2025\/10\/CG_LOGO-City-Game.png","width":351,"height":377,"caption":"City Game"}]}},"taxonomy_info":{"game-concept":[{"value":758,"label":"Syndicate"}],"location":[{"value":101,"label":"Bremen"}],"product_cat":[{"value":27,"label":"Geen categorie"}]},"featured_image_src_large":["https:\/\/testwebsite.citygame.com\/wp-content\/blogs.dir\/1\/files\/sites\/62\/2026\/02\/group-of-friends-playing-city-game-bremen-schlachte.jpg",1024,1024,false],"author_info":[],"comment_info":"","_links":{"self":[{"href":"https:\/\/testwebsite.citygame.com\/sk\/wp-json\/wp\/v2\/product\/61647","targetHints":{"allow":["GET"]}}],"collection":[{"href":"https:\/\/testwebsite.citygame.com\/sk\/wp-json\/wp\/v2\/product"}],"about":[{"href":"https:\/\/testwebsite.citygame.com\/sk\/wp-json\/wp\/v2\/types\/product"}],"acf:post":[{"embeddable":true,"href":"https:\/\/testwebsite.citygame.com\/sk\/wp-json\/wp\/v2\/pages\/5333"}],"wp:featuredmedia":[{"embeddable":true,"href":"https:\/\/testwebsite.citygame.com\/sk\/wp-json\/wp\/v2\/media\/14251"}],"wp:attachment":[{"href":"https:\/\/testwebsite.citygame.com\/sk\/wp-json\/wp\/v2\/media?parent=61647"}],"wp:term":[{"taxonomy":"game-concept","embeddable":true,"href":"https:\/\/testwebsite.citygame.com\/sk\/wp-json\/wp\/v2\/game-concept?post=61647"},{"taxonomy":"location","embeddable":true,"href":"https:\/\/testwebsite.citygame.com\/sk\/wp-json\/wp\/v2\/location?post=61647"},{"taxonomy":"product_brand","embeddable":true,"href":"https:\/\/testwebsite.citygame.com\/sk\/wp-json\/wp\/v2\/product_brand?post=61647"},{"taxonomy":"product_cat","embeddable":true,"href":"https:\/\/testwebsite.citygame.com\/sk\/wp-json\/wp\/v2\/product_cat?post=61647"},{"taxonomy":"product_tag","embeddable":true,"href":"https:\/\/testwebsite.citygame.com\/sk\/wp-json\/wp\/v2\/product_tag?post=61647"}],"curies":[{"name":"wp","href":"https:\/\/api.w.org\/{rel}","templated":true}]}}