{"id":61609,"date":"2026-01-27T15:05:00","date_gmt":"2026-01-27T15:05:00","guid":{"rendered":"https:\/\/testwebsite.citygame.com\/games\/unknown-location\/secrets-of-dordrecht\/"},"modified":"2026-04-08T08:03:05","modified_gmt":"2026-04-08T08:03:05","slug":"secrets-of-dordrecht","status":"publish","type":"product","link":"https:\/\/testwebsite.citygame.com\/sk\/games\/dordrecht\/secrets-of-dordrecht\/","title":{"rendered":"Secrets of Dordrecht"},"content":{"rendered":"<p>City Game Dordrecht je samonav\u00e1dzacia hra zalo\u017een\u00e1 na GPS, ktor\u00e1 sa odohr\u00e1va v historickom centre Dordrechtu. Pomocou svojho smartf\u00f3nu presk\u00famate mesto rie\u0161en\u00edm h\u00e1daniek, plnen\u00edm fotografick\u00fdch v\u00fdziev a odha\u013eovan\u00edm z\u00e1had, ktor\u00e9 odhalia skryt\u00e9 detaily na ceste. T\u00e1to objavovacia hra pon\u00faka p\u00fatav\u00fd sp\u00f4sob, ako sa dozvedie\u0165 o hist\u00f3rii a kult\u00fare Dordrechtu a z\u00e1rove\u0148 objavi\u0165 miesta, ktor\u00e9 by ste inak mohli prehliadnu\u0165. Samonav\u00e1dzacia mestsk\u00e1 hra, vhodn\u00e1 pre n\u00e1v\u0161tevn\u00edkov aj miestnych, je navrhnut\u00e1 pre s\u00f3lov\u00fdch dobrodruhov, p\u00e1ry, rodiny alebo skupiny priate\u013eov. \u010ci u\u017e ste v meste nov\u00ed, alebo u\u017e pozn\u00e1te Dordrecht, hra zalo\u017een\u00e1 na GPS poskytuje nov\u00fd poh\u013ead a z\u00e1bavn\u00fd, interakt\u00edvny z\u00e1\u017eitok.<\/p>\n","protected":false},"excerpt":{"rendered":"<p>Ponorte sa do oslniv\u00fdch h\u013abok Dordrechtu! Prejdite sa mestom, kde starobyl\u00e9 vetern\u00e9 mlyny \u0161epkaj\u00fa pr\u00edbehy minul\u00fdch dn\u00ed a s\u00fa\u010dasn\u00e9 umenie vyviera z nad\u010dasov\u00fdch dl\u00e1\u017eden\u00fdch ul\u00edc. Zbierajte stopy, zatia\u013e \u010do putujete jeho pulzuj\u00facim centrom, Dordrecht prekypuje p\u00f4\u017eitkami na ka\u017edom kroku!<\/p>\n","protected":false},"featured_media":13846,"template":"","meta":{"_acf_changed":false,"_yoast_wpseo_focuskw":"Secrets of Dordrecht","_yoast_wpseo_metadesc":"Secrets of Dordrecht. Zahrajte si samonav\u00e1dzac\u00ed City Game a presk\u00famajte mesto prostredn\u00edctvom h\u00e1daniek, z\u00e1had a v\u00fdziev. Hrajte vlastn\u00fdm tempom a objavujte ako miestny!","_kad_blocks_custom_css":"","_kad_blocks_head_custom_js":"","_kad_blocks_body_custom_js":"","_kad_blocks_footer_custom_js":"","ghostkit_customizer_options":"","ghostkit_custom_css":"","ghostkit_custom_js_head":"","ghostkit_custom_js_foot":"","ghostkit_typography":"","_kad_post_transparent":"default","_kad_post_title":"","_kad_post_layout":"default","_kad_post_sidebar_id":"","_kad_post_content_style":"default","_kad_post_vertical_padding":"default","_kad_post_feature":"","_kad_post_feature_position":"","_kad_post_header":false,"_kad_post_footer":false,"_kad_post_classname":"","_links_to":"","_links_to_target":""},"game-concept":[727],"location":[143],"product_brand":[],"product_cat":[27],"product_tag":[],"class_list":{"0":"post-61609","1":"product","2":"type-product","3":"status-publish","4":"has-post-thumbnail","6":"game-concept-secrets","7":"location-dordrecht","8":"product_cat-geen-categorie","10":"first","11":"instock","12":"shipping-taxable","13":"purchasable","14":"product-type-simple","15":"entry","16":"content-bg","17":"loop-entry"},"acf":{"full_bokun_product_name":"Self-Guided Secrets of Dordrecht Exploration Game","location_name":"Dordrecht","bokun_calendar_widget_code":"<script type=\"text\/javascript\" src=\"https:\/\/widgets.bokun.io\/assets\/javascripts\/apps\/build\/BokunWidgetsLoader.js?bookingChannelUUID=a1e93e96-5232-4734-a595-28405f4b5a31\" async><\/script>\n     \n    <div class=\"bokunWidget\" data-src=\"https:\/\/widgets.bokun.io\/online-sales\/a1e93e96-5232-4734-a595-28405f4b5a31\/experience-calendar\/855946\"><\/div>\n    <noscript>Please enable javascript in your browser to book<\/noscript>","bokun_button_widget_code":"<script type=\"text\/javascript\" src=\"https:\/\/widgets.bokun.io\/assets\/javascripts\/apps\/build\/BokunWidgetsLoader.js?bookingChannelUUID=a1e93e96-5232-4734-a595-28405f4b5a31\" async><\/script>\n      <style> #bokun_ed001e45_5927_4f62_b470_ca766338d083 { display: inline-block; padding: .4em 1em; background: #47b82e; border-radius: 999999px; box-shadow: none; font-weight: 600; font-size: 24px; text-decoration: none; text-align: center; color: #FFFFFF; border:none; cursor: pointer; transition: background .2s ease; } #bokun_ed001e45_5927_4f62_b470_ca766338d083:hover{ background: #2f7b1f; } #bokun_ed001e45_5927_4f62_b470_ca766338d083:active{ background: #378f24; } <\/style> <button class=\"bokunButton\" disabled id=bokun_ed001e45_5927_4f62_b470_ca766338d083 data-src=\"https:\/\/widgets.bokun.io\/online-sales\/a1e93e96-5232-4734-a595-28405f4b5a31\/experience-calendar\/855946?partialView=1\" data-testid=\"widget-book-button\" > Book now <\/button> ","what_you\u2019ll_experience_during_the_game":"Pri objavovan\u00ed Dordrechtu prostredn\u00edctvom tohto pohlcuj\u00faceho City Game budete sledova\u0165 pr\u00edbeh, ktor\u00fd sa odv\u00edja ulicami, n\u00e1mestiami a skryt\u00fdmi z\u00e1kutiami mesta. Z\u00e1\u017eitok sp\u00e1ja objavovanie s hrou, vedie v\u00e1s k zn\u00e1mym pamiatkam aj neo\u010dak\u00e1van\u00fdm miestam. Po\u010das cesty m\u00f4\u017eete prejs\u0165 okolo majest\u00e1tneho Grote Kerk, vychutna\u0165 si v\u00fdh\u013eady pozd\u013a\u017e Groothoofd alebo sa ocitn\u00fa\u0165 v pokojnom prostred\u00ed Huis van Gijn. Trasa v\u00e1s vtiahne do bohatej hist\u00f3rie a charakteru Dordrechtu, vyva\u017euj\u00fac zn\u00e1me atrakcie s tich\u00fdmi, zauj\u00edmav\u00fdmi z\u00e1kutiami.\r\n\r\nPo\u010das hry budete rie\u0161i\u0165 h\u00e1danky, odpoveda\u0165 na z\u00e1hady a plni\u0165 kreat\u00edvne fotografick\u00e9 \u00falohy, ktor\u00e9 o\u017eivia pr\u00edbeh. Ka\u017ed\u00e1 v\u00fdzva v\u00e1m pom\u00f4\u017ee zbiera\u0165 body, odomyka\u0165 u\u017eito\u010dn\u00e9 stopy a pribl\u00ed\u017ei\u0165 sa k vyrie\u0161eniu z\u00e1vere\u010dnej z\u00e1hady. Z\u00e1\u017eitok si m\u00f4\u017eete kedyko\u013evek pozastavi\u0165 a vr\u00e1ti\u0165 sa k nemu vlastn\u00fdm tempom, \u010do u\u013eah\u010duje za\u010dlenenie City Game do v\u00e1\u0161ho d\u0148a v Dordrechte. Pre t\u00fdch, ktor\u00ed si u\u017e\u00edvaj\u00fa trochu priate\u013eskej s\u00fa\u0165a\u017ee, je tu aj \u0161anca vy\u0161plha\u0165 sa na rebr\u00ed\u010dek ako s\u00f3lov\u00fd hr\u00e1\u010d alebo t\u00edm.","how_to_play":"Zarezervujte si Exploration Game, skontrolujte e-mail, ktor\u00fd v\u00e1m po\u0161leme s jednoduch\u00fdmi in\u0161trukciami, stiahnite si aplik\u00e1ciu Loquiz App, z\u00edskajte pr\u00edstup k Exploration Game a ste pripraven\u00ed za\u010da\u0165 svoj hern\u00fd z\u00e1\u017eitok!","start_location":"Dordrecht, Stadhuisplein","available_languages":["nl"],"players_per_group":"1-4","duration":"1.5-2 hours","image_overlay_color_image":"https:\/\/testwebsite.citygame.com\/wp-content\/blogs.dir\/1\/files\/sites\/62\/2026\/01\/SecretsColor.svg","image_overlay_game_logo":"https:\/\/testwebsite.citygame.com\/wp-content\/blogs.dir\/1\/files\/sites\/62\/2026\/01\/SecretsLogo.png","city_page":4848,"woocommerce_general_content":null},"yoast_head":"<!-- This site is optimized with the Yoast SEO Premium plugin v26.2 (Yoast SEO v26.3) - https:\/\/yoast.com\/wordpress\/plugins\/seo\/ -->\n<title>Secrets of Dordrecht - City Game<\/title>\n<meta name=\"description\" content=\"Secrets of Dordrecht. Zahrajte si samonav\u00e1dzac\u00ed City Game a presk\u00famajte mesto prostredn\u00edctvom h\u00e1daniek, z\u00e1had a v\u00fdziev. Hrajte vlastn\u00fdm tempom a objavujte ako miestny!\" \/>\n<meta name=\"robots\" content=\"noindex, follow, max-snippet:-1, max-image-preview:large, max-video-preview:-1\" \/>\n<meta property=\"og:locale\" content=\"sk_SK\" \/>\n<meta property=\"og:type\" content=\"article\" \/>\n<meta property=\"og:title\" content=\"Secrets of Dordrecht\" \/>\n<meta property=\"og:description\" content=\"Secrets of Dordrecht. Zahrajte si samonav\u00e1dzac\u00ed City Game a presk\u00famajte mesto prostredn\u00edctvom h\u00e1daniek, z\u00e1had a v\u00fdziev. Hrajte vlastn\u00fdm tempom a objavujte ako miestny!\" \/>\n<meta property=\"og:url\" content=\"https:\/\/testwebsite.citygame.com\/sk\/games\/dordrecht\/secrets-of-dordrecht\/\" \/>\n<meta property=\"og:site_name\" content=\"City Game\" \/>\n<meta property=\"article:publisher\" content=\"https:\/\/www.facebook.com\/profile.php?id=100086426226253\" \/>\n<meta property=\"article:modified_time\" content=\"2026-04-08T08:03:05+00:00\" \/>\n<meta property=\"og:image\" content=\"https:\/\/testwebsite.citygame.com\/wp-content\/blogs.dir\/1\/files\/sites\/62\/2026\/02\/group-playing-city-game-smartphone-dordrecht.jpg\" \/>\n\t<meta property=\"og:image:width\" content=\"1024\" \/>\n\t<meta property=\"og:image:height\" content=\"1024\" \/>\n\t<meta property=\"og:image:type\" content=\"image\/jpeg\" \/>\n<meta name=\"twitter:card\" content=\"summary_large_image\" \/>\n<meta name=\"twitter:label1\" content=\"Predpokladan\u00fd \u010das \u010d\u00edtania\" \/>\n\t<meta name=\"twitter:data1\" content=\"1 min\u00fata\" \/>\n<script type=\"application\/ld+json\" class=\"yoast-schema-graph\">{\"@context\":\"https:\/\/schema.org\",\"@graph\":[{\"@type\":\"WebPage\",\"@id\":\"https:\/\/testwebsite.citygame.com\/sk\/games\/dordrecht\/secrets-of-dordrecht\/\",\"url\":\"https:\/\/testwebsite.citygame.com\/sk\/games\/dordrecht\/secrets-of-dordrecht\/\",\"name\":\"Secrets of Dordrecht - City Game\",\"isPartOf\":{\"@id\":\"https:\/\/testwebsite.upevents.nl\/#website\"},\"primaryImageOfPage\":{\"@id\":\"https:\/\/testwebsite.citygame.com\/sk\/games\/dordrecht\/secrets-of-dordrecht\/#primaryimage\"},\"image\":{\"@id\":\"https:\/\/testwebsite.citygame.com\/sk\/games\/dordrecht\/secrets-of-dordrecht\/#primaryimage\"},\"thumbnailUrl\":\"https:\/\/testwebsite.citygame.com\/wp-content\/blogs.dir\/1\/files\/sites\/62\/2026\/02\/group-playing-city-game-smartphone-dordrecht.jpg\",\"datePublished\":\"2026-01-27T15:05:00+00:00\",\"dateModified\":\"2026-04-08T08:03:05+00:00\",\"description\":\"Secrets of Dordrecht. Zahrajte si samonav\u00e1dzac\u00ed City Game a presk\u00famajte mesto prostredn\u00edctvom h\u00e1daniek, z\u00e1had a v\u00fdziev. Hrajte vlastn\u00fdm tempom a objavujte ako miestny!\",\"breadcrumb\":{\"@id\":\"https:\/\/testwebsite.citygame.com\/sk\/games\/dordrecht\/secrets-of-dordrecht\/#breadcrumb\"},\"inLanguage\":\"sk-SK\",\"potentialAction\":[{\"@type\":\"ReadAction\",\"target\":[\"https:\/\/testwebsite.citygame.com\/sk\/games\/dordrecht\/secrets-of-dordrecht\/\"]}]},{\"@type\":\"ImageObject\",\"inLanguage\":\"sk-SK\",\"@id\":\"https:\/\/testwebsite.citygame.com\/sk\/games\/dordrecht\/secrets-of-dordrecht\/#primaryimage\",\"url\":\"https:\/\/testwebsite.citygame.com\/wp-content\/blogs.dir\/1\/files\/sites\/62\/2026\/02\/group-playing-city-game-smartphone-dordrecht.jpg\",\"contentUrl\":\"https:\/\/testwebsite.citygame.com\/wp-content\/blogs.dir\/1\/files\/sites\/62\/2026\/02\/group-playing-city-game-smartphone-dordrecht.jpg\",\"width\":1024,\"height\":1024,\"caption\":\"A group of friends collaborates while playing an interactive city game on a smartphone in Dordrecht.\"},{\"@type\":\"BreadcrumbList\",\"@id\":\"https:\/\/testwebsite.citygame.com\/sk\/games\/dordrecht\/secrets-of-dordrecht\/#breadcrumb\",\"itemListElement\":[{\"@type\":\"ListItem\",\"position\":1,\"name\":\"Home\",\"item\":\"https:\/\/testwebsite.citygame.com\/sk\/\"},{\"@type\":\"ListItem\",\"position\":2,\"name\":\"Shop\",\"item\":\"https:\/\/testwebsite.citygame.com\/shop\/\"},{\"@type\":\"ListItem\",\"position\":3,\"name\":\"Secrets of Dordrecht\"}]},{\"@type\":\"WebSite\",\"@id\":\"https:\/\/testwebsite.upevents.nl\/#website\",\"url\":\"https:\/\/testwebsite.upevents.nl\/\",\"name\":\"City Game\",\"description\":\"\",\"publisher\":{\"@id\":\"https:\/\/testwebsite.upevents.nl\/#organization\"},\"alternateName\":\"citygame.com\",\"potentialAction\":[{\"@type\":\"SearchAction\",\"target\":{\"@type\":\"EntryPoint\",\"urlTemplate\":\"https:\/\/testwebsite.upevents.nl\/?s={search_term_string}\"},\"query-input\":{\"@type\":\"PropertyValueSpecification\",\"valueRequired\":true,\"valueName\":\"search_term_string\"}}],\"inLanguage\":\"sk-SK\"},{\"@type\":[\"Organization\",\"Place\"],\"@id\":\"https:\/\/testwebsite.upevents.nl\/#organization\",\"name\":\"City Game\",\"alternateName\":\"citygame.com\",\"url\":\"https:\/\/testwebsite.upevents.nl\/\",\"logo\":{\"@id\":\"https:\/\/testwebsite.citygame.com\/sk\/games\/dordrecht\/secrets-of-dordrecht\/#local-main-organization-logo\"},\"image\":{\"@id\":\"https:\/\/testwebsite.citygame.com\/sk\/games\/dordrecht\/secrets-of-dordrecht\/#local-main-organization-logo\"},\"sameAs\":[\"https:\/\/www.facebook.com\/profile.php?id=100086426226253\",\"https:\/\/www.instagram.com\/citygame_com\",\"https:\/\/www.tiktok.com\/@citygamecom\/\",\"https:\/\/www.linkedin.com\/company\/citygame-com\"],\"description\":\"Turn any city into a playground with our interactive City Games and self-guided tours. Fun, flexible, and ideal for groups and team building.\",\"telephone\":[],\"openingHoursSpecification\":[{\"@type\":\"OpeningHoursSpecification\",\"dayOfWeek\":[\"Monday\",\"Tuesday\",\"Wednesday\",\"Thursday\",\"Friday\",\"Saturday\",\"Sunday\"],\"opens\":\"09:00\",\"closes\":\"17:00\"}]},{\"@type\":\"ImageObject\",\"inLanguage\":\"sk-SK\",\"@id\":\"https:\/\/testwebsite.citygame.com\/sk\/games\/dordrecht\/secrets-of-dordrecht\/#local-main-organization-logo\",\"url\":\"https:\/\/testwebsite.citygame.com\/wp-content\/blogs.dir\/1\/files\/sites\/62\/2025\/10\/CG_LOGO-City-Game.png\",\"contentUrl\":\"https:\/\/testwebsite.citygame.com\/wp-content\/blogs.dir\/1\/files\/sites\/62\/2025\/10\/CG_LOGO-City-Game.png\",\"width\":351,\"height\":377,\"caption\":\"City Game\"}]}<\/script>\n<!-- \/ Yoast SEO Premium plugin. -->","yoast_head_json":{"title":"Secrets of Dordrecht - City Game","description":"Secrets of Dordrecht. Zahrajte si samonav\u00e1dzac\u00ed City Game a presk\u00famajte mesto prostredn\u00edctvom h\u00e1daniek, z\u00e1had a v\u00fdziev. Hrajte vlastn\u00fdm tempom a objavujte ako miestny!","robots":{"index":"noindex","follow":"follow","max-snippet":"max-snippet:-1","max-image-preview":"max-image-preview:large","max-video-preview":"max-video-preview:-1"},"og_locale":"sk_SK","og_type":"article","og_title":"Secrets of Dordrecht","og_description":"Secrets of Dordrecht. Zahrajte si samonav\u00e1dzac\u00ed City Game a presk\u00famajte mesto prostredn\u00edctvom h\u00e1daniek, z\u00e1had a v\u00fdziev. Hrajte vlastn\u00fdm tempom a objavujte ako miestny!","og_url":"https:\/\/testwebsite.citygame.com\/sk\/games\/dordrecht\/secrets-of-dordrecht\/","og_site_name":"City Game","article_publisher":"https:\/\/www.facebook.com\/profile.php?id=100086426226253","article_modified_time":"2026-04-08T08:03:05+00:00","og_image":[{"width":1024,"height":1024,"url":"https:\/\/testwebsite.citygame.com\/wp-content\/blogs.dir\/1\/files\/sites\/62\/2026\/02\/group-playing-city-game-smartphone-dordrecht.jpg","type":"image\/jpeg"}],"twitter_card":"summary_large_image","twitter_misc":{"Predpokladan\u00fd \u010das \u010d\u00edtania":"1 min\u00fata"},"schema":{"@context":"https:\/\/schema.org","@graph":[{"@type":"WebPage","@id":"https:\/\/testwebsite.citygame.com\/sk\/games\/dordrecht\/secrets-of-dordrecht\/","url":"https:\/\/testwebsite.citygame.com\/sk\/games\/dordrecht\/secrets-of-dordrecht\/","name":"Secrets of Dordrecht - City Game","isPartOf":{"@id":"https:\/\/testwebsite.upevents.nl\/#website"},"primaryImageOfPage":{"@id":"https:\/\/testwebsite.citygame.com\/sk\/games\/dordrecht\/secrets-of-dordrecht\/#primaryimage"},"image":{"@id":"https:\/\/testwebsite.citygame.com\/sk\/games\/dordrecht\/secrets-of-dordrecht\/#primaryimage"},"thumbnailUrl":"https:\/\/testwebsite.citygame.com\/wp-content\/blogs.dir\/1\/files\/sites\/62\/2026\/02\/group-playing-city-game-smartphone-dordrecht.jpg","datePublished":"2026-01-27T15:05:00+00:00","dateModified":"2026-04-08T08:03:05+00:00","description":"Secrets of Dordrecht. Zahrajte si samonav\u00e1dzac\u00ed City Game a presk\u00famajte mesto prostredn\u00edctvom h\u00e1daniek, z\u00e1had a v\u00fdziev. Hrajte vlastn\u00fdm tempom a objavujte ako miestny!","breadcrumb":{"@id":"https:\/\/testwebsite.citygame.com\/sk\/games\/dordrecht\/secrets-of-dordrecht\/#breadcrumb"},"inLanguage":"sk-SK","potentialAction":[{"@type":"ReadAction","target":["https:\/\/testwebsite.citygame.com\/sk\/games\/dordrecht\/secrets-of-dordrecht\/"]}]},{"@type":"ImageObject","inLanguage":"sk-SK","@id":"https:\/\/testwebsite.citygame.com\/sk\/games\/dordrecht\/secrets-of-dordrecht\/#primaryimage","url":"https:\/\/testwebsite.citygame.com\/wp-content\/blogs.dir\/1\/files\/sites\/62\/2026\/02\/group-playing-city-game-smartphone-dordrecht.jpg","contentUrl":"https:\/\/testwebsite.citygame.com\/wp-content\/blogs.dir\/1\/files\/sites\/62\/2026\/02\/group-playing-city-game-smartphone-dordrecht.jpg","width":1024,"height":1024,"caption":"A group of friends collaborates while playing an interactive city game on a smartphone in Dordrecht."},{"@type":"BreadcrumbList","@id":"https:\/\/testwebsite.citygame.com\/sk\/games\/dordrecht\/secrets-of-dordrecht\/#breadcrumb","itemListElement":[{"@type":"ListItem","position":1,"name":"Home","item":"https:\/\/testwebsite.citygame.com\/sk\/"},{"@type":"ListItem","position":2,"name":"Shop","item":"https:\/\/testwebsite.citygame.com\/shop\/"},{"@type":"ListItem","position":3,"name":"Secrets of Dordrecht"}]},{"@type":"WebSite","@id":"https:\/\/testwebsite.upevents.nl\/#website","url":"https:\/\/testwebsite.upevents.nl\/","name":"City Game","description":"","publisher":{"@id":"https:\/\/testwebsite.upevents.nl\/#organization"},"alternateName":"citygame.com","potentialAction":[{"@type":"SearchAction","target":{"@type":"EntryPoint","urlTemplate":"https:\/\/testwebsite.upevents.nl\/?s={search_term_string}"},"query-input":{"@type":"PropertyValueSpecification","valueRequired":true,"valueName":"search_term_string"}}],"inLanguage":"sk-SK"},{"@type":["Organization","Place"],"@id":"https:\/\/testwebsite.upevents.nl\/#organization","name":"City Game","alternateName":"citygame.com","url":"https:\/\/testwebsite.upevents.nl\/","logo":{"@id":"https:\/\/testwebsite.citygame.com\/sk\/games\/dordrecht\/secrets-of-dordrecht\/#local-main-organization-logo"},"image":{"@id":"https:\/\/testwebsite.citygame.com\/sk\/games\/dordrecht\/secrets-of-dordrecht\/#local-main-organization-logo"},"sameAs":["https:\/\/www.facebook.com\/profile.php?id=100086426226253","https:\/\/www.instagram.com\/citygame_com","https:\/\/www.tiktok.com\/@citygamecom\/","https:\/\/www.linkedin.com\/company\/citygame-com"],"description":"Turn any city into a playground with our interactive City Games and self-guided tours. Fun, flexible, and ideal for groups and team building.","telephone":[],"openingHoursSpecification":[{"@type":"OpeningHoursSpecification","dayOfWeek":["Monday","Tuesday","Wednesday","Thursday","Friday","Saturday","Sunday"],"opens":"09:00","closes":"17:00"}]},{"@type":"ImageObject","inLanguage":"sk-SK","@id":"https:\/\/testwebsite.citygame.com\/sk\/games\/dordrecht\/secrets-of-dordrecht\/#local-main-organization-logo","url":"https:\/\/testwebsite.citygame.com\/wp-content\/blogs.dir\/1\/files\/sites\/62\/2025\/10\/CG_LOGO-City-Game.png","contentUrl":"https:\/\/testwebsite.citygame.com\/wp-content\/blogs.dir\/1\/files\/sites\/62\/2025\/10\/CG_LOGO-City-Game.png","width":351,"height":377,"caption":"City Game"}]}},"taxonomy_info":{"game-concept":[{"value":727,"label":"Secrets"}],"location":[{"value":143,"label":"Dordrecht"}],"product_cat":[{"value":27,"label":"Geen categorie"}]},"featured_image_src_large":["https:\/\/testwebsite.citygame.com\/wp-content\/blogs.dir\/1\/files\/sites\/62\/2026\/02\/group-playing-city-game-smartphone-dordrecht.jpg",1024,1024,false],"author_info":[],"comment_info":"","_links":{"self":[{"href":"https:\/\/testwebsite.citygame.com\/sk\/wp-json\/wp\/v2\/product\/61609","targetHints":{"allow":["GET"]}}],"collection":[{"href":"https:\/\/testwebsite.citygame.com\/sk\/wp-json\/wp\/v2\/product"}],"about":[{"href":"https:\/\/testwebsite.citygame.com\/sk\/wp-json\/wp\/v2\/types\/product"}],"acf:post":[{"embeddable":true,"href":"https:\/\/testwebsite.citygame.com\/sk\/wp-json\/wp\/v2\/pages\/4848"}],"wp:featuredmedia":[{"embeddable":true,"href":"https:\/\/testwebsite.citygame.com\/sk\/wp-json\/wp\/v2\/media\/13846"}],"wp:attachment":[{"href":"https:\/\/testwebsite.citygame.com\/sk\/wp-json\/wp\/v2\/media?parent=61609"}],"wp:term":[{"taxonomy":"game-concept","embeddable":true,"href":"https:\/\/testwebsite.citygame.com\/sk\/wp-json\/wp\/v2\/game-concept?post=61609"},{"taxonomy":"location","embeddable":true,"href":"https:\/\/testwebsite.citygame.com\/sk\/wp-json\/wp\/v2\/location?post=61609"},{"taxonomy":"product_brand","embeddable":true,"href":"https:\/\/testwebsite.citygame.com\/sk\/wp-json\/wp\/v2\/product_brand?post=61609"},{"taxonomy":"product_cat","embeddable":true,"href":"https:\/\/testwebsite.citygame.com\/sk\/wp-json\/wp\/v2\/product_cat?post=61609"},{"taxonomy":"product_tag","embeddable":true,"href":"https:\/\/testwebsite.citygame.com\/sk\/wp-json\/wp\/v2\/product_tag?post=61609"}],"curies":[{"name":"wp","href":"https:\/\/api.w.org\/{rel}","templated":true}]}}