{"id":60910,"date":"2026-02-05T11:30:18","date_gmt":"2026-02-05T11:30:18","guid":{"rendered":"https:\/\/testwebsite.citygame.com\/games\/unknown-location\/sherlock-holmes-bordeaux\/"},"modified":"2026-04-08T06:40:39","modified_gmt":"2026-04-08T06:40:39","slug":"sherlock-holmes-bordeaux","status":"publish","type":"product","link":"https:\/\/testwebsite.citygame.com\/sk\/games\/bordeaux\/sherlock-holmes-bordeaux\/","title":{"rendered":"Sherlock Holmes Bordeaux"},"content":{"rendered":"<p>Vst\u00fapte do sveta Sherlocka Holmesa s touto samoriadenou, pr\u00edbehom riadenou mestskou hrou s detekt\u00edvnou z\u00e1pletkou, ktor\u00e1 sa odohr\u00e1va v historickom centre Bordeaux. Ako sa budete pohybova\u0165 ulicami, budete sledova\u0165 rozv\u00edjaj\u00faci sa pr\u00edbeh, ktor\u00fd v\u00e1s obsad\u00ed do \u00falohy detekt\u00edva vy\u0161etruj\u00faceho mraziv\u00fa vra\u017edu po\u010das Liberty Festival. Zbierajte stopy, rie\u0161te zlo\u017eit\u00e9 h\u00e1danky a vypo\u010d\u00favajte digit\u00e1lnych podozriv\u00fdch vlastn\u00fdm tempom, zatia\u013e \u010do v\u00e1s bohat\u00e1 atmosf\u00e9ra Bordeaux vtiahne hlb\u0161ie do z\u00e1hady.<\/p>\n","protected":false},"excerpt":{"rendered":"<p>V\u017eite sa do ko\u017ee majstra detekt\u00edva Sherlocka Holmesa a vydajte sa na samoriaden\u00fa z\u00e1hadu vra\u017edy priamo v srdci Bordeaux. Ke\u010f budete sledova\u0165 nepolapite\u013en\u00e9 stopy, l\u00fa\u0161ti\u0165 zlo\u017eit\u00e9 h\u00e1danky a sklada\u0165 pravdu dohromady, pam\u00e4tajte &#8211; ka\u017ed\u00e9 rozhodnutie m\u00e1 ve\u013ek\u00fa v\u00e1hu pre poslanie v\u00e1\u0161ho t\u00edmu rozl\u00fa\u0161ti\u0165 t\u00fato naliehav\u00fa, vysoko riskantn\u00fa v\u00fdzvu!<\/p>\n","protected":false},"featured_media":10717,"template":"","meta":{"_acf_changed":false,"_yoast_wpseo_focuskw":"Sherlock Holmes Bordeaux","_yoast_wpseo_metadesc":"Sherlock Holmes Bordeaux. Zahrajte si samoriaden\u00fa mestsk\u00fa hru s detekt\u00edvnou z\u00e1pletkou, rie\u0161te h\u00e1danky, sledujte stopy a odha\u013ete vraha vlastn\u00fdm tempom!","_kad_blocks_custom_css":"","_kad_blocks_head_custom_js":"","_kad_blocks_body_custom_js":"","_kad_blocks_footer_custom_js":"","ghostkit_customizer_options":"","ghostkit_custom_css":"","ghostkit_custom_js_head":"","ghostkit_custom_js_foot":"","ghostkit_typography":"","_kad_post_transparent":"","_kad_post_title":"","_kad_post_layout":"","_kad_post_sidebar_id":"","_kad_post_content_style":"","_kad_post_vertical_padding":"","_kad_post_feature":"","_kad_post_feature_position":"","_kad_post_header":false,"_kad_post_footer":false,"_kad_post_classname":"","_links_to":"","_links_to_target":""},"game-concept":[788],"location":[96],"product_brand":[],"product_cat":[27],"product_tag":[],"class_list":{"0":"post-60910","1":"product","2":"type-product","3":"status-publish","4":"has-post-thumbnail","6":"game-concept-sherlock","7":"location-bordeaux","8":"product_cat-geen-categorie","10":"first","11":"instock","12":"shipping-taxable","13":"purchasable","14":"product-type-simple","15":"entry","16":"content-bg","17":"loop-entry"},"acf":{"full_bokun_product_name":"Bordeaux Self-Guided Sherlock Holmes Murder Mystery Game","location_name":"Bordeaux","bokun_calendar_widget_code":"<script type=\"text\/javascript\" src=\"https:\/\/widgets.bokun.io\/assets\/javascripts\/apps\/build\/BokunWidgetsLoader.js?bookingChannelUUID=a1e93e96-5232-4734-a595-28405f4b5a31\" async><\/script>\n     \n    <div class=\"bokunWidget\" data-src=\"https:\/\/widgets.bokun.io\/online-sales\/a1e93e96-5232-4734-a595-28405f4b5a31\/experience-calendar\/731679\"><\/div>\n    <noscript>Please enable javascript in your browser to book<\/noscript>","bokun_button_widget_code":"<script type=\"text\/javascript\" src=\"https:\/\/widgets.bokun.io\/assets\/javascripts\/apps\/build\/BokunWidgetsLoader.js?bookingChannelUUID=a1e93e96-5232-4734-a595-28405f4b5a31\" async><\/script>\n      <style> #bokun_ed001e45_5927_4f62_b470_ca766338d083 { display: inline-block; padding: .4em 1em; background: #47b82e; border-radius: 999999px; box-shadow: none; font-weight: 600; font-size: 24px; text-decoration: none; text-align: center; color: #FFFFFF; border:none; cursor: pointer; transition: background .2s ease; } #bokun_ed001e45_5927_4f62_b470_ca766338d083:hover{ background: #2f7b1f; } #bokun_ed001e45_5927_4f62_b470_ca766338d083:active{ background: #378f24; } <\/style> <button class=\"bokunButton\" disabled id=bokun_ed001e45_5927_4f62_b470_ca766338d083 data-src=\"https:\/\/widgets.bokun.io\/online-sales\/a1e93e96-5232-4734-a595-28405f4b5a31\/experience-calendar\/731679?partialView=1\" data-testid=\"widget-book-button\" > Book now <\/button> ","what_you\u2019ll_experience_during_the_game":"Vst\u00fapte do p\u00fatav\u00e9ho detekt\u00edvneho pr\u00edbehu odohr\u00e1vaj\u00faceho sa v srdci Bordeaux, kde sa na jeden de\u0148 stanete Sherlockom Holmesom. Ako sa z\u00e1hada rozv\u00edja, pohybujete sa mestom, sledujete stopy podozriv\u00e9ho a sklad\u00e1te dokopy d\u00f4kazy spojen\u00e9 s vra\u017edou, ktor\u00e1 otriasla Liberty Festival. Va\u0161a \u00faloha je jasn\u00e1: vypo\u010d\u00favajte digit\u00e1lnych podozriv\u00fdch, odha\u013ete rozpory v ich alibi a nechajte sa vies\u0165 bystr\u00fdm pozorovan\u00edm pri \u010fal\u0161om kroku.  \n\nNa ka\u017edom novom mieste objav\u00edte skryt\u00e9 stopy, vyrie\u0161ite zlo\u017eit\u00e9 h\u00e1danky a \u010del\u00edte neo\u010dak\u00e1van\u00fdm zvratom vo svojom vy\u0161etrovan\u00ed. Z\u00e1\u017eitok je plne pr\u00edbehov\u00fd, vtiahne v\u00e1s do sveta, ktor\u00fd si vy\u017eaduje kritick\u00e9 myslenie a d\u00f4kladn\u00fa dedukciu. Hru m\u00f4\u017eete kedyko\u013evek pozastavi\u0165 a pokra\u010dova\u0165 vlastn\u00fdm tempom, v\u010faka \u010domu je rovnako flexibiln\u00e1 ako p\u00fatav\u00e1. Ak hr\u00e1te v t\u00edme, m\u00f4\u017eete sa pok\u00fasi\u0165 vyrie\u0161i\u0165 pr\u00edpad r\u00fdchlej\u0161ie ako va\u0161i s\u00faperi, ale skuto\u010dnou v\u00fdzvou je odhalenie pravdy za zlo\u010dinom.","how_to_play":"Hrajte sami alebo s priate\u013emi, rodinou \u010di kolegami v t\u00edmoch do \u0161tyroch os\u00f4b na jedno zariadenie. Po rezerv\u00e1cii dostanete e-mail s pokynmi a v\u0161etk\u00fdm, \u010do potrebujete.","start_location":"Place de la Bourse","available_languages":["en","es","fr","de","it","nl"],"players_per_group":"1-4","duration":"1.5-2 hours","image_overlay_color_image":"https:\/\/testwebsite.citygame.com\/wp-content\/blogs.dir\/1\/files\/sites\/62\/2026\/01\/SherlockColor.svg","image_overlay_game_logo":"https:\/\/testwebsite.citygame.com\/wp-content\/blogs.dir\/1\/files\/sites\/62\/2026\/01\/SherlockLogo.png","city_page":7323,"woocommerce_general_content":null},"yoast_head":"<!-- This site is optimized with the Yoast SEO Premium plugin v26.2 (Yoast SEO v26.3) - https:\/\/yoast.com\/wordpress\/plugins\/seo\/ -->\n<title>Sherlock Holmes Bordeaux - City Game<\/title>\n<meta name=\"description\" content=\"Sherlock Holmes Bordeaux. Zahrajte si samoriaden\u00fa mestsk\u00fa hru s detekt\u00edvnou z\u00e1pletkou, rie\u0161te h\u00e1danky, sledujte stopy a odha\u013ete vraha vlastn\u00fdm tempom!\" \/>\n<meta name=\"robots\" content=\"noindex, follow, max-snippet:-1, max-image-preview:large, max-video-preview:-1\" \/>\n<meta property=\"og:locale\" content=\"sk_SK\" \/>\n<meta property=\"og:type\" content=\"article\" \/>\n<meta property=\"og:title\" content=\"Sherlock Holmes Bordeaux\" \/>\n<meta property=\"og:description\" content=\"Sherlock Holmes Bordeaux. Zahrajte si samoriaden\u00fa mestsk\u00fa hru s detekt\u00edvnou z\u00e1pletkou, rie\u0161te h\u00e1danky, sledujte stopy a odha\u013ete vraha vlastn\u00fdm tempom!\" \/>\n<meta property=\"og:url\" content=\"https:\/\/testwebsite.citygame.com\/sk\/games\/bordeaux\/sherlock-holmes-bordeaux\/\" \/>\n<meta property=\"og:site_name\" content=\"City Game\" \/>\n<meta property=\"article:publisher\" content=\"https:\/\/www.facebook.com\/profile.php?id=100086426226253\" \/>\n<meta property=\"article:modified_time\" content=\"2026-04-08T06:40:39+00:00\" \/>\n<meta property=\"og:image\" content=\"https:\/\/testwebsite.citygame.com\/wp-content\/blogs.dir\/1\/files\/sites\/62\/2026\/02\/bordeaux-sherlock-game-player-woman-with-phone-on-old-town-street.jpg\" \/>\n\t<meta property=\"og:image:width\" content=\"1344\" \/>\n\t<meta property=\"og:image:height\" content=\"768\" \/>\n\t<meta property=\"og:image:type\" content=\"image\/jpeg\" \/>\n<meta name=\"twitter:card\" content=\"summary_large_image\" \/>\n<script type=\"application\/ld+json\" class=\"yoast-schema-graph\">{\"@context\":\"https:\/\/schema.org\",\"@graph\":[{\"@type\":\"WebPage\",\"@id\":\"https:\/\/testwebsite.citygame.com\/sk\/games\/bordeaux\/sherlock-holmes-bordeaux\/\",\"url\":\"https:\/\/testwebsite.citygame.com\/sk\/games\/bordeaux\/sherlock-holmes-bordeaux\/\",\"name\":\"Sherlock Holmes Bordeaux - City Game\",\"isPartOf\":{\"@id\":\"https:\/\/testwebsite.upevents.nl\/#website\"},\"primaryImageOfPage\":{\"@id\":\"https:\/\/testwebsite.citygame.com\/sk\/games\/bordeaux\/sherlock-holmes-bordeaux\/#primaryimage\"},\"image\":{\"@id\":\"https:\/\/testwebsite.citygame.com\/sk\/games\/bordeaux\/sherlock-holmes-bordeaux\/#primaryimage\"},\"thumbnailUrl\":\"https:\/\/testwebsite.citygame.com\/wp-content\/blogs.dir\/1\/files\/sites\/62\/2026\/02\/bordeaux-sherlock-game-player-woman-with-phone-on-old-town-street.jpg\",\"datePublished\":\"2026-02-05T11:30:18+00:00\",\"dateModified\":\"2026-04-08T06:40:39+00:00\",\"description\":\"Sherlock Holmes Bordeaux. Zahrajte si samoriaden\u00fa mestsk\u00fa hru s detekt\u00edvnou z\u00e1pletkou, rie\u0161te h\u00e1danky, sledujte stopy a odha\u013ete vraha vlastn\u00fdm tempom!\",\"breadcrumb\":{\"@id\":\"https:\/\/testwebsite.citygame.com\/sk\/games\/bordeaux\/sherlock-holmes-bordeaux\/#breadcrumb\"},\"inLanguage\":\"sk-SK\",\"potentialAction\":[{\"@type\":\"ReadAction\",\"target\":[\"https:\/\/testwebsite.citygame.com\/sk\/games\/bordeaux\/sherlock-holmes-bordeaux\/\"]}]},{\"@type\":\"ImageObject\",\"inLanguage\":\"sk-SK\",\"@id\":\"https:\/\/testwebsite.citygame.com\/sk\/games\/bordeaux\/sherlock-holmes-bordeaux\/#primaryimage\",\"url\":\"https:\/\/testwebsite.citygame.com\/wp-content\/blogs.dir\/1\/files\/sites\/62\/2026\/02\/bordeaux-sherlock-game-player-woman-with-phone-on-old-town-street.jpg\",\"contentUrl\":\"https:\/\/testwebsite.citygame.com\/wp-content\/blogs.dir\/1\/files\/sites\/62\/2026\/02\/bordeaux-sherlock-game-player-woman-with-phone-on-old-town-street.jpg\",\"width\":1344,\"height\":768,\"caption\":\"A player solves puzzles on her phone while exploring the historic streets of Bordeaux.\"},{\"@type\":\"BreadcrumbList\",\"@id\":\"https:\/\/testwebsite.citygame.com\/sk\/games\/bordeaux\/sherlock-holmes-bordeaux\/#breadcrumb\",\"itemListElement\":[{\"@type\":\"ListItem\",\"position\":1,\"name\":\"Home\",\"item\":\"https:\/\/testwebsite.citygame.com\/sk\/\"},{\"@type\":\"ListItem\",\"position\":2,\"name\":\"Shop\",\"item\":\"https:\/\/testwebsite.citygame.com\/shop\/\"},{\"@type\":\"ListItem\",\"position\":3,\"name\":\"Sherlock Holmes Bordeaux\"}]},{\"@type\":\"WebSite\",\"@id\":\"https:\/\/testwebsite.upevents.nl\/#website\",\"url\":\"https:\/\/testwebsite.upevents.nl\/\",\"name\":\"City Game\",\"description\":\"\",\"publisher\":{\"@id\":\"https:\/\/testwebsite.upevents.nl\/#organization\"},\"alternateName\":\"citygame.com\",\"potentialAction\":[{\"@type\":\"SearchAction\",\"target\":{\"@type\":\"EntryPoint\",\"urlTemplate\":\"https:\/\/testwebsite.upevents.nl\/?s={search_term_string}\"},\"query-input\":{\"@type\":\"PropertyValueSpecification\",\"valueRequired\":true,\"valueName\":\"search_term_string\"}}],\"inLanguage\":\"sk-SK\"},{\"@type\":[\"Organization\",\"Place\"],\"@id\":\"https:\/\/testwebsite.upevents.nl\/#organization\",\"name\":\"City Game\",\"alternateName\":\"citygame.com\",\"url\":\"https:\/\/testwebsite.upevents.nl\/\",\"logo\":{\"@id\":\"https:\/\/testwebsite.citygame.com\/sk\/games\/bordeaux\/sherlock-holmes-bordeaux\/#local-main-organization-logo\"},\"image\":{\"@id\":\"https:\/\/testwebsite.citygame.com\/sk\/games\/bordeaux\/sherlock-holmes-bordeaux\/#local-main-organization-logo\"},\"sameAs\":[\"https:\/\/www.facebook.com\/profile.php?id=100086426226253\",\"https:\/\/www.instagram.com\/citygame_com\",\"https:\/\/www.tiktok.com\/@citygamecom\/\",\"https:\/\/www.linkedin.com\/company\/citygame-com\"],\"description\":\"Turn any city into a playground with our interactive City Games and self-guided tours. Fun, flexible, and ideal for groups and team building.\",\"telephone\":[],\"openingHoursSpecification\":[{\"@type\":\"OpeningHoursSpecification\",\"dayOfWeek\":[\"Monday\",\"Tuesday\",\"Wednesday\",\"Thursday\",\"Friday\",\"Saturday\",\"Sunday\"],\"opens\":\"09:00\",\"closes\":\"17:00\"}]},{\"@type\":\"ImageObject\",\"inLanguage\":\"sk-SK\",\"@id\":\"https:\/\/testwebsite.citygame.com\/sk\/games\/bordeaux\/sherlock-holmes-bordeaux\/#local-main-organization-logo\",\"url\":\"https:\/\/testwebsite.citygame.com\/wp-content\/blogs.dir\/1\/files\/sites\/62\/2025\/10\/CG_LOGO-City-Game.png\",\"contentUrl\":\"https:\/\/testwebsite.citygame.com\/wp-content\/blogs.dir\/1\/files\/sites\/62\/2025\/10\/CG_LOGO-City-Game.png\",\"width\":351,\"height\":377,\"caption\":\"City Game\"}]}<\/script>\n<!-- \/ Yoast SEO Premium plugin. -->","yoast_head_json":{"title":"Sherlock Holmes Bordeaux - City Game","description":"Sherlock Holmes Bordeaux. Zahrajte si samoriaden\u00fa mestsk\u00fa hru s detekt\u00edvnou z\u00e1pletkou, rie\u0161te h\u00e1danky, sledujte stopy a odha\u013ete vraha vlastn\u00fdm tempom!","robots":{"index":"noindex","follow":"follow","max-snippet":"max-snippet:-1","max-image-preview":"max-image-preview:large","max-video-preview":"max-video-preview:-1"},"og_locale":"sk_SK","og_type":"article","og_title":"Sherlock Holmes Bordeaux","og_description":"Sherlock Holmes Bordeaux. Zahrajte si samoriaden\u00fa mestsk\u00fa hru s detekt\u00edvnou z\u00e1pletkou, rie\u0161te h\u00e1danky, sledujte stopy a odha\u013ete vraha vlastn\u00fdm tempom!","og_url":"https:\/\/testwebsite.citygame.com\/sk\/games\/bordeaux\/sherlock-holmes-bordeaux\/","og_site_name":"City Game","article_publisher":"https:\/\/www.facebook.com\/profile.php?id=100086426226253","article_modified_time":"2026-04-08T06:40:39+00:00","og_image":[{"width":1344,"height":768,"url":"https:\/\/testwebsite.citygame.com\/wp-content\/blogs.dir\/1\/files\/sites\/62\/2026\/02\/bordeaux-sherlock-game-player-woman-with-phone-on-old-town-street.jpg","type":"image\/jpeg"}],"twitter_card":"summary_large_image","schema":{"@context":"https:\/\/schema.org","@graph":[{"@type":"WebPage","@id":"https:\/\/testwebsite.citygame.com\/sk\/games\/bordeaux\/sherlock-holmes-bordeaux\/","url":"https:\/\/testwebsite.citygame.com\/sk\/games\/bordeaux\/sherlock-holmes-bordeaux\/","name":"Sherlock Holmes Bordeaux - City Game","isPartOf":{"@id":"https:\/\/testwebsite.upevents.nl\/#website"},"primaryImageOfPage":{"@id":"https:\/\/testwebsite.citygame.com\/sk\/games\/bordeaux\/sherlock-holmes-bordeaux\/#primaryimage"},"image":{"@id":"https:\/\/testwebsite.citygame.com\/sk\/games\/bordeaux\/sherlock-holmes-bordeaux\/#primaryimage"},"thumbnailUrl":"https:\/\/testwebsite.citygame.com\/wp-content\/blogs.dir\/1\/files\/sites\/62\/2026\/02\/bordeaux-sherlock-game-player-woman-with-phone-on-old-town-street.jpg","datePublished":"2026-02-05T11:30:18+00:00","dateModified":"2026-04-08T06:40:39+00:00","description":"Sherlock Holmes Bordeaux. Zahrajte si samoriaden\u00fa mestsk\u00fa hru s detekt\u00edvnou z\u00e1pletkou, rie\u0161te h\u00e1danky, sledujte stopy a odha\u013ete vraha vlastn\u00fdm tempom!","breadcrumb":{"@id":"https:\/\/testwebsite.citygame.com\/sk\/games\/bordeaux\/sherlock-holmes-bordeaux\/#breadcrumb"},"inLanguage":"sk-SK","potentialAction":[{"@type":"ReadAction","target":["https:\/\/testwebsite.citygame.com\/sk\/games\/bordeaux\/sherlock-holmes-bordeaux\/"]}]},{"@type":"ImageObject","inLanguage":"sk-SK","@id":"https:\/\/testwebsite.citygame.com\/sk\/games\/bordeaux\/sherlock-holmes-bordeaux\/#primaryimage","url":"https:\/\/testwebsite.citygame.com\/wp-content\/blogs.dir\/1\/files\/sites\/62\/2026\/02\/bordeaux-sherlock-game-player-woman-with-phone-on-old-town-street.jpg","contentUrl":"https:\/\/testwebsite.citygame.com\/wp-content\/blogs.dir\/1\/files\/sites\/62\/2026\/02\/bordeaux-sherlock-game-player-woman-with-phone-on-old-town-street.jpg","width":1344,"height":768,"caption":"A player solves puzzles on her phone while exploring the historic streets of Bordeaux."},{"@type":"BreadcrumbList","@id":"https:\/\/testwebsite.citygame.com\/sk\/games\/bordeaux\/sherlock-holmes-bordeaux\/#breadcrumb","itemListElement":[{"@type":"ListItem","position":1,"name":"Home","item":"https:\/\/testwebsite.citygame.com\/sk\/"},{"@type":"ListItem","position":2,"name":"Shop","item":"https:\/\/testwebsite.citygame.com\/shop\/"},{"@type":"ListItem","position":3,"name":"Sherlock Holmes Bordeaux"}]},{"@type":"WebSite","@id":"https:\/\/testwebsite.upevents.nl\/#website","url":"https:\/\/testwebsite.upevents.nl\/","name":"City Game","description":"","publisher":{"@id":"https:\/\/testwebsite.upevents.nl\/#organization"},"alternateName":"citygame.com","potentialAction":[{"@type":"SearchAction","target":{"@type":"EntryPoint","urlTemplate":"https:\/\/testwebsite.upevents.nl\/?s={search_term_string}"},"query-input":{"@type":"PropertyValueSpecification","valueRequired":true,"valueName":"search_term_string"}}],"inLanguage":"sk-SK"},{"@type":["Organization","Place"],"@id":"https:\/\/testwebsite.upevents.nl\/#organization","name":"City Game","alternateName":"citygame.com","url":"https:\/\/testwebsite.upevents.nl\/","logo":{"@id":"https:\/\/testwebsite.citygame.com\/sk\/games\/bordeaux\/sherlock-holmes-bordeaux\/#local-main-organization-logo"},"image":{"@id":"https:\/\/testwebsite.citygame.com\/sk\/games\/bordeaux\/sherlock-holmes-bordeaux\/#local-main-organization-logo"},"sameAs":["https:\/\/www.facebook.com\/profile.php?id=100086426226253","https:\/\/www.instagram.com\/citygame_com","https:\/\/www.tiktok.com\/@citygamecom\/","https:\/\/www.linkedin.com\/company\/citygame-com"],"description":"Turn any city into a playground with our interactive City Games and self-guided tours. Fun, flexible, and ideal for groups and team building.","telephone":[],"openingHoursSpecification":[{"@type":"OpeningHoursSpecification","dayOfWeek":["Monday","Tuesday","Wednesday","Thursday","Friday","Saturday","Sunday"],"opens":"09:00","closes":"17:00"}]},{"@type":"ImageObject","inLanguage":"sk-SK","@id":"https:\/\/testwebsite.citygame.com\/sk\/games\/bordeaux\/sherlock-holmes-bordeaux\/#local-main-organization-logo","url":"https:\/\/testwebsite.citygame.com\/wp-content\/blogs.dir\/1\/files\/sites\/62\/2025\/10\/CG_LOGO-City-Game.png","contentUrl":"https:\/\/testwebsite.citygame.com\/wp-content\/blogs.dir\/1\/files\/sites\/62\/2025\/10\/CG_LOGO-City-Game.png","width":351,"height":377,"caption":"City Game"}]}},"taxonomy_info":{"game-concept":[{"value":788,"label":"Sherlock"}],"location":[{"value":96,"label":"Bordeaux"}],"product_cat":[{"value":27,"label":"Geen categorie"}]},"featured_image_src_large":["https:\/\/testwebsite.citygame.com\/wp-content\/blogs.dir\/1\/files\/sites\/62\/2026\/02\/bordeaux-sherlock-game-player-woman-with-phone-on-old-town-street-1024x585.jpg",1024,585,true],"author_info":[],"comment_info":"","_links":{"self":[{"href":"https:\/\/testwebsite.citygame.com\/sk\/wp-json\/wp\/v2\/product\/60910","targetHints":{"allow":["GET"]}}],"collection":[{"href":"https:\/\/testwebsite.citygame.com\/sk\/wp-json\/wp\/v2\/product"}],"about":[{"href":"https:\/\/testwebsite.citygame.com\/sk\/wp-json\/wp\/v2\/types\/product"}],"acf:post":[{"embeddable":true,"href":"https:\/\/testwebsite.citygame.com\/sk\/wp-json\/wp\/v2\/pages\/7323"}],"wp:featuredmedia":[{"embeddable":true,"href":"https:\/\/testwebsite.citygame.com\/sk\/wp-json\/wp\/v2\/media\/10717"}],"wp:attachment":[{"href":"https:\/\/testwebsite.citygame.com\/sk\/wp-json\/wp\/v2\/media?parent=60910"}],"wp:term":[{"taxonomy":"game-concept","embeddable":true,"href":"https:\/\/testwebsite.citygame.com\/sk\/wp-json\/wp\/v2\/game-concept?post=60910"},{"taxonomy":"location","embeddable":true,"href":"https:\/\/testwebsite.citygame.com\/sk\/wp-json\/wp\/v2\/location?post=60910"},{"taxonomy":"product_brand","embeddable":true,"href":"https:\/\/testwebsite.citygame.com\/sk\/wp-json\/wp\/v2\/product_brand?post=60910"},{"taxonomy":"product_cat","embeddable":true,"href":"https:\/\/testwebsite.citygame.com\/sk\/wp-json\/wp\/v2\/product_cat?post=60910"},{"taxonomy":"product_tag","embeddable":true,"href":"https:\/\/testwebsite.citygame.com\/sk\/wp-json\/wp\/v2\/product_tag?post=60910"}],"curies":[{"name":"wp","href":"https:\/\/api.w.org\/{rel}","templated":true}]}}