{"id":60078,"date":"2026-02-05T10:02:59","date_gmt":"2026-02-05T10:02:59","guid":{"rendered":"https:\/\/testwebsite.citygame.com\/games\/unknown-location\/sherlock-holmes-granada\/"},"modified":"2026-04-08T05:08:35","modified_gmt":"2026-04-08T05:08:35","slug":"sherlock-holmes-granada","status":"publish","type":"product","link":"https:\/\/testwebsite.citygame.com\/sk\/games\/granada\/sherlock-holmes-granada\/","title":{"rendered":"Sherlock Holmes Granada"},"content":{"rendered":"<p>Vst\u00fapte do sveta Sherlocka Holmesa s touto samoobslu\u017enou, pr\u00edbehom riadenou mestskou hrou s detekt\u00edvnou z\u00e1hadou, odohr\u00e1vaj\u00facou sa v historickom centre Granady. Ako sa po vra\u017ede po\u010das festivalu Liberty rozv\u00edja mraziv\u00fd pr\u00edpad, hr\u00e1\u010di sa pohybuj\u00fa ulicami ako detekt\u00edvi, zbieraj\u00fa stopy, rie\u0161ia zlo\u017eit\u00e9 h\u00e1danky a vypo\u010d\u00favaj\u00fa digit\u00e1lnych podozriv\u00fdch, aby odhalili pravdu. Pohlcuj\u00face prostredie Granady sa stane kulisou v\u00e1\u0161ho vy\u0161etrovania, pon\u00fakaj\u00fac slobodu rozuzli\u0165 z\u00e1hadu vlastn\u00fdm tempom, zatia\u013e \u010do sa naplno v\u017eijete do \u00falohy holmesovsk\u00e9ho detekt\u00edva.<\/p>\n","protected":false},"excerpt":{"rendered":"<p>Vst\u00fapte do sveta Sherlocka Holmesa v Granade a ponorte sa do samoobslu\u017enej z\u00e1hady vra\u017edy, ktor\u00e1 v\u00e1s prevedie spletit\u00fdmi ulicami mesta. Vy a v\u00e1\u0161 t\u00edm budete sledova\u0165 stopy, rie\u0161i\u0165 zlo\u017eit\u00e9 h\u00e1danky a preteka\u0165 s \u010dasom, aby ste odhalili pravdu \u2013 myslite r\u00fdchlo, ka\u017ed\u00e9 tiknutie hod\u00edn sa po\u010d\u00edta!<\/p>\n","protected":false},"featured_media":10640,"template":"","meta":{"_acf_changed":false,"_yoast_wpseo_focuskw":"Sherlock Holmes Granada","_yoast_wpseo_metadesc":"Sherlock Holmes Granada. Hrajte samoobslu\u017en\u00fa detekt\u00edvnu mestsk\u00fa hru, rie\u0161te h\u00e1danky, sledujte stopy a odha\u013ete vraha vlastn\u00fdm tempom!","_kad_blocks_custom_css":"","_kad_blocks_head_custom_js":"","_kad_blocks_body_custom_js":"","_kad_blocks_footer_custom_js":"","ghostkit_customizer_options":"","ghostkit_custom_css":"","ghostkit_custom_js_head":"","ghostkit_custom_js_foot":"","ghostkit_typography":"","_kad_post_transparent":"","_kad_post_title":"","_kad_post_layout":"","_kad_post_sidebar_id":"","_kad_post_content_style":"","_kad_post_vertical_padding":"","_kad_post_feature":"","_kad_post_feature_position":"","_kad_post_header":false,"_kad_post_footer":false,"_kad_post_classname":"","_links_to":"","_links_to_target":""},"game-concept":[788],"location":[184],"product_brand":[],"product_cat":[27],"product_tag":[],"class_list":{"0":"post-60078","1":"product","2":"type-product","3":"status-publish","4":"has-post-thumbnail","6":"game-concept-sherlock","7":"location-granada","8":"product_cat-geen-categorie","10":"first","11":"instock","12":"shipping-taxable","13":"purchasable","14":"product-type-simple","15":"entry","16":"content-bg","17":"loop-entry"},"acf":{"full_bokun_product_name":"Granada Self-Guided Sherlock Holmes Murder Mystery Game","location_name":"Granada","bokun_calendar_widget_code":"<script type=\"text\/javascript\" src=\"https:\/\/widgets.bokun.io\/assets\/javascripts\/apps\/build\/BokunWidgetsLoader.js?bookingChannelUUID=a1e93e96-5232-4734-a595-28405f4b5a31\" async><\/script>\n     \n    <div class=\"bokunWidget\" data-src=\"https:\/\/widgets.bokun.io\/online-sales\/a1e93e96-5232-4734-a595-28405f4b5a31\/experience-calendar\/731618\"><\/div>\n    <noscript>Please enable javascript in your browser to book<\/noscript>","bokun_button_widget_code":"<script type=\"text\/javascript\" src=\"https:\/\/widgets.bokun.io\/assets\/javascripts\/apps\/build\/BokunWidgetsLoader.js?bookingChannelUUID=a1e93e96-5232-4734-a595-28405f4b5a31\" async><\/script>\n      <style> #bokun_ed001e45_5927_4f62_b470_ca766338d083 { display: inline-block; padding: .4em 1em; background: #47b82e; border-radius: 999999px; box-shadow: none; font-weight: 600; font-size: 24px; text-decoration: none; text-align: center; color: #FFFFFF; border:none; cursor: pointer; transition: background .2s ease; } #bokun_ed001e45_5927_4f62_b470_ca766338d083:hover{ background: #2f7b1f; } #bokun_ed001e45_5927_4f62_b470_ca766338d083:active{ background: #378f24; } <\/style> <button class=\"bokunButton\" disabled id=bokun_ed001e45_5927_4f62_b470_ca766338d083 data-src=\"https:\/\/widgets.bokun.io\/online-sales\/a1e93e96-5232-4734-a595-28405f4b5a31\/experience-calendar\/731618?partialView=1\" data-testid=\"widget-book-button\" > Book now <\/button> ","what_you\u2019ll_experience_during_the_game":"Vst\u00fapite do nap\u00ednav\u00e9ho detekt\u00edvneho pr\u00edbehu odohr\u00e1vaj\u00faceho sa v srdci Granady, kde ka\u017ed\u00fd roh skr\u00fdva nov\u00fa stopu a ka\u017ed\u00e1 ulica m\u00f4\u017ee obsahova\u0165 \u010fal\u0161\u00ed k\u013e\u00fa\u010d. Ke\u010f sa ponor\u00edte hlb\u0161ie do vy\u0161etrovania, z\u00e1hada sa rozvinie po celom meste, vtiahne v\u00e1s do vrstven\u00e9ho pr\u00edpadu obklopuj\u00faceho vra\u017edu po\u010das festivalu Liberty. Odhal\u00edte skryt\u00e9 stopy, rozl\u00fa\u0161tite za\u0161ifrovan\u00e9 spr\u00e1vy a prejdete cestou tajomstiev, ktor\u00e9 si vy\u017eaduj\u00fa bystr\u00e9 pozorovanie a logick\u00fa dedukciu.\n\nPo\u010das celej sk\u00fasenosti vypo\u010d\u00favate digit\u00e1lnych podozriv\u00fdch, sk\u00famate protichodn\u00e9 alibi a rozplet\u00e1te rozpory, ktor\u00e9 pos\u00favaj\u00fa va\u0161e kritick\u00e9 myslenie na hranicu mo\u017enost\u00ed. Hra je plne pr\u00edbehovo riaden\u00e1, navrhnut\u00e1 tak, aby v\u00e1s vtiahla do bohat\u00e9ho rozpr\u00e1vania, kde ka\u017ed\u00e9 rozhodnutie m\u00e1 svoju v\u00e1hu. Hrajte vlastn\u00fdm tempom, pozastavujte a pokra\u010dujte kedyko\u013evek si vyberiete. Ak s\u00fa\u0165a\u017e\u00edte v t\u00edme, v\u00fdzva prid\u00e1va dodato\u010dn\u00fa naliehavos\u0165 pri rie\u0161en\u00ed pr\u00edpadu. K\u00fasok po k\u00fasku pracujete na odhalen\u00ed pravdy za zlo\u010dinom\u2014bez toho, aby ste vedeli, kam v\u00e1s zavedie \u010fal\u0161\u00ed zvrat.","how_to_play":"Pracujte samostatne alebo s priate\u013emi, rodinou \u010di kolegami v t\u00edmoch do \u0161tyroch os\u00f4b na jedno zariadenie. Po rezerv\u00e1cii dostanete e-mail s pokynmi, ktor\u00e9 obsahuj\u00fa v\u0161etko, \u010do potrebujete.","start_location":"Granada, Fuente de los Gigantes","available_languages":["en","es","fr","de","it","nl"],"players_per_group":"1-4","duration":"1.5-2 hours","image_overlay_color_image":"https:\/\/testwebsite.citygame.com\/wp-content\/blogs.dir\/1\/files\/sites\/62\/2026\/01\/SherlockColor.svg","image_overlay_game_logo":"https:\/\/testwebsite.citygame.com\/wp-content\/blogs.dir\/1\/files\/sites\/62\/2026\/01\/SherlockLogo.png","city_page":7253,"woocommerce_general_content":null},"yoast_head":"<!-- This site is optimized with the Yoast SEO Premium plugin v26.2 (Yoast SEO v26.3) - https:\/\/yoast.com\/wordpress\/plugins\/seo\/ -->\n<title>Sherlock Holmes Granada - City Game<\/title>\n<meta name=\"description\" content=\"Sherlock Holmes Granada. Hrajte samoobslu\u017en\u00fa detekt\u00edvnu mestsk\u00fa hru, rie\u0161te h\u00e1danky, sledujte stopy a odha\u013ete vraha vlastn\u00fdm tempom!\" \/>\n<meta name=\"robots\" content=\"noindex, follow, max-snippet:-1, max-image-preview:large, max-video-preview:-1\" \/>\n<meta property=\"og:locale\" content=\"sk_SK\" \/>\n<meta property=\"og:type\" content=\"article\" \/>\n<meta property=\"og:title\" content=\"Sherlock Holmes Granada\" \/>\n<meta property=\"og:description\" content=\"Sherlock Holmes Granada. Hrajte samoobslu\u017en\u00fa detekt\u00edvnu mestsk\u00fa hru, rie\u0161te h\u00e1danky, sledujte stopy a odha\u013ete vraha vlastn\u00fdm tempom!\" \/>\n<meta property=\"og:url\" content=\"https:\/\/testwebsite.citygame.com\/sk\/games\/granada\/sherlock-holmes-granada\/\" \/>\n<meta property=\"og:site_name\" content=\"City Game\" \/>\n<meta property=\"article:publisher\" content=\"https:\/\/www.facebook.com\/profile.php?id=100086426226253\" \/>\n<meta property=\"article:modified_time\" content=\"2026-04-08T05:08:35+00:00\" \/>\n<meta property=\"og:image\" content=\"https:\/\/testwebsite.citygame.com\/wp-content\/blogs.dir\/1\/files\/sites\/62\/2026\/02\/man-playing-sherlock-city-game-on-phone-in-granada-street.jpg\" \/>\n\t<meta property=\"og:image:width\" content=\"1344\" \/>\n\t<meta property=\"og:image:height\" content=\"768\" \/>\n\t<meta property=\"og:image:type\" content=\"image\/jpeg\" \/>\n<meta name=\"twitter:card\" content=\"summary_large_image\" \/>\n<meta name=\"twitter:label1\" content=\"Predpokladan\u00fd \u010das \u010d\u00edtania\" \/>\n\t<meta name=\"twitter:data1\" content=\"1 min\u00fata\" \/>\n<script type=\"application\/ld+json\" class=\"yoast-schema-graph\">{\"@context\":\"https:\/\/schema.org\",\"@graph\":[{\"@type\":\"WebPage\",\"@id\":\"https:\/\/testwebsite.citygame.com\/sk\/games\/granada\/sherlock-holmes-granada\/\",\"url\":\"https:\/\/testwebsite.citygame.com\/sk\/games\/granada\/sherlock-holmes-granada\/\",\"name\":\"Sherlock Holmes Granada - City Game\",\"isPartOf\":{\"@id\":\"https:\/\/testwebsite.upevents.nl\/#website\"},\"primaryImageOfPage\":{\"@id\":\"https:\/\/testwebsite.citygame.com\/sk\/games\/granada\/sherlock-holmes-granada\/#primaryimage\"},\"image\":{\"@id\":\"https:\/\/testwebsite.citygame.com\/sk\/games\/granada\/sherlock-holmes-granada\/#primaryimage\"},\"thumbnailUrl\":\"https:\/\/testwebsite.citygame.com\/wp-content\/blogs.dir\/1\/files\/sites\/62\/2026\/02\/man-playing-sherlock-city-game-on-phone-in-granada-street.jpg\",\"datePublished\":\"2026-02-05T10:02:59+00:00\",\"dateModified\":\"2026-04-08T05:08:35+00:00\",\"description\":\"Sherlock Holmes Granada. Hrajte samoobslu\u017en\u00fa detekt\u00edvnu mestsk\u00fa hru, rie\u0161te h\u00e1danky, sledujte stopy a odha\u013ete vraha vlastn\u00fdm tempom!\",\"breadcrumb\":{\"@id\":\"https:\/\/testwebsite.citygame.com\/sk\/games\/granada\/sherlock-holmes-granada\/#breadcrumb\"},\"inLanguage\":\"sk-SK\",\"potentialAction\":[{\"@type\":\"ReadAction\",\"target\":[\"https:\/\/testwebsite.citygame.com\/sk\/games\/granada\/sherlock-holmes-granada\/\"]}]},{\"@type\":\"ImageObject\",\"inLanguage\":\"sk-SK\",\"@id\":\"https:\/\/testwebsite.citygame.com\/sk\/games\/granada\/sherlock-holmes-granada\/#primaryimage\",\"url\":\"https:\/\/testwebsite.citygame.com\/wp-content\/blogs.dir\/1\/files\/sites\/62\/2026\/02\/man-playing-sherlock-city-game-on-phone-in-granada-street.jpg\",\"contentUrl\":\"https:\/\/testwebsite.citygame.com\/wp-content\/blogs.dir\/1\/files\/sites\/62\/2026\/02\/man-playing-sherlock-city-game-on-phone-in-granada-street.jpg\",\"width\":1344,\"height\":768,\"caption\":\"A player navigates a narrow, historic street in Granada using a city game app on his phone.\"},{\"@type\":\"BreadcrumbList\",\"@id\":\"https:\/\/testwebsite.citygame.com\/sk\/games\/granada\/sherlock-holmes-granada\/#breadcrumb\",\"itemListElement\":[{\"@type\":\"ListItem\",\"position\":1,\"name\":\"Home\",\"item\":\"https:\/\/testwebsite.citygame.com\/sk\/\"},{\"@type\":\"ListItem\",\"position\":2,\"name\":\"Shop\",\"item\":\"https:\/\/testwebsite.citygame.com\/shop\/\"},{\"@type\":\"ListItem\",\"position\":3,\"name\":\"Sherlock Holmes Granada\"}]},{\"@type\":\"WebSite\",\"@id\":\"https:\/\/testwebsite.upevents.nl\/#website\",\"url\":\"https:\/\/testwebsite.upevents.nl\/\",\"name\":\"City Game\",\"description\":\"\",\"publisher\":{\"@id\":\"https:\/\/testwebsite.upevents.nl\/#organization\"},\"alternateName\":\"citygame.com\",\"potentialAction\":[{\"@type\":\"SearchAction\",\"target\":{\"@type\":\"EntryPoint\",\"urlTemplate\":\"https:\/\/testwebsite.upevents.nl\/?s={search_term_string}\"},\"query-input\":{\"@type\":\"PropertyValueSpecification\",\"valueRequired\":true,\"valueName\":\"search_term_string\"}}],\"inLanguage\":\"sk-SK\"},{\"@type\":[\"Organization\",\"Place\"],\"@id\":\"https:\/\/testwebsite.upevents.nl\/#organization\",\"name\":\"City Game\",\"alternateName\":\"citygame.com\",\"url\":\"https:\/\/testwebsite.upevents.nl\/\",\"logo\":{\"@id\":\"https:\/\/testwebsite.citygame.com\/sk\/games\/granada\/sherlock-holmes-granada\/#local-main-organization-logo\"},\"image\":{\"@id\":\"https:\/\/testwebsite.citygame.com\/sk\/games\/granada\/sherlock-holmes-granada\/#local-main-organization-logo\"},\"sameAs\":[\"https:\/\/www.facebook.com\/profile.php?id=100086426226253\",\"https:\/\/www.instagram.com\/citygame_com\",\"https:\/\/www.tiktok.com\/@citygamecom\/\",\"https:\/\/www.linkedin.com\/company\/citygame-com\"],\"description\":\"Turn any city into a playground with our interactive City Games and self-guided tours. Fun, flexible, and ideal for groups and team building.\",\"telephone\":[],\"openingHoursSpecification\":[{\"@type\":\"OpeningHoursSpecification\",\"dayOfWeek\":[\"Monday\",\"Tuesday\",\"Wednesday\",\"Thursday\",\"Friday\",\"Saturday\",\"Sunday\"],\"opens\":\"09:00\",\"closes\":\"17:00\"}]},{\"@type\":\"ImageObject\",\"inLanguage\":\"sk-SK\",\"@id\":\"https:\/\/testwebsite.citygame.com\/sk\/games\/granada\/sherlock-holmes-granada\/#local-main-organization-logo\",\"url\":\"https:\/\/testwebsite.citygame.com\/wp-content\/blogs.dir\/1\/files\/sites\/62\/2025\/10\/CG_LOGO-City-Game.png\",\"contentUrl\":\"https:\/\/testwebsite.citygame.com\/wp-content\/blogs.dir\/1\/files\/sites\/62\/2025\/10\/CG_LOGO-City-Game.png\",\"width\":351,\"height\":377,\"caption\":\"City Game\"}]}<\/script>\n<!-- \/ Yoast SEO Premium plugin. -->","yoast_head_json":{"title":"Sherlock Holmes Granada - City Game","description":"Sherlock Holmes Granada. Hrajte samoobslu\u017en\u00fa detekt\u00edvnu mestsk\u00fa hru, rie\u0161te h\u00e1danky, sledujte stopy a odha\u013ete vraha vlastn\u00fdm tempom!","robots":{"index":"noindex","follow":"follow","max-snippet":"max-snippet:-1","max-image-preview":"max-image-preview:large","max-video-preview":"max-video-preview:-1"},"og_locale":"sk_SK","og_type":"article","og_title":"Sherlock Holmes Granada","og_description":"Sherlock Holmes Granada. Hrajte samoobslu\u017en\u00fa detekt\u00edvnu mestsk\u00fa hru, rie\u0161te h\u00e1danky, sledujte stopy a odha\u013ete vraha vlastn\u00fdm tempom!","og_url":"https:\/\/testwebsite.citygame.com\/sk\/games\/granada\/sherlock-holmes-granada\/","og_site_name":"City Game","article_publisher":"https:\/\/www.facebook.com\/profile.php?id=100086426226253","article_modified_time":"2026-04-08T05:08:35+00:00","og_image":[{"width":1344,"height":768,"url":"https:\/\/testwebsite.citygame.com\/wp-content\/blogs.dir\/1\/files\/sites\/62\/2026\/02\/man-playing-sherlock-city-game-on-phone-in-granada-street.jpg","type":"image\/jpeg"}],"twitter_card":"summary_large_image","twitter_misc":{"Predpokladan\u00fd \u010das \u010d\u00edtania":"1 min\u00fata"},"schema":{"@context":"https:\/\/schema.org","@graph":[{"@type":"WebPage","@id":"https:\/\/testwebsite.citygame.com\/sk\/games\/granada\/sherlock-holmes-granada\/","url":"https:\/\/testwebsite.citygame.com\/sk\/games\/granada\/sherlock-holmes-granada\/","name":"Sherlock Holmes Granada - City Game","isPartOf":{"@id":"https:\/\/testwebsite.upevents.nl\/#website"},"primaryImageOfPage":{"@id":"https:\/\/testwebsite.citygame.com\/sk\/games\/granada\/sherlock-holmes-granada\/#primaryimage"},"image":{"@id":"https:\/\/testwebsite.citygame.com\/sk\/games\/granada\/sherlock-holmes-granada\/#primaryimage"},"thumbnailUrl":"https:\/\/testwebsite.citygame.com\/wp-content\/blogs.dir\/1\/files\/sites\/62\/2026\/02\/man-playing-sherlock-city-game-on-phone-in-granada-street.jpg","datePublished":"2026-02-05T10:02:59+00:00","dateModified":"2026-04-08T05:08:35+00:00","description":"Sherlock Holmes Granada. Hrajte samoobslu\u017en\u00fa detekt\u00edvnu mestsk\u00fa hru, rie\u0161te h\u00e1danky, sledujte stopy a odha\u013ete vraha vlastn\u00fdm tempom!","breadcrumb":{"@id":"https:\/\/testwebsite.citygame.com\/sk\/games\/granada\/sherlock-holmes-granada\/#breadcrumb"},"inLanguage":"sk-SK","potentialAction":[{"@type":"ReadAction","target":["https:\/\/testwebsite.citygame.com\/sk\/games\/granada\/sherlock-holmes-granada\/"]}]},{"@type":"ImageObject","inLanguage":"sk-SK","@id":"https:\/\/testwebsite.citygame.com\/sk\/games\/granada\/sherlock-holmes-granada\/#primaryimage","url":"https:\/\/testwebsite.citygame.com\/wp-content\/blogs.dir\/1\/files\/sites\/62\/2026\/02\/man-playing-sherlock-city-game-on-phone-in-granada-street.jpg","contentUrl":"https:\/\/testwebsite.citygame.com\/wp-content\/blogs.dir\/1\/files\/sites\/62\/2026\/02\/man-playing-sherlock-city-game-on-phone-in-granada-street.jpg","width":1344,"height":768,"caption":"A player navigates a narrow, historic street in Granada using a city game app on his phone."},{"@type":"BreadcrumbList","@id":"https:\/\/testwebsite.citygame.com\/sk\/games\/granada\/sherlock-holmes-granada\/#breadcrumb","itemListElement":[{"@type":"ListItem","position":1,"name":"Home","item":"https:\/\/testwebsite.citygame.com\/sk\/"},{"@type":"ListItem","position":2,"name":"Shop","item":"https:\/\/testwebsite.citygame.com\/shop\/"},{"@type":"ListItem","position":3,"name":"Sherlock Holmes Granada"}]},{"@type":"WebSite","@id":"https:\/\/testwebsite.upevents.nl\/#website","url":"https:\/\/testwebsite.upevents.nl\/","name":"City Game","description":"","publisher":{"@id":"https:\/\/testwebsite.upevents.nl\/#organization"},"alternateName":"citygame.com","potentialAction":[{"@type":"SearchAction","target":{"@type":"EntryPoint","urlTemplate":"https:\/\/testwebsite.upevents.nl\/?s={search_term_string}"},"query-input":{"@type":"PropertyValueSpecification","valueRequired":true,"valueName":"search_term_string"}}],"inLanguage":"sk-SK"},{"@type":["Organization","Place"],"@id":"https:\/\/testwebsite.upevents.nl\/#organization","name":"City Game","alternateName":"citygame.com","url":"https:\/\/testwebsite.upevents.nl\/","logo":{"@id":"https:\/\/testwebsite.citygame.com\/sk\/games\/granada\/sherlock-holmes-granada\/#local-main-organization-logo"},"image":{"@id":"https:\/\/testwebsite.citygame.com\/sk\/games\/granada\/sherlock-holmes-granada\/#local-main-organization-logo"},"sameAs":["https:\/\/www.facebook.com\/profile.php?id=100086426226253","https:\/\/www.instagram.com\/citygame_com","https:\/\/www.tiktok.com\/@citygamecom\/","https:\/\/www.linkedin.com\/company\/citygame-com"],"description":"Turn any city into a playground with our interactive City Games and self-guided tours. Fun, flexible, and ideal for groups and team building.","telephone":[],"openingHoursSpecification":[{"@type":"OpeningHoursSpecification","dayOfWeek":["Monday","Tuesday","Wednesday","Thursday","Friday","Saturday","Sunday"],"opens":"09:00","closes":"17:00"}]},{"@type":"ImageObject","inLanguage":"sk-SK","@id":"https:\/\/testwebsite.citygame.com\/sk\/games\/granada\/sherlock-holmes-granada\/#local-main-organization-logo","url":"https:\/\/testwebsite.citygame.com\/wp-content\/blogs.dir\/1\/files\/sites\/62\/2025\/10\/CG_LOGO-City-Game.png","contentUrl":"https:\/\/testwebsite.citygame.com\/wp-content\/blogs.dir\/1\/files\/sites\/62\/2025\/10\/CG_LOGO-City-Game.png","width":351,"height":377,"caption":"City Game"}]}},"taxonomy_info":{"game-concept":[{"value":788,"label":"Sherlock"}],"location":[{"value":184,"label":"Granada"}],"product_cat":[{"value":27,"label":"Geen categorie"}]},"featured_image_src_large":["https:\/\/testwebsite.citygame.com\/wp-content\/blogs.dir\/1\/files\/sites\/62\/2026\/02\/man-playing-sherlock-city-game-on-phone-in-granada-street-1024x585.jpg",1024,585,true],"author_info":[],"comment_info":"","_links":{"self":[{"href":"https:\/\/testwebsite.citygame.com\/sk\/wp-json\/wp\/v2\/product\/60078","targetHints":{"allow":["GET"]}}],"collection":[{"href":"https:\/\/testwebsite.citygame.com\/sk\/wp-json\/wp\/v2\/product"}],"about":[{"href":"https:\/\/testwebsite.citygame.com\/sk\/wp-json\/wp\/v2\/types\/product"}],"acf:post":[{"embeddable":true,"href":"https:\/\/testwebsite.citygame.com\/sk\/wp-json\/wp\/v2\/pages\/7253"}],"wp:featuredmedia":[{"embeddable":true,"href":"https:\/\/testwebsite.citygame.com\/sk\/wp-json\/wp\/v2\/media\/10640"}],"wp:attachment":[{"href":"https:\/\/testwebsite.citygame.com\/sk\/wp-json\/wp\/v2\/media?parent=60078"}],"wp:term":[{"taxonomy":"game-concept","embeddable":true,"href":"https:\/\/testwebsite.citygame.com\/sk\/wp-json\/wp\/v2\/game-concept?post=60078"},{"taxonomy":"location","embeddable":true,"href":"https:\/\/testwebsite.citygame.com\/sk\/wp-json\/wp\/v2\/location?post=60078"},{"taxonomy":"product_brand","embeddable":true,"href":"https:\/\/testwebsite.citygame.com\/sk\/wp-json\/wp\/v2\/product_brand?post=60078"},{"taxonomy":"product_cat","embeddable":true,"href":"https:\/\/testwebsite.citygame.com\/sk\/wp-json\/wp\/v2\/product_cat?post=60078"},{"taxonomy":"product_tag","embeddable":true,"href":"https:\/\/testwebsite.citygame.com\/sk\/wp-json\/wp\/v2\/product_tag?post=60078"}],"curies":[{"name":"wp","href":"https:\/\/api.w.org\/{rel}","templated":true}]}}