{"id":59186,"date":"2026-01-27T11:06:22","date_gmt":"2026-01-27T11:06:22","guid":{"rendered":"https:\/\/testwebsite.citygame.com\/games\/unknown-location\/secrets-of-heidelberg\/"},"modified":"2026-04-08T03:35:38","modified_gmt":"2026-04-08T03:35:38","slug":"secrets-of-heidelberg","status":"publish","type":"product","link":"https:\/\/testwebsite.citygame.com\/sk\/games\/heidelberg\/secrets-of-heidelberg\/","title":{"rendered":"Secrets of Heidelberg"},"content":{"rendered":"<p>Hra Secrets of Heidelberg City Game je samostatn\u00e1 hra zalo\u017een\u00e1 na GPS, ktor\u00e1 sa odohr\u00e1va v historickom centre Heidelbergu. Pomocou smartf\u00f3nu hr\u00e1\u010di objavuj\u00fa mesto rie\u0161en\u00edm h\u00e1daniek, hlavolamov a plnen\u00edm fotografick\u00fdch v\u00fdziev, ke\u010f sa pres\u00favaj\u00fa z jedn\u00e9ho miesta na druh\u00e9. Po\u010das cesty hra pon\u00faka poh\u013ead na hist\u00f3riu, kult\u00faru a menej zn\u00e1me detaily Heidelbergu, ktor\u00e9 si mo\u017eno nev\u0161imli ani miestni obyvatelia. T\u00e1to samostatn\u00e1 mestsk\u00e1 hra je ide\u00e1lna pre n\u00e1v\u0161tevn\u00edkov aj obyvate\u013eov a rovnako dobre funguje pre jednotlivcov, p\u00e1ry, rodiny alebo skupiny priate\u013eov. \u010ci u\u017e h\u013ead\u00e1te p\u00fatav\u00fa objavite\u013esk\u00fa hru alebo jedine\u010dn\u00fd sp\u00f4sob, ako objavi\u0165 Heidelberg, t\u00e1to GPS hra pon\u00faka flexibiln\u00fd a interakt\u00edvny z\u00e1\u017eitok.<\/p>\n","protected":false},"excerpt":{"rendered":"<p>Objavte skryt\u00e9 dedi\u010dstvo Heidelbergu! Ponorte sa hlboko do mesta, kde sa nad\u010dasov\u00e9 trad\u00edcie stret\u00e1vaj\u00fa s vitalitou \u0161tudentsk\u00e9ho \u017eivota, kde sa ozveny stredovekej hist\u00f3rie mie\u0161aj\u00fa so \u017eiv\u00fdmi trhmi a ru\u0161n\u00fdmi kaviar\u0148ami. Rozl\u00fa\u0161tite pr\u00edbehy, zatia\u013e \u010do prech\u00e1dzate jeho o\u010daruj\u00facim star\u00fdm mestom \u2013 Heidelberg prekypuje pr\u00edbehmi, ktor\u00e9 \u010dakaj\u00fa na rozpr\u00e1vanie!<\/p>\n","protected":false},"featured_media":4712,"template":"","meta":{"_acf_changed":false,"_yoast_wpseo_focuskw":"Secrets of Heidelberg","_yoast_wpseo_metadesc":"Secrets of Heidelberg. Zahrajte si samostatn\u00fa mestsk\u00fa hru a objavujte mesto prostredn\u00edctvom hlavolamov, h\u00e1daniek a v\u00fdziev. Hrajte vlastn\u00fdm tempom a objavujte ako miestny!","_kad_blocks_custom_css":"","_kad_blocks_head_custom_js":"","_kad_blocks_body_custom_js":"","_kad_blocks_footer_custom_js":"","ghostkit_customizer_options":"","ghostkit_custom_css":"","ghostkit_custom_js_head":"","ghostkit_custom_js_foot":"","ghostkit_typography":"","_kad_post_transparent":"","_kad_post_title":"","_kad_post_layout":"","_kad_post_sidebar_id":"","_kad_post_content_style":"","_kad_post_vertical_padding":"","_kad_post_feature":"","_kad_post_feature_position":"","_kad_post_header":false,"_kad_post_footer":false,"_kad_post_classname":"","_links_to":"","_links_to_target":""},"game-concept":[727],"location":[195],"product_brand":[],"product_cat":[27],"product_tag":[],"class_list":{"0":"post-59186","1":"product","2":"type-product","3":"status-publish","4":"has-post-thumbnail","6":"game-concept-secrets","7":"location-heidelberg","8":"product_cat-geen-categorie","10":"first","11":"instock","12":"shipping-taxable","13":"purchasable","14":"product-type-simple","15":"entry","16":"content-bg","17":"loop-entry"},"acf":{"full_bokun_product_name":"Self-Guided Secrets of Heidelberg Exploration Game","location_name":"Heidelberg","bokun_calendar_widget_code":"<script type=\"text\/javascript\" src=\"https:\/\/widgets.bokun.io\/assets\/javascripts\/apps\/build\/BokunWidgetsLoader.js?bookingChannelUUID=a1e93e96-5232-4734-a595-28405f4b5a31\" async><\/script>\n     \n    <div class=\"bokunWidget\" data-src=\"https:\/\/widgets.bokun.io\/online-sales\/a1e93e96-5232-4734-a595-28405f4b5a31\/experience-calendar\/827832\"><\/div>\n    <noscript>Please enable javascript in your browser to book<\/noscript>","bokun_button_widget_code":"<script type=\"text\/javascript\" src=\"https:\/\/widgets.bokun.io\/assets\/javascripts\/apps\/build\/BokunWidgetsLoader.js?bookingChannelUUID=a1e93e96-5232-4734-a595-28405f4b5a31\" async><\/script>\n      <style> #bokun_ed001e45_5927_4f62_b470_ca766338d083 { display: inline-block; padding: .4em 1em; background: #47b82e; border-radius: 999999px; box-shadow: none; font-weight: 600; font-size: 24px; text-decoration: none; text-align: center; color: #FFFFFF; border:none; cursor: pointer; transition: background .2s ease; } #bokun_ed001e45_5927_4f62_b470_ca766338d083:hover{ background: #2f7b1f; } #bokun_ed001e45_5927_4f62_b470_ca766338d083:active{ background: #378f24; } <\/style> <button class=\"bokunButton\" disabled id=bokun_ed001e45_5927_4f62_b470_ca766338d083 data-src=\"https:\/\/widgets.bokun.io\/online-sales\/a1e93e96-5232-4734-a595-28405f4b5a31\/experience-calendar\/827832?partialView=1\" data-testid=\"widget-book-button\" > Book now <\/button> ","what_you\u2019ll_experience_during_the_game":"Ke\u010f budete hra\u0165 City Game v Heidelbergu, budete objavova\u0165 mesto prostredn\u00edctvom kombin\u00e1cie rozpr\u00e1vania pr\u00edbehov a interakt\u00edvnej prehliadky pamiatok. Hra v\u00e1s prevedie ikonick\u00fdmi pamiatkami aj tich\u0161\u00edmi z\u00e1kutiami, odha\u013euj\u00fac r\u00f4zne str\u00e1nky k\u00fazla Heidelbergu. Po\u010das cesty sa m\u00f4\u017eete ocitn\u00fa\u0165 bl\u00edzko historick\u00e9ho Star\u00e9ho mosta, prech\u00e1dza\u0165 okolo zn\u00e1meho Heidelbersk\u00e9ho hradu alebo objavova\u0165 miestny \u017eivot okolo ru\u0161nej Hauptstra\u00dfe. Ka\u017ed\u00fd krok v\u00e1s poz\u00fdva zapoji\u0165 sa do okolia zmysluplnej\u0161\u00edm sp\u00f4sobom, sp\u00e1jaj\u00fac miestne pr\u00edbehy s miestami, ktor\u00e9 nav\u0161t\u00edvite.\n\nPo\u010das cel\u00e9ho objavovania budete rie\u0161i\u0165 s\u00e9riu hlavolamov, ot\u00e1zok, fotografick\u00fdch \u00faloh a kreat\u00edvnych v\u00fdziev, ktor\u00e9 o\u017eivia pr\u00edbeh. Tieto aktivity v\u00e1m pom\u00f4\u017eu zbiera\u0165 body, odomyka\u0165 stopy a pribl\u00ed\u017ei\u0165 sa k odhaleniu kone\u010dn\u00e9ho skryt\u00e9ho tajomstva jedine\u010dn\u00e9ho pre Heidelberg City Game. Hru m\u00f4\u017eete kedyko\u013evek pozastavi\u0165 a nesk\u00f4r v nej pokra\u010dova\u0165, \u010do v\u00e1m umo\u017en\u00ed prisp\u00f4sobi\u0165 si z\u00e1\u017eitok vlastn\u00e9mu tempu. S\u00fa\u0165a\u017eiv\u00e9 t\u00edmy sa m\u00f4\u017eu tie\u017e pok\u00fasi\u0165 vy\u0161plha\u0165 sa na rebr\u00ed\u010dek, \u010d\u00edm dodaj\u00fa tejto mestskej exped\u00edcii z\u00e1bavn\u00fd n\u00e1dych.","how_to_play":"Zarezervujte si Hru na objavovanie, skontrolujte e-mail, ktor\u00fd v\u00e1m po\u0161leme s jednoduch\u00fdmi in\u0161trukciami, stiahnite si aplik\u00e1ciu Loquiz, pristupte k Hre na objavovanie a ste pripraven\u00ed za\u010da\u0165 v\u00e1\u0161 hern\u00fd z\u00e1\u017eitok!","start_location":"Heidelberg, Universit\u00e4tsplatz","available_languages":["en"],"players_per_group":"1-4","duration":"1.5-2 hours","image_overlay_color_image":"https:\/\/testwebsite.citygame.com\/wp-content\/blogs.dir\/1\/files\/sites\/62\/2026\/01\/SecretsColor.svg","image_overlay_game_logo":"https:\/\/testwebsite.citygame.com\/wp-content\/blogs.dir\/1\/files\/sites\/62\/2026\/01\/SecretsLogo.png","city_page":4690,"woocommerce_general_content":null},"yoast_head":"<!-- This site is optimized with the Yoast SEO Premium plugin v26.2 (Yoast SEO v26.3) - https:\/\/yoast.com\/wordpress\/plugins\/seo\/ -->\n<title>Secrets of Heidelberg - City Game<\/title>\n<meta name=\"description\" content=\"Secrets of Heidelberg. Zahrajte si samostatn\u00fa mestsk\u00fa hru a objavujte mesto prostredn\u00edctvom hlavolamov, h\u00e1daniek a v\u00fdziev. Hrajte vlastn\u00fdm tempom a objavujte ako miestny!\" \/>\n<meta name=\"robots\" content=\"noindex, follow, max-snippet:-1, max-image-preview:large, max-video-preview:-1\" \/>\n<meta property=\"og:locale\" content=\"sk_SK\" \/>\n<meta property=\"og:type\" content=\"article\" \/>\n<meta property=\"og:title\" content=\"Secrets of Heidelberg\" \/>\n<meta property=\"og:description\" content=\"Secrets of Heidelberg. Zahrajte si samostatn\u00fa mestsk\u00fa hru a objavujte mesto prostredn\u00edctvom hlavolamov, h\u00e1daniek a v\u00fdziev. Hrajte vlastn\u00fdm tempom a objavujte ako miestny!\" \/>\n<meta property=\"og:url\" content=\"https:\/\/testwebsite.citygame.com\/sk\/games\/heidelberg\/secrets-of-heidelberg\/\" \/>\n<meta property=\"og:site_name\" content=\"City Game\" \/>\n<meta property=\"article:publisher\" content=\"https:\/\/www.facebook.com\/profile.php?id=100086426226253\" \/>\n<meta property=\"article:modified_time\" content=\"2026-04-08T03:35:38+00:00\" \/>\n<meta property=\"og:image\" content=\"https:\/\/testwebsite.citygame.com\/wp-content\/blogs.dir\/1\/files\/sites\/62\/2026\/01\/heidelberg-woman-playing-city-game-on-phone.jpg\" \/>\n\t<meta property=\"og:image:width\" content=\"704\" \/>\n\t<meta property=\"og:image:height\" content=\"1472\" \/>\n\t<meta property=\"og:image:type\" content=\"image\/jpeg\" \/>\n<meta name=\"twitter:card\" content=\"summary_large_image\" \/>\n<meta name=\"twitter:label1\" content=\"Predpokladan\u00fd \u010das \u010d\u00edtania\" \/>\n\t<meta name=\"twitter:data1\" content=\"1 min\u00fata\" \/>\n<script type=\"application\/ld+json\" class=\"yoast-schema-graph\">{\"@context\":\"https:\/\/schema.org\",\"@graph\":[{\"@type\":\"WebPage\",\"@id\":\"https:\/\/testwebsite.citygame.com\/sk\/games\/heidelberg\/secrets-of-heidelberg\/\",\"url\":\"https:\/\/testwebsite.citygame.com\/sk\/games\/heidelberg\/secrets-of-heidelberg\/\",\"name\":\"Secrets of Heidelberg - City Game\",\"isPartOf\":{\"@id\":\"https:\/\/testwebsite.upevents.nl\/#website\"},\"primaryImageOfPage\":{\"@id\":\"https:\/\/testwebsite.citygame.com\/sk\/games\/heidelberg\/secrets-of-heidelberg\/#primaryimage\"},\"image\":{\"@id\":\"https:\/\/testwebsite.citygame.com\/sk\/games\/heidelberg\/secrets-of-heidelberg\/#primaryimage\"},\"thumbnailUrl\":\"https:\/\/testwebsite.citygame.com\/wp-content\/blogs.dir\/1\/files\/sites\/62\/2026\/01\/heidelberg-woman-playing-city-game-on-phone.jpg\",\"datePublished\":\"2026-01-27T11:06:22+00:00\",\"dateModified\":\"2026-04-08T03:35:38+00:00\",\"description\":\"Secrets of Heidelberg. Zahrajte si samostatn\u00fa mestsk\u00fa hru a objavujte mesto prostredn\u00edctvom hlavolamov, h\u00e1daniek a v\u00fdziev. Hrajte vlastn\u00fdm tempom a objavujte ako miestny!\",\"breadcrumb\":{\"@id\":\"https:\/\/testwebsite.citygame.com\/sk\/games\/heidelberg\/secrets-of-heidelberg\/#breadcrumb\"},\"inLanguage\":\"sk-SK\",\"potentialAction\":[{\"@type\":\"ReadAction\",\"target\":[\"https:\/\/testwebsite.citygame.com\/sk\/games\/heidelberg\/secrets-of-heidelberg\/\"]}]},{\"@type\":\"ImageObject\",\"inLanguage\":\"sk-SK\",\"@id\":\"https:\/\/testwebsite.citygame.com\/sk\/games\/heidelberg\/secrets-of-heidelberg\/#primaryimage\",\"url\":\"https:\/\/testwebsite.citygame.com\/wp-content\/blogs.dir\/1\/files\/sites\/62\/2026\/01\/heidelberg-woman-playing-city-game-on-phone.jpg\",\"contentUrl\":\"https:\/\/testwebsite.citygame.com\/wp-content\/blogs.dir\/1\/files\/sites\/62\/2026\/01\/heidelberg-woman-playing-city-game-on-phone.jpg\",\"width\":704,\"height\":1472,\"caption\":\"A young woman uses a smartphone app to explore the historic streets of Heidelberg.\"},{\"@type\":\"BreadcrumbList\",\"@id\":\"https:\/\/testwebsite.citygame.com\/sk\/games\/heidelberg\/secrets-of-heidelberg\/#breadcrumb\",\"itemListElement\":[{\"@type\":\"ListItem\",\"position\":1,\"name\":\"Home\",\"item\":\"https:\/\/testwebsite.citygame.com\/sk\/\"},{\"@type\":\"ListItem\",\"position\":2,\"name\":\"Shop\",\"item\":\"https:\/\/testwebsite.citygame.com\/shop\/\"},{\"@type\":\"ListItem\",\"position\":3,\"name\":\"Secrets of Heidelberg\"}]},{\"@type\":\"WebSite\",\"@id\":\"https:\/\/testwebsite.upevents.nl\/#website\",\"url\":\"https:\/\/testwebsite.upevents.nl\/\",\"name\":\"City Game\",\"description\":\"\",\"publisher\":{\"@id\":\"https:\/\/testwebsite.upevents.nl\/#organization\"},\"alternateName\":\"citygame.com\",\"potentialAction\":[{\"@type\":\"SearchAction\",\"target\":{\"@type\":\"EntryPoint\",\"urlTemplate\":\"https:\/\/testwebsite.upevents.nl\/?s={search_term_string}\"},\"query-input\":{\"@type\":\"PropertyValueSpecification\",\"valueRequired\":true,\"valueName\":\"search_term_string\"}}],\"inLanguage\":\"sk-SK\"},{\"@type\":[\"Organization\",\"Place\"],\"@id\":\"https:\/\/testwebsite.upevents.nl\/#organization\",\"name\":\"City Game\",\"alternateName\":\"citygame.com\",\"url\":\"https:\/\/testwebsite.upevents.nl\/\",\"logo\":{\"@id\":\"https:\/\/testwebsite.citygame.com\/sk\/games\/heidelberg\/secrets-of-heidelberg\/#local-main-organization-logo\"},\"image\":{\"@id\":\"https:\/\/testwebsite.citygame.com\/sk\/games\/heidelberg\/secrets-of-heidelberg\/#local-main-organization-logo\"},\"sameAs\":[\"https:\/\/www.facebook.com\/profile.php?id=100086426226253\",\"https:\/\/www.instagram.com\/citygame_com\",\"https:\/\/www.tiktok.com\/@citygamecom\/\",\"https:\/\/www.linkedin.com\/company\/citygame-com\"],\"description\":\"Turn any city into a playground with our interactive City Games and self-guided tours. Fun, flexible, and ideal for groups and team building.\",\"telephone\":[],\"openingHoursSpecification\":[{\"@type\":\"OpeningHoursSpecification\",\"dayOfWeek\":[\"Monday\",\"Tuesday\",\"Wednesday\",\"Thursday\",\"Friday\",\"Saturday\",\"Sunday\"],\"opens\":\"09:00\",\"closes\":\"17:00\"}]},{\"@type\":\"ImageObject\",\"inLanguage\":\"sk-SK\",\"@id\":\"https:\/\/testwebsite.citygame.com\/sk\/games\/heidelberg\/secrets-of-heidelberg\/#local-main-organization-logo\",\"url\":\"https:\/\/testwebsite.citygame.com\/wp-content\/blogs.dir\/1\/files\/sites\/62\/2025\/10\/CG_LOGO-City-Game.png\",\"contentUrl\":\"https:\/\/testwebsite.citygame.com\/wp-content\/blogs.dir\/1\/files\/sites\/62\/2025\/10\/CG_LOGO-City-Game.png\",\"width\":351,\"height\":377,\"caption\":\"City Game\"}]}<\/script>\n<!-- \/ Yoast SEO Premium plugin. -->","yoast_head_json":{"title":"Secrets of Heidelberg - City Game","description":"Secrets of Heidelberg. Zahrajte si samostatn\u00fa mestsk\u00fa hru a objavujte mesto prostredn\u00edctvom hlavolamov, h\u00e1daniek a v\u00fdziev. Hrajte vlastn\u00fdm tempom a objavujte ako miestny!","robots":{"index":"noindex","follow":"follow","max-snippet":"max-snippet:-1","max-image-preview":"max-image-preview:large","max-video-preview":"max-video-preview:-1"},"og_locale":"sk_SK","og_type":"article","og_title":"Secrets of Heidelberg","og_description":"Secrets of Heidelberg. Zahrajte si samostatn\u00fa mestsk\u00fa hru a objavujte mesto prostredn\u00edctvom hlavolamov, h\u00e1daniek a v\u00fdziev. Hrajte vlastn\u00fdm tempom a objavujte ako miestny!","og_url":"https:\/\/testwebsite.citygame.com\/sk\/games\/heidelberg\/secrets-of-heidelberg\/","og_site_name":"City Game","article_publisher":"https:\/\/www.facebook.com\/profile.php?id=100086426226253","article_modified_time":"2026-04-08T03:35:38+00:00","og_image":[{"width":704,"height":1472,"url":"https:\/\/testwebsite.citygame.com\/wp-content\/blogs.dir\/1\/files\/sites\/62\/2026\/01\/heidelberg-woman-playing-city-game-on-phone.jpg","type":"image\/jpeg"}],"twitter_card":"summary_large_image","twitter_misc":{"Predpokladan\u00fd \u010das \u010d\u00edtania":"1 min\u00fata"},"schema":{"@context":"https:\/\/schema.org","@graph":[{"@type":"WebPage","@id":"https:\/\/testwebsite.citygame.com\/sk\/games\/heidelberg\/secrets-of-heidelberg\/","url":"https:\/\/testwebsite.citygame.com\/sk\/games\/heidelberg\/secrets-of-heidelberg\/","name":"Secrets of Heidelberg - City Game","isPartOf":{"@id":"https:\/\/testwebsite.upevents.nl\/#website"},"primaryImageOfPage":{"@id":"https:\/\/testwebsite.citygame.com\/sk\/games\/heidelberg\/secrets-of-heidelberg\/#primaryimage"},"image":{"@id":"https:\/\/testwebsite.citygame.com\/sk\/games\/heidelberg\/secrets-of-heidelberg\/#primaryimage"},"thumbnailUrl":"https:\/\/testwebsite.citygame.com\/wp-content\/blogs.dir\/1\/files\/sites\/62\/2026\/01\/heidelberg-woman-playing-city-game-on-phone.jpg","datePublished":"2026-01-27T11:06:22+00:00","dateModified":"2026-04-08T03:35:38+00:00","description":"Secrets of Heidelberg. Zahrajte si samostatn\u00fa mestsk\u00fa hru a objavujte mesto prostredn\u00edctvom hlavolamov, h\u00e1daniek a v\u00fdziev. Hrajte vlastn\u00fdm tempom a objavujte ako miestny!","breadcrumb":{"@id":"https:\/\/testwebsite.citygame.com\/sk\/games\/heidelberg\/secrets-of-heidelberg\/#breadcrumb"},"inLanguage":"sk-SK","potentialAction":[{"@type":"ReadAction","target":["https:\/\/testwebsite.citygame.com\/sk\/games\/heidelberg\/secrets-of-heidelberg\/"]}]},{"@type":"ImageObject","inLanguage":"sk-SK","@id":"https:\/\/testwebsite.citygame.com\/sk\/games\/heidelberg\/secrets-of-heidelberg\/#primaryimage","url":"https:\/\/testwebsite.citygame.com\/wp-content\/blogs.dir\/1\/files\/sites\/62\/2026\/01\/heidelberg-woman-playing-city-game-on-phone.jpg","contentUrl":"https:\/\/testwebsite.citygame.com\/wp-content\/blogs.dir\/1\/files\/sites\/62\/2026\/01\/heidelberg-woman-playing-city-game-on-phone.jpg","width":704,"height":1472,"caption":"A young woman uses a smartphone app to explore the historic streets of Heidelberg."},{"@type":"BreadcrumbList","@id":"https:\/\/testwebsite.citygame.com\/sk\/games\/heidelberg\/secrets-of-heidelberg\/#breadcrumb","itemListElement":[{"@type":"ListItem","position":1,"name":"Home","item":"https:\/\/testwebsite.citygame.com\/sk\/"},{"@type":"ListItem","position":2,"name":"Shop","item":"https:\/\/testwebsite.citygame.com\/shop\/"},{"@type":"ListItem","position":3,"name":"Secrets of Heidelberg"}]},{"@type":"WebSite","@id":"https:\/\/testwebsite.upevents.nl\/#website","url":"https:\/\/testwebsite.upevents.nl\/","name":"City Game","description":"","publisher":{"@id":"https:\/\/testwebsite.upevents.nl\/#organization"},"alternateName":"citygame.com","potentialAction":[{"@type":"SearchAction","target":{"@type":"EntryPoint","urlTemplate":"https:\/\/testwebsite.upevents.nl\/?s={search_term_string}"},"query-input":{"@type":"PropertyValueSpecification","valueRequired":true,"valueName":"search_term_string"}}],"inLanguage":"sk-SK"},{"@type":["Organization","Place"],"@id":"https:\/\/testwebsite.upevents.nl\/#organization","name":"City Game","alternateName":"citygame.com","url":"https:\/\/testwebsite.upevents.nl\/","logo":{"@id":"https:\/\/testwebsite.citygame.com\/sk\/games\/heidelberg\/secrets-of-heidelberg\/#local-main-organization-logo"},"image":{"@id":"https:\/\/testwebsite.citygame.com\/sk\/games\/heidelberg\/secrets-of-heidelberg\/#local-main-organization-logo"},"sameAs":["https:\/\/www.facebook.com\/profile.php?id=100086426226253","https:\/\/www.instagram.com\/citygame_com","https:\/\/www.tiktok.com\/@citygamecom\/","https:\/\/www.linkedin.com\/company\/citygame-com"],"description":"Turn any city into a playground with our interactive City Games and self-guided tours. Fun, flexible, and ideal for groups and team building.","telephone":[],"openingHoursSpecification":[{"@type":"OpeningHoursSpecification","dayOfWeek":["Monday","Tuesday","Wednesday","Thursday","Friday","Saturday","Sunday"],"opens":"09:00","closes":"17:00"}]},{"@type":"ImageObject","inLanguage":"sk-SK","@id":"https:\/\/testwebsite.citygame.com\/sk\/games\/heidelberg\/secrets-of-heidelberg\/#local-main-organization-logo","url":"https:\/\/testwebsite.citygame.com\/wp-content\/blogs.dir\/1\/files\/sites\/62\/2025\/10\/CG_LOGO-City-Game.png","contentUrl":"https:\/\/testwebsite.citygame.com\/wp-content\/blogs.dir\/1\/files\/sites\/62\/2025\/10\/CG_LOGO-City-Game.png","width":351,"height":377,"caption":"City Game"}]}},"taxonomy_info":{"game-concept":[{"value":727,"label":"Secrets"}],"location":[{"value":195,"label":"Heidelberg"}],"product_cat":[{"value":27,"label":"Geen categorie"}]},"featured_image_src_large":["https:\/\/testwebsite.citygame.com\/wp-content\/blogs.dir\/1\/files\/sites\/62\/2026\/01\/heidelberg-woman-playing-city-game-on-phone-490x1024.jpg",490,1024,true],"author_info":[],"comment_info":"","_links":{"self":[{"href":"https:\/\/testwebsite.citygame.com\/sk\/wp-json\/wp\/v2\/product\/59186","targetHints":{"allow":["GET"]}}],"collection":[{"href":"https:\/\/testwebsite.citygame.com\/sk\/wp-json\/wp\/v2\/product"}],"about":[{"href":"https:\/\/testwebsite.citygame.com\/sk\/wp-json\/wp\/v2\/types\/product"}],"acf:post":[{"embeddable":true,"href":"https:\/\/testwebsite.citygame.com\/sk\/wp-json\/wp\/v2\/pages\/4690"}],"wp:featuredmedia":[{"embeddable":true,"href":"https:\/\/testwebsite.citygame.com\/sk\/wp-json\/wp\/v2\/media\/4712"}],"wp:attachment":[{"href":"https:\/\/testwebsite.citygame.com\/sk\/wp-json\/wp\/v2\/media?parent=59186"}],"wp:term":[{"taxonomy":"game-concept","embeddable":true,"href":"https:\/\/testwebsite.citygame.com\/sk\/wp-json\/wp\/v2\/game-concept?post=59186"},{"taxonomy":"location","embeddable":true,"href":"https:\/\/testwebsite.citygame.com\/sk\/wp-json\/wp\/v2\/location?post=59186"},{"taxonomy":"product_brand","embeddable":true,"href":"https:\/\/testwebsite.citygame.com\/sk\/wp-json\/wp\/v2\/product_brand?post=59186"},{"taxonomy":"product_cat","embeddable":true,"href":"https:\/\/testwebsite.citygame.com\/sk\/wp-json\/wp\/v2\/product_cat?post=59186"},{"taxonomy":"product_tag","embeddable":true,"href":"https:\/\/testwebsite.citygame.com\/sk\/wp-json\/wp\/v2\/product_tag?post=59186"}],"curies":[{"name":"wp","href":"https:\/\/api.w.org\/{rel}","templated":true}]}}