{"id":59119,"date":"2026-02-16T03:04:44","date_gmt":"2026-02-16T03:04:44","guid":{"rendered":"https:\/\/testwebsite.citygame.com\/games\/unknown-location\/the-algeciras-syndicate\/"},"modified":"2026-04-08T03:28:51","modified_gmt":"2026-04-08T03:28:51","slug":"the-algeciras-syndicate","status":"publish","type":"product","link":"https:\/\/testwebsite.citygame.com\/sk\/games\/algeciras\/the-algeciras-syndicate\/","title":{"rendered":"The Algeciras Syndicate"},"content":{"rendered":"<p>T\u00e1to samoobslu\u017en\u00e1 City Escape Game v Algeciras sa odohr\u00e1va v centre mesta Algeciras. Ako tajn\u00fd t\u00edm musia hr\u00e1\u010di spolupracova\u0165, aby vyp\u00e1trali Magnusa a z\u00edskali sp\u00e4\u0165 \u0161es\u0165 ukradnut\u00fdch vzorcov, pri\u010dom postupuj\u00fa dejovou l\u00edniou, ktor\u00e1 sa odv\u00edja krok za krokom. City Game v Algeciras vyz\u00fdva t\u00edmy h\u00e1dankami, \u00falohami a interakt\u00edvnymi misiami, ktor\u00e9 si vy\u017eaduj\u00fa spolupr\u00e1cu, strat\u00e9giu a rie\u0161enie probl\u00e9mov.<\/p>\n","protected":false},"excerpt":{"rendered":"<p>Vrhni sa do srdca akcie so samoobslu\u017enou hrou Algeciras Syndicate City Escape Game, ktor\u00e1 je starostlivo navrhnut\u00e1 okolo pohlcuj\u00faceho rozpr\u00e1vania pr\u00edbehu a plynul\u00e9ho postupu misi\u00ed. Sledovanie st\u00f4p, rie\u0161enie ohromuj\u00facich h\u00e1daniek a zvy\u0161ovanie vkladov s tvoj\u00edm t\u00edmom je prvorad\u00e9 \u2013 odrazte v\u0161etky prek\u00e1\u017eky a spolo\u010dne rozl\u00fa\u0161tite pravdu!<\/p>\n","protected":false},"featured_media":13975,"template":"","meta":{"_acf_changed":false,"_yoast_wpseo_focuskw":"The Algeciras Syndicate","_yoast_wpseo_metadesc":"The Algeciras Syndicate. Zahrajte si samoobslu\u017en\u00fa City Escape Game, rie\u0161te h\u00e1danky, pl\u0148te misie a z\u00edskajte sp\u00e4\u0165 ukradnut\u00e9 vzorce vlastn\u00fdm tempom!","_kad_blocks_custom_css":"","_kad_blocks_head_custom_js":"","_kad_blocks_body_custom_js":"","_kad_blocks_footer_custom_js":"","ghostkit_customizer_options":"","ghostkit_custom_css":"","ghostkit_custom_js_head":"","ghostkit_custom_js_foot":"","ghostkit_typography":"","_kad_post_transparent":"default","_kad_post_title":"","_kad_post_layout":"default","_kad_post_sidebar_id":"","_kad_post_content_style":"default","_kad_post_vertical_padding":"default","_kad_post_feature":"","_kad_post_feature_position":"","_kad_post_header":false,"_kad_post_footer":false,"_kad_post_classname":"","_links_to":"","_links_to_target":""},"game-concept":[758],"location":[60],"product_brand":[],"product_cat":[27],"product_tag":[],"class_list":{"0":"post-59119","1":"product","2":"type-product","3":"status-publish","4":"has-post-thumbnail","6":"game-concept-syndicate","7":"location-algeciras","8":"product_cat-geen-categorie","10":"first","11":"instock","12":"shipping-taxable","13":"purchasable","14":"product-type-simple","15":"entry","16":"content-bg","17":"loop-entry"},"acf":{"full_bokun_product_name":"Self-Guided The Algeciras Syndicate City Escape Game","location_name":"Algeciras","bokun_calendar_widget_code":"<script type=\"text\/javascript\" src=\"https:\/\/widgets.bokun.io\/assets\/javascripts\/apps\/build\/BokunWidgetsLoader.js?bookingChannelUUID=a1e93e96-5232-4734-a595-28405f4b5a31\" async><\/script>\n     \n    <div class=\"bokunWidget\" data-src=\"https:\/\/widgets.bokun.io\/online-sales\/a1e93e96-5232-4734-a595-28405f4b5a31\/experience-calendar\/828174\"><\/div>\n    <noscript>Please enable javascript in your browser to book<\/noscript>","bokun_button_widget_code":"<script type=\"text\/javascript\" src=\"https:\/\/widgets.bokun.io\/assets\/javascripts\/apps\/build\/BokunWidgetsLoader.js?bookingChannelUUID=a1e93e96-5232-4734-a595-28405f4b5a31\" async><\/script>\n      <style> #bokun_ed001e45_5927_4f62_b470_ca766338d083 { display: inline-block; padding: .4em 1em; background: #47b82e; border-radius: 999999px; box-shadow: none; font-weight: 600; font-size: 24px; text-decoration: none; text-align: center; color: #FFFFFF; border:none; cursor: pointer; transition: background .2s ease; } #bokun_ed001e45_5927_4f62_b470_ca766338d083:hover{ background: #2f7b1f; } #bokun_ed001e45_5927_4f62_b470_ca766338d083:active{ background: #378f24; } <\/style> <button class=\"bokunButton\" disabled id=bokun_ed001e45_5927_4f62_b470_ca766338d083 data-src=\"https:\/\/widgets.bokun.io\/online-sales\/a1e93e96-5232-4734-a595-28405f4b5a31\/experience-calendar\/828174?partialView=1\" data-testid=\"widget-book-button\" > Book now <\/button> ","what_you\u2019ll_experience_during_the_game":"Va\u0161a misia sa za\u010d\u00edna hlboko v srdci Algeciras, kde ste boli aktivovan\u00ed ako s\u00fa\u010das\u0165 elitn\u00e9ho t\u00edmu, ktor\u00e9ho \u00falohou je \u00fanikov\u00e1 oper\u00e1cia s vysok\u00fdmi st\u00e1vkami. Ke\u010f sa nezn\u00e1me sily pribli\u017euj\u00fa, budete musie\u0165 prekab\u00e1ti\u0165 zlo\u010dineck\u00e9 podsvetie mesta, vyp\u00e1tra\u0165 nepolapite\u013en\u00e9ho Magnusa a z\u00edska\u0165 sp\u00e4\u0165 \u0161es\u0165 ukradnut\u00fdch vedeck\u00fdch vzorcov, k\u00fdm sa nav\u017edy nestratia. Pr\u00edbeh sa odv\u00edja krok za krokom, ako sa spolo\u010dne pohybujete ulicami, pri\u010dom ka\u017ed\u00e1 nov\u00e1 lokalita odha\u013euje kritick\u00fa f\u00e1zu misie.\r\n\r\nCestou budete \u010deli\u0165 s\u00e9rii pohlcuj\u00facich v\u00fdziev vr\u00e1tane viacvrstvov\u00fdch h\u00e1daniek, k\u00f3dovan\u00fdch spr\u00e1v a \u010dasovo citliv\u00fdch \u00faloh, ktor\u00e9 si vy\u017eaduj\u00fa r\u00fdchle myslenie a pevn\u00fa t\u00edmov\u00fa pr\u00e1cu. Ka\u017ed\u00e9 rozhodnutie sa po\u010d\u00edta a spolupr\u00e1ca je k\u013e\u00fa\u010dov\u00e1, ke\u010f\u017ee v\u00e1\u0161 t\u00edm prech\u00e1dza zvratmi tohto plne pr\u00edbehov\u00e9ho z\u00e1\u017eitku. Komunik\u00e1cia a d\u00f4vera bud\u00fa hnacou silou v\u00e1\u0161ho \u00faspechu a v\u010faka mo\u017enosti pozastavi\u0165 a pokra\u010dova\u0165 vo vlastn\u00fdch podmienkach zost\u00e1vate plne v kontrole nad tempom misie. Mesto Algeciras sa st\u00e1va viac ne\u017e len prostred\u00edm \u2013 je to va\u0161e opera\u010dn\u00e9 pole, pevne prepleten\u00e9 s ka\u017edou akciou a v\u00fdsledkom.","how_to_play":"Zarezervujte si City Game, skontrolujte e-mail, ktor\u00fd v\u00e1m po\u0161leme s pokynmi, stiahnite si aplik\u00e1ciu Loquiz a za\u010dnite svoj hern\u00fd z\u00e1\u017eitok!","start_location":"Algeciras, Plaza Alta","available_languages":["en"],"players_per_group":"1-4","duration":"1.5-2 hours","image_overlay_color_image":"https:\/\/testwebsite.citygame.com\/wp-content\/blogs.dir\/1\/files\/sites\/62\/2026\/01\/SyndicateColor.svg","image_overlay_game_logo":"https:\/\/testwebsite.citygame.com\/wp-content\/blogs.dir\/1\/files\/sites\/62\/2026\/01\/SyndicateLogo.png","city_page":13268,"woocommerce_general_content":null},"yoast_head":"<!-- This site is optimized with the Yoast SEO Premium plugin v26.2 (Yoast SEO v26.3) - https:\/\/yoast.com\/wordpress\/plugins\/seo\/ -->\n<title>The Algeciras Syndicate - City Game<\/title>\n<meta name=\"description\" content=\"The Algeciras Syndicate. Zahrajte si samoobslu\u017en\u00fa City Escape Game, rie\u0161te h\u00e1danky, pl\u0148te misie a z\u00edskajte sp\u00e4\u0165 ukradnut\u00e9 vzorce vlastn\u00fdm tempom!\" \/>\n<meta name=\"robots\" content=\"noindex, follow, max-snippet:-1, max-image-preview:large, max-video-preview:-1\" \/>\n<meta property=\"og:locale\" content=\"sk_SK\" \/>\n<meta property=\"og:type\" content=\"article\" \/>\n<meta property=\"og:title\" content=\"The Algeciras Syndicate\" \/>\n<meta property=\"og:description\" content=\"The Algeciras Syndicate. Zahrajte si samoobslu\u017en\u00fa City Escape Game, rie\u0161te h\u00e1danky, pl\u0148te misie a z\u00edskajte sp\u00e4\u0165 ukradnut\u00e9 vzorce vlastn\u00fdm tempom!\" \/>\n<meta property=\"og:url\" content=\"https:\/\/testwebsite.citygame.com\/sk\/games\/algeciras\/the-algeciras-syndicate\/\" \/>\n<meta property=\"og:site_name\" content=\"City Game\" \/>\n<meta property=\"article:publisher\" content=\"https:\/\/www.facebook.com\/profile.php?id=100086426226253\" \/>\n<meta property=\"article:modified_time\" content=\"2026-04-08T03:28:51+00:00\" \/>\n<meta property=\"og:image\" content=\"https:\/\/testwebsite.citygame.com\/wp-content\/blogs.dir\/1\/files\/sites\/62\/2026\/02\/friends-playing-city-game-algeciras.jpg\" \/>\n\t<meta property=\"og:image:width\" content=\"1024\" \/>\n\t<meta property=\"og:image:height\" content=\"1024\" \/>\n\t<meta property=\"og:image:type\" content=\"image\/jpeg\" \/>\n<meta name=\"twitter:card\" content=\"summary_large_image\" \/>\n<script type=\"application\/ld+json\" class=\"yoast-schema-graph\">{\"@context\":\"https:\/\/schema.org\",\"@graph\":[{\"@type\":\"WebPage\",\"@id\":\"https:\/\/testwebsite.citygame.com\/sk\/games\/algeciras\/the-algeciras-syndicate\/\",\"url\":\"https:\/\/testwebsite.citygame.com\/sk\/games\/algeciras\/the-algeciras-syndicate\/\",\"name\":\"The Algeciras Syndicate - City Game\",\"isPartOf\":{\"@id\":\"https:\/\/testwebsite.upevents.nl\/#website\"},\"primaryImageOfPage\":{\"@id\":\"https:\/\/testwebsite.citygame.com\/sk\/games\/algeciras\/the-algeciras-syndicate\/#primaryimage\"},\"image\":{\"@id\":\"https:\/\/testwebsite.citygame.com\/sk\/games\/algeciras\/the-algeciras-syndicate\/#primaryimage\"},\"thumbnailUrl\":\"https:\/\/testwebsite.citygame.com\/wp-content\/blogs.dir\/1\/files\/sites\/62\/2026\/02\/friends-playing-city-game-algeciras.jpg\",\"datePublished\":\"2026-02-16T03:04:44+00:00\",\"dateModified\":\"2026-04-08T03:28:51+00:00\",\"description\":\"The Algeciras Syndicate. Zahrajte si samoobslu\u017en\u00fa City Escape Game, rie\u0161te h\u00e1danky, pl\u0148te misie a z\u00edskajte sp\u00e4\u0165 ukradnut\u00e9 vzorce vlastn\u00fdm tempom!\",\"breadcrumb\":{\"@id\":\"https:\/\/testwebsite.citygame.com\/sk\/games\/algeciras\/the-algeciras-syndicate\/#breadcrumb\"},\"inLanguage\":\"sk-SK\",\"potentialAction\":[{\"@type\":\"ReadAction\",\"target\":[\"https:\/\/testwebsite.citygame.com\/sk\/games\/algeciras\/the-algeciras-syndicate\/\"]}]},{\"@type\":\"ImageObject\",\"inLanguage\":\"sk-SK\",\"@id\":\"https:\/\/testwebsite.citygame.com\/sk\/games\/algeciras\/the-algeciras-syndicate\/#primaryimage\",\"url\":\"https:\/\/testwebsite.citygame.com\/wp-content\/blogs.dir\/1\/files\/sites\/62\/2026\/02\/friends-playing-city-game-algeciras.jpg\",\"contentUrl\":\"https:\/\/testwebsite.citygame.com\/wp-content\/blogs.dir\/1\/files\/sites\/62\/2026\/02\/friends-playing-city-game-algeciras.jpg\",\"width\":1024,\"height\":1024,\"caption\":\"A group of friends enthusiastically looks at a smartphone while playing a game outdoors.\"},{\"@type\":\"BreadcrumbList\",\"@id\":\"https:\/\/testwebsite.citygame.com\/sk\/games\/algeciras\/the-algeciras-syndicate\/#breadcrumb\",\"itemListElement\":[{\"@type\":\"ListItem\",\"position\":1,\"name\":\"Home\",\"item\":\"https:\/\/testwebsite.citygame.com\/sk\/\"},{\"@type\":\"ListItem\",\"position\":2,\"name\":\"Shop\",\"item\":\"https:\/\/testwebsite.citygame.com\/shop\/\"},{\"@type\":\"ListItem\",\"position\":3,\"name\":\"The Algeciras Syndicate\"}]},{\"@type\":\"WebSite\",\"@id\":\"https:\/\/testwebsite.upevents.nl\/#website\",\"url\":\"https:\/\/testwebsite.upevents.nl\/\",\"name\":\"City Game\",\"description\":\"\",\"publisher\":{\"@id\":\"https:\/\/testwebsite.upevents.nl\/#organization\"},\"alternateName\":\"citygame.com\",\"potentialAction\":[{\"@type\":\"SearchAction\",\"target\":{\"@type\":\"EntryPoint\",\"urlTemplate\":\"https:\/\/testwebsite.upevents.nl\/?s={search_term_string}\"},\"query-input\":{\"@type\":\"PropertyValueSpecification\",\"valueRequired\":true,\"valueName\":\"search_term_string\"}}],\"inLanguage\":\"sk-SK\"},{\"@type\":[\"Organization\",\"Place\"],\"@id\":\"https:\/\/testwebsite.upevents.nl\/#organization\",\"name\":\"City Game\",\"alternateName\":\"citygame.com\",\"url\":\"https:\/\/testwebsite.upevents.nl\/\",\"logo\":{\"@id\":\"https:\/\/testwebsite.citygame.com\/sk\/games\/algeciras\/the-algeciras-syndicate\/#local-main-organization-logo\"},\"image\":{\"@id\":\"https:\/\/testwebsite.citygame.com\/sk\/games\/algeciras\/the-algeciras-syndicate\/#local-main-organization-logo\"},\"sameAs\":[\"https:\/\/www.facebook.com\/profile.php?id=100086426226253\",\"https:\/\/www.instagram.com\/citygame_com\",\"https:\/\/www.tiktok.com\/@citygamecom\/\",\"https:\/\/www.linkedin.com\/company\/citygame-com\"],\"description\":\"Turn any city into a playground with our interactive City Games and self-guided tours. Fun, flexible, and ideal for groups and team building.\",\"telephone\":[],\"openingHoursSpecification\":[{\"@type\":\"OpeningHoursSpecification\",\"dayOfWeek\":[\"Monday\",\"Tuesday\",\"Wednesday\",\"Thursday\",\"Friday\",\"Saturday\",\"Sunday\"],\"opens\":\"09:00\",\"closes\":\"17:00\"}]},{\"@type\":\"ImageObject\",\"inLanguage\":\"sk-SK\",\"@id\":\"https:\/\/testwebsite.citygame.com\/sk\/games\/algeciras\/the-algeciras-syndicate\/#local-main-organization-logo\",\"url\":\"https:\/\/testwebsite.citygame.com\/wp-content\/blogs.dir\/1\/files\/sites\/62\/2025\/10\/CG_LOGO-City-Game.png\",\"contentUrl\":\"https:\/\/testwebsite.citygame.com\/wp-content\/blogs.dir\/1\/files\/sites\/62\/2025\/10\/CG_LOGO-City-Game.png\",\"width\":351,\"height\":377,\"caption\":\"City Game\"}]}<\/script>\n<!-- \/ Yoast SEO Premium plugin. -->","yoast_head_json":{"title":"The Algeciras Syndicate - City Game","description":"The Algeciras Syndicate. Zahrajte si samoobslu\u017en\u00fa City Escape Game, rie\u0161te h\u00e1danky, pl\u0148te misie a z\u00edskajte sp\u00e4\u0165 ukradnut\u00e9 vzorce vlastn\u00fdm tempom!","robots":{"index":"noindex","follow":"follow","max-snippet":"max-snippet:-1","max-image-preview":"max-image-preview:large","max-video-preview":"max-video-preview:-1"},"og_locale":"sk_SK","og_type":"article","og_title":"The Algeciras Syndicate","og_description":"The Algeciras Syndicate. Zahrajte si samoobslu\u017en\u00fa City Escape Game, rie\u0161te h\u00e1danky, pl\u0148te misie a z\u00edskajte sp\u00e4\u0165 ukradnut\u00e9 vzorce vlastn\u00fdm tempom!","og_url":"https:\/\/testwebsite.citygame.com\/sk\/games\/algeciras\/the-algeciras-syndicate\/","og_site_name":"City Game","article_publisher":"https:\/\/www.facebook.com\/profile.php?id=100086426226253","article_modified_time":"2026-04-08T03:28:51+00:00","og_image":[{"width":1024,"height":1024,"url":"https:\/\/testwebsite.citygame.com\/wp-content\/blogs.dir\/1\/files\/sites\/62\/2026\/02\/friends-playing-city-game-algeciras.jpg","type":"image\/jpeg"}],"twitter_card":"summary_large_image","schema":{"@context":"https:\/\/schema.org","@graph":[{"@type":"WebPage","@id":"https:\/\/testwebsite.citygame.com\/sk\/games\/algeciras\/the-algeciras-syndicate\/","url":"https:\/\/testwebsite.citygame.com\/sk\/games\/algeciras\/the-algeciras-syndicate\/","name":"The Algeciras Syndicate - City Game","isPartOf":{"@id":"https:\/\/testwebsite.upevents.nl\/#website"},"primaryImageOfPage":{"@id":"https:\/\/testwebsite.citygame.com\/sk\/games\/algeciras\/the-algeciras-syndicate\/#primaryimage"},"image":{"@id":"https:\/\/testwebsite.citygame.com\/sk\/games\/algeciras\/the-algeciras-syndicate\/#primaryimage"},"thumbnailUrl":"https:\/\/testwebsite.citygame.com\/wp-content\/blogs.dir\/1\/files\/sites\/62\/2026\/02\/friends-playing-city-game-algeciras.jpg","datePublished":"2026-02-16T03:04:44+00:00","dateModified":"2026-04-08T03:28:51+00:00","description":"The Algeciras Syndicate. Zahrajte si samoobslu\u017en\u00fa City Escape Game, rie\u0161te h\u00e1danky, pl\u0148te misie a z\u00edskajte sp\u00e4\u0165 ukradnut\u00e9 vzorce vlastn\u00fdm tempom!","breadcrumb":{"@id":"https:\/\/testwebsite.citygame.com\/sk\/games\/algeciras\/the-algeciras-syndicate\/#breadcrumb"},"inLanguage":"sk-SK","potentialAction":[{"@type":"ReadAction","target":["https:\/\/testwebsite.citygame.com\/sk\/games\/algeciras\/the-algeciras-syndicate\/"]}]},{"@type":"ImageObject","inLanguage":"sk-SK","@id":"https:\/\/testwebsite.citygame.com\/sk\/games\/algeciras\/the-algeciras-syndicate\/#primaryimage","url":"https:\/\/testwebsite.citygame.com\/wp-content\/blogs.dir\/1\/files\/sites\/62\/2026\/02\/friends-playing-city-game-algeciras.jpg","contentUrl":"https:\/\/testwebsite.citygame.com\/wp-content\/blogs.dir\/1\/files\/sites\/62\/2026\/02\/friends-playing-city-game-algeciras.jpg","width":1024,"height":1024,"caption":"A group of friends enthusiastically looks at a smartphone while playing a game outdoors."},{"@type":"BreadcrumbList","@id":"https:\/\/testwebsite.citygame.com\/sk\/games\/algeciras\/the-algeciras-syndicate\/#breadcrumb","itemListElement":[{"@type":"ListItem","position":1,"name":"Home","item":"https:\/\/testwebsite.citygame.com\/sk\/"},{"@type":"ListItem","position":2,"name":"Shop","item":"https:\/\/testwebsite.citygame.com\/shop\/"},{"@type":"ListItem","position":3,"name":"The Algeciras Syndicate"}]},{"@type":"WebSite","@id":"https:\/\/testwebsite.upevents.nl\/#website","url":"https:\/\/testwebsite.upevents.nl\/","name":"City Game","description":"","publisher":{"@id":"https:\/\/testwebsite.upevents.nl\/#organization"},"alternateName":"citygame.com","potentialAction":[{"@type":"SearchAction","target":{"@type":"EntryPoint","urlTemplate":"https:\/\/testwebsite.upevents.nl\/?s={search_term_string}"},"query-input":{"@type":"PropertyValueSpecification","valueRequired":true,"valueName":"search_term_string"}}],"inLanguage":"sk-SK"},{"@type":["Organization","Place"],"@id":"https:\/\/testwebsite.upevents.nl\/#organization","name":"City Game","alternateName":"citygame.com","url":"https:\/\/testwebsite.upevents.nl\/","logo":{"@id":"https:\/\/testwebsite.citygame.com\/sk\/games\/algeciras\/the-algeciras-syndicate\/#local-main-organization-logo"},"image":{"@id":"https:\/\/testwebsite.citygame.com\/sk\/games\/algeciras\/the-algeciras-syndicate\/#local-main-organization-logo"},"sameAs":["https:\/\/www.facebook.com\/profile.php?id=100086426226253","https:\/\/www.instagram.com\/citygame_com","https:\/\/www.tiktok.com\/@citygamecom\/","https:\/\/www.linkedin.com\/company\/citygame-com"],"description":"Turn any city into a playground with our interactive City Games and self-guided tours. Fun, flexible, and ideal for groups and team building.","telephone":[],"openingHoursSpecification":[{"@type":"OpeningHoursSpecification","dayOfWeek":["Monday","Tuesday","Wednesday","Thursday","Friday","Saturday","Sunday"],"opens":"09:00","closes":"17:00"}]},{"@type":"ImageObject","inLanguage":"sk-SK","@id":"https:\/\/testwebsite.citygame.com\/sk\/games\/algeciras\/the-algeciras-syndicate\/#local-main-organization-logo","url":"https:\/\/testwebsite.citygame.com\/wp-content\/blogs.dir\/1\/files\/sites\/62\/2025\/10\/CG_LOGO-City-Game.png","contentUrl":"https:\/\/testwebsite.citygame.com\/wp-content\/blogs.dir\/1\/files\/sites\/62\/2025\/10\/CG_LOGO-City-Game.png","width":351,"height":377,"caption":"City Game"}]}},"taxonomy_info":{"game-concept":[{"value":758,"label":"Syndicate"}],"location":[{"value":60,"label":"Algeciras"}],"product_cat":[{"value":27,"label":"Geen categorie"}]},"featured_image_src_large":["https:\/\/testwebsite.citygame.com\/wp-content\/blogs.dir\/1\/files\/sites\/62\/2026\/02\/friends-playing-city-game-algeciras.jpg",1024,1024,false],"author_info":[],"comment_info":"","_links":{"self":[{"href":"https:\/\/testwebsite.citygame.com\/sk\/wp-json\/wp\/v2\/product\/59119","targetHints":{"allow":["GET"]}}],"collection":[{"href":"https:\/\/testwebsite.citygame.com\/sk\/wp-json\/wp\/v2\/product"}],"about":[{"href":"https:\/\/testwebsite.citygame.com\/sk\/wp-json\/wp\/v2\/types\/product"}],"acf:post":[{"embeddable":true,"href":"https:\/\/testwebsite.citygame.com\/sk\/wp-json\/wp\/v2\/pages\/13268"}],"wp:featuredmedia":[{"embeddable":true,"href":"https:\/\/testwebsite.citygame.com\/sk\/wp-json\/wp\/v2\/media\/13975"}],"wp:attachment":[{"href":"https:\/\/testwebsite.citygame.com\/sk\/wp-json\/wp\/v2\/media?parent=59119"}],"wp:term":[{"taxonomy":"game-concept","embeddable":true,"href":"https:\/\/testwebsite.citygame.com\/sk\/wp-json\/wp\/v2\/game-concept?post=59119"},{"taxonomy":"location","embeddable":true,"href":"https:\/\/testwebsite.citygame.com\/sk\/wp-json\/wp\/v2\/location?post=59119"},{"taxonomy":"product_brand","embeddable":true,"href":"https:\/\/testwebsite.citygame.com\/sk\/wp-json\/wp\/v2\/product_brand?post=59119"},{"taxonomy":"product_cat","embeddable":true,"href":"https:\/\/testwebsite.citygame.com\/sk\/wp-json\/wp\/v2\/product_cat?post=59119"},{"taxonomy":"product_tag","embeddable":true,"href":"https:\/\/testwebsite.citygame.com\/sk\/wp-json\/wp\/v2\/product_tag?post=59119"}],"curies":[{"name":"wp","href":"https:\/\/api.w.org\/{rel}","templated":true}]}}