{"id":58891,"date":"2026-03-19T08:24:30","date_gmt":"2026-03-19T08:24:30","guid":{"rendered":"https:\/\/testwebsite.citygame.com\/games\/unknown-location\/sherlock-holmes-luxembourg-city\/"},"modified":"2026-04-08T03:03:37","modified_gmt":"2026-04-08T03:03:37","slug":"sherlock-holmes-luxembourg-city","status":"publish","type":"product","link":"https:\/\/testwebsite.citygame.com\/sk\/games\/luxembourg-city\/sherlock-holmes-luxembourg-city\/","title":{"rendered":"Sherlock Holmes Luxembourg City"},"content":{"rendered":"<p>Hra Sherlock Holmes City Game v\u00e1s poz\u00fdva sta\u0165 sa detekt\u00edvom na jeden de\u0148 v historickom centre Luxemburgu. Prostredn\u00edctvom tejto samostatnej, pr\u00edbehom riadenej detekt\u00edvnej hry s vra\u017edou sa ponor\u00edte hlboko do pohlcuj\u00faceho vy\u0161etrovania, pri\u010dom o\u010daruj\u00face uli\u010dky, n\u00e1mestia a malebn\u00e9 okolie Luxemburgu sa stan\u00fa va\u0161\u00edm ihriskom. Pri prech\u00e1dzan\u00ed mestom, sledovan\u00edm rozv\u00edjaj\u00faceho sa pr\u00edbehu, budete zbiera\u0165 ind\u00edcie, rie\u0161i\u0165 zlo\u017eit\u00e9 h\u00e1danky a vypo\u010d\u00fava\u0165 digit\u00e1lnych podozriv\u00fdch, aby ste vyrie\u0161ili hroziv\u00fa vra\u017edu, ktor\u00e1 sa stala po\u010das festivalu Liberty Festival. Svoj\u00edm vlastn\u00fdm tempom a slobodou sa ponorte do sveta Sherlocka Holmesa, v\u010faka \u010domu bude detekt\u00edvny z\u00e1\u017eitok tak\u00fd vzru\u0161uj\u00faci a pohlcuj\u00faci, ako len m\u00f4\u017ee by\u0165.<\/p>\n","protected":false},"excerpt":{"rendered":"<p>V\u017eite sa do ko\u017ee Sherlocka Holmesa v samostatnej detekt\u00edvnej hre s vra\u017edou odohr\u00e1vaj\u00facej sa v Luxemburgu. Sledovan\u00edm z\u00e1hadn\u00fdch ind\u00edci\u00ed a rie\u0161en\u00edm zlo\u017eit\u00fdch h\u00e1daniek so svoj\u00edm t\u00edmom odhal\u00edte mraziv\u00fa pravdu v elektrizuj\u00facich pretekoch s \u010dasom!<\/p>\n","protected":false},"featured_media":14209,"template":"","meta":{"_acf_changed":false,"_yoast_wpseo_focuskw":"Sherlock Holmes Luxembourg City","_yoast_wpseo_metadesc":"Sherlock Holmes Luxembourg City. Zahrajte si samostatn\u00fa detekt\u00edvnu hru s vra\u017edou, rie\u0161te h\u00e1danky, sledujte ind\u00edcie a odha\u013ete vraha svoj\u00edm vlastn\u00fdm tempom!","_kad_blocks_custom_css":"","_kad_blocks_head_custom_js":"","_kad_blocks_body_custom_js":"","_kad_blocks_footer_custom_js":"","ghostkit_customizer_options":"","ghostkit_custom_css":"","ghostkit_custom_js_head":"","ghostkit_custom_js_foot":"","ghostkit_typography":"","_kad_post_transparent":"default","_kad_post_title":"","_kad_post_layout":"default","_kad_post_sidebar_id":"","_kad_post_content_style":"default","_kad_post_vertical_padding":"default","_kad_post_feature":"","_kad_post_feature_position":"","_kad_post_header":false,"_kad_post_footer":false,"_kad_post_classname":"","_links_to":"","_links_to_target":""},"game-concept":[788],"location":[553],"product_brand":[],"product_cat":[27],"product_tag":[],"class_list":{"0":"post-58891","1":"product","2":"type-product","3":"status-publish","4":"has-post-thumbnail","6":"game-concept-sherlock","7":"location-luxembourg-city","8":"product_cat-geen-categorie","10":"first","11":"instock","12":"shipping-taxable","13":"purchasable","14":"product-type-simple","15":"entry","16":"content-bg","17":"loop-entry"},"acf":{"full_bokun_product_name":"Luxembourg Self-Guided Sherlock Holmes Murder Mystery Game","location_name":"Luxembourg City","bokun_calendar_widget_code":"<script type=\"text\/javascript\" src=\"https:\/\/widgets.bokun.io\/assets\/javascripts\/apps\/build\/BokunWidgetsLoader.js?bookingChannelUUID=a1e93e96-5232-4734-a595-28405f4b5a31\" async><\/script>\n     \n    <div class=\"bokunWidget\" data-src=\"https:\/\/widgets.bokun.io\/online-sales\/a1e93e96-5232-4734-a595-28405f4b5a31\/experience-calendar\/771734\"><\/div>\n    <noscript>Please enable javascript in your browser to book<\/noscript>","bokun_button_widget_code":"<script type=\"text\/javascript\" src=\"https:\/\/widgets.bokun.io\/assets\/javascripts\/apps\/build\/BokunWidgetsLoader.js?bookingChannelUUID=a1e93e96-5232-4734-a595-28405f4b5a31\" async><\/script>\n      <style> #bokun_ed001e45_5927_4f62_b470_ca766338d083 { display: inline-block; padding: .4em 1em; background: #47b82e; border-radius: 999999px; box-shadow: none; font-weight: 600; font-size: 24px; text-decoration: none; text-align: center; color: #FFFFFF; border:none; cursor: pointer; transition: background .2s ease; } #bokun_ed001e45_5927_4f62_b470_ca766338d083:hover{ background: #2f7b1f; } #bokun_ed001e45_5927_4f62_b470_ca766338d083:active{ background: #378f24; } <\/style> <button class=\"bokunButton\" disabled id=bokun_ed001e45_5927_4f62_b470_ca766338d083 data-src=\"https:\/\/widgets.bokun.io\/online-sales\/a1e93e96-5232-4734-a595-28405f4b5a31\/experience-calendar\/771734?partialView=1\" data-testid=\"widget-book-button\" > Book now <\/button> ","what_you\u2019ll_experience_during_the_game":"Vst\u00fapte do podmaniv\u00e9ho pr\u00edbehu strhuj\u00facej detekt\u00edvnej z\u00e1pletky odohr\u00e1vaj\u00facej sa v srdci Luxemburgu. Dej hry sa odv\u00edja okolo v\u00e1s, zatia\u013e \u010do prech\u00e1dzate mestom, rozl\u00fa\u0161tite skryt\u00e9 ind\u00edcie, rie\u0161ite zlo\u017eit\u00e9 h\u00e1danky a stret\u00e1vate sa s neo\u010dak\u00e1van\u00fdmi zvratmi vo va\u0161om vy\u0161etrovan\u00ed. Vyrie\u0161te t\u00fato z\u00e1hadn\u00fa vra\u017edu, ku ktorej do\u0161lo po\u010das festivalu Liberty Festival, zapojen\u00edm sa do podnetn\u00fdch \u00faloh, ako je vypo\u010d\u00favanie digit\u00e1lnych podozriv\u00fdch a anal\u00fdza ich alibi, protire\u010den\u00ed a potenci\u00e1lnych spojitost\u00ed so zlo\u010dinom.\r\n\r\nTento plne pr\u00edbehom riaden\u00fd z\u00e1\u017eitok zd\u00f4raz\u0148uje va\u0161e vyu\u017eitie kritick\u00e9ho myslenia, pozorovania a dedukcie. Ako Sherlock Holmes ovl\u00e1date priebeh hry a hr\u00e1te svoj\u00edm vlastn\u00fdm tempom. Hru m\u00f4\u017eete kedyko\u013evek preru\u0161i\u0165 a kedyko\u013evek ju obnovi\u0165. Ak sa c\u00edtite s\u00fa\u0165a\u017eiv\u00ed, vyzvite ostatn\u00e9 t\u00edmy bez toho, aby ste stratili zameranie na v\u00e1\u0161 prim\u00e1rny cie\u013e: odhali\u0165 pravdu za vra\u017edou. Sherlock Holmes City Game v Luxemburgu v\u00e1s poz\u00fdva na p\u00fatav\u00fd z\u00e1\u017eitok, ktor\u00fd v\u00e1s udr\u017e\u00ed v nap\u00e4t\u00ed a\u017e do sam\u00e9ho konca.","how_to_play":"Hrajte sami alebo s priate\u013emi, rodinou \u010di kolegami v t\u00edmoch do \u0161tyroch hr\u00e1\u010dov na jedno zariadenie. Po rezerv\u00e1cii dostanete e-mail s pokynmi so v\u0161etk\u00fdm, \u010do potrebujete.","start_location":"Luxembourg, Centre municipal","available_languages":["nl","en","fr","de","it","es"],"players_per_group":"1-4","duration":"1.5-2 hours","image_overlay_color_image":"https:\/\/testwebsite.citygame.com\/wp-content\/blogs.dir\/1\/files\/sites\/62\/2026\/01\/SherlockColor.svg","image_overlay_game_logo":"https:\/\/testwebsite.citygame.com\/wp-content\/blogs.dir\/1\/files\/sites\/62\/2026\/01\/SherlockLogo.png","city_page":12299,"woocommerce_general_content":null},"yoast_head":"<!-- This site is optimized with the Yoast SEO Premium plugin v26.2 (Yoast SEO v26.3) - https:\/\/yoast.com\/wordpress\/plugins\/seo\/ -->\n<title>Sherlock Holmes Luxembourg City - City Game<\/title>\n<meta name=\"description\" content=\"Sherlock Holmes Luxembourg City. Zahrajte si samostatn\u00fa detekt\u00edvnu hru s vra\u017edou, rie\u0161te h\u00e1danky, sledujte ind\u00edcie a odha\u013ete vraha svoj\u00edm vlastn\u00fdm tempom!\" \/>\n<meta name=\"robots\" content=\"noindex, follow, max-snippet:-1, max-image-preview:large, max-video-preview:-1\" \/>\n<meta property=\"og:locale\" content=\"sk_SK\" \/>\n<meta property=\"og:type\" content=\"article\" \/>\n<meta property=\"og:title\" content=\"Sherlock Holmes Luxembourg City\" \/>\n<meta property=\"og:description\" content=\"Sherlock Holmes Luxembourg City. Zahrajte si samostatn\u00fa detekt\u00edvnu hru s vra\u017edou, rie\u0161te h\u00e1danky, sledujte ind\u00edcie a odha\u013ete vraha svoj\u00edm vlastn\u00fdm tempom!\" \/>\n<meta property=\"og:url\" content=\"https:\/\/testwebsite.citygame.com\/sk\/games\/luxembourg-city\/sherlock-holmes-luxembourg-city\/\" \/>\n<meta property=\"og:site_name\" content=\"City Game\" \/>\n<meta property=\"article:publisher\" content=\"https:\/\/www.facebook.com\/profile.php?id=100086426226253\" \/>\n<meta property=\"article:modified_time\" content=\"2026-04-08T03:03:37+00:00\" \/>\n<meta property=\"og:image\" content=\"https:\/\/testwebsite.citygame.com\/wp-content\/blogs.dir\/1\/files\/sites\/62\/2026\/02\/man-playing-city-game-on-smartphone-luxembourg.jpg\" \/>\n\t<meta property=\"og:image:width\" content=\"1024\" \/>\n\t<meta property=\"og:image:height\" content=\"1024\" \/>\n\t<meta property=\"og:image:type\" content=\"image\/jpeg\" \/>\n<meta name=\"twitter:card\" content=\"summary_large_image\" \/>\n<meta name=\"twitter:label1\" content=\"Predpokladan\u00fd \u010das \u010d\u00edtania\" \/>\n\t<meta name=\"twitter:data1\" content=\"1 min\u00fata\" \/>\n<script type=\"application\/ld+json\" class=\"yoast-schema-graph\">{\"@context\":\"https:\/\/schema.org\",\"@graph\":[{\"@type\":\"WebPage\",\"@id\":\"https:\/\/testwebsite.citygame.com\/sk\/games\/luxembourg-city\/sherlock-holmes-luxembourg-city\/\",\"url\":\"https:\/\/testwebsite.citygame.com\/sk\/games\/luxembourg-city\/sherlock-holmes-luxembourg-city\/\",\"name\":\"Sherlock Holmes Luxembourg City - City Game\",\"isPartOf\":{\"@id\":\"https:\/\/testwebsite.upevents.nl\/#website\"},\"primaryImageOfPage\":{\"@id\":\"https:\/\/testwebsite.citygame.com\/sk\/games\/luxembourg-city\/sherlock-holmes-luxembourg-city\/#primaryimage\"},\"image\":{\"@id\":\"https:\/\/testwebsite.citygame.com\/sk\/games\/luxembourg-city\/sherlock-holmes-luxembourg-city\/#primaryimage\"},\"thumbnailUrl\":\"https:\/\/testwebsite.citygame.com\/wp-content\/blogs.dir\/1\/files\/sites\/62\/2026\/02\/man-playing-city-game-on-smartphone-luxembourg.jpg\",\"datePublished\":\"2026-03-19T08:24:30+00:00\",\"dateModified\":\"2026-04-08T03:03:37+00:00\",\"description\":\"Sherlock Holmes Luxembourg City. Zahrajte si samostatn\u00fa detekt\u00edvnu hru s vra\u017edou, rie\u0161te h\u00e1danky, sledujte ind\u00edcie a odha\u013ete vraha svoj\u00edm vlastn\u00fdm tempom!\",\"breadcrumb\":{\"@id\":\"https:\/\/testwebsite.citygame.com\/sk\/games\/luxembourg-city\/sherlock-holmes-luxembourg-city\/#breadcrumb\"},\"inLanguage\":\"sk-SK\",\"potentialAction\":[{\"@type\":\"ReadAction\",\"target\":[\"https:\/\/testwebsite.citygame.com\/sk\/games\/luxembourg-city\/sherlock-holmes-luxembourg-city\/\"]}]},{\"@type\":\"ImageObject\",\"inLanguage\":\"sk-SK\",\"@id\":\"https:\/\/testwebsite.citygame.com\/sk\/games\/luxembourg-city\/sherlock-holmes-luxembourg-city\/#primaryimage\",\"url\":\"https:\/\/testwebsite.citygame.com\/wp-content\/blogs.dir\/1\/files\/sites\/62\/2026\/02\/man-playing-city-game-on-smartphone-luxembourg.jpg\",\"contentUrl\":\"https:\/\/testwebsite.citygame.com\/wp-content\/blogs.dir\/1\/files\/sites\/62\/2026\/02\/man-playing-city-game-on-smartphone-luxembourg.jpg\",\"width\":1024,\"height\":1024,\"caption\":\"A man uses his smartphone to navigate a city game on a historic street in Luxembourg City.\"},{\"@type\":\"BreadcrumbList\",\"@id\":\"https:\/\/testwebsite.citygame.com\/sk\/games\/luxembourg-city\/sherlock-holmes-luxembourg-city\/#breadcrumb\",\"itemListElement\":[{\"@type\":\"ListItem\",\"position\":1,\"name\":\"Home\",\"item\":\"https:\/\/testwebsite.citygame.com\/sk\/\"},{\"@type\":\"ListItem\",\"position\":2,\"name\":\"Shop\",\"item\":\"https:\/\/testwebsite.citygame.com\/shop\/\"},{\"@type\":\"ListItem\",\"position\":3,\"name\":\"Sherlock Holmes Luxembourg City\"}]},{\"@type\":\"WebSite\",\"@id\":\"https:\/\/testwebsite.upevents.nl\/#website\",\"url\":\"https:\/\/testwebsite.upevents.nl\/\",\"name\":\"City Game\",\"description\":\"\",\"publisher\":{\"@id\":\"https:\/\/testwebsite.upevents.nl\/#organization\"},\"alternateName\":\"citygame.com\",\"potentialAction\":[{\"@type\":\"SearchAction\",\"target\":{\"@type\":\"EntryPoint\",\"urlTemplate\":\"https:\/\/testwebsite.upevents.nl\/?s={search_term_string}\"},\"query-input\":{\"@type\":\"PropertyValueSpecification\",\"valueRequired\":true,\"valueName\":\"search_term_string\"}}],\"inLanguage\":\"sk-SK\"},{\"@type\":[\"Organization\",\"Place\"],\"@id\":\"https:\/\/testwebsite.upevents.nl\/#organization\",\"name\":\"City Game\",\"alternateName\":\"citygame.com\",\"url\":\"https:\/\/testwebsite.upevents.nl\/\",\"logo\":{\"@id\":\"https:\/\/testwebsite.citygame.com\/sk\/games\/luxembourg-city\/sherlock-holmes-luxembourg-city\/#local-main-organization-logo\"},\"image\":{\"@id\":\"https:\/\/testwebsite.citygame.com\/sk\/games\/luxembourg-city\/sherlock-holmes-luxembourg-city\/#local-main-organization-logo\"},\"sameAs\":[\"https:\/\/www.facebook.com\/profile.php?id=100086426226253\",\"https:\/\/www.instagram.com\/citygame_com\",\"https:\/\/www.tiktok.com\/@citygamecom\/\",\"https:\/\/www.linkedin.com\/company\/citygame-com\"],\"description\":\"Turn any city into a playground with our interactive City Games and self-guided tours. Fun, flexible, and ideal for groups and team building.\",\"telephone\":[],\"openingHoursSpecification\":[{\"@type\":\"OpeningHoursSpecification\",\"dayOfWeek\":[\"Monday\",\"Tuesday\",\"Wednesday\",\"Thursday\",\"Friday\",\"Saturday\",\"Sunday\"],\"opens\":\"09:00\",\"closes\":\"17:00\"}]},{\"@type\":\"ImageObject\",\"inLanguage\":\"sk-SK\",\"@id\":\"https:\/\/testwebsite.citygame.com\/sk\/games\/luxembourg-city\/sherlock-holmes-luxembourg-city\/#local-main-organization-logo\",\"url\":\"https:\/\/testwebsite.citygame.com\/wp-content\/blogs.dir\/1\/files\/sites\/62\/2025\/10\/CG_LOGO-City-Game.png\",\"contentUrl\":\"https:\/\/testwebsite.citygame.com\/wp-content\/blogs.dir\/1\/files\/sites\/62\/2025\/10\/CG_LOGO-City-Game.png\",\"width\":351,\"height\":377,\"caption\":\"City Game\"}]}<\/script>\n<!-- \/ Yoast SEO Premium plugin. -->","yoast_head_json":{"title":"Sherlock Holmes Luxembourg City - City Game","description":"Sherlock Holmes Luxembourg City. Zahrajte si samostatn\u00fa detekt\u00edvnu hru s vra\u017edou, rie\u0161te h\u00e1danky, sledujte ind\u00edcie a odha\u013ete vraha svoj\u00edm vlastn\u00fdm tempom!","robots":{"index":"noindex","follow":"follow","max-snippet":"max-snippet:-1","max-image-preview":"max-image-preview:large","max-video-preview":"max-video-preview:-1"},"og_locale":"sk_SK","og_type":"article","og_title":"Sherlock Holmes Luxembourg City","og_description":"Sherlock Holmes Luxembourg City. Zahrajte si samostatn\u00fa detekt\u00edvnu hru s vra\u017edou, rie\u0161te h\u00e1danky, sledujte ind\u00edcie a odha\u013ete vraha svoj\u00edm vlastn\u00fdm tempom!","og_url":"https:\/\/testwebsite.citygame.com\/sk\/games\/luxembourg-city\/sherlock-holmes-luxembourg-city\/","og_site_name":"City Game","article_publisher":"https:\/\/www.facebook.com\/profile.php?id=100086426226253","article_modified_time":"2026-04-08T03:03:37+00:00","og_image":[{"width":1024,"height":1024,"url":"https:\/\/testwebsite.citygame.com\/wp-content\/blogs.dir\/1\/files\/sites\/62\/2026\/02\/man-playing-city-game-on-smartphone-luxembourg.jpg","type":"image\/jpeg"}],"twitter_card":"summary_large_image","twitter_misc":{"Predpokladan\u00fd \u010das \u010d\u00edtania":"1 min\u00fata"},"schema":{"@context":"https:\/\/schema.org","@graph":[{"@type":"WebPage","@id":"https:\/\/testwebsite.citygame.com\/sk\/games\/luxembourg-city\/sherlock-holmes-luxembourg-city\/","url":"https:\/\/testwebsite.citygame.com\/sk\/games\/luxembourg-city\/sherlock-holmes-luxembourg-city\/","name":"Sherlock Holmes Luxembourg City - City Game","isPartOf":{"@id":"https:\/\/testwebsite.upevents.nl\/#website"},"primaryImageOfPage":{"@id":"https:\/\/testwebsite.citygame.com\/sk\/games\/luxembourg-city\/sherlock-holmes-luxembourg-city\/#primaryimage"},"image":{"@id":"https:\/\/testwebsite.citygame.com\/sk\/games\/luxembourg-city\/sherlock-holmes-luxembourg-city\/#primaryimage"},"thumbnailUrl":"https:\/\/testwebsite.citygame.com\/wp-content\/blogs.dir\/1\/files\/sites\/62\/2026\/02\/man-playing-city-game-on-smartphone-luxembourg.jpg","datePublished":"2026-03-19T08:24:30+00:00","dateModified":"2026-04-08T03:03:37+00:00","description":"Sherlock Holmes Luxembourg City. Zahrajte si samostatn\u00fa detekt\u00edvnu hru s vra\u017edou, rie\u0161te h\u00e1danky, sledujte ind\u00edcie a odha\u013ete vraha svoj\u00edm vlastn\u00fdm tempom!","breadcrumb":{"@id":"https:\/\/testwebsite.citygame.com\/sk\/games\/luxembourg-city\/sherlock-holmes-luxembourg-city\/#breadcrumb"},"inLanguage":"sk-SK","potentialAction":[{"@type":"ReadAction","target":["https:\/\/testwebsite.citygame.com\/sk\/games\/luxembourg-city\/sherlock-holmes-luxembourg-city\/"]}]},{"@type":"ImageObject","inLanguage":"sk-SK","@id":"https:\/\/testwebsite.citygame.com\/sk\/games\/luxembourg-city\/sherlock-holmes-luxembourg-city\/#primaryimage","url":"https:\/\/testwebsite.citygame.com\/wp-content\/blogs.dir\/1\/files\/sites\/62\/2026\/02\/man-playing-city-game-on-smartphone-luxembourg.jpg","contentUrl":"https:\/\/testwebsite.citygame.com\/wp-content\/blogs.dir\/1\/files\/sites\/62\/2026\/02\/man-playing-city-game-on-smartphone-luxembourg.jpg","width":1024,"height":1024,"caption":"A man uses his smartphone to navigate a city game on a historic street in Luxembourg City."},{"@type":"BreadcrumbList","@id":"https:\/\/testwebsite.citygame.com\/sk\/games\/luxembourg-city\/sherlock-holmes-luxembourg-city\/#breadcrumb","itemListElement":[{"@type":"ListItem","position":1,"name":"Home","item":"https:\/\/testwebsite.citygame.com\/sk\/"},{"@type":"ListItem","position":2,"name":"Shop","item":"https:\/\/testwebsite.citygame.com\/shop\/"},{"@type":"ListItem","position":3,"name":"Sherlock Holmes Luxembourg City"}]},{"@type":"WebSite","@id":"https:\/\/testwebsite.upevents.nl\/#website","url":"https:\/\/testwebsite.upevents.nl\/","name":"City Game","description":"","publisher":{"@id":"https:\/\/testwebsite.upevents.nl\/#organization"},"alternateName":"citygame.com","potentialAction":[{"@type":"SearchAction","target":{"@type":"EntryPoint","urlTemplate":"https:\/\/testwebsite.upevents.nl\/?s={search_term_string}"},"query-input":{"@type":"PropertyValueSpecification","valueRequired":true,"valueName":"search_term_string"}}],"inLanguage":"sk-SK"},{"@type":["Organization","Place"],"@id":"https:\/\/testwebsite.upevents.nl\/#organization","name":"City Game","alternateName":"citygame.com","url":"https:\/\/testwebsite.upevents.nl\/","logo":{"@id":"https:\/\/testwebsite.citygame.com\/sk\/games\/luxembourg-city\/sherlock-holmes-luxembourg-city\/#local-main-organization-logo"},"image":{"@id":"https:\/\/testwebsite.citygame.com\/sk\/games\/luxembourg-city\/sherlock-holmes-luxembourg-city\/#local-main-organization-logo"},"sameAs":["https:\/\/www.facebook.com\/profile.php?id=100086426226253","https:\/\/www.instagram.com\/citygame_com","https:\/\/www.tiktok.com\/@citygamecom\/","https:\/\/www.linkedin.com\/company\/citygame-com"],"description":"Turn any city into a playground with our interactive City Games and self-guided tours. Fun, flexible, and ideal for groups and team building.","telephone":[],"openingHoursSpecification":[{"@type":"OpeningHoursSpecification","dayOfWeek":["Monday","Tuesday","Wednesday","Thursday","Friday","Saturday","Sunday"],"opens":"09:00","closes":"17:00"}]},{"@type":"ImageObject","inLanguage":"sk-SK","@id":"https:\/\/testwebsite.citygame.com\/sk\/games\/luxembourg-city\/sherlock-holmes-luxembourg-city\/#local-main-organization-logo","url":"https:\/\/testwebsite.citygame.com\/wp-content\/blogs.dir\/1\/files\/sites\/62\/2025\/10\/CG_LOGO-City-Game.png","contentUrl":"https:\/\/testwebsite.citygame.com\/wp-content\/blogs.dir\/1\/files\/sites\/62\/2025\/10\/CG_LOGO-City-Game.png","width":351,"height":377,"caption":"City Game"}]}},"taxonomy_info":{"game-concept":[{"value":788,"label":"Sherlock"}],"location":[{"value":553,"label":"Luxembourg City"}],"product_cat":[{"value":27,"label":"Geen categorie"}]},"featured_image_src_large":["https:\/\/testwebsite.citygame.com\/wp-content\/blogs.dir\/1\/files\/sites\/62\/2026\/02\/man-playing-city-game-on-smartphone-luxembourg.jpg",1024,1024,false],"author_info":[],"comment_info":"","_links":{"self":[{"href":"https:\/\/testwebsite.citygame.com\/sk\/wp-json\/wp\/v2\/product\/58891","targetHints":{"allow":["GET"]}}],"collection":[{"href":"https:\/\/testwebsite.citygame.com\/sk\/wp-json\/wp\/v2\/product"}],"about":[{"href":"https:\/\/testwebsite.citygame.com\/sk\/wp-json\/wp\/v2\/types\/product"}],"acf:post":[{"embeddable":true,"href":"https:\/\/testwebsite.citygame.com\/sk\/wp-json\/wp\/v2\/pages\/12299"}],"wp:featuredmedia":[{"embeddable":true,"href":"https:\/\/testwebsite.citygame.com\/sk\/wp-json\/wp\/v2\/media\/14209"}],"wp:attachment":[{"href":"https:\/\/testwebsite.citygame.com\/sk\/wp-json\/wp\/v2\/media?parent=58891"}],"wp:term":[{"taxonomy":"game-concept","embeddable":true,"href":"https:\/\/testwebsite.citygame.com\/sk\/wp-json\/wp\/v2\/game-concept?post=58891"},{"taxonomy":"location","embeddable":true,"href":"https:\/\/testwebsite.citygame.com\/sk\/wp-json\/wp\/v2\/location?post=58891"},{"taxonomy":"product_brand","embeddable":true,"href":"https:\/\/testwebsite.citygame.com\/sk\/wp-json\/wp\/v2\/product_brand?post=58891"},{"taxonomy":"product_cat","embeddable":true,"href":"https:\/\/testwebsite.citygame.com\/sk\/wp-json\/wp\/v2\/product_cat?post=58891"},{"taxonomy":"product_tag","embeddable":true,"href":"https:\/\/testwebsite.citygame.com\/sk\/wp-json\/wp\/v2\/product_tag?post=58891"}],"curies":[{"name":"wp","href":"https:\/\/api.w.org\/{rel}","templated":true}]}}