{"id":58656,"date":"2026-02-04T19:45:42","date_gmt":"2026-02-04T19:45:42","guid":{"rendered":"https:\/\/testwebsite.citygame.com\/games\/unknown-location\/sherlock-holmes-leuven\/"},"modified":"2026-04-08T02:37:14","modified_gmt":"2026-04-08T02:37:14","slug":"sherlock-holmes-leuven","status":"publish","type":"product","link":"https:\/\/testwebsite.citygame.com\/sk\/games\/leuven\/sherlock-holmes-leuven\/","title":{"rendered":"Sherlock Holmes Leuven"},"content":{"rendered":"<p>Vst\u00fapte do top\u00e1nok majstra detekt\u00edva v hre Sherlock Holmes City Game v historickom centre mesta Leuven. T\u00e1to samostatn\u00e1, pr\u00edbehom riaden\u00e1 z\u00e1hada vra\u017edy v\u00e1s vtiahne do pohlcuj\u00faceho vy\u0161etrovania, pri ktorom odhal\u00edte pravdu za vra\u017edou, ktor\u00e1 sa stala po\u010das Liberty Festival. Ako sa pr\u00edbeh odv\u00edja, vy a va\u0161i spolo\u010dn\u00edci sa pohybujete po Leuvene vlastn\u00fdm tempom, zbierate stopy, rie\u0161ite h\u00e1danky a vypo\u010d\u00favate digit\u00e1lnych podozriv\u00fdch v pravom holmesovskom \u0161t\u00fdle.<\/p>\n","protected":false},"excerpt":{"rendered":"<p>Vst\u00fapte do zauj\u00edmav\u00fdch top\u00e1nok Sherlocka Holmesa a za\u017eite vzru\u0161uj\u00facu, samostatn\u00fa z\u00e1hadu vra\u017edy v Leuvene. So svoj\u00edm t\u00edmom n\u00e1jdite stopy, vyrie\u0161te h\u00e1danky a rozl\u00fasknite z\u00e1hadu, aby ste odhalili absol\u00fatnu pravdu, preto\u017ee ka\u017ed\u00e1 sekunda sa po\u010d\u00edta!<\/p>\n","protected":false},"featured_media":10488,"template":"","meta":{"_acf_changed":false,"_yoast_wpseo_focuskw":"Sherlock Holmes Leuven","_yoast_wpseo_metadesc":"Sherlock Holmes Leuven. Zahrajte si samostatn\u00fa detekt\u00edvnu hru v meste, rie\u0161te h\u00e1danky, sledujte stopy a odha\u013ete vraha vlastn\u00fdm tempom!","_kad_blocks_custom_css":"","_kad_blocks_head_custom_js":"","_kad_blocks_body_custom_js":"","_kad_blocks_footer_custom_js":"","ghostkit_customizer_options":"","ghostkit_custom_css":"","ghostkit_custom_js_head":"","ghostkit_custom_js_foot":"","ghostkit_typography":"","_kad_post_transparent":"","_kad_post_title":"","_kad_post_layout":"","_kad_post_sidebar_id":"","_kad_post_content_style":"","_kad_post_vertical_padding":"","_kad_post_feature":"","_kad_post_feature_position":"","_kad_post_header":false,"_kad_post_footer":false,"_kad_post_classname":"","_links_to":"","_links_to_target":""},"game-concept":[788],"location":[241],"product_brand":[],"product_cat":[27],"product_tag":[],"class_list":{"0":"post-58656","1":"product","2":"type-product","3":"status-publish","4":"has-post-thumbnail","6":"game-concept-sherlock","7":"location-leuven","8":"product_cat-geen-categorie","10":"first","11":"instock","12":"shipping-taxable","13":"purchasable","14":"product-type-simple","15":"entry","16":"content-bg","17":"loop-entry"},"acf":{"full_bokun_product_name":"Leuven Self-Guided Sherlock Holmes Murder Mystery Game","location_name":"Leuven","bokun_calendar_widget_code":"<script type=\"text\/javascript\" src=\"https:\/\/widgets.bokun.io\/assets\/javascripts\/apps\/build\/BokunWidgetsLoader.js?bookingChannelUUID=a1e93e96-5232-4734-a595-28405f4b5a31\" async><\/script>\n     \n    <div class=\"bokunWidget\" data-src=\"https:\/\/widgets.bokun.io\/online-sales\/a1e93e96-5232-4734-a595-28405f4b5a31\/experience-calendar\/731201\"><\/div>\n    <noscript>Please enable javascript in your browser to book<\/noscript>","bokun_button_widget_code":"<script type=\"text\/javascript\" src=\"https:\/\/widgets.bokun.io\/assets\/javascripts\/apps\/build\/BokunWidgetsLoader.js?bookingChannelUUID=a1e93e96-5232-4734-a595-28405f4b5a31\" async><\/script>\n      <style> #bokun_ed001e45_5927_4f62_b470_ca766338d083 { display: inline-block; padding: .4em 1em; background: #47b82e; border-radius: 999999px; box-shadow: none; font-weight: 600; font-size: 24px; text-decoration: none; text-align: center; color: #FFFFFF; border:none; cursor: pointer; transition: background .2s ease; } #bokun_ed001e45_5927_4f62_b470_ca766338d083:hover{ background: #2f7b1f; } #bokun_ed001e45_5927_4f62_b470_ca766338d083:active{ background: #378f24; } <\/style> <button class=\"bokunButton\" disabled id=bokun_ed001e45_5927_4f62_b470_ca766338d083 data-src=\"https:\/\/widgets.bokun.io\/online-sales\/a1e93e96-5232-4734-a595-28405f4b5a31\/experience-calendar\/731201?partialView=1\" data-testid=\"widget-book-button\" > Book now <\/button> ","what_you\u2019ll_experience_during_the_game":"Vst\u00fapte do nap\u00ednav\u00e9ho detekt\u00edvneho pr\u00edbehu odohr\u00e1vaj\u00faceho sa v srdci Leuven, kde ka\u017ed\u00fd k\u00fat m\u00f4\u017ee skr\u00fdva\u0165 tajomstvo a ka\u017ed\u00e1 stopa v\u00e1s pribl\u00ed\u017ei k pravde. Ako prech\u00e1dzate mestom, z\u00e1hada sa prehlbuje a pr\u00edbeh sa odv\u00edja, ved\u00fac v\u00e1s z jednej nap\u00ednavej sc\u00e9ny do druhej v plne pr\u00edbehom riadenom vy\u0161etrovan\u00ed. Budete zbiera\u0165 k\u013e\u00fa\u010dov\u00e9 d\u00f4kazy, rie\u0161i\u0165 zlo\u017eit\u00e9 h\u00e1danky a \u010deli\u0165 ne\u010dakan\u00fdm zvratom, zatia\u013e \u010do budete pracova\u0165 proti \u010dasu a podozreniu.  \n\nBudete vypo\u010d\u00fava\u0165 digit\u00e1lnych podozriv\u00fdch, analyzova\u0165 alibi a odha\u013eova\u0165 rozpory, ktor\u00e9 by mohli pr\u00edpad \u00faplne otvori\u0165. Vra\u017eda po\u010das Liberty Festival nie je to, \u010do sa na prv\u00fd poh\u013ead zd\u00e1, a len prostredn\u00edctvom bystr\u00e9ho pozorovania, kritick\u00e9ho myslenia a starostliv\u00e9ho odvodzovania odomknete, \u010do sa skuto\u010dne stalo. M\u00f4\u017eete vy\u0161etrova\u0165 vlastn\u00fdm tempom, pozastavi\u0165 sa, ke\u010f je to potrebn\u00e9, a pokra\u010dova\u0165 kedyko\u013evek ste pripraven\u00ed. Ak hr\u00e1te v skupine, pridajte s\u00fa\u0165a\u017eiv\u00fd prvok pretekan\u00edm v rie\u0161en\u00ed pr\u00edpadu sk\u00f4r ako ostatn\u00ed, ale skuto\u010dn\u00fdm cie\u013eom je odhali\u0165 pravdu.","how_to_play":"Pracujte sami alebo s priate\u013emi, rodinou \u010di kolegami v t\u00edmoch a\u017e \u0161tyroch os\u00f4b na jedno zariadenie. Po rezerv\u00e1cii dostanete e-mail s pokynmi so v\u0161etk\u00fdm, \u010do potrebujete.","start_location":"Historisch Stadhuis","available_languages":["en","es","fr","de","it","nl"],"players_per_group":"1-4","duration":"1.5-2 hours","image_overlay_color_image":"https:\/\/testwebsite.citygame.com\/wp-content\/blogs.dir\/1\/files\/sites\/62\/2026\/01\/SherlockColor.svg","image_overlay_game_logo":"https:\/\/testwebsite.citygame.com\/wp-content\/blogs.dir\/1\/files\/sites\/62\/2026\/01\/SherlockLogo.png","city_page":6595,"woocommerce_general_content":null},"yoast_head":"<!-- This site is optimized with the Yoast SEO Premium plugin v26.2 (Yoast SEO v26.3) - https:\/\/yoast.com\/wordpress\/plugins\/seo\/ -->\n<title>Sherlock Holmes Leuven - City Game<\/title>\n<meta name=\"description\" content=\"Sherlock Holmes Leuven. Zahrajte si samostatn\u00fa detekt\u00edvnu hru v meste, rie\u0161te h\u00e1danky, sledujte stopy a odha\u013ete vraha vlastn\u00fdm tempom!\" \/>\n<meta name=\"robots\" content=\"noindex, follow, max-snippet:-1, max-image-preview:large, max-video-preview:-1\" \/>\n<meta property=\"og:locale\" content=\"sk_SK\" \/>\n<meta property=\"og:type\" content=\"article\" \/>\n<meta property=\"og:title\" content=\"Sherlock Holmes Leuven\" \/>\n<meta property=\"og:description\" content=\"Sherlock Holmes Leuven. Zahrajte si samostatn\u00fa detekt\u00edvnu hru v meste, rie\u0161te h\u00e1danky, sledujte stopy a odha\u013ete vraha vlastn\u00fdm tempom!\" \/>\n<meta property=\"og:url\" content=\"https:\/\/testwebsite.citygame.com\/sk\/games\/leuven\/sherlock-holmes-leuven\/\" \/>\n<meta property=\"og:site_name\" content=\"City Game\" \/>\n<meta property=\"article:publisher\" content=\"https:\/\/www.facebook.com\/profile.php?id=100086426226253\" \/>\n<meta property=\"article:modified_time\" content=\"2026-04-08T02:37:14+00:00\" \/>\n<meta property=\"og:image\" content=\"https:\/\/testwebsite.citygame.com\/wp-content\/blogs.dir\/1\/files\/sites\/62\/2026\/02\/person-playing-sherlock-city-game-leuven.jpg\" \/>\n\t<meta property=\"og:image:width\" content=\"1344\" \/>\n\t<meta property=\"og:image:height\" content=\"768\" \/>\n\t<meta property=\"og:image:type\" content=\"image\/jpeg\" \/>\n<meta name=\"twitter:card\" content=\"summary_large_image\" \/>\n<script type=\"application\/ld+json\" class=\"yoast-schema-graph\">{\"@context\":\"https:\/\/schema.org\",\"@graph\":[{\"@type\":\"WebPage\",\"@id\":\"https:\/\/testwebsite.citygame.com\/sk\/games\/leuven\/sherlock-holmes-leuven\/\",\"url\":\"https:\/\/testwebsite.citygame.com\/sk\/games\/leuven\/sherlock-holmes-leuven\/\",\"name\":\"Sherlock Holmes Leuven - City Game\",\"isPartOf\":{\"@id\":\"https:\/\/testwebsite.upevents.nl\/#website\"},\"primaryImageOfPage\":{\"@id\":\"https:\/\/testwebsite.citygame.com\/sk\/games\/leuven\/sherlock-holmes-leuven\/#primaryimage\"},\"image\":{\"@id\":\"https:\/\/testwebsite.citygame.com\/sk\/games\/leuven\/sherlock-holmes-leuven\/#primaryimage\"},\"thumbnailUrl\":\"https:\/\/testwebsite.citygame.com\/wp-content\/blogs.dir\/1\/files\/sites\/62\/2026\/02\/person-playing-sherlock-city-game-leuven.jpg\",\"datePublished\":\"2026-02-04T19:45:42+00:00\",\"dateModified\":\"2026-04-08T02:37:14+00:00\",\"description\":\"Sherlock Holmes Leuven. Zahrajte si samostatn\u00fa detekt\u00edvnu hru v meste, rie\u0161te h\u00e1danky, sledujte stopy a odha\u013ete vraha vlastn\u00fdm tempom!\",\"breadcrumb\":{\"@id\":\"https:\/\/testwebsite.citygame.com\/sk\/games\/leuven\/sherlock-holmes-leuven\/#breadcrumb\"},\"inLanguage\":\"sk-SK\",\"potentialAction\":[{\"@type\":\"ReadAction\",\"target\":[\"https:\/\/testwebsite.citygame.com\/sk\/games\/leuven\/sherlock-holmes-leuven\/\"]}]},{\"@type\":\"ImageObject\",\"inLanguage\":\"sk-SK\",\"@id\":\"https:\/\/testwebsite.citygame.com\/sk\/games\/leuven\/sherlock-holmes-leuven\/#primaryimage\",\"url\":\"https:\/\/testwebsite.citygame.com\/wp-content\/blogs.dir\/1\/files\/sites\/62\/2026\/02\/person-playing-sherlock-city-game-leuven.jpg\",\"contentUrl\":\"https:\/\/testwebsite.citygame.com\/wp-content\/blogs.dir\/1\/files\/sites\/62\/2026\/02\/person-playing-sherlock-city-game-leuven.jpg\",\"width\":1344,\"height\":768,\"caption\":\"A player uses their smartphone to solve a mystery on the historic streets of Leuven.\"},{\"@type\":\"BreadcrumbList\",\"@id\":\"https:\/\/testwebsite.citygame.com\/sk\/games\/leuven\/sherlock-holmes-leuven\/#breadcrumb\",\"itemListElement\":[{\"@type\":\"ListItem\",\"position\":1,\"name\":\"Home\",\"item\":\"https:\/\/testwebsite.citygame.com\/sk\/\"},{\"@type\":\"ListItem\",\"position\":2,\"name\":\"Shop\",\"item\":\"https:\/\/testwebsite.citygame.com\/shop\/\"},{\"@type\":\"ListItem\",\"position\":3,\"name\":\"Sherlock Holmes Leuven\"}]},{\"@type\":\"WebSite\",\"@id\":\"https:\/\/testwebsite.upevents.nl\/#website\",\"url\":\"https:\/\/testwebsite.upevents.nl\/\",\"name\":\"City Game\",\"description\":\"\",\"publisher\":{\"@id\":\"https:\/\/testwebsite.upevents.nl\/#organization\"},\"alternateName\":\"citygame.com\",\"potentialAction\":[{\"@type\":\"SearchAction\",\"target\":{\"@type\":\"EntryPoint\",\"urlTemplate\":\"https:\/\/testwebsite.upevents.nl\/?s={search_term_string}\"},\"query-input\":{\"@type\":\"PropertyValueSpecification\",\"valueRequired\":true,\"valueName\":\"search_term_string\"}}],\"inLanguage\":\"sk-SK\"},{\"@type\":[\"Organization\",\"Place\"],\"@id\":\"https:\/\/testwebsite.upevents.nl\/#organization\",\"name\":\"City Game\",\"alternateName\":\"citygame.com\",\"url\":\"https:\/\/testwebsite.upevents.nl\/\",\"logo\":{\"@id\":\"https:\/\/testwebsite.citygame.com\/sk\/games\/leuven\/sherlock-holmes-leuven\/#local-main-organization-logo\"},\"image\":{\"@id\":\"https:\/\/testwebsite.citygame.com\/sk\/games\/leuven\/sherlock-holmes-leuven\/#local-main-organization-logo\"},\"sameAs\":[\"https:\/\/www.facebook.com\/profile.php?id=100086426226253\",\"https:\/\/www.instagram.com\/citygame_com\",\"https:\/\/www.tiktok.com\/@citygamecom\/\",\"https:\/\/www.linkedin.com\/company\/citygame-com\"],\"description\":\"Turn any city into a playground with our interactive City Games and self-guided tours. Fun, flexible, and ideal for groups and team building.\",\"telephone\":[],\"openingHoursSpecification\":[{\"@type\":\"OpeningHoursSpecification\",\"dayOfWeek\":[\"Monday\",\"Tuesday\",\"Wednesday\",\"Thursday\",\"Friday\",\"Saturday\",\"Sunday\"],\"opens\":\"09:00\",\"closes\":\"17:00\"}]},{\"@type\":\"ImageObject\",\"inLanguage\":\"sk-SK\",\"@id\":\"https:\/\/testwebsite.citygame.com\/sk\/games\/leuven\/sherlock-holmes-leuven\/#local-main-organization-logo\",\"url\":\"https:\/\/testwebsite.citygame.com\/wp-content\/blogs.dir\/1\/files\/sites\/62\/2025\/10\/CG_LOGO-City-Game.png\",\"contentUrl\":\"https:\/\/testwebsite.citygame.com\/wp-content\/blogs.dir\/1\/files\/sites\/62\/2025\/10\/CG_LOGO-City-Game.png\",\"width\":351,\"height\":377,\"caption\":\"City Game\"}]}<\/script>\n<!-- \/ Yoast SEO Premium plugin. -->","yoast_head_json":{"title":"Sherlock Holmes Leuven - City Game","description":"Sherlock Holmes Leuven. Zahrajte si samostatn\u00fa detekt\u00edvnu hru v meste, rie\u0161te h\u00e1danky, sledujte stopy a odha\u013ete vraha vlastn\u00fdm tempom!","robots":{"index":"noindex","follow":"follow","max-snippet":"max-snippet:-1","max-image-preview":"max-image-preview:large","max-video-preview":"max-video-preview:-1"},"og_locale":"sk_SK","og_type":"article","og_title":"Sherlock Holmes Leuven","og_description":"Sherlock Holmes Leuven. Zahrajte si samostatn\u00fa detekt\u00edvnu hru v meste, rie\u0161te h\u00e1danky, sledujte stopy a odha\u013ete vraha vlastn\u00fdm tempom!","og_url":"https:\/\/testwebsite.citygame.com\/sk\/games\/leuven\/sherlock-holmes-leuven\/","og_site_name":"City Game","article_publisher":"https:\/\/www.facebook.com\/profile.php?id=100086426226253","article_modified_time":"2026-04-08T02:37:14+00:00","og_image":[{"width":1344,"height":768,"url":"https:\/\/testwebsite.citygame.com\/wp-content\/blogs.dir\/1\/files\/sites\/62\/2026\/02\/person-playing-sherlock-city-game-leuven.jpg","type":"image\/jpeg"}],"twitter_card":"summary_large_image","schema":{"@context":"https:\/\/schema.org","@graph":[{"@type":"WebPage","@id":"https:\/\/testwebsite.citygame.com\/sk\/games\/leuven\/sherlock-holmes-leuven\/","url":"https:\/\/testwebsite.citygame.com\/sk\/games\/leuven\/sherlock-holmes-leuven\/","name":"Sherlock Holmes Leuven - City Game","isPartOf":{"@id":"https:\/\/testwebsite.upevents.nl\/#website"},"primaryImageOfPage":{"@id":"https:\/\/testwebsite.citygame.com\/sk\/games\/leuven\/sherlock-holmes-leuven\/#primaryimage"},"image":{"@id":"https:\/\/testwebsite.citygame.com\/sk\/games\/leuven\/sherlock-holmes-leuven\/#primaryimage"},"thumbnailUrl":"https:\/\/testwebsite.citygame.com\/wp-content\/blogs.dir\/1\/files\/sites\/62\/2026\/02\/person-playing-sherlock-city-game-leuven.jpg","datePublished":"2026-02-04T19:45:42+00:00","dateModified":"2026-04-08T02:37:14+00:00","description":"Sherlock Holmes Leuven. Zahrajte si samostatn\u00fa detekt\u00edvnu hru v meste, rie\u0161te h\u00e1danky, sledujte stopy a odha\u013ete vraha vlastn\u00fdm tempom!","breadcrumb":{"@id":"https:\/\/testwebsite.citygame.com\/sk\/games\/leuven\/sherlock-holmes-leuven\/#breadcrumb"},"inLanguage":"sk-SK","potentialAction":[{"@type":"ReadAction","target":["https:\/\/testwebsite.citygame.com\/sk\/games\/leuven\/sherlock-holmes-leuven\/"]}]},{"@type":"ImageObject","inLanguage":"sk-SK","@id":"https:\/\/testwebsite.citygame.com\/sk\/games\/leuven\/sherlock-holmes-leuven\/#primaryimage","url":"https:\/\/testwebsite.citygame.com\/wp-content\/blogs.dir\/1\/files\/sites\/62\/2026\/02\/person-playing-sherlock-city-game-leuven.jpg","contentUrl":"https:\/\/testwebsite.citygame.com\/wp-content\/blogs.dir\/1\/files\/sites\/62\/2026\/02\/person-playing-sherlock-city-game-leuven.jpg","width":1344,"height":768,"caption":"A player uses their smartphone to solve a mystery on the historic streets of Leuven."},{"@type":"BreadcrumbList","@id":"https:\/\/testwebsite.citygame.com\/sk\/games\/leuven\/sherlock-holmes-leuven\/#breadcrumb","itemListElement":[{"@type":"ListItem","position":1,"name":"Home","item":"https:\/\/testwebsite.citygame.com\/sk\/"},{"@type":"ListItem","position":2,"name":"Shop","item":"https:\/\/testwebsite.citygame.com\/shop\/"},{"@type":"ListItem","position":3,"name":"Sherlock Holmes Leuven"}]},{"@type":"WebSite","@id":"https:\/\/testwebsite.upevents.nl\/#website","url":"https:\/\/testwebsite.upevents.nl\/","name":"City Game","description":"","publisher":{"@id":"https:\/\/testwebsite.upevents.nl\/#organization"},"alternateName":"citygame.com","potentialAction":[{"@type":"SearchAction","target":{"@type":"EntryPoint","urlTemplate":"https:\/\/testwebsite.upevents.nl\/?s={search_term_string}"},"query-input":{"@type":"PropertyValueSpecification","valueRequired":true,"valueName":"search_term_string"}}],"inLanguage":"sk-SK"},{"@type":["Organization","Place"],"@id":"https:\/\/testwebsite.upevents.nl\/#organization","name":"City Game","alternateName":"citygame.com","url":"https:\/\/testwebsite.upevents.nl\/","logo":{"@id":"https:\/\/testwebsite.citygame.com\/sk\/games\/leuven\/sherlock-holmes-leuven\/#local-main-organization-logo"},"image":{"@id":"https:\/\/testwebsite.citygame.com\/sk\/games\/leuven\/sherlock-holmes-leuven\/#local-main-organization-logo"},"sameAs":["https:\/\/www.facebook.com\/profile.php?id=100086426226253","https:\/\/www.instagram.com\/citygame_com","https:\/\/www.tiktok.com\/@citygamecom\/","https:\/\/www.linkedin.com\/company\/citygame-com"],"description":"Turn any city into a playground with our interactive City Games and self-guided tours. Fun, flexible, and ideal for groups and team building.","telephone":[],"openingHoursSpecification":[{"@type":"OpeningHoursSpecification","dayOfWeek":["Monday","Tuesday","Wednesday","Thursday","Friday","Saturday","Sunday"],"opens":"09:00","closes":"17:00"}]},{"@type":"ImageObject","inLanguage":"sk-SK","@id":"https:\/\/testwebsite.citygame.com\/sk\/games\/leuven\/sherlock-holmes-leuven\/#local-main-organization-logo","url":"https:\/\/testwebsite.citygame.com\/wp-content\/blogs.dir\/1\/files\/sites\/62\/2025\/10\/CG_LOGO-City-Game.png","contentUrl":"https:\/\/testwebsite.citygame.com\/wp-content\/blogs.dir\/1\/files\/sites\/62\/2025\/10\/CG_LOGO-City-Game.png","width":351,"height":377,"caption":"City Game"}]}},"taxonomy_info":{"game-concept":[{"value":788,"label":"Sherlock"}],"location":[{"value":241,"label":"Leuven"}],"product_cat":[{"value":27,"label":"Geen categorie"}]},"featured_image_src_large":["https:\/\/testwebsite.citygame.com\/wp-content\/blogs.dir\/1\/files\/sites\/62\/2026\/02\/person-playing-sherlock-city-game-leuven-1024x585.jpg",1024,585,true],"author_info":[],"comment_info":"","_links":{"self":[{"href":"https:\/\/testwebsite.citygame.com\/sk\/wp-json\/wp\/v2\/product\/58656","targetHints":{"allow":["GET"]}}],"collection":[{"href":"https:\/\/testwebsite.citygame.com\/sk\/wp-json\/wp\/v2\/product"}],"about":[{"href":"https:\/\/testwebsite.citygame.com\/sk\/wp-json\/wp\/v2\/types\/product"}],"acf:post":[{"embeddable":true,"href":"https:\/\/testwebsite.citygame.com\/sk\/wp-json\/wp\/v2\/pages\/6595"}],"wp:featuredmedia":[{"embeddable":true,"href":"https:\/\/testwebsite.citygame.com\/sk\/wp-json\/wp\/v2\/media\/10488"}],"wp:attachment":[{"href":"https:\/\/testwebsite.citygame.com\/sk\/wp-json\/wp\/v2\/media?parent=58656"}],"wp:term":[{"taxonomy":"game-concept","embeddable":true,"href":"https:\/\/testwebsite.citygame.com\/sk\/wp-json\/wp\/v2\/game-concept?post=58656"},{"taxonomy":"location","embeddable":true,"href":"https:\/\/testwebsite.citygame.com\/sk\/wp-json\/wp\/v2\/location?post=58656"},{"taxonomy":"product_brand","embeddable":true,"href":"https:\/\/testwebsite.citygame.com\/sk\/wp-json\/wp\/v2\/product_brand?post=58656"},{"taxonomy":"product_cat","embeddable":true,"href":"https:\/\/testwebsite.citygame.com\/sk\/wp-json\/wp\/v2\/product_cat?post=58656"},{"taxonomy":"product_tag","embeddable":true,"href":"https:\/\/testwebsite.citygame.com\/sk\/wp-json\/wp\/v2\/product_tag?post=58656"}],"curies":[{"name":"wp","href":"https:\/\/api.w.org\/{rel}","templated":true}]}}