{"id":58553,"date":"2026-01-27T11:02:35","date_gmt":"2026-01-27T11:02:35","guid":{"rendered":"https:\/\/testwebsite.citygame.com\/games\/unknown-location\/secrets-of-amersfoort\/"},"modified":"2026-04-08T02:26:41","modified_gmt":"2026-04-08T02:26:41","slug":"secrets-of-amersfoort","status":"publish","type":"product","link":"https:\/\/testwebsite.citygame.com\/sk\/games\/amersfoort\/secrets-of-amersfoort\/","title":{"rendered":"Secrets of Amersfoort"},"content":{"rendered":"<p>City Game Amersfoort je samonav\u00e1dzacia mestsk\u00e1 hra, ktor\u00e1 sa odohr\u00e1va v centre mesta Amersfoort. T\u00e1to GPS hra premen\u00ed v\u00e1\u0161 smartf\u00f3n na interakt\u00edvny n\u00e1stroj na objavovanie mesta pri rie\u0161en\u00ed h\u00e1daniek, hlavolamov a kreat\u00edvnych fotografick\u00fdch v\u00fdziev. Ke\u010f hr\u00e1\u010di sk\u00famaj\u00fa ulice, odha\u013euj\u00fa pr\u00edbehy o hist\u00f3rii, kult\u00fare a skryt\u00fdch detailoch Amersfoortu, ktor\u00e9 \u010dasto unikaj\u00fa pozornosti. Prieskumn\u00e1 hra je navrhnut\u00e1 tak, aby vyhovovala n\u00e1v\u0161tevn\u00edkom aj miestnym, \u010do z nej rob\u00ed z\u00e1bavn\u00fd a pou\u010dn\u00fd sp\u00f4sob, ako spozna\u0165 mesto. \u010ci u\u017e sa hr\u00e1 samostatne, vo dvojiciach, s rodinou alebo v skupin\u00e1ch priate\u013eov, t\u00e1to City Game pon\u00faka flexibiln\u00e9 a p\u00fatav\u00e9 dobrodru\u017estvo v Amersfoorte.<\/p>\n","protected":false},"excerpt":{"rendered":"<p>Objavte majest\u00e1tnos\u0165 a tajomstv\u00e1 Amersfoortu! Nezabudnute\u013en\u00e1 cesta mestom, kde sa stredovek\u00e9 \u010daro plynule sp\u00e1ja s modernou pr\u00ed\u0165a\u017elivos\u0165ou, ponorte sa do mesta, ktor\u00e9 prekypuje podmanivou hist\u00f3riou a s\u00fa\u010dasn\u00fdm umen\u00edm. Pri rozl\u00fa\u0161ten\u00ed ka\u017ed\u00e9ho zauj\u00edmav\u00e9ho detailu Amersfoort skr\u00fdva prekvapiv\u00e9 objavy za ka\u017ed\u00fdm nezabudnute\u013en\u00fdm rohom!<\/p>\n","protected":false},"featured_media":4639,"template":"","meta":{"_acf_changed":false,"_yoast_wpseo_focuskw":"Secrets of Amersfoort","_yoast_wpseo_metadesc":"Secrets of Amersfoort. Hrajte samonav\u00e1dzaciu City Game a objavujte mesto prostredn\u00edctvom hlavolamov, h\u00e1daniek a v\u00fdziev. Hrajte vlastn\u00fdm tempom a objavujte ako miestni!","_kad_blocks_custom_css":"","_kad_blocks_head_custom_js":"","_kad_blocks_body_custom_js":"","_kad_blocks_footer_custom_js":"","ghostkit_customizer_options":"","ghostkit_custom_css":"","ghostkit_custom_js_head":"","ghostkit_custom_js_foot":"","ghostkit_typography":"","_kad_post_transparent":"","_kad_post_title":"","_kad_post_layout":"","_kad_post_sidebar_id":"","_kad_post_content_style":"","_kad_post_vertical_padding":"","_kad_post_feature":"","_kad_post_feature_position":"","_kad_post_header":false,"_kad_post_footer":false,"_kad_post_classname":"","_links_to":"","_links_to_target":""},"game-concept":[727],"location":[65],"product_brand":[],"product_cat":[27],"product_tag":[],"class_list":{"0":"post-58553","1":"product","2":"type-product","3":"status-publish","4":"has-post-thumbnail","6":"game-concept-secrets","7":"location-amersfoort","8":"product_cat-geen-categorie","10":"first","11":"instock","12":"shipping-taxable","13":"purchasable","14":"product-type-simple","15":"entry","16":"content-bg","17":"loop-entry"},"acf":{"full_bokun_product_name":"Self-Guided Secrets of Amersfoort Exploration Game","location_name":"Amersfoort","bokun_calendar_widget_code":"<script type=\"text\/javascript\" src=\"https:\/\/widgets.bokun.io\/assets\/javascripts\/apps\/build\/BokunWidgetsLoader.js?bookingChannelUUID=a1e93e96-5232-4734-a595-28405f4b5a31\" async><\/script>\n     \n    <div class=\"bokunWidget\" data-src=\"https:\/\/widgets.bokun.io\/online-sales\/a1e93e96-5232-4734-a595-28405f4b5a31\/experience-calendar\/796268\"><\/div>\n    <noscript>Please enable javascript in your browser to book<\/noscript>","bokun_button_widget_code":"<script type=\"text\/javascript\" src=\"https:\/\/widgets.bokun.io\/assets\/javascripts\/apps\/build\/BokunWidgetsLoader.js?bookingChannelUUID=a1e93e96-5232-4734-a595-28405f4b5a31\" async><\/script>\n      <style> #bokun_ed001e45_5927_4f62_b470_ca766338d083 { display: inline-block; padding: .4em 1em; background: #47b82e; border-radius: 999999px; box-shadow: none; font-weight: 600; font-size: 24px; text-decoration: none; text-align: center; color: #FFFFFF; border:none; cursor: pointer; transition: background .2s ease; } #bokun_ed001e45_5927_4f62_b470_ca766338d083:hover{ background: #2f7b1f; } #bokun_ed001e45_5927_4f62_b470_ca766338d083:active{ background: #378f24; } <\/style> <button class=\"bokunButton\" disabled id=bokun_ed001e45_5927_4f62_b470_ca766338d083 data-src=\"https:\/\/widgets.bokun.io\/online-sales\/a1e93e96-5232-4734-a595-28405f4b5a31\/experience-calendar\/796268?partialView=1\" data-testid=\"widget-book-button\" > Book now <\/button> ","what_you\u2019ll_experience_during_the_game":"Ke\u010f v\u00e1s t\u00e1to City Game prevedie Amersfoortom, objav\u00edte jedine\u010dn\u00fa zmes hist\u00f3rie a \u0161armu mesta prostredn\u00edctvom dobrodru\u017estva pln\u00e9ho objavovania. Hra v\u00e1s zavedie k zn\u00e1mym pamiatkam aj do tich\u0161\u00edch z\u00e1kut\u00ed, pri\u010dom sp\u00e1ja trasu, ktor\u00e1 m\u00f4\u017ee zah\u0155\u0148a\u0165 v\u00fdh\u013eady na Koppelpoort, Onze-Lieve-Vrouwetoren a Mondriaanhuis. Po\u010das cesty presk\u00famate st\u00e1ro\u010dn\u00e9 ulice, skryt\u00e9 n\u00e1dvoria a malebn\u00e9 kan\u00e1ly, ktor\u00e9 rozpr\u00e1vaj\u00fa pr\u00edbeh o minulosti a pr\u00edtomnosti Amersfoortu. Ka\u017ed\u00e1 lokalita prid\u00e1va vrstvu k celkovej atmosf\u00e9re a pon\u00faka hlb\u0161ie spojenie s pamiatkami, ktor\u00e9 presahuj\u00fa be\u017en\u00e9 prehliadky.  \n\nPo\u010das objavovania Amersfoortu budete rie\u0161i\u0165 r\u00f4zne v\u00fdzvy, ktor\u00e9 siahaj\u00fa od \u0161ikovn\u00fdch h\u00e1daniek po kreat\u00edvne fotografick\u00e9 \u00falohy. Ka\u017ed\u00e1 splnen\u00e1 v\u00fdzva v\u00e1m pom\u00f4\u017ee z\u00edska\u0165 body, odhali\u0165 stopy a pribl\u00ed\u017ei\u0165 sa k vyrie\u0161eniu z\u00e1vere\u010dn\u00e9ho tajomstva v srdci City Game. \u010ci u\u017e hr\u00e1te sami, vo dvojiciach alebo v t\u00edmoch, hru m\u00f4\u017eete kedyko\u013evek pozastavi\u0165 a znova pokra\u010dova\u0165, ke\u010f budete pripraven\u00ed. Pre t\u00fdch, ktor\u00ed maj\u00fa radi s\u00fa\u0165a\u017eivos\u0165, existuje mo\u017enos\u0165 sledova\u0165 svoje sk\u00f3re a sna\u017ei\u0165 sa o miesto v rebr\u00ed\u010dku.","how_to_play":"Zarezervujte si Prieskumn\u00fa Hru, skontrolujte e-mail, ktor\u00fd v\u00e1m po\u0161leme s jednoduch\u00fdmi in\u0161trukciami, stiahnite si aplik\u00e1ciu Loquiz, spustite Prieskumn\u00fa Hru a ste pripraven\u00ed za\u010da\u0165 v\u00e1\u0161 hern\u00fd z\u00e1\u017eitok!","start_location":"Amersfoort , Marktplein de Hof","available_languages":["en","nl"],"players_per_group":"1-4","duration":"1.5-2 hours","image_overlay_color_image":"https:\/\/testwebsite.citygame.com\/wp-content\/blogs.dir\/1\/files\/sites\/62\/2026\/01\/SecretsColor.svg","image_overlay_game_logo":"https:\/\/testwebsite.citygame.com\/wp-content\/blogs.dir\/1\/files\/sites\/62\/2026\/01\/SecretsLogo.png","city_page":4613,"woocommerce_general_content":null},"yoast_head":"<!-- This site is optimized with the Yoast SEO Premium plugin v26.2 (Yoast SEO v26.3) - https:\/\/yoast.com\/wordpress\/plugins\/seo\/ -->\n<title>Secrets of Amersfoort - City Game<\/title>\n<meta name=\"description\" content=\"Secrets of Amersfoort. Hrajte samonav\u00e1dzaciu City Game a objavujte mesto prostredn\u00edctvom hlavolamov, h\u00e1daniek a v\u00fdziev. Hrajte vlastn\u00fdm tempom a objavujte ako miestni!\" \/>\n<meta name=\"robots\" content=\"noindex, follow, max-snippet:-1, max-image-preview:large, max-video-preview:-1\" \/>\n<meta property=\"og:locale\" content=\"sk_SK\" \/>\n<meta property=\"og:type\" content=\"article\" \/>\n<meta property=\"og:title\" content=\"Secrets of Amersfoort\" \/>\n<meta property=\"og:description\" content=\"Secrets of Amersfoort. Hrajte samonav\u00e1dzaciu City Game a objavujte mesto prostredn\u00edctvom hlavolamov, h\u00e1daniek a v\u00fdziev. Hrajte vlastn\u00fdm tempom a objavujte ako miestni!\" \/>\n<meta property=\"og:url\" content=\"https:\/\/testwebsite.citygame.com\/sk\/games\/amersfoort\/secrets-of-amersfoort\/\" \/>\n<meta property=\"og:site_name\" content=\"City Game\" \/>\n<meta property=\"article:publisher\" content=\"https:\/\/www.facebook.com\/profile.php?id=100086426226253\" \/>\n<meta property=\"article:modified_time\" content=\"2026-04-08T02:26:41+00:00\" \/>\n<meta property=\"og:image\" content=\"https:\/\/testwebsite.citygame.com\/wp-content\/blogs.dir\/1\/files\/sites\/62\/2026\/01\/amersfoort-secrets-of-city-game-player-on-historic-street.jpg\" \/>\n\t<meta property=\"og:image:width\" content=\"1248\" \/>\n\t<meta property=\"og:image:height\" content=\"832\" \/>\n\t<meta property=\"og:image:type\" content=\"image\/jpeg\" \/>\n<meta name=\"twitter:card\" content=\"summary_large_image\" \/>\n<meta name=\"twitter:label1\" content=\"Predpokladan\u00fd \u010das \u010d\u00edtania\" \/>\n\t<meta name=\"twitter:data1\" content=\"1 min\u00fata\" \/>\n<script type=\"application\/ld+json\" class=\"yoast-schema-graph\">{\"@context\":\"https:\/\/schema.org\",\"@graph\":[{\"@type\":\"WebPage\",\"@id\":\"https:\/\/testwebsite.citygame.com\/sk\/games\/amersfoort\/secrets-of-amersfoort\/\",\"url\":\"https:\/\/testwebsite.citygame.com\/sk\/games\/amersfoort\/secrets-of-amersfoort\/\",\"name\":\"Secrets of Amersfoort - City Game\",\"isPartOf\":{\"@id\":\"https:\/\/testwebsite.upevents.nl\/#website\"},\"primaryImageOfPage\":{\"@id\":\"https:\/\/testwebsite.citygame.com\/sk\/games\/amersfoort\/secrets-of-amersfoort\/#primaryimage\"},\"image\":{\"@id\":\"https:\/\/testwebsite.citygame.com\/sk\/games\/amersfoort\/secrets-of-amersfoort\/#primaryimage\"},\"thumbnailUrl\":\"https:\/\/testwebsite.citygame.com\/wp-content\/blogs.dir\/1\/files\/sites\/62\/2026\/01\/amersfoort-secrets-of-city-game-player-on-historic-street.jpg\",\"datePublished\":\"2026-01-27T11:02:35+00:00\",\"dateModified\":\"2026-04-08T02:26:41+00:00\",\"description\":\"Secrets of Amersfoort. Hrajte samonav\u00e1dzaciu City Game a objavujte mesto prostredn\u00edctvom hlavolamov, h\u00e1daniek a v\u00fdziev. Hrajte vlastn\u00fdm tempom a objavujte ako miestni!\",\"breadcrumb\":{\"@id\":\"https:\/\/testwebsite.citygame.com\/sk\/games\/amersfoort\/secrets-of-amersfoort\/#breadcrumb\"},\"inLanguage\":\"sk-SK\",\"potentialAction\":[{\"@type\":\"ReadAction\",\"target\":[\"https:\/\/testwebsite.citygame.com\/sk\/games\/amersfoort\/secrets-of-amersfoort\/\"]}]},{\"@type\":\"ImageObject\",\"inLanguage\":\"sk-SK\",\"@id\":\"https:\/\/testwebsite.citygame.com\/sk\/games\/amersfoort\/secrets-of-amersfoort\/#primaryimage\",\"url\":\"https:\/\/testwebsite.citygame.com\/wp-content\/blogs.dir\/1\/files\/sites\/62\/2026\/01\/amersfoort-secrets-of-city-game-player-on-historic-street.jpg\",\"contentUrl\":\"https:\/\/testwebsite.citygame.com\/wp-content\/blogs.dir\/1\/files\/sites\/62\/2026\/01\/amersfoort-secrets-of-city-game-player-on-historic-street.jpg\",\"width\":1248,\"height\":832,\"caption\":\"A player looks thoughtfully down a street in Amersfoort while holding a smartphone with the game interface.\"},{\"@type\":\"BreadcrumbList\",\"@id\":\"https:\/\/testwebsite.citygame.com\/sk\/games\/amersfoort\/secrets-of-amersfoort\/#breadcrumb\",\"itemListElement\":[{\"@type\":\"ListItem\",\"position\":1,\"name\":\"Home\",\"item\":\"https:\/\/testwebsite.citygame.com\/sk\/\"},{\"@type\":\"ListItem\",\"position\":2,\"name\":\"Shop\",\"item\":\"https:\/\/testwebsite.citygame.com\/shop\/\"},{\"@type\":\"ListItem\",\"position\":3,\"name\":\"Secrets of Amersfoort\"}]},{\"@type\":\"WebSite\",\"@id\":\"https:\/\/testwebsite.upevents.nl\/#website\",\"url\":\"https:\/\/testwebsite.upevents.nl\/\",\"name\":\"City Game\",\"description\":\"\",\"publisher\":{\"@id\":\"https:\/\/testwebsite.upevents.nl\/#organization\"},\"alternateName\":\"citygame.com\",\"potentialAction\":[{\"@type\":\"SearchAction\",\"target\":{\"@type\":\"EntryPoint\",\"urlTemplate\":\"https:\/\/testwebsite.upevents.nl\/?s={search_term_string}\"},\"query-input\":{\"@type\":\"PropertyValueSpecification\",\"valueRequired\":true,\"valueName\":\"search_term_string\"}}],\"inLanguage\":\"sk-SK\"},{\"@type\":[\"Organization\",\"Place\"],\"@id\":\"https:\/\/testwebsite.upevents.nl\/#organization\",\"name\":\"City Game\",\"alternateName\":\"citygame.com\",\"url\":\"https:\/\/testwebsite.upevents.nl\/\",\"logo\":{\"@id\":\"https:\/\/testwebsite.citygame.com\/sk\/games\/amersfoort\/secrets-of-amersfoort\/#local-main-organization-logo\"},\"image\":{\"@id\":\"https:\/\/testwebsite.citygame.com\/sk\/games\/amersfoort\/secrets-of-amersfoort\/#local-main-organization-logo\"},\"sameAs\":[\"https:\/\/www.facebook.com\/profile.php?id=100086426226253\",\"https:\/\/www.instagram.com\/citygame_com\",\"https:\/\/www.tiktok.com\/@citygamecom\/\",\"https:\/\/www.linkedin.com\/company\/citygame-com\"],\"description\":\"Turn any city into a playground with our interactive City Games and self-guided tours. Fun, flexible, and ideal for groups and team building.\",\"telephone\":[],\"openingHoursSpecification\":[{\"@type\":\"OpeningHoursSpecification\",\"dayOfWeek\":[\"Monday\",\"Tuesday\",\"Wednesday\",\"Thursday\",\"Friday\",\"Saturday\",\"Sunday\"],\"opens\":\"09:00\",\"closes\":\"17:00\"}]},{\"@type\":\"ImageObject\",\"inLanguage\":\"sk-SK\",\"@id\":\"https:\/\/testwebsite.citygame.com\/sk\/games\/amersfoort\/secrets-of-amersfoort\/#local-main-organization-logo\",\"url\":\"https:\/\/testwebsite.citygame.com\/wp-content\/blogs.dir\/1\/files\/sites\/62\/2025\/10\/CG_LOGO-City-Game.png\",\"contentUrl\":\"https:\/\/testwebsite.citygame.com\/wp-content\/blogs.dir\/1\/files\/sites\/62\/2025\/10\/CG_LOGO-City-Game.png\",\"width\":351,\"height\":377,\"caption\":\"City Game\"}]}<\/script>\n<!-- \/ Yoast SEO Premium plugin. -->","yoast_head_json":{"title":"Secrets of Amersfoort - City Game","description":"Secrets of Amersfoort. Hrajte samonav\u00e1dzaciu City Game a objavujte mesto prostredn\u00edctvom hlavolamov, h\u00e1daniek a v\u00fdziev. Hrajte vlastn\u00fdm tempom a objavujte ako miestni!","robots":{"index":"noindex","follow":"follow","max-snippet":"max-snippet:-1","max-image-preview":"max-image-preview:large","max-video-preview":"max-video-preview:-1"},"og_locale":"sk_SK","og_type":"article","og_title":"Secrets of Amersfoort","og_description":"Secrets of Amersfoort. Hrajte samonav\u00e1dzaciu City Game a objavujte mesto prostredn\u00edctvom hlavolamov, h\u00e1daniek a v\u00fdziev. Hrajte vlastn\u00fdm tempom a objavujte ako miestni!","og_url":"https:\/\/testwebsite.citygame.com\/sk\/games\/amersfoort\/secrets-of-amersfoort\/","og_site_name":"City Game","article_publisher":"https:\/\/www.facebook.com\/profile.php?id=100086426226253","article_modified_time":"2026-04-08T02:26:41+00:00","og_image":[{"width":1248,"height":832,"url":"https:\/\/testwebsite.citygame.com\/wp-content\/blogs.dir\/1\/files\/sites\/62\/2026\/01\/amersfoort-secrets-of-city-game-player-on-historic-street.jpg","type":"image\/jpeg"}],"twitter_card":"summary_large_image","twitter_misc":{"Predpokladan\u00fd \u010das \u010d\u00edtania":"1 min\u00fata"},"schema":{"@context":"https:\/\/schema.org","@graph":[{"@type":"WebPage","@id":"https:\/\/testwebsite.citygame.com\/sk\/games\/amersfoort\/secrets-of-amersfoort\/","url":"https:\/\/testwebsite.citygame.com\/sk\/games\/amersfoort\/secrets-of-amersfoort\/","name":"Secrets of Amersfoort - City Game","isPartOf":{"@id":"https:\/\/testwebsite.upevents.nl\/#website"},"primaryImageOfPage":{"@id":"https:\/\/testwebsite.citygame.com\/sk\/games\/amersfoort\/secrets-of-amersfoort\/#primaryimage"},"image":{"@id":"https:\/\/testwebsite.citygame.com\/sk\/games\/amersfoort\/secrets-of-amersfoort\/#primaryimage"},"thumbnailUrl":"https:\/\/testwebsite.citygame.com\/wp-content\/blogs.dir\/1\/files\/sites\/62\/2026\/01\/amersfoort-secrets-of-city-game-player-on-historic-street.jpg","datePublished":"2026-01-27T11:02:35+00:00","dateModified":"2026-04-08T02:26:41+00:00","description":"Secrets of Amersfoort. Hrajte samonav\u00e1dzaciu City Game a objavujte mesto prostredn\u00edctvom hlavolamov, h\u00e1daniek a v\u00fdziev. Hrajte vlastn\u00fdm tempom a objavujte ako miestni!","breadcrumb":{"@id":"https:\/\/testwebsite.citygame.com\/sk\/games\/amersfoort\/secrets-of-amersfoort\/#breadcrumb"},"inLanguage":"sk-SK","potentialAction":[{"@type":"ReadAction","target":["https:\/\/testwebsite.citygame.com\/sk\/games\/amersfoort\/secrets-of-amersfoort\/"]}]},{"@type":"ImageObject","inLanguage":"sk-SK","@id":"https:\/\/testwebsite.citygame.com\/sk\/games\/amersfoort\/secrets-of-amersfoort\/#primaryimage","url":"https:\/\/testwebsite.citygame.com\/wp-content\/blogs.dir\/1\/files\/sites\/62\/2026\/01\/amersfoort-secrets-of-city-game-player-on-historic-street.jpg","contentUrl":"https:\/\/testwebsite.citygame.com\/wp-content\/blogs.dir\/1\/files\/sites\/62\/2026\/01\/amersfoort-secrets-of-city-game-player-on-historic-street.jpg","width":1248,"height":832,"caption":"A player looks thoughtfully down a street in Amersfoort while holding a smartphone with the game interface."},{"@type":"BreadcrumbList","@id":"https:\/\/testwebsite.citygame.com\/sk\/games\/amersfoort\/secrets-of-amersfoort\/#breadcrumb","itemListElement":[{"@type":"ListItem","position":1,"name":"Home","item":"https:\/\/testwebsite.citygame.com\/sk\/"},{"@type":"ListItem","position":2,"name":"Shop","item":"https:\/\/testwebsite.citygame.com\/shop\/"},{"@type":"ListItem","position":3,"name":"Secrets of Amersfoort"}]},{"@type":"WebSite","@id":"https:\/\/testwebsite.upevents.nl\/#website","url":"https:\/\/testwebsite.upevents.nl\/","name":"City Game","description":"","publisher":{"@id":"https:\/\/testwebsite.upevents.nl\/#organization"},"alternateName":"citygame.com","potentialAction":[{"@type":"SearchAction","target":{"@type":"EntryPoint","urlTemplate":"https:\/\/testwebsite.upevents.nl\/?s={search_term_string}"},"query-input":{"@type":"PropertyValueSpecification","valueRequired":true,"valueName":"search_term_string"}}],"inLanguage":"sk-SK"},{"@type":["Organization","Place"],"@id":"https:\/\/testwebsite.upevents.nl\/#organization","name":"City Game","alternateName":"citygame.com","url":"https:\/\/testwebsite.upevents.nl\/","logo":{"@id":"https:\/\/testwebsite.citygame.com\/sk\/games\/amersfoort\/secrets-of-amersfoort\/#local-main-organization-logo"},"image":{"@id":"https:\/\/testwebsite.citygame.com\/sk\/games\/amersfoort\/secrets-of-amersfoort\/#local-main-organization-logo"},"sameAs":["https:\/\/www.facebook.com\/profile.php?id=100086426226253","https:\/\/www.instagram.com\/citygame_com","https:\/\/www.tiktok.com\/@citygamecom\/","https:\/\/www.linkedin.com\/company\/citygame-com"],"description":"Turn any city into a playground with our interactive City Games and self-guided tours. Fun, flexible, and ideal for groups and team building.","telephone":[],"openingHoursSpecification":[{"@type":"OpeningHoursSpecification","dayOfWeek":["Monday","Tuesday","Wednesday","Thursday","Friday","Saturday","Sunday"],"opens":"09:00","closes":"17:00"}]},{"@type":"ImageObject","inLanguage":"sk-SK","@id":"https:\/\/testwebsite.citygame.com\/sk\/games\/amersfoort\/secrets-of-amersfoort\/#local-main-organization-logo","url":"https:\/\/testwebsite.citygame.com\/wp-content\/blogs.dir\/1\/files\/sites\/62\/2025\/10\/CG_LOGO-City-Game.png","contentUrl":"https:\/\/testwebsite.citygame.com\/wp-content\/blogs.dir\/1\/files\/sites\/62\/2025\/10\/CG_LOGO-City-Game.png","width":351,"height":377,"caption":"City Game"}]}},"taxonomy_info":{"game-concept":[{"value":727,"label":"Secrets"}],"location":[{"value":65,"label":"Amersfoort"}],"product_cat":[{"value":27,"label":"Geen categorie"}]},"featured_image_src_large":["https:\/\/testwebsite.citygame.com\/wp-content\/blogs.dir\/1\/files\/sites\/62\/2026\/01\/amersfoort-secrets-of-city-game-player-on-historic-street-1024x683.jpg",1024,683,true],"author_info":[],"comment_info":"","_links":{"self":[{"href":"https:\/\/testwebsite.citygame.com\/sk\/wp-json\/wp\/v2\/product\/58553","targetHints":{"allow":["GET"]}}],"collection":[{"href":"https:\/\/testwebsite.citygame.com\/sk\/wp-json\/wp\/v2\/product"}],"about":[{"href":"https:\/\/testwebsite.citygame.com\/sk\/wp-json\/wp\/v2\/types\/product"}],"acf:post":[{"embeddable":true,"href":"https:\/\/testwebsite.citygame.com\/sk\/wp-json\/wp\/v2\/pages\/4613"}],"wp:featuredmedia":[{"embeddable":true,"href":"https:\/\/testwebsite.citygame.com\/sk\/wp-json\/wp\/v2\/media\/4639"}],"wp:attachment":[{"href":"https:\/\/testwebsite.citygame.com\/sk\/wp-json\/wp\/v2\/media?parent=58553"}],"wp:term":[{"taxonomy":"game-concept","embeddable":true,"href":"https:\/\/testwebsite.citygame.com\/sk\/wp-json\/wp\/v2\/game-concept?post=58553"},{"taxonomy":"location","embeddable":true,"href":"https:\/\/testwebsite.citygame.com\/sk\/wp-json\/wp\/v2\/location?post=58553"},{"taxonomy":"product_brand","embeddable":true,"href":"https:\/\/testwebsite.citygame.com\/sk\/wp-json\/wp\/v2\/product_brand?post=58553"},{"taxonomy":"product_cat","embeddable":true,"href":"https:\/\/testwebsite.citygame.com\/sk\/wp-json\/wp\/v2\/product_cat?post=58553"},{"taxonomy":"product_tag","embeddable":true,"href":"https:\/\/testwebsite.citygame.com\/sk\/wp-json\/wp\/v2\/product_tag?post=58553"}],"curies":[{"name":"wp","href":"https:\/\/api.w.org\/{rel}","templated":true}]}}