{"id":58195,"date":"2026-02-15T20:38:40","date_gmt":"2026-02-15T20:38:40","guid":{"rendered":"https:\/\/testwebsite.citygame.com\/games\/unknown-location\/the-ibiza-syndicate\/"},"modified":"2026-04-08T01:49:19","modified_gmt":"2026-04-08T01:49:19","slug":"the-ibiza-syndicate","status":"publish","type":"product","link":"https:\/\/testwebsite.citygame.com\/sk\/games\/ibiza\/the-ibiza-syndicate\/","title":{"rendered":"The Ibiza Syndicate"},"content":{"rendered":"<p>T\u00e1to samoobslu\u017en\u00e1 hra City Escape Game v Ibize sa odohr\u00e1va v centre mesta Ibiza. Ako t\u00edm budete plni\u0165 \u0161trukt\u00farovan\u00fa misiu, aby ste vystopovali nepolapite\u013en\u00e9ho Magnusa a z\u00edskali \u0161es\u0165 ukradnut\u00fdch formul\u00e1, a to rie\u0161en\u00edm h\u00e1daniek, plnen\u00edm \u00faloh a postupovan\u00edm cez s\u00e9riu interakt\u00edvnych v\u00fdziev. So zameran\u00edm na spolupr\u00e1cu, rozpr\u00e1vanie pr\u00edbehov a krok za krokom hrate\u013enos\u0165 pon\u00faka t\u00e1to hra City Game v Ibize p\u00fatav\u00fd z\u00e1\u017eitok, ktor\u00fd kombinuje strategick\u00e9 myslenie s pohlcuj\u00facim dobrodru\u017estvom.<\/p>\n","protected":false},"excerpt":{"rendered":"<p>Vst\u00fapte do srdca Ibizy s touto zauj\u00edmavou, samoobslu\u017enou hrou City Escape Game. Popustite uzdu svojmu vn\u00fatorn\u00e9mu detekt\u00edvovi, spolupracujte so svoj\u00edm t\u00edmom pri sledovan\u00ed z\u00e1hadn\u00fdch st\u00f4p, l\u00fa\u0161ten\u00ed nepredv\u00eddate\u013en\u00fdch h\u00e1daniek a odha\u013eovan\u00ed skrytej pravdy, zatia\u013e \u010do budete preteka\u0165 s \u010dasom \u2013 vzru\u0161enie je na v\u00e1s, aby ste ho prenasledovali!<\/p>\n","protected":false},"featured_media":13876,"template":"","meta":{"_acf_changed":false,"_yoast_wpseo_focuskw":"The Ibiza Syndicate","_yoast_wpseo_metadesc":"The Ibiza Syndicate. Zahrajte si samoobslu\u017en\u00fa hru City Escape Game, rie\u0161te h\u00e1danky, pl\u0148te misie a z\u00edskajte ukradnut\u00e9 formul\u00e1 svojim vlastn\u00fdm tempom!","_kad_blocks_custom_css":"","_kad_blocks_head_custom_js":"","_kad_blocks_body_custom_js":"","_kad_blocks_footer_custom_js":"","ghostkit_customizer_options":"","ghostkit_custom_css":"","ghostkit_custom_js_head":"","ghostkit_custom_js_foot":"","ghostkit_typography":"","_kad_post_transparent":"","_kad_post_title":"","_kad_post_layout":"","_kad_post_sidebar_id":"","_kad_post_content_style":"","_kad_post_vertical_padding":"","_kad_post_feature":"","_kad_post_feature_position":"","_kad_post_header":false,"_kad_post_footer":false,"_kad_post_classname":"","_links_to":"","_links_to_target":""},"game-concept":[758],"location":[204],"product_brand":[],"product_cat":[27],"product_tag":[],"class_list":{"0":"post-58195","1":"product","2":"type-product","3":"status-publish","4":"has-post-thumbnail","6":"game-concept-syndicate","7":"location-ibiza","8":"product_cat-geen-categorie","10":"first","11":"instock","12":"shipping-taxable","13":"purchasable","14":"product-type-simple","15":"entry","16":"content-bg","17":"loop-entry"},"acf":{"full_bokun_product_name":"Self-Guided The Ibiza Syndicate City Escape Game","location_name":"Ibiza","bokun_calendar_widget_code":"<script type=\"text\/javascript\" src=\"https:\/\/widgets.bokun.io\/assets\/javascripts\/apps\/build\/BokunWidgetsLoader.js?bookingChannelUUID=a1e93e96-5232-4734-a595-28405f4b5a31\" async><\/script>\n     \n    <div class=\"bokunWidget\" data-src=\"https:\/\/widgets.bokun.io\/online-sales\/a1e93e96-5232-4734-a595-28405f4b5a31\/experience-calendar\/824909\"><\/div>\n    <noscript>Please enable javascript in your browser to book<\/noscript>","bokun_button_widget_code":"<script type=\"text\/javascript\" src=\"https:\/\/widgets.bokun.io\/assets\/javascripts\/apps\/build\/BokunWidgetsLoader.js?bookingChannelUUID=a1e93e96-5232-4734-a595-28405f4b5a31\" async><\/script>\n      <style> #bokun_ed001e45_5927_4f62_b470_ca766338d083 { display: inline-block; padding: .4em 1em; background: #47b82e; border-radius: 999999px; box-shadow: none; font-weight: 600; font-size: 24px; text-decoration: none; text-align: center; color: #FFFFFF; border:none; cursor: pointer; transition: background .2s ease; } #bokun_ed001e45_5927_4f62_b470_ca766338d083:hover{ background: #2f7b1f; } #bokun_ed001e45_5927_4f62_b470_ca766338d083:active{ background: #378f24; } <\/style> <button class=\"bokunButton\" disabled id=bokun_ed001e45_5927_4f62_b470_ca766338d083 data-src=\"https:\/\/widgets.bokun.io\/online-sales\/a1e93e96-5232-4734-a595-28405f4b5a31\/experience-calendar\/824909?partialView=1\" data-testid=\"widget-book-button\" > Book now <\/button> ","what_you\u2019ll_experience_during_the_game":"V *The Ibiza Syndicate*, sa vy a v\u00e1\u0161 t\u00edm ocitnete vo vysoko rizikovej \u00fanikovej misii odohr\u00e1vaj\u00facej sa v srdci Ibizy. Ako sa pr\u00edbeh postupne odv\u00edja, budete prech\u00e1dza\u0165 ulicami mesta a skryt\u00fdmi chodn\u00edkmi, zatia\u013e \u010do budete sledova\u0165 nepolapite\u013en\u00e9ho Magnusa a p\u00e1tra\u0165 po \u0161iestich ukradnut\u00fdch formul\u00e1ch, ktor\u00e9 s\u00fa k\u013e\u00fa\u010dov\u00e9 pre oper\u00e1ciu. Ka\u017ed\u00fd zvrat v misii v\u00e1s vtiahne hlb\u0161ie do siete tajomstiev, k\u00f3dovan\u00fdch spr\u00e1v a \u010dasovo obmedzen\u00fdch rozhodnut\u00ed, ktor\u00e9 preveria jednotu a in\u0161tinkty v\u00e1\u0161ho t\u00edmu.\n\nBudete \u010deli\u0165 s\u00e9rii interakt\u00edvnych h\u00e1daniek, k\u00f3dov a v\u00fdziev priamo na mieste, ktor\u00e9 si vy\u017eaduj\u00fa jasn\u00fa komunik\u00e1ciu, ostr\u00e9 rie\u0161enie probl\u00e9mov a strategick\u00fa spolupr\u00e1cu. Z\u00e1\u017eitok je plne riaden\u00fd pr\u00edbehom, pri\u010dom v\u00e1\u0161 t\u00edm zostane ponoren\u00fd do rozv\u00edjaj\u00facej sa misie, kde sa po\u010d\u00edta ka\u017ed\u00fd \u010din. S flexibilitou pozastavi\u0165 a obnovi\u0165 hru vlastn\u00fdm tempom m\u00f4\u017eete ovl\u00e1da\u0165 rytmus va\u0161ej oper\u00e1cie, zatia\u013e \u010do Ibiza zost\u00e1va atmosf\u00e9rick\u00fdm pozad\u00edm v\u00e1\u0161ho syndik\u00e1tneho prenasledovania.","how_to_play":"Zarezervujte si hru City Game, skontrolujte e-mail, ktor\u00fd v\u00e1m po\u0161leme s in\u0161trukciami, stiahnite si aplik\u00e1ciu Loquiz App a za\u010dnite svoj hern\u00fd z\u00e1\u017eitok!","start_location":"Ibiza, Portal de ses Taules","available_languages":["en"],"players_per_group":"1-4","duration":"1.5-2 hours","image_overlay_color_image":"https:\/\/testwebsite.citygame.com\/wp-content\/blogs.dir\/1\/files\/sites\/62\/2026\/01\/SyndicateColor.svg","image_overlay_game_logo":"https:\/\/testwebsite.citygame.com\/wp-content\/blogs.dir\/1\/files\/sites\/62\/2026\/01\/SyndicateLogo.png","city_page":8555,"woocommerce_general_content":null},"yoast_head":"<!-- This site is optimized with the Yoast SEO Premium plugin v26.2 (Yoast SEO v26.3) - https:\/\/yoast.com\/wordpress\/plugins\/seo\/ -->\n<title>The Ibiza Syndicate - City Game<\/title>\n<meta name=\"description\" content=\"The Ibiza Syndicate. Zahrajte si samoobslu\u017en\u00fa hru City Escape Game, rie\u0161te h\u00e1danky, pl\u0148te misie a z\u00edskajte ukradnut\u00e9 formul\u00e1 svojim vlastn\u00fdm tempom!\" \/>\n<meta name=\"robots\" content=\"noindex, follow, max-snippet:-1, max-image-preview:large, max-video-preview:-1\" \/>\n<meta property=\"og:locale\" content=\"sk_SK\" \/>\n<meta property=\"og:type\" content=\"article\" \/>\n<meta property=\"og:title\" content=\"The Ibiza Syndicate\" \/>\n<meta property=\"og:description\" content=\"The Ibiza Syndicate. Zahrajte si samoobslu\u017en\u00fa hru City Escape Game, rie\u0161te h\u00e1danky, pl\u0148te misie a z\u00edskajte ukradnut\u00e9 formul\u00e1 svojim vlastn\u00fdm tempom!\" \/>\n<meta property=\"og:url\" content=\"https:\/\/testwebsite.citygame.com\/sk\/games\/ibiza\/the-ibiza-syndicate\/\" \/>\n<meta property=\"og:site_name\" content=\"City Game\" \/>\n<meta property=\"article:publisher\" content=\"https:\/\/www.facebook.com\/profile.php?id=100086426226253\" \/>\n<meta property=\"article:modified_time\" content=\"2026-04-08T01:49:19+00:00\" \/>\n<meta property=\"og:image\" content=\"https:\/\/testwebsite.citygame.com\/wp-content\/blogs.dir\/1\/files\/sites\/62\/2026\/02\/ibiza-city-game-player-narrow-street.jpg\" \/>\n\t<meta property=\"og:image:width\" content=\"1024\" \/>\n\t<meta property=\"og:image:height\" content=\"1024\" \/>\n\t<meta property=\"og:image:type\" content=\"image\/jpeg\" \/>\n<meta name=\"twitter:card\" content=\"summary_large_image\" \/>\n<script type=\"application\/ld+json\" class=\"yoast-schema-graph\">{\"@context\":\"https:\/\/schema.org\",\"@graph\":[{\"@type\":\"WebPage\",\"@id\":\"https:\/\/testwebsite.citygame.com\/sk\/games\/ibiza\/the-ibiza-syndicate\/\",\"url\":\"https:\/\/testwebsite.citygame.com\/sk\/games\/ibiza\/the-ibiza-syndicate\/\",\"name\":\"The Ibiza Syndicate - City Game\",\"isPartOf\":{\"@id\":\"https:\/\/testwebsite.upevents.nl\/#website\"},\"primaryImageOfPage\":{\"@id\":\"https:\/\/testwebsite.citygame.com\/sk\/games\/ibiza\/the-ibiza-syndicate\/#primaryimage\"},\"image\":{\"@id\":\"https:\/\/testwebsite.citygame.com\/sk\/games\/ibiza\/the-ibiza-syndicate\/#primaryimage\"},\"thumbnailUrl\":\"https:\/\/testwebsite.citygame.com\/wp-content\/blogs.dir\/1\/files\/sites\/62\/2026\/02\/ibiza-city-game-player-narrow-street.jpg\",\"datePublished\":\"2026-02-15T20:38:40+00:00\",\"dateModified\":\"2026-04-08T01:49:19+00:00\",\"description\":\"The Ibiza Syndicate. Zahrajte si samoobslu\u017en\u00fa hru City Escape Game, rie\u0161te h\u00e1danky, pl\u0148te misie a z\u00edskajte ukradnut\u00e9 formul\u00e1 svojim vlastn\u00fdm tempom!\",\"breadcrumb\":{\"@id\":\"https:\/\/testwebsite.citygame.com\/sk\/games\/ibiza\/the-ibiza-syndicate\/#breadcrumb\"},\"inLanguage\":\"sk-SK\",\"potentialAction\":[{\"@type\":\"ReadAction\",\"target\":[\"https:\/\/testwebsite.citygame.com\/sk\/games\/ibiza\/the-ibiza-syndicate\/\"]}]},{\"@type\":\"ImageObject\",\"inLanguage\":\"sk-SK\",\"@id\":\"https:\/\/testwebsite.citygame.com\/sk\/games\/ibiza\/the-ibiza-syndicate\/#primaryimage\",\"url\":\"https:\/\/testwebsite.citygame.com\/wp-content\/blogs.dir\/1\/files\/sites\/62\/2026\/02\/ibiza-city-game-player-narrow-street.jpg\",\"contentUrl\":\"https:\/\/testwebsite.citygame.com\/wp-content\/blogs.dir\/1\/files\/sites\/62\/2026\/02\/ibiza-city-game-player-narrow-street.jpg\",\"width\":1024,\"height\":1024,\"caption\":\"A player uses their smartphone to explore a picturesque and bustling street in Ibiza's old town.\"},{\"@type\":\"BreadcrumbList\",\"@id\":\"https:\/\/testwebsite.citygame.com\/sk\/games\/ibiza\/the-ibiza-syndicate\/#breadcrumb\",\"itemListElement\":[{\"@type\":\"ListItem\",\"position\":1,\"name\":\"Home\",\"item\":\"https:\/\/testwebsite.citygame.com\/sk\/\"},{\"@type\":\"ListItem\",\"position\":2,\"name\":\"Shop\",\"item\":\"https:\/\/testwebsite.citygame.com\/shop\/\"},{\"@type\":\"ListItem\",\"position\":3,\"name\":\"The Ibiza Syndicate\"}]},{\"@type\":\"WebSite\",\"@id\":\"https:\/\/testwebsite.upevents.nl\/#website\",\"url\":\"https:\/\/testwebsite.upevents.nl\/\",\"name\":\"City Game\",\"description\":\"\",\"publisher\":{\"@id\":\"https:\/\/testwebsite.upevents.nl\/#organization\"},\"alternateName\":\"citygame.com\",\"potentialAction\":[{\"@type\":\"SearchAction\",\"target\":{\"@type\":\"EntryPoint\",\"urlTemplate\":\"https:\/\/testwebsite.upevents.nl\/?s={search_term_string}\"},\"query-input\":{\"@type\":\"PropertyValueSpecification\",\"valueRequired\":true,\"valueName\":\"search_term_string\"}}],\"inLanguage\":\"sk-SK\"},{\"@type\":[\"Organization\",\"Place\"],\"@id\":\"https:\/\/testwebsite.upevents.nl\/#organization\",\"name\":\"City Game\",\"alternateName\":\"citygame.com\",\"url\":\"https:\/\/testwebsite.upevents.nl\/\",\"logo\":{\"@id\":\"https:\/\/testwebsite.citygame.com\/sk\/games\/ibiza\/the-ibiza-syndicate\/#local-main-organization-logo\"},\"image\":{\"@id\":\"https:\/\/testwebsite.citygame.com\/sk\/games\/ibiza\/the-ibiza-syndicate\/#local-main-organization-logo\"},\"sameAs\":[\"https:\/\/www.facebook.com\/profile.php?id=100086426226253\",\"https:\/\/www.instagram.com\/citygame_com\",\"https:\/\/www.tiktok.com\/@citygamecom\/\",\"https:\/\/www.linkedin.com\/company\/citygame-com\"],\"description\":\"Turn any city into a playground with our interactive City Games and self-guided tours. Fun, flexible, and ideal for groups and team building.\",\"telephone\":[],\"openingHoursSpecification\":[{\"@type\":\"OpeningHoursSpecification\",\"dayOfWeek\":[\"Monday\",\"Tuesday\",\"Wednesday\",\"Thursday\",\"Friday\",\"Saturday\",\"Sunday\"],\"opens\":\"09:00\",\"closes\":\"17:00\"}]},{\"@type\":\"ImageObject\",\"inLanguage\":\"sk-SK\",\"@id\":\"https:\/\/testwebsite.citygame.com\/sk\/games\/ibiza\/the-ibiza-syndicate\/#local-main-organization-logo\",\"url\":\"https:\/\/testwebsite.citygame.com\/wp-content\/blogs.dir\/1\/files\/sites\/62\/2025\/10\/CG_LOGO-City-Game.png\",\"contentUrl\":\"https:\/\/testwebsite.citygame.com\/wp-content\/blogs.dir\/1\/files\/sites\/62\/2025\/10\/CG_LOGO-City-Game.png\",\"width\":351,\"height\":377,\"caption\":\"City Game\"}]}<\/script>\n<!-- \/ Yoast SEO Premium plugin. -->","yoast_head_json":{"title":"The Ibiza Syndicate - City Game","description":"The Ibiza Syndicate. Zahrajte si samoobslu\u017en\u00fa hru City Escape Game, rie\u0161te h\u00e1danky, pl\u0148te misie a z\u00edskajte ukradnut\u00e9 formul\u00e1 svojim vlastn\u00fdm tempom!","robots":{"index":"noindex","follow":"follow","max-snippet":"max-snippet:-1","max-image-preview":"max-image-preview:large","max-video-preview":"max-video-preview:-1"},"og_locale":"sk_SK","og_type":"article","og_title":"The Ibiza Syndicate","og_description":"The Ibiza Syndicate. Zahrajte si samoobslu\u017en\u00fa hru City Escape Game, rie\u0161te h\u00e1danky, pl\u0148te misie a z\u00edskajte ukradnut\u00e9 formul\u00e1 svojim vlastn\u00fdm tempom!","og_url":"https:\/\/testwebsite.citygame.com\/sk\/games\/ibiza\/the-ibiza-syndicate\/","og_site_name":"City Game","article_publisher":"https:\/\/www.facebook.com\/profile.php?id=100086426226253","article_modified_time":"2026-04-08T01:49:19+00:00","og_image":[{"width":1024,"height":1024,"url":"https:\/\/testwebsite.citygame.com\/wp-content\/blogs.dir\/1\/files\/sites\/62\/2026\/02\/ibiza-city-game-player-narrow-street.jpg","type":"image\/jpeg"}],"twitter_card":"summary_large_image","schema":{"@context":"https:\/\/schema.org","@graph":[{"@type":"WebPage","@id":"https:\/\/testwebsite.citygame.com\/sk\/games\/ibiza\/the-ibiza-syndicate\/","url":"https:\/\/testwebsite.citygame.com\/sk\/games\/ibiza\/the-ibiza-syndicate\/","name":"The Ibiza Syndicate - City Game","isPartOf":{"@id":"https:\/\/testwebsite.upevents.nl\/#website"},"primaryImageOfPage":{"@id":"https:\/\/testwebsite.citygame.com\/sk\/games\/ibiza\/the-ibiza-syndicate\/#primaryimage"},"image":{"@id":"https:\/\/testwebsite.citygame.com\/sk\/games\/ibiza\/the-ibiza-syndicate\/#primaryimage"},"thumbnailUrl":"https:\/\/testwebsite.citygame.com\/wp-content\/blogs.dir\/1\/files\/sites\/62\/2026\/02\/ibiza-city-game-player-narrow-street.jpg","datePublished":"2026-02-15T20:38:40+00:00","dateModified":"2026-04-08T01:49:19+00:00","description":"The Ibiza Syndicate. Zahrajte si samoobslu\u017en\u00fa hru City Escape Game, rie\u0161te h\u00e1danky, pl\u0148te misie a z\u00edskajte ukradnut\u00e9 formul\u00e1 svojim vlastn\u00fdm tempom!","breadcrumb":{"@id":"https:\/\/testwebsite.citygame.com\/sk\/games\/ibiza\/the-ibiza-syndicate\/#breadcrumb"},"inLanguage":"sk-SK","potentialAction":[{"@type":"ReadAction","target":["https:\/\/testwebsite.citygame.com\/sk\/games\/ibiza\/the-ibiza-syndicate\/"]}]},{"@type":"ImageObject","inLanguage":"sk-SK","@id":"https:\/\/testwebsite.citygame.com\/sk\/games\/ibiza\/the-ibiza-syndicate\/#primaryimage","url":"https:\/\/testwebsite.citygame.com\/wp-content\/blogs.dir\/1\/files\/sites\/62\/2026\/02\/ibiza-city-game-player-narrow-street.jpg","contentUrl":"https:\/\/testwebsite.citygame.com\/wp-content\/blogs.dir\/1\/files\/sites\/62\/2026\/02\/ibiza-city-game-player-narrow-street.jpg","width":1024,"height":1024,"caption":"A player uses their smartphone to explore a picturesque and bustling street in Ibiza's old town."},{"@type":"BreadcrumbList","@id":"https:\/\/testwebsite.citygame.com\/sk\/games\/ibiza\/the-ibiza-syndicate\/#breadcrumb","itemListElement":[{"@type":"ListItem","position":1,"name":"Home","item":"https:\/\/testwebsite.citygame.com\/sk\/"},{"@type":"ListItem","position":2,"name":"Shop","item":"https:\/\/testwebsite.citygame.com\/shop\/"},{"@type":"ListItem","position":3,"name":"The Ibiza Syndicate"}]},{"@type":"WebSite","@id":"https:\/\/testwebsite.upevents.nl\/#website","url":"https:\/\/testwebsite.upevents.nl\/","name":"City Game","description":"","publisher":{"@id":"https:\/\/testwebsite.upevents.nl\/#organization"},"alternateName":"citygame.com","potentialAction":[{"@type":"SearchAction","target":{"@type":"EntryPoint","urlTemplate":"https:\/\/testwebsite.upevents.nl\/?s={search_term_string}"},"query-input":{"@type":"PropertyValueSpecification","valueRequired":true,"valueName":"search_term_string"}}],"inLanguage":"sk-SK"},{"@type":["Organization","Place"],"@id":"https:\/\/testwebsite.upevents.nl\/#organization","name":"City Game","alternateName":"citygame.com","url":"https:\/\/testwebsite.upevents.nl\/","logo":{"@id":"https:\/\/testwebsite.citygame.com\/sk\/games\/ibiza\/the-ibiza-syndicate\/#local-main-organization-logo"},"image":{"@id":"https:\/\/testwebsite.citygame.com\/sk\/games\/ibiza\/the-ibiza-syndicate\/#local-main-organization-logo"},"sameAs":["https:\/\/www.facebook.com\/profile.php?id=100086426226253","https:\/\/www.instagram.com\/citygame_com","https:\/\/www.tiktok.com\/@citygamecom\/","https:\/\/www.linkedin.com\/company\/citygame-com"],"description":"Turn any city into a playground with our interactive City Games and self-guided tours. Fun, flexible, and ideal for groups and team building.","telephone":[],"openingHoursSpecification":[{"@type":"OpeningHoursSpecification","dayOfWeek":["Monday","Tuesday","Wednesday","Thursday","Friday","Saturday","Sunday"],"opens":"09:00","closes":"17:00"}]},{"@type":"ImageObject","inLanguage":"sk-SK","@id":"https:\/\/testwebsite.citygame.com\/sk\/games\/ibiza\/the-ibiza-syndicate\/#local-main-organization-logo","url":"https:\/\/testwebsite.citygame.com\/wp-content\/blogs.dir\/1\/files\/sites\/62\/2025\/10\/CG_LOGO-City-Game.png","contentUrl":"https:\/\/testwebsite.citygame.com\/wp-content\/blogs.dir\/1\/files\/sites\/62\/2025\/10\/CG_LOGO-City-Game.png","width":351,"height":377,"caption":"City Game"}]}},"taxonomy_info":{"game-concept":[{"value":758,"label":"Syndicate"}],"location":[{"value":204,"label":"Ibiza"}],"product_cat":[{"value":27,"label":"Geen categorie"}]},"featured_image_src_large":["https:\/\/testwebsite.citygame.com\/wp-content\/blogs.dir\/1\/files\/sites\/62\/2026\/02\/ibiza-city-game-player-narrow-street.jpg",1024,1024,false],"author_info":[],"comment_info":"","_links":{"self":[{"href":"https:\/\/testwebsite.citygame.com\/sk\/wp-json\/wp\/v2\/product\/58195","targetHints":{"allow":["GET"]}}],"collection":[{"href":"https:\/\/testwebsite.citygame.com\/sk\/wp-json\/wp\/v2\/product"}],"about":[{"href":"https:\/\/testwebsite.citygame.com\/sk\/wp-json\/wp\/v2\/types\/product"}],"acf:post":[{"embeddable":true,"href":"https:\/\/testwebsite.citygame.com\/sk\/wp-json\/wp\/v2\/pages\/8555"}],"wp:featuredmedia":[{"embeddable":true,"href":"https:\/\/testwebsite.citygame.com\/sk\/wp-json\/wp\/v2\/media\/13876"}],"wp:attachment":[{"href":"https:\/\/testwebsite.citygame.com\/sk\/wp-json\/wp\/v2\/media?parent=58195"}],"wp:term":[{"taxonomy":"game-concept","embeddable":true,"href":"https:\/\/testwebsite.citygame.com\/sk\/wp-json\/wp\/v2\/game-concept?post=58195"},{"taxonomy":"location","embeddable":true,"href":"https:\/\/testwebsite.citygame.com\/sk\/wp-json\/wp\/v2\/location?post=58195"},{"taxonomy":"product_brand","embeddable":true,"href":"https:\/\/testwebsite.citygame.com\/sk\/wp-json\/wp\/v2\/product_brand?post=58195"},{"taxonomy":"product_cat","embeddable":true,"href":"https:\/\/testwebsite.citygame.com\/sk\/wp-json\/wp\/v2\/product_cat?post=58195"},{"taxonomy":"product_tag","embeddable":true,"href":"https:\/\/testwebsite.citygame.com\/sk\/wp-json\/wp\/v2\/product_tag?post=58195"}],"curies":[{"name":"wp","href":"https:\/\/api.w.org\/{rel}","templated":true}]}}