{"id":55918,"date":"2026-02-10T14:45:30","date_gmt":"2026-02-10T14:45:30","guid":{"rendered":"https:\/\/testwebsite.citygame.com\/games\/unknown-location\/sherlock-holmes-olbia\/"},"modified":"2026-04-07T21:46:26","modified_gmt":"2026-04-07T21:46:26","slug":"sherlock-holmes-olbia","status":"publish","type":"product","link":"https:\/\/testwebsite.citygame.com\/sk\/games\/olbia\/sherlock-holmes-olbia\/","title":{"rendered":"Sherlock Holmes Olbia"},"content":{"rendered":"<p>Vst\u00fapte do sveta Sherlocka Holmesa so samostatnou, pr\u00edbehom riadenou detekt\u00edvnou mestskou hrou s vra\u017edou, ktor\u00e1 sa odohr\u00e1va v centre Olbie. Ke\u010f smrte\u013en\u00fd zlo\u010din naru\u0161\u00ed Festival slobody, budete vy\u0161etrova\u0165 rozv\u00edjaj\u00faci sa pr\u00edpad navigovan\u00edm mestsk\u00fdmi ulicami, zbieran\u00edm st\u00f4p, rie\u0161en\u00edm zlo\u017eit\u00fdch h\u00e1daniek a vypo\u010d\u00favan\u00edm digit\u00e1lnych podozriv\u00fdch. Pohybujte sa vlastn\u00fdm tempom touto pohlcuj\u00facou detekt\u00edvnou sk\u00fasenos\u0165ou, kde v\u00e1s ka\u017ed\u00fd krok privedie hlb\u0161ie do Holmesovho sveta a tajomstiev vra\u017edy po\u010das festivalovej noci.<\/p>\n","protected":false},"excerpt":{"rendered":"<p>V\u017eite sa do tajomnej \u00falohy Sherlocka Holmesa v samostatnej detekt\u00edvnej hre s vra\u017edou odohr\u00e1vaj\u00facej sa v fascinuj\u00facom meste Olbia. Pracujte usilovne so svoj\u00edm t\u00edmom, aby ste sledovali nepolapite\u013en\u00e9 stopy, rie\u0161ili zlo\u017eit\u00e9 h\u00e1danky a odhalili znepokojuj\u00facu pravdu \u2013 lebo hra sa za\u010d\u00edna!<\/p>\n","protected":false},"featured_media":11871,"template":"","meta":{"_acf_changed":false,"_yoast_wpseo_focuskw":"Sherlock Holmes Olbia","_yoast_wpseo_metadesc":"Sherlock Holmes Olbia. Zahrajte si samostatn\u00fa detekt\u00edvnu mestsk\u00fa hru s vra\u017edou, rie\u0161te h\u00e1danky, sledujte stopy a odha\u013ete vraha vlastn\u00fdm tempom!","_kad_blocks_custom_css":"","_kad_blocks_head_custom_js":"","_kad_blocks_body_custom_js":"","_kad_blocks_footer_custom_js":"","ghostkit_customizer_options":"","ghostkit_custom_css":"","ghostkit_custom_js_head":"","ghostkit_custom_js_foot":"","ghostkit_typography":"","_kad_post_transparent":"","_kad_post_title":"","_kad_post_layout":"","_kad_post_sidebar_id":"","_kad_post_content_style":"","_kad_post_vertical_padding":"","_kad_post_feature":"","_kad_post_feature_position":"","_kad_post_header":false,"_kad_post_footer":false,"_kad_post_classname":"","_links_to":"","_links_to_target":""},"game-concept":[788],"location":[306],"product_brand":[],"product_cat":[27],"product_tag":[],"class_list":{"0":"post-55918","1":"product","2":"type-product","3":"status-publish","4":"has-post-thumbnail","6":"game-concept-sherlock","7":"location-olbia","8":"product_cat-geen-categorie","10":"first","11":"instock","12":"shipping-taxable","13":"purchasable","14":"product-type-simple","15":"entry","16":"content-bg","17":"loop-entry"},"acf":{"full_bokun_product_name":"Olbia Self-Guided Sherlock Holmes Murder Mystery Game","location_name":"Olbia","bokun_calendar_widget_code":"<script type=\"text\/javascript\" src=\"https:\/\/widgets.bokun.io\/assets\/javascripts\/apps\/build\/BokunWidgetsLoader.js?bookingChannelUUID=a1e93e96-5232-4734-a595-28405f4b5a31\" async><\/script>\n     \n    <div class=\"bokunWidget\" data-src=\"https:\/\/widgets.bokun.io\/online-sales\/a1e93e96-5232-4734-a595-28405f4b5a31\/experience-calendar\/771536\"><\/div>\n    <noscript>Please enable javascript in your browser to book<\/noscript>","bokun_button_widget_code":"<script type=\"text\/javascript\" src=\"https:\/\/widgets.bokun.io\/assets\/javascripts\/apps\/build\/BokunWidgetsLoader.js?bookingChannelUUID=a1e93e96-5232-4734-a595-28405f4b5a31\" async><\/script>\n      <style> #bokun_ed001e45_5927_4f62_b470_ca766338d083 { display: inline-block; padding: .4em 1em; background: #47b82e; border-radius: 999999px; box-shadow: none; font-weight: 600; font-size: 24px; text-decoration: none; text-align: center; color: #FFFFFF; border:none; cursor: pointer; transition: background .2s ease; } #bokun_ed001e45_5927_4f62_b470_ca766338d083:hover{ background: #2f7b1f; } #bokun_ed001e45_5927_4f62_b470_ca766338d083:active{ background: #378f24; } <\/style> <button class=\"bokunButton\" disabled id=bokun_ed001e45_5927_4f62_b470_ca766338d083 data-src=\"https:\/\/widgets.bokun.io\/online-sales\/a1e93e96-5232-4734-a595-28405f4b5a31\/experience-calendar\/771536?partialView=1\" data-testid=\"widget-book-button\" > Book now <\/button> ","what_you\u2019ll_experience_during_the_game":"Vst\u00fapite do strhuj\u00faceho detekt\u00edvneho pr\u00edbehu odohr\u00e1vaj\u00faceho sa v srdci Olbie, kde vra\u017eda po\u010das Festivalu slobody zanechala mesto v tichom nepokoji. Ako sa pohybujete ulicami a skryt\u00fdmi z\u00e1kutiami Olbie, vy\u0161etrovanie sa rozv\u00edja okolo v\u00e1s a v\u0165ahuje v\u00e1s hlb\u0161ie do sveta z\u00e1had a nezodpovedan\u00fdch ot\u00e1zok. Ka\u017ed\u00e1 stopa, ktor\u00fa odhal\u00edte, a ka\u017ed\u00e1 h\u00e1danka, ktor\u00fa vyrie\u0161ite, pos\u00fava pr\u00edbeh vpred a sp\u00e1ja v\u00e1s so sie\u0165ou tajomstiev \u010dakaj\u00facich na odhalenie.\n\nBudete vypo\u010d\u00fava\u0165 digit\u00e1lnych podozriv\u00fdch, \u0161tudova\u0165 protichodn\u00e9 alibi a sledova\u0165 stopy, ktor\u00e9 nie v\u017edy ved\u00fa tam, kam o\u010dak\u00e1vate. Z\u00e1\u017eitok je plne riaden\u00fd pr\u00edbehom, vy\u017eaduje, aby ste sa spoliehali na kritick\u00e9 myslenie, pozorovanie a dedukciu, aby ste sa pribl\u00ed\u017eili k pravde. Zvraty v pr\u00edpade v\u00e1s prin\u00fatia spochyb\u0148ova\u0165 v\u0161etko, a ak s\u00fa\u0165a\u017e\u00edte v t\u00edme, ka\u017ed\u00e9 rozhodnutie sa po\u010d\u00edta. Vy\u0161etrovanie m\u00f4\u017eete kedyko\u013evek preru\u0161i\u0165 a potom v \u0148om pokra\u010dova\u0165 vlastn\u00fdm tempom. Pr\u00edpad je otvoren\u00fd a Olbia je va\u0161e miesto \u010dinu.","how_to_play":"Hrajte sami alebo s priate\u013emi, rodinou \u010di kolegami v t\u00edmoch a\u017e \u0161tyroch os\u00f4b na jedno zariadenie. Po rezerv\u00e1cii dostanete e-mail s pokynmi a v\u0161etk\u00fdm, \u010do potrebujete.","start_location":"Olbia, Comune di Olbia","available_languages":["en","es","fr","de","it","nl"],"players_per_group":"1-4","duration":"1.5-2 hours","image_overlay_color_image":"https:\/\/testwebsite.citygame.com\/wp-content\/blogs.dir\/1\/files\/sites\/62\/2026\/01\/SherlockColor.svg","image_overlay_game_logo":"https:\/\/testwebsite.citygame.com\/wp-content\/blogs.dir\/1\/files\/sites\/62\/2026\/01\/SherlockLogo.png","city_page":8799,"woocommerce_general_content":null},"yoast_head":"<!-- This site is optimized with the Yoast SEO Premium plugin v26.2 (Yoast SEO v26.3) - https:\/\/yoast.com\/wordpress\/plugins\/seo\/ -->\n<title>Sherlock Holmes Olbia - City Game<\/title>\n<meta name=\"description\" content=\"Sherlock Holmes Olbia. Zahrajte si samostatn\u00fa detekt\u00edvnu mestsk\u00fa hru s vra\u017edou, rie\u0161te h\u00e1danky, sledujte stopy a odha\u013ete vraha vlastn\u00fdm tempom!\" \/>\n<meta name=\"robots\" content=\"noindex, follow, max-snippet:-1, max-image-preview:large, max-video-preview:-1\" \/>\n<meta property=\"og:locale\" content=\"sk_SK\" \/>\n<meta property=\"og:type\" content=\"article\" \/>\n<meta property=\"og:title\" content=\"Sherlock Holmes Olbia\" \/>\n<meta property=\"og:description\" content=\"Sherlock Holmes Olbia. Zahrajte si samostatn\u00fa detekt\u00edvnu mestsk\u00fa hru s vra\u017edou, rie\u0161te h\u00e1danky, sledujte stopy a odha\u013ete vraha vlastn\u00fdm tempom!\" \/>\n<meta property=\"og:url\" content=\"https:\/\/testwebsite.citygame.com\/sk\/games\/olbia\/sherlock-holmes-olbia\/\" \/>\n<meta property=\"og:site_name\" content=\"City Game\" \/>\n<meta property=\"article:publisher\" content=\"https:\/\/www.facebook.com\/profile.php?id=100086426226253\" \/>\n<meta property=\"article:modified_time\" content=\"2026-04-07T21:46:26+00:00\" \/>\n<meta property=\"og:image\" content=\"https:\/\/testwebsite.citygame.com\/wp-content\/blogs.dir\/1\/files\/sites\/62\/2026\/02\/olbia-woman-playing-sherlock-city-game.jpg\" \/>\n\t<meta property=\"og:image:width\" content=\"1344\" \/>\n\t<meta property=\"og:image:height\" content=\"768\" \/>\n\t<meta property=\"og:image:type\" content=\"image\/jpeg\" \/>\n<meta name=\"twitter:card\" content=\"summary_large_image\" \/>\n<meta name=\"twitter:label1\" content=\"Predpokladan\u00fd \u010das \u010d\u00edtania\" \/>\n\t<meta name=\"twitter:data1\" content=\"1 min\u00fata\" \/>\n<script type=\"application\/ld+json\" class=\"yoast-schema-graph\">{\"@context\":\"https:\/\/schema.org\",\"@graph\":[{\"@type\":\"WebPage\",\"@id\":\"https:\/\/testwebsite.citygame.com\/sk\/games\/olbia\/sherlock-holmes-olbia\/\",\"url\":\"https:\/\/testwebsite.citygame.com\/sk\/games\/olbia\/sherlock-holmes-olbia\/\",\"name\":\"Sherlock Holmes Olbia - City Game\",\"isPartOf\":{\"@id\":\"https:\/\/testwebsite.upevents.nl\/#website\"},\"primaryImageOfPage\":{\"@id\":\"https:\/\/testwebsite.citygame.com\/sk\/games\/olbia\/sherlock-holmes-olbia\/#primaryimage\"},\"image\":{\"@id\":\"https:\/\/testwebsite.citygame.com\/sk\/games\/olbia\/sherlock-holmes-olbia\/#primaryimage\"},\"thumbnailUrl\":\"https:\/\/testwebsite.citygame.com\/wp-content\/blogs.dir\/1\/files\/sites\/62\/2026\/02\/olbia-woman-playing-sherlock-city-game.jpg\",\"datePublished\":\"2026-02-10T14:45:30+00:00\",\"dateModified\":\"2026-04-07T21:46:26+00:00\",\"description\":\"Sherlock Holmes Olbia. Zahrajte si samostatn\u00fa detekt\u00edvnu mestsk\u00fa hru s vra\u017edou, rie\u0161te h\u00e1danky, sledujte stopy a odha\u013ete vraha vlastn\u00fdm tempom!\",\"breadcrumb\":{\"@id\":\"https:\/\/testwebsite.citygame.com\/sk\/games\/olbia\/sherlock-holmes-olbia\/#breadcrumb\"},\"inLanguage\":\"sk-SK\",\"potentialAction\":[{\"@type\":\"ReadAction\",\"target\":[\"https:\/\/testwebsite.citygame.com\/sk\/games\/olbia\/sherlock-holmes-olbia\/\"]}]},{\"@type\":\"ImageObject\",\"inLanguage\":\"sk-SK\",\"@id\":\"https:\/\/testwebsite.citygame.com\/sk\/games\/olbia\/sherlock-holmes-olbia\/#primaryimage\",\"url\":\"https:\/\/testwebsite.citygame.com\/wp-content\/blogs.dir\/1\/files\/sites\/62\/2026\/02\/olbia-woman-playing-sherlock-city-game.jpg\",\"contentUrl\":\"https:\/\/testwebsite.citygame.com\/wp-content\/blogs.dir\/1\/files\/sites\/62\/2026\/02\/olbia-woman-playing-sherlock-city-game.jpg\",\"width\":1344,\"height\":768,\"caption\":\"A tourist uses her smartphone to play an outdoor escape game in a charming alley in Olbia.\"},{\"@type\":\"BreadcrumbList\",\"@id\":\"https:\/\/testwebsite.citygame.com\/sk\/games\/olbia\/sherlock-holmes-olbia\/#breadcrumb\",\"itemListElement\":[{\"@type\":\"ListItem\",\"position\":1,\"name\":\"Home\",\"item\":\"https:\/\/testwebsite.citygame.com\/sk\/\"},{\"@type\":\"ListItem\",\"position\":2,\"name\":\"Shop\",\"item\":\"https:\/\/testwebsite.citygame.com\/shop\/\"},{\"@type\":\"ListItem\",\"position\":3,\"name\":\"Sherlock Holmes Olbia\"}]},{\"@type\":\"WebSite\",\"@id\":\"https:\/\/testwebsite.upevents.nl\/#website\",\"url\":\"https:\/\/testwebsite.upevents.nl\/\",\"name\":\"City Game\",\"description\":\"\",\"publisher\":{\"@id\":\"https:\/\/testwebsite.upevents.nl\/#organization\"},\"alternateName\":\"citygame.com\",\"potentialAction\":[{\"@type\":\"SearchAction\",\"target\":{\"@type\":\"EntryPoint\",\"urlTemplate\":\"https:\/\/testwebsite.upevents.nl\/?s={search_term_string}\"},\"query-input\":{\"@type\":\"PropertyValueSpecification\",\"valueRequired\":true,\"valueName\":\"search_term_string\"}}],\"inLanguage\":\"sk-SK\"},{\"@type\":[\"Organization\",\"Place\"],\"@id\":\"https:\/\/testwebsite.upevents.nl\/#organization\",\"name\":\"City Game\",\"alternateName\":\"citygame.com\",\"url\":\"https:\/\/testwebsite.upevents.nl\/\",\"logo\":{\"@id\":\"https:\/\/testwebsite.citygame.com\/sk\/games\/olbia\/sherlock-holmes-olbia\/#local-main-organization-logo\"},\"image\":{\"@id\":\"https:\/\/testwebsite.citygame.com\/sk\/games\/olbia\/sherlock-holmes-olbia\/#local-main-organization-logo\"},\"sameAs\":[\"https:\/\/www.facebook.com\/profile.php?id=100086426226253\",\"https:\/\/www.instagram.com\/citygame_com\",\"https:\/\/www.tiktok.com\/@citygamecom\/\",\"https:\/\/www.linkedin.com\/company\/citygame-com\"],\"description\":\"Turn any city into a playground with our interactive City Games and self-guided tours. Fun, flexible, and ideal for groups and team building.\",\"telephone\":[],\"openingHoursSpecification\":[{\"@type\":\"OpeningHoursSpecification\",\"dayOfWeek\":[\"Monday\",\"Tuesday\",\"Wednesday\",\"Thursday\",\"Friday\",\"Saturday\",\"Sunday\"],\"opens\":\"09:00\",\"closes\":\"17:00\"}]},{\"@type\":\"ImageObject\",\"inLanguage\":\"sk-SK\",\"@id\":\"https:\/\/testwebsite.citygame.com\/sk\/games\/olbia\/sherlock-holmes-olbia\/#local-main-organization-logo\",\"url\":\"https:\/\/testwebsite.citygame.com\/wp-content\/blogs.dir\/1\/files\/sites\/62\/2025\/10\/CG_LOGO-City-Game.png\",\"contentUrl\":\"https:\/\/testwebsite.citygame.com\/wp-content\/blogs.dir\/1\/files\/sites\/62\/2025\/10\/CG_LOGO-City-Game.png\",\"width\":351,\"height\":377,\"caption\":\"City Game\"}]}<\/script>\n<!-- \/ Yoast SEO Premium plugin. -->","yoast_head_json":{"title":"Sherlock Holmes Olbia - City Game","description":"Sherlock Holmes Olbia. Zahrajte si samostatn\u00fa detekt\u00edvnu mestsk\u00fa hru s vra\u017edou, rie\u0161te h\u00e1danky, sledujte stopy a odha\u013ete vraha vlastn\u00fdm tempom!","robots":{"index":"noindex","follow":"follow","max-snippet":"max-snippet:-1","max-image-preview":"max-image-preview:large","max-video-preview":"max-video-preview:-1"},"og_locale":"sk_SK","og_type":"article","og_title":"Sherlock Holmes Olbia","og_description":"Sherlock Holmes Olbia. Zahrajte si samostatn\u00fa detekt\u00edvnu mestsk\u00fa hru s vra\u017edou, rie\u0161te h\u00e1danky, sledujte stopy a odha\u013ete vraha vlastn\u00fdm tempom!","og_url":"https:\/\/testwebsite.citygame.com\/sk\/games\/olbia\/sherlock-holmes-olbia\/","og_site_name":"City Game","article_publisher":"https:\/\/www.facebook.com\/profile.php?id=100086426226253","article_modified_time":"2026-04-07T21:46:26+00:00","og_image":[{"width":1344,"height":768,"url":"https:\/\/testwebsite.citygame.com\/wp-content\/blogs.dir\/1\/files\/sites\/62\/2026\/02\/olbia-woman-playing-sherlock-city-game.jpg","type":"image\/jpeg"}],"twitter_card":"summary_large_image","twitter_misc":{"Predpokladan\u00fd \u010das \u010d\u00edtania":"1 min\u00fata"},"schema":{"@context":"https:\/\/schema.org","@graph":[{"@type":"WebPage","@id":"https:\/\/testwebsite.citygame.com\/sk\/games\/olbia\/sherlock-holmes-olbia\/","url":"https:\/\/testwebsite.citygame.com\/sk\/games\/olbia\/sherlock-holmes-olbia\/","name":"Sherlock Holmes Olbia - City Game","isPartOf":{"@id":"https:\/\/testwebsite.upevents.nl\/#website"},"primaryImageOfPage":{"@id":"https:\/\/testwebsite.citygame.com\/sk\/games\/olbia\/sherlock-holmes-olbia\/#primaryimage"},"image":{"@id":"https:\/\/testwebsite.citygame.com\/sk\/games\/olbia\/sherlock-holmes-olbia\/#primaryimage"},"thumbnailUrl":"https:\/\/testwebsite.citygame.com\/wp-content\/blogs.dir\/1\/files\/sites\/62\/2026\/02\/olbia-woman-playing-sherlock-city-game.jpg","datePublished":"2026-02-10T14:45:30+00:00","dateModified":"2026-04-07T21:46:26+00:00","description":"Sherlock Holmes Olbia. Zahrajte si samostatn\u00fa detekt\u00edvnu mestsk\u00fa hru s vra\u017edou, rie\u0161te h\u00e1danky, sledujte stopy a odha\u013ete vraha vlastn\u00fdm tempom!","breadcrumb":{"@id":"https:\/\/testwebsite.citygame.com\/sk\/games\/olbia\/sherlock-holmes-olbia\/#breadcrumb"},"inLanguage":"sk-SK","potentialAction":[{"@type":"ReadAction","target":["https:\/\/testwebsite.citygame.com\/sk\/games\/olbia\/sherlock-holmes-olbia\/"]}]},{"@type":"ImageObject","inLanguage":"sk-SK","@id":"https:\/\/testwebsite.citygame.com\/sk\/games\/olbia\/sherlock-holmes-olbia\/#primaryimage","url":"https:\/\/testwebsite.citygame.com\/wp-content\/blogs.dir\/1\/files\/sites\/62\/2026\/02\/olbia-woman-playing-sherlock-city-game.jpg","contentUrl":"https:\/\/testwebsite.citygame.com\/wp-content\/blogs.dir\/1\/files\/sites\/62\/2026\/02\/olbia-woman-playing-sherlock-city-game.jpg","width":1344,"height":768,"caption":"A tourist uses her smartphone to play an outdoor escape game in a charming alley in Olbia."},{"@type":"BreadcrumbList","@id":"https:\/\/testwebsite.citygame.com\/sk\/games\/olbia\/sherlock-holmes-olbia\/#breadcrumb","itemListElement":[{"@type":"ListItem","position":1,"name":"Home","item":"https:\/\/testwebsite.citygame.com\/sk\/"},{"@type":"ListItem","position":2,"name":"Shop","item":"https:\/\/testwebsite.citygame.com\/shop\/"},{"@type":"ListItem","position":3,"name":"Sherlock Holmes Olbia"}]},{"@type":"WebSite","@id":"https:\/\/testwebsite.upevents.nl\/#website","url":"https:\/\/testwebsite.upevents.nl\/","name":"City Game","description":"","publisher":{"@id":"https:\/\/testwebsite.upevents.nl\/#organization"},"alternateName":"citygame.com","potentialAction":[{"@type":"SearchAction","target":{"@type":"EntryPoint","urlTemplate":"https:\/\/testwebsite.upevents.nl\/?s={search_term_string}"},"query-input":{"@type":"PropertyValueSpecification","valueRequired":true,"valueName":"search_term_string"}}],"inLanguage":"sk-SK"},{"@type":["Organization","Place"],"@id":"https:\/\/testwebsite.upevents.nl\/#organization","name":"City Game","alternateName":"citygame.com","url":"https:\/\/testwebsite.upevents.nl\/","logo":{"@id":"https:\/\/testwebsite.citygame.com\/sk\/games\/olbia\/sherlock-holmes-olbia\/#local-main-organization-logo"},"image":{"@id":"https:\/\/testwebsite.citygame.com\/sk\/games\/olbia\/sherlock-holmes-olbia\/#local-main-organization-logo"},"sameAs":["https:\/\/www.facebook.com\/profile.php?id=100086426226253","https:\/\/www.instagram.com\/citygame_com","https:\/\/www.tiktok.com\/@citygamecom\/","https:\/\/www.linkedin.com\/company\/citygame-com"],"description":"Turn any city into a playground with our interactive City Games and self-guided tours. Fun, flexible, and ideal for groups and team building.","telephone":[],"openingHoursSpecification":[{"@type":"OpeningHoursSpecification","dayOfWeek":["Monday","Tuesday","Wednesday","Thursday","Friday","Saturday","Sunday"],"opens":"09:00","closes":"17:00"}]},{"@type":"ImageObject","inLanguage":"sk-SK","@id":"https:\/\/testwebsite.citygame.com\/sk\/games\/olbia\/sherlock-holmes-olbia\/#local-main-organization-logo","url":"https:\/\/testwebsite.citygame.com\/wp-content\/blogs.dir\/1\/files\/sites\/62\/2025\/10\/CG_LOGO-City-Game.png","contentUrl":"https:\/\/testwebsite.citygame.com\/wp-content\/blogs.dir\/1\/files\/sites\/62\/2025\/10\/CG_LOGO-City-Game.png","width":351,"height":377,"caption":"City Game"}]}},"taxonomy_info":{"game-concept":[{"value":788,"label":"Sherlock"}],"location":[{"value":306,"label":"Olbia"}],"product_cat":[{"value":27,"label":"Geen categorie"}]},"featured_image_src_large":["https:\/\/testwebsite.citygame.com\/wp-content\/blogs.dir\/1\/files\/sites\/62\/2026\/02\/olbia-woman-playing-sherlock-city-game-1024x585.jpg",1024,585,true],"author_info":[],"comment_info":"","_links":{"self":[{"href":"https:\/\/testwebsite.citygame.com\/sk\/wp-json\/wp\/v2\/product\/55918","targetHints":{"allow":["GET"]}}],"collection":[{"href":"https:\/\/testwebsite.citygame.com\/sk\/wp-json\/wp\/v2\/product"}],"about":[{"href":"https:\/\/testwebsite.citygame.com\/sk\/wp-json\/wp\/v2\/types\/product"}],"acf:post":[{"embeddable":true,"href":"https:\/\/testwebsite.citygame.com\/sk\/wp-json\/wp\/v2\/pages\/8799"}],"wp:featuredmedia":[{"embeddable":true,"href":"https:\/\/testwebsite.citygame.com\/sk\/wp-json\/wp\/v2\/media\/11871"}],"wp:attachment":[{"href":"https:\/\/testwebsite.citygame.com\/sk\/wp-json\/wp\/v2\/media?parent=55918"}],"wp:term":[{"taxonomy":"game-concept","embeddable":true,"href":"https:\/\/testwebsite.citygame.com\/sk\/wp-json\/wp\/v2\/game-concept?post=55918"},{"taxonomy":"location","embeddable":true,"href":"https:\/\/testwebsite.citygame.com\/sk\/wp-json\/wp\/v2\/location?post=55918"},{"taxonomy":"product_brand","embeddable":true,"href":"https:\/\/testwebsite.citygame.com\/sk\/wp-json\/wp\/v2\/product_brand?post=55918"},{"taxonomy":"product_cat","embeddable":true,"href":"https:\/\/testwebsite.citygame.com\/sk\/wp-json\/wp\/v2\/product_cat?post=55918"},{"taxonomy":"product_tag","embeddable":true,"href":"https:\/\/testwebsite.citygame.com\/sk\/wp-json\/wp\/v2\/product_tag?post=55918"}],"curies":[{"name":"wp","href":"https:\/\/api.w.org\/{rel}","templated":true}]}}