{"id":55800,"date":"2026-02-19T11:34:38","date_gmt":"2026-02-19T11:34:38","guid":{"rendered":"https:\/\/testwebsite.citygame.com\/games\/unknown-location\/sherlock-holmes-montpellier\/"},"modified":"2026-04-07T21:33:44","modified_gmt":"2026-04-07T21:33:44","slug":"sherlock-holmes-montpellier","status":"publish","type":"product","link":"https:\/\/testwebsite.citygame.com\/sk\/games\/montpellier\/sherlock-holmes-montpellier\/","title":{"rendered":"Sherlock Holmes Montpellier"},"content":{"rendered":"<p>Ponorte sa do sveta Sherlocka Holmesa so samoobslu\u017enou, pr\u00edbehom riadenou hrou Sherlock Holmes City Game, ktor\u00e1 sa odohr\u00e1va v centre mesta Montpellier. Ru\u0161n\u00e9 mesto sa premen\u00ed na pohlcuj\u00facu sc\u00e9nu pre nap\u00ednav\u00e9 detekt\u00edvne vy\u0161etrovanie, ke\u010f sa vlastn\u00fdm tempom preplieta\u0161 rozv\u00edjaj\u00facim sa pr\u00edbehom, na pozad\u00ed nap\u00e4t\u00edm pretkan\u00e9ho festivalu Liberty Festival. Zdokona\u013ete svoje vy\u0161etrovacie schopnosti zbieran\u00edm d\u00f4kazov, vypo\u010d\u00favan\u00edm digit\u00e1lnych podozriv\u00fdch a de\u0161ifrovan\u00edm h\u00e1daniek, aby ste vyrie\u0161ili z\u00e1hadn\u00fa vra\u017edu, pri\u010dom za\u017eijete vzru\u0161enie z toho, \u017ee kr\u00e1\u010date v top\u00e1nkach ikonick\u00e9ho detekt\u00edva.<\/p>\n","protected":false},"excerpt":{"rendered":"<p>Vst\u00fapte do sveta intr\u00edg a dedukcie ako Sherlock Holmes v podmanivej samoobslu\u017enej z\u00e1hadnej vra\u017ede odohr\u00e1vaj\u00facej sa v Montpellier. Spojte sa a pou\u017eite svoj d\u00f4vtip na sledovanie st\u00f4p, rie\u0161enie h\u00e1daniek a skladanie mozaiky, odhal\u00edte \u0161okuj\u00facu pravdu, k\u00fdm sa v\u00e1m neminie \u010das!<\/p>\n","protected":false},"featured_media":14839,"template":"","meta":{"_acf_changed":false,"_yoast_wpseo_focuskw":"Sherlock Holmes Montpellier","_yoast_wpseo_metadesc":"Sherlock Holmes Montpellier. Zahrajte si samoobslu\u017en\u00fa detekt\u00edvnu hru City Game s vra\u017edou, rie\u0161te h\u00e1danky, sledujte stopy a odha\u013ete vraha vlastn\u00fdm tempom!","_kad_blocks_custom_css":"","_kad_blocks_head_custom_js":"","_kad_blocks_body_custom_js":"","_kad_blocks_footer_custom_js":"","ghostkit_customizer_options":"","ghostkit_custom_css":"","ghostkit_custom_js_head":"","ghostkit_custom_js_foot":"","ghostkit_typography":"","_kad_post_transparent":"","_kad_post_title":"","_kad_post_layout":"","_kad_post_sidebar_id":"","_kad_post_content_style":"","_kad_post_vertical_padding":"","_kad_post_feature":"","_kad_post_feature_position":"","_kad_post_header":false,"_kad_post_footer":false,"_kad_post_classname":"","_links_to":"","_links_to_target":""},"game-concept":[788],"location":[283],"product_brand":[],"product_cat":[27],"product_tag":[],"class_list":{"0":"post-55800","1":"product","2":"type-product","3":"status-publish","4":"has-post-thumbnail","6":"game-concept-sherlock","7":"location-montpellier","8":"product_cat-geen-categorie","10":"first","11":"instock","12":"shipping-taxable","13":"purchasable","14":"product-type-simple","15":"entry","16":"content-bg","17":"loop-entry"},"acf":{"full_bokun_product_name":"Montpellier Self-Guided Sherlock Holmes Murder Mystery Game","location_name":"Montpellier","bokun_calendar_widget_code":"<script type=\"text\/javascript\" src=\"https:\/\/widgets.bokun.io\/assets\/javascripts\/apps\/build\/BokunWidgetsLoader.js?bookingChannelUUID=a1e93e96-5232-4734-a595-28405f4b5a31\" async><\/script>\n     \n    <div class=\"bokunWidget\" data-src=\"https:\/\/widgets.bokun.io\/online-sales\/a1e93e96-5232-4734-a595-28405f4b5a31\/experience-calendar\/771528\"><\/div>\n    <noscript>Please enable javascript in your browser to book<\/noscript>","bokun_button_widget_code":"<script type=\"text\/javascript\" src=\"https:\/\/widgets.bokun.io\/assets\/javascripts\/apps\/build\/BokunWidgetsLoader.js?bookingChannelUUID=a1e93e96-5232-4734-a595-28405f4b5a31\" async><\/script>\n      <style> #bokun_ed001e45_5927_4f62_b470_ca766338d083 { display: inline-block; padding: .4em 1em; background: #47b82e; border-radius: 999999px; box-shadow: none; font-weight: 600; font-size: 24px; text-decoration: none; text-align: center; color: #FFFFFF; border:none; cursor: pointer; transition: background .2s ease; } #bokun_ed001e45_5927_4f62_b470_ca766338d083:hover{ background: #2f7b1f; } #bokun_ed001e45_5927_4f62_b470_ca766338d083:active{ background: #378f24; } <\/style> <button class=\"bokunButton\" disabled id=bokun_ed001e45_5927_4f62_b470_ca766338d083 data-src=\"https:\/\/widgets.bokun.io\/online-sales\/a1e93e96-5232-4734-a595-28405f4b5a31\/experience-calendar\/771528?partialView=1\" data-testid=\"widget-book-button\" > Book now <\/button> ","what_you\u2019ll_experience_during_the_game":"Ke\u010f sa pust\u00edte do hry Sherlock Holmes City Game, ponor\u00edte sa do vzru\u0161uj\u00faceho detekt\u00edvneho pr\u00edbehu odohr\u00e1vaj\u00faceho sa na pozad\u00ed \u00fachvatn\u00e9ho Montpellieru. Tento p\u00fatav\u00fd pr\u00edbeh sa preplet\u00e1 samotnou \u0161trukt\u00farou mesta, pri\u010dom postupne odha\u013euje jeho h\u013abky, ke\u010f sledujete cestu h\u00e1daniek a stret\u00e1vate sa s ne\u010dakan\u00fdmi zvratmi na ka\u017edom kroku. Prejavte svoje pozorovacie a deduk\u010dn\u00e9 schopnosti, ke\u010f objav\u00edte k\u013e\u00fa\u010dov\u00e9 stopy, pust\u00edte sa do rie\u0161enia zlo\u017eit\u00fdch h\u00e1daniek a vypo\u010d\u00favate digit\u00e1lnych podozriv\u00fdch, aby ste rozl\u00fa\u0161tili zlo\u017eit\u00e9 alibi a rozpory vypl\u00fdvaj\u00face z ich svedectiev. \n\nT\u00e1to p\u00fatav\u00e1 hra Sherlock Holmes City Game je nepochybne cestou majstrovsky vytvoren\u00fdm, plne pr\u00edbehom riaden\u00fdm a nap\u00ednav\u00fdm rozpr\u00e1van\u00edm. Ocitnete sa v centre z\u00e1hadnej vra\u017edy, ktor\u00e1 sa odohrala po\u010das Liberty Festival v Montpellier. Od ka\u017edej z\u00e1hadnej stopy po ka\u017ed\u00fa podozriv\u00fa postavu je to preteky s \u010dasom, aby ste odhalili znepokojuj\u00facu pravdu za hrozn\u00fdm zlo\u010dinom. Najvzru\u0161uj\u00facej\u0161ou \u010das\u0165ou je, \u017ee t\u00fato vzru\u0161uj\u00facu cestu m\u00f4\u017eete absolvova\u0165 vlastn\u00fdm tempom, kedyko\u013evek si odd\u00fdchnu\u0165 a pokra\u010dova\u0165. Ak m\u00e1te chu\u0165 na mal\u00fa priate\u013esk\u00fa s\u00fa\u0165a\u017e, pozvite ostatn\u00fdch, aby sa k v\u00e1m pridali a zistite, kto ako prv\u00fd posklad\u00e1 mozaiku.","how_to_play":"Hrajte sami alebo s priate\u013emi, rodinou \u010di kolegami v t\u00edmoch a\u017e \u0161tyroch hr\u00e1\u010dov na jedno zariadenie. Po rezerv\u00e1cii dostanete e-mail s pokynmi so v\u0161etk\u00fdm, \u010do potrebujete.","start_location":"Montpellier, Cour d\u2019Appel de Montepellier","available_languages":["en","nl","es","fr","de","it"],"players_per_group":"1-4","duration":"1.5-2 hours","image_overlay_color_image":"https:\/\/testwebsite.citygame.com\/wp-content\/blogs.dir\/1\/files\/sites\/62\/2026\/01\/SherlockColor.svg","image_overlay_game_logo":"https:\/\/testwebsite.citygame.com\/wp-content\/blogs.dir\/1\/files\/sites\/62\/2026\/01\/SherlockLogo.png","city_page":8790,"woocommerce_general_content":null},"yoast_head":"<!-- This site is optimized with the Yoast SEO Premium plugin v26.2 (Yoast SEO v26.3) - https:\/\/yoast.com\/wordpress\/plugins\/seo\/ -->\n<title>Sherlock Holmes Montpellier - City Game<\/title>\n<meta name=\"description\" content=\"Sherlock Holmes Montpellier. Zahrajte si samoobslu\u017en\u00fa detekt\u00edvnu hru City Game s vra\u017edou, rie\u0161te h\u00e1danky, sledujte stopy a odha\u013ete vraha vlastn\u00fdm tempom!\" \/>\n<meta name=\"robots\" content=\"noindex, follow, max-snippet:-1, max-image-preview:large, max-video-preview:-1\" \/>\n<meta property=\"og:locale\" content=\"sk_SK\" \/>\n<meta property=\"og:type\" content=\"article\" \/>\n<meta property=\"og:title\" content=\"Sherlock Holmes Montpellier\" \/>\n<meta property=\"og:description\" content=\"Sherlock Holmes Montpellier. Zahrajte si samoobslu\u017en\u00fa detekt\u00edvnu hru City Game s vra\u017edou, rie\u0161te h\u00e1danky, sledujte stopy a odha\u013ete vraha vlastn\u00fdm tempom!\" \/>\n<meta property=\"og:url\" content=\"https:\/\/testwebsite.citygame.com\/sk\/games\/montpellier\/sherlock-holmes-montpellier\/\" \/>\n<meta property=\"og:site_name\" content=\"City Game\" \/>\n<meta property=\"article:publisher\" content=\"https:\/\/www.facebook.com\/profile.php?id=100086426226253\" \/>\n<meta property=\"article:modified_time\" content=\"2026-04-07T21:33:44+00:00\" \/>\n<meta property=\"og:image\" content=\"https:\/\/testwebsite.citygame.com\/wp-content\/blogs.dir\/1\/files\/sites\/62\/2026\/02\/montpellier-sherlock-city-game-musee-fabre.jpg\" \/>\n\t<meta property=\"og:image:width\" content=\"1024\" \/>\n\t<meta property=\"og:image:height\" content=\"1024\" \/>\n\t<meta property=\"og:image:type\" content=\"image\/jpeg\" \/>\n<meta name=\"twitter:card\" content=\"summary_large_image\" \/>\n<meta name=\"twitter:label1\" content=\"Predpokladan\u00fd \u010das \u010d\u00edtania\" \/>\n\t<meta name=\"twitter:data1\" content=\"1 min\u00fata\" \/>\n<script type=\"application\/ld+json\" class=\"yoast-schema-graph\">{\"@context\":\"https:\/\/schema.org\",\"@graph\":[{\"@type\":\"WebPage\",\"@id\":\"https:\/\/testwebsite.citygame.com\/sk\/games\/montpellier\/sherlock-holmes-montpellier\/\",\"url\":\"https:\/\/testwebsite.citygame.com\/sk\/games\/montpellier\/sherlock-holmes-montpellier\/\",\"name\":\"Sherlock Holmes Montpellier - City Game\",\"isPartOf\":{\"@id\":\"https:\/\/testwebsite.upevents.nl\/#website\"},\"primaryImageOfPage\":{\"@id\":\"https:\/\/testwebsite.citygame.com\/sk\/games\/montpellier\/sherlock-holmes-montpellier\/#primaryimage\"},\"image\":{\"@id\":\"https:\/\/testwebsite.citygame.com\/sk\/games\/montpellier\/sherlock-holmes-montpellier\/#primaryimage\"},\"thumbnailUrl\":\"https:\/\/testwebsite.citygame.com\/wp-content\/blogs.dir\/1\/files\/sites\/62\/2026\/02\/montpellier-sherlock-city-game-musee-fabre.jpg\",\"datePublished\":\"2026-02-19T11:34:38+00:00\",\"dateModified\":\"2026-04-07T21:33:44+00:00\",\"description\":\"Sherlock Holmes Montpellier. Zahrajte si samoobslu\u017en\u00fa detekt\u00edvnu hru City Game s vra\u017edou, rie\u0161te h\u00e1danky, sledujte stopy a odha\u013ete vraha vlastn\u00fdm tempom!\",\"breadcrumb\":{\"@id\":\"https:\/\/testwebsite.citygame.com\/sk\/games\/montpellier\/sherlock-holmes-montpellier\/#breadcrumb\"},\"inLanguage\":\"sk-SK\",\"potentialAction\":[{\"@type\":\"ReadAction\",\"target\":[\"https:\/\/testwebsite.citygame.com\/sk\/games\/montpellier\/sherlock-holmes-montpellier\/\"]}]},{\"@type\":\"ImageObject\",\"inLanguage\":\"sk-SK\",\"@id\":\"https:\/\/testwebsite.citygame.com\/sk\/games\/montpellier\/sherlock-holmes-montpellier\/#primaryimage\",\"url\":\"https:\/\/testwebsite.citygame.com\/wp-content\/blogs.dir\/1\/files\/sites\/62\/2026\/02\/montpellier-sherlock-city-game-musee-fabre.jpg\",\"contentUrl\":\"https:\/\/testwebsite.citygame.com\/wp-content\/blogs.dir\/1\/files\/sites\/62\/2026\/02\/montpellier-sherlock-city-game-musee-fabre.jpg\",\"width\":1024,\"height\":1024,\"caption\":\"A player uses his smartphone to solve challenges in front of the Mus\u00e9e Fabre in Montpellier.\"},{\"@type\":\"BreadcrumbList\",\"@id\":\"https:\/\/testwebsite.citygame.com\/sk\/games\/montpellier\/sherlock-holmes-montpellier\/#breadcrumb\",\"itemListElement\":[{\"@type\":\"ListItem\",\"position\":1,\"name\":\"Home\",\"item\":\"https:\/\/testwebsite.citygame.com\/sk\/\"},{\"@type\":\"ListItem\",\"position\":2,\"name\":\"Shop\",\"item\":\"https:\/\/testwebsite.citygame.com\/shop\/\"},{\"@type\":\"ListItem\",\"position\":3,\"name\":\"Sherlock Holmes Montpellier\"}]},{\"@type\":\"WebSite\",\"@id\":\"https:\/\/testwebsite.upevents.nl\/#website\",\"url\":\"https:\/\/testwebsite.upevents.nl\/\",\"name\":\"City Game\",\"description\":\"\",\"publisher\":{\"@id\":\"https:\/\/testwebsite.upevents.nl\/#organization\"},\"alternateName\":\"citygame.com\",\"potentialAction\":[{\"@type\":\"SearchAction\",\"target\":{\"@type\":\"EntryPoint\",\"urlTemplate\":\"https:\/\/testwebsite.upevents.nl\/?s={search_term_string}\"},\"query-input\":{\"@type\":\"PropertyValueSpecification\",\"valueRequired\":true,\"valueName\":\"search_term_string\"}}],\"inLanguage\":\"sk-SK\"},{\"@type\":[\"Organization\",\"Place\"],\"@id\":\"https:\/\/testwebsite.upevents.nl\/#organization\",\"name\":\"City Game\",\"alternateName\":\"citygame.com\",\"url\":\"https:\/\/testwebsite.upevents.nl\/\",\"logo\":{\"@id\":\"https:\/\/testwebsite.citygame.com\/sk\/games\/montpellier\/sherlock-holmes-montpellier\/#local-main-organization-logo\"},\"image\":{\"@id\":\"https:\/\/testwebsite.citygame.com\/sk\/games\/montpellier\/sherlock-holmes-montpellier\/#local-main-organization-logo\"},\"sameAs\":[\"https:\/\/www.facebook.com\/profile.php?id=100086426226253\",\"https:\/\/www.instagram.com\/citygame_com\",\"https:\/\/www.tiktok.com\/@citygamecom\/\",\"https:\/\/www.linkedin.com\/company\/citygame-com\"],\"description\":\"Turn any city into a playground with our interactive City Games and self-guided tours. Fun, flexible, and ideal for groups and team building.\",\"telephone\":[],\"openingHoursSpecification\":[{\"@type\":\"OpeningHoursSpecification\",\"dayOfWeek\":[\"Monday\",\"Tuesday\",\"Wednesday\",\"Thursday\",\"Friday\",\"Saturday\",\"Sunday\"],\"opens\":\"09:00\",\"closes\":\"17:00\"}]},{\"@type\":\"ImageObject\",\"inLanguage\":\"sk-SK\",\"@id\":\"https:\/\/testwebsite.citygame.com\/sk\/games\/montpellier\/sherlock-holmes-montpellier\/#local-main-organization-logo\",\"url\":\"https:\/\/testwebsite.citygame.com\/wp-content\/blogs.dir\/1\/files\/sites\/62\/2025\/10\/CG_LOGO-City-Game.png\",\"contentUrl\":\"https:\/\/testwebsite.citygame.com\/wp-content\/blogs.dir\/1\/files\/sites\/62\/2025\/10\/CG_LOGO-City-Game.png\",\"width\":351,\"height\":377,\"caption\":\"City Game\"}]}<\/script>\n<!-- \/ Yoast SEO Premium plugin. -->","yoast_head_json":{"title":"Sherlock Holmes Montpellier - City Game","description":"Sherlock Holmes Montpellier. Zahrajte si samoobslu\u017en\u00fa detekt\u00edvnu hru City Game s vra\u017edou, rie\u0161te h\u00e1danky, sledujte stopy a odha\u013ete vraha vlastn\u00fdm tempom!","robots":{"index":"noindex","follow":"follow","max-snippet":"max-snippet:-1","max-image-preview":"max-image-preview:large","max-video-preview":"max-video-preview:-1"},"og_locale":"sk_SK","og_type":"article","og_title":"Sherlock Holmes Montpellier","og_description":"Sherlock Holmes Montpellier. Zahrajte si samoobslu\u017en\u00fa detekt\u00edvnu hru City Game s vra\u017edou, rie\u0161te h\u00e1danky, sledujte stopy a odha\u013ete vraha vlastn\u00fdm tempom!","og_url":"https:\/\/testwebsite.citygame.com\/sk\/games\/montpellier\/sherlock-holmes-montpellier\/","og_site_name":"City Game","article_publisher":"https:\/\/www.facebook.com\/profile.php?id=100086426226253","article_modified_time":"2026-04-07T21:33:44+00:00","og_image":[{"width":1024,"height":1024,"url":"https:\/\/testwebsite.citygame.com\/wp-content\/blogs.dir\/1\/files\/sites\/62\/2026\/02\/montpellier-sherlock-city-game-musee-fabre.jpg","type":"image\/jpeg"}],"twitter_card":"summary_large_image","twitter_misc":{"Predpokladan\u00fd \u010das \u010d\u00edtania":"1 min\u00fata"},"schema":{"@context":"https:\/\/schema.org","@graph":[{"@type":"WebPage","@id":"https:\/\/testwebsite.citygame.com\/sk\/games\/montpellier\/sherlock-holmes-montpellier\/","url":"https:\/\/testwebsite.citygame.com\/sk\/games\/montpellier\/sherlock-holmes-montpellier\/","name":"Sherlock Holmes Montpellier - City Game","isPartOf":{"@id":"https:\/\/testwebsite.upevents.nl\/#website"},"primaryImageOfPage":{"@id":"https:\/\/testwebsite.citygame.com\/sk\/games\/montpellier\/sherlock-holmes-montpellier\/#primaryimage"},"image":{"@id":"https:\/\/testwebsite.citygame.com\/sk\/games\/montpellier\/sherlock-holmes-montpellier\/#primaryimage"},"thumbnailUrl":"https:\/\/testwebsite.citygame.com\/wp-content\/blogs.dir\/1\/files\/sites\/62\/2026\/02\/montpellier-sherlock-city-game-musee-fabre.jpg","datePublished":"2026-02-19T11:34:38+00:00","dateModified":"2026-04-07T21:33:44+00:00","description":"Sherlock Holmes Montpellier. Zahrajte si samoobslu\u017en\u00fa detekt\u00edvnu hru City Game s vra\u017edou, rie\u0161te h\u00e1danky, sledujte stopy a odha\u013ete vraha vlastn\u00fdm tempom!","breadcrumb":{"@id":"https:\/\/testwebsite.citygame.com\/sk\/games\/montpellier\/sherlock-holmes-montpellier\/#breadcrumb"},"inLanguage":"sk-SK","potentialAction":[{"@type":"ReadAction","target":["https:\/\/testwebsite.citygame.com\/sk\/games\/montpellier\/sherlock-holmes-montpellier\/"]}]},{"@type":"ImageObject","inLanguage":"sk-SK","@id":"https:\/\/testwebsite.citygame.com\/sk\/games\/montpellier\/sherlock-holmes-montpellier\/#primaryimage","url":"https:\/\/testwebsite.citygame.com\/wp-content\/blogs.dir\/1\/files\/sites\/62\/2026\/02\/montpellier-sherlock-city-game-musee-fabre.jpg","contentUrl":"https:\/\/testwebsite.citygame.com\/wp-content\/blogs.dir\/1\/files\/sites\/62\/2026\/02\/montpellier-sherlock-city-game-musee-fabre.jpg","width":1024,"height":1024,"caption":"A player uses his smartphone to solve challenges in front of the Mus\u00e9e Fabre in Montpellier."},{"@type":"BreadcrumbList","@id":"https:\/\/testwebsite.citygame.com\/sk\/games\/montpellier\/sherlock-holmes-montpellier\/#breadcrumb","itemListElement":[{"@type":"ListItem","position":1,"name":"Home","item":"https:\/\/testwebsite.citygame.com\/sk\/"},{"@type":"ListItem","position":2,"name":"Shop","item":"https:\/\/testwebsite.citygame.com\/shop\/"},{"@type":"ListItem","position":3,"name":"Sherlock Holmes Montpellier"}]},{"@type":"WebSite","@id":"https:\/\/testwebsite.upevents.nl\/#website","url":"https:\/\/testwebsite.upevents.nl\/","name":"City Game","description":"","publisher":{"@id":"https:\/\/testwebsite.upevents.nl\/#organization"},"alternateName":"citygame.com","potentialAction":[{"@type":"SearchAction","target":{"@type":"EntryPoint","urlTemplate":"https:\/\/testwebsite.upevents.nl\/?s={search_term_string}"},"query-input":{"@type":"PropertyValueSpecification","valueRequired":true,"valueName":"search_term_string"}}],"inLanguage":"sk-SK"},{"@type":["Organization","Place"],"@id":"https:\/\/testwebsite.upevents.nl\/#organization","name":"City Game","alternateName":"citygame.com","url":"https:\/\/testwebsite.upevents.nl\/","logo":{"@id":"https:\/\/testwebsite.citygame.com\/sk\/games\/montpellier\/sherlock-holmes-montpellier\/#local-main-organization-logo"},"image":{"@id":"https:\/\/testwebsite.citygame.com\/sk\/games\/montpellier\/sherlock-holmes-montpellier\/#local-main-organization-logo"},"sameAs":["https:\/\/www.facebook.com\/profile.php?id=100086426226253","https:\/\/www.instagram.com\/citygame_com","https:\/\/www.tiktok.com\/@citygamecom\/","https:\/\/www.linkedin.com\/company\/citygame-com"],"description":"Turn any city into a playground with our interactive City Games and self-guided tours. Fun, flexible, and ideal for groups and team building.","telephone":[],"openingHoursSpecification":[{"@type":"OpeningHoursSpecification","dayOfWeek":["Monday","Tuesday","Wednesday","Thursday","Friday","Saturday","Sunday"],"opens":"09:00","closes":"17:00"}]},{"@type":"ImageObject","inLanguage":"sk-SK","@id":"https:\/\/testwebsite.citygame.com\/sk\/games\/montpellier\/sherlock-holmes-montpellier\/#local-main-organization-logo","url":"https:\/\/testwebsite.citygame.com\/wp-content\/blogs.dir\/1\/files\/sites\/62\/2025\/10\/CG_LOGO-City-Game.png","contentUrl":"https:\/\/testwebsite.citygame.com\/wp-content\/blogs.dir\/1\/files\/sites\/62\/2025\/10\/CG_LOGO-City-Game.png","width":351,"height":377,"caption":"City Game"}]}},"taxonomy_info":{"game-concept":[{"value":788,"label":"Sherlock"}],"location":[{"value":283,"label":"Montpellier"}],"product_cat":[{"value":27,"label":"Geen categorie"}]},"featured_image_src_large":["https:\/\/testwebsite.citygame.com\/wp-content\/blogs.dir\/1\/files\/sites\/62\/2026\/02\/montpellier-sherlock-city-game-musee-fabre.jpg",1024,1024,false],"author_info":[],"comment_info":"","_links":{"self":[{"href":"https:\/\/testwebsite.citygame.com\/sk\/wp-json\/wp\/v2\/product\/55800","targetHints":{"allow":["GET"]}}],"collection":[{"href":"https:\/\/testwebsite.citygame.com\/sk\/wp-json\/wp\/v2\/product"}],"about":[{"href":"https:\/\/testwebsite.citygame.com\/sk\/wp-json\/wp\/v2\/types\/product"}],"acf:post":[{"embeddable":true,"href":"https:\/\/testwebsite.citygame.com\/sk\/wp-json\/wp\/v2\/pages\/8790"}],"wp:featuredmedia":[{"embeddable":true,"href":"https:\/\/testwebsite.citygame.com\/sk\/wp-json\/wp\/v2\/media\/14839"}],"wp:attachment":[{"href":"https:\/\/testwebsite.citygame.com\/sk\/wp-json\/wp\/v2\/media?parent=55800"}],"wp:term":[{"taxonomy":"game-concept","embeddable":true,"href":"https:\/\/testwebsite.citygame.com\/sk\/wp-json\/wp\/v2\/game-concept?post=55800"},{"taxonomy":"location","embeddable":true,"href":"https:\/\/testwebsite.citygame.com\/sk\/wp-json\/wp\/v2\/location?post=55800"},{"taxonomy":"product_brand","embeddable":true,"href":"https:\/\/testwebsite.citygame.com\/sk\/wp-json\/wp\/v2\/product_brand?post=55800"},{"taxonomy":"product_cat","embeddable":true,"href":"https:\/\/testwebsite.citygame.com\/sk\/wp-json\/wp\/v2\/product_cat?post=55800"},{"taxonomy":"product_tag","embeddable":true,"href":"https:\/\/testwebsite.citygame.com\/sk\/wp-json\/wp\/v2\/product_tag?post=55800"}],"curies":[{"name":"wp","href":"https:\/\/api.w.org\/{rel}","templated":true}]}}