{"id":55559,"date":"2026-01-13T11:46:22","date_gmt":"2026-01-13T11:46:22","guid":{"rendered":"https:\/\/testwebsite.citygame.com\/games\/unknown-location\/secrets-of-linkoping\/"},"modified":"2026-04-07T21:06:36","modified_gmt":"2026-04-07T21:06:36","slug":"secrets-of-linkoping","status":"publish","type":"product","link":"https:\/\/testwebsite.citygame.com\/sk\/games\/linkoping\/secrets-of-linkoping\/","title":{"rendered":"Secrets of Link\u00f6ping"},"content":{"rendered":"<p>Mestsk\u00e1 hra Link\u00f6ping je samoobslu\u017en\u00e1 hra zalo\u017een\u00e1 na GPS, ktor\u00e1 sa odohr\u00e1va v centre mesta Link\u00f6ping. Pomocou smartf\u00f3nu hr\u00e1\u010di objavuj\u00fa oblas\u0165 a rie\u0161ia r\u00f4zne hlavolamy, h\u00e1danky a fotografick\u00e9 v\u00fdzvy. T\u00e1to interakt\u00edvna prieskumn\u00e1 hra pon\u00faka p\u00fatav\u00fd sp\u00f4sob, ako objavi\u0165 kult\u00faru, hist\u00f3riu a skryt\u00e9 detaily Link\u00f6pingu vlastn\u00fdm tempom. Samoobslu\u017en\u00e1 mestsk\u00e1 hra je vhodn\u00e1 pre n\u00e1v\u0161tevn\u00edkov aj miestnych obyvate\u013eov a funguje dobre pre jednotlivcov, p\u00e1ry, rodiny alebo skupiny priate\u013eov. \u010ci u\u017e ste v meste nov\u00ed, alebo v \u0148om \u017eijete roky, Mestsk\u00e1 hra Link\u00f6ping pon\u00faka nov\u00fd poh\u013ead na jeho mestsk\u00fa krajinu.<\/p>\n","protected":false},"excerpt":{"rendered":"<p>Odha\u013ete skryt\u00fa m\u00fadros\u0165 Link\u00f6pingu! Pripojte sa k Eliasovi St\u00e5hlovi na vzru\u0161uj\u00facej v\u00fdprave za znovuz\u00edskan\u00edm jeho dokonal\u00e9ho magick\u00e9ho pera, zatia\u013e \u010do budete objavova\u0165 mesto, kde hist\u00f3ria, kreativita a zvedavos\u0165 o\u017e\u00edvaj\u00fa na ka\u017edom rohu.<\/p>\n","protected":false},"featured_media":3658,"template":"","meta":{"_acf_changed":false,"_yoast_wpseo_focuskw":"Secrets of Link\u00f6ping","_yoast_wpseo_metadesc":"Secrets of Link\u00f6ping. Zahrajte si samoobslu\u017en\u00fa Mestsk\u00fa hru a objavte mesto prostredn\u00edctvom hlavolamov, h\u00e1daniek a v\u00fdziev. Hrajte vlastn\u00fdm tempom a objavujte ako miestny!","_kad_blocks_custom_css":"","_kad_blocks_head_custom_js":"","_kad_blocks_body_custom_js":"","_kad_blocks_footer_custom_js":"","ghostkit_customizer_options":"","ghostkit_custom_css":"","ghostkit_custom_js_head":"","ghostkit_custom_js_foot":"","ghostkit_typography":"","_kad_post_transparent":"default","_kad_post_title":"","_kad_post_layout":"default","_kad_post_sidebar_id":"","_kad_post_content_style":"default","_kad_post_vertical_padding":"default","_kad_post_feature":"","_kad_post_feature_position":"","_kad_post_header":false,"_kad_post_footer":false,"_kad_post_classname":"","_links_to":"","_links_to_target":""},"game-concept":[727],"location":[244],"product_brand":[],"product_cat":[27],"product_tag":[],"class_list":{"0":"post-55559","1":"product","2":"type-product","3":"status-publish","4":"has-post-thumbnail","6":"game-concept-secrets","7":"location-linkoping","8":"product_cat-geen-categorie","10":"first","11":"instock","12":"shipping-taxable","13":"purchasable","14":"product-type-simple","15":"entry","16":"content-bg","17":"loop-entry"},"acf":{"full_bokun_product_name":"Self-Guided Secrets of Link\u00f6ping Exploration Game","location_name":"Link\u00f6ping","bokun_calendar_widget_code":"<script type=\"text\/javascript\" src=\"https:\/\/widgets.bokun.io\/assets\/javascripts\/apps\/build\/BokunWidgetsLoader.js?bookingChannelUUID=a1e93e96-5232-4734-a595-28405f4b5a31\" async><\/script>\n     \n    <div class=\"bokunWidget\" data-src=\"https:\/\/widgets.bokun.io\/online-sales\/a1e93e96-5232-4734-a595-28405f4b5a31\/experience-calendar\/1097027\"><\/div>\n    <noscript>Please enable javascript in your browser to book<\/noscript>","bokun_button_widget_code":"<script type=\"text\/javascript\" src=\"https:\/\/widgets.bokun.io\/assets\/javascripts\/apps\/build\/BokunWidgetsLoader.js?bookingChannelUUID=a1e93e96-5232-4734-a595-28405f4b5a31\" async><\/script>\n      <style> #bokun_ed001e45_5927_4f62_b470_ca766338d083 { display: inline-block; padding: .4em 1em; background: #47b82e; border-radius: 999999px; box-shadow: none; font-weight: 600; font-size: 24px; text-decoration: none; text-align: center; color: #FFFFFF; border:none; cursor: pointer; transition: background .2s ease; } #bokun_ed001e45_5927_4f62_b470_ca766338d083:hover{ background: #2f7b1f; } #bokun_ed001e45_5927_4f62_b470_ca766338d083:active{ background: #378f24; } <\/style> <button class=\"bokunButton\" disabled id=bokun_ed001e45_5927_4f62_b470_ca766338d083 data-src=\"https:\/\/widgets.bokun.io\/online-sales\/a1e93e96-5232-4734-a595-28405f4b5a31\/experience-calendar\/1097027?partialView=1\" data-testid=\"widget-book-button\" > Book now <\/button> ","what_you\u2019ll_experience_during_the_game":"Po\u010das Mestskej hry Secrets of Link\u00f6ping budete objavova\u0165 mesto prostredn\u00edctvom pr\u00edbehom riaden\u00e9ho prieskumu v kombin\u00e1cii s interakt\u00edvnymi v\u00fdzvami. Ako sa pr\u00edbeh rozv\u00edja, trasa v\u00e1s prevedie ikonick\u00fdmi aj menej zn\u00e1mymi miestami, pon\u00fakaj\u00fac bohat\u0161\u00ed poh\u013ead na krajinu a hist\u00f3riu mesta. Prejdete okolo v\u00fdnimo\u010dn\u00fdch miest, ako je v\u00fdrazn\u00e1 ve\u017ea Nya R\u00e5dhuset na Stora Torget, expres\u00edvne pouli\u010dn\u00e9 umenie pozd\u013a\u017e Platensgatan a kult\u00farne zbierky m\u00fazea \u00d6sterg\u00f6tlands. Tich\u00e9 z\u00e1kutia ako Lilla Torget a majest\u00e1tna katedr\u00e1la v Link\u00f6pingu prid\u00e1vaj\u00fa k rozmanitosti z\u00e1\u017eitku, sp\u00e1jaj\u00fac energiu mesta s chv\u00ed\u013eami zamyslenia.\r\n\r\nPo\u010das objavovania Link\u00f6pingu budete rie\u0161i\u0165 hlavolamy, odpoveda\u0165 na h\u00e1danky, dokon\u010dova\u0165 ot\u00e1zky a p\u00fa\u0161\u0165a\u0165 sa do n\u00e1padit\u00fdch fotografick\u00fdch \u00faloh, ktor\u00e9 v\u00e1s bud\u00fa vies\u0165 vpred. Ka\u017ed\u00e1 v\u00fdzva prin\u00e1\u0161a \u0161ancu z\u00edska\u0165 body, odomkn\u00fa\u0165 u\u017eito\u010dn\u00e9 rady a pribl\u00ed\u017ei\u0165 sa k vyrie\u0161eniu kone\u010dnej z\u00e1hady. Hra je flexibiln\u00e1 a mo\u017eno ju kedyko\u013evek pozastavi\u0165, \u010do v\u00e1m umo\u017en\u00ed robi\u0165 si prest\u00e1vky alebo objavova\u0165 mesto vlastn\u00fdm tempom. Hr\u00e1\u010di s s\u00fa\u0165a\u017eiv\u00fdm duchom m\u00f4\u017eu sledova\u0165 svoj v\u00fdkon v rebr\u00ed\u010dku, \u010do vytv\u00e1ra z\u00e1bavn\u00fa rovnov\u00e1hu objavovania a priate\u013eskej s\u00fa\u0165a\u017ee.","how_to_play":"Po rezerv\u00e1cii va\u0161ej Mestskej hry Link\u00f6ping dostanete e-mail s priamym odkazom na hru. Jednoducho sa dostavte na \u0161tartovacie miesto L\u00e4rkans Spr\u00e5kf\u00f6rskola, otvorte odkaz na svojom smartf\u00f3ne a za\u010dnite svoju cestu, kedyko\u013evek ste pripraven\u00ed. Hru m\u00f4\u017eete pozastavi\u0165 a znova spusti\u0165, zatia\u013e \u010do budete objavova\u0165 mesto, odha\u013eova\u0165 tajomstv\u00e1 a u\u017e\u00edva\u0165 si dokonal\u00fa zmes hist\u00f3rie a hry.","start_location":"Link\u00f6ping, Spr\u00e5kf\u00f6rskola L\u00e4rkan","available_languages":"","players_per_group":"1-4","duration":"1.5-2 hours","image_overlay_color_image":"https:\/\/testwebsite.citygame.com\/wp-content\/blogs.dir\/1\/files\/sites\/62\/2026\/01\/SecretsColor.svg","image_overlay_game_logo":"https:\/\/testwebsite.citygame.com\/wp-content\/blogs.dir\/1\/files\/sites\/62\/2026\/01\/SecretsLogo.png","city_page":7575,"woocommerce_general_content":null},"yoast_head":"<!-- This site is optimized with the Yoast SEO Premium plugin v26.2 (Yoast SEO v26.3) - https:\/\/yoast.com\/wordpress\/plugins\/seo\/ -->\n<title>Secrets of Link\u00f6ping - City Game<\/title>\n<meta name=\"description\" content=\"Secrets of Link\u00f6ping. Zahrajte si samoobslu\u017en\u00fa Mestsk\u00fa hru a objavte mesto prostredn\u00edctvom hlavolamov, h\u00e1daniek a v\u00fdziev. Hrajte vlastn\u00fdm tempom a objavujte ako miestny!\" \/>\n<meta name=\"robots\" content=\"noindex, follow, max-snippet:-1, max-image-preview:large, max-video-preview:-1\" \/>\n<meta property=\"og:locale\" content=\"sk_SK\" \/>\n<meta property=\"og:type\" content=\"article\" \/>\n<meta property=\"og:title\" content=\"Secrets of Link\u00f6ping\" \/>\n<meta property=\"og:description\" content=\"Secrets of Link\u00f6ping. Zahrajte si samoobslu\u017en\u00fa Mestsk\u00fa hru a objavte mesto prostredn\u00edctvom hlavolamov, h\u00e1daniek a v\u00fdziev. Hrajte vlastn\u00fdm tempom a objavujte ako miestny!\" \/>\n<meta property=\"og:url\" content=\"https:\/\/testwebsite.citygame.com\/sk\/games\/linkoping\/secrets-of-linkoping\/\" \/>\n<meta property=\"og:site_name\" content=\"City Game\" \/>\n<meta property=\"article:publisher\" content=\"https:\/\/www.facebook.com\/profile.php?id=100086426226253\" \/>\n<meta property=\"article:modified_time\" content=\"2026-04-07T21:06:36+00:00\" \/>\n<meta property=\"og:image\" content=\"https:\/\/testwebsite.citygame.com\/wp-content\/blogs.dir\/1\/files\/sites\/62\/2026\/01\/linkoping-sweden-player-smartphone-city-street.jpg\" \/>\n\t<meta property=\"og:image:width\" content=\"704\" \/>\n\t<meta property=\"og:image:height\" content=\"1472\" \/>\n\t<meta property=\"og:image:type\" content=\"image\/jpeg\" \/>\n<meta name=\"twitter:card\" content=\"summary_large_image\" \/>\n<meta name=\"twitter:label1\" content=\"Predpokladan\u00fd \u010das \u010d\u00edtania\" \/>\n\t<meta name=\"twitter:data1\" content=\"1 min\u00fata\" \/>\n<script type=\"application\/ld+json\" class=\"yoast-schema-graph\">{\"@context\":\"https:\/\/schema.org\",\"@graph\":[{\"@type\":\"WebPage\",\"@id\":\"https:\/\/testwebsite.citygame.com\/sk\/games\/linkoping\/secrets-of-linkoping\/\",\"url\":\"https:\/\/testwebsite.citygame.com\/sk\/games\/linkoping\/secrets-of-linkoping\/\",\"name\":\"Secrets of Link\u00f6ping - City Game\",\"isPartOf\":{\"@id\":\"https:\/\/testwebsite.upevents.nl\/#website\"},\"primaryImageOfPage\":{\"@id\":\"https:\/\/testwebsite.citygame.com\/sk\/games\/linkoping\/secrets-of-linkoping\/#primaryimage\"},\"image\":{\"@id\":\"https:\/\/testwebsite.citygame.com\/sk\/games\/linkoping\/secrets-of-linkoping\/#primaryimage\"},\"thumbnailUrl\":\"https:\/\/testwebsite.citygame.com\/wp-content\/blogs.dir\/1\/files\/sites\/62\/2026\/01\/linkoping-sweden-player-smartphone-city-street.jpg\",\"datePublished\":\"2026-01-13T11:46:22+00:00\",\"dateModified\":\"2026-04-07T21:06:36+00:00\",\"description\":\"Secrets of Link\u00f6ping. Zahrajte si samoobslu\u017en\u00fa Mestsk\u00fa hru a objavte mesto prostredn\u00edctvom hlavolamov, h\u00e1daniek a v\u00fdziev. Hrajte vlastn\u00fdm tempom a objavujte ako miestny!\",\"breadcrumb\":{\"@id\":\"https:\/\/testwebsite.citygame.com\/sk\/games\/linkoping\/secrets-of-linkoping\/#breadcrumb\"},\"inLanguage\":\"sk-SK\",\"potentialAction\":[{\"@type\":\"ReadAction\",\"target\":[\"https:\/\/testwebsite.citygame.com\/sk\/games\/linkoping\/secrets-of-linkoping\/\"]}]},{\"@type\":\"ImageObject\",\"inLanguage\":\"sk-SK\",\"@id\":\"https:\/\/testwebsite.citygame.com\/sk\/games\/linkoping\/secrets-of-linkoping\/#primaryimage\",\"url\":\"https:\/\/testwebsite.citygame.com\/wp-content\/blogs.dir\/1\/files\/sites\/62\/2026\/01\/linkoping-sweden-player-smartphone-city-street.jpg\",\"contentUrl\":\"https:\/\/testwebsite.citygame.com\/wp-content\/blogs.dir\/1\/files\/sites\/62\/2026\/01\/linkoping-sweden-player-smartphone-city-street.jpg\",\"width\":704,\"height\":1472,\"caption\":\"A player uses their smartphone to explore a wide, tree-lined pedestrian street in downtown Link\u00f6ping.\"},{\"@type\":\"BreadcrumbList\",\"@id\":\"https:\/\/testwebsite.citygame.com\/sk\/games\/linkoping\/secrets-of-linkoping\/#breadcrumb\",\"itemListElement\":[{\"@type\":\"ListItem\",\"position\":1,\"name\":\"Home\",\"item\":\"https:\/\/testwebsite.citygame.com\/sk\/\"},{\"@type\":\"ListItem\",\"position\":2,\"name\":\"Shop\",\"item\":\"https:\/\/testwebsite.citygame.com\/shop\/\"},{\"@type\":\"ListItem\",\"position\":3,\"name\":\"Secrets of Link\u00f6ping\"}]},{\"@type\":\"WebSite\",\"@id\":\"https:\/\/testwebsite.upevents.nl\/#website\",\"url\":\"https:\/\/testwebsite.upevents.nl\/\",\"name\":\"City Game\",\"description\":\"\",\"publisher\":{\"@id\":\"https:\/\/testwebsite.upevents.nl\/#organization\"},\"alternateName\":\"citygame.com\",\"potentialAction\":[{\"@type\":\"SearchAction\",\"target\":{\"@type\":\"EntryPoint\",\"urlTemplate\":\"https:\/\/testwebsite.upevents.nl\/?s={search_term_string}\"},\"query-input\":{\"@type\":\"PropertyValueSpecification\",\"valueRequired\":true,\"valueName\":\"search_term_string\"}}],\"inLanguage\":\"sk-SK\"},{\"@type\":[\"Organization\",\"Place\"],\"@id\":\"https:\/\/testwebsite.upevents.nl\/#organization\",\"name\":\"City Game\",\"alternateName\":\"citygame.com\",\"url\":\"https:\/\/testwebsite.upevents.nl\/\",\"logo\":{\"@id\":\"https:\/\/testwebsite.citygame.com\/sk\/games\/linkoping\/secrets-of-linkoping\/#local-main-organization-logo\"},\"image\":{\"@id\":\"https:\/\/testwebsite.citygame.com\/sk\/games\/linkoping\/secrets-of-linkoping\/#local-main-organization-logo\"},\"sameAs\":[\"https:\/\/www.facebook.com\/profile.php?id=100086426226253\",\"https:\/\/www.instagram.com\/citygame_com\",\"https:\/\/www.tiktok.com\/@citygamecom\/\",\"https:\/\/www.linkedin.com\/company\/citygame-com\"],\"description\":\"Turn any city into a playground with our interactive City Games and self-guided tours. Fun, flexible, and ideal for groups and team building.\",\"telephone\":[],\"openingHoursSpecification\":[{\"@type\":\"OpeningHoursSpecification\",\"dayOfWeek\":[\"Monday\",\"Tuesday\",\"Wednesday\",\"Thursday\",\"Friday\",\"Saturday\",\"Sunday\"],\"opens\":\"09:00\",\"closes\":\"17:00\"}]},{\"@type\":\"ImageObject\",\"inLanguage\":\"sk-SK\",\"@id\":\"https:\/\/testwebsite.citygame.com\/sk\/games\/linkoping\/secrets-of-linkoping\/#local-main-organization-logo\",\"url\":\"https:\/\/testwebsite.citygame.com\/wp-content\/blogs.dir\/1\/files\/sites\/62\/2025\/10\/CG_LOGO-City-Game.png\",\"contentUrl\":\"https:\/\/testwebsite.citygame.com\/wp-content\/blogs.dir\/1\/files\/sites\/62\/2025\/10\/CG_LOGO-City-Game.png\",\"width\":351,\"height\":377,\"caption\":\"City Game\"}]}<\/script>\n<!-- \/ Yoast SEO Premium plugin. -->","yoast_head_json":{"title":"Secrets of Link\u00f6ping - City Game","description":"Secrets of Link\u00f6ping. Zahrajte si samoobslu\u017en\u00fa Mestsk\u00fa hru a objavte mesto prostredn\u00edctvom hlavolamov, h\u00e1daniek a v\u00fdziev. Hrajte vlastn\u00fdm tempom a objavujte ako miestny!","robots":{"index":"noindex","follow":"follow","max-snippet":"max-snippet:-1","max-image-preview":"max-image-preview:large","max-video-preview":"max-video-preview:-1"},"og_locale":"sk_SK","og_type":"article","og_title":"Secrets of Link\u00f6ping","og_description":"Secrets of Link\u00f6ping. Zahrajte si samoobslu\u017en\u00fa Mestsk\u00fa hru a objavte mesto prostredn\u00edctvom hlavolamov, h\u00e1daniek a v\u00fdziev. Hrajte vlastn\u00fdm tempom a objavujte ako miestny!","og_url":"https:\/\/testwebsite.citygame.com\/sk\/games\/linkoping\/secrets-of-linkoping\/","og_site_name":"City Game","article_publisher":"https:\/\/www.facebook.com\/profile.php?id=100086426226253","article_modified_time":"2026-04-07T21:06:36+00:00","og_image":[{"width":704,"height":1472,"url":"https:\/\/testwebsite.citygame.com\/wp-content\/blogs.dir\/1\/files\/sites\/62\/2026\/01\/linkoping-sweden-player-smartphone-city-street.jpg","type":"image\/jpeg"}],"twitter_card":"summary_large_image","twitter_misc":{"Predpokladan\u00fd \u010das \u010d\u00edtania":"1 min\u00fata"},"schema":{"@context":"https:\/\/schema.org","@graph":[{"@type":"WebPage","@id":"https:\/\/testwebsite.citygame.com\/sk\/games\/linkoping\/secrets-of-linkoping\/","url":"https:\/\/testwebsite.citygame.com\/sk\/games\/linkoping\/secrets-of-linkoping\/","name":"Secrets of Link\u00f6ping - City Game","isPartOf":{"@id":"https:\/\/testwebsite.upevents.nl\/#website"},"primaryImageOfPage":{"@id":"https:\/\/testwebsite.citygame.com\/sk\/games\/linkoping\/secrets-of-linkoping\/#primaryimage"},"image":{"@id":"https:\/\/testwebsite.citygame.com\/sk\/games\/linkoping\/secrets-of-linkoping\/#primaryimage"},"thumbnailUrl":"https:\/\/testwebsite.citygame.com\/wp-content\/blogs.dir\/1\/files\/sites\/62\/2026\/01\/linkoping-sweden-player-smartphone-city-street.jpg","datePublished":"2026-01-13T11:46:22+00:00","dateModified":"2026-04-07T21:06:36+00:00","description":"Secrets of Link\u00f6ping. Zahrajte si samoobslu\u017en\u00fa Mestsk\u00fa hru a objavte mesto prostredn\u00edctvom hlavolamov, h\u00e1daniek a v\u00fdziev. Hrajte vlastn\u00fdm tempom a objavujte ako miestny!","breadcrumb":{"@id":"https:\/\/testwebsite.citygame.com\/sk\/games\/linkoping\/secrets-of-linkoping\/#breadcrumb"},"inLanguage":"sk-SK","potentialAction":[{"@type":"ReadAction","target":["https:\/\/testwebsite.citygame.com\/sk\/games\/linkoping\/secrets-of-linkoping\/"]}]},{"@type":"ImageObject","inLanguage":"sk-SK","@id":"https:\/\/testwebsite.citygame.com\/sk\/games\/linkoping\/secrets-of-linkoping\/#primaryimage","url":"https:\/\/testwebsite.citygame.com\/wp-content\/blogs.dir\/1\/files\/sites\/62\/2026\/01\/linkoping-sweden-player-smartphone-city-street.jpg","contentUrl":"https:\/\/testwebsite.citygame.com\/wp-content\/blogs.dir\/1\/files\/sites\/62\/2026\/01\/linkoping-sweden-player-smartphone-city-street.jpg","width":704,"height":1472,"caption":"A player uses their smartphone to explore a wide, tree-lined pedestrian street in downtown Link\u00f6ping."},{"@type":"BreadcrumbList","@id":"https:\/\/testwebsite.citygame.com\/sk\/games\/linkoping\/secrets-of-linkoping\/#breadcrumb","itemListElement":[{"@type":"ListItem","position":1,"name":"Home","item":"https:\/\/testwebsite.citygame.com\/sk\/"},{"@type":"ListItem","position":2,"name":"Shop","item":"https:\/\/testwebsite.citygame.com\/shop\/"},{"@type":"ListItem","position":3,"name":"Secrets of Link\u00f6ping"}]},{"@type":"WebSite","@id":"https:\/\/testwebsite.upevents.nl\/#website","url":"https:\/\/testwebsite.upevents.nl\/","name":"City Game","description":"","publisher":{"@id":"https:\/\/testwebsite.upevents.nl\/#organization"},"alternateName":"citygame.com","potentialAction":[{"@type":"SearchAction","target":{"@type":"EntryPoint","urlTemplate":"https:\/\/testwebsite.upevents.nl\/?s={search_term_string}"},"query-input":{"@type":"PropertyValueSpecification","valueRequired":true,"valueName":"search_term_string"}}],"inLanguage":"sk-SK"},{"@type":["Organization","Place"],"@id":"https:\/\/testwebsite.upevents.nl\/#organization","name":"City Game","alternateName":"citygame.com","url":"https:\/\/testwebsite.upevents.nl\/","logo":{"@id":"https:\/\/testwebsite.citygame.com\/sk\/games\/linkoping\/secrets-of-linkoping\/#local-main-organization-logo"},"image":{"@id":"https:\/\/testwebsite.citygame.com\/sk\/games\/linkoping\/secrets-of-linkoping\/#local-main-organization-logo"},"sameAs":["https:\/\/www.facebook.com\/profile.php?id=100086426226253","https:\/\/www.instagram.com\/citygame_com","https:\/\/www.tiktok.com\/@citygamecom\/","https:\/\/www.linkedin.com\/company\/citygame-com"],"description":"Turn any city into a playground with our interactive City Games and self-guided tours. Fun, flexible, and ideal for groups and team building.","telephone":[],"openingHoursSpecification":[{"@type":"OpeningHoursSpecification","dayOfWeek":["Monday","Tuesday","Wednesday","Thursday","Friday","Saturday","Sunday"],"opens":"09:00","closes":"17:00"}]},{"@type":"ImageObject","inLanguage":"sk-SK","@id":"https:\/\/testwebsite.citygame.com\/sk\/games\/linkoping\/secrets-of-linkoping\/#local-main-organization-logo","url":"https:\/\/testwebsite.citygame.com\/wp-content\/blogs.dir\/1\/files\/sites\/62\/2025\/10\/CG_LOGO-City-Game.png","contentUrl":"https:\/\/testwebsite.citygame.com\/wp-content\/blogs.dir\/1\/files\/sites\/62\/2025\/10\/CG_LOGO-City-Game.png","width":351,"height":377,"caption":"City Game"}]}},"taxonomy_info":{"game-concept":[{"value":727,"label":"Secrets"}],"location":[{"value":244,"label":"Link\u00f6ping"}],"product_cat":[{"value":27,"label":"Geen categorie"}]},"featured_image_src_large":["https:\/\/testwebsite.citygame.com\/wp-content\/blogs.dir\/1\/files\/sites\/62\/2026\/01\/linkoping-sweden-player-smartphone-city-street-490x1024.jpg",490,1024,true],"author_info":[],"comment_info":"","_links":{"self":[{"href":"https:\/\/testwebsite.citygame.com\/sk\/wp-json\/wp\/v2\/product\/55559","targetHints":{"allow":["GET"]}}],"collection":[{"href":"https:\/\/testwebsite.citygame.com\/sk\/wp-json\/wp\/v2\/product"}],"about":[{"href":"https:\/\/testwebsite.citygame.com\/sk\/wp-json\/wp\/v2\/types\/product"}],"acf:post":[{"embeddable":true,"href":"https:\/\/testwebsite.citygame.com\/sk\/wp-json\/wp\/v2\/pages\/7575"}],"wp:featuredmedia":[{"embeddable":true,"href":"https:\/\/testwebsite.citygame.com\/sk\/wp-json\/wp\/v2\/media\/3658"}],"wp:attachment":[{"href":"https:\/\/testwebsite.citygame.com\/sk\/wp-json\/wp\/v2\/media?parent=55559"}],"wp:term":[{"taxonomy":"game-concept","embeddable":true,"href":"https:\/\/testwebsite.citygame.com\/sk\/wp-json\/wp\/v2\/game-concept?post=55559"},{"taxonomy":"location","embeddable":true,"href":"https:\/\/testwebsite.citygame.com\/sk\/wp-json\/wp\/v2\/location?post=55559"},{"taxonomy":"product_brand","embeddable":true,"href":"https:\/\/testwebsite.citygame.com\/sk\/wp-json\/wp\/v2\/product_brand?post=55559"},{"taxonomy":"product_cat","embeddable":true,"href":"https:\/\/testwebsite.citygame.com\/sk\/wp-json\/wp\/v2\/product_cat?post=55559"},{"taxonomy":"product_tag","embeddable":true,"href":"https:\/\/testwebsite.citygame.com\/sk\/wp-json\/wp\/v2\/product_tag?post=55559"}],"curies":[{"name":"wp","href":"https:\/\/api.w.org\/{rel}","templated":true}]}}