{"id":55117,"date":"2026-02-19T11:09:14","date_gmt":"2026-02-19T11:09:14","guid":{"rendered":"https:\/\/testwebsite.citygame.com\/games\/unknown-location\/sherlock-holmes-paphos\/"},"modified":"2026-04-07T20:12:25","modified_gmt":"2026-04-07T20:12:25","slug":"sherlock-holmes-paphos","status":"publish","type":"product","link":"https:\/\/testwebsite.citygame.com\/sk\/games\/paphos\/sherlock-holmes-paphos\/","title":{"rendered":"Sherlock Holmes Paphos"},"content":{"rendered":"<p>Ponorte sa do intr\u00edg hry Sherlock Holmes City Game, ktor\u00e1 sa nach\u00e1dza v historickom centre Paphosu, samoriadenej, pr\u00edbehom riadenej z\u00e1hadnej vra\u017edy, ktor\u00e1 premie\u0148a toto p\u00f4vabn\u00e9 mestsk\u00e9 prostredie na pohlcuj\u00face pozadie pre va\u0161e detekt\u00edvne vy\u0161etrovanie. Ako sa pr\u00edbeh rozv\u00edja, vst\u00fapite do sveta Sherlocka Holmesa, prech\u00e1dzate mestom, aby ste zbierali k\u013e\u00fa\u010dov\u00e9 stopy, rie\u0161ili z\u00e1hadn\u00e9 h\u00e1danky a vypo\u010d\u00favali digit\u00e1lnych podozriv\u00fdch spojen\u00fdch s mrazivou vra\u017edou po\u010das festivalu slobody. Za\u017eite slobodu vy\u0161etrovania vlastn\u00fdm tempom, zdokona\u013eujte svoje detekt\u00edvne schopnosti a u\u017e\u00edvajte si p\u00fatav\u00fd z\u00e1\u017eitok pln\u00fd tajomstiev v srdci Paphosu.<\/p>\n","protected":false},"excerpt":{"rendered":"<p>Vst\u00fapte do mysle Sherlocka Holmesa v tejto samoriadenej z\u00e1hadnej vra\u017ede, ktor\u00e1 sa odohr\u00e1va v Paphose. Sledujte zauj\u00edmav\u00e9 stopy, rie\u0161te zlo\u017eit\u00e9 h\u00e1danky a pracujte ako t\u00edm, aby ste odhalili z\u00e1hadn\u00fa pravdu \u2013 \u010das je rozhoduj\u00faci!<\/p>\n","protected":false},"featured_media":14817,"template":"","meta":{"_acf_changed":false,"_yoast_wpseo_focuskw":"Sherlock Holmes Paphos","_yoast_wpseo_metadesc":"Sherlock Holmes Paphos. Zahrajte si samoriaden\u00fa mestsk\u00fa hru pln\u00fa z\u00e1hadnej vra\u017edy, rie\u0161te h\u00e1danky, sledujte stopy a odha\u013ete vraha vlastn\u00fdm tempom!","_kad_blocks_custom_css":"","_kad_blocks_head_custom_js":"","_kad_blocks_body_custom_js":"","_kad_blocks_footer_custom_js":"","ghostkit_customizer_options":"","ghostkit_custom_css":"","ghostkit_custom_js_head":"","ghostkit_custom_js_foot":"","ghostkit_typography":"","_kad_post_transparent":"","_kad_post_title":"","_kad_post_layout":"","_kad_post_sidebar_id":"","_kad_post_content_style":"","_kad_post_vertical_padding":"","_kad_post_feature":"","_kad_post_feature_position":"","_kad_post_header":false,"_kad_post_footer":false,"_kad_post_classname":"","_links_to":"","_links_to_target":""},"game-concept":[788],"location":[316],"product_brand":[],"product_cat":[27],"product_tag":[],"class_list":{"0":"post-55117","1":"product","2":"type-product","3":"status-publish","4":"has-post-thumbnail","6":"game-concept-sherlock","7":"location-paphos","8":"product_cat-geen-categorie","10":"first","11":"instock","12":"shipping-taxable","13":"purchasable","14":"product-type-simple","15":"entry","16":"content-bg","17":"loop-entry"},"acf":{"full_bokun_product_name":"Paphos Self-Guided Sherlock Holmes Murder Mystery Game","location_name":"Paphos","bokun_calendar_widget_code":"<script type=\"text\/javascript\" src=\"https:\/\/widgets.bokun.io\/assets\/javascripts\/apps\/build\/BokunWidgetsLoader.js?bookingChannelUUID=a1e93e96-5232-4734-a595-28405f4b5a31\" async><\/script>\n     \n    <div class=\"bokunWidget\" data-src=\"https:\/\/widgets.bokun.io\/online-sales\/a1e93e96-5232-4734-a595-28405f4b5a31\/experience-calendar\/771452\"><\/div>\n    <noscript>Please enable javascript in your browser to book<\/noscript>","bokun_button_widget_code":"<script type=\"text\/javascript\" src=\"https:\/\/widgets.bokun.io\/assets\/javascripts\/apps\/build\/BokunWidgetsLoader.js?bookingChannelUUID=a1e93e96-5232-4734-a595-28405f4b5a31\" async><\/script>\n      <style> #bokun_ed001e45_5927_4f62_b470_ca766338d083 { display: inline-block; padding: .4em 1em; background: #47b82e; border-radius: 999999px; box-shadow: none; font-weight: 600; font-size: 24px; text-decoration: none; text-align: center; color: #FFFFFF; border:none; cursor: pointer; transition: background .2s ease; } #bokun_ed001e45_5927_4f62_b470_ca766338d083:hover{ background: #2f7b1f; } #bokun_ed001e45_5927_4f62_b470_ca766338d083:active{ background: #378f24; } <\/style> <button class=\"bokunButton\" disabled id=bokun_ed001e45_5927_4f62_b470_ca766338d083 data-src=\"https:\/\/widgets.bokun.io\/online-sales\/a1e93e96-5232-4734-a595-28405f4b5a31\/experience-calendar\/771452?partialView=1\" data-testid=\"widget-book-button\" > Book now <\/button> ","what_you\u2019ll_experience_during_the_game":"Uprostred ru\u0161n\u00e9ho mesta Paphos vst\u00fapite do nap\u00ednav\u00e9ho detekt\u00edvneho pr\u00edbehu a plne sa ponor\u00edte do bohat\u00e9ho rozpr\u00e1vania, zatia\u013e \u010do budete hra\u0165 \u00falohu vy\u0161etrovate\u013ea. Pri prech\u00e1dzan\u00ed mestom sa rozv\u00edja zlo\u017eit\u00fd pr\u00edbeh, ktor\u00fd vyz\u00fdva va\u0161e schopnosti kritick\u00e9ho myslenia, pozorovania a dedukcie. Ka\u017ed\u00e9 miesto, ktor\u00e9 nav\u0161t\u00edvite, v\u00e1s poz\u00fdva na zvraty, objavovanie k\u013e\u00fa\u010dov\u00fdch st\u00f4p a rie\u0161enie chytro navrhnut\u00fdch h\u00e1daniek, \u010d\u00edm pos\u00favate svoje vy\u0161etrovanie z\u00e1hadnej vra\u017edy, ktor\u00e1 sa stala po\u010das festivalu slobody.\n\nKe\u010f sa objavia d\u00f4kazy, zapoj\u00edte sa do virtu\u00e1lnych v\u00fdsluchov, d\u00f4kladne preverujete digit\u00e1lnych podozriv\u00fdch, analyzujete alibi a odha\u013eujete rozpory. Napriek vrstve radosti, ktor\u00fa festival slobody pridal mestu Paphos, mus\u00edte odhali\u0165 temnej\u0161iu pravdu, ktor\u00e1 sa skr\u00fdva pod oslavami. Je pochopite\u013en\u00e9, \u017ee t\u00e1to \u00faloha nie je \u013eahk\u00e1, no hra v\u00e1m umo\u017e\u0148uje postupova\u0165 vlastn\u00fdm tempom, \u010do v\u00e1m umo\u017e\u0148uje pozastavi\u0165 a obnovi\u0165 ju kedyko\u013evek si \u017eel\u00e1te. Ak sa rozhodnete hra\u0165 v t\u00edmoch, priate\u013esk\u00e1 s\u00fa\u0165a\u017e m\u00f4\u017ee prida\u0165 extra d\u00e1vku vzru\u0161enia, ke\u010f sa budete preteka\u0165, kto odhal\u00ed pravdu ako prv\u00fd. V tejto hre nejde len o koniec, ale aj o vzru\u0161enie z nah\u00e1\u0148a\u010dky.","how_to_play":"Hrajte sami alebo s priate\u013emi, rodinou \u010di kolegami v t\u00edmoch do \u0161tyroch os\u00f4b na jedno zariadenie. Po rezerv\u00e1cii dostanete e-mail s pokynmi so v\u0161etk\u00fdm, \u010do potrebujete.","start_location":"Paphos, Markideio Theatre","available_languages":["en","es","fr","de","it","nl"],"players_per_group":"1-4","duration":"1.5-2 hours","image_overlay_color_image":"https:\/\/testwebsite.citygame.com\/wp-content\/blogs.dir\/1\/files\/sites\/62\/2026\/01\/SherlockColor.svg","image_overlay_game_logo":"https:\/\/testwebsite.citygame.com\/wp-content\/blogs.dir\/1\/files\/sites\/62\/2026\/01\/SherlockLogo.png","city_page":8620,"woocommerce_general_content":null},"yoast_head":"<!-- This site is optimized with the Yoast SEO Premium plugin v26.2 (Yoast SEO v26.3) - https:\/\/yoast.com\/wordpress\/plugins\/seo\/ -->\n<title>Sherlock Holmes Paphos - City Game<\/title>\n<meta name=\"description\" content=\"Sherlock Holmes Paphos. Zahrajte si samoriaden\u00fa mestsk\u00fa hru pln\u00fa z\u00e1hadnej vra\u017edy, rie\u0161te h\u00e1danky, sledujte stopy a odha\u013ete vraha vlastn\u00fdm tempom!\" \/>\n<meta name=\"robots\" content=\"noindex, follow, max-snippet:-1, max-image-preview:large, max-video-preview:-1\" \/>\n<meta property=\"og:locale\" content=\"sk_SK\" \/>\n<meta property=\"og:type\" content=\"article\" \/>\n<meta property=\"og:title\" content=\"Sherlock Holmes Paphos\" \/>\n<meta property=\"og:description\" content=\"Sherlock Holmes Paphos. Zahrajte si samoriaden\u00fa mestsk\u00fa hru pln\u00fa z\u00e1hadnej vra\u017edy, rie\u0161te h\u00e1danky, sledujte stopy a odha\u013ete vraha vlastn\u00fdm tempom!\" \/>\n<meta property=\"og:url\" content=\"https:\/\/testwebsite.citygame.com\/sk\/games\/paphos\/sherlock-holmes-paphos\/\" \/>\n<meta property=\"og:site_name\" content=\"City Game\" \/>\n<meta property=\"article:publisher\" content=\"https:\/\/www.facebook.com\/profile.php?id=100086426226253\" \/>\n<meta property=\"article:modified_time\" content=\"2026-04-07T20:12:25+00:00\" \/>\n<meta property=\"og:image\" content=\"https:\/\/testwebsite.citygame.com\/wp-content\/blogs.dir\/1\/files\/sites\/62\/2026\/02\/paphos-archaeological-site-sherlock-game.jpg\" \/>\n\t<meta property=\"og:image:width\" content=\"1024\" \/>\n\t<meta property=\"og:image:height\" content=\"1024\" \/>\n\t<meta property=\"og:image:type\" content=\"image\/jpeg\" \/>\n<meta name=\"twitter:card\" content=\"summary_large_image\" \/>\n<meta name=\"twitter:label1\" content=\"Predpokladan\u00fd \u010das \u010d\u00edtania\" \/>\n\t<meta name=\"twitter:data1\" content=\"1 min\u00fata\" \/>\n<script type=\"application\/ld+json\" class=\"yoast-schema-graph\">{\"@context\":\"https:\/\/schema.org\",\"@graph\":[{\"@type\":\"WebPage\",\"@id\":\"https:\/\/testwebsite.citygame.com\/sk\/games\/paphos\/sherlock-holmes-paphos\/\",\"url\":\"https:\/\/testwebsite.citygame.com\/sk\/games\/paphos\/sherlock-holmes-paphos\/\",\"name\":\"Sherlock Holmes Paphos - City Game\",\"isPartOf\":{\"@id\":\"https:\/\/testwebsite.upevents.nl\/#website\"},\"primaryImageOfPage\":{\"@id\":\"https:\/\/testwebsite.citygame.com\/sk\/games\/paphos\/sherlock-holmes-paphos\/#primaryimage\"},\"image\":{\"@id\":\"https:\/\/testwebsite.citygame.com\/sk\/games\/paphos\/sherlock-holmes-paphos\/#primaryimage\"},\"thumbnailUrl\":\"https:\/\/testwebsite.citygame.com\/wp-content\/blogs.dir\/1\/files\/sites\/62\/2026\/02\/paphos-archaeological-site-sherlock-game.jpg\",\"datePublished\":\"2026-02-19T11:09:14+00:00\",\"dateModified\":\"2026-04-07T20:12:25+00:00\",\"description\":\"Sherlock Holmes Paphos. Zahrajte si samoriaden\u00fa mestsk\u00fa hru pln\u00fa z\u00e1hadnej vra\u017edy, rie\u0161te h\u00e1danky, sledujte stopy a odha\u013ete vraha vlastn\u00fdm tempom!\",\"breadcrumb\":{\"@id\":\"https:\/\/testwebsite.citygame.com\/sk\/games\/paphos\/sherlock-holmes-paphos\/#breadcrumb\"},\"inLanguage\":\"sk-SK\",\"potentialAction\":[{\"@type\":\"ReadAction\",\"target\":[\"https:\/\/testwebsite.citygame.com\/sk\/games\/paphos\/sherlock-holmes-paphos\/\"]}]},{\"@type\":\"ImageObject\",\"inLanguage\":\"sk-SK\",\"@id\":\"https:\/\/testwebsite.citygame.com\/sk\/games\/paphos\/sherlock-holmes-paphos\/#primaryimage\",\"url\":\"https:\/\/testwebsite.citygame.com\/wp-content\/blogs.dir\/1\/files\/sites\/62\/2026\/02\/paphos-archaeological-site-sherlock-game.jpg\",\"contentUrl\":\"https:\/\/testwebsite.citygame.com\/wp-content\/blogs.dir\/1\/files\/sites\/62\/2026\/02\/paphos-archaeological-site-sherlock-game.jpg\",\"width\":1024,\"height\":1024,\"caption\":\"A visitor uses a mobile app to learn about the history of the ancient ruins in Paphos, Cyprus.\"},{\"@type\":\"BreadcrumbList\",\"@id\":\"https:\/\/testwebsite.citygame.com\/sk\/games\/paphos\/sherlock-holmes-paphos\/#breadcrumb\",\"itemListElement\":[{\"@type\":\"ListItem\",\"position\":1,\"name\":\"Home\",\"item\":\"https:\/\/testwebsite.citygame.com\/sk\/\"},{\"@type\":\"ListItem\",\"position\":2,\"name\":\"Shop\",\"item\":\"https:\/\/testwebsite.citygame.com\/shop\/\"},{\"@type\":\"ListItem\",\"position\":3,\"name\":\"Sherlock Holmes Paphos\"}]},{\"@type\":\"WebSite\",\"@id\":\"https:\/\/testwebsite.upevents.nl\/#website\",\"url\":\"https:\/\/testwebsite.upevents.nl\/\",\"name\":\"City Game\",\"description\":\"\",\"publisher\":{\"@id\":\"https:\/\/testwebsite.upevents.nl\/#organization\"},\"alternateName\":\"citygame.com\",\"potentialAction\":[{\"@type\":\"SearchAction\",\"target\":{\"@type\":\"EntryPoint\",\"urlTemplate\":\"https:\/\/testwebsite.upevents.nl\/?s={search_term_string}\"},\"query-input\":{\"@type\":\"PropertyValueSpecification\",\"valueRequired\":true,\"valueName\":\"search_term_string\"}}],\"inLanguage\":\"sk-SK\"},{\"@type\":[\"Organization\",\"Place\"],\"@id\":\"https:\/\/testwebsite.upevents.nl\/#organization\",\"name\":\"City Game\",\"alternateName\":\"citygame.com\",\"url\":\"https:\/\/testwebsite.upevents.nl\/\",\"logo\":{\"@id\":\"https:\/\/testwebsite.citygame.com\/sk\/games\/paphos\/sherlock-holmes-paphos\/#local-main-organization-logo\"},\"image\":{\"@id\":\"https:\/\/testwebsite.citygame.com\/sk\/games\/paphos\/sherlock-holmes-paphos\/#local-main-organization-logo\"},\"sameAs\":[\"https:\/\/www.facebook.com\/profile.php?id=100086426226253\",\"https:\/\/www.instagram.com\/citygame_com\",\"https:\/\/www.tiktok.com\/@citygamecom\/\",\"https:\/\/www.linkedin.com\/company\/citygame-com\"],\"description\":\"Turn any city into a playground with our interactive City Games and self-guided tours. Fun, flexible, and ideal for groups and team building.\",\"telephone\":[],\"openingHoursSpecification\":[{\"@type\":\"OpeningHoursSpecification\",\"dayOfWeek\":[\"Monday\",\"Tuesday\",\"Wednesday\",\"Thursday\",\"Friday\",\"Saturday\",\"Sunday\"],\"opens\":\"09:00\",\"closes\":\"17:00\"}]},{\"@type\":\"ImageObject\",\"inLanguage\":\"sk-SK\",\"@id\":\"https:\/\/testwebsite.citygame.com\/sk\/games\/paphos\/sherlock-holmes-paphos\/#local-main-organization-logo\",\"url\":\"https:\/\/testwebsite.citygame.com\/wp-content\/blogs.dir\/1\/files\/sites\/62\/2025\/10\/CG_LOGO-City-Game.png\",\"contentUrl\":\"https:\/\/testwebsite.citygame.com\/wp-content\/blogs.dir\/1\/files\/sites\/62\/2025\/10\/CG_LOGO-City-Game.png\",\"width\":351,\"height\":377,\"caption\":\"City Game\"}]}<\/script>\n<!-- \/ Yoast SEO Premium plugin. -->","yoast_head_json":{"title":"Sherlock Holmes Paphos - City Game","description":"Sherlock Holmes Paphos. Zahrajte si samoriaden\u00fa mestsk\u00fa hru pln\u00fa z\u00e1hadnej vra\u017edy, rie\u0161te h\u00e1danky, sledujte stopy a odha\u013ete vraha vlastn\u00fdm tempom!","robots":{"index":"noindex","follow":"follow","max-snippet":"max-snippet:-1","max-image-preview":"max-image-preview:large","max-video-preview":"max-video-preview:-1"},"og_locale":"sk_SK","og_type":"article","og_title":"Sherlock Holmes Paphos","og_description":"Sherlock Holmes Paphos. Zahrajte si samoriaden\u00fa mestsk\u00fa hru pln\u00fa z\u00e1hadnej vra\u017edy, rie\u0161te h\u00e1danky, sledujte stopy a odha\u013ete vraha vlastn\u00fdm tempom!","og_url":"https:\/\/testwebsite.citygame.com\/sk\/games\/paphos\/sherlock-holmes-paphos\/","og_site_name":"City Game","article_publisher":"https:\/\/www.facebook.com\/profile.php?id=100086426226253","article_modified_time":"2026-04-07T20:12:25+00:00","og_image":[{"width":1024,"height":1024,"url":"https:\/\/testwebsite.citygame.com\/wp-content\/blogs.dir\/1\/files\/sites\/62\/2026\/02\/paphos-archaeological-site-sherlock-game.jpg","type":"image\/jpeg"}],"twitter_card":"summary_large_image","twitter_misc":{"Predpokladan\u00fd \u010das \u010d\u00edtania":"1 min\u00fata"},"schema":{"@context":"https:\/\/schema.org","@graph":[{"@type":"WebPage","@id":"https:\/\/testwebsite.citygame.com\/sk\/games\/paphos\/sherlock-holmes-paphos\/","url":"https:\/\/testwebsite.citygame.com\/sk\/games\/paphos\/sherlock-holmes-paphos\/","name":"Sherlock Holmes Paphos - City Game","isPartOf":{"@id":"https:\/\/testwebsite.upevents.nl\/#website"},"primaryImageOfPage":{"@id":"https:\/\/testwebsite.citygame.com\/sk\/games\/paphos\/sherlock-holmes-paphos\/#primaryimage"},"image":{"@id":"https:\/\/testwebsite.citygame.com\/sk\/games\/paphos\/sherlock-holmes-paphos\/#primaryimage"},"thumbnailUrl":"https:\/\/testwebsite.citygame.com\/wp-content\/blogs.dir\/1\/files\/sites\/62\/2026\/02\/paphos-archaeological-site-sherlock-game.jpg","datePublished":"2026-02-19T11:09:14+00:00","dateModified":"2026-04-07T20:12:25+00:00","description":"Sherlock Holmes Paphos. Zahrajte si samoriaden\u00fa mestsk\u00fa hru pln\u00fa z\u00e1hadnej vra\u017edy, rie\u0161te h\u00e1danky, sledujte stopy a odha\u013ete vraha vlastn\u00fdm tempom!","breadcrumb":{"@id":"https:\/\/testwebsite.citygame.com\/sk\/games\/paphos\/sherlock-holmes-paphos\/#breadcrumb"},"inLanguage":"sk-SK","potentialAction":[{"@type":"ReadAction","target":["https:\/\/testwebsite.citygame.com\/sk\/games\/paphos\/sherlock-holmes-paphos\/"]}]},{"@type":"ImageObject","inLanguage":"sk-SK","@id":"https:\/\/testwebsite.citygame.com\/sk\/games\/paphos\/sherlock-holmes-paphos\/#primaryimage","url":"https:\/\/testwebsite.citygame.com\/wp-content\/blogs.dir\/1\/files\/sites\/62\/2026\/02\/paphos-archaeological-site-sherlock-game.jpg","contentUrl":"https:\/\/testwebsite.citygame.com\/wp-content\/blogs.dir\/1\/files\/sites\/62\/2026\/02\/paphos-archaeological-site-sherlock-game.jpg","width":1024,"height":1024,"caption":"A visitor uses a mobile app to learn about the history of the ancient ruins in Paphos, Cyprus."},{"@type":"BreadcrumbList","@id":"https:\/\/testwebsite.citygame.com\/sk\/games\/paphos\/sherlock-holmes-paphos\/#breadcrumb","itemListElement":[{"@type":"ListItem","position":1,"name":"Home","item":"https:\/\/testwebsite.citygame.com\/sk\/"},{"@type":"ListItem","position":2,"name":"Shop","item":"https:\/\/testwebsite.citygame.com\/shop\/"},{"@type":"ListItem","position":3,"name":"Sherlock Holmes Paphos"}]},{"@type":"WebSite","@id":"https:\/\/testwebsite.upevents.nl\/#website","url":"https:\/\/testwebsite.upevents.nl\/","name":"City Game","description":"","publisher":{"@id":"https:\/\/testwebsite.upevents.nl\/#organization"},"alternateName":"citygame.com","potentialAction":[{"@type":"SearchAction","target":{"@type":"EntryPoint","urlTemplate":"https:\/\/testwebsite.upevents.nl\/?s={search_term_string}"},"query-input":{"@type":"PropertyValueSpecification","valueRequired":true,"valueName":"search_term_string"}}],"inLanguage":"sk-SK"},{"@type":["Organization","Place"],"@id":"https:\/\/testwebsite.upevents.nl\/#organization","name":"City Game","alternateName":"citygame.com","url":"https:\/\/testwebsite.upevents.nl\/","logo":{"@id":"https:\/\/testwebsite.citygame.com\/sk\/games\/paphos\/sherlock-holmes-paphos\/#local-main-organization-logo"},"image":{"@id":"https:\/\/testwebsite.citygame.com\/sk\/games\/paphos\/sherlock-holmes-paphos\/#local-main-organization-logo"},"sameAs":["https:\/\/www.facebook.com\/profile.php?id=100086426226253","https:\/\/www.instagram.com\/citygame_com","https:\/\/www.tiktok.com\/@citygamecom\/","https:\/\/www.linkedin.com\/company\/citygame-com"],"description":"Turn any city into a playground with our interactive City Games and self-guided tours. Fun, flexible, and ideal for groups and team building.","telephone":[],"openingHoursSpecification":[{"@type":"OpeningHoursSpecification","dayOfWeek":["Monday","Tuesday","Wednesday","Thursday","Friday","Saturday","Sunday"],"opens":"09:00","closes":"17:00"}]},{"@type":"ImageObject","inLanguage":"sk-SK","@id":"https:\/\/testwebsite.citygame.com\/sk\/games\/paphos\/sherlock-holmes-paphos\/#local-main-organization-logo","url":"https:\/\/testwebsite.citygame.com\/wp-content\/blogs.dir\/1\/files\/sites\/62\/2025\/10\/CG_LOGO-City-Game.png","contentUrl":"https:\/\/testwebsite.citygame.com\/wp-content\/blogs.dir\/1\/files\/sites\/62\/2025\/10\/CG_LOGO-City-Game.png","width":351,"height":377,"caption":"City Game"}]}},"taxonomy_info":{"game-concept":[{"value":788,"label":"Sherlock"}],"location":[{"value":316,"label":"Paphos"}],"product_cat":[{"value":27,"label":"Geen categorie"}]},"featured_image_src_large":["https:\/\/testwebsite.citygame.com\/wp-content\/blogs.dir\/1\/files\/sites\/62\/2026\/02\/paphos-archaeological-site-sherlock-game.jpg",1024,1024,false],"author_info":[],"comment_info":"","_links":{"self":[{"href":"https:\/\/testwebsite.citygame.com\/sk\/wp-json\/wp\/v2\/product\/55117","targetHints":{"allow":["GET"]}}],"collection":[{"href":"https:\/\/testwebsite.citygame.com\/sk\/wp-json\/wp\/v2\/product"}],"about":[{"href":"https:\/\/testwebsite.citygame.com\/sk\/wp-json\/wp\/v2\/types\/product"}],"acf:post":[{"embeddable":true,"href":"https:\/\/testwebsite.citygame.com\/sk\/wp-json\/wp\/v2\/pages\/8620"}],"wp:featuredmedia":[{"embeddable":true,"href":"https:\/\/testwebsite.citygame.com\/sk\/wp-json\/wp\/v2\/media\/14817"}],"wp:attachment":[{"href":"https:\/\/testwebsite.citygame.com\/sk\/wp-json\/wp\/v2\/media?parent=55117"}],"wp:term":[{"taxonomy":"game-concept","embeddable":true,"href":"https:\/\/testwebsite.citygame.com\/sk\/wp-json\/wp\/v2\/game-concept?post=55117"},{"taxonomy":"location","embeddable":true,"href":"https:\/\/testwebsite.citygame.com\/sk\/wp-json\/wp\/v2\/location?post=55117"},{"taxonomy":"product_brand","embeddable":true,"href":"https:\/\/testwebsite.citygame.com\/sk\/wp-json\/wp\/v2\/product_brand?post=55117"},{"taxonomy":"product_cat","embeddable":true,"href":"https:\/\/testwebsite.citygame.com\/sk\/wp-json\/wp\/v2\/product_cat?post=55117"},{"taxonomy":"product_tag","embeddable":true,"href":"https:\/\/testwebsite.citygame.com\/sk\/wp-json\/wp\/v2\/product_tag?post=55117"}],"curies":[{"name":"wp","href":"https:\/\/api.w.org\/{rel}","templated":true}]}}