{"id":54023,"date":"2026-02-04T08:29:33","date_gmt":"2026-02-04T08:29:33","guid":{"rendered":"https:\/\/testwebsite.citygame.com\/games\/unknown-location\/sherlock-holmes-dusseldorf\/"},"modified":"2026-04-07T18:07:21","modified_gmt":"2026-04-07T18:07:21","slug":"sherlock-holmes-dusseldorf","status":"publish","type":"product","link":"https:\/\/testwebsite.citygame.com\/sk\/games\/dusseldorf\/sherlock-holmes-dusseldorf\/","title":{"rendered":"Sherlock Holmes Dusseldorf"},"content":{"rendered":"<p>Vst\u00fapte do sveta Sherlocka Holmesa s touto samoobslu\u017enou, pr\u00edbehom riadenou detekt\u00edvnou mestskou hrou zasadenou do centra D\u00fcsseldorfu. Mesto sa stane kulisou pre pohlcuj\u00face detekt\u00edvne vy\u0161etrovanie, ke\u010f rozl\u00fa\u0161tite pr\u00edpad \u0161okuj\u00facej vra\u017edy po\u010das Liberty Festival. Sleduj\u00fac rozv\u00edjaj\u00faci sa pr\u00edbeh, presk\u00famate D\u00fcsseldorf vlastn\u00fdm tempom \u2013 zbierate stopy, rie\u0161ite h\u00e1danky a vypo\u010d\u00favate digit\u00e1lnych podozriv\u00fdch, aby ste odhalili pravdu.<\/p>\n","protected":false},"excerpt":{"rendered":"<p>Vst\u00fapte do ko\u017ee Sherlocka Holmesa v srdci D\u00fcsseldorfu a vydajte sa na samoobslu\u017en\u00fa detekt\u00edvnu z\u00e1hadu, ktor\u00e1 sa odohr\u00e1va priamo pred va\u0161imi o\u010dami. Ke\u010f budete sledova\u0165 z\u00e1hadn\u00e9 stopy, bojova\u0165 s p\u00fatav\u00fdmi h\u00e1dankami a pon\u00e1ra\u0165 sa hlb\u0161ie so svoj\u00edm t\u00edmom, pam\u00e4tajte &#8211; pravda sa neodhal\u00ed sama, \u010das je v\u00e1\u0161 protivn\u00edk!<\/p>\n","protected":false},"featured_media":9992,"template":"","meta":{"_acf_changed":false,"_yoast_wpseo_focuskw":"Sherlock Holmes Dusseldorf","_yoast_wpseo_metadesc":"Sherlock Holmes Dusseldorf. Zahrajte si samoobslu\u017en\u00fa detekt\u00edvnu mestsk\u00fa hru, rie\u0161te h\u00e1danky, sledujte stopy a odha\u013ete vraha vlastn\u00fdm tempom!","_kad_blocks_custom_css":"","_kad_blocks_head_custom_js":"","_kad_blocks_body_custom_js":"","_kad_blocks_footer_custom_js":"","ghostkit_customizer_options":"","ghostkit_custom_css":"","ghostkit_custom_js_head":"","ghostkit_custom_js_foot":"","ghostkit_typography":"","_kad_post_transparent":"","_kad_post_title":"","_kad_post_layout":"","_kad_post_sidebar_id":"","_kad_post_content_style":"","_kad_post_vertical_padding":"","_kad_post_feature":"","_kad_post_feature_position":"","_kad_post_header":false,"_kad_post_footer":false,"_kad_post_classname":"","_links_to":"","_links_to_target":""},"game-concept":[788],"location":[150],"product_brand":[],"product_cat":[27],"product_tag":[],"class_list":{"0":"post-54023","1":"product","2":"type-product","3":"status-publish","4":"has-post-thumbnail","6":"game-concept-sherlock","7":"location-dusseldorf","8":"product_cat-geen-categorie","10":"first","11":"instock","12":"shipping-taxable","13":"purchasable","14":"product-type-simple","15":"entry","16":"content-bg","17":"loop-entry"},"acf":{"full_bokun_product_name":"Dusseldorf Self-Guided Sherlock Holmes Murder Mystery Game","location_name":"Dusseldorf","bokun_calendar_widget_code":"<script type=\"text\/javascript\" src=\"https:\/\/widgets.bokun.io\/assets\/javascripts\/apps\/build\/BokunWidgetsLoader.js?bookingChannelUUID=a1e93e96-5232-4734-a595-28405f4b5a31\" async><\/script>\n     \n    <div class=\"bokunWidget\" data-src=\"https:\/\/widgets.bokun.io\/online-sales\/a1e93e96-5232-4734-a595-28405f4b5a31\/experience-calendar\/726325\"><\/div>\n    <noscript>Please enable javascript in your browser to book<\/noscript>","bokun_button_widget_code":"<script type=\"text\/javascript\" src=\"https:\/\/widgets.bokun.io\/assets\/javascripts\/apps\/build\/BokunWidgetsLoader.js?bookingChannelUUID=a1e93e96-5232-4734-a595-28405f4b5a31\" async><\/script>\n      <style> #bokun_ed001e45_5927_4f62_b470_ca766338d083 { display: inline-block; padding: .4em 1em; background: #47b82e; border-radius: 999999px; box-shadow: none; font-weight: 600; font-size: 24px; text-decoration: none; text-align: center; color: #FFFFFF; border:none; cursor: pointer; transition: background .2s ease; } #bokun_ed001e45_5927_4f62_b470_ca766338d083:hover{ background: #2f7b1f; } #bokun_ed001e45_5927_4f62_b470_ca766338d083:active{ background: #378f24; } <\/style> <button class=\"bokunButton\" disabled id=bokun_ed001e45_5927_4f62_b470_ca766338d083 data-src=\"https:\/\/widgets.bokun.io\/online-sales\/a1e93e96-5232-4734-a595-28405f4b5a31\/experience-calendar\/726325?partialView=1\" data-testid=\"widget-book-button\" > Book now <\/button> ","what_you\u2019ll_experience_during_the_game":"Vst\u00fapite do p\u00fatav\u00e9ho detekt\u00edvneho pr\u00edbehu zasaden\u00e9ho do srdca D\u00fcsseldorfu, kde sa za\u010d\u00edna rozv\u00edja\u0165 pr\u00edpad z\u00e1hadnej vra\u017edy po\u010das Liberty Festival. Ako sa budete pohybova\u0165 mestom, ka\u017ed\u00e1 lokalita v\u00e1s vtiahne hlb\u0161ie do vy\u0161etrovania a odhal\u00ed vrstvy tajomstiev a podozren\u00ed. S ka\u017ed\u00fdm krokom objav\u00edte nov\u00e9 stopy, vyrie\u0161ite podnetn\u00e9 h\u00e1danky a \u010del\u00edte neo\u010dak\u00e1van\u00fdm zvratom, ktor\u00e9 spochybnia va\u0161e predpoklady.\n\nPo\u010das cesty vypo\u010d\u00favate digit\u00e1lnych podozriv\u00fdch, analyzujete alibi a odha\u013eujete rozpory, ktor\u00e9 zostruj\u00fa v\u00e1\u0161 zmysel pre dedukciu. Cel\u00fd z\u00e1\u017eitok je plne riaden\u00fd pr\u00edbehom, vy\u017eaduje va\u0161e najlep\u0161ie kritick\u00e9 myslenie a pozorovanie, aby ste sledovali stopu k pravde. Kedyko\u013evek m\u00f4\u017eete pozastavi\u0165 a pokra\u010dova\u0165 vo vy\u0161etrovan\u00ed vlastn\u00fdm tempom, \u010d\u00edm nech\u00e1te z\u00e1hadu rozvin\u00fa\u0165 sa pod\u013ea va\u0161ich predst\u00e1v. Ak hr\u00e1te v t\u00edme, je tu aj priestor pre s\u00fa\u0165a\u017eivos\u0165, ke\u010f sa ka\u017ed\u00fd z v\u00e1s pretek\u00e1, kto vyrie\u0161i pr\u00edpad ako prv\u00fd.","how_to_play":"Hrajte sami alebo s priate\u013emi, rodinou \u010di kolegami v t\u00edmoch a\u017e \u0161tyroch hr\u00e1\u010dov na jedno zariadenie. Po rezerv\u00e1cii dostanete e-mail s pokynmi so v\u0161etk\u00fdm, \u010do potrebujete.","start_location":"Dusseldorf, Grabbeplatz","available_languages":["en","es","fr","de","it","nl"],"players_per_group":"1-4","duration":"1.5-2 hours","image_overlay_color_image":"https:\/\/testwebsite.citygame.com\/wp-content\/blogs.dir\/1\/files\/sites\/62\/2026\/01\/SherlockColor.svg","image_overlay_game_logo":"https:\/\/testwebsite.citygame.com\/wp-content\/blogs.dir\/1\/files\/sites\/62\/2026\/01\/SherlockLogo.png","city_page":4905,"woocommerce_general_content":null},"yoast_head":"<!-- This site is optimized with the Yoast SEO Premium plugin v26.2 (Yoast SEO v26.3) - https:\/\/yoast.com\/wordpress\/plugins\/seo\/ -->\n<title>Sherlock Holmes Dusseldorf - City Game<\/title>\n<meta name=\"description\" content=\"Sherlock Holmes Dusseldorf. Zahrajte si samoobslu\u017en\u00fa detekt\u00edvnu mestsk\u00fa hru, rie\u0161te h\u00e1danky, sledujte stopy a odha\u013ete vraha vlastn\u00fdm tempom!\" \/>\n<meta name=\"robots\" content=\"noindex, follow, max-snippet:-1, max-image-preview:large, max-video-preview:-1\" \/>\n<meta property=\"og:locale\" content=\"sk_SK\" \/>\n<meta property=\"og:type\" content=\"article\" \/>\n<meta property=\"og:title\" content=\"Sherlock Holmes Dusseldorf\" \/>\n<meta property=\"og:description\" content=\"Sherlock Holmes Dusseldorf. Zahrajte si samoobslu\u017en\u00fa detekt\u00edvnu mestsk\u00fa hru, rie\u0161te h\u00e1danky, sledujte stopy a odha\u013ete vraha vlastn\u00fdm tempom!\" \/>\n<meta property=\"og:url\" content=\"https:\/\/testwebsite.citygame.com\/sk\/games\/dusseldorf\/sherlock-holmes-dusseldorf\/\" \/>\n<meta property=\"og:site_name\" content=\"City Game\" \/>\n<meta property=\"article:publisher\" content=\"https:\/\/www.facebook.com\/profile.php?id=100086426226253\" \/>\n<meta property=\"article:modified_time\" content=\"2026-04-07T18:07:21+00:00\" \/>\n<meta property=\"og:image\" content=\"https:\/\/testwebsite.citygame.com\/wp-content\/blogs.dir\/1\/files\/sites\/62\/2026\/02\/dusseldorf-syndicate-city-game-player-phone.jpg\" \/>\n\t<meta property=\"og:image:width\" content=\"1344\" \/>\n\t<meta property=\"og:image:height\" content=\"768\" \/>\n\t<meta property=\"og:image:type\" content=\"image\/jpeg\" \/>\n<meta name=\"twitter:card\" content=\"summary_large_image\" \/>\n<script type=\"application\/ld+json\" class=\"yoast-schema-graph\">{\"@context\":\"https:\/\/schema.org\",\"@graph\":[{\"@type\":\"WebPage\",\"@id\":\"https:\/\/testwebsite.citygame.com\/sk\/games\/dusseldorf\/sherlock-holmes-dusseldorf\/\",\"url\":\"https:\/\/testwebsite.citygame.com\/sk\/games\/dusseldorf\/sherlock-holmes-dusseldorf\/\",\"name\":\"Sherlock Holmes Dusseldorf - City Game\",\"isPartOf\":{\"@id\":\"https:\/\/testwebsite.upevents.nl\/#website\"},\"primaryImageOfPage\":{\"@id\":\"https:\/\/testwebsite.citygame.com\/sk\/games\/dusseldorf\/sherlock-holmes-dusseldorf\/#primaryimage\"},\"image\":{\"@id\":\"https:\/\/testwebsite.citygame.com\/sk\/games\/dusseldorf\/sherlock-holmes-dusseldorf\/#primaryimage\"},\"thumbnailUrl\":\"https:\/\/testwebsite.citygame.com\/wp-content\/blogs.dir\/1\/files\/sites\/62\/2026\/02\/dusseldorf-syndicate-city-game-player-phone.jpg\",\"datePublished\":\"2026-02-04T08:29:33+00:00\",\"dateModified\":\"2026-04-07T18:07:21+00:00\",\"description\":\"Sherlock Holmes Dusseldorf. Zahrajte si samoobslu\u017en\u00fa detekt\u00edvnu mestsk\u00fa hru, rie\u0161te h\u00e1danky, sledujte stopy a odha\u013ete vraha vlastn\u00fdm tempom!\",\"breadcrumb\":{\"@id\":\"https:\/\/testwebsite.citygame.com\/sk\/games\/dusseldorf\/sherlock-holmes-dusseldorf\/#breadcrumb\"},\"inLanguage\":\"sk-SK\",\"potentialAction\":[{\"@type\":\"ReadAction\",\"target\":[\"https:\/\/testwebsite.citygame.com\/sk\/games\/dusseldorf\/sherlock-holmes-dusseldorf\/\"]}]},{\"@type\":\"ImageObject\",\"inLanguage\":\"sk-SK\",\"@id\":\"https:\/\/testwebsite.citygame.com\/sk\/games\/dusseldorf\/sherlock-holmes-dusseldorf\/#primaryimage\",\"url\":\"https:\/\/testwebsite.citygame.com\/wp-content\/blogs.dir\/1\/files\/sites\/62\/2026\/02\/dusseldorf-syndicate-city-game-player-phone.jpg\",\"contentUrl\":\"https:\/\/testwebsite.citygame.com\/wp-content\/blogs.dir\/1\/files\/sites\/62\/2026\/02\/dusseldorf-syndicate-city-game-player-phone.jpg\",\"width\":1344,\"height\":768,\"caption\":\"A player explores a charming, narrow cobblestone street while playing a city game on her phone in Dusseldorf.\"},{\"@type\":\"BreadcrumbList\",\"@id\":\"https:\/\/testwebsite.citygame.com\/sk\/games\/dusseldorf\/sherlock-holmes-dusseldorf\/#breadcrumb\",\"itemListElement\":[{\"@type\":\"ListItem\",\"position\":1,\"name\":\"Home\",\"item\":\"https:\/\/testwebsite.citygame.com\/sk\/\"},{\"@type\":\"ListItem\",\"position\":2,\"name\":\"Shop\",\"item\":\"https:\/\/testwebsite.citygame.com\/shop\/\"},{\"@type\":\"ListItem\",\"position\":3,\"name\":\"Sherlock Holmes Dusseldorf\"}]},{\"@type\":\"WebSite\",\"@id\":\"https:\/\/testwebsite.upevents.nl\/#website\",\"url\":\"https:\/\/testwebsite.upevents.nl\/\",\"name\":\"City Game\",\"description\":\"\",\"publisher\":{\"@id\":\"https:\/\/testwebsite.upevents.nl\/#organization\"},\"alternateName\":\"citygame.com\",\"potentialAction\":[{\"@type\":\"SearchAction\",\"target\":{\"@type\":\"EntryPoint\",\"urlTemplate\":\"https:\/\/testwebsite.upevents.nl\/?s={search_term_string}\"},\"query-input\":{\"@type\":\"PropertyValueSpecification\",\"valueRequired\":true,\"valueName\":\"search_term_string\"}}],\"inLanguage\":\"sk-SK\"},{\"@type\":[\"Organization\",\"Place\"],\"@id\":\"https:\/\/testwebsite.upevents.nl\/#organization\",\"name\":\"City Game\",\"alternateName\":\"citygame.com\",\"url\":\"https:\/\/testwebsite.upevents.nl\/\",\"logo\":{\"@id\":\"https:\/\/testwebsite.citygame.com\/sk\/games\/dusseldorf\/sherlock-holmes-dusseldorf\/#local-main-organization-logo\"},\"image\":{\"@id\":\"https:\/\/testwebsite.citygame.com\/sk\/games\/dusseldorf\/sherlock-holmes-dusseldorf\/#local-main-organization-logo\"},\"sameAs\":[\"https:\/\/www.facebook.com\/profile.php?id=100086426226253\",\"https:\/\/www.instagram.com\/citygame_com\",\"https:\/\/www.tiktok.com\/@citygamecom\/\",\"https:\/\/www.linkedin.com\/company\/citygame-com\"],\"description\":\"Turn any city into a playground with our interactive City Games and self-guided tours. Fun, flexible, and ideal for groups and team building.\",\"telephone\":[],\"openingHoursSpecification\":[{\"@type\":\"OpeningHoursSpecification\",\"dayOfWeek\":[\"Monday\",\"Tuesday\",\"Wednesday\",\"Thursday\",\"Friday\",\"Saturday\",\"Sunday\"],\"opens\":\"09:00\",\"closes\":\"17:00\"}]},{\"@type\":\"ImageObject\",\"inLanguage\":\"sk-SK\",\"@id\":\"https:\/\/testwebsite.citygame.com\/sk\/games\/dusseldorf\/sherlock-holmes-dusseldorf\/#local-main-organization-logo\",\"url\":\"https:\/\/testwebsite.citygame.com\/wp-content\/blogs.dir\/1\/files\/sites\/62\/2025\/10\/CG_LOGO-City-Game.png\",\"contentUrl\":\"https:\/\/testwebsite.citygame.com\/wp-content\/blogs.dir\/1\/files\/sites\/62\/2025\/10\/CG_LOGO-City-Game.png\",\"width\":351,\"height\":377,\"caption\":\"City Game\"}]}<\/script>\n<!-- \/ Yoast SEO Premium plugin. -->","yoast_head_json":{"title":"Sherlock Holmes Dusseldorf - City Game","description":"Sherlock Holmes Dusseldorf. Zahrajte si samoobslu\u017en\u00fa detekt\u00edvnu mestsk\u00fa hru, rie\u0161te h\u00e1danky, sledujte stopy a odha\u013ete vraha vlastn\u00fdm tempom!","robots":{"index":"noindex","follow":"follow","max-snippet":"max-snippet:-1","max-image-preview":"max-image-preview:large","max-video-preview":"max-video-preview:-1"},"og_locale":"sk_SK","og_type":"article","og_title":"Sherlock Holmes Dusseldorf","og_description":"Sherlock Holmes Dusseldorf. Zahrajte si samoobslu\u017en\u00fa detekt\u00edvnu mestsk\u00fa hru, rie\u0161te h\u00e1danky, sledujte stopy a odha\u013ete vraha vlastn\u00fdm tempom!","og_url":"https:\/\/testwebsite.citygame.com\/sk\/games\/dusseldorf\/sherlock-holmes-dusseldorf\/","og_site_name":"City Game","article_publisher":"https:\/\/www.facebook.com\/profile.php?id=100086426226253","article_modified_time":"2026-04-07T18:07:21+00:00","og_image":[{"width":1344,"height":768,"url":"https:\/\/testwebsite.citygame.com\/wp-content\/blogs.dir\/1\/files\/sites\/62\/2026\/02\/dusseldorf-syndicate-city-game-player-phone.jpg","type":"image\/jpeg"}],"twitter_card":"summary_large_image","schema":{"@context":"https:\/\/schema.org","@graph":[{"@type":"WebPage","@id":"https:\/\/testwebsite.citygame.com\/sk\/games\/dusseldorf\/sherlock-holmes-dusseldorf\/","url":"https:\/\/testwebsite.citygame.com\/sk\/games\/dusseldorf\/sherlock-holmes-dusseldorf\/","name":"Sherlock Holmes Dusseldorf - City Game","isPartOf":{"@id":"https:\/\/testwebsite.upevents.nl\/#website"},"primaryImageOfPage":{"@id":"https:\/\/testwebsite.citygame.com\/sk\/games\/dusseldorf\/sherlock-holmes-dusseldorf\/#primaryimage"},"image":{"@id":"https:\/\/testwebsite.citygame.com\/sk\/games\/dusseldorf\/sherlock-holmes-dusseldorf\/#primaryimage"},"thumbnailUrl":"https:\/\/testwebsite.citygame.com\/wp-content\/blogs.dir\/1\/files\/sites\/62\/2026\/02\/dusseldorf-syndicate-city-game-player-phone.jpg","datePublished":"2026-02-04T08:29:33+00:00","dateModified":"2026-04-07T18:07:21+00:00","description":"Sherlock Holmes Dusseldorf. Zahrajte si samoobslu\u017en\u00fa detekt\u00edvnu mestsk\u00fa hru, rie\u0161te h\u00e1danky, sledujte stopy a odha\u013ete vraha vlastn\u00fdm tempom!","breadcrumb":{"@id":"https:\/\/testwebsite.citygame.com\/sk\/games\/dusseldorf\/sherlock-holmes-dusseldorf\/#breadcrumb"},"inLanguage":"sk-SK","potentialAction":[{"@type":"ReadAction","target":["https:\/\/testwebsite.citygame.com\/sk\/games\/dusseldorf\/sherlock-holmes-dusseldorf\/"]}]},{"@type":"ImageObject","inLanguage":"sk-SK","@id":"https:\/\/testwebsite.citygame.com\/sk\/games\/dusseldorf\/sherlock-holmes-dusseldorf\/#primaryimage","url":"https:\/\/testwebsite.citygame.com\/wp-content\/blogs.dir\/1\/files\/sites\/62\/2026\/02\/dusseldorf-syndicate-city-game-player-phone.jpg","contentUrl":"https:\/\/testwebsite.citygame.com\/wp-content\/blogs.dir\/1\/files\/sites\/62\/2026\/02\/dusseldorf-syndicate-city-game-player-phone.jpg","width":1344,"height":768,"caption":"A player explores a charming, narrow cobblestone street while playing a city game on her phone in Dusseldorf."},{"@type":"BreadcrumbList","@id":"https:\/\/testwebsite.citygame.com\/sk\/games\/dusseldorf\/sherlock-holmes-dusseldorf\/#breadcrumb","itemListElement":[{"@type":"ListItem","position":1,"name":"Home","item":"https:\/\/testwebsite.citygame.com\/sk\/"},{"@type":"ListItem","position":2,"name":"Shop","item":"https:\/\/testwebsite.citygame.com\/shop\/"},{"@type":"ListItem","position":3,"name":"Sherlock Holmes Dusseldorf"}]},{"@type":"WebSite","@id":"https:\/\/testwebsite.upevents.nl\/#website","url":"https:\/\/testwebsite.upevents.nl\/","name":"City Game","description":"","publisher":{"@id":"https:\/\/testwebsite.upevents.nl\/#organization"},"alternateName":"citygame.com","potentialAction":[{"@type":"SearchAction","target":{"@type":"EntryPoint","urlTemplate":"https:\/\/testwebsite.upevents.nl\/?s={search_term_string}"},"query-input":{"@type":"PropertyValueSpecification","valueRequired":true,"valueName":"search_term_string"}}],"inLanguage":"sk-SK"},{"@type":["Organization","Place"],"@id":"https:\/\/testwebsite.upevents.nl\/#organization","name":"City Game","alternateName":"citygame.com","url":"https:\/\/testwebsite.upevents.nl\/","logo":{"@id":"https:\/\/testwebsite.citygame.com\/sk\/games\/dusseldorf\/sherlock-holmes-dusseldorf\/#local-main-organization-logo"},"image":{"@id":"https:\/\/testwebsite.citygame.com\/sk\/games\/dusseldorf\/sherlock-holmes-dusseldorf\/#local-main-organization-logo"},"sameAs":["https:\/\/www.facebook.com\/profile.php?id=100086426226253","https:\/\/www.instagram.com\/citygame_com","https:\/\/www.tiktok.com\/@citygamecom\/","https:\/\/www.linkedin.com\/company\/citygame-com"],"description":"Turn any city into a playground with our interactive City Games and self-guided tours. Fun, flexible, and ideal for groups and team building.","telephone":[],"openingHoursSpecification":[{"@type":"OpeningHoursSpecification","dayOfWeek":["Monday","Tuesday","Wednesday","Thursday","Friday","Saturday","Sunday"],"opens":"09:00","closes":"17:00"}]},{"@type":"ImageObject","inLanguage":"sk-SK","@id":"https:\/\/testwebsite.citygame.com\/sk\/games\/dusseldorf\/sherlock-holmes-dusseldorf\/#local-main-organization-logo","url":"https:\/\/testwebsite.citygame.com\/wp-content\/blogs.dir\/1\/files\/sites\/62\/2025\/10\/CG_LOGO-City-Game.png","contentUrl":"https:\/\/testwebsite.citygame.com\/wp-content\/blogs.dir\/1\/files\/sites\/62\/2025\/10\/CG_LOGO-City-Game.png","width":351,"height":377,"caption":"City Game"}]}},"taxonomy_info":{"game-concept":[{"value":788,"label":"Sherlock"}],"location":[{"value":150,"label":"D\u00fcsseldorf"}],"product_cat":[{"value":27,"label":"Geen categorie"}]},"featured_image_src_large":["https:\/\/testwebsite.citygame.com\/wp-content\/blogs.dir\/1\/files\/sites\/62\/2026\/02\/dusseldorf-syndicate-city-game-player-phone-1024x585.jpg",1024,585,true],"author_info":[],"comment_info":"","_links":{"self":[{"href":"https:\/\/testwebsite.citygame.com\/sk\/wp-json\/wp\/v2\/product\/54023","targetHints":{"allow":["GET"]}}],"collection":[{"href":"https:\/\/testwebsite.citygame.com\/sk\/wp-json\/wp\/v2\/product"}],"about":[{"href":"https:\/\/testwebsite.citygame.com\/sk\/wp-json\/wp\/v2\/types\/product"}],"acf:post":[{"embeddable":true,"href":"https:\/\/testwebsite.citygame.com\/sk\/wp-json\/wp\/v2\/pages\/4905"}],"wp:featuredmedia":[{"embeddable":true,"href":"https:\/\/testwebsite.citygame.com\/sk\/wp-json\/wp\/v2\/media\/9992"}],"wp:attachment":[{"href":"https:\/\/testwebsite.citygame.com\/sk\/wp-json\/wp\/v2\/media?parent=54023"}],"wp:term":[{"taxonomy":"game-concept","embeddable":true,"href":"https:\/\/testwebsite.citygame.com\/sk\/wp-json\/wp\/v2\/game-concept?post=54023"},{"taxonomy":"location","embeddable":true,"href":"https:\/\/testwebsite.citygame.com\/sk\/wp-json\/wp\/v2\/location?post=54023"},{"taxonomy":"product_brand","embeddable":true,"href":"https:\/\/testwebsite.citygame.com\/sk\/wp-json\/wp\/v2\/product_brand?post=54023"},{"taxonomy":"product_cat","embeddable":true,"href":"https:\/\/testwebsite.citygame.com\/sk\/wp-json\/wp\/v2\/product_cat?post=54023"},{"taxonomy":"product_tag","embeddable":true,"href":"https:\/\/testwebsite.citygame.com\/sk\/wp-json\/wp\/v2\/product_tag?post=54023"}],"curies":[{"name":"wp","href":"https:\/\/api.w.org\/{rel}","templated":true}]}}