{"id":53243,"date":"2026-02-06T16:55:51","date_gmt":"2026-02-06T16:55:51","guid":{"rendered":"https:\/\/testwebsite.citygame.com\/games\/unknown-location\/sherlock-holmes-kuta\/"},"modified":"2026-04-07T16:28:48","modified_gmt":"2026-04-07T16:28:48","slug":"sherlock-holmes-kuta","status":"publish","type":"product","link":"https:\/\/testwebsite.citygame.com\/sk\/games\/kuta-bali\/sherlock-holmes-kuta\/","title":{"rendered":"Sherlock Holmes Kuta"},"content":{"rendered":"<p>Vst\u00fapte do sveta Sherlocka Holmesa v konkr\u00e9tnej oblasti Kuty, konkr\u00e9tne v Kute, kde samostatne veden\u00e1, pr\u00edbehom riaden\u00e1 z\u00e1hadn\u00e1 vra\u017eedn\u00e1 mestsk\u00e1 hra priprav\u00ed p\u00f4du pre va\u0161e vlastn\u00e9 detekt\u00edvne vy\u0161etrovanie. Ke\u010f pokojn\u00e9 oslavy Liberty Festivalu naru\u0161\u00ed \u0161okuj\u00faca vra\u017eda, budete sledova\u0165 rozv\u00edjaj\u00faci sa pr\u00edbeh navig\u00e1ciou po oblasti, zbieran\u00edm d\u00f4kazov, rie\u0161en\u00edm h\u00e1daniek a konfront\u00e1ciou virtu\u00e1lnych podozriv\u00fdch, v\u0161etko vo va\u0161om vlastnom tempe. S ka\u017edou objavenou stopou sa pohlcuj\u00faci z\u00e1\u017eitok prehlbuje \u2013 spochyb\u0148uje va\u0161u intu\u00edciu a logiku, ke\u010f pracujete na vyrie\u0161en\u00ed pr\u00edpadu presne tak, ako by to urobil Holmes.<\/p>\n","protected":false},"excerpt":{"rendered":"<p>Ponorte sa do sveta \u0161pi\u010dkovej detekt\u00edvnej pr\u00e1ce ako Sherlock Holmes v strhuj\u00facej, samostatne vedenej z\u00e1hadnej vra\u017ede odohr\u00e1vaj\u00facej sa v Kute. Ponorte sa do siete st\u00f4p, vyrie\u0161te zlo\u017eit\u00e9 h\u00e1danky a pracujte spolu so svoj\u00edm t\u00edmom, aby ste odhalili kone\u010dn\u00fa pravdu. Hodiny tikaj\u00fa, prijmite v\u00fdzvu!<\/p>\n","protected":false},"featured_media":11464,"template":"","meta":{"_acf_changed":false,"_yoast_wpseo_focuskw":"Sherlock Holmes Kuta","_yoast_wpseo_metadesc":"Sherlock Holmes Kuta. Hrajte samostatne veden\u00fa z\u00e1hadn\u00fa vra\u017eedn\u00fa mestsk\u00fa hru, rie\u0161te h\u00e1danky, sledujte stopy a odha\u013ete vraha vlastn\u00fdm tempom!","_kad_blocks_custom_css":"","_kad_blocks_head_custom_js":"","_kad_blocks_body_custom_js":"","_kad_blocks_footer_custom_js":"","ghostkit_customizer_options":"","ghostkit_custom_css":"","ghostkit_custom_js_head":"","ghostkit_custom_js_foot":"","ghostkit_typography":"","_kad_post_transparent":"","_kad_post_title":"","_kad_post_layout":"","_kad_post_sidebar_id":"","_kad_post_content_style":"","_kad_post_vertical_padding":"","_kad_post_feature":"","_kad_post_feature_position":"","_kad_post_header":false,"_kad_post_footer":false,"_kad_post_classname":"","_links_to":"","_links_to_target":""},"game-concept":[788],"location":[232],"product_brand":[],"product_cat":[27],"product_tag":[],"class_list":{"0":"post-53243","1":"product","2":"type-product","3":"status-publish","4":"has-post-thumbnail","6":"game-concept-sherlock","7":"location-kuta-bali","8":"product_cat-geen-categorie","10":"first","11":"instock","12":"shipping-taxable","13":"purchasable","14":"product-type-simple","15":"entry","16":"content-bg","17":"loop-entry"},"acf":{"full_bokun_product_name":"Kuta Self-Guided Sherlock Holmes Murder Mystery Game","location_name":"Kuta","bokun_calendar_widget_code":"<script type=\"text\/javascript\" src=\"https:\/\/widgets.bokun.io\/assets\/javascripts\/apps\/build\/BokunWidgetsLoader.js?bookingChannelUUID=a1e93e96-5232-4734-a595-28405f4b5a31\" async><\/script>\n     \n    <div class=\"bokunWidget\" data-src=\"https:\/\/widgets.bokun.io\/online-sales\/a1e93e96-5232-4734-a595-28405f4b5a31\/experience-calendar\/763546\"><\/div>\n    <noscript>Please enable javascript in your browser to book<\/noscript>","bokun_button_widget_code":"<script type=\"text\/javascript\" src=\"https:\/\/widgets.bokun.io\/assets\/javascripts\/apps\/build\/BokunWidgetsLoader.js?bookingChannelUUID=a1e93e96-5232-4734-a595-28405f4b5a31\" async><\/script>\n      <style> #bokun_ed001e45_5927_4f62_b470_ca766338d083 { display: inline-block; padding: .4em 1em; background: #47b82e; border-radius: 999999px; box-shadow: none; font-weight: 600; font-size: 24px; text-decoration: none; text-align: center; color: #FFFFFF; border:none; cursor: pointer; transition: background .2s ease; } #bokun_ed001e45_5927_4f62_b470_ca766338d083:hover{ background: #2f7b1f; } #bokun_ed001e45_5927_4f62_b470_ca766338d083:active{ background: #378f24; } <\/style> <button class=\"bokunButton\" disabled id=bokun_ed001e45_5927_4f62_b470_ca766338d083 data-src=\"https:\/\/widgets.bokun.io\/online-sales\/a1e93e96-5232-4734-a595-28405f4b5a31\/experience-calendar\/763546?partialView=1\" data-testid=\"widget-book-button\" > Book now <\/button> ","what_you\u2019ll_experience_during_the_game":"Vst\u00fapite do strhuj\u00faceho detekt\u00edvneho pr\u00edbehu odohr\u00e1vaj\u00faceho sa v srdci Kuty, kde z\u00e1hadn\u00e1 vra\u017eda po\u010das Liberty Festivalu otriasla mestom. Ako sa vy\u0161etrovanie rozv\u00edja, pohybujete sa pulzuj\u00facimi ulicami, zbierate stopy a rie\u0161ite zlo\u017eit\u00e9 h\u00e1danky, ktor\u00e9 v\u00e1s ved\u00fa hlb\u0161ie do tajomstiev \u010d\u00edhaj\u00facich pod povrchom. Ka\u017ed\u00e9 rozhodnutie je d\u00f4le\u017eit\u00e9, ke\u010f sledujete stopu, pri\u010dom ka\u017ed\u00e1 v\u00fdzva zostruje va\u0161e deduk\u010dn\u00e9 a pozorovacie schopnosti.\n\nBudete vypo\u010d\u00fava\u0165 digit\u00e1lnych podozriv\u00fdch, analyzova\u0165 nezrovnalosti v ich pr\u00edbehoch a sklada\u0165 alibi, ktor\u00e9 celkom nesedia. Pohlcuj\u00faci, plne pr\u00edbehom riaden\u00fd z\u00e1\u017eitok v\u00e1s n\u00fati myslie\u0165 ako skuto\u010dn\u00fd detekt\u00edv a tla\u010d\u00ed v\u00e1s k odhaleniu pravdy za zlo\u010dinom. M\u00f4\u017eete si zvoli\u0165 hra\u0165 vlastn\u00fdm tempom, kedyko\u013evek preru\u0161i\u0165 vy\u0161etrovanie a pokra\u010dova\u0165, ke\u010f budete pripraven\u00ed. Ak pracujete v t\u00edme, je tu aj jemn\u00e1 vrstva s\u00fa\u0165a\u017eivosti, ktor\u00e1 dod\u00e1va va\u0161ej misii nap\u00e4tie.","how_to_play":"Hrajte sami alebo s priate\u013emi, rodinou \u010di kolegami v t\u00edmoch a\u017e \u0161tyroch hr\u00e1\u010dov na jedno zariadenie. Po rezerv\u00e1cii dostanete e-mail s pokynmi, ktor\u00e9 obsahuj\u00fa v\u0161etko, \u010do potrebujete.","start_location":"Kuta, Bali Bomb Memorial","available_languages":["en","fr","de","es","nl","it"],"players_per_group":"1-4","duration":"1.5-2 hours","image_overlay_color_image":"https:\/\/testwebsite.citygame.com\/wp-content\/blogs.dir\/1\/files\/sites\/62\/2026\/01\/SherlockColor.svg","image_overlay_game_logo":"https:\/\/testwebsite.citygame.com\/wp-content\/blogs.dir\/1\/files\/sites\/62\/2026\/01\/SherlockLogo.png","city_page":8370,"woocommerce_general_content":null},"yoast_head":"<!-- This site is optimized with the Yoast SEO Premium plugin v26.2 (Yoast SEO v26.3) - https:\/\/yoast.com\/wordpress\/plugins\/seo\/ -->\n<title>Sherlock Holmes Kuta - City Game<\/title>\n<meta name=\"description\" content=\"Sherlock Holmes Kuta. Hrajte samostatne veden\u00fa z\u00e1hadn\u00fa vra\u017eedn\u00fa mestsk\u00fa hru, rie\u0161te h\u00e1danky, sledujte stopy a odha\u013ete vraha vlastn\u00fdm tempom!\" \/>\n<meta name=\"robots\" content=\"noindex, follow, max-snippet:-1, max-image-preview:large, max-video-preview:-1\" \/>\n<meta property=\"og:locale\" content=\"sk_SK\" \/>\n<meta property=\"og:type\" content=\"article\" \/>\n<meta property=\"og:title\" content=\"Sherlock Holmes Kuta\" \/>\n<meta property=\"og:description\" content=\"Sherlock Holmes Kuta. Hrajte samostatne veden\u00fa z\u00e1hadn\u00fa vra\u017eedn\u00fa mestsk\u00fa hru, rie\u0161te h\u00e1danky, sledujte stopy a odha\u013ete vraha vlastn\u00fdm tempom!\" \/>\n<meta property=\"og:url\" content=\"https:\/\/testwebsite.citygame.com\/sk\/games\/kuta-bali\/sherlock-holmes-kuta\/\" \/>\n<meta property=\"og:site_name\" content=\"City Game\" \/>\n<meta property=\"article:publisher\" content=\"https:\/\/www.facebook.com\/profile.php?id=100086426226253\" \/>\n<meta property=\"article:modified_time\" content=\"2026-04-07T16:28:48+00:00\" \/>\n<meta property=\"og:image\" content=\"https:\/\/testwebsite.citygame.com\/wp-content\/blogs.dir\/1\/files\/sites\/62\/2026\/02\/kuta-woman-playing-sherlock-city-game-on-phone-in-narrow-street.jpg\" \/>\n\t<meta property=\"og:image:width\" content=\"1344\" \/>\n\t<meta property=\"og:image:height\" content=\"768\" \/>\n\t<meta property=\"og:image:type\" content=\"image\/jpeg\" \/>\n<meta name=\"twitter:card\" content=\"summary_large_image\" \/>\n<meta name=\"twitter:label1\" content=\"Predpokladan\u00fd \u010das \u010d\u00edtania\" \/>\n\t<meta name=\"twitter:data1\" content=\"1 min\u00fata\" \/>\n<script type=\"application\/ld+json\" class=\"yoast-schema-graph\">{\"@context\":\"https:\/\/schema.org\",\"@graph\":[{\"@type\":\"WebPage\",\"@id\":\"https:\/\/testwebsite.citygame.com\/sk\/games\/kuta-bali\/sherlock-holmes-kuta\/\",\"url\":\"https:\/\/testwebsite.citygame.com\/sk\/games\/kuta-bali\/sherlock-holmes-kuta\/\",\"name\":\"Sherlock Holmes Kuta - City Game\",\"isPartOf\":{\"@id\":\"https:\/\/testwebsite.upevents.nl\/#website\"},\"primaryImageOfPage\":{\"@id\":\"https:\/\/testwebsite.citygame.com\/sk\/games\/kuta-bali\/sherlock-holmes-kuta\/#primaryimage\"},\"image\":{\"@id\":\"https:\/\/testwebsite.citygame.com\/sk\/games\/kuta-bali\/sherlock-holmes-kuta\/#primaryimage\"},\"thumbnailUrl\":\"https:\/\/testwebsite.citygame.com\/wp-content\/blogs.dir\/1\/files\/sites\/62\/2026\/02\/kuta-woman-playing-sherlock-city-game-on-phone-in-narrow-street.jpg\",\"datePublished\":\"2026-02-06T16:55:51+00:00\",\"dateModified\":\"2026-04-07T16:28:48+00:00\",\"description\":\"Sherlock Holmes Kuta. Hrajte samostatne veden\u00fa z\u00e1hadn\u00fa vra\u017eedn\u00fa mestsk\u00fa hru, rie\u0161te h\u00e1danky, sledujte stopy a odha\u013ete vraha vlastn\u00fdm tempom!\",\"breadcrumb\":{\"@id\":\"https:\/\/testwebsite.citygame.com\/sk\/games\/kuta-bali\/sherlock-holmes-kuta\/#breadcrumb\"},\"inLanguage\":\"sk-SK\",\"potentialAction\":[{\"@type\":\"ReadAction\",\"target\":[\"https:\/\/testwebsite.citygame.com\/sk\/games\/kuta-bali\/sherlock-holmes-kuta\/\"]}]},{\"@type\":\"ImageObject\",\"inLanguage\":\"sk-SK\",\"@id\":\"https:\/\/testwebsite.citygame.com\/sk\/games\/kuta-bali\/sherlock-holmes-kuta\/#primaryimage\",\"url\":\"https:\/\/testwebsite.citygame.com\/wp-content\/blogs.dir\/1\/files\/sites\/62\/2026\/02\/kuta-woman-playing-sherlock-city-game-on-phone-in-narrow-street.jpg\",\"contentUrl\":\"https:\/\/testwebsite.citygame.com\/wp-content\/blogs.dir\/1\/files\/sites\/62\/2026\/02\/kuta-woman-playing-sherlock-city-game-on-phone-in-narrow-street.jpg\",\"width\":1344,\"height\":768,\"caption\":\"A player uses her smartphone to navigate a narrow city street while playing a game.\"},{\"@type\":\"BreadcrumbList\",\"@id\":\"https:\/\/testwebsite.citygame.com\/sk\/games\/kuta-bali\/sherlock-holmes-kuta\/#breadcrumb\",\"itemListElement\":[{\"@type\":\"ListItem\",\"position\":1,\"name\":\"Home\",\"item\":\"https:\/\/testwebsite.citygame.com\/sk\/\"},{\"@type\":\"ListItem\",\"position\":2,\"name\":\"Shop\",\"item\":\"https:\/\/testwebsite.citygame.com\/shop\/\"},{\"@type\":\"ListItem\",\"position\":3,\"name\":\"Sherlock Holmes Kuta\"}]},{\"@type\":\"WebSite\",\"@id\":\"https:\/\/testwebsite.upevents.nl\/#website\",\"url\":\"https:\/\/testwebsite.upevents.nl\/\",\"name\":\"City Game\",\"description\":\"\",\"publisher\":{\"@id\":\"https:\/\/testwebsite.upevents.nl\/#organization\"},\"alternateName\":\"citygame.com\",\"potentialAction\":[{\"@type\":\"SearchAction\",\"target\":{\"@type\":\"EntryPoint\",\"urlTemplate\":\"https:\/\/testwebsite.upevents.nl\/?s={search_term_string}\"},\"query-input\":{\"@type\":\"PropertyValueSpecification\",\"valueRequired\":true,\"valueName\":\"search_term_string\"}}],\"inLanguage\":\"sk-SK\"},{\"@type\":[\"Organization\",\"Place\"],\"@id\":\"https:\/\/testwebsite.upevents.nl\/#organization\",\"name\":\"City Game\",\"alternateName\":\"citygame.com\",\"url\":\"https:\/\/testwebsite.upevents.nl\/\",\"logo\":{\"@id\":\"https:\/\/testwebsite.citygame.com\/sk\/games\/kuta-bali\/sherlock-holmes-kuta\/#local-main-organization-logo\"},\"image\":{\"@id\":\"https:\/\/testwebsite.citygame.com\/sk\/games\/kuta-bali\/sherlock-holmes-kuta\/#local-main-organization-logo\"},\"sameAs\":[\"https:\/\/www.facebook.com\/profile.php?id=100086426226253\",\"https:\/\/www.instagram.com\/citygame_com\",\"https:\/\/www.tiktok.com\/@citygamecom\/\",\"https:\/\/www.linkedin.com\/company\/citygame-com\"],\"description\":\"Turn any city into a playground with our interactive City Games and self-guided tours. Fun, flexible, and ideal for groups and team building.\",\"telephone\":[],\"openingHoursSpecification\":[{\"@type\":\"OpeningHoursSpecification\",\"dayOfWeek\":[\"Monday\",\"Tuesday\",\"Wednesday\",\"Thursday\",\"Friday\",\"Saturday\",\"Sunday\"],\"opens\":\"09:00\",\"closes\":\"17:00\"}]},{\"@type\":\"ImageObject\",\"inLanguage\":\"sk-SK\",\"@id\":\"https:\/\/testwebsite.citygame.com\/sk\/games\/kuta-bali\/sherlock-holmes-kuta\/#local-main-organization-logo\",\"url\":\"https:\/\/testwebsite.citygame.com\/wp-content\/blogs.dir\/1\/files\/sites\/62\/2025\/10\/CG_LOGO-City-Game.png\",\"contentUrl\":\"https:\/\/testwebsite.citygame.com\/wp-content\/blogs.dir\/1\/files\/sites\/62\/2025\/10\/CG_LOGO-City-Game.png\",\"width\":351,\"height\":377,\"caption\":\"City Game\"}]}<\/script>\n<!-- \/ Yoast SEO Premium plugin. -->","yoast_head_json":{"title":"Sherlock Holmes Kuta - City Game","description":"Sherlock Holmes Kuta. Hrajte samostatne veden\u00fa z\u00e1hadn\u00fa vra\u017eedn\u00fa mestsk\u00fa hru, rie\u0161te h\u00e1danky, sledujte stopy a odha\u013ete vraha vlastn\u00fdm tempom!","robots":{"index":"noindex","follow":"follow","max-snippet":"max-snippet:-1","max-image-preview":"max-image-preview:large","max-video-preview":"max-video-preview:-1"},"og_locale":"sk_SK","og_type":"article","og_title":"Sherlock Holmes Kuta","og_description":"Sherlock Holmes Kuta. Hrajte samostatne veden\u00fa z\u00e1hadn\u00fa vra\u017eedn\u00fa mestsk\u00fa hru, rie\u0161te h\u00e1danky, sledujte stopy a odha\u013ete vraha vlastn\u00fdm tempom!","og_url":"https:\/\/testwebsite.citygame.com\/sk\/games\/kuta-bali\/sherlock-holmes-kuta\/","og_site_name":"City Game","article_publisher":"https:\/\/www.facebook.com\/profile.php?id=100086426226253","article_modified_time":"2026-04-07T16:28:48+00:00","og_image":[{"width":1344,"height":768,"url":"https:\/\/testwebsite.citygame.com\/wp-content\/blogs.dir\/1\/files\/sites\/62\/2026\/02\/kuta-woman-playing-sherlock-city-game-on-phone-in-narrow-street.jpg","type":"image\/jpeg"}],"twitter_card":"summary_large_image","twitter_misc":{"Predpokladan\u00fd \u010das \u010d\u00edtania":"1 min\u00fata"},"schema":{"@context":"https:\/\/schema.org","@graph":[{"@type":"WebPage","@id":"https:\/\/testwebsite.citygame.com\/sk\/games\/kuta-bali\/sherlock-holmes-kuta\/","url":"https:\/\/testwebsite.citygame.com\/sk\/games\/kuta-bali\/sherlock-holmes-kuta\/","name":"Sherlock Holmes Kuta - City Game","isPartOf":{"@id":"https:\/\/testwebsite.upevents.nl\/#website"},"primaryImageOfPage":{"@id":"https:\/\/testwebsite.citygame.com\/sk\/games\/kuta-bali\/sherlock-holmes-kuta\/#primaryimage"},"image":{"@id":"https:\/\/testwebsite.citygame.com\/sk\/games\/kuta-bali\/sherlock-holmes-kuta\/#primaryimage"},"thumbnailUrl":"https:\/\/testwebsite.citygame.com\/wp-content\/blogs.dir\/1\/files\/sites\/62\/2026\/02\/kuta-woman-playing-sherlock-city-game-on-phone-in-narrow-street.jpg","datePublished":"2026-02-06T16:55:51+00:00","dateModified":"2026-04-07T16:28:48+00:00","description":"Sherlock Holmes Kuta. Hrajte samostatne veden\u00fa z\u00e1hadn\u00fa vra\u017eedn\u00fa mestsk\u00fa hru, rie\u0161te h\u00e1danky, sledujte stopy a odha\u013ete vraha vlastn\u00fdm tempom!","breadcrumb":{"@id":"https:\/\/testwebsite.citygame.com\/sk\/games\/kuta-bali\/sherlock-holmes-kuta\/#breadcrumb"},"inLanguage":"sk-SK","potentialAction":[{"@type":"ReadAction","target":["https:\/\/testwebsite.citygame.com\/sk\/games\/kuta-bali\/sherlock-holmes-kuta\/"]}]},{"@type":"ImageObject","inLanguage":"sk-SK","@id":"https:\/\/testwebsite.citygame.com\/sk\/games\/kuta-bali\/sherlock-holmes-kuta\/#primaryimage","url":"https:\/\/testwebsite.citygame.com\/wp-content\/blogs.dir\/1\/files\/sites\/62\/2026\/02\/kuta-woman-playing-sherlock-city-game-on-phone-in-narrow-street.jpg","contentUrl":"https:\/\/testwebsite.citygame.com\/wp-content\/blogs.dir\/1\/files\/sites\/62\/2026\/02\/kuta-woman-playing-sherlock-city-game-on-phone-in-narrow-street.jpg","width":1344,"height":768,"caption":"A player uses her smartphone to navigate a narrow city street while playing a game."},{"@type":"BreadcrumbList","@id":"https:\/\/testwebsite.citygame.com\/sk\/games\/kuta-bali\/sherlock-holmes-kuta\/#breadcrumb","itemListElement":[{"@type":"ListItem","position":1,"name":"Home","item":"https:\/\/testwebsite.citygame.com\/sk\/"},{"@type":"ListItem","position":2,"name":"Shop","item":"https:\/\/testwebsite.citygame.com\/shop\/"},{"@type":"ListItem","position":3,"name":"Sherlock Holmes Kuta"}]},{"@type":"WebSite","@id":"https:\/\/testwebsite.upevents.nl\/#website","url":"https:\/\/testwebsite.upevents.nl\/","name":"City Game","description":"","publisher":{"@id":"https:\/\/testwebsite.upevents.nl\/#organization"},"alternateName":"citygame.com","potentialAction":[{"@type":"SearchAction","target":{"@type":"EntryPoint","urlTemplate":"https:\/\/testwebsite.upevents.nl\/?s={search_term_string}"},"query-input":{"@type":"PropertyValueSpecification","valueRequired":true,"valueName":"search_term_string"}}],"inLanguage":"sk-SK"},{"@type":["Organization","Place"],"@id":"https:\/\/testwebsite.upevents.nl\/#organization","name":"City Game","alternateName":"citygame.com","url":"https:\/\/testwebsite.upevents.nl\/","logo":{"@id":"https:\/\/testwebsite.citygame.com\/sk\/games\/kuta-bali\/sherlock-holmes-kuta\/#local-main-organization-logo"},"image":{"@id":"https:\/\/testwebsite.citygame.com\/sk\/games\/kuta-bali\/sherlock-holmes-kuta\/#local-main-organization-logo"},"sameAs":["https:\/\/www.facebook.com\/profile.php?id=100086426226253","https:\/\/www.instagram.com\/citygame_com","https:\/\/www.tiktok.com\/@citygamecom\/","https:\/\/www.linkedin.com\/company\/citygame-com"],"description":"Turn any city into a playground with our interactive City Games and self-guided tours. Fun, flexible, and ideal for groups and team building.","telephone":[],"openingHoursSpecification":[{"@type":"OpeningHoursSpecification","dayOfWeek":["Monday","Tuesday","Wednesday","Thursday","Friday","Saturday","Sunday"],"opens":"09:00","closes":"17:00"}]},{"@type":"ImageObject","inLanguage":"sk-SK","@id":"https:\/\/testwebsite.citygame.com\/sk\/games\/kuta-bali\/sherlock-holmes-kuta\/#local-main-organization-logo","url":"https:\/\/testwebsite.citygame.com\/wp-content\/blogs.dir\/1\/files\/sites\/62\/2025\/10\/CG_LOGO-City-Game.png","contentUrl":"https:\/\/testwebsite.citygame.com\/wp-content\/blogs.dir\/1\/files\/sites\/62\/2025\/10\/CG_LOGO-City-Game.png","width":351,"height":377,"caption":"City Game"}]}},"taxonomy_info":{"game-concept":[{"value":788,"label":"Sherlock"}],"location":[{"value":232,"label":"Kuta"}],"product_cat":[{"value":27,"label":"Geen categorie"}]},"featured_image_src_large":["https:\/\/testwebsite.citygame.com\/wp-content\/blogs.dir\/1\/files\/sites\/62\/2026\/02\/kuta-woman-playing-sherlock-city-game-on-phone-in-narrow-street-1024x585.jpg",1024,585,true],"author_info":[],"comment_info":"","_links":{"self":[{"href":"https:\/\/testwebsite.citygame.com\/sk\/wp-json\/wp\/v2\/product\/53243","targetHints":{"allow":["GET"]}}],"collection":[{"href":"https:\/\/testwebsite.citygame.com\/sk\/wp-json\/wp\/v2\/product"}],"about":[{"href":"https:\/\/testwebsite.citygame.com\/sk\/wp-json\/wp\/v2\/types\/product"}],"acf:post":[{"embeddable":true,"href":"https:\/\/testwebsite.citygame.com\/sk\/wp-json\/wp\/v2\/pages\/8370"}],"wp:featuredmedia":[{"embeddable":true,"href":"https:\/\/testwebsite.citygame.com\/sk\/wp-json\/wp\/v2\/media\/11464"}],"wp:attachment":[{"href":"https:\/\/testwebsite.citygame.com\/sk\/wp-json\/wp\/v2\/media?parent=53243"}],"wp:term":[{"taxonomy":"game-concept","embeddable":true,"href":"https:\/\/testwebsite.citygame.com\/sk\/wp-json\/wp\/v2\/game-concept?post=53243"},{"taxonomy":"location","embeddable":true,"href":"https:\/\/testwebsite.citygame.com\/sk\/wp-json\/wp\/v2\/location?post=53243"},{"taxonomy":"product_brand","embeddable":true,"href":"https:\/\/testwebsite.citygame.com\/sk\/wp-json\/wp\/v2\/product_brand?post=53243"},{"taxonomy":"product_cat","embeddable":true,"href":"https:\/\/testwebsite.citygame.com\/sk\/wp-json\/wp\/v2\/product_cat?post=53243"},{"taxonomy":"product_tag","embeddable":true,"href":"https:\/\/testwebsite.citygame.com\/sk\/wp-json\/wp\/v2\/product_tag?post=53243"}],"curies":[{"name":"wp","href":"https:\/\/api.w.org\/{rel}","templated":true}]}}