{"id":45317,"date":"2026-03-12T16:41:44","date_gmt":"2026-03-12T16:41:44","guid":{"rendered":"https:\/\/testwebsite.citygame.com\/games\/unknown-location\/produkt-386\/"},"modified":"2026-04-03T03:00:11","modified_gmt":"2026-04-03T03:00:11","slug":"produkt-386","status":"publish","type":"product","link":"https:\/\/testwebsite.citygame.com\/sk\/games\/unknown-location\/produkt-386\/","title":{"rendered":"Produkt"},"content":{"rendered":"","protected":false},"excerpt":{"rendered":"","protected":false},"featured_media":18315,"template":"","meta":{"_acf_changed":false,"_yoast_wpseo_focuskw":"Secrets of Hoorn","_yoast_wpseo_metadesc":"Secrets of Hoorn. Zahrajte si samonav\u00e1dzaciu City Game a presk\u00famajte mesto prostredn\u00edctvom h\u00e1daniek, hlavolamov a v\u00fdziev. Hrajte vlastn\u00fdm tempom a objavujte ako miestni!","_kad_blocks_custom_css":"","_kad_blocks_head_custom_js":"","_kad_blocks_body_custom_js":"","_kad_blocks_footer_custom_js":"","ghostkit_customizer_options":"","ghostkit_custom_css":"","ghostkit_custom_js_head":"","ghostkit_custom_js_foot":"","ghostkit_typography":"","_kad_post_transparent":"","_kad_post_title":"","_kad_post_layout":"","_kad_post_sidebar_id":"","_kad_post_content_style":"","_kad_post_vertical_padding":"","_kad_post_feature":"","_kad_post_feature_position":"","_kad_post_header":false,"_kad_post_footer":false,"_kad_post_classname":"","_links_to":"","_links_to_target":""},"game-concept":[36],"location":[],"product_brand":[],"product_cat":[27],"product_tag":[],"class_list":{"0":"post-45317","1":"product","2":"type-product","3":"status-publish","4":"has-post-thumbnail","6":"game-concept-secrets","7":"product_cat-geen-categorie","9":"first","10":"instock","11":"shipping-taxable","12":"purchasable","13":"product-type-simple","14":"entry","15":"content-bg","16":"loop-entry"},"acf":{"full_bokun_product_name":"Self-Guided Secrets of Hoorn Exploration Game","location_name":"Hoorn","bokun_calendar_widget_code":"<script type=\"text\/javascript\" src=\"https:\/\/widgets.bokun.io\/assets\/javascripts\/apps\/build\/BokunWidgetsLoader.js?bookingChannelUUID=a1e93e96-5232-4734-a595-28405f4b5a31\" async><\/script>\n     \n    <div class=\"bokunWidget\" data-src=\"https:\/\/widgets.bokun.io\/online-sales\/a1e93e96-5232-4734-a595-28405f4b5a31\/experience-calendar\/844617\"><\/div>\n    <noscript>Please enable javascript in your browser to book<\/noscript>","bokun_button_widget_code":"<script type=\"text\/javascript\" src=\"https:\/\/widgets.bokun.io\/assets\/javascripts\/apps\/build\/BokunWidgetsLoader.js?bookingChannelUUID=a1e93e96-5232-4734-a595-28405f4b5a31\" async><\/script>\n      <style> #bokun_ed001e45_5927_4f62_b470_ca766338d083 { display: inline-block; padding: .4em 1em; background: #47b82e; border-radius: 999999px; box-shadow: none; font-weight: 600; font-size: 24px; text-decoration: none; text-align: center; color: #FFFFFF; border:none; cursor: pointer; transition: background .2s ease; } #bokun_ed001e45_5927_4f62_b470_ca766338d083:hover{ background: #2f7b1f; } #bokun_ed001e45_5927_4f62_b470_ca766338d083:active{ background: #378f24; } <\/style> <button class=\"bokunButton\" disabled id=bokun_ed001e45_5927_4f62_b470_ca766338d083 data-src=\"https:\/\/widgets.bokun.io\/online-sales\/a1e93e96-5232-4734-a595-28405f4b5a31\/experience-calendar\/844617?partialView=1\" data-testid=\"widget-book-button\" > Book now <\/button> ","what_you\u2019ll_experience_during_the_game":"City Game v Hoorne sa jemne odr\u00e1\u017ea v \u017eiarivej rovnov\u00e1he prehliadky pamiatok a p\u00fatav\u00e9ho, pohlcuj\u00faceho pr\u00edbehu, preru\u0161ovan\u00e9ho interakt\u00edvnymi v\u00fdzvami. Ako sa budete prepleta\u0165 mestom, hra v\u00e1s verne prevedie ikonick\u00fdmi aj \u010dasto prehliadan\u00fdmi oblas\u0165ami Hoornu a pon\u00fakne v\u00e1m svie\u017eu perspekt\u00edvu prostredn\u00edctvom okna objavovania. Miestami ako ru\u0161n\u00e9 trhovisko, \u00fachvatn\u00e1 pr\u00edstavn\u00e1 oblas\u0165 a skryt\u00e9 uli\u010dky budete prirodzene prech\u00e1dza\u0165, zatia\u013e \u010do si budete u\u017e\u00edva\u0165 jedine\u010dn\u00fa atmosf\u00e9ru a \u010daro mesta.\n\nAko budete postupova\u0165 hrou, va\u0161e objavite\u013esk\u00e9 n\u00e1lezy sa hladko stret\u00e1vaj\u00fa so svetom h\u00e1daniek, hlavolamov a kreat\u00edvnych fotov\u00fdziev. Tieto \u00falohy nielen\u017ee robia va\u0161e objavovanie Hoornu s\u00fa\u0165a\u017eiv\u00fdm a vzru\u0161uj\u00facim z\u00e1\u017eitkom, ale sl\u00fa\u017eia aj ako odrazov\u00e9 most\u00edky k z\u00e1vere\u010dnej z\u00e1hade, pom\u00e1haj\u00fa v\u00e1m zbiera\u0165 body a odomyka\u0165 u\u017eito\u010dn\u00e9 rady. Hra pon\u00faka flexibilitu, \u010do umo\u017e\u0148uje jej pozastavenie a pokra\u010dovanie pod\u013ea v\u00e1\u0161ho uv\u00e1\u017eenia, ide\u00e1lne na vychutnanie si pr\u00edjemnej atmosf\u00e9ry Hoornu. T\u00ed s s\u00fa\u0165a\u017eiv\u00fdm duchom sa m\u00f4\u017eu usilova\u0165 o vysok\u00e9 miesto v rebr\u00ed\u010dku, \u010d\u00edm pridaj\u00fa z\u00e1bavn\u00fd prvok tejto City Game uprostred kr\u00e1s Hoornu.","how_to_play":"Zarezervujte si Hru objavovania, skontrolujte e-mail, ktor\u00fd v\u00e1m po\u0161leme s jednoduch\u00fdmi in\u0161trukciami, stiahnite si aplik\u00e1ciu Loquiz, z\u00edskajte pr\u00edstup k Hre objavovania a ste pripraven\u00ed za\u010da\u0165 v\u00e1\u0161 hern\u00fd z\u00e1\u017eitok!","start_location":"Hoorn, Kerkplein","available_languages":["en","nl"],"players_per_group":"1-4","duration":"1.5-2 hours","image_overlay_color_image":"https:\/\/testwebsite.citygame.com\/wp-content\/blogs.dir\/1\/files\/sites\/62\/2026\/01\/SecretsColor.svg","image_overlay_game_logo":"https:\/\/testwebsite.citygame.com\/wp-content\/blogs.dir\/1\/files\/sites\/62\/2026\/01\/SecretsLogo.png","city_page":13332,"woocommerce_general_content":null,"the_story":"","name_main_character":"","photo_main_character":null,"loquiz_or_kokimoki":"Loquiz"},"yoast_head":"<!-- This site is optimized with the Yoast SEO Premium plugin v26.2 (Yoast SEO v26.3) - https:\/\/yoast.com\/wordpress\/plugins\/seo\/ -->\n<title>Produkt - City Game<\/title>\n<meta name=\"description\" content=\"Secrets of Hoorn. Zahrajte si samonav\u00e1dzaciu City Game a presk\u00famajte mesto prostredn\u00edctvom h\u00e1daniek, hlavolamov a v\u00fdziev. Hrajte vlastn\u00fdm tempom a objavujte ako miestni!\" \/>\n<meta name=\"robots\" content=\"noindex, follow, max-snippet:-1, max-image-preview:large, max-video-preview:-1\" \/>\n<meta property=\"og:locale\" content=\"sk_SK\" \/>\n<meta property=\"og:type\" content=\"article\" \/>\n<meta property=\"og:title\" content=\"Produkt\" \/>\n<meta property=\"og:description\" content=\"Secrets of Hoorn. Zahrajte si samonav\u00e1dzaciu City Game a presk\u00famajte mesto prostredn\u00edctvom h\u00e1daniek, hlavolamov a v\u00fdziev. Hrajte vlastn\u00fdm tempom a objavujte ako miestni!\" \/>\n<meta property=\"og:url\" content=\"https:\/\/testwebsite.citygame.com\/sk\/games\/unknown-location\/produkt-386\/\" \/>\n<meta property=\"og:site_name\" content=\"City Game\" \/>\n<meta property=\"article:publisher\" content=\"https:\/\/www.facebook.com\/profile.php?id=100086426226253\" \/>\n<meta property=\"article:modified_time\" content=\"2026-04-03T03:00:11+00:00\" \/>\n<meta property=\"og:image\" content=\"https:\/\/testwebsite.citygame.com\/wp-content\/blogs.dir\/1\/files\/sites\/62\/2026\/03\/hoorn-player-smartphone-harbor-boat.jpg\" \/>\n\t<meta property=\"og:image:width\" content=\"1024\" \/>\n\t<meta property=\"og:image:height\" content=\"1024\" \/>\n\t<meta property=\"og:image:type\" content=\"image\/jpeg\" \/>\n<meta name=\"twitter:card\" content=\"summary_large_image\" \/>\n<script type=\"application\/ld+json\" class=\"yoast-schema-graph\">{\"@context\":\"https:\/\/schema.org\",\"@graph\":[{\"@type\":\"WebPage\",\"@id\":\"https:\/\/testwebsite.citygame.com\/sk\/games\/unknown-location\/produkt-386\/\",\"url\":\"https:\/\/testwebsite.citygame.com\/sk\/games\/unknown-location\/produkt-386\/\",\"name\":\"Produkt - City Game\",\"isPartOf\":{\"@id\":\"https:\/\/testwebsite.upevents.nl\/#website\"},\"primaryImageOfPage\":{\"@id\":\"https:\/\/testwebsite.citygame.com\/sk\/games\/unknown-location\/produkt-386\/#primaryimage\"},\"image\":{\"@id\":\"https:\/\/testwebsite.citygame.com\/sk\/games\/unknown-location\/produkt-386\/#primaryimage\"},\"thumbnailUrl\":\"https:\/\/testwebsite.citygame.com\/wp-content\/blogs.dir\/1\/files\/sites\/62\/2026\/03\/hoorn-player-smartphone-harbor-boat.jpg\",\"datePublished\":\"2026-03-12T16:41:44+00:00\",\"dateModified\":\"2026-04-03T03:00:11+00:00\",\"description\":\"Secrets of Hoorn. Zahrajte si samonav\u00e1dzaciu City Game a presk\u00famajte mesto prostredn\u00edctvom h\u00e1daniek, hlavolamov a v\u00fdziev. Hrajte vlastn\u00fdm tempom a objavujte ako miestni!\",\"breadcrumb\":{\"@id\":\"https:\/\/testwebsite.citygame.com\/sk\/games\/unknown-location\/produkt-386\/#breadcrumb\"},\"inLanguage\":\"sk-SK\",\"potentialAction\":[{\"@type\":\"ReadAction\",\"target\":[\"https:\/\/testwebsite.citygame.com\/sk\/games\/unknown-location\/produkt-386\/\"]}]},{\"@type\":\"ImageObject\",\"inLanguage\":\"sk-SK\",\"@id\":\"https:\/\/testwebsite.citygame.com\/sk\/games\/unknown-location\/produkt-386\/#primaryimage\",\"url\":\"https:\/\/testwebsite.citygame.com\/wp-content\/blogs.dir\/1\/files\/sites\/62\/2026\/03\/hoorn-player-smartphone-harbor-boat.jpg\",\"contentUrl\":\"https:\/\/testwebsite.citygame.com\/wp-content\/blogs.dir\/1\/files\/sites\/62\/2026\/03\/hoorn-player-smartphone-harbor-boat.jpg\",\"width\":1024,\"height\":1024,\"caption\":\"A player sits on a wooden pier next to traditional boats in the Hoorn harbor.\"},{\"@type\":\"BreadcrumbList\",\"@id\":\"https:\/\/testwebsite.citygame.com\/sk\/games\/unknown-location\/produkt-386\/#breadcrumb\",\"itemListElement\":[{\"@type\":\"ListItem\",\"position\":1,\"name\":\"Home\",\"item\":\"https:\/\/testwebsite.citygame.com\/sk\/\"},{\"@type\":\"ListItem\",\"position\":2,\"name\":\"Shop\",\"item\":\"https:\/\/testwebsite.citygame.com\/shop\/\"},{\"@type\":\"ListItem\",\"position\":3,\"name\":\"Produkt\"}]},{\"@type\":\"WebSite\",\"@id\":\"https:\/\/testwebsite.upevents.nl\/#website\",\"url\":\"https:\/\/testwebsite.upevents.nl\/\",\"name\":\"City Game\",\"description\":\"\",\"publisher\":{\"@id\":\"https:\/\/testwebsite.upevents.nl\/#organization\"},\"alternateName\":\"citygame.com\",\"potentialAction\":[{\"@type\":\"SearchAction\",\"target\":{\"@type\":\"EntryPoint\",\"urlTemplate\":\"https:\/\/testwebsite.upevents.nl\/?s={search_term_string}\"},\"query-input\":{\"@type\":\"PropertyValueSpecification\",\"valueRequired\":true,\"valueName\":\"search_term_string\"}}],\"inLanguage\":\"sk-SK\"},{\"@type\":[\"Organization\",\"Place\"],\"@id\":\"https:\/\/testwebsite.upevents.nl\/#organization\",\"name\":\"City Game\",\"alternateName\":\"citygame.com\",\"url\":\"https:\/\/testwebsite.upevents.nl\/\",\"logo\":{\"@id\":\"https:\/\/testwebsite.citygame.com\/sk\/games\/unknown-location\/produkt-386\/#local-main-organization-logo\"},\"image\":{\"@id\":\"https:\/\/testwebsite.citygame.com\/sk\/games\/unknown-location\/produkt-386\/#local-main-organization-logo\"},\"sameAs\":[\"https:\/\/www.facebook.com\/profile.php?id=100086426226253\",\"https:\/\/www.instagram.com\/citygame_com\",\"https:\/\/www.tiktok.com\/@citygamecom\/\",\"https:\/\/www.linkedin.com\/company\/citygame-com\"],\"description\":\"Turn any city into a playground with our interactive City Games and self-guided tours. Fun, flexible, and ideal for groups and team building.\",\"telephone\":[],\"openingHoursSpecification\":[{\"@type\":\"OpeningHoursSpecification\",\"dayOfWeek\":[\"Monday\",\"Tuesday\",\"Wednesday\",\"Thursday\",\"Friday\",\"Saturday\",\"Sunday\"],\"opens\":\"09:00\",\"closes\":\"17:00\"}]},{\"@type\":\"ImageObject\",\"inLanguage\":\"sk-SK\",\"@id\":\"https:\/\/testwebsite.citygame.com\/sk\/games\/unknown-location\/produkt-386\/#local-main-organization-logo\",\"url\":\"https:\/\/testwebsite.citygame.com\/wp-content\/blogs.dir\/1\/files\/sites\/62\/2025\/10\/CG_LOGO-City-Game.png\",\"contentUrl\":\"https:\/\/testwebsite.citygame.com\/wp-content\/blogs.dir\/1\/files\/sites\/62\/2025\/10\/CG_LOGO-City-Game.png\",\"width\":351,\"height\":377,\"caption\":\"City Game\"}]}<\/script>\n<!-- \/ Yoast SEO Premium plugin. -->","yoast_head_json":{"title":"Produkt - City Game","description":"Secrets of Hoorn. Zahrajte si samonav\u00e1dzaciu City Game a presk\u00famajte mesto prostredn\u00edctvom h\u00e1daniek, hlavolamov a v\u00fdziev. Hrajte vlastn\u00fdm tempom a objavujte ako miestni!","robots":{"index":"noindex","follow":"follow","max-snippet":"max-snippet:-1","max-image-preview":"max-image-preview:large","max-video-preview":"max-video-preview:-1"},"og_locale":"sk_SK","og_type":"article","og_title":"Produkt","og_description":"Secrets of Hoorn. Zahrajte si samonav\u00e1dzaciu City Game a presk\u00famajte mesto prostredn\u00edctvom h\u00e1daniek, hlavolamov a v\u00fdziev. Hrajte vlastn\u00fdm tempom a objavujte ako miestni!","og_url":"https:\/\/testwebsite.citygame.com\/sk\/games\/unknown-location\/produkt-386\/","og_site_name":"City Game","article_publisher":"https:\/\/www.facebook.com\/profile.php?id=100086426226253","article_modified_time":"2026-04-03T03:00:11+00:00","og_image":[{"width":1024,"height":1024,"url":"https:\/\/testwebsite.citygame.com\/wp-content\/blogs.dir\/1\/files\/sites\/62\/2026\/03\/hoorn-player-smartphone-harbor-boat.jpg","type":"image\/jpeg"}],"twitter_card":"summary_large_image","schema":{"@context":"https:\/\/schema.org","@graph":[{"@type":"WebPage","@id":"https:\/\/testwebsite.citygame.com\/sk\/games\/unknown-location\/produkt-386\/","url":"https:\/\/testwebsite.citygame.com\/sk\/games\/unknown-location\/produkt-386\/","name":"Produkt - City Game","isPartOf":{"@id":"https:\/\/testwebsite.upevents.nl\/#website"},"primaryImageOfPage":{"@id":"https:\/\/testwebsite.citygame.com\/sk\/games\/unknown-location\/produkt-386\/#primaryimage"},"image":{"@id":"https:\/\/testwebsite.citygame.com\/sk\/games\/unknown-location\/produkt-386\/#primaryimage"},"thumbnailUrl":"https:\/\/testwebsite.citygame.com\/wp-content\/blogs.dir\/1\/files\/sites\/62\/2026\/03\/hoorn-player-smartphone-harbor-boat.jpg","datePublished":"2026-03-12T16:41:44+00:00","dateModified":"2026-04-03T03:00:11+00:00","description":"Secrets of Hoorn. Zahrajte si samonav\u00e1dzaciu City Game a presk\u00famajte mesto prostredn\u00edctvom h\u00e1daniek, hlavolamov a v\u00fdziev. Hrajte vlastn\u00fdm tempom a objavujte ako miestni!","breadcrumb":{"@id":"https:\/\/testwebsite.citygame.com\/sk\/games\/unknown-location\/produkt-386\/#breadcrumb"},"inLanguage":"sk-SK","potentialAction":[{"@type":"ReadAction","target":["https:\/\/testwebsite.citygame.com\/sk\/games\/unknown-location\/produkt-386\/"]}]},{"@type":"ImageObject","inLanguage":"sk-SK","@id":"https:\/\/testwebsite.citygame.com\/sk\/games\/unknown-location\/produkt-386\/#primaryimage","url":"https:\/\/testwebsite.citygame.com\/wp-content\/blogs.dir\/1\/files\/sites\/62\/2026\/03\/hoorn-player-smartphone-harbor-boat.jpg","contentUrl":"https:\/\/testwebsite.citygame.com\/wp-content\/blogs.dir\/1\/files\/sites\/62\/2026\/03\/hoorn-player-smartphone-harbor-boat.jpg","width":1024,"height":1024,"caption":"A player sits on a wooden pier next to traditional boats in the Hoorn harbor."},{"@type":"BreadcrumbList","@id":"https:\/\/testwebsite.citygame.com\/sk\/games\/unknown-location\/produkt-386\/#breadcrumb","itemListElement":[{"@type":"ListItem","position":1,"name":"Home","item":"https:\/\/testwebsite.citygame.com\/sk\/"},{"@type":"ListItem","position":2,"name":"Shop","item":"https:\/\/testwebsite.citygame.com\/shop\/"},{"@type":"ListItem","position":3,"name":"Produkt"}]},{"@type":"WebSite","@id":"https:\/\/testwebsite.upevents.nl\/#website","url":"https:\/\/testwebsite.upevents.nl\/","name":"City Game","description":"","publisher":{"@id":"https:\/\/testwebsite.upevents.nl\/#organization"},"alternateName":"citygame.com","potentialAction":[{"@type":"SearchAction","target":{"@type":"EntryPoint","urlTemplate":"https:\/\/testwebsite.upevents.nl\/?s={search_term_string}"},"query-input":{"@type":"PropertyValueSpecification","valueRequired":true,"valueName":"search_term_string"}}],"inLanguage":"sk-SK"},{"@type":["Organization","Place"],"@id":"https:\/\/testwebsite.upevents.nl\/#organization","name":"City Game","alternateName":"citygame.com","url":"https:\/\/testwebsite.upevents.nl\/","logo":{"@id":"https:\/\/testwebsite.citygame.com\/sk\/games\/unknown-location\/produkt-386\/#local-main-organization-logo"},"image":{"@id":"https:\/\/testwebsite.citygame.com\/sk\/games\/unknown-location\/produkt-386\/#local-main-organization-logo"},"sameAs":["https:\/\/www.facebook.com\/profile.php?id=100086426226253","https:\/\/www.instagram.com\/citygame_com","https:\/\/www.tiktok.com\/@citygamecom\/","https:\/\/www.linkedin.com\/company\/citygame-com"],"description":"Turn any city into a playground with our interactive City Games and self-guided tours. Fun, flexible, and ideal for groups and team building.","telephone":[],"openingHoursSpecification":[{"@type":"OpeningHoursSpecification","dayOfWeek":["Monday","Tuesday","Wednesday","Thursday","Friday","Saturday","Sunday"],"opens":"09:00","closes":"17:00"}]},{"@type":"ImageObject","inLanguage":"sk-SK","@id":"https:\/\/testwebsite.citygame.com\/sk\/games\/unknown-location\/produkt-386\/#local-main-organization-logo","url":"https:\/\/testwebsite.citygame.com\/wp-content\/blogs.dir\/1\/files\/sites\/62\/2025\/10\/CG_LOGO-City-Game.png","contentUrl":"https:\/\/testwebsite.citygame.com\/wp-content\/blogs.dir\/1\/files\/sites\/62\/2025\/10\/CG_LOGO-City-Game.png","width":351,"height":377,"caption":"City Game"}]}},"taxonomy_info":{"game-concept":[{"value":36,"label":"Secrets"}],"product_cat":[{"value":27,"label":"Geen categorie"}]},"featured_image_src_large":["https:\/\/testwebsite.citygame.com\/wp-content\/blogs.dir\/1\/files\/sites\/62\/2026\/03\/hoorn-player-smartphone-harbor-boat.jpg",1024,1024,false],"author_info":[],"comment_info":"","_links":{"self":[{"href":"https:\/\/testwebsite.citygame.com\/sk\/wp-json\/wp\/v2\/product\/45317","targetHints":{"allow":["GET"]}}],"collection":[{"href":"https:\/\/testwebsite.citygame.com\/sk\/wp-json\/wp\/v2\/product"}],"about":[{"href":"https:\/\/testwebsite.citygame.com\/sk\/wp-json\/wp\/v2\/types\/product"}],"acf:post":[{"embeddable":true,"href":"https:\/\/testwebsite.citygame.com\/sk\/wp-json\/wp\/v2\/pages\/13332"}],"wp:featuredmedia":[{"embeddable":true,"href":"https:\/\/testwebsite.citygame.com\/sk\/wp-json\/wp\/v2\/media\/18315"}],"wp:attachment":[{"href":"https:\/\/testwebsite.citygame.com\/sk\/wp-json\/wp\/v2\/media?parent=45317"}],"wp:term":[{"taxonomy":"game-concept","embeddable":true,"href":"https:\/\/testwebsite.citygame.com\/sk\/wp-json\/wp\/v2\/game-concept?post=45317"},{"taxonomy":"location","embeddable":true,"href":"https:\/\/testwebsite.citygame.com\/sk\/wp-json\/wp\/v2\/location?post=45317"},{"taxonomy":"product_brand","embeddable":true,"href":"https:\/\/testwebsite.citygame.com\/sk\/wp-json\/wp\/v2\/product_brand?post=45317"},{"taxonomy":"product_cat","embeddable":true,"href":"https:\/\/testwebsite.citygame.com\/sk\/wp-json\/wp\/v2\/product_cat?post=45317"},{"taxonomy":"product_tag","embeddable":true,"href":"https:\/\/testwebsite.citygame.com\/sk\/wp-json\/wp\/v2\/product_tag?post=45317"}],"curies":[{"name":"wp","href":"https:\/\/api.w.org\/{rel}","templated":true}]}}