{"id":43153,"date":"2026-01-14T08:46:33","date_gmt":"2026-01-14T08:46:33","guid":{"rendered":"https:\/\/testwebsite.citygame.com\/games\/unknown-location\/produkt-358\/"},"modified":"2026-04-02T20:02:22","modified_gmt":"2026-04-02T20:02:22","slug":"produkt-358","status":"publish","type":"product","link":"https:\/\/testwebsite.citygame.com\/sk\/games\/unknown-location\/produkt-358\/","title":{"rendered":"Produkt"},"content":{"rendered":"","protected":false},"excerpt":{"rendered":"","protected":false},"featured_media":3977,"template":"","meta":{"_acf_changed":false,"_yoast_wpseo_focuskw":"Secrets of Stockholm South","_yoast_wpseo_metadesc":"Secrets of Stockholm South. Zahrajte si samonav\u00e1dzaciu mestsk\u00fa hru a presk\u00famajte mesto prostredn\u00edctvom h\u00e1daniek, r\u00e9busov a v\u00fdziev. Hrajte vlastn\u00fdm tempom a objavujte ako miestny!","_kad_blocks_custom_css":"","_kad_blocks_head_custom_js":"","_kad_blocks_body_custom_js":"","_kad_blocks_footer_custom_js":"","ghostkit_customizer_options":"","ghostkit_custom_css":"","ghostkit_custom_js_head":"","ghostkit_custom_js_foot":"","ghostkit_typography":"","_kad_post_transparent":"default","_kad_post_title":"","_kad_post_layout":"default","_kad_post_sidebar_id":"","_kad_post_content_style":"default","_kad_post_vertical_padding":"default","_kad_post_feature":"","_kad_post_feature_position":"","_kad_post_header":false,"_kad_post_footer":false,"_kad_post_classname":"","_links_to":"","_links_to_target":""},"game-concept":[36],"location":[],"product_brand":[],"product_cat":[27],"product_tag":[],"class_list":{"0":"post-43153","1":"product","2":"type-product","3":"status-publish","4":"has-post-thumbnail","6":"game-concept-secrets","7":"product_cat-geen-categorie","9":"first","10":"instock","11":"shipping-taxable","12":"purchasable","13":"product-type-simple","14":"entry","15":"content-bg","16":"loop-entry"},"acf":{"full_bokun_product_name":"Self-Guided Secrets of Stockholm South Exploration Game","location_name":"Stockholm South","bokun_calendar_widget_code":"<script type=\"text\/javascript\" src=\"https:\/\/widgets.bokun.io\/assets\/javascripts\/apps\/build\/BokunWidgetsLoader.js?bookingChannelUUID=a1e93e96-5232-4734-a595-28405f4b5a31\" async><\/script>\n     \n    <div class=\"bokunWidget\" data-src=\"https:\/\/widgets.bokun.io\/online-sales\/a1e93e96-5232-4734-a595-28405f4b5a31\/experience-calendar\/1072344\"><\/div>\n    <noscript>Please enable javascript in your browser to book<\/noscript>","bokun_button_widget_code":"<script type=\"text\/javascript\" src=\"https:\/\/widgets.bokun.io\/assets\/javascripts\/apps\/build\/BokunWidgetsLoader.js?bookingChannelUUID=a1e93e96-5232-4734-a595-28405f4b5a31\" async><\/script>\n      <style> #bokun_ed001e45_5927_4f62_b470_ca766338d083 { display: inline-block; padding: .4em 1em; background: #47b82e; border-radius: 999999px; box-shadow: none; font-weight: 600; font-size: 24px; text-decoration: none; text-align: center; color: #FFFFFF; border:none; cursor: pointer; transition: background .2s ease; } #bokun_ed001e45_5927_4f62_b470_ca766338d083:hover{ background: #2f7b1f; } #bokun_ed001e45_5927_4f62_b470_ca766338d083:active{ background: #378f24; } <\/style> <button class=\"bokunButton\" disabled id=bokun_ed001e45_5927_4f62_b470_ca766338d083 data-src=\"https:\/\/widgets.bokun.io\/online-sales\/a1e93e96-5232-4734-a595-28405f4b5a31\/experience-calendar\/1072344?partialView=1\" data-testid=\"widget-book-button\" > Book now <\/button> ","what_you\u2019ll_experience_during_the_game":"Pri sk\u00faman\u00ed ju\u017enej \u010dasti \u0160tokholmu, t\u00e1to City Game sp\u00e1ja objavovanie s rozpr\u00e1van\u00edm pr\u00edbehov a prevedie v\u00e1s zmesou zn\u00e1mych pamiatok a tich\u0161\u00edch z\u00e1kut\u00ed. Cestou prejdete okolo n\u00e1padn\u00fdch miest, ako je S\u00f6dra Teatern, vrch\u00e1rske miesto s rozsiahlymi v\u00fdh\u013eadmi, a historick\u00e9 Stockholm City Museum, ktor\u00e9 pon\u00faka n\u00e1h\u013ead do minulosti mesta. Trasa v\u00e1s zavedie okolo Mariahissen, kde sa modern\u00fd \u017eivot stret\u00e1va s \u00fatesov\u00fdm \u0161armom, ako aj kult\u00farnych priestorov ako Folkoperan a prebudovan\u00fdch priemyseln\u00fdch h\u00e1l M\u00fcnchenbryggeriet. Ka\u017ed\u00e1 zast\u00e1vka odhal\u00ed nie\u010do nov\u00e9 o Stockholm South, pon\u00fakaj\u00fac hlb\u0161\u00ed poh\u013ead na vyv\u00edjaj\u00faci sa charakter a kreat\u00edvneho ducha oblasti.\r\n\r\nPo\u010das celej hry budete \u010deli\u0165 r\u00f4znym interakt\u00edvnym v\u00fdzvam, od h\u00e1daniek a kv\u00edzov a\u017e po fotografick\u00e9 \u00falohy, ktor\u00e9 podnecuj\u00fa hrav\u00fa kreativitu. Ich dokon\u010denie v\u00e1m pom\u00f4\u017ee z\u00edska\u0165 body, odhali\u0165 n\u00e1povedy a pokro\u010di\u0165 k fin\u00e1lnej z\u00e1hade. Hru je mo\u017en\u00e9 kedyko\u013evek pozastavi\u0165, ke\u010f potrebujete prest\u00e1vku, a znova ju spusti\u0165 vlastn\u00fdm tempom, \u010do u\u013eah\u010duje jej zaradenie do v\u00e1\u0161ho d\u0148a. T\u00edmy alebo samostatn\u00ed hr\u00e1\u010di so s\u00fa\u0165a\u017eivos\u0165ou m\u00f4\u017eu sledova\u0165 svoje sk\u00f3re a vidie\u0165, ako sa umiest\u0148uj\u00fa v rebr\u00ed\u010dku pri objavovan\u00ed Stockholm South.","how_to_play":"","start_location":"Stockholm, S\u00f6dra Teatern","available_languages":"","players_per_group":"1-4","duration":"1.5-2 hours","image_overlay_color_image":"https:\/\/testwebsite.citygame.com\/wp-content\/blogs.dir\/1\/files\/sites\/62\/2026\/01\/SecretsColor.svg","image_overlay_game_logo":"https:\/\/testwebsite.citygame.com\/wp-content\/blogs.dir\/1\/files\/sites\/62\/2026\/01\/SecretsLogo.png","city_page":5571,"woocommerce_general_content":null,"the_story":"<strong>Nie\u010do nie je v poriadku v Stockholm South. Ulice s\u00fa pr\u00edli\u0161 tich\u00e9. Sochy \u0161epkaj\u00fa. A dve sestry, Lisa a Lilly, zmizli bez stopy. Bj\u00f6rn, Str\u00e1\u017eca Tie\u0148ov, hrdina na polovi\u010dn\u00fd \u00fav\u00e4zok a detekt\u00edv s bruchom vpred na pln\u00fd \u00fav\u00e4zok, h\u013eadal v\u0161ade. Teraz potrebuje z\u00e1lohu. To ste vy.<\/strong><br><br>Z ukryt\u00fdch z\u00e1kut\u00ed na stra\u0161ideln\u00e9 lavi\u010dky, nasledujte Bj\u00f6rna mestom pln\u00fdm zvl\u00e1\u0161tnych st\u00f4p a tich\u00fdch pr\u00edbehov. Spolo\u010dne budete prenasledova\u0165 tiene, rie\u0161i\u0165 h\u00e1danky a privies\u0165 sestry domov. Osud si v\u00e1s vybral z nejak\u00e9ho d\u00f4vodu. Nesklamte ho.<br><br>Nielen hra. Mesto. Tajomstvo. Pr\u00edbeh, ktor\u00fd m\u00f4\u017eete dokon\u010di\u0165 len vy.","name_main_character":"Bj\u00f6rn","photo_main_character":43154,"loquiz_or_kokimoki":"Kokimoki"},"yoast_head":"<!-- This site is optimized with the Yoast SEO Premium plugin v26.2 (Yoast SEO v26.3) - https:\/\/yoast.com\/wordpress\/plugins\/seo\/ -->\n<title>Produkt - City Game<\/title>\n<meta name=\"description\" content=\"Secrets of Stockholm South. Zahrajte si samonav\u00e1dzaciu mestsk\u00fa hru a presk\u00famajte mesto prostredn\u00edctvom h\u00e1daniek, r\u00e9busov a v\u00fdziev. Hrajte vlastn\u00fdm tempom a objavujte ako miestny!\" \/>\n<meta name=\"robots\" content=\"noindex, follow, max-snippet:-1, max-image-preview:large, max-video-preview:-1\" \/>\n<meta property=\"og:locale\" content=\"sk_SK\" \/>\n<meta property=\"og:type\" content=\"article\" \/>\n<meta property=\"og:title\" content=\"Produkt\" \/>\n<meta property=\"og:description\" content=\"Secrets of Stockholm South. Zahrajte si samonav\u00e1dzaciu mestsk\u00fa hru a presk\u00famajte mesto prostredn\u00edctvom h\u00e1daniek, r\u00e9busov a v\u00fdziev. Hrajte vlastn\u00fdm tempom a objavujte ako miestny!\" \/>\n<meta property=\"og:url\" content=\"https:\/\/testwebsite.citygame.com\/sk\/games\/unknown-location\/produkt-358\/\" \/>\n<meta property=\"og:site_name\" content=\"City Game\" \/>\n<meta property=\"article:publisher\" content=\"https:\/\/www.facebook.com\/profile.php?id=100086426226253\" \/>\n<meta property=\"article:modified_time\" content=\"2026-04-02T20:02:22+00:00\" \/>\n<meta property=\"og:image\" content=\"https:\/\/testwebsite.citygame.com\/wp-content\/blogs.dir\/1\/files\/sites\/62\/2026\/01\/group-of-friends-playing-city-game-stockholm-south.jpg\" \/>\n\t<meta property=\"og:image:width\" content=\"1024\" \/>\n\t<meta property=\"og:image:height\" content=\"1024\" \/>\n\t<meta property=\"og:image:type\" content=\"image\/jpeg\" \/>\n<meta name=\"twitter:card\" content=\"summary_large_image\" \/>\n<script type=\"application\/ld+json\" class=\"yoast-schema-graph\">{\"@context\":\"https:\/\/schema.org\",\"@graph\":[{\"@type\":\"WebPage\",\"@id\":\"https:\/\/testwebsite.citygame.com\/sk\/games\/unknown-location\/produkt-358\/\",\"url\":\"https:\/\/testwebsite.citygame.com\/sk\/games\/unknown-location\/produkt-358\/\",\"name\":\"Produkt - City Game\",\"isPartOf\":{\"@id\":\"https:\/\/testwebsite.upevents.nl\/#website\"},\"primaryImageOfPage\":{\"@id\":\"https:\/\/testwebsite.citygame.com\/sk\/games\/unknown-location\/produkt-358\/#primaryimage\"},\"image\":{\"@id\":\"https:\/\/testwebsite.citygame.com\/sk\/games\/unknown-location\/produkt-358\/#primaryimage\"},\"thumbnailUrl\":\"https:\/\/testwebsite.citygame.com\/wp-content\/blogs.dir\/1\/files\/sites\/62\/2026\/01\/group-of-friends-playing-city-game-stockholm-south.jpg\",\"datePublished\":\"2026-01-14T08:46:33+00:00\",\"dateModified\":\"2026-04-02T20:02:22+00:00\",\"description\":\"Secrets of Stockholm South. Zahrajte si samonav\u00e1dzaciu mestsk\u00fa hru a presk\u00famajte mesto prostredn\u00edctvom h\u00e1daniek, r\u00e9busov a v\u00fdziev. Hrajte vlastn\u00fdm tempom a objavujte ako miestny!\",\"breadcrumb\":{\"@id\":\"https:\/\/testwebsite.citygame.com\/sk\/games\/unknown-location\/produkt-358\/#breadcrumb\"},\"inLanguage\":\"sk-SK\",\"potentialAction\":[{\"@type\":\"ReadAction\",\"target\":[\"https:\/\/testwebsite.citygame.com\/sk\/games\/unknown-location\/produkt-358\/\"]}]},{\"@type\":\"ImageObject\",\"inLanguage\":\"sk-SK\",\"@id\":\"https:\/\/testwebsite.citygame.com\/sk\/games\/unknown-location\/produkt-358\/#primaryimage\",\"url\":\"https:\/\/testwebsite.citygame.com\/wp-content\/blogs.dir\/1\/files\/sites\/62\/2026\/01\/group-of-friends-playing-city-game-stockholm-south.jpg\",\"contentUrl\":\"https:\/\/testwebsite.citygame.com\/wp-content\/blogs.dir\/1\/files\/sites\/62\/2026\/01\/group-of-friends-playing-city-game-stockholm-south.jpg\",\"width\":1024,\"height\":1024,\"caption\":\"A group of young friends collaborates while playing an outdoor discovery game on a smartphone.\"},{\"@type\":\"BreadcrumbList\",\"@id\":\"https:\/\/testwebsite.citygame.com\/sk\/games\/unknown-location\/produkt-358\/#breadcrumb\",\"itemListElement\":[{\"@type\":\"ListItem\",\"position\":1,\"name\":\"Home\",\"item\":\"https:\/\/testwebsite.citygame.com\/sk\/\"},{\"@type\":\"ListItem\",\"position\":2,\"name\":\"Shop\",\"item\":\"https:\/\/testwebsite.citygame.com\/shop\/\"},{\"@type\":\"ListItem\",\"position\":3,\"name\":\"Produkt\"}]},{\"@type\":\"WebSite\",\"@id\":\"https:\/\/testwebsite.upevents.nl\/#website\",\"url\":\"https:\/\/testwebsite.upevents.nl\/\",\"name\":\"City Game\",\"description\":\"\",\"publisher\":{\"@id\":\"https:\/\/testwebsite.upevents.nl\/#organization\"},\"alternateName\":\"citygame.com\",\"potentialAction\":[{\"@type\":\"SearchAction\",\"target\":{\"@type\":\"EntryPoint\",\"urlTemplate\":\"https:\/\/testwebsite.upevents.nl\/?s={search_term_string}\"},\"query-input\":{\"@type\":\"PropertyValueSpecification\",\"valueRequired\":true,\"valueName\":\"search_term_string\"}}],\"inLanguage\":\"sk-SK\"},{\"@type\":[\"Organization\",\"Place\"],\"@id\":\"https:\/\/testwebsite.upevents.nl\/#organization\",\"name\":\"City Game\",\"alternateName\":\"citygame.com\",\"url\":\"https:\/\/testwebsite.upevents.nl\/\",\"logo\":{\"@id\":\"https:\/\/testwebsite.citygame.com\/sk\/games\/unknown-location\/produkt-358\/#local-main-organization-logo\"},\"image\":{\"@id\":\"https:\/\/testwebsite.citygame.com\/sk\/games\/unknown-location\/produkt-358\/#local-main-organization-logo\"},\"sameAs\":[\"https:\/\/www.facebook.com\/profile.php?id=100086426226253\",\"https:\/\/www.instagram.com\/citygame_com\",\"https:\/\/www.tiktok.com\/@citygamecom\/\",\"https:\/\/www.linkedin.com\/company\/citygame-com\"],\"description\":\"Turn any city into a playground with our interactive City Games and self-guided tours. Fun, flexible, and ideal for groups and team building.\",\"telephone\":[],\"openingHoursSpecification\":[{\"@type\":\"OpeningHoursSpecification\",\"dayOfWeek\":[\"Monday\",\"Tuesday\",\"Wednesday\",\"Thursday\",\"Friday\",\"Saturday\",\"Sunday\"],\"opens\":\"09:00\",\"closes\":\"17:00\"}]},{\"@type\":\"ImageObject\",\"inLanguage\":\"sk-SK\",\"@id\":\"https:\/\/testwebsite.citygame.com\/sk\/games\/unknown-location\/produkt-358\/#local-main-organization-logo\",\"url\":\"https:\/\/testwebsite.citygame.com\/wp-content\/blogs.dir\/1\/files\/sites\/62\/2025\/10\/CG_LOGO-City-Game.png\",\"contentUrl\":\"https:\/\/testwebsite.citygame.com\/wp-content\/blogs.dir\/1\/files\/sites\/62\/2025\/10\/CG_LOGO-City-Game.png\",\"width\":351,\"height\":377,\"caption\":\"City Game\"}]}<\/script>\n<!-- \/ Yoast SEO Premium plugin. -->","yoast_head_json":{"title":"Produkt - City Game","description":"Secrets of Stockholm South. Zahrajte si samonav\u00e1dzaciu mestsk\u00fa hru a presk\u00famajte mesto prostredn\u00edctvom h\u00e1daniek, r\u00e9busov a v\u00fdziev. Hrajte vlastn\u00fdm tempom a objavujte ako miestny!","robots":{"index":"noindex","follow":"follow","max-snippet":"max-snippet:-1","max-image-preview":"max-image-preview:large","max-video-preview":"max-video-preview:-1"},"og_locale":"sk_SK","og_type":"article","og_title":"Produkt","og_description":"Secrets of Stockholm South. Zahrajte si samonav\u00e1dzaciu mestsk\u00fa hru a presk\u00famajte mesto prostredn\u00edctvom h\u00e1daniek, r\u00e9busov a v\u00fdziev. Hrajte vlastn\u00fdm tempom a objavujte ako miestny!","og_url":"https:\/\/testwebsite.citygame.com\/sk\/games\/unknown-location\/produkt-358\/","og_site_name":"City Game","article_publisher":"https:\/\/www.facebook.com\/profile.php?id=100086426226253","article_modified_time":"2026-04-02T20:02:22+00:00","og_image":[{"width":1024,"height":1024,"url":"https:\/\/testwebsite.citygame.com\/wp-content\/blogs.dir\/1\/files\/sites\/62\/2026\/01\/group-of-friends-playing-city-game-stockholm-south.jpg","type":"image\/jpeg"}],"twitter_card":"summary_large_image","schema":{"@context":"https:\/\/schema.org","@graph":[{"@type":"WebPage","@id":"https:\/\/testwebsite.citygame.com\/sk\/games\/unknown-location\/produkt-358\/","url":"https:\/\/testwebsite.citygame.com\/sk\/games\/unknown-location\/produkt-358\/","name":"Produkt - City Game","isPartOf":{"@id":"https:\/\/testwebsite.upevents.nl\/#website"},"primaryImageOfPage":{"@id":"https:\/\/testwebsite.citygame.com\/sk\/games\/unknown-location\/produkt-358\/#primaryimage"},"image":{"@id":"https:\/\/testwebsite.citygame.com\/sk\/games\/unknown-location\/produkt-358\/#primaryimage"},"thumbnailUrl":"https:\/\/testwebsite.citygame.com\/wp-content\/blogs.dir\/1\/files\/sites\/62\/2026\/01\/group-of-friends-playing-city-game-stockholm-south.jpg","datePublished":"2026-01-14T08:46:33+00:00","dateModified":"2026-04-02T20:02:22+00:00","description":"Secrets of Stockholm South. Zahrajte si samonav\u00e1dzaciu mestsk\u00fa hru a presk\u00famajte mesto prostredn\u00edctvom h\u00e1daniek, r\u00e9busov a v\u00fdziev. Hrajte vlastn\u00fdm tempom a objavujte ako miestny!","breadcrumb":{"@id":"https:\/\/testwebsite.citygame.com\/sk\/games\/unknown-location\/produkt-358\/#breadcrumb"},"inLanguage":"sk-SK","potentialAction":[{"@type":"ReadAction","target":["https:\/\/testwebsite.citygame.com\/sk\/games\/unknown-location\/produkt-358\/"]}]},{"@type":"ImageObject","inLanguage":"sk-SK","@id":"https:\/\/testwebsite.citygame.com\/sk\/games\/unknown-location\/produkt-358\/#primaryimage","url":"https:\/\/testwebsite.citygame.com\/wp-content\/blogs.dir\/1\/files\/sites\/62\/2026\/01\/group-of-friends-playing-city-game-stockholm-south.jpg","contentUrl":"https:\/\/testwebsite.citygame.com\/wp-content\/blogs.dir\/1\/files\/sites\/62\/2026\/01\/group-of-friends-playing-city-game-stockholm-south.jpg","width":1024,"height":1024,"caption":"A group of young friends collaborates while playing an outdoor discovery game on a smartphone."},{"@type":"BreadcrumbList","@id":"https:\/\/testwebsite.citygame.com\/sk\/games\/unknown-location\/produkt-358\/#breadcrumb","itemListElement":[{"@type":"ListItem","position":1,"name":"Home","item":"https:\/\/testwebsite.citygame.com\/sk\/"},{"@type":"ListItem","position":2,"name":"Shop","item":"https:\/\/testwebsite.citygame.com\/shop\/"},{"@type":"ListItem","position":3,"name":"Produkt"}]},{"@type":"WebSite","@id":"https:\/\/testwebsite.upevents.nl\/#website","url":"https:\/\/testwebsite.upevents.nl\/","name":"City Game","description":"","publisher":{"@id":"https:\/\/testwebsite.upevents.nl\/#organization"},"alternateName":"citygame.com","potentialAction":[{"@type":"SearchAction","target":{"@type":"EntryPoint","urlTemplate":"https:\/\/testwebsite.upevents.nl\/?s={search_term_string}"},"query-input":{"@type":"PropertyValueSpecification","valueRequired":true,"valueName":"search_term_string"}}],"inLanguage":"sk-SK"},{"@type":["Organization","Place"],"@id":"https:\/\/testwebsite.upevents.nl\/#organization","name":"City Game","alternateName":"citygame.com","url":"https:\/\/testwebsite.upevents.nl\/","logo":{"@id":"https:\/\/testwebsite.citygame.com\/sk\/games\/unknown-location\/produkt-358\/#local-main-organization-logo"},"image":{"@id":"https:\/\/testwebsite.citygame.com\/sk\/games\/unknown-location\/produkt-358\/#local-main-organization-logo"},"sameAs":["https:\/\/www.facebook.com\/profile.php?id=100086426226253","https:\/\/www.instagram.com\/citygame_com","https:\/\/www.tiktok.com\/@citygamecom\/","https:\/\/www.linkedin.com\/company\/citygame-com"],"description":"Turn any city into a playground with our interactive City Games and self-guided tours. Fun, flexible, and ideal for groups and team building.","telephone":[],"openingHoursSpecification":[{"@type":"OpeningHoursSpecification","dayOfWeek":["Monday","Tuesday","Wednesday","Thursday","Friday","Saturday","Sunday"],"opens":"09:00","closes":"17:00"}]},{"@type":"ImageObject","inLanguage":"sk-SK","@id":"https:\/\/testwebsite.citygame.com\/sk\/games\/unknown-location\/produkt-358\/#local-main-organization-logo","url":"https:\/\/testwebsite.citygame.com\/wp-content\/blogs.dir\/1\/files\/sites\/62\/2025\/10\/CG_LOGO-City-Game.png","contentUrl":"https:\/\/testwebsite.citygame.com\/wp-content\/blogs.dir\/1\/files\/sites\/62\/2025\/10\/CG_LOGO-City-Game.png","width":351,"height":377,"caption":"City Game"}]}},"taxonomy_info":{"game-concept":[{"value":36,"label":"Secrets"}],"product_cat":[{"value":27,"label":"Geen categorie"}]},"featured_image_src_large":["https:\/\/testwebsite.citygame.com\/wp-content\/blogs.dir\/1\/files\/sites\/62\/2026\/01\/group-of-friends-playing-city-game-stockholm-south.jpg",1024,1024,false],"author_info":[],"comment_info":"","_links":{"self":[{"href":"https:\/\/testwebsite.citygame.com\/sk\/wp-json\/wp\/v2\/product\/43153","targetHints":{"allow":["GET"]}}],"collection":[{"href":"https:\/\/testwebsite.citygame.com\/sk\/wp-json\/wp\/v2\/product"}],"about":[{"href":"https:\/\/testwebsite.citygame.com\/sk\/wp-json\/wp\/v2\/types\/product"}],"acf:post":[{"embeddable":true,"href":"https:\/\/testwebsite.citygame.com\/sk\/wp-json\/wp\/v2\/pages\/5571"}],"wp:featuredmedia":[{"embeddable":true,"href":"https:\/\/testwebsite.citygame.com\/sk\/wp-json\/wp\/v2\/media\/3977"}],"wp:attachment":[{"href":"https:\/\/testwebsite.citygame.com\/sk\/wp-json\/wp\/v2\/media?parent=43153"}],"wp:term":[{"taxonomy":"game-concept","embeddable":true,"href":"https:\/\/testwebsite.citygame.com\/sk\/wp-json\/wp\/v2\/game-concept?post=43153"},{"taxonomy":"location","embeddable":true,"href":"https:\/\/testwebsite.citygame.com\/sk\/wp-json\/wp\/v2\/location?post=43153"},{"taxonomy":"product_brand","embeddable":true,"href":"https:\/\/testwebsite.citygame.com\/sk\/wp-json\/wp\/v2\/product_brand?post=43153"},{"taxonomy":"product_cat","embeddable":true,"href":"https:\/\/testwebsite.citygame.com\/sk\/wp-json\/wp\/v2\/product_cat?post=43153"},{"taxonomy":"product_tag","embeddable":true,"href":"https:\/\/testwebsite.citygame.com\/sk\/wp-json\/wp\/v2\/product_tag?post=43153"}],"curies":[{"name":"wp","href":"https:\/\/api.w.org\/{rel}","templated":true}]}}