{"id":39256,"date":"2026-01-13T15:41:29","date_gmt":"2026-01-13T15:41:29","guid":{"rendered":"https:\/\/testwebsite.citygame.com\/games\/unknown-location\/produkt-318\/"},"modified":"2026-04-02T09:42:37","modified_gmt":"2026-04-02T09:42:37","slug":"produkt-318","status":"publish","type":"product","link":"https:\/\/testwebsite.citygame.com\/sk\/games\/unknown-location\/produkt-318\/","title":{"rendered":"Produkt"},"content":{"rendered":"","protected":false},"excerpt":{"rendered":"","protected":false},"featured_media":3899,"template":"","meta":{"_acf_changed":false,"_yoast_wpseo_focuskw":"Secrets of Kiel","_yoast_wpseo_metadesc":"Secrets of Kiel. Zahrajte si samospravovan\u00fa mestsk\u00fa hru a presk\u00famajte mesto prostredn\u00edctvom h\u00e1daniek, hlavolamov a v\u00fdziev. Hrajte vlastn\u00fdm tempom a objavujte ako miestny!","_kad_blocks_custom_css":"","_kad_blocks_head_custom_js":"","_kad_blocks_body_custom_js":"","_kad_blocks_footer_custom_js":"","ghostkit_customizer_options":"","ghostkit_custom_css":"","ghostkit_custom_js_head":"","ghostkit_custom_js_foot":"","ghostkit_typography":"","_kad_post_transparent":"","_kad_post_title":"","_kad_post_layout":"","_kad_post_sidebar_id":"","_kad_post_content_style":"","_kad_post_vertical_padding":"","_kad_post_feature":"","_kad_post_feature_position":"","_kad_post_header":false,"_kad_post_footer":false,"_kad_post_classname":"","_links_to":"","_links_to_target":""},"game-concept":[36],"location":[],"product_brand":[],"product_cat":[27],"product_tag":[],"class_list":{"0":"post-39256","1":"product","2":"type-product","3":"status-publish","4":"has-post-thumbnail","6":"game-concept-secrets","7":"product_cat-geen-categorie","9":"first","10":"instock","11":"shipping-taxable","12":"purchasable","13":"product-type-simple","14":"entry","15":"content-bg","16":"loop-entry"},"acf":{"full_bokun_product_name":"Self-Guided Secrets of Kiel Exploration Game","location_name":"Kiel","bokun_calendar_widget_code":"<script type=\"text\/javascript\" src=\"https:\/\/widgets.bokun.io\/assets\/javascripts\/apps\/build\/BokunWidgetsLoader.js?bookingChannelUUID=a1e93e96-5232-4734-a595-28405f4b5a31\" async><\/script>\n     \n    <div class=\"bokunWidget\" data-src=\"https:\/\/widgets.bokun.io\/online-sales\/a1e93e96-5232-4734-a595-28405f4b5a31\/experience-calendar\/885058\"><\/div>\n    <noscript>Please enable javascript in your browser to book<\/noscript>","bokun_button_widget_code":"<script type=\"text\/javascript\" src=\"https:\/\/widgets.bokun.io\/assets\/javascripts\/apps\/build\/BokunWidgetsLoader.js?bookingChannelUUID=a1e93e96-5232-4734-a595-28405f4b5a31\" async><\/script>\n      <style> #bokun_ed001e45_5927_4f62_b470_ca766338d083 { display: inline-block; padding: .4em 1em; background: #47b82e; border-radius: 999999px; box-shadow: none; font-weight: 600; font-size: 24px; text-decoration: none; text-align: center; color: #FFFFFF; border:none; cursor: pointer; transition: background .2s ease; } #bokun_ed001e45_5927_4f62_b470_ca766338d083:hover{ background: #2f7b1f; } #bokun_ed001e45_5927_4f62_b470_ca766338d083:active{ background: #378f24; } <\/style> <button class=\"bokunButton\" disabled id=bokun_ed001e45_5927_4f62_b470_ca766338d083 data-src=\"https:\/\/widgets.bokun.io\/online-sales\/a1e93e96-5232-4734-a595-28405f4b5a31\/experience-calendar\/885058?partialView=1\" data-testid=\"widget-book-button\" > Book now <\/button> ","what_you\u2019ll_experience_during_the_game":"Ako putujete Kielom s hrou City Game, objav\u00edte ikonick\u00e9 pamiatky mesta aj jeho skryt\u00e9 z\u00e1kutia, v\u0161etko prepleten\u00e9 interakt\u00edvnym pr\u00edbehom. Trasa v\u00e1s povedie okolo t\u00fd\u010diacej sa ve\u017ee Radnice, pozd\u013a\u017e pulzuj\u00faceho n\u00e1bre\u017eia pr\u00edstavu Kiel a do historickej atmosf\u00e9ry obklopuj\u00facej Kostol sv. Mikul\u00e1\u0161a. Taktie\u017e naraz\u00edte na zachovan\u00fa budovu Warleberhof, ktor\u00e1 je teraz domovom mestsk\u00e9ho m\u00fazea, a tich\u00fd jazern\u00fd p\u00f4vab jazera Kleiner Kiel. Ka\u017ed\u00e9 miesto v\u00e1s poz\u00fdva vidie\u0165 Kiel z nov\u00fdch uhlov, sp\u00e1jaj\u00fac hist\u00f3riu, umenie a ka\u017edodenn\u00fd \u017eivot.\n\nPo\u010das celej hry budete rie\u0161i\u0165 h\u00e1danky, odpoveda\u0165 na hlavolamy a z\u00fa\u010dast\u0148ova\u0165 sa kreat\u00edvnych fotografick\u00fdch v\u00fdziev, ktor\u00e9 o\u017eivuj\u00fa miestne pr\u00edbehy. Ka\u017ed\u00e1 \u00faloha v\u00e1m pom\u00f4\u017ee z\u00edska\u0165 body, odomkn\u00fa\u0165 stopy a pribl\u00ed\u017ei\u0165 sa k odhaleniu kone\u010dn\u00e9ho tajomstva spojen\u00e9ho s Kielom. Z\u00e1\u017eitok je flexibiln\u00fd \u2013 hrajte vlastn\u00fdm tempom, pozastavte kedyko\u013evek chcete a pokra\u010dujte, ke\u010f ste pripraven\u00ed. Ak sa c\u00edtite s\u00fa\u0165a\u017eiv\u00ed, porovnajte svoje sk\u00f3re s ostatn\u00fdmi na rebr\u00ed\u010dku a sna\u017ete sa o prv\u00e9 miesto.","how_to_play":"Po rezerv\u00e1cii dostanete e-mail s priamym odkazom na hru, aby ste mohli za\u010da\u0165 svoje dobrodru\u017estvo. Jednoducho sa vydajte k ve\u017ei radnice v Kieli, otvorte odkaz a za\u010dnite objavova\u0165. Hra sa spust\u00ed, ke\u010f ste pripraven\u00ed, a m\u00f4\u017ee by\u0165 kedyko\u013evek pozastaven\u00e1 a obnoven\u00e1.","start_location":"Kiel, City Hall Tower","available_languages":[],"players_per_group":"1-4","duration":"1.5-2 hours","image_overlay_color_image":"https:\/\/testwebsite.citygame.com\/wp-content\/blogs.dir\/1\/files\/sites\/62\/2026\/01\/SecretsColor.svg","image_overlay_game_logo":"https:\/\/testwebsite.citygame.com\/wp-content\/blogs.dir\/1\/files\/sites\/62\/2026\/01\/SecretsLogo.png","city_page":14266,"woocommerce_general_content":null,"the_story":"<strong>Zvl\u00e1\u0161tny vzor pulzuje tich\u00fdmi ulicami Kielu. Z\u00e1hadn\u00e9 symboly vryt\u00e9 na lavi\u010dk\u00e1ch, h\u00e1danky ukryt\u00e9 v bl\u00edzkosti s\u00f4ch, \u0161epot tajomstiev, ktor\u00e9 nikto nedok\u00e1\u017ee vystopova\u0165. Max Planck, otec kvantovej te\u00f3rie a rod\u00e1k z tohto mesta, nie je \u017eiadnym cudzincom v z\u00e1had\u00e1ch. Ale toto? Toto je in\u00e9. Toto je osobn\u00e9.<\/strong><br><br>Veden\u00fd zvedavos\u0165ou a n\u00e1znakom ob\u00e1v sa Max vyd\u00e1va odhali\u0165 pravdu za n\u00e1hlym objaven\u00edm t\u00fdchto tajomstiev. Kto ich tam d\u00e1va? Pre\u010do teraz? A \u010do chc\u00fa? Ke\u010f sa hmla dv\u00edha nad pr\u00edstavom a star\u00e9 noviny poletuj\u00fa po n\u00e1mest\u00ed, budete kr\u00e1\u010da\u0165 po boku Maxa cez 15 miest posiatych stopami, pri\u010dom ka\u017ed\u00e9 pon\u00faka k\u00fasok v\u00e4\u010d\u0161ej z\u00e1hady. Nakoniec to v\u0161etko vedie k ne\u010dakanej postave\u2026.<br><br><strong>Pri\u0161li ste objavova\u0165. Zostali ste, aby ste zachr\u00e1nili pr\u00edbeh.<\/strong>","name_main_character":"Max Planck","photo_main_character":39257,"loquiz_or_kokimoki":"Kokimoki"},"yoast_head":"<!-- This site is optimized with the Yoast SEO Premium plugin v26.2 (Yoast SEO v26.3) - https:\/\/yoast.com\/wordpress\/plugins\/seo\/ -->\n<title>Produkt - City Game<\/title>\n<meta name=\"description\" content=\"Secrets of Kiel. Zahrajte si samospravovan\u00fa mestsk\u00fa hru a presk\u00famajte mesto prostredn\u00edctvom h\u00e1daniek, hlavolamov a v\u00fdziev. Hrajte vlastn\u00fdm tempom a objavujte ako miestny!\" \/>\n<meta name=\"robots\" content=\"noindex, follow, max-snippet:-1, max-image-preview:large, max-video-preview:-1\" \/>\n<meta property=\"og:locale\" content=\"sk_SK\" \/>\n<meta property=\"og:type\" content=\"article\" \/>\n<meta property=\"og:title\" content=\"Produkt\" \/>\n<meta property=\"og:description\" content=\"Secrets of Kiel. Zahrajte si samospravovan\u00fa mestsk\u00fa hru a presk\u00famajte mesto prostredn\u00edctvom h\u00e1daniek, hlavolamov a v\u00fdziev. Hrajte vlastn\u00fdm tempom a objavujte ako miestny!\" \/>\n<meta property=\"og:url\" content=\"https:\/\/testwebsite.citygame.com\/sk\/games\/unknown-location\/produkt-318\/\" \/>\n<meta property=\"og:site_name\" content=\"City Game\" \/>\n<meta property=\"article:publisher\" content=\"https:\/\/www.facebook.com\/profile.php?id=100086426226253\" \/>\n<meta property=\"article:modified_time\" content=\"2026-04-02T09:42:37+00:00\" \/>\n<meta property=\"og:image\" content=\"https:\/\/testwebsite.citygame.com\/wp-content\/blogs.dir\/1\/files\/sites\/62\/2026\/01\/kiel-group-playing-city-game-university.jpg\" \/>\n\t<meta property=\"og:image:width\" content=\"1024\" \/>\n\t<meta property=\"og:image:height\" content=\"1024\" \/>\n\t<meta property=\"og:image:type\" content=\"image\/jpeg\" \/>\n<meta name=\"twitter:card\" content=\"summary_large_image\" \/>\n<script type=\"application\/ld+json\" class=\"yoast-schema-graph\">{\"@context\":\"https:\/\/schema.org\",\"@graph\":[{\"@type\":\"WebPage\",\"@id\":\"https:\/\/testwebsite.citygame.com\/sk\/games\/unknown-location\/produkt-318\/\",\"url\":\"https:\/\/testwebsite.citygame.com\/sk\/games\/unknown-location\/produkt-318\/\",\"name\":\"Produkt - City Game\",\"isPartOf\":{\"@id\":\"https:\/\/testwebsite.upevents.nl\/#website\"},\"primaryImageOfPage\":{\"@id\":\"https:\/\/testwebsite.citygame.com\/sk\/games\/unknown-location\/produkt-318\/#primaryimage\"},\"image\":{\"@id\":\"https:\/\/testwebsite.citygame.com\/sk\/games\/unknown-location\/produkt-318\/#primaryimage\"},\"thumbnailUrl\":\"https:\/\/testwebsite.citygame.com\/wp-content\/blogs.dir\/1\/files\/sites\/62\/2026\/01\/kiel-group-playing-city-game-university.jpg\",\"datePublished\":\"2026-01-13T15:41:29+00:00\",\"dateModified\":\"2026-04-02T09:42:37+00:00\",\"description\":\"Secrets of Kiel. Zahrajte si samospravovan\u00fa mestsk\u00fa hru a presk\u00famajte mesto prostredn\u00edctvom h\u00e1daniek, hlavolamov a v\u00fdziev. Hrajte vlastn\u00fdm tempom a objavujte ako miestny!\",\"breadcrumb\":{\"@id\":\"https:\/\/testwebsite.citygame.com\/sk\/games\/unknown-location\/produkt-318\/#breadcrumb\"},\"inLanguage\":\"sk-SK\",\"potentialAction\":[{\"@type\":\"ReadAction\",\"target\":[\"https:\/\/testwebsite.citygame.com\/sk\/games\/unknown-location\/produkt-318\/\"]}]},{\"@type\":\"ImageObject\",\"inLanguage\":\"sk-SK\",\"@id\":\"https:\/\/testwebsite.citygame.com\/sk\/games\/unknown-location\/produkt-318\/#primaryimage\",\"url\":\"https:\/\/testwebsite.citygame.com\/wp-content\/blogs.dir\/1\/files\/sites\/62\/2026\/01\/kiel-group-playing-city-game-university.jpg\",\"contentUrl\":\"https:\/\/testwebsite.citygame.com\/wp-content\/blogs.dir\/1\/files\/sites\/62\/2026\/01\/kiel-group-playing-city-game-university.jpg\",\"width\":1024,\"height\":1024,\"caption\":\"A group of young friends exploring the city of Kiel with a smartphone game.\"},{\"@type\":\"BreadcrumbList\",\"@id\":\"https:\/\/testwebsite.citygame.com\/sk\/games\/unknown-location\/produkt-318\/#breadcrumb\",\"itemListElement\":[{\"@type\":\"ListItem\",\"position\":1,\"name\":\"Home\",\"item\":\"https:\/\/testwebsite.citygame.com\/sk\/\"},{\"@type\":\"ListItem\",\"position\":2,\"name\":\"Shop\",\"item\":\"https:\/\/testwebsite.citygame.com\/shop\/\"},{\"@type\":\"ListItem\",\"position\":3,\"name\":\"Produkt\"}]},{\"@type\":\"WebSite\",\"@id\":\"https:\/\/testwebsite.upevents.nl\/#website\",\"url\":\"https:\/\/testwebsite.upevents.nl\/\",\"name\":\"City Game\",\"description\":\"\",\"publisher\":{\"@id\":\"https:\/\/testwebsite.upevents.nl\/#organization\"},\"alternateName\":\"citygame.com\",\"potentialAction\":[{\"@type\":\"SearchAction\",\"target\":{\"@type\":\"EntryPoint\",\"urlTemplate\":\"https:\/\/testwebsite.upevents.nl\/?s={search_term_string}\"},\"query-input\":{\"@type\":\"PropertyValueSpecification\",\"valueRequired\":true,\"valueName\":\"search_term_string\"}}],\"inLanguage\":\"sk-SK\"},{\"@type\":[\"Organization\",\"Place\"],\"@id\":\"https:\/\/testwebsite.upevents.nl\/#organization\",\"name\":\"City Game\",\"alternateName\":\"citygame.com\",\"url\":\"https:\/\/testwebsite.upevents.nl\/\",\"logo\":{\"@id\":\"https:\/\/testwebsite.citygame.com\/sk\/games\/unknown-location\/produkt-318\/#local-main-organization-logo\"},\"image\":{\"@id\":\"https:\/\/testwebsite.citygame.com\/sk\/games\/unknown-location\/produkt-318\/#local-main-organization-logo\"},\"sameAs\":[\"https:\/\/www.facebook.com\/profile.php?id=100086426226253\",\"https:\/\/www.instagram.com\/citygame_com\",\"https:\/\/www.tiktok.com\/@citygamecom\/\",\"https:\/\/www.linkedin.com\/company\/citygame-com\"],\"description\":\"Turn any city into a playground with our interactive City Games and self-guided tours. Fun, flexible, and ideal for groups and team building.\",\"telephone\":[],\"openingHoursSpecification\":[{\"@type\":\"OpeningHoursSpecification\",\"dayOfWeek\":[\"Monday\",\"Tuesday\",\"Wednesday\",\"Thursday\",\"Friday\",\"Saturday\",\"Sunday\"],\"opens\":\"09:00\",\"closes\":\"17:00\"}]},{\"@type\":\"ImageObject\",\"inLanguage\":\"sk-SK\",\"@id\":\"https:\/\/testwebsite.citygame.com\/sk\/games\/unknown-location\/produkt-318\/#local-main-organization-logo\",\"url\":\"https:\/\/testwebsite.citygame.com\/wp-content\/blogs.dir\/1\/files\/sites\/62\/2025\/10\/CG_LOGO-City-Game.png\",\"contentUrl\":\"https:\/\/testwebsite.citygame.com\/wp-content\/blogs.dir\/1\/files\/sites\/62\/2025\/10\/CG_LOGO-City-Game.png\",\"width\":351,\"height\":377,\"caption\":\"City Game\"}]}<\/script>\n<!-- \/ Yoast SEO Premium plugin. -->","yoast_head_json":{"title":"Produkt - City Game","description":"Secrets of Kiel. Zahrajte si samospravovan\u00fa mestsk\u00fa hru a presk\u00famajte mesto prostredn\u00edctvom h\u00e1daniek, hlavolamov a v\u00fdziev. Hrajte vlastn\u00fdm tempom a objavujte ako miestny!","robots":{"index":"noindex","follow":"follow","max-snippet":"max-snippet:-1","max-image-preview":"max-image-preview:large","max-video-preview":"max-video-preview:-1"},"og_locale":"sk_SK","og_type":"article","og_title":"Produkt","og_description":"Secrets of Kiel. Zahrajte si samospravovan\u00fa mestsk\u00fa hru a presk\u00famajte mesto prostredn\u00edctvom h\u00e1daniek, hlavolamov a v\u00fdziev. Hrajte vlastn\u00fdm tempom a objavujte ako miestny!","og_url":"https:\/\/testwebsite.citygame.com\/sk\/games\/unknown-location\/produkt-318\/","og_site_name":"City Game","article_publisher":"https:\/\/www.facebook.com\/profile.php?id=100086426226253","article_modified_time":"2026-04-02T09:42:37+00:00","og_image":[{"width":1024,"height":1024,"url":"https:\/\/testwebsite.citygame.com\/wp-content\/blogs.dir\/1\/files\/sites\/62\/2026\/01\/kiel-group-playing-city-game-university.jpg","type":"image\/jpeg"}],"twitter_card":"summary_large_image","schema":{"@context":"https:\/\/schema.org","@graph":[{"@type":"WebPage","@id":"https:\/\/testwebsite.citygame.com\/sk\/games\/unknown-location\/produkt-318\/","url":"https:\/\/testwebsite.citygame.com\/sk\/games\/unknown-location\/produkt-318\/","name":"Produkt - City Game","isPartOf":{"@id":"https:\/\/testwebsite.upevents.nl\/#website"},"primaryImageOfPage":{"@id":"https:\/\/testwebsite.citygame.com\/sk\/games\/unknown-location\/produkt-318\/#primaryimage"},"image":{"@id":"https:\/\/testwebsite.citygame.com\/sk\/games\/unknown-location\/produkt-318\/#primaryimage"},"thumbnailUrl":"https:\/\/testwebsite.citygame.com\/wp-content\/blogs.dir\/1\/files\/sites\/62\/2026\/01\/kiel-group-playing-city-game-university.jpg","datePublished":"2026-01-13T15:41:29+00:00","dateModified":"2026-04-02T09:42:37+00:00","description":"Secrets of Kiel. Zahrajte si samospravovan\u00fa mestsk\u00fa hru a presk\u00famajte mesto prostredn\u00edctvom h\u00e1daniek, hlavolamov a v\u00fdziev. Hrajte vlastn\u00fdm tempom a objavujte ako miestny!","breadcrumb":{"@id":"https:\/\/testwebsite.citygame.com\/sk\/games\/unknown-location\/produkt-318\/#breadcrumb"},"inLanguage":"sk-SK","potentialAction":[{"@type":"ReadAction","target":["https:\/\/testwebsite.citygame.com\/sk\/games\/unknown-location\/produkt-318\/"]}]},{"@type":"ImageObject","inLanguage":"sk-SK","@id":"https:\/\/testwebsite.citygame.com\/sk\/games\/unknown-location\/produkt-318\/#primaryimage","url":"https:\/\/testwebsite.citygame.com\/wp-content\/blogs.dir\/1\/files\/sites\/62\/2026\/01\/kiel-group-playing-city-game-university.jpg","contentUrl":"https:\/\/testwebsite.citygame.com\/wp-content\/blogs.dir\/1\/files\/sites\/62\/2026\/01\/kiel-group-playing-city-game-university.jpg","width":1024,"height":1024,"caption":"A group of young friends exploring the city of Kiel with a smartphone game."},{"@type":"BreadcrumbList","@id":"https:\/\/testwebsite.citygame.com\/sk\/games\/unknown-location\/produkt-318\/#breadcrumb","itemListElement":[{"@type":"ListItem","position":1,"name":"Home","item":"https:\/\/testwebsite.citygame.com\/sk\/"},{"@type":"ListItem","position":2,"name":"Shop","item":"https:\/\/testwebsite.citygame.com\/shop\/"},{"@type":"ListItem","position":3,"name":"Produkt"}]},{"@type":"WebSite","@id":"https:\/\/testwebsite.upevents.nl\/#website","url":"https:\/\/testwebsite.upevents.nl\/","name":"City Game","description":"","publisher":{"@id":"https:\/\/testwebsite.upevents.nl\/#organization"},"alternateName":"citygame.com","potentialAction":[{"@type":"SearchAction","target":{"@type":"EntryPoint","urlTemplate":"https:\/\/testwebsite.upevents.nl\/?s={search_term_string}"},"query-input":{"@type":"PropertyValueSpecification","valueRequired":true,"valueName":"search_term_string"}}],"inLanguage":"sk-SK"},{"@type":["Organization","Place"],"@id":"https:\/\/testwebsite.upevents.nl\/#organization","name":"City Game","alternateName":"citygame.com","url":"https:\/\/testwebsite.upevents.nl\/","logo":{"@id":"https:\/\/testwebsite.citygame.com\/sk\/games\/unknown-location\/produkt-318\/#local-main-organization-logo"},"image":{"@id":"https:\/\/testwebsite.citygame.com\/sk\/games\/unknown-location\/produkt-318\/#local-main-organization-logo"},"sameAs":["https:\/\/www.facebook.com\/profile.php?id=100086426226253","https:\/\/www.instagram.com\/citygame_com","https:\/\/www.tiktok.com\/@citygamecom\/","https:\/\/www.linkedin.com\/company\/citygame-com"],"description":"Turn any city into a playground with our interactive City Games and self-guided tours. Fun, flexible, and ideal for groups and team building.","telephone":[],"openingHoursSpecification":[{"@type":"OpeningHoursSpecification","dayOfWeek":["Monday","Tuesday","Wednesday","Thursday","Friday","Saturday","Sunday"],"opens":"09:00","closes":"17:00"}]},{"@type":"ImageObject","inLanguage":"sk-SK","@id":"https:\/\/testwebsite.citygame.com\/sk\/games\/unknown-location\/produkt-318\/#local-main-organization-logo","url":"https:\/\/testwebsite.citygame.com\/wp-content\/blogs.dir\/1\/files\/sites\/62\/2025\/10\/CG_LOGO-City-Game.png","contentUrl":"https:\/\/testwebsite.citygame.com\/wp-content\/blogs.dir\/1\/files\/sites\/62\/2025\/10\/CG_LOGO-City-Game.png","width":351,"height":377,"caption":"City Game"}]}},"taxonomy_info":{"game-concept":[{"value":36,"label":"Secrets"}],"product_cat":[{"value":27,"label":"Geen categorie"}]},"featured_image_src_large":["https:\/\/testwebsite.citygame.com\/wp-content\/blogs.dir\/1\/files\/sites\/62\/2026\/01\/kiel-group-playing-city-game-university.jpg",1024,1024,false],"author_info":[],"comment_info":"","_links":{"self":[{"href":"https:\/\/testwebsite.citygame.com\/sk\/wp-json\/wp\/v2\/product\/39256","targetHints":{"allow":["GET"]}}],"collection":[{"href":"https:\/\/testwebsite.citygame.com\/sk\/wp-json\/wp\/v2\/product"}],"about":[{"href":"https:\/\/testwebsite.citygame.com\/sk\/wp-json\/wp\/v2\/types\/product"}],"acf:post":[{"embeddable":true,"href":"https:\/\/testwebsite.citygame.com\/sk\/wp-json\/wp\/v2\/pages\/14266"}],"wp:featuredmedia":[{"embeddable":true,"href":"https:\/\/testwebsite.citygame.com\/sk\/wp-json\/wp\/v2\/media\/3899"}],"wp:attachment":[{"href":"https:\/\/testwebsite.citygame.com\/sk\/wp-json\/wp\/v2\/media?parent=39256"}],"wp:term":[{"taxonomy":"game-concept","embeddable":true,"href":"https:\/\/testwebsite.citygame.com\/sk\/wp-json\/wp\/v2\/game-concept?post=39256"},{"taxonomy":"location","embeddable":true,"href":"https:\/\/testwebsite.citygame.com\/sk\/wp-json\/wp\/v2\/location?post=39256"},{"taxonomy":"product_brand","embeddable":true,"href":"https:\/\/testwebsite.citygame.com\/sk\/wp-json\/wp\/v2\/product_brand?post=39256"},{"taxonomy":"product_cat","embeddable":true,"href":"https:\/\/testwebsite.citygame.com\/sk\/wp-json\/wp\/v2\/product_cat?post=39256"},{"taxonomy":"product_tag","embeddable":true,"href":"https:\/\/testwebsite.citygame.com\/sk\/wp-json\/wp\/v2\/product_tag?post=39256"}],"curies":[{"name":"wp","href":"https:\/\/api.w.org\/{rel}","templated":true}]}}