{"id":35884,"date":"2026-02-15T18:52:44","date_gmt":"2026-02-15T18:52:44","guid":{"rendered":"https:\/\/testwebsite.citygame.com\/games\/unknown-location\/produkt-267\/"},"modified":"2026-04-01T23:34:58","modified_gmt":"2026-04-01T23:34:58","slug":"produkt-267","status":"publish","type":"product","link":"https:\/\/testwebsite.citygame.com\/sk\/games\/unknown-location\/produkt-267\/","title":{"rendered":"Produkt"},"content":{"rendered":"","protected":false},"excerpt":{"rendered":"","protected":false},"featured_media":13804,"template":"","meta":{"_acf_changed":false,"_yoast_wpseo_focuskw":"The Almere Syndicate","_yoast_wpseo_metadesc":"The Almere Syndicate. Zahrajte si samostatn\u00fa mestsk\u00fa \u00fanikov\u00fa hru, rie\u0161te h\u00e1danky, pl\u0148te misie a z\u00edskajte sp\u00e4\u0165 ukradnut\u00e9 vzorce vlastn\u00fdm tempom!","_kad_blocks_custom_css":"","_kad_blocks_head_custom_js":"","_kad_blocks_body_custom_js":"","_kad_blocks_footer_custom_js":"","ghostkit_customizer_options":"","ghostkit_custom_css":"","ghostkit_custom_js_head":"","ghostkit_custom_js_foot":"","ghostkit_typography":"","_kad_post_transparent":"default","_kad_post_title":"","_kad_post_layout":"default","_kad_post_sidebar_id":"","_kad_post_content_style":"default","_kad_post_vertical_padding":"default","_kad_post_feature":"","_kad_post_feature_position":"","_kad_post_header":false,"_kad_post_footer":false,"_kad_post_classname":"","_links_to":"","_links_to_target":""},"game-concept":[37],"location":[],"product_brand":[],"product_cat":[27],"product_tag":[],"class_list":{"0":"post-35884","1":"product","2":"type-product","3":"status-publish","4":"has-post-thumbnail","6":"game-concept-syndicate","7":"product_cat-geen-categorie","9":"first","10":"instock","11":"shipping-taxable","12":"purchasable","13":"product-type-simple","14":"entry","15":"content-bg","16":"loop-entry"},"acf":{"full_bokun_product_name":"Self-Guided The Almere Syndicate City Escape Game","location_name":"Almere","bokun_calendar_widget_code":"<script type=\"text\/javascript\" src=\"https:\/\/widgets.bokun.io\/assets\/javascripts\/apps\/build\/BokunWidgetsLoader.js?bookingChannelUUID=a1e93e96-5232-4734-a595-28405f4b5a31\" async><\/script>\n     \n    <div class=\"bokunWidget\" data-src=\"https:\/\/widgets.bokun.io\/online-sales\/a1e93e96-5232-4734-a595-28405f4b5a31\/experience-calendar\/797570\"><\/div>\n    <noscript>Please enable javascript in your browser to book<\/noscript>","bokun_button_widget_code":"<script type=\"text\/javascript\" src=\"https:\/\/widgets.bokun.io\/assets\/javascripts\/apps\/build\/BokunWidgetsLoader.js?bookingChannelUUID=a1e93e96-5232-4734-a595-28405f4b5a31\" async><\/script>\n      <style> #bokun_ed001e45_5927_4f62_b470_ca766338d083 { display: inline-block; padding: .4em 1em; background: #47b82e; border-radius: 999999px; box-shadow: none; font-weight: 600; font-size: 24px; text-decoration: none; text-align: center; color: #FFFFFF; border:none; cursor: pointer; transition: background .2s ease; } #bokun_ed001e45_5927_4f62_b470_ca766338d083:hover{ background: #2f7b1f; } #bokun_ed001e45_5927_4f62_b470_ca766338d083:active{ background: #378f24; } <\/style> <button class=\"bokunButton\" disabled id=bokun_ed001e45_5927_4f62_b470_ca766338d083 data-src=\"https:\/\/widgets.bokun.io\/online-sales\/a1e93e96-5232-4734-a595-28405f4b5a31\/experience-calendar\/797570?partialView=1\" data-testid=\"widget-book-button\" > Book now <\/button> ","what_you\u2019ll_experience_during_the_game":"Budete zaraden\u00ed do nap\u00ednavej \u00fanikovej misie v srdci Almere, kde v\u00e1s ka\u017ed\u00fd krok pribl\u00ed\u017ei k odhaleniu pravdy. Ako elitn\u00ed agenti je v\u00e1\u0161 cie\u013e jasn\u00fd: vystopova\u0165 Magnusa cez mesto a z\u00edska\u0165 \u0161es\u0165 ukradnut\u00fdch vzorcov, k\u00fdm nezmizn\u00fa nav\u017edy. Misia sa postupne odv\u00edja, ke\u010f sa pohybujete po Almere, odha\u013euj\u00fac nov\u00e9 vrstvy pr\u00edbehu, ako v\u00e1\u0161 t\u00edm postupuje.\r\n\r\nTento plne pr\u00edbehov\u00fd z\u00e1\u017eitok kombinuje chytr\u00e9 h\u00e1danky, k\u00f3dovan\u00e9 spr\u00e1vy a koordinovan\u00e9 v\u00fdzvy, ktor\u00e9 vy\u017eaduj\u00fa ostr\u00e9 myslenie a \u00fazku spolupr\u00e1cu. Ka\u017ed\u00e9 rozhodnutie formuje va\u0161u cestu vpred, vy\u017eaduj\u00fac si neust\u00e1lu t\u00edmov\u00fa pr\u00e1cu a jasn\u00fa komunik\u00e1ciu, aby ste zostali na spr\u00e1vnej ceste. Hra je navrhnut\u00e1 pre flexibilitu a umo\u017e\u0148uje v\u00e1m pozastavi\u0165 a pokra\u010dova\u0165 vlastn\u00fdm tempom bez straty dynamiky. Almere sa st\u00e1va kulisou va\u0161ej oper\u00e1cie\u2014akt\u00edvnym prostred\u00edm pre misiu, kde z\u00e1le\u017e\u00ed na ka\u017edej stope.","how_to_play":"Zarezervujte si City Game, skontrolujte e-mail, ktor\u00fd v\u00e1m po\u0161leme s pokynmi, stiahnite si aplik\u00e1ciu Loquiz App a za\u010dnite svoje hern\u00e9 dobrodru\u017estvo!Presk\u00famajte mesto sp\u00f4sobom, ak\u00fdm ste to e\u0161te nikdy neurobili. T\u00e1to \u00fanikov\u00e1 hra je pr\u00edbehov\u00e1 hra na hranie rol\u00ed, ka\u017ed\u00fd \u010dlen v\u00e1\u0161ho t\u00edmu bude ma\u0165 d\u00f4le\u017eit\u00fa \u00falohu v misii. Prech\u00e1dzajte sa po meste a n\u00e1jdite rie\u0161enie n\u00e1ro\u010dn\u00fdch h\u00e1daniek, hlavolamov a fotografick\u00fdch \u00faloh.","start_location":"Almere, Stadspark Stadhuispromenade","available_languages":["nl","en"],"players_per_group":"1-4","duration":"1.5-2 hours","image_overlay_color_image":"https:\/\/testwebsite.citygame.com\/wp-content\/blogs.dir\/1\/files\/sites\/62\/2026\/01\/SyndicateColor.svg","image_overlay_game_logo":"https:\/\/testwebsite.citygame.com\/wp-content\/blogs.dir\/1\/files\/sites\/62\/2026\/01\/SyndicateLogo.png","city_page":4793,"woocommerce_general_content":null},"yoast_head":"<!-- This site is optimized with the Yoast SEO Premium plugin v26.2 (Yoast SEO v26.3) - https:\/\/yoast.com\/wordpress\/plugins\/seo\/ -->\n<title>Produkt - City Game<\/title>\n<meta name=\"description\" content=\"The Almere Syndicate. Zahrajte si samostatn\u00fa mestsk\u00fa \u00fanikov\u00fa hru, rie\u0161te h\u00e1danky, pl\u0148te misie a z\u00edskajte sp\u00e4\u0165 ukradnut\u00e9 vzorce vlastn\u00fdm tempom!\" \/>\n<meta name=\"robots\" content=\"noindex, follow, max-snippet:-1, max-image-preview:large, max-video-preview:-1\" \/>\n<meta property=\"og:locale\" content=\"sk_SK\" \/>\n<meta property=\"og:type\" content=\"article\" \/>\n<meta property=\"og:title\" content=\"Produkt\" \/>\n<meta property=\"og:description\" content=\"The Almere Syndicate. Zahrajte si samostatn\u00fa mestsk\u00fa \u00fanikov\u00fa hru, rie\u0161te h\u00e1danky, pl\u0148te misie a z\u00edskajte sp\u00e4\u0165 ukradnut\u00e9 vzorce vlastn\u00fdm tempom!\" \/>\n<meta property=\"og:url\" content=\"https:\/\/testwebsite.citygame.com\/sk\/games\/unknown-location\/produkt-267\/\" \/>\n<meta property=\"og:site_name\" content=\"City Game\" \/>\n<meta property=\"article:publisher\" content=\"https:\/\/www.facebook.com\/profile.php?id=100086426226253\" \/>\n<meta property=\"article:modified_time\" content=\"2026-04-01T23:34:58+00:00\" \/>\n<meta property=\"og:image\" content=\"https:\/\/testwebsite.citygame.com\/wp-content\/blogs.dir\/1\/files\/sites\/62\/2026\/02\/group-of-friends-playing-city-game-kunstlinie-theatre-almere.jpg\" \/>\n\t<meta property=\"og:image:width\" content=\"1024\" \/>\n\t<meta property=\"og:image:height\" content=\"1024\" \/>\n\t<meta property=\"og:image:type\" content=\"image\/jpeg\" \/>\n<meta name=\"twitter:card\" content=\"summary_large_image\" \/>\n<script type=\"application\/ld+json\" class=\"yoast-schema-graph\">{\"@context\":\"https:\/\/schema.org\",\"@graph\":[{\"@type\":\"WebPage\",\"@id\":\"https:\/\/testwebsite.citygame.com\/sk\/games\/unknown-location\/produkt-267\/\",\"url\":\"https:\/\/testwebsite.citygame.com\/sk\/games\/unknown-location\/produkt-267\/\",\"name\":\"Produkt - City Game\",\"isPartOf\":{\"@id\":\"https:\/\/testwebsite.upevents.nl\/#website\"},\"primaryImageOfPage\":{\"@id\":\"https:\/\/testwebsite.citygame.com\/sk\/games\/unknown-location\/produkt-267\/#primaryimage\"},\"image\":{\"@id\":\"https:\/\/testwebsite.citygame.com\/sk\/games\/unknown-location\/produkt-267\/#primaryimage\"},\"thumbnailUrl\":\"https:\/\/testwebsite.citygame.com\/wp-content\/blogs.dir\/1\/files\/sites\/62\/2026\/02\/group-of-friends-playing-city-game-kunstlinie-theatre-almere.jpg\",\"datePublished\":\"2026-02-15T18:52:44+00:00\",\"dateModified\":\"2026-04-01T23:34:58+00:00\",\"description\":\"The Almere Syndicate. Zahrajte si samostatn\u00fa mestsk\u00fa \u00fanikov\u00fa hru, rie\u0161te h\u00e1danky, pl\u0148te misie a z\u00edskajte sp\u00e4\u0165 ukradnut\u00e9 vzorce vlastn\u00fdm tempom!\",\"breadcrumb\":{\"@id\":\"https:\/\/testwebsite.citygame.com\/sk\/games\/unknown-location\/produkt-267\/#breadcrumb\"},\"inLanguage\":\"sk-SK\",\"potentialAction\":[{\"@type\":\"ReadAction\",\"target\":[\"https:\/\/testwebsite.citygame.com\/sk\/games\/unknown-location\/produkt-267\/\"]}]},{\"@type\":\"ImageObject\",\"inLanguage\":\"sk-SK\",\"@id\":\"https:\/\/testwebsite.citygame.com\/sk\/games\/unknown-location\/produkt-267\/#primaryimage\",\"url\":\"https:\/\/testwebsite.citygame.com\/wp-content\/blogs.dir\/1\/files\/sites\/62\/2026\/02\/group-of-friends-playing-city-game-kunstlinie-theatre-almere.jpg\",\"contentUrl\":\"https:\/\/testwebsite.citygame.com\/wp-content\/blogs.dir\/1\/files\/sites\/62\/2026\/02\/group-of-friends-playing-city-game-kunstlinie-theatre-almere.jpg\",\"width\":1024,\"height\":1024,\"caption\":\"A group of friends collaborates while playing an outdoor city game in central Almere.\"},{\"@type\":\"BreadcrumbList\",\"@id\":\"https:\/\/testwebsite.citygame.com\/sk\/games\/unknown-location\/produkt-267\/#breadcrumb\",\"itemListElement\":[{\"@type\":\"ListItem\",\"position\":1,\"name\":\"Home\",\"item\":\"https:\/\/testwebsite.citygame.com\/sk\/\"},{\"@type\":\"ListItem\",\"position\":2,\"name\":\"Shop\",\"item\":\"https:\/\/testwebsite.citygame.com\/shop\/\"},{\"@type\":\"ListItem\",\"position\":3,\"name\":\"Produkt\"}]},{\"@type\":\"WebSite\",\"@id\":\"https:\/\/testwebsite.upevents.nl\/#website\",\"url\":\"https:\/\/testwebsite.upevents.nl\/\",\"name\":\"City Game\",\"description\":\"\",\"publisher\":{\"@id\":\"https:\/\/testwebsite.upevents.nl\/#organization\"},\"alternateName\":\"citygame.com\",\"potentialAction\":[{\"@type\":\"SearchAction\",\"target\":{\"@type\":\"EntryPoint\",\"urlTemplate\":\"https:\/\/testwebsite.upevents.nl\/?s={search_term_string}\"},\"query-input\":{\"@type\":\"PropertyValueSpecification\",\"valueRequired\":true,\"valueName\":\"search_term_string\"}}],\"inLanguage\":\"sk-SK\"},{\"@type\":[\"Organization\",\"Place\"],\"@id\":\"https:\/\/testwebsite.upevents.nl\/#organization\",\"name\":\"City Game\",\"alternateName\":\"citygame.com\",\"url\":\"https:\/\/testwebsite.upevents.nl\/\",\"logo\":{\"@id\":\"https:\/\/testwebsite.citygame.com\/sk\/games\/unknown-location\/produkt-267\/#local-main-organization-logo\"},\"image\":{\"@id\":\"https:\/\/testwebsite.citygame.com\/sk\/games\/unknown-location\/produkt-267\/#local-main-organization-logo\"},\"sameAs\":[\"https:\/\/www.facebook.com\/profile.php?id=100086426226253\",\"https:\/\/www.instagram.com\/citygame_com\",\"https:\/\/www.tiktok.com\/@citygamecom\/\",\"https:\/\/www.linkedin.com\/company\/citygame-com\"],\"description\":\"Turn any city into a playground with our interactive City Games and self-guided tours. Fun, flexible, and ideal for groups and team building.\",\"telephone\":[],\"openingHoursSpecification\":[{\"@type\":\"OpeningHoursSpecification\",\"dayOfWeek\":[\"Monday\",\"Tuesday\",\"Wednesday\",\"Thursday\",\"Friday\",\"Saturday\",\"Sunday\"],\"opens\":\"09:00\",\"closes\":\"17:00\"}]},{\"@type\":\"ImageObject\",\"inLanguage\":\"sk-SK\",\"@id\":\"https:\/\/testwebsite.citygame.com\/sk\/games\/unknown-location\/produkt-267\/#local-main-organization-logo\",\"url\":\"https:\/\/testwebsite.citygame.com\/wp-content\/blogs.dir\/1\/files\/sites\/62\/2025\/10\/CG_LOGO-City-Game.png\",\"contentUrl\":\"https:\/\/testwebsite.citygame.com\/wp-content\/blogs.dir\/1\/files\/sites\/62\/2025\/10\/CG_LOGO-City-Game.png\",\"width\":351,\"height\":377,\"caption\":\"City Game\"}]}<\/script>\n<!-- \/ Yoast SEO Premium plugin. -->","yoast_head_json":{"title":"Produkt - City Game","description":"The Almere Syndicate. Zahrajte si samostatn\u00fa mestsk\u00fa \u00fanikov\u00fa hru, rie\u0161te h\u00e1danky, pl\u0148te misie a z\u00edskajte sp\u00e4\u0165 ukradnut\u00e9 vzorce vlastn\u00fdm tempom!","robots":{"index":"noindex","follow":"follow","max-snippet":"max-snippet:-1","max-image-preview":"max-image-preview:large","max-video-preview":"max-video-preview:-1"},"og_locale":"sk_SK","og_type":"article","og_title":"Produkt","og_description":"The Almere Syndicate. Zahrajte si samostatn\u00fa mestsk\u00fa \u00fanikov\u00fa hru, rie\u0161te h\u00e1danky, pl\u0148te misie a z\u00edskajte sp\u00e4\u0165 ukradnut\u00e9 vzorce vlastn\u00fdm tempom!","og_url":"https:\/\/testwebsite.citygame.com\/sk\/games\/unknown-location\/produkt-267\/","og_site_name":"City Game","article_publisher":"https:\/\/www.facebook.com\/profile.php?id=100086426226253","article_modified_time":"2026-04-01T23:34:58+00:00","og_image":[{"width":1024,"height":1024,"url":"https:\/\/testwebsite.citygame.com\/wp-content\/blogs.dir\/1\/files\/sites\/62\/2026\/02\/group-of-friends-playing-city-game-kunstlinie-theatre-almere.jpg","type":"image\/jpeg"}],"twitter_card":"summary_large_image","schema":{"@context":"https:\/\/schema.org","@graph":[{"@type":"WebPage","@id":"https:\/\/testwebsite.citygame.com\/sk\/games\/unknown-location\/produkt-267\/","url":"https:\/\/testwebsite.citygame.com\/sk\/games\/unknown-location\/produkt-267\/","name":"Produkt - City Game","isPartOf":{"@id":"https:\/\/testwebsite.upevents.nl\/#website"},"primaryImageOfPage":{"@id":"https:\/\/testwebsite.citygame.com\/sk\/games\/unknown-location\/produkt-267\/#primaryimage"},"image":{"@id":"https:\/\/testwebsite.citygame.com\/sk\/games\/unknown-location\/produkt-267\/#primaryimage"},"thumbnailUrl":"https:\/\/testwebsite.citygame.com\/wp-content\/blogs.dir\/1\/files\/sites\/62\/2026\/02\/group-of-friends-playing-city-game-kunstlinie-theatre-almere.jpg","datePublished":"2026-02-15T18:52:44+00:00","dateModified":"2026-04-01T23:34:58+00:00","description":"The Almere Syndicate. Zahrajte si samostatn\u00fa mestsk\u00fa \u00fanikov\u00fa hru, rie\u0161te h\u00e1danky, pl\u0148te misie a z\u00edskajte sp\u00e4\u0165 ukradnut\u00e9 vzorce vlastn\u00fdm tempom!","breadcrumb":{"@id":"https:\/\/testwebsite.citygame.com\/sk\/games\/unknown-location\/produkt-267\/#breadcrumb"},"inLanguage":"sk-SK","potentialAction":[{"@type":"ReadAction","target":["https:\/\/testwebsite.citygame.com\/sk\/games\/unknown-location\/produkt-267\/"]}]},{"@type":"ImageObject","inLanguage":"sk-SK","@id":"https:\/\/testwebsite.citygame.com\/sk\/games\/unknown-location\/produkt-267\/#primaryimage","url":"https:\/\/testwebsite.citygame.com\/wp-content\/blogs.dir\/1\/files\/sites\/62\/2026\/02\/group-of-friends-playing-city-game-kunstlinie-theatre-almere.jpg","contentUrl":"https:\/\/testwebsite.citygame.com\/wp-content\/blogs.dir\/1\/files\/sites\/62\/2026\/02\/group-of-friends-playing-city-game-kunstlinie-theatre-almere.jpg","width":1024,"height":1024,"caption":"A group of friends collaborates while playing an outdoor city game in central Almere."},{"@type":"BreadcrumbList","@id":"https:\/\/testwebsite.citygame.com\/sk\/games\/unknown-location\/produkt-267\/#breadcrumb","itemListElement":[{"@type":"ListItem","position":1,"name":"Home","item":"https:\/\/testwebsite.citygame.com\/sk\/"},{"@type":"ListItem","position":2,"name":"Shop","item":"https:\/\/testwebsite.citygame.com\/shop\/"},{"@type":"ListItem","position":3,"name":"Produkt"}]},{"@type":"WebSite","@id":"https:\/\/testwebsite.upevents.nl\/#website","url":"https:\/\/testwebsite.upevents.nl\/","name":"City Game","description":"","publisher":{"@id":"https:\/\/testwebsite.upevents.nl\/#organization"},"alternateName":"citygame.com","potentialAction":[{"@type":"SearchAction","target":{"@type":"EntryPoint","urlTemplate":"https:\/\/testwebsite.upevents.nl\/?s={search_term_string}"},"query-input":{"@type":"PropertyValueSpecification","valueRequired":true,"valueName":"search_term_string"}}],"inLanguage":"sk-SK"},{"@type":["Organization","Place"],"@id":"https:\/\/testwebsite.upevents.nl\/#organization","name":"City Game","alternateName":"citygame.com","url":"https:\/\/testwebsite.upevents.nl\/","logo":{"@id":"https:\/\/testwebsite.citygame.com\/sk\/games\/unknown-location\/produkt-267\/#local-main-organization-logo"},"image":{"@id":"https:\/\/testwebsite.citygame.com\/sk\/games\/unknown-location\/produkt-267\/#local-main-organization-logo"},"sameAs":["https:\/\/www.facebook.com\/profile.php?id=100086426226253","https:\/\/www.instagram.com\/citygame_com","https:\/\/www.tiktok.com\/@citygamecom\/","https:\/\/www.linkedin.com\/company\/citygame-com"],"description":"Turn any city into a playground with our interactive City Games and self-guided tours. Fun, flexible, and ideal for groups and team building.","telephone":[],"openingHoursSpecification":[{"@type":"OpeningHoursSpecification","dayOfWeek":["Monday","Tuesday","Wednesday","Thursday","Friday","Saturday","Sunday"],"opens":"09:00","closes":"17:00"}]},{"@type":"ImageObject","inLanguage":"sk-SK","@id":"https:\/\/testwebsite.citygame.com\/sk\/games\/unknown-location\/produkt-267\/#local-main-organization-logo","url":"https:\/\/testwebsite.citygame.com\/wp-content\/blogs.dir\/1\/files\/sites\/62\/2025\/10\/CG_LOGO-City-Game.png","contentUrl":"https:\/\/testwebsite.citygame.com\/wp-content\/blogs.dir\/1\/files\/sites\/62\/2025\/10\/CG_LOGO-City-Game.png","width":351,"height":377,"caption":"City Game"}]}},"taxonomy_info":{"game-concept":[{"value":37,"label":"Syndicate"}],"product_cat":[{"value":27,"label":"Geen categorie"}]},"featured_image_src_large":["https:\/\/testwebsite.citygame.com\/wp-content\/blogs.dir\/1\/files\/sites\/62\/2026\/02\/group-of-friends-playing-city-game-kunstlinie-theatre-almere.jpg",1024,1024,false],"author_info":[],"comment_info":"","_links":{"self":[{"href":"https:\/\/testwebsite.citygame.com\/sk\/wp-json\/wp\/v2\/product\/35884","targetHints":{"allow":["GET"]}}],"collection":[{"href":"https:\/\/testwebsite.citygame.com\/sk\/wp-json\/wp\/v2\/product"}],"about":[{"href":"https:\/\/testwebsite.citygame.com\/sk\/wp-json\/wp\/v2\/types\/product"}],"acf:post":[{"embeddable":true,"href":"https:\/\/testwebsite.citygame.com\/sk\/wp-json\/wp\/v2\/pages\/4793"}],"wp:featuredmedia":[{"embeddable":true,"href":"https:\/\/testwebsite.citygame.com\/sk\/wp-json\/wp\/v2\/media\/13804"}],"wp:attachment":[{"href":"https:\/\/testwebsite.citygame.com\/sk\/wp-json\/wp\/v2\/media?parent=35884"}],"wp:term":[{"taxonomy":"game-concept","embeddable":true,"href":"https:\/\/testwebsite.citygame.com\/sk\/wp-json\/wp\/v2\/game-concept?post=35884"},{"taxonomy":"location","embeddable":true,"href":"https:\/\/testwebsite.citygame.com\/sk\/wp-json\/wp\/v2\/location?post=35884"},{"taxonomy":"product_brand","embeddable":true,"href":"https:\/\/testwebsite.citygame.com\/sk\/wp-json\/wp\/v2\/product_brand?post=35884"},{"taxonomy":"product_cat","embeddable":true,"href":"https:\/\/testwebsite.citygame.com\/sk\/wp-json\/wp\/v2\/product_cat?post=35884"},{"taxonomy":"product_tag","embeddable":true,"href":"https:\/\/testwebsite.citygame.com\/sk\/wp-json\/wp\/v2\/product_tag?post=35884"}],"curies":[{"name":"wp","href":"https:\/\/api.w.org\/{rel}","templated":true}]}}