{"id":15740,"date":"2026-02-24T13:22:22","date_gmt":"2026-02-24T13:22:22","guid":{"rendered":"https:\/\/testwebsite.citygame.com\/locations\/italy\/city-game-monza\/"},"modified":"2026-03-06T08:27:52","modified_gmt":"2026-03-06T08:27:52","slug":"city-game-monza","status":"publish","type":"page","link":"https:\/\/testwebsite.citygame.com\/sk\/locations\/italy\/city-game-monza\/","title":{"rendered":"City Game Monza"},"content":{"rendered":"","protected":false},"excerpt":{"rendered":"<p>Monza, a historic city nestled in the Lombardy region of Italy, is recognized for its rich history and role in the auto racing industry. It&#8217;s home to the Autodromo Nazionale Monza, a world-famous racing circuit, and the gothic-style Duomo di Monza, which harks back to its medieval past. Known for its melting pot of culture, encompassing both Northern Italian cuisine and vibrant fashion, the city effortlessly combines the old with the new.<\/p>\n","protected":false},"author":78,"featured_media":17219,"parent":7406,"menu_order":0,"comment_status":"closed","ping_status":"closed","template":"","meta":{"_acf_changed":false,"_yoast_wpseo_focuskw":"City Game Monza","_yoast_wpseo_metadesc":"City Game Monza. Explore the city with interactive City Games. Solve puzzles, complete challenges and play at your own pace with a self-guided City Game experience!","_kad_blocks_custom_css":"","_kad_blocks_head_custom_js":"","_kad_blocks_body_custom_js":"","_kad_blocks_footer_custom_js":"","ghostkit_customizer_options":"","ghostkit_custom_css":"","ghostkit_custom_js_head":"","ghostkit_custom_js_foot":"","ghostkit_typography":"","_kad_post_transparent":"","_kad_post_title":"","_kad_post_layout":"","_kad_post_sidebar_id":"","_kad_post_content_style":"","_kad_post_vertical_padding":"","_kad_post_feature":"","_kad_post_feature_position":"","_kad_post_header":false,"_kad_post_footer":false,"_kad_post_classname":"","footnotes":"","_links_to":"","_links_to_target":""},"cities-only-parent-location":[485],"countries-only-parent-locations":[],"seo_keyword":[],"cg_page_type":[45],"class_list":["post-15740","page","type-page","status-publish","has-post-thumbnail","hentry","cities-only-parent-location-italy","cg_page_type-city-overview-page"],"acf":{"latitude":45.58364878,"longitude":9.2752484656067,"country":485,"map_enabled":true},"yoast_head":"<!-- This site is optimized with the Yoast SEO Premium plugin v26.2 (Yoast SEO v26.3) - https:\/\/yoast.com\/wordpress\/plugins\/seo\/ -->\n<title>City Game Monza - City Game<\/title>\n<meta name=\"description\" content=\"City Game Monza. Explore the city with interactive City Games. Solve puzzles, complete challenges and play at your own pace with a self-guided City Game experience!\" \/>\n<meta name=\"robots\" content=\"noindex, follow, max-snippet:-1, max-image-preview:large, max-video-preview:-1\" \/>\n<meta property=\"og:locale\" content=\"sk_SK\" \/>\n<meta property=\"og:type\" content=\"article\" \/>\n<meta property=\"og:title\" content=\"City Game Monza\" \/>\n<meta property=\"og:description\" content=\"City Game Monza. Explore the city with interactive City Games. Solve puzzles, complete challenges and play at your own pace with a self-guided City Game experience!\" \/>\n<meta property=\"og:url\" content=\"https:\/\/testwebsite.citygame.com\/sk\/locations\/italy\/city-game-monza\/\" \/>\n<meta property=\"og:site_name\" content=\"City Game\" \/>\n<meta property=\"article:publisher\" content=\"https:\/\/www.facebook.com\/profile.php?id=100086426226253\" \/>\n<meta property=\"article:modified_time\" content=\"2026-03-06T08:27:52+00:00\" \/>\n<meta property=\"og:image\" content=\"https:\/\/testwebsite.citygame.com\/wp-content\/blogs.dir\/1\/files\/sites\/62\/2026\/03\/monza-villa-reale-reflecting-pool-sunset.jpeg\" \/>\n\t<meta property=\"og:image:width\" content=\"1920\" \/>\n\t<meta property=\"og:image:height\" content=\"1440\" \/>\n\t<meta property=\"og:image:type\" content=\"image\/jpeg\" \/>\n<meta name=\"twitter:card\" content=\"summary_large_image\" \/>\n<meta name=\"twitter:label1\" content=\"Predpokladan\u00fd \u010das \u010d\u00edtania\" \/>\n\t<meta name=\"twitter:data1\" content=\"2 min\u00faty\" \/>\n<script type=\"application\/ld+json\" class=\"yoast-schema-graph\">{\"@context\":\"https:\/\/schema.org\",\"@graph\":[{\"@type\":\"WebPage\",\"@id\":\"https:\/\/testwebsite.citygame.com\/sk\/locations\/italy\/city-game-monza\/\",\"url\":\"https:\/\/testwebsite.citygame.com\/sk\/locations\/italy\/city-game-monza\/\",\"name\":\"City Game Monza - City Game\",\"isPartOf\":{\"@id\":\"https:\/\/testwebsite.upevents.nl\/#website\"},\"primaryImageOfPage\":{\"@id\":\"https:\/\/testwebsite.citygame.com\/sk\/locations\/italy\/city-game-monza\/#primaryimage\"},\"image\":{\"@id\":\"https:\/\/testwebsite.citygame.com\/sk\/locations\/italy\/city-game-monza\/#primaryimage\"},\"thumbnailUrl\":\"https:\/\/testwebsite.citygame.com\/wp-content\/blogs.dir\/1\/files\/sites\/62\/2026\/03\/monza-villa-reale-reflecting-pool-sunset.jpeg\",\"datePublished\":\"2026-02-24T13:22:22+00:00\",\"dateModified\":\"2026-03-06T08:27:52+00:00\",\"description\":\"City Game Monza. Explore the city with interactive City Games. Solve puzzles, complete challenges and play at your own pace with a self-guided City Game experience!\",\"breadcrumb\":{\"@id\":\"https:\/\/testwebsite.citygame.com\/sk\/locations\/italy\/city-game-monza\/#breadcrumb\"},\"inLanguage\":\"sk-SK\",\"potentialAction\":[{\"@type\":\"ReadAction\",\"target\":[\"https:\/\/testwebsite.citygame.com\/sk\/locations\/italy\/city-game-monza\/\"]}]},{\"@type\":\"ImageObject\",\"inLanguage\":\"sk-SK\",\"@id\":\"https:\/\/testwebsite.citygame.com\/sk\/locations\/italy\/city-game-monza\/#primaryimage\",\"url\":\"https:\/\/testwebsite.citygame.com\/wp-content\/blogs.dir\/1\/files\/sites\/62\/2026\/03\/monza-villa-reale-reflecting-pool-sunset.jpeg\",\"contentUrl\":\"https:\/\/testwebsite.citygame.com\/wp-content\/blogs.dir\/1\/files\/sites\/62\/2026\/03\/monza-villa-reale-reflecting-pool-sunset.jpeg\",\"width\":1920,\"height\":1440,\"caption\":\"The Villa Reale di Monza and its large reflecting pool during the golden hour.\"},{\"@type\":\"BreadcrumbList\",\"@id\":\"https:\/\/testwebsite.citygame.com\/sk\/locations\/italy\/city-game-monza\/#breadcrumb\",\"itemListElement\":[{\"@type\":\"ListItem\",\"position\":1,\"name\":\"Home\",\"item\":\"https:\/\/testwebsite.citygame.com\/sk\/\"},{\"@type\":\"ListItem\",\"position\":2,\"name\":\"Locations\",\"item\":\"https:\/\/testwebsite.citygame.com\/sk\/locations\/\"},{\"@type\":\"ListItem\",\"position\":3,\"name\":\"City Game Italy\",\"item\":\"https:\/\/testwebsite.citygame.com\/sk\/locations\/italy\/\"},{\"@type\":\"ListItem\",\"position\":4,\"name\":\"City Game Monza\"}]},{\"@type\":\"WebSite\",\"@id\":\"https:\/\/testwebsite.upevents.nl\/#website\",\"url\":\"https:\/\/testwebsite.upevents.nl\/\",\"name\":\"City Game\",\"description\":\"\",\"publisher\":{\"@id\":\"https:\/\/testwebsite.upevents.nl\/#organization\"},\"alternateName\":\"citygame.com\",\"potentialAction\":[{\"@type\":\"SearchAction\",\"target\":{\"@type\":\"EntryPoint\",\"urlTemplate\":\"https:\/\/testwebsite.upevents.nl\/?s={search_term_string}\"},\"query-input\":{\"@type\":\"PropertyValueSpecification\",\"valueRequired\":true,\"valueName\":\"search_term_string\"}}],\"inLanguage\":\"sk-SK\"},{\"@type\":[\"Organization\",\"Place\"],\"@id\":\"https:\/\/testwebsite.upevents.nl\/#organization\",\"name\":\"City Game\",\"alternateName\":\"citygame.com\",\"url\":\"https:\/\/testwebsite.upevents.nl\/\",\"logo\":{\"@id\":\"https:\/\/testwebsite.citygame.com\/sk\/locations\/italy\/city-game-monza\/#local-main-organization-logo\"},\"image\":{\"@id\":\"https:\/\/testwebsite.citygame.com\/sk\/locations\/italy\/city-game-monza\/#local-main-organization-logo\"},\"sameAs\":[\"https:\/\/www.facebook.com\/profile.php?id=100086426226253\",\"https:\/\/www.instagram.com\/citygame_com\",\"https:\/\/www.tiktok.com\/@citygamecom\/\",\"https:\/\/www.linkedin.com\/company\/citygame-com\"],\"description\":\"Turn any city into a playground with our interactive City Games and self-guided tours. Fun, flexible, and ideal for groups and team building.\",\"telephone\":[],\"openingHoursSpecification\":[{\"@type\":\"OpeningHoursSpecification\",\"dayOfWeek\":[\"Monday\",\"Tuesday\",\"Wednesday\",\"Thursday\",\"Friday\",\"Saturday\",\"Sunday\"],\"opens\":\"09:00\",\"closes\":\"17:00\"}]},{\"@type\":\"ImageObject\",\"inLanguage\":\"sk-SK\",\"@id\":\"https:\/\/testwebsite.citygame.com\/sk\/locations\/italy\/city-game-monza\/#local-main-organization-logo\",\"url\":\"https:\/\/testwebsite.citygame.com\/wp-content\/blogs.dir\/1\/files\/sites\/62\/2025\/10\/CG_LOGO-City-Game.png\",\"contentUrl\":\"https:\/\/testwebsite.citygame.com\/wp-content\/blogs.dir\/1\/files\/sites\/62\/2025\/10\/CG_LOGO-City-Game.png\",\"width\":351,\"height\":377,\"caption\":\"City Game\"}]}<\/script>\n<!-- \/ Yoast SEO Premium plugin. -->","yoast_head_json":{"title":"City Game Monza - City Game","description":"City Game Monza. Explore the city with interactive City Games. Solve puzzles, complete challenges and play at your own pace with a self-guided City Game experience!","robots":{"index":"noindex","follow":"follow","max-snippet":"max-snippet:-1","max-image-preview":"max-image-preview:large","max-video-preview":"max-video-preview:-1"},"og_locale":"sk_SK","og_type":"article","og_title":"City Game Monza","og_description":"City Game Monza. Explore the city with interactive City Games. Solve puzzles, complete challenges and play at your own pace with a self-guided City Game experience!","og_url":"https:\/\/testwebsite.citygame.com\/sk\/locations\/italy\/city-game-monza\/","og_site_name":"City Game","article_publisher":"https:\/\/www.facebook.com\/profile.php?id=100086426226253","article_modified_time":"2026-03-06T08:27:52+00:00","og_image":[{"width":1920,"height":1440,"url":"https:\/\/testwebsite.citygame.com\/wp-content\/blogs.dir\/1\/files\/sites\/62\/2026\/03\/monza-villa-reale-reflecting-pool-sunset.jpeg","type":"image\/jpeg"}],"twitter_card":"summary_large_image","twitter_misc":{"Predpokladan\u00fd \u010das \u010d\u00edtania":"2 min\u00faty"},"schema":{"@context":"https:\/\/schema.org","@graph":[{"@type":"WebPage","@id":"https:\/\/testwebsite.citygame.com\/sk\/locations\/italy\/city-game-monza\/","url":"https:\/\/testwebsite.citygame.com\/sk\/locations\/italy\/city-game-monza\/","name":"City Game Monza - City Game","isPartOf":{"@id":"https:\/\/testwebsite.upevents.nl\/#website"},"primaryImageOfPage":{"@id":"https:\/\/testwebsite.citygame.com\/sk\/locations\/italy\/city-game-monza\/#primaryimage"},"image":{"@id":"https:\/\/testwebsite.citygame.com\/sk\/locations\/italy\/city-game-monza\/#primaryimage"},"thumbnailUrl":"https:\/\/testwebsite.citygame.com\/wp-content\/blogs.dir\/1\/files\/sites\/62\/2026\/03\/monza-villa-reale-reflecting-pool-sunset.jpeg","datePublished":"2026-02-24T13:22:22+00:00","dateModified":"2026-03-06T08:27:52+00:00","description":"City Game Monza. Explore the city with interactive City Games. Solve puzzles, complete challenges and play at your own pace with a self-guided City Game experience!","breadcrumb":{"@id":"https:\/\/testwebsite.citygame.com\/sk\/locations\/italy\/city-game-monza\/#breadcrumb"},"inLanguage":"sk-SK","potentialAction":[{"@type":"ReadAction","target":["https:\/\/testwebsite.citygame.com\/sk\/locations\/italy\/city-game-monza\/"]}]},{"@type":"ImageObject","inLanguage":"sk-SK","@id":"https:\/\/testwebsite.citygame.com\/sk\/locations\/italy\/city-game-monza\/#primaryimage","url":"https:\/\/testwebsite.citygame.com\/wp-content\/blogs.dir\/1\/files\/sites\/62\/2026\/03\/monza-villa-reale-reflecting-pool-sunset.jpeg","contentUrl":"https:\/\/testwebsite.citygame.com\/wp-content\/blogs.dir\/1\/files\/sites\/62\/2026\/03\/monza-villa-reale-reflecting-pool-sunset.jpeg","width":1920,"height":1440,"caption":"The Villa Reale di Monza and its large reflecting pool during the golden hour."},{"@type":"BreadcrumbList","@id":"https:\/\/testwebsite.citygame.com\/sk\/locations\/italy\/city-game-monza\/#breadcrumb","itemListElement":[{"@type":"ListItem","position":1,"name":"Home","item":"https:\/\/testwebsite.citygame.com\/sk\/"},{"@type":"ListItem","position":2,"name":"Locations","item":"https:\/\/testwebsite.citygame.com\/sk\/locations\/"},{"@type":"ListItem","position":3,"name":"City Game Italy","item":"https:\/\/testwebsite.citygame.com\/sk\/locations\/italy\/"},{"@type":"ListItem","position":4,"name":"City Game Monza"}]},{"@type":"WebSite","@id":"https:\/\/testwebsite.upevents.nl\/#website","url":"https:\/\/testwebsite.upevents.nl\/","name":"City Game","description":"","publisher":{"@id":"https:\/\/testwebsite.upevents.nl\/#organization"},"alternateName":"citygame.com","potentialAction":[{"@type":"SearchAction","target":{"@type":"EntryPoint","urlTemplate":"https:\/\/testwebsite.upevents.nl\/?s={search_term_string}"},"query-input":{"@type":"PropertyValueSpecification","valueRequired":true,"valueName":"search_term_string"}}],"inLanguage":"sk-SK"},{"@type":["Organization","Place"],"@id":"https:\/\/testwebsite.upevents.nl\/#organization","name":"City Game","alternateName":"citygame.com","url":"https:\/\/testwebsite.upevents.nl\/","logo":{"@id":"https:\/\/testwebsite.citygame.com\/sk\/locations\/italy\/city-game-monza\/#local-main-organization-logo"},"image":{"@id":"https:\/\/testwebsite.citygame.com\/sk\/locations\/italy\/city-game-monza\/#local-main-organization-logo"},"sameAs":["https:\/\/www.facebook.com\/profile.php?id=100086426226253","https:\/\/www.instagram.com\/citygame_com","https:\/\/www.tiktok.com\/@citygamecom\/","https:\/\/www.linkedin.com\/company\/citygame-com"],"description":"Turn any city into a playground with our interactive City Games and self-guided tours. Fun, flexible, and ideal for groups and team building.","telephone":[],"openingHoursSpecification":[{"@type":"OpeningHoursSpecification","dayOfWeek":["Monday","Tuesday","Wednesday","Thursday","Friday","Saturday","Sunday"],"opens":"09:00","closes":"17:00"}]},{"@type":"ImageObject","inLanguage":"sk-SK","@id":"https:\/\/testwebsite.citygame.com\/sk\/locations\/italy\/city-game-monza\/#local-main-organization-logo","url":"https:\/\/testwebsite.citygame.com\/wp-content\/blogs.dir\/1\/files\/sites\/62\/2025\/10\/CG_LOGO-City-Game.png","contentUrl":"https:\/\/testwebsite.citygame.com\/wp-content\/blogs.dir\/1\/files\/sites\/62\/2025\/10\/CG_LOGO-City-Game.png","width":351,"height":377,"caption":"City Game"}]}},"taxonomy_info":{"cities-only-parent-location":[{"value":485,"label":"Italy"}],"cg_page_type":[{"value":45,"label":"City overview page"}]},"featured_image_src_large":["https:\/\/testwebsite.citygame.com\/wp-content\/blogs.dir\/1\/files\/sites\/62\/2026\/03\/monza-villa-reale-reflecting-pool-sunset-1024x768.jpeg",1024,768,true],"author_info":{"display_name":"Philip","author_link":"https:\/\/testwebsite.citygame.com\/sk\/blog\/author\/sophi2\/"},"comment_info":0,"_links":{"self":[{"href":"https:\/\/testwebsite.citygame.com\/sk\/wp-json\/wp\/v2\/pages\/15740","targetHints":{"allow":["GET"]}}],"collection":[{"href":"https:\/\/testwebsite.citygame.com\/sk\/wp-json\/wp\/v2\/pages"}],"about":[{"href":"https:\/\/testwebsite.citygame.com\/sk\/wp-json\/wp\/v2\/types\/page"}],"author":[{"embeddable":true,"href":"https:\/\/testwebsite.citygame.com\/sk\/wp-json\/wp\/v2\/users\/78"}],"replies":[{"embeddable":true,"href":"https:\/\/testwebsite.citygame.com\/sk\/wp-json\/wp\/v2\/comments?post=15740"}],"version-history":[{"count":2,"href":"https:\/\/testwebsite.citygame.com\/sk\/wp-json\/wp\/v2\/pages\/15740\/revisions"}],"predecessor-version":[{"id":17304,"href":"https:\/\/testwebsite.citygame.com\/sk\/wp-json\/wp\/v2\/pages\/15740\/revisions\/17304"}],"up":[{"embeddable":true,"href":"https:\/\/testwebsite.citygame.com\/sk\/wp-json\/wp\/v2\/pages\/7406"}],"acf:term":[{"embeddable":true,"taxonomy":"cities-only-parent-location","href":"https:\/\/testwebsite.citygame.com\/sk\/wp-json\/wp\/v2\/cities-only-parent-location\/485"}],"wp:featuredmedia":[{"embeddable":true,"href":"https:\/\/testwebsite.citygame.com\/sk\/wp-json\/wp\/v2\/media\/17219"}],"wp:attachment":[{"href":"https:\/\/testwebsite.citygame.com\/sk\/wp-json\/wp\/v2\/media?parent=15740"}],"wp:term":[{"taxonomy":"cities-only-parent-location","embeddable":true,"href":"https:\/\/testwebsite.citygame.com\/sk\/wp-json\/wp\/v2\/cities-only-parent-location?post=15740"},{"taxonomy":"countries-only-parent-locations","embeddable":true,"href":"https:\/\/testwebsite.citygame.com\/sk\/wp-json\/wp\/v2\/countries-only-parent-locations?post=15740"},{"taxonomy":"seo_keyword","embeddable":true,"href":"https:\/\/testwebsite.citygame.com\/sk\/wp-json\/wp\/v2\/seo_keyword?post=15740"},{"taxonomy":"cg_page_type","embeddable":true,"href":"https:\/\/testwebsite.citygame.com\/sk\/wp-json\/wp\/v2\/cg_page_type?post=15740"}],"curies":[{"name":"wp","href":"https:\/\/api.w.org\/{rel}","templated":true}]}}