{"id":8487,"date":"2026-01-30T12:08:45","date_gmt":"2026-01-30T12:08:45","guid":{"rendered":"https:\/\/testwebsite.citygame.com\/locations\/france\/city-game-toulon\/"},"modified":"2026-03-05T09:46:07","modified_gmt":"2026-03-05T09:46:07","slug":"city-game-toulon","status":"publish","type":"page","link":"https:\/\/testwebsite.citygame.com\/ru\/locations\/france\/city-game-toulon\/","title":{"rendered":"City Game Toulon"},"content":{"rendered":"","protected":false},"excerpt":{"rendered":"<p>Toulon is a port city located on the Mediterranean coast in southern France. Known for its naval history, it is home to France\u2019s main naval base and the National Maritime Museum. The city features a blend of Proven\u00e7al charm and maritime heritage, with highlights like the scenic Mont Faron, historic old town, and the bustling harbor that shapes its coastal identity.<\/p>\n","protected":false},"author":78,"featured_media":16626,"parent":5727,"menu_order":0,"comment_status":"closed","ping_status":"closed","template":"","meta":{"_acf_changed":false,"_yoast_wpseo_focuskw":"City Game Toulon","_yoast_wpseo_metadesc":"City Game Toulon. Explore the city with interactive City Games. Solve puzzles, complete challenges and play at your own pace with a self-guided City Game experience!","_kad_blocks_custom_css":"","_kad_blocks_head_custom_js":"","_kad_blocks_body_custom_js":"","_kad_blocks_footer_custom_js":"","ghostkit_customizer_options":"","ghostkit_custom_css":"","ghostkit_custom_js_head":"","ghostkit_custom_js_foot":"","ghostkit_typography":"","_kad_post_transparent":"","_kad_post_title":"","_kad_post_layout":"","_kad_post_sidebar_id":"","_kad_post_content_style":"","_kad_post_vertical_padding":"","_kad_post_feature":"","_kad_post_feature_position":"","_kad_post_header":false,"_kad_post_footer":false,"_kad_post_classname":"","footnotes":"","_links_to":"","_links_to_target":""},"cities-only-parent-location":[470],"countries-only-parent-locations":[],"seo_keyword":[],"cg_page_type":[45],"class_list":["post-8487","page","type-page","status-publish","has-post-thumbnail","hentry","cities-only-parent-location-france","cg_page_type-city-overview-page"],"acf":{"latitude":43.1214733,"longitude":5.9340034,"country":470,"map_enabled":true},"yoast_head":"<!-- This site is optimized with the Yoast SEO Premium plugin v26.2 (Yoast SEO v26.3) - https:\/\/yoast.com\/wordpress\/plugins\/seo\/ -->\n<title>City Game Toulon - City Game<\/title>\n<meta name=\"description\" content=\"City Game Toulon. Explore the city with interactive City Games. Solve puzzles, complete challenges and play at your own pace with a self-guided City Game experience!\" \/>\n<meta name=\"robots\" content=\"noindex, follow, max-snippet:-1, max-image-preview:large, max-video-preview:-1\" \/>\n<meta property=\"og:locale\" content=\"ru_RU\" \/>\n<meta property=\"og:type\" content=\"article\" \/>\n<meta property=\"og:title\" content=\"City Game Toulon\" \/>\n<meta property=\"og:description\" content=\"City Game Toulon. Explore the city with interactive City Games. Solve puzzles, complete challenges and play at your own pace with a self-guided City Game experience!\" \/>\n<meta property=\"og:url\" content=\"https:\/\/testwebsite.citygame.com\/ru\/locations\/france\/city-game-toulon\/\" \/>\n<meta property=\"og:site_name\" content=\"City Game\" \/>\n<meta property=\"article:publisher\" content=\"https:\/\/www.facebook.com\/profile.php?id=100086426226253\" \/>\n<meta property=\"article:modified_time\" content=\"2026-03-05T09:46:07+00:00\" \/>\n<meta property=\"og:image\" content=\"https:\/\/testwebsite.citygame.com\/wp-content\/blogs.dir\/1\/files\/sites\/62\/2026\/01\/toulon-view-of-the-harbor.jpg\" \/>\n\t<meta property=\"og:image:width\" content=\"1376\" \/>\n\t<meta property=\"og:image:height\" content=\"768\" \/>\n\t<meta property=\"og:image:type\" content=\"image\/jpeg\" \/>\n<meta name=\"twitter:card\" content=\"summary_large_image\" \/>\n<script type=\"application\/ld+json\" class=\"yoast-schema-graph\">{\"@context\":\"https:\/\/schema.org\",\"@graph\":[{\"@type\":\"WebPage\",\"@id\":\"https:\/\/testwebsite.citygame.com\/ru\/locations\/france\/city-game-toulon\/\",\"url\":\"https:\/\/testwebsite.citygame.com\/ru\/locations\/france\/city-game-toulon\/\",\"name\":\"City Game Toulon - City Game\",\"isPartOf\":{\"@id\":\"https:\/\/testwebsite.upevents.nl\/#website\"},\"primaryImageOfPage\":{\"@id\":\"https:\/\/testwebsite.citygame.com\/ru\/locations\/france\/city-game-toulon\/#primaryimage\"},\"image\":{\"@id\":\"https:\/\/testwebsite.citygame.com\/ru\/locations\/france\/city-game-toulon\/#primaryimage\"},\"thumbnailUrl\":\"https:\/\/testwebsite.citygame.com\/wp-content\/blogs.dir\/1\/files\/sites\/62\/2026\/03\/toulon-place-de-la-liberte-fountain.jpeg\",\"datePublished\":\"2026-01-30T12:08:45+00:00\",\"dateModified\":\"2026-03-05T09:46:07+00:00\",\"description\":\"City Game Toulon. Explore the city with interactive City Games. Solve puzzles, complete challenges and play at your own pace with a self-guided City Game experience!\",\"breadcrumb\":{\"@id\":\"https:\/\/testwebsite.citygame.com\/ru\/locations\/france\/city-game-toulon\/#breadcrumb\"},\"inLanguage\":\"ru-RU\",\"potentialAction\":[{\"@type\":\"ReadAction\",\"target\":[\"https:\/\/testwebsite.citygame.com\/ru\/locations\/france\/city-game-toulon\/\"]}]},{\"@type\":\"ImageObject\",\"inLanguage\":\"ru-RU\",\"@id\":\"https:\/\/testwebsite.citygame.com\/ru\/locations\/france\/city-game-toulon\/#primaryimage\",\"url\":\"https:\/\/testwebsite.citygame.com\/wp-content\/blogs.dir\/1\/files\/sites\/62\/2026\/03\/toulon-place-de-la-liberte-fountain.jpeg\",\"contentUrl\":\"https:\/\/testwebsite.citygame.com\/wp-content\/blogs.dir\/1\/files\/sites\/62\/2026\/03\/toulon-place-de-la-liberte-fountain.jpeg\",\"width\":1920,\"height\":1180,\"caption\":\"The Fontaine de la F\u00e9d\u00e9ration on the Place de la Libert\u00e9 in the city of Toulon.\"},{\"@type\":\"BreadcrumbList\",\"@id\":\"https:\/\/testwebsite.citygame.com\/ru\/locations\/france\/city-game-toulon\/#breadcrumb\",\"itemListElement\":[{\"@type\":\"ListItem\",\"position\":1,\"name\":\"Home\",\"item\":\"https:\/\/testwebsite.citygame.com\/ru\/\"},{\"@type\":\"ListItem\",\"position\":2,\"name\":\"Locations\",\"item\":\"https:\/\/testwebsite.citygame.com\/ru\/locations\/\"},{\"@type\":\"ListItem\",\"position\":3,\"name\":\"City Game France\",\"item\":\"https:\/\/testwebsite.citygame.com\/ru\/locations\/france\/\"},{\"@type\":\"ListItem\",\"position\":4,\"name\":\"City Game Toulon\"}]},{\"@type\":\"WebSite\",\"@id\":\"https:\/\/testwebsite.upevents.nl\/#website\",\"url\":\"https:\/\/testwebsite.upevents.nl\/\",\"name\":\"City Game\",\"description\":\"\",\"publisher\":{\"@id\":\"https:\/\/testwebsite.upevents.nl\/#organization\"},\"alternateName\":\"citygame.com\",\"potentialAction\":[{\"@type\":\"SearchAction\",\"target\":{\"@type\":\"EntryPoint\",\"urlTemplate\":\"https:\/\/testwebsite.upevents.nl\/?s={search_term_string}\"},\"query-input\":{\"@type\":\"PropertyValueSpecification\",\"valueRequired\":true,\"valueName\":\"search_term_string\"}}],\"inLanguage\":\"ru-RU\"},{\"@type\":[\"Organization\",\"Place\"],\"@id\":\"https:\/\/testwebsite.upevents.nl\/#organization\",\"name\":\"City Game\",\"alternateName\":\"citygame.com\",\"url\":\"https:\/\/testwebsite.upevents.nl\/\",\"logo\":{\"@id\":\"https:\/\/testwebsite.citygame.com\/ru\/locations\/france\/city-game-toulon\/#local-main-organization-logo\"},\"image\":{\"@id\":\"https:\/\/testwebsite.citygame.com\/ru\/locations\/france\/city-game-toulon\/#local-main-organization-logo\"},\"sameAs\":[\"https:\/\/www.facebook.com\/profile.php?id=100086426226253\",\"https:\/\/www.instagram.com\/citygame_com\",\"https:\/\/www.tiktok.com\/@citygamecom\/\",\"https:\/\/www.linkedin.com\/company\/citygame-com\"],\"description\":\"Turn any city into a playground with our interactive City Games and self-guided tours. Fun, flexible, and ideal for groups and team building.\",\"telephone\":[],\"openingHoursSpecification\":[{\"@type\":\"OpeningHoursSpecification\",\"dayOfWeek\":[\"Monday\",\"Tuesday\",\"Wednesday\",\"Thursday\",\"Friday\",\"Saturday\",\"Sunday\"],\"opens\":\"09:00\",\"closes\":\"17:00\"}]},{\"@type\":\"ImageObject\",\"inLanguage\":\"ru-RU\",\"@id\":\"https:\/\/testwebsite.citygame.com\/ru\/locations\/france\/city-game-toulon\/#local-main-organization-logo\",\"url\":\"https:\/\/testwebsite.citygame.com\/wp-content\/blogs.dir\/1\/files\/sites\/62\/2025\/10\/CG_LOGO-City-Game.png\",\"contentUrl\":\"https:\/\/testwebsite.citygame.com\/wp-content\/blogs.dir\/1\/files\/sites\/62\/2025\/10\/CG_LOGO-City-Game.png\",\"width\":351,\"height\":377,\"caption\":\"City Game\"}]}<\/script>\n<!-- \/ Yoast SEO Premium plugin. -->","yoast_head_json":{"title":"City Game Toulon - City Game","description":"City Game Toulon. Explore the city with interactive City Games. Solve puzzles, complete challenges and play at your own pace with a self-guided City Game experience!","robots":{"index":"noindex","follow":"follow","max-snippet":"max-snippet:-1","max-image-preview":"max-image-preview:large","max-video-preview":"max-video-preview:-1"},"og_locale":"ru_RU","og_type":"article","og_title":"City Game Toulon","og_description":"City Game Toulon. Explore the city with interactive City Games. Solve puzzles, complete challenges and play at your own pace with a self-guided City Game experience!","og_url":"https:\/\/testwebsite.citygame.com\/ru\/locations\/france\/city-game-toulon\/","og_site_name":"City Game","article_publisher":"https:\/\/www.facebook.com\/profile.php?id=100086426226253","article_modified_time":"2026-03-05T09:46:07+00:00","og_image":[{"width":1376,"height":768,"url":"https:\/\/testwebsite.citygame.com\/wp-content\/blogs.dir\/1\/files\/sites\/62\/2026\/01\/toulon-view-of-the-harbor.jpg","type":"image\/jpeg"}],"twitter_card":"summary_large_image","schema":{"@context":"https:\/\/schema.org","@graph":[{"@type":"WebPage","@id":"https:\/\/testwebsite.citygame.com\/ru\/locations\/france\/city-game-toulon\/","url":"https:\/\/testwebsite.citygame.com\/ru\/locations\/france\/city-game-toulon\/","name":"City Game Toulon - City Game","isPartOf":{"@id":"https:\/\/testwebsite.upevents.nl\/#website"},"primaryImageOfPage":{"@id":"https:\/\/testwebsite.citygame.com\/ru\/locations\/france\/city-game-toulon\/#primaryimage"},"image":{"@id":"https:\/\/testwebsite.citygame.com\/ru\/locations\/france\/city-game-toulon\/#primaryimage"},"thumbnailUrl":"https:\/\/testwebsite.citygame.com\/wp-content\/blogs.dir\/1\/files\/sites\/62\/2026\/03\/toulon-place-de-la-liberte-fountain.jpeg","datePublished":"2026-01-30T12:08:45+00:00","dateModified":"2026-03-05T09:46:07+00:00","description":"City Game Toulon. Explore the city with interactive City Games. Solve puzzles, complete challenges and play at your own pace with a self-guided City Game experience!","breadcrumb":{"@id":"https:\/\/testwebsite.citygame.com\/ru\/locations\/france\/city-game-toulon\/#breadcrumb"},"inLanguage":"ru-RU","potentialAction":[{"@type":"ReadAction","target":["https:\/\/testwebsite.citygame.com\/ru\/locations\/france\/city-game-toulon\/"]}]},{"@type":"ImageObject","inLanguage":"ru-RU","@id":"https:\/\/testwebsite.citygame.com\/ru\/locations\/france\/city-game-toulon\/#primaryimage","url":"https:\/\/testwebsite.citygame.com\/wp-content\/blogs.dir\/1\/files\/sites\/62\/2026\/03\/toulon-place-de-la-liberte-fountain.jpeg","contentUrl":"https:\/\/testwebsite.citygame.com\/wp-content\/blogs.dir\/1\/files\/sites\/62\/2026\/03\/toulon-place-de-la-liberte-fountain.jpeg","width":1920,"height":1180,"caption":"The Fontaine de la F\u00e9d\u00e9ration on the Place de la Libert\u00e9 in the city of Toulon."},{"@type":"BreadcrumbList","@id":"https:\/\/testwebsite.citygame.com\/ru\/locations\/france\/city-game-toulon\/#breadcrumb","itemListElement":[{"@type":"ListItem","position":1,"name":"Home","item":"https:\/\/testwebsite.citygame.com\/ru\/"},{"@type":"ListItem","position":2,"name":"Locations","item":"https:\/\/testwebsite.citygame.com\/ru\/locations\/"},{"@type":"ListItem","position":3,"name":"City Game France","item":"https:\/\/testwebsite.citygame.com\/ru\/locations\/france\/"},{"@type":"ListItem","position":4,"name":"City Game Toulon"}]},{"@type":"WebSite","@id":"https:\/\/testwebsite.upevents.nl\/#website","url":"https:\/\/testwebsite.upevents.nl\/","name":"City Game","description":"","publisher":{"@id":"https:\/\/testwebsite.upevents.nl\/#organization"},"alternateName":"citygame.com","potentialAction":[{"@type":"SearchAction","target":{"@type":"EntryPoint","urlTemplate":"https:\/\/testwebsite.upevents.nl\/?s={search_term_string}"},"query-input":{"@type":"PropertyValueSpecification","valueRequired":true,"valueName":"search_term_string"}}],"inLanguage":"ru-RU"},{"@type":["Organization","Place"],"@id":"https:\/\/testwebsite.upevents.nl\/#organization","name":"City Game","alternateName":"citygame.com","url":"https:\/\/testwebsite.upevents.nl\/","logo":{"@id":"https:\/\/testwebsite.citygame.com\/ru\/locations\/france\/city-game-toulon\/#local-main-organization-logo"},"image":{"@id":"https:\/\/testwebsite.citygame.com\/ru\/locations\/france\/city-game-toulon\/#local-main-organization-logo"},"sameAs":["https:\/\/www.facebook.com\/profile.php?id=100086426226253","https:\/\/www.instagram.com\/citygame_com","https:\/\/www.tiktok.com\/@citygamecom\/","https:\/\/www.linkedin.com\/company\/citygame-com"],"description":"Turn any city into a playground with our interactive City Games and self-guided tours. Fun, flexible, and ideal for groups and team building.","telephone":[],"openingHoursSpecification":[{"@type":"OpeningHoursSpecification","dayOfWeek":["Monday","Tuesday","Wednesday","Thursday","Friday","Saturday","Sunday"],"opens":"09:00","closes":"17:00"}]},{"@type":"ImageObject","inLanguage":"ru-RU","@id":"https:\/\/testwebsite.citygame.com\/ru\/locations\/france\/city-game-toulon\/#local-main-organization-logo","url":"https:\/\/testwebsite.citygame.com\/wp-content\/blogs.dir\/1\/files\/sites\/62\/2025\/10\/CG_LOGO-City-Game.png","contentUrl":"https:\/\/testwebsite.citygame.com\/wp-content\/blogs.dir\/1\/files\/sites\/62\/2025\/10\/CG_LOGO-City-Game.png","width":351,"height":377,"caption":"City Game"}]}},"taxonomy_info":{"cities-only-parent-location":[{"value":470,"label":"France"}],"cg_page_type":[{"value":45,"label":"City overview page"}]},"featured_image_src_large":["https:\/\/testwebsite.citygame.com\/wp-content\/blogs.dir\/1\/files\/sites\/62\/2026\/03\/toulon-place-de-la-liberte-fountain-1024x629.jpeg",1024,629,true],"author_info":{"display_name":"Philip","author_link":"https:\/\/testwebsite.citygame.com\/ru\/blog\/author\/sophi2\/"},"comment_info":0,"_links":{"self":[{"href":"https:\/\/testwebsite.citygame.com\/ru\/wp-json\/wp\/v2\/pages\/8487","targetHints":{"allow":["GET"]}}],"collection":[{"href":"https:\/\/testwebsite.citygame.com\/ru\/wp-json\/wp\/v2\/pages"}],"about":[{"href":"https:\/\/testwebsite.citygame.com\/ru\/wp-json\/wp\/v2\/types\/page"}],"author":[{"embeddable":true,"href":"https:\/\/testwebsite.citygame.com\/ru\/wp-json\/wp\/v2\/users\/78"}],"replies":[{"embeddable":true,"href":"https:\/\/testwebsite.citygame.com\/ru\/wp-json\/wp\/v2\/comments?post=8487"}],"version-history":[{"count":1,"href":"https:\/\/testwebsite.citygame.com\/ru\/wp-json\/wp\/v2\/pages\/8487\/revisions"}],"predecessor-version":[{"id":14564,"href":"https:\/\/testwebsite.citygame.com\/ru\/wp-json\/wp\/v2\/pages\/8487\/revisions\/14564"}],"up":[{"embeddable":true,"href":"https:\/\/testwebsite.citygame.com\/ru\/wp-json\/wp\/v2\/pages\/5727"}],"acf:term":[{"embeddable":true,"taxonomy":"cities-only-parent-location","href":"https:\/\/testwebsite.citygame.com\/ru\/wp-json\/wp\/v2\/cities-only-parent-location\/470"}],"wp:featuredmedia":[{"embeddable":true,"href":"https:\/\/testwebsite.citygame.com\/ru\/wp-json\/wp\/v2\/media\/16626"}],"wp:attachment":[{"href":"https:\/\/testwebsite.citygame.com\/ru\/wp-json\/wp\/v2\/media?parent=8487"}],"wp:term":[{"taxonomy":"cities-only-parent-location","embeddable":true,"href":"https:\/\/testwebsite.citygame.com\/ru\/wp-json\/wp\/v2\/cities-only-parent-location?post=8487"},{"taxonomy":"countries-only-parent-locations","embeddable":true,"href":"https:\/\/testwebsite.citygame.com\/ru\/wp-json\/wp\/v2\/countries-only-parent-locations?post=8487"},{"taxonomy":"seo_keyword","embeddable":true,"href":"https:\/\/testwebsite.citygame.com\/ru\/wp-json\/wp\/v2\/seo_keyword?post=8487"},{"taxonomy":"cg_page_type","embeddable":true,"href":"https:\/\/testwebsite.citygame.com\/ru\/wp-json\/wp\/v2\/cg_page_type?post=8487"}],"curies":[{"name":"wp","href":"https:\/\/api.w.org\/{rel}","templated":true}]}}