{"id":66518,"date":"2026-03-13T17:58:23","date_gmt":"2026-03-13T17:58:23","guid":{"rendered":"https:\/\/testwebsite.citygame.com\/games\/unknown-location\/secrets-of-hoek-van-holland\/"},"modified":"2026-04-08T20:54:11","modified_gmt":"2026-04-08T20:54:11","slug":"secrets-of-hoek-van-holland","status":"publish","type":"product","link":"https:\/\/testwebsite.citygame.com\/pt-br\/games\/hoek-van-holland\/secrets-of-hoek-van-holland\/","title":{"rendered":"Secrets of Hoek van Holland"},"content":{"rendered":"<p>Embarque em uma aventura \u00fanica com o City Game autoguiado e baseado em GPS Secrets of Hoek van Holland. Como uma not\u00e1vel jornada de explora\u00e7\u00e3o, ele acontece no centro da cidade de Hoek van Holland, envolvendo os jogadores a explorar suas ruas usando seus smartphones, resolvendo enigmas emocionantes, quebra-cabe\u00e7as intrigantes e divertidos desafios fotogr\u00e1ficos. Enquanto desvendam os mist\u00e9rios do jogo, os jogadores tamb\u00e9m mergulham na rica hist\u00f3ria, cultura e detalhes inesperados de Hoek van Holland. Perfeitamente adaptado para moradores e visitantes, este City Game oferece uma perspectiva interessante e divertida, seja voc\u00ea um jogador solo, em uma escapada rom\u00e2ntica, passeio em fam\u00edlia ou grupo de amigos. \u00c9 um jogo de explora\u00e7\u00e3o urbana como nenhum outro, ambientado no cora\u00e7\u00e3o vibrante de Hoek van Holland.<\/p>\n","protected":false},"excerpt":{"rendered":"<p>Descubra as Joias Escondidas de Hoek van Holland! Navegue pela cidade onde contos de eventos hist\u00f3ricos de guerra se misturam perfeitamente com a tranquilidade das praias, levante hip\u00f3teses de enigmas ocultos enquanto atravessa seus deliciosos contrastes \u2013 Hoek van Holland oferece surpresas em cada esquina!<\/p>\n","protected":false},"featured_media":18828,"template":"","meta":{"_acf_changed":false,"_yoast_wpseo_focuskw":"Secrets of Hoek van Holland","_yoast_wpseo_metadesc":"Secrets of Hoek van Holland. Jogue um City Game autoguiado e explore a cidade atrav\u00e9s de quebra-cabe\u00e7as, enigmas e desafios. Jogue no seu pr\u00f3prio ritmo e descubra como um morador local!","_kad_blocks_custom_css":"","_kad_blocks_head_custom_js":"","_kad_blocks_body_custom_js":"","_kad_blocks_footer_custom_js":"","ghostkit_customizer_options":"","ghostkit_custom_css":"","ghostkit_custom_js_head":"","ghostkit_custom_js_foot":"","ghostkit_typography":"","_kad_post_transparent":"","_kad_post_title":"","_kad_post_layout":"","_kad_post_sidebar_id":"","_kad_post_content_style":"","_kad_post_vertical_padding":"","_kad_post_feature":"","_kad_post_feature_position":"","_kad_post_header":false,"_kad_post_footer":false,"_kad_post_classname":"","_links_to":"","_links_to_target":""},"game-concept":[725],"location":[200],"product_brand":[],"product_cat":[27],"product_tag":[],"class_list":{"0":"post-66518","1":"product","2":"type-product","3":"status-publish","4":"has-post-thumbnail","6":"game-concept-secrets","7":"location-hoek-van-holland","8":"product_cat-geen-categorie","10":"first","11":"instock","12":"shipping-taxable","13":"purchasable","14":"product-type-simple","15":"entry","16":"content-bg","17":"loop-entry"},"acf":{"full_bokun_product_name":"Self-Guided Secrets of Hoek van Holland Exploration Game","location_name":"Hoek van Holland","bokun_calendar_widget_code":"<script type=\"text\/javascript\" src=\"https:\/\/widgets.bokun.io\/assets\/javascripts\/apps\/build\/BokunWidgetsLoader.js?bookingChannelUUID=a1e93e96-5232-4734-a595-28405f4b5a31\" async><\/script>\n     \n    <div class=\"bokunWidget\" data-src=\"https:\/\/widgets.bokun.io\/online-sales\/a1e93e96-5232-4734-a595-28405f4b5a31\/experience-calendar\/885100\"><\/div>\n    <noscript>Please enable javascript in your browser to book<\/noscript>","bokun_button_widget_code":"<script type=\"text\/javascript\" src=\"https:\/\/widgets.bokun.io\/assets\/javascripts\/apps\/build\/BokunWidgetsLoader.js?bookingChannelUUID=a1e93e96-5232-4734-a595-28405f4b5a31\" async><\/script>\n      <style> #bokun_ed001e45_5927_4f62_b470_ca766338d083 { display: inline-block; padding: .4em 1em; background: #47b82e; border-radius: 999999px; box-shadow: none; font-weight: 600; font-size: 24px; text-decoration: none; text-align: center; color: #FFFFFF; border:none; cursor: pointer; transition: background .2s ease; } #bokun_ed001e45_5927_4f62_b470_ca766338d083:hover{ background: #2f7b1f; } #bokun_ed001e45_5927_4f62_b470_ca766338d083:active{ background: #378f24; } <\/style> <button class=\"bokunButton\" disabled id=bokun_ed001e45_5927_4f62_b470_ca766338d083 data-src=\"https:\/\/widgets.bokun.io\/online-sales\/a1e93e96-5232-4734-a595-28405f4b5a31\/experience-calendar\/885100?partialView=1\" data-testid=\"widget-book-button\" > Book now <\/button> ","what_you\u2019ll_experience_during_the_game":"Embarque em uma jornada envolvente por Hoek van Holland com nosso imersivo City Game. Fundindo perfeitamente o turismo com uma hist\u00f3ria cativante e uma s\u00e9rie de desafios interativos, este jogo de explora\u00e7\u00e3o oferece uma rota n\u00e3o convencional por este charmoso enclave dos Pa\u00edses Baixos. N\u00f3s o guiaremos al\u00e9m dos caminhos mais conhecidos, para bairros menos explorados da cidade. Mergulhe na cultura local desvendando mist\u00e9rios e desafios em torno de v\u00e1rias estruturas not\u00e1veis, permitindo-lhe tecer uma rica tape\u00e7aria de mem\u00f3rias preenchida com a narrativa \u00fanica da cidade.\n\nNo City Game, sua divers\u00e3o \u00e9 impulsionada por uma diversidade de quebra-cabe\u00e7as, enigmas e perguntas intrigantes. Estes desafios criativos desbloqueiam pontos e dicas valiosas, aproximando-o um passo da resolu\u00e7\u00e3o do mist\u00e9rio central que serve como o emocionante cl\u00edmax do jogo. Para aqueles com um lado competitivo, uma posi\u00e7\u00e3o elevada aguarda na tabela de classifica\u00e7\u00e3o, desde que demonstrem ast\u00facia e vis\u00e3o agu\u00e7ada durante sua aventura. Al\u00e9m disso, voc\u00ea pode pausar esta jornada de esfor\u00e7o mental a qualquer momento e continuar conforme sua conveni\u00eancia, tornando esta uma experi\u00eancia ideal adaptada ao seu ritmo pessoal, mas repleta de surpresas que s\u00f3 Hoek van Holland pode oferecer.","how_to_play":"Reserve o Jogo de Explora\u00e7\u00e3o, verifique o e-mail que enviamos com as instru\u00e7\u00f5es simples, baixe o aplicativo Loquiz, acesse o Jogo de Explora\u00e7\u00e3o e voc\u00ea estar\u00e1 pronto para come\u00e7ar sua experi\u00eancia de jogo!","start_location":"Hoek van Holland, Prins Hendrikstraat 281","available_languages":["en"],"players_per_group":"1-4","duration":"1.5-2 hours","image_overlay_color_image":"https:\/\/testwebsite.citygame.com\/wp-content\/blogs.dir\/1\/files\/sites\/62\/2026\/01\/SecretsColor.svg","image_overlay_game_logo":"https:\/\/testwebsite.citygame.com\/wp-content\/blogs.dir\/1\/files\/sites\/62\/2026\/01\/SecretsLogo.png","city_page":15827,"woocommerce_general_content":null},"yoast_head":"<!-- This site is optimized with the Yoast SEO Premium plugin v26.2 (Yoast SEO v26.3) - https:\/\/yoast.com\/wordpress\/plugins\/seo\/ -->\n<title>Secrets of Hoek van Holland - City Game<\/title>\n<meta name=\"description\" content=\"Secrets of Hoek van Holland. Jogue um City Game autoguiado e explore a cidade atrav\u00e9s de quebra-cabe\u00e7as, enigmas e desafios. Jogue no seu pr\u00f3prio ritmo e descubra como um morador local!\" \/>\n<meta name=\"robots\" content=\"noindex, follow, max-snippet:-1, max-image-preview:large, max-video-preview:-1\" \/>\n<meta property=\"og:locale\" content=\"pt_BR\" \/>\n<meta property=\"og:type\" content=\"article\" \/>\n<meta property=\"og:title\" content=\"Secrets of Hoek van Holland\" \/>\n<meta property=\"og:description\" content=\"Secrets of Hoek van Holland. Jogue um City Game autoguiado e explore a cidade atrav\u00e9s de quebra-cabe\u00e7as, enigmas e desafios. Jogue no seu pr\u00f3prio ritmo e descubra como um morador local!\" \/>\n<meta property=\"og:url\" content=\"https:\/\/testwebsite.citygame.com\/pt-br\/games\/hoek-van-holland\/secrets-of-hoek-van-holland\/\" \/>\n<meta property=\"og:site_name\" content=\"City Game\" \/>\n<meta property=\"article:publisher\" content=\"https:\/\/www.facebook.com\/profile.php?id=100086426226253\" \/>\n<meta property=\"article:modified_time\" content=\"2026-04-08T20:54:11+00:00\" \/>\n<meta property=\"og:image\" content=\"https:\/\/testwebsite.citygame.com\/wp-content\/blogs.dir\/1\/files\/sites\/62\/2026\/03\/woman-playing-city-game-on-phone-in-hoek-van-holland-harbour.jpg\" \/>\n\t<meta property=\"og:image:width\" content=\"1024\" \/>\n\t<meta property=\"og:image:height\" content=\"1024\" \/>\n\t<meta property=\"og:image:type\" content=\"image\/jpeg\" \/>\n<meta name=\"twitter:card\" content=\"summary_large_image\" \/>\n<meta name=\"twitter:label1\" content=\"Est. tempo de leitura\" \/>\n\t<meta name=\"twitter:data1\" content=\"1 minuto\" \/>\n<script type=\"application\/ld+json\" class=\"yoast-schema-graph\">{\"@context\":\"https:\/\/schema.org\",\"@graph\":[{\"@type\":\"WebPage\",\"@id\":\"https:\/\/testwebsite.citygame.com\/pt-br\/games\/hoek-van-holland\/secrets-of-hoek-van-holland\/\",\"url\":\"https:\/\/testwebsite.citygame.com\/pt-br\/games\/hoek-van-holland\/secrets-of-hoek-van-holland\/\",\"name\":\"Secrets of Hoek van Holland - City Game\",\"isPartOf\":{\"@id\":\"https:\/\/testwebsite.upevents.nl\/#website\"},\"primaryImageOfPage\":{\"@id\":\"https:\/\/testwebsite.citygame.com\/pt-br\/games\/hoek-van-holland\/secrets-of-hoek-van-holland\/#primaryimage\"},\"image\":{\"@id\":\"https:\/\/testwebsite.citygame.com\/pt-br\/games\/hoek-van-holland\/secrets-of-hoek-van-holland\/#primaryimage\"},\"thumbnailUrl\":\"https:\/\/testwebsite.citygame.com\/wp-content\/blogs.dir\/1\/files\/sites\/62\/2026\/03\/woman-playing-city-game-on-phone-in-hoek-van-holland-harbour.jpg\",\"datePublished\":\"2026-03-13T17:58:23+00:00\",\"dateModified\":\"2026-04-08T20:54:11+00:00\",\"description\":\"Secrets of Hoek van Holland. Jogue um City Game autoguiado e explore a cidade atrav\u00e9s de quebra-cabe\u00e7as, enigmas e desafios. Jogue no seu pr\u00f3prio ritmo e descubra como um morador local!\",\"breadcrumb\":{\"@id\":\"https:\/\/testwebsite.citygame.com\/pt-br\/games\/hoek-van-holland\/secrets-of-hoek-van-holland\/#breadcrumb\"},\"inLanguage\":\"pt-BR\",\"potentialAction\":[{\"@type\":\"ReadAction\",\"target\":[\"https:\/\/testwebsite.citygame.com\/pt-br\/games\/hoek-van-holland\/secrets-of-hoek-van-holland\/\"]}]},{\"@type\":\"ImageObject\",\"inLanguage\":\"pt-BR\",\"@id\":\"https:\/\/testwebsite.citygame.com\/pt-br\/games\/hoek-van-holland\/secrets-of-hoek-van-holland\/#primaryimage\",\"url\":\"https:\/\/testwebsite.citygame.com\/wp-content\/blogs.dir\/1\/files\/sites\/62\/2026\/03\/woman-playing-city-game-on-phone-in-hoek-van-holland-harbour.jpg\",\"contentUrl\":\"https:\/\/testwebsite.citygame.com\/wp-content\/blogs.dir\/1\/files\/sites\/62\/2026\/03\/woman-playing-city-game-on-phone-in-hoek-van-holland-harbour.jpg\",\"width\":1024,\"height\":1024,\"caption\":\"A player uses her smartphone to navigate a city game in the harbour of Hoek van Holland.\"},{\"@type\":\"BreadcrumbList\",\"@id\":\"https:\/\/testwebsite.citygame.com\/pt-br\/games\/hoek-van-holland\/secrets-of-hoek-van-holland\/#breadcrumb\",\"itemListElement\":[{\"@type\":\"ListItem\",\"position\":1,\"name\":\"Home\",\"item\":\"https:\/\/testwebsite.citygame.com\/pt-br\/\"},{\"@type\":\"ListItem\",\"position\":2,\"name\":\"Shop\",\"item\":\"https:\/\/testwebsite.citygame.com\/shop\/\"},{\"@type\":\"ListItem\",\"position\":3,\"name\":\"Secrets of Hoek van Holland\"}]},{\"@type\":\"WebSite\",\"@id\":\"https:\/\/testwebsite.upevents.nl\/#website\",\"url\":\"https:\/\/testwebsite.upevents.nl\/\",\"name\":\"City Game\",\"description\":\"\",\"publisher\":{\"@id\":\"https:\/\/testwebsite.upevents.nl\/#organization\"},\"alternateName\":\"citygame.com\",\"potentialAction\":[{\"@type\":\"SearchAction\",\"target\":{\"@type\":\"EntryPoint\",\"urlTemplate\":\"https:\/\/testwebsite.upevents.nl\/?s={search_term_string}\"},\"query-input\":{\"@type\":\"PropertyValueSpecification\",\"valueRequired\":true,\"valueName\":\"search_term_string\"}}],\"inLanguage\":\"pt-BR\"},{\"@type\":[\"Organization\",\"Place\"],\"@id\":\"https:\/\/testwebsite.upevents.nl\/#organization\",\"name\":\"City Game\",\"alternateName\":\"citygame.com\",\"url\":\"https:\/\/testwebsite.upevents.nl\/\",\"logo\":{\"@id\":\"https:\/\/testwebsite.citygame.com\/pt-br\/games\/hoek-van-holland\/secrets-of-hoek-van-holland\/#local-main-organization-logo\"},\"image\":{\"@id\":\"https:\/\/testwebsite.citygame.com\/pt-br\/games\/hoek-van-holland\/secrets-of-hoek-van-holland\/#local-main-organization-logo\"},\"sameAs\":[\"https:\/\/www.facebook.com\/profile.php?id=100086426226253\",\"https:\/\/www.instagram.com\/citygame_com\",\"https:\/\/www.tiktok.com\/@citygamecom\/\",\"https:\/\/www.linkedin.com\/company\/citygame-com\"],\"description\":\"Turn any city into a playground with our interactive City Games and self-guided tours. Fun, flexible, and ideal for groups and team building.\",\"telephone\":[],\"openingHoursSpecification\":[{\"@type\":\"OpeningHoursSpecification\",\"dayOfWeek\":[\"Monday\",\"Tuesday\",\"Wednesday\",\"Thursday\",\"Friday\",\"Saturday\",\"Sunday\"],\"opens\":\"09:00\",\"closes\":\"17:00\"}]},{\"@type\":\"ImageObject\",\"inLanguage\":\"pt-BR\",\"@id\":\"https:\/\/testwebsite.citygame.com\/pt-br\/games\/hoek-van-holland\/secrets-of-hoek-van-holland\/#local-main-organization-logo\",\"url\":\"https:\/\/testwebsite.citygame.com\/wp-content\/blogs.dir\/1\/files\/sites\/62\/2025\/10\/CG_LOGO-City-Game.png\",\"contentUrl\":\"https:\/\/testwebsite.citygame.com\/wp-content\/blogs.dir\/1\/files\/sites\/62\/2025\/10\/CG_LOGO-City-Game.png\",\"width\":351,\"height\":377,\"caption\":\"City Game\"}]}<\/script>\n<!-- \/ Yoast SEO Premium plugin. -->","yoast_head_json":{"title":"Secrets of Hoek van Holland - City Game","description":"Secrets of Hoek van Holland. Jogue um City Game autoguiado e explore a cidade atrav\u00e9s de quebra-cabe\u00e7as, enigmas e desafios. Jogue no seu pr\u00f3prio ritmo e descubra como um morador local!","robots":{"index":"noindex","follow":"follow","max-snippet":"max-snippet:-1","max-image-preview":"max-image-preview:large","max-video-preview":"max-video-preview:-1"},"og_locale":"pt_BR","og_type":"article","og_title":"Secrets of Hoek van Holland","og_description":"Secrets of Hoek van Holland. Jogue um City Game autoguiado e explore a cidade atrav\u00e9s de quebra-cabe\u00e7as, enigmas e desafios. Jogue no seu pr\u00f3prio ritmo e descubra como um morador local!","og_url":"https:\/\/testwebsite.citygame.com\/pt-br\/games\/hoek-van-holland\/secrets-of-hoek-van-holland\/","og_site_name":"City Game","article_publisher":"https:\/\/www.facebook.com\/profile.php?id=100086426226253","article_modified_time":"2026-04-08T20:54:11+00:00","og_image":[{"width":1024,"height":1024,"url":"https:\/\/testwebsite.citygame.com\/wp-content\/blogs.dir\/1\/files\/sites\/62\/2026\/03\/woman-playing-city-game-on-phone-in-hoek-van-holland-harbour.jpg","type":"image\/jpeg"}],"twitter_card":"summary_large_image","twitter_misc":{"Est. tempo de leitura":"1 minuto"},"schema":{"@context":"https:\/\/schema.org","@graph":[{"@type":"WebPage","@id":"https:\/\/testwebsite.citygame.com\/pt-br\/games\/hoek-van-holland\/secrets-of-hoek-van-holland\/","url":"https:\/\/testwebsite.citygame.com\/pt-br\/games\/hoek-van-holland\/secrets-of-hoek-van-holland\/","name":"Secrets of Hoek van Holland - City Game","isPartOf":{"@id":"https:\/\/testwebsite.upevents.nl\/#website"},"primaryImageOfPage":{"@id":"https:\/\/testwebsite.citygame.com\/pt-br\/games\/hoek-van-holland\/secrets-of-hoek-van-holland\/#primaryimage"},"image":{"@id":"https:\/\/testwebsite.citygame.com\/pt-br\/games\/hoek-van-holland\/secrets-of-hoek-van-holland\/#primaryimage"},"thumbnailUrl":"https:\/\/testwebsite.citygame.com\/wp-content\/blogs.dir\/1\/files\/sites\/62\/2026\/03\/woman-playing-city-game-on-phone-in-hoek-van-holland-harbour.jpg","datePublished":"2026-03-13T17:58:23+00:00","dateModified":"2026-04-08T20:54:11+00:00","description":"Secrets of Hoek van Holland. Jogue um City Game autoguiado e explore a cidade atrav\u00e9s de quebra-cabe\u00e7as, enigmas e desafios. Jogue no seu pr\u00f3prio ritmo e descubra como um morador local!","breadcrumb":{"@id":"https:\/\/testwebsite.citygame.com\/pt-br\/games\/hoek-van-holland\/secrets-of-hoek-van-holland\/#breadcrumb"},"inLanguage":"pt-BR","potentialAction":[{"@type":"ReadAction","target":["https:\/\/testwebsite.citygame.com\/pt-br\/games\/hoek-van-holland\/secrets-of-hoek-van-holland\/"]}]},{"@type":"ImageObject","inLanguage":"pt-BR","@id":"https:\/\/testwebsite.citygame.com\/pt-br\/games\/hoek-van-holland\/secrets-of-hoek-van-holland\/#primaryimage","url":"https:\/\/testwebsite.citygame.com\/wp-content\/blogs.dir\/1\/files\/sites\/62\/2026\/03\/woman-playing-city-game-on-phone-in-hoek-van-holland-harbour.jpg","contentUrl":"https:\/\/testwebsite.citygame.com\/wp-content\/blogs.dir\/1\/files\/sites\/62\/2026\/03\/woman-playing-city-game-on-phone-in-hoek-van-holland-harbour.jpg","width":1024,"height":1024,"caption":"A player uses her smartphone to navigate a city game in the harbour of Hoek van Holland."},{"@type":"BreadcrumbList","@id":"https:\/\/testwebsite.citygame.com\/pt-br\/games\/hoek-van-holland\/secrets-of-hoek-van-holland\/#breadcrumb","itemListElement":[{"@type":"ListItem","position":1,"name":"Home","item":"https:\/\/testwebsite.citygame.com\/pt-br\/"},{"@type":"ListItem","position":2,"name":"Shop","item":"https:\/\/testwebsite.citygame.com\/shop\/"},{"@type":"ListItem","position":3,"name":"Secrets of Hoek van Holland"}]},{"@type":"WebSite","@id":"https:\/\/testwebsite.upevents.nl\/#website","url":"https:\/\/testwebsite.upevents.nl\/","name":"City Game","description":"","publisher":{"@id":"https:\/\/testwebsite.upevents.nl\/#organization"},"alternateName":"citygame.com","potentialAction":[{"@type":"SearchAction","target":{"@type":"EntryPoint","urlTemplate":"https:\/\/testwebsite.upevents.nl\/?s={search_term_string}"},"query-input":{"@type":"PropertyValueSpecification","valueRequired":true,"valueName":"search_term_string"}}],"inLanguage":"pt-BR"},{"@type":["Organization","Place"],"@id":"https:\/\/testwebsite.upevents.nl\/#organization","name":"City Game","alternateName":"citygame.com","url":"https:\/\/testwebsite.upevents.nl\/","logo":{"@id":"https:\/\/testwebsite.citygame.com\/pt-br\/games\/hoek-van-holland\/secrets-of-hoek-van-holland\/#local-main-organization-logo"},"image":{"@id":"https:\/\/testwebsite.citygame.com\/pt-br\/games\/hoek-van-holland\/secrets-of-hoek-van-holland\/#local-main-organization-logo"},"sameAs":["https:\/\/www.facebook.com\/profile.php?id=100086426226253","https:\/\/www.instagram.com\/citygame_com","https:\/\/www.tiktok.com\/@citygamecom\/","https:\/\/www.linkedin.com\/company\/citygame-com"],"description":"Turn any city into a playground with our interactive City Games and self-guided tours. Fun, flexible, and ideal for groups and team building.","telephone":[],"openingHoursSpecification":[{"@type":"OpeningHoursSpecification","dayOfWeek":["Monday","Tuesday","Wednesday","Thursday","Friday","Saturday","Sunday"],"opens":"09:00","closes":"17:00"}]},{"@type":"ImageObject","inLanguage":"pt-BR","@id":"https:\/\/testwebsite.citygame.com\/pt-br\/games\/hoek-van-holland\/secrets-of-hoek-van-holland\/#local-main-organization-logo","url":"https:\/\/testwebsite.citygame.com\/wp-content\/blogs.dir\/1\/files\/sites\/62\/2025\/10\/CG_LOGO-City-Game.png","contentUrl":"https:\/\/testwebsite.citygame.com\/wp-content\/blogs.dir\/1\/files\/sites\/62\/2025\/10\/CG_LOGO-City-Game.png","width":351,"height":377,"caption":"City Game"}]}},"taxonomy_info":{"game-concept":[{"value":725,"label":"Secrets"}],"location":[{"value":200,"label":"Hoek van Holland"}],"product_cat":[{"value":27,"label":"Geen categorie"}]},"featured_image_src_large":["https:\/\/testwebsite.citygame.com\/wp-content\/blogs.dir\/1\/files\/sites\/62\/2026\/03\/woman-playing-city-game-on-phone-in-hoek-van-holland-harbour.jpg",1024,1024,false],"author_info":[],"comment_info":"","_links":{"self":[{"href":"https:\/\/testwebsite.citygame.com\/pt-br\/wp-json\/wp\/v2\/product\/66518","targetHints":{"allow":["GET"]}}],"collection":[{"href":"https:\/\/testwebsite.citygame.com\/pt-br\/wp-json\/wp\/v2\/product"}],"about":[{"href":"https:\/\/testwebsite.citygame.com\/pt-br\/wp-json\/wp\/v2\/types\/product"}],"acf:post":[{"embeddable":true,"href":"https:\/\/testwebsite.citygame.com\/pt-br\/wp-json\/wp\/v2\/pages\/15827"}],"wp:featuredmedia":[{"embeddable":true,"href":"https:\/\/testwebsite.citygame.com\/pt-br\/wp-json\/wp\/v2\/media\/18828"}],"wp:attachment":[{"href":"https:\/\/testwebsite.citygame.com\/pt-br\/wp-json\/wp\/v2\/media?parent=66518"}],"wp:term":[{"taxonomy":"game-concept","embeddable":true,"href":"https:\/\/testwebsite.citygame.com\/pt-br\/wp-json\/wp\/v2\/game-concept?post=66518"},{"taxonomy":"location","embeddable":true,"href":"https:\/\/testwebsite.citygame.com\/pt-br\/wp-json\/wp\/v2\/location?post=66518"},{"taxonomy":"product_brand","embeddable":true,"href":"https:\/\/testwebsite.citygame.com\/pt-br\/wp-json\/wp\/v2\/product_brand?post=66518"},{"taxonomy":"product_cat","embeddable":true,"href":"https:\/\/testwebsite.citygame.com\/pt-br\/wp-json\/wp\/v2\/product_cat?post=66518"},{"taxonomy":"product_tag","embeddable":true,"href":"https:\/\/testwebsite.citygame.com\/pt-br\/wp-json\/wp\/v2\/product_tag?post=66518"}],"curies":[{"name":"wp","href":"https:\/\/api.w.org\/{rel}","templated":true}]}}