{"id":56730,"date":"2026-02-13T17:28:21","date_gmt":"2026-02-13T17:28:21","guid":{"rendered":"https:\/\/testwebsite.citygame.com\/games\/unknown-location\/the-duisburg-syndicate\/"},"modified":"2026-04-07T23:11:11","modified_gmt":"2026-04-07T23:11:11","slug":"the-duisburg-syndicate","status":"publish","type":"product","link":"https:\/\/testwebsite.citygame.com\/pt-br\/games\/duisburg\/the-duisburg-syndicate\/","title":{"rendered":"The Duisburg Syndicate"},"content":{"rendered":"<p>The Duisburg Syndicate \u00e9 um Jogo de Fuga Urbano autoguiado que acontece no centro da cidade de Duisburg. Neste Jogo Urbano baseado em miss\u00f5es em Duisburg, sua equipe deve trabalhar em conjunto para rastrear o indescrit\u00edvel Magnus e recuperar seis f\u00f3rmulas roubadas atrav\u00e9s de uma s\u00e9rie de quebra-cabe\u00e7as, tarefas e desafios integrados. Com um forte foco em trabalho em equipe, narrativa e progress\u00e3o da miss\u00e3o passo a passo, este jogo urbano autoguiado oferece uma experi\u00eancia interativa ambientada no cen\u00e1rio de Duisburg.<\/p>\n","protected":false},"excerpt":{"rendered":"<p>Mergulhe no emocionante reino do Jogo de Fuga Urbano &#8216;The Duisburg Syndicate&#8217;, onde voc\u00ea e sua equipe navegam em uma miss\u00e3o autoguiada por Duisburg. Desvende os segredos por tr\u00e1s de cada quebra-cabe\u00e7a, desenrole a hist\u00f3ria passo a passo e corra contra o tempo para salvar a cidade!<\/p>\n","protected":false},"featured_media":13723,"template":"","meta":{"_acf_changed":false,"_yoast_wpseo_focuskw":"The Duisburg Syndicate","_yoast_wpseo_metadesc":"The Duisburg Syndicate. Jogue um Jogo de Fuga Urbano autoguiado, resolva quebra-cabe\u00e7as, complete miss\u00f5es e recupere as f\u00f3rmulas roubadas no seu pr\u00f3prio ritmo!","_kad_blocks_custom_css":"","_kad_blocks_head_custom_js":"","_kad_blocks_body_custom_js":"","_kad_blocks_footer_custom_js":"","ghostkit_customizer_options":"","ghostkit_custom_css":"","ghostkit_custom_js_head":"","ghostkit_custom_js_foot":"","ghostkit_typography":"","_kad_post_transparent":"default","_kad_post_title":"","_kad_post_layout":"default","_kad_post_sidebar_id":"","_kad_post_content_style":"default","_kad_post_vertical_padding":"default","_kad_post_feature":"","_kad_post_feature_position":"","_kad_post_header":false,"_kad_post_footer":false,"_kad_post_classname":"","_links_to":"","_links_to_target":""},"game-concept":[756],"location":[149],"product_brand":[],"product_cat":[27],"product_tag":[],"class_list":{"0":"post-56730","1":"product","2":"type-product","3":"status-publish","4":"has-post-thumbnail","6":"game-concept-syndicate","7":"location-duisburg","8":"product_cat-geen-categorie","10":"first","11":"instock","12":"shipping-taxable","13":"purchasable","14":"product-type-simple","15":"entry","16":"content-bg","17":"loop-entry"},"acf":{"full_bokun_product_name":"Self-Guided The Duisburg Syndicate City Escape Game","location_name":"Duisburg","bokun_calendar_widget_code":"<script type=\"text\/javascript\" src=\"https:\/\/widgets.bokun.io\/assets\/javascripts\/apps\/build\/BokunWidgetsLoader.js?bookingChannelUUID=a1e93e96-5232-4734-a595-28405f4b5a31\" async><\/script>\n     \n    <div class=\"bokunWidget\" data-src=\"https:\/\/widgets.bokun.io\/online-sales\/a1e93e96-5232-4734-a595-28405f4b5a31\/experience-calendar\/785814\"><\/div>\n    <noscript>Please enable javascript in your browser to book<\/noscript>","bokun_button_widget_code":"<script type=\"text\/javascript\" src=\"https:\/\/widgets.bokun.io\/assets\/javascripts\/apps\/build\/BokunWidgetsLoader.js?bookingChannelUUID=a1e93e96-5232-4734-a595-28405f4b5a31\" async><\/script>\n      <style> #bokun_ed001e45_5927_4f62_b470_ca766338d083 { display: inline-block; padding: .4em 1em; background: #47b82e; border-radius: 999999px; box-shadow: none; font-weight: 600; font-size: 24px; text-decoration: none; text-align: center; color: #FFFFFF; border:none; cursor: pointer; transition: background .2s ease; } #bokun_ed001e45_5927_4f62_b470_ca766338d083:hover{ background: #2f7b1f; } #bokun_ed001e45_5927_4f62_b470_ca766338d083:active{ background: #378f24; } <\/style> <button class=\"bokunButton\" disabled id=bokun_ed001e45_5927_4f62_b470_ca766338d083 data-src=\"https:\/\/widgets.bokun.io\/online-sales\/a1e93e96-5232-4734-a595-28405f4b5a31\/experience-calendar\/785814?partialView=1\" data-testid=\"widget-book-button\" > Book now <\/button> ","what_you\u2019ll_experience_during_the_game":"Lan\u00e7ados em uma miss\u00e3o de fuga de alto risco nas ruas de Duisburg, voc\u00ea e sua equipe devem rastrear a figura indescrit\u00edvel conhecida como Magnus e recuperar seis f\u00f3rmulas qu\u00edmicas roubadas antes que desapare\u00e7am para sempre. A hist\u00f3ria se desenrola passo a passo enquanto voc\u00ea navega pela cidade, descobrindo pistas, decifrando c\u00f3digos e resolvendo desafios sens\u00edveis ao tempo que o aproximam do seu alvo.\r\n\r\nEsta experi\u00eancia totalmente impulsionada pela hist\u00f3ria exige trabalho em equipe, comunica\u00e7\u00e3o afiada e decis\u00f5es r\u00e1pidas. Cada nova tarefa revela a pr\u00f3xima camada da miss\u00e3o, misturando narrativa imersiva com quebra-cabe\u00e7as e a\u00e7\u00e3o cooperativa. Quer voc\u00ea se mova rapidamente ou decida pausar e reagrupar, a miss\u00e3o se adapta ao seu ritmo, permitindo que voc\u00ea trace seu pr\u00f3prio caminho pelo complexo cen\u00e1rio urbano de Duisburg.","how_to_play":"Reserve o Jogo Urbano, verifique o e-mail que enviamos com as instru\u00e7\u00f5es, baixe o aplicativo Loquiz e comece sua experi\u00eancia de jogo! Explore a cidade de uma maneira que voc\u00ea nunca fez antes. Este jogo de fuga \u00e9 um jogo baseado em hist\u00f3ria de RPG, cada membro da sua equipe ter\u00e1 um papel importante na miss\u00e3o. Caminhe pela cidade para encontrar a solu\u00e7\u00e3o para quebra-cabe\u00e7as desafiadores, enigmas e tarefas fotogr\u00e1ficas.","start_location":"Duisburg, Alter Markt","available_languages":["en"],"players_per_group":"1-4","duration":"1.5-2 hours","image_overlay_color_image":"https:\/\/testwebsite.citygame.com\/wp-content\/blogs.dir\/1\/files\/sites\/62\/2026\/01\/SyndicateColor.svg","image_overlay_game_logo":"https:\/\/testwebsite.citygame.com\/wp-content\/blogs.dir\/1\/files\/sites\/62\/2026\/01\/SyndicateLogo.png","city_page":4903,"woocommerce_general_content":null},"yoast_head":"<!-- This site is optimized with the Yoast SEO Premium plugin v26.2 (Yoast SEO v26.3) - https:\/\/yoast.com\/wordpress\/plugins\/seo\/ -->\n<title>The Duisburg Syndicate - City Game<\/title>\n<meta name=\"description\" content=\"The Duisburg Syndicate. Jogue um Jogo de Fuga Urbano autoguiado, resolva quebra-cabe\u00e7as, complete miss\u00f5es e recupere as f\u00f3rmulas roubadas no seu pr\u00f3prio ritmo!\" \/>\n<meta name=\"robots\" content=\"noindex, follow, max-snippet:-1, max-image-preview:large, max-video-preview:-1\" \/>\n<meta property=\"og:locale\" content=\"pt_BR\" \/>\n<meta property=\"og:type\" content=\"article\" \/>\n<meta property=\"og:title\" content=\"The Duisburg Syndicate\" \/>\n<meta property=\"og:description\" content=\"The Duisburg Syndicate. Jogue um Jogo de Fuga Urbano autoguiado, resolva quebra-cabe\u00e7as, complete miss\u00f5es e recupere as f\u00f3rmulas roubadas no seu pr\u00f3prio ritmo!\" \/>\n<meta property=\"og:url\" content=\"https:\/\/testwebsite.citygame.com\/pt-br\/games\/duisburg\/the-duisburg-syndicate\/\" \/>\n<meta property=\"og:site_name\" content=\"City Game\" \/>\n<meta property=\"article:publisher\" content=\"https:\/\/www.facebook.com\/profile.php?id=100086426226253\" \/>\n<meta property=\"article:modified_time\" content=\"2026-04-07T23:11:11+00:00\" \/>\n<meta property=\"og:image\" content=\"https:\/\/testwebsite.citygame.com\/wp-content\/blogs.dir\/1\/files\/sites\/62\/2026\/02\/city-game-duisburg-group-playing-smartphone.jpg\" \/>\n\t<meta property=\"og:image:width\" content=\"1024\" \/>\n\t<meta property=\"og:image:height\" content=\"1024\" \/>\n\t<meta property=\"og:image:type\" content=\"image\/jpeg\" \/>\n<meta name=\"twitter:card\" content=\"summary_large_image\" \/>\n<script type=\"application\/ld+json\" class=\"yoast-schema-graph\">{\"@context\":\"https:\/\/schema.org\",\"@graph\":[{\"@type\":\"WebPage\",\"@id\":\"https:\/\/testwebsite.citygame.com\/pt-br\/games\/duisburg\/the-duisburg-syndicate\/\",\"url\":\"https:\/\/testwebsite.citygame.com\/pt-br\/games\/duisburg\/the-duisburg-syndicate\/\",\"name\":\"The Duisburg Syndicate - City Game\",\"isPartOf\":{\"@id\":\"https:\/\/testwebsite.upevents.nl\/#website\"},\"primaryImageOfPage\":{\"@id\":\"https:\/\/testwebsite.citygame.com\/pt-br\/games\/duisburg\/the-duisburg-syndicate\/#primaryimage\"},\"image\":{\"@id\":\"https:\/\/testwebsite.citygame.com\/pt-br\/games\/duisburg\/the-duisburg-syndicate\/#primaryimage\"},\"thumbnailUrl\":\"https:\/\/testwebsite.citygame.com\/wp-content\/blogs.dir\/1\/files\/sites\/62\/2026\/02\/city-game-duisburg-group-playing-smartphone.jpg\",\"datePublished\":\"2026-02-13T17:28:21+00:00\",\"dateModified\":\"2026-04-07T23:11:11+00:00\",\"description\":\"The Duisburg Syndicate. Jogue um Jogo de Fuga Urbano autoguiado, resolva quebra-cabe\u00e7as, complete miss\u00f5es e recupere as f\u00f3rmulas roubadas no seu pr\u00f3prio ritmo!\",\"breadcrumb\":{\"@id\":\"https:\/\/testwebsite.citygame.com\/pt-br\/games\/duisburg\/the-duisburg-syndicate\/#breadcrumb\"},\"inLanguage\":\"pt-BR\",\"potentialAction\":[{\"@type\":\"ReadAction\",\"target\":[\"https:\/\/testwebsite.citygame.com\/pt-br\/games\/duisburg\/the-duisburg-syndicate\/\"]}]},{\"@type\":\"ImageObject\",\"inLanguage\":\"pt-BR\",\"@id\":\"https:\/\/testwebsite.citygame.com\/pt-br\/games\/duisburg\/the-duisburg-syndicate\/#primaryimage\",\"url\":\"https:\/\/testwebsite.citygame.com\/wp-content\/blogs.dir\/1\/files\/sites\/62\/2026\/02\/city-game-duisburg-group-playing-smartphone.jpg\",\"contentUrl\":\"https:\/\/testwebsite.citygame.com\/wp-content\/blogs.dir\/1\/files\/sites\/62\/2026\/02\/city-game-duisburg-group-playing-smartphone.jpg\",\"width\":1024,\"height\":1024,\"caption\":\"A group of friends gathers around a smartphone while playing a game in a Duisburg courtyard.\"},{\"@type\":\"BreadcrumbList\",\"@id\":\"https:\/\/testwebsite.citygame.com\/pt-br\/games\/duisburg\/the-duisburg-syndicate\/#breadcrumb\",\"itemListElement\":[{\"@type\":\"ListItem\",\"position\":1,\"name\":\"Home\",\"item\":\"https:\/\/testwebsite.citygame.com\/pt-br\/\"},{\"@type\":\"ListItem\",\"position\":2,\"name\":\"Shop\",\"item\":\"https:\/\/testwebsite.citygame.com\/shop\/\"},{\"@type\":\"ListItem\",\"position\":3,\"name\":\"The Duisburg Syndicate\"}]},{\"@type\":\"WebSite\",\"@id\":\"https:\/\/testwebsite.upevents.nl\/#website\",\"url\":\"https:\/\/testwebsite.upevents.nl\/\",\"name\":\"City Game\",\"description\":\"\",\"publisher\":{\"@id\":\"https:\/\/testwebsite.upevents.nl\/#organization\"},\"alternateName\":\"citygame.com\",\"potentialAction\":[{\"@type\":\"SearchAction\",\"target\":{\"@type\":\"EntryPoint\",\"urlTemplate\":\"https:\/\/testwebsite.upevents.nl\/?s={search_term_string}\"},\"query-input\":{\"@type\":\"PropertyValueSpecification\",\"valueRequired\":true,\"valueName\":\"search_term_string\"}}],\"inLanguage\":\"pt-BR\"},{\"@type\":[\"Organization\",\"Place\"],\"@id\":\"https:\/\/testwebsite.upevents.nl\/#organization\",\"name\":\"City Game\",\"alternateName\":\"citygame.com\",\"url\":\"https:\/\/testwebsite.upevents.nl\/\",\"logo\":{\"@id\":\"https:\/\/testwebsite.citygame.com\/pt-br\/games\/duisburg\/the-duisburg-syndicate\/#local-main-organization-logo\"},\"image\":{\"@id\":\"https:\/\/testwebsite.citygame.com\/pt-br\/games\/duisburg\/the-duisburg-syndicate\/#local-main-organization-logo\"},\"sameAs\":[\"https:\/\/www.facebook.com\/profile.php?id=100086426226253\",\"https:\/\/www.instagram.com\/citygame_com\",\"https:\/\/www.tiktok.com\/@citygamecom\/\",\"https:\/\/www.linkedin.com\/company\/citygame-com\"],\"description\":\"Turn any city into a playground with our interactive City Games and self-guided tours. Fun, flexible, and ideal for groups and team building.\",\"telephone\":[],\"openingHoursSpecification\":[{\"@type\":\"OpeningHoursSpecification\",\"dayOfWeek\":[\"Monday\",\"Tuesday\",\"Wednesday\",\"Thursday\",\"Friday\",\"Saturday\",\"Sunday\"],\"opens\":\"09:00\",\"closes\":\"17:00\"}]},{\"@type\":\"ImageObject\",\"inLanguage\":\"pt-BR\",\"@id\":\"https:\/\/testwebsite.citygame.com\/pt-br\/games\/duisburg\/the-duisburg-syndicate\/#local-main-organization-logo\",\"url\":\"https:\/\/testwebsite.citygame.com\/wp-content\/blogs.dir\/1\/files\/sites\/62\/2025\/10\/CG_LOGO-City-Game.png\",\"contentUrl\":\"https:\/\/testwebsite.citygame.com\/wp-content\/blogs.dir\/1\/files\/sites\/62\/2025\/10\/CG_LOGO-City-Game.png\",\"width\":351,\"height\":377,\"caption\":\"City Game\"}]}<\/script>\n<!-- \/ Yoast SEO Premium plugin. -->","yoast_head_json":{"title":"The Duisburg Syndicate - City Game","description":"The Duisburg Syndicate. Jogue um Jogo de Fuga Urbano autoguiado, resolva quebra-cabe\u00e7as, complete miss\u00f5es e recupere as f\u00f3rmulas roubadas no seu pr\u00f3prio ritmo!","robots":{"index":"noindex","follow":"follow","max-snippet":"max-snippet:-1","max-image-preview":"max-image-preview:large","max-video-preview":"max-video-preview:-1"},"og_locale":"pt_BR","og_type":"article","og_title":"The Duisburg Syndicate","og_description":"The Duisburg Syndicate. Jogue um Jogo de Fuga Urbano autoguiado, resolva quebra-cabe\u00e7as, complete miss\u00f5es e recupere as f\u00f3rmulas roubadas no seu pr\u00f3prio ritmo!","og_url":"https:\/\/testwebsite.citygame.com\/pt-br\/games\/duisburg\/the-duisburg-syndicate\/","og_site_name":"City Game","article_publisher":"https:\/\/www.facebook.com\/profile.php?id=100086426226253","article_modified_time":"2026-04-07T23:11:11+00:00","og_image":[{"width":1024,"height":1024,"url":"https:\/\/testwebsite.citygame.com\/wp-content\/blogs.dir\/1\/files\/sites\/62\/2026\/02\/city-game-duisburg-group-playing-smartphone.jpg","type":"image\/jpeg"}],"twitter_card":"summary_large_image","schema":{"@context":"https:\/\/schema.org","@graph":[{"@type":"WebPage","@id":"https:\/\/testwebsite.citygame.com\/pt-br\/games\/duisburg\/the-duisburg-syndicate\/","url":"https:\/\/testwebsite.citygame.com\/pt-br\/games\/duisburg\/the-duisburg-syndicate\/","name":"The Duisburg Syndicate - City Game","isPartOf":{"@id":"https:\/\/testwebsite.upevents.nl\/#website"},"primaryImageOfPage":{"@id":"https:\/\/testwebsite.citygame.com\/pt-br\/games\/duisburg\/the-duisburg-syndicate\/#primaryimage"},"image":{"@id":"https:\/\/testwebsite.citygame.com\/pt-br\/games\/duisburg\/the-duisburg-syndicate\/#primaryimage"},"thumbnailUrl":"https:\/\/testwebsite.citygame.com\/wp-content\/blogs.dir\/1\/files\/sites\/62\/2026\/02\/city-game-duisburg-group-playing-smartphone.jpg","datePublished":"2026-02-13T17:28:21+00:00","dateModified":"2026-04-07T23:11:11+00:00","description":"The Duisburg Syndicate. Jogue um Jogo de Fuga Urbano autoguiado, resolva quebra-cabe\u00e7as, complete miss\u00f5es e recupere as f\u00f3rmulas roubadas no seu pr\u00f3prio ritmo!","breadcrumb":{"@id":"https:\/\/testwebsite.citygame.com\/pt-br\/games\/duisburg\/the-duisburg-syndicate\/#breadcrumb"},"inLanguage":"pt-BR","potentialAction":[{"@type":"ReadAction","target":["https:\/\/testwebsite.citygame.com\/pt-br\/games\/duisburg\/the-duisburg-syndicate\/"]}]},{"@type":"ImageObject","inLanguage":"pt-BR","@id":"https:\/\/testwebsite.citygame.com\/pt-br\/games\/duisburg\/the-duisburg-syndicate\/#primaryimage","url":"https:\/\/testwebsite.citygame.com\/wp-content\/blogs.dir\/1\/files\/sites\/62\/2026\/02\/city-game-duisburg-group-playing-smartphone.jpg","contentUrl":"https:\/\/testwebsite.citygame.com\/wp-content\/blogs.dir\/1\/files\/sites\/62\/2026\/02\/city-game-duisburg-group-playing-smartphone.jpg","width":1024,"height":1024,"caption":"A group of friends gathers around a smartphone while playing a game in a Duisburg courtyard."},{"@type":"BreadcrumbList","@id":"https:\/\/testwebsite.citygame.com\/pt-br\/games\/duisburg\/the-duisburg-syndicate\/#breadcrumb","itemListElement":[{"@type":"ListItem","position":1,"name":"Home","item":"https:\/\/testwebsite.citygame.com\/pt-br\/"},{"@type":"ListItem","position":2,"name":"Shop","item":"https:\/\/testwebsite.citygame.com\/shop\/"},{"@type":"ListItem","position":3,"name":"The Duisburg Syndicate"}]},{"@type":"WebSite","@id":"https:\/\/testwebsite.upevents.nl\/#website","url":"https:\/\/testwebsite.upevents.nl\/","name":"City Game","description":"","publisher":{"@id":"https:\/\/testwebsite.upevents.nl\/#organization"},"alternateName":"citygame.com","potentialAction":[{"@type":"SearchAction","target":{"@type":"EntryPoint","urlTemplate":"https:\/\/testwebsite.upevents.nl\/?s={search_term_string}"},"query-input":{"@type":"PropertyValueSpecification","valueRequired":true,"valueName":"search_term_string"}}],"inLanguage":"pt-BR"},{"@type":["Organization","Place"],"@id":"https:\/\/testwebsite.upevents.nl\/#organization","name":"City Game","alternateName":"citygame.com","url":"https:\/\/testwebsite.upevents.nl\/","logo":{"@id":"https:\/\/testwebsite.citygame.com\/pt-br\/games\/duisburg\/the-duisburg-syndicate\/#local-main-organization-logo"},"image":{"@id":"https:\/\/testwebsite.citygame.com\/pt-br\/games\/duisburg\/the-duisburg-syndicate\/#local-main-organization-logo"},"sameAs":["https:\/\/www.facebook.com\/profile.php?id=100086426226253","https:\/\/www.instagram.com\/citygame_com","https:\/\/www.tiktok.com\/@citygamecom\/","https:\/\/www.linkedin.com\/company\/citygame-com"],"description":"Turn any city into a playground with our interactive City Games and self-guided tours. Fun, flexible, and ideal for groups and team building.","telephone":[],"openingHoursSpecification":[{"@type":"OpeningHoursSpecification","dayOfWeek":["Monday","Tuesday","Wednesday","Thursday","Friday","Saturday","Sunday"],"opens":"09:00","closes":"17:00"}]},{"@type":"ImageObject","inLanguage":"pt-BR","@id":"https:\/\/testwebsite.citygame.com\/pt-br\/games\/duisburg\/the-duisburg-syndicate\/#local-main-organization-logo","url":"https:\/\/testwebsite.citygame.com\/wp-content\/blogs.dir\/1\/files\/sites\/62\/2025\/10\/CG_LOGO-City-Game.png","contentUrl":"https:\/\/testwebsite.citygame.com\/wp-content\/blogs.dir\/1\/files\/sites\/62\/2025\/10\/CG_LOGO-City-Game.png","width":351,"height":377,"caption":"City Game"}]}},"taxonomy_info":{"game-concept":[{"value":756,"label":"Syndicate"}],"location":[{"value":149,"label":"Duisburg"}],"product_cat":[{"value":27,"label":"Geen categorie"}]},"featured_image_src_large":["https:\/\/testwebsite.citygame.com\/wp-content\/blogs.dir\/1\/files\/sites\/62\/2026\/02\/city-game-duisburg-group-playing-smartphone.jpg",1024,1024,false],"author_info":[],"comment_info":"","_links":{"self":[{"href":"https:\/\/testwebsite.citygame.com\/pt-br\/wp-json\/wp\/v2\/product\/56730","targetHints":{"allow":["GET"]}}],"collection":[{"href":"https:\/\/testwebsite.citygame.com\/pt-br\/wp-json\/wp\/v2\/product"}],"about":[{"href":"https:\/\/testwebsite.citygame.com\/pt-br\/wp-json\/wp\/v2\/types\/product"}],"acf:post":[{"embeddable":true,"href":"https:\/\/testwebsite.citygame.com\/pt-br\/wp-json\/wp\/v2\/pages\/4903"}],"wp:featuredmedia":[{"embeddable":true,"href":"https:\/\/testwebsite.citygame.com\/pt-br\/wp-json\/wp\/v2\/media\/13723"}],"wp:attachment":[{"href":"https:\/\/testwebsite.citygame.com\/pt-br\/wp-json\/wp\/v2\/media?parent=56730"}],"wp:term":[{"taxonomy":"game-concept","embeddable":true,"href":"https:\/\/testwebsite.citygame.com\/pt-br\/wp-json\/wp\/v2\/game-concept?post=56730"},{"taxonomy":"location","embeddable":true,"href":"https:\/\/testwebsite.citygame.com\/pt-br\/wp-json\/wp\/v2\/location?post=56730"},{"taxonomy":"product_brand","embeddable":true,"href":"https:\/\/testwebsite.citygame.com\/pt-br\/wp-json\/wp\/v2\/product_brand?post=56730"},{"taxonomy":"product_cat","embeddable":true,"href":"https:\/\/testwebsite.citygame.com\/pt-br\/wp-json\/wp\/v2\/product_cat?post=56730"},{"taxonomy":"product_tag","embeddable":true,"href":"https:\/\/testwebsite.citygame.com\/pt-br\/wp-json\/wp\/v2\/product_tag?post=56730"}],"curies":[{"name":"wp","href":"https:\/\/api.w.org\/{rel}","templated":true}]}}