{"id":56415,"date":"2026-01-27T10:52:37","date_gmt":"2026-01-27T10:52:37","guid":{"rendered":"https:\/\/testwebsite.citygame.com\/games\/unknown-location\/secrets-of-rotterdam\/"},"modified":"2026-04-07T22:39:33","modified_gmt":"2026-04-07T22:39:33","slug":"secrets-of-rotterdam","status":"publish","type":"product","link":"https:\/\/testwebsite.citygame.com\/pt-br\/games\/rotterdam\/secrets-of-rotterdam\/","title":{"rendered":"Secrets of Rotterdam"},"content":{"rendered":"<p>O City Game Rotterdam \u00e9 um jogo de cidade autoguiado que ocorre no centro de Roterd\u00e3. Neste jogo baseado em GPS, os jogadores usam seus smartphones para navegar pela \u00e1rea, resolvendo quebra-cabe\u00e7as, enigmas e desafios fotogr\u00e1ficos ao longo do caminho. Como parte deste jogo de explora\u00e7\u00e3o, os participantes desvendam hist\u00f3rias interessantes sobre a hist\u00f3ria, cultura e detalhes menos conhecidos de Roterd\u00e3. O jogo foi concebido para ser envolvente tanto para visitantes quanto para moradores locais, oferecendo uma nova maneira de vivenciar a cidade. Seja jogado sozinho, em casal, com a fam\u00edlia ou com um grupo de amigos, o City Game Rotterdam oferece uma aventura urbana flex\u00edvel e interativa.<\/p>\n","protected":false},"excerpt":{"rendered":"<p>Descubra o Devaneio e a Agita\u00e7\u00e3o de Roterd\u00e3! Atravesse uma cidade onde a arquitetura de vanguarda se entrela\u00e7a com os sussurros do passado mar\u00edtimo. Desvende enigmas enquanto navega por seu cora\u00e7\u00e3o din\u00e2mico, Roterd\u00e3 est\u00e1 repleta de maravilhas inesperadas em cada esquina!<\/p>\n","protected":false},"featured_media":4460,"template":"","meta":{"_acf_changed":false,"_yoast_wpseo_focuskw":"Secrets of Rotterdam","_yoast_wpseo_metadesc":"Secrets of Rotterdam. Jogue um City Game autoguiado e explore a cidade atrav\u00e9s de quebra-cabe\u00e7as, enigmas e desafios. Jogue no seu pr\u00f3prio ritmo e descubra como um morador local!","_kad_blocks_custom_css":"","_kad_blocks_head_custom_js":"","_kad_blocks_body_custom_js":"","_kad_blocks_footer_custom_js":"","ghostkit_customizer_options":"","ghostkit_custom_css":"","ghostkit_custom_js_head":"","ghostkit_custom_js_foot":"","ghostkit_typography":"","_kad_post_transparent":"","_kad_post_title":"","_kad_post_layout":"","_kad_post_sidebar_id":"","_kad_post_content_style":"","_kad_post_vertical_padding":"","_kad_post_feature":"","_kad_post_feature_position":"","_kad_post_header":false,"_kad_post_footer":false,"_kad_post_classname":"","_links_to":"","_links_to_target":""},"game-concept":[725],"location":[348],"product_brand":[],"product_cat":[27],"product_tag":[],"class_list":{"0":"post-56415","1":"product","2":"type-product","3":"status-publish","4":"has-post-thumbnail","6":"game-concept-secrets","7":"location-rotterdam","8":"product_cat-geen-categorie","10":"first","11":"instock","12":"shipping-taxable","13":"purchasable","14":"product-type-simple","15":"entry","16":"content-bg","17":"loop-entry"},"acf":{"full_bokun_product_name":"Self-Guided Secrets of Rotterdam Exploration Game","location_name":"Rotterdam","bokun_calendar_widget_code":"<script type=\"text\/javascript\" src=\"https:\/\/widgets.bokun.io\/assets\/javascripts\/apps\/build\/BokunWidgetsLoader.js?bookingChannelUUID=a1e93e96-5232-4734-a595-28405f4b5a31\" async><\/script>\n     \n    <div class=\"bokunWidget\" data-src=\"https:\/\/widgets.bokun.io\/online-sales\/a1e93e96-5232-4734-a595-28405f4b5a31\/experience-calendar\/719450\"><\/div>\n    <noscript>Please enable javascript in your browser to book<\/noscript>","bokun_button_widget_code":"<script type=\"text\/javascript\" src=\"https:\/\/widgets.bokun.io\/assets\/javascripts\/apps\/build\/BokunWidgetsLoader.js?bookingChannelUUID=a1e93e96-5232-4734-a595-28405f4b5a31\" async><\/script>\n      <style> #bokun_ed001e45_5927_4f62_b470_ca766338d083 { display: inline-block; padding: .4em 1em; background: #47b82e; border-radius: 999999px; box-shadow: none; font-weight: 600; font-size: 24px; text-decoration: none; text-align: center; color: #FFFFFF; border:none; cursor: pointer; transition: background .2s ease; } #bokun_ed001e45_5927_4f62_b470_ca766338d083:hover{ background: #2f7b1f; } #bokun_ed001e45_5927_4f62_b470_ca766338d083:active{ background: #378f24; } <\/style> <button class=\"bokunButton\" disabled id=bokun_ed001e45_5927_4f62_b470_ca766338d083 data-src=\"https:\/\/widgets.bokun.io\/online-sales\/a1e93e96-5232-4734-a595-28405f4b5a31\/experience-calendar\/719450?partialView=1\" data-testid=\"widget-book-button\" > Book now <\/button> ","what_you\u2019ll_experience_during_the_game":"Experimente Roterd\u00e3 de uma nova maneira, pois este City Game combina explora\u00e7\u00e3o urbana com uma hist\u00f3ria cativante e desafios interativos. Voc\u00ea ser\u00e1 guiado a locais bem conhecidos e a cantos menos explorados da cidade, desvendando segredos locais ao longo do caminho. Enquanto voc\u00ea caminha por Roterd\u00e3, destaques como a vibrante Witte de Withstraat, as impressionantes Cube Houses e o Markthal oferecem uma mistura de cultura, arquitetura e vida cotidiana. Junto com esses marcos, a rota o levar\u00e1 por locais mais tranquilos que proporcionam uma compreens\u00e3o mais profunda do car\u00e1ter multifacetado da cidade.\n\nAo longo do jogo, voc\u00ea resolver\u00e1 pistas, responder\u00e1 a enigmas e realizar\u00e1 tarefas fotogr\u00e1ficas criativas que se conectam com o seu entorno. Cada desafio correto ganha pontos, revela novas dicas e o aproxima da solu\u00e7\u00e3o do mist\u00e9rio final no centro do City Game. Voc\u00ea pode pausar a qualquer momento para explorar ou relaxar, e continuar quando estiver pronto. Para aqueles que desejam um desafio extra, as equipes podem competir por um lugar de destaque na tabela de classifica\u00e7\u00e3o de Roterd\u00e3.","how_to_play":"Reserve o Jogo de Explora\u00e7\u00e3o, verifique o e-mail que lhe enviaremos com as instru\u00e7\u00f5es simples, baixe o Loquiz App, acesse o Jogo de Explora\u00e7\u00e3o e voc\u00ea estar\u00e1 pronto para iniciar sua experi\u00eancia de jogo! Comece a explorar Roterd\u00e3 de uma maneira que voc\u00ea nunca fez antes. Descobrindo os segredos mais bem guardados desta cidade incr\u00edvel. O ponto de partida \u00e9 o Markthal no centro da cidade.","start_location":"Rotterdam, Markthal","available_languages":["en","nl","de"],"players_per_group":"1-4","duration":"1.5-2 hours","image_overlay_color_image":"https:\/\/testwebsite.citygame.com\/wp-content\/blogs.dir\/1\/files\/sites\/62\/2026\/01\/SecretsColor.svg","image_overlay_game_logo":"https:\/\/testwebsite.citygame.com\/wp-content\/blogs.dir\/1\/files\/sites\/62\/2026\/01\/SecretsLogo.png","city_page":4437,"woocommerce_general_content":null},"yoast_head":"<!-- This site is optimized with the Yoast SEO Premium plugin v26.2 (Yoast SEO v26.3) - https:\/\/yoast.com\/wordpress\/plugins\/seo\/ -->\n<title>Secrets of Rotterdam - City Game<\/title>\n<meta name=\"description\" content=\"Secrets of Rotterdam. Jogue um City Game autoguiado e explore a cidade atrav\u00e9s de quebra-cabe\u00e7as, enigmas e desafios. Jogue no seu pr\u00f3prio ritmo e descubra como um morador local!\" \/>\n<meta name=\"robots\" content=\"noindex, follow, max-snippet:-1, max-image-preview:large, max-video-preview:-1\" \/>\n<meta property=\"og:locale\" content=\"pt_BR\" \/>\n<meta property=\"og:type\" content=\"article\" \/>\n<meta property=\"og:title\" content=\"Secrets of Rotterdam\" \/>\n<meta property=\"og:description\" content=\"Secrets of Rotterdam. Jogue um City Game autoguiado e explore a cidade atrav\u00e9s de quebra-cabe\u00e7as, enigmas e desafios. Jogue no seu pr\u00f3prio ritmo e descubra como um morador local!\" \/>\n<meta property=\"og:url\" content=\"https:\/\/testwebsite.citygame.com\/pt-br\/games\/rotterdam\/secrets-of-rotterdam\/\" \/>\n<meta property=\"og:site_name\" content=\"City Game\" \/>\n<meta property=\"article:publisher\" content=\"https:\/\/www.facebook.com\/profile.php?id=100086426226253\" \/>\n<meta property=\"article:modified_time\" content=\"2026-04-07T22:39:33+00:00\" \/>\n<meta property=\"og:image\" content=\"https:\/\/testwebsite.citygame.com\/wp-content\/blogs.dir\/1\/files\/sites\/62\/2026\/01\/man-playing-city-game-on-phone-rotterdam.jpg\" \/>\n\t<meta property=\"og:image:width\" content=\"736\" \/>\n\t<meta property=\"og:image:height\" content=\"1408\" \/>\n\t<meta property=\"og:image:type\" content=\"image\/jpeg\" \/>\n<meta name=\"twitter:card\" content=\"summary_large_image\" \/>\n<meta name=\"twitter:label1\" content=\"Est. tempo de leitura\" \/>\n\t<meta name=\"twitter:data1\" content=\"1 minuto\" \/>\n<script type=\"application\/ld+json\" class=\"yoast-schema-graph\">{\"@context\":\"https:\/\/schema.org\",\"@graph\":[{\"@type\":\"WebPage\",\"@id\":\"https:\/\/testwebsite.citygame.com\/pt-br\/games\/rotterdam\/secrets-of-rotterdam\/\",\"url\":\"https:\/\/testwebsite.citygame.com\/pt-br\/games\/rotterdam\/secrets-of-rotterdam\/\",\"name\":\"Secrets of Rotterdam - City Game\",\"isPartOf\":{\"@id\":\"https:\/\/testwebsite.upevents.nl\/#website\"},\"primaryImageOfPage\":{\"@id\":\"https:\/\/testwebsite.citygame.com\/pt-br\/games\/rotterdam\/secrets-of-rotterdam\/#primaryimage\"},\"image\":{\"@id\":\"https:\/\/testwebsite.citygame.com\/pt-br\/games\/rotterdam\/secrets-of-rotterdam\/#primaryimage\"},\"thumbnailUrl\":\"https:\/\/testwebsite.citygame.com\/wp-content\/blogs.dir\/1\/files\/sites\/62\/2026\/01\/man-playing-city-game-on-phone-rotterdam.jpg\",\"datePublished\":\"2026-01-27T10:52:37+00:00\",\"dateModified\":\"2026-04-07T22:39:33+00:00\",\"description\":\"Secrets of Rotterdam. Jogue um City Game autoguiado e explore a cidade atrav\u00e9s de quebra-cabe\u00e7as, enigmas e desafios. Jogue no seu pr\u00f3prio ritmo e descubra como um morador local!\",\"breadcrumb\":{\"@id\":\"https:\/\/testwebsite.citygame.com\/pt-br\/games\/rotterdam\/secrets-of-rotterdam\/#breadcrumb\"},\"inLanguage\":\"pt-BR\",\"potentialAction\":[{\"@type\":\"ReadAction\",\"target\":[\"https:\/\/testwebsite.citygame.com\/pt-br\/games\/rotterdam\/secrets-of-rotterdam\/\"]}]},{\"@type\":\"ImageObject\",\"inLanguage\":\"pt-BR\",\"@id\":\"https:\/\/testwebsite.citygame.com\/pt-br\/games\/rotterdam\/secrets-of-rotterdam\/#primaryimage\",\"url\":\"https:\/\/testwebsite.citygame.com\/wp-content\/blogs.dir\/1\/files\/sites\/62\/2026\/01\/man-playing-city-game-on-phone-rotterdam.jpg\",\"contentUrl\":\"https:\/\/testwebsite.citygame.com\/wp-content\/blogs.dir\/1\/files\/sites\/62\/2026\/01\/man-playing-city-game-on-phone-rotterdam.jpg\",\"width\":736,\"height\":1408,\"caption\":\"A player uses his smartphone to solve a challenge during a city game.\"},{\"@type\":\"BreadcrumbList\",\"@id\":\"https:\/\/testwebsite.citygame.com\/pt-br\/games\/rotterdam\/secrets-of-rotterdam\/#breadcrumb\",\"itemListElement\":[{\"@type\":\"ListItem\",\"position\":1,\"name\":\"Home\",\"item\":\"https:\/\/testwebsite.citygame.com\/pt-br\/\"},{\"@type\":\"ListItem\",\"position\":2,\"name\":\"Shop\",\"item\":\"https:\/\/testwebsite.citygame.com\/shop\/\"},{\"@type\":\"ListItem\",\"position\":3,\"name\":\"Secrets of Rotterdam\"}]},{\"@type\":\"WebSite\",\"@id\":\"https:\/\/testwebsite.upevents.nl\/#website\",\"url\":\"https:\/\/testwebsite.upevents.nl\/\",\"name\":\"City Game\",\"description\":\"\",\"publisher\":{\"@id\":\"https:\/\/testwebsite.upevents.nl\/#organization\"},\"alternateName\":\"citygame.com\",\"potentialAction\":[{\"@type\":\"SearchAction\",\"target\":{\"@type\":\"EntryPoint\",\"urlTemplate\":\"https:\/\/testwebsite.upevents.nl\/?s={search_term_string}\"},\"query-input\":{\"@type\":\"PropertyValueSpecification\",\"valueRequired\":true,\"valueName\":\"search_term_string\"}}],\"inLanguage\":\"pt-BR\"},{\"@type\":[\"Organization\",\"Place\"],\"@id\":\"https:\/\/testwebsite.upevents.nl\/#organization\",\"name\":\"City Game\",\"alternateName\":\"citygame.com\",\"url\":\"https:\/\/testwebsite.upevents.nl\/\",\"logo\":{\"@id\":\"https:\/\/testwebsite.citygame.com\/pt-br\/games\/rotterdam\/secrets-of-rotterdam\/#local-main-organization-logo\"},\"image\":{\"@id\":\"https:\/\/testwebsite.citygame.com\/pt-br\/games\/rotterdam\/secrets-of-rotterdam\/#local-main-organization-logo\"},\"sameAs\":[\"https:\/\/www.facebook.com\/profile.php?id=100086426226253\",\"https:\/\/www.instagram.com\/citygame_com\",\"https:\/\/www.tiktok.com\/@citygamecom\/\",\"https:\/\/www.linkedin.com\/company\/citygame-com\"],\"description\":\"Turn any city into a playground with our interactive City Games and self-guided tours. Fun, flexible, and ideal for groups and team building.\",\"telephone\":[],\"openingHoursSpecification\":[{\"@type\":\"OpeningHoursSpecification\",\"dayOfWeek\":[\"Monday\",\"Tuesday\",\"Wednesday\",\"Thursday\",\"Friday\",\"Saturday\",\"Sunday\"],\"opens\":\"09:00\",\"closes\":\"17:00\"}]},{\"@type\":\"ImageObject\",\"inLanguage\":\"pt-BR\",\"@id\":\"https:\/\/testwebsite.citygame.com\/pt-br\/games\/rotterdam\/secrets-of-rotterdam\/#local-main-organization-logo\",\"url\":\"https:\/\/testwebsite.citygame.com\/wp-content\/blogs.dir\/1\/files\/sites\/62\/2025\/10\/CG_LOGO-City-Game.png\",\"contentUrl\":\"https:\/\/testwebsite.citygame.com\/wp-content\/blogs.dir\/1\/files\/sites\/62\/2025\/10\/CG_LOGO-City-Game.png\",\"width\":351,\"height\":377,\"caption\":\"City Game\"}]}<\/script>\n<!-- \/ Yoast SEO Premium plugin. -->","yoast_head_json":{"title":"Secrets of Rotterdam - City Game","description":"Secrets of Rotterdam. Jogue um City Game autoguiado e explore a cidade atrav\u00e9s de quebra-cabe\u00e7as, enigmas e desafios. Jogue no seu pr\u00f3prio ritmo e descubra como um morador local!","robots":{"index":"noindex","follow":"follow","max-snippet":"max-snippet:-1","max-image-preview":"max-image-preview:large","max-video-preview":"max-video-preview:-1"},"og_locale":"pt_BR","og_type":"article","og_title":"Secrets of Rotterdam","og_description":"Secrets of Rotterdam. Jogue um City Game autoguiado e explore a cidade atrav\u00e9s de quebra-cabe\u00e7as, enigmas e desafios. Jogue no seu pr\u00f3prio ritmo e descubra como um morador local!","og_url":"https:\/\/testwebsite.citygame.com\/pt-br\/games\/rotterdam\/secrets-of-rotterdam\/","og_site_name":"City Game","article_publisher":"https:\/\/www.facebook.com\/profile.php?id=100086426226253","article_modified_time":"2026-04-07T22:39:33+00:00","og_image":[{"width":736,"height":1408,"url":"https:\/\/testwebsite.citygame.com\/wp-content\/blogs.dir\/1\/files\/sites\/62\/2026\/01\/man-playing-city-game-on-phone-rotterdam.jpg","type":"image\/jpeg"}],"twitter_card":"summary_large_image","twitter_misc":{"Est. tempo de leitura":"1 minuto"},"schema":{"@context":"https:\/\/schema.org","@graph":[{"@type":"WebPage","@id":"https:\/\/testwebsite.citygame.com\/pt-br\/games\/rotterdam\/secrets-of-rotterdam\/","url":"https:\/\/testwebsite.citygame.com\/pt-br\/games\/rotterdam\/secrets-of-rotterdam\/","name":"Secrets of Rotterdam - City Game","isPartOf":{"@id":"https:\/\/testwebsite.upevents.nl\/#website"},"primaryImageOfPage":{"@id":"https:\/\/testwebsite.citygame.com\/pt-br\/games\/rotterdam\/secrets-of-rotterdam\/#primaryimage"},"image":{"@id":"https:\/\/testwebsite.citygame.com\/pt-br\/games\/rotterdam\/secrets-of-rotterdam\/#primaryimage"},"thumbnailUrl":"https:\/\/testwebsite.citygame.com\/wp-content\/blogs.dir\/1\/files\/sites\/62\/2026\/01\/man-playing-city-game-on-phone-rotterdam.jpg","datePublished":"2026-01-27T10:52:37+00:00","dateModified":"2026-04-07T22:39:33+00:00","description":"Secrets of Rotterdam. Jogue um City Game autoguiado e explore a cidade atrav\u00e9s de quebra-cabe\u00e7as, enigmas e desafios. Jogue no seu pr\u00f3prio ritmo e descubra como um morador local!","breadcrumb":{"@id":"https:\/\/testwebsite.citygame.com\/pt-br\/games\/rotterdam\/secrets-of-rotterdam\/#breadcrumb"},"inLanguage":"pt-BR","potentialAction":[{"@type":"ReadAction","target":["https:\/\/testwebsite.citygame.com\/pt-br\/games\/rotterdam\/secrets-of-rotterdam\/"]}]},{"@type":"ImageObject","inLanguage":"pt-BR","@id":"https:\/\/testwebsite.citygame.com\/pt-br\/games\/rotterdam\/secrets-of-rotterdam\/#primaryimage","url":"https:\/\/testwebsite.citygame.com\/wp-content\/blogs.dir\/1\/files\/sites\/62\/2026\/01\/man-playing-city-game-on-phone-rotterdam.jpg","contentUrl":"https:\/\/testwebsite.citygame.com\/wp-content\/blogs.dir\/1\/files\/sites\/62\/2026\/01\/man-playing-city-game-on-phone-rotterdam.jpg","width":736,"height":1408,"caption":"A player uses his smartphone to solve a challenge during a city game."},{"@type":"BreadcrumbList","@id":"https:\/\/testwebsite.citygame.com\/pt-br\/games\/rotterdam\/secrets-of-rotterdam\/#breadcrumb","itemListElement":[{"@type":"ListItem","position":1,"name":"Home","item":"https:\/\/testwebsite.citygame.com\/pt-br\/"},{"@type":"ListItem","position":2,"name":"Shop","item":"https:\/\/testwebsite.citygame.com\/shop\/"},{"@type":"ListItem","position":3,"name":"Secrets of Rotterdam"}]},{"@type":"WebSite","@id":"https:\/\/testwebsite.upevents.nl\/#website","url":"https:\/\/testwebsite.upevents.nl\/","name":"City Game","description":"","publisher":{"@id":"https:\/\/testwebsite.upevents.nl\/#organization"},"alternateName":"citygame.com","potentialAction":[{"@type":"SearchAction","target":{"@type":"EntryPoint","urlTemplate":"https:\/\/testwebsite.upevents.nl\/?s={search_term_string}"},"query-input":{"@type":"PropertyValueSpecification","valueRequired":true,"valueName":"search_term_string"}}],"inLanguage":"pt-BR"},{"@type":["Organization","Place"],"@id":"https:\/\/testwebsite.upevents.nl\/#organization","name":"City Game","alternateName":"citygame.com","url":"https:\/\/testwebsite.upevents.nl\/","logo":{"@id":"https:\/\/testwebsite.citygame.com\/pt-br\/games\/rotterdam\/secrets-of-rotterdam\/#local-main-organization-logo"},"image":{"@id":"https:\/\/testwebsite.citygame.com\/pt-br\/games\/rotterdam\/secrets-of-rotterdam\/#local-main-organization-logo"},"sameAs":["https:\/\/www.facebook.com\/profile.php?id=100086426226253","https:\/\/www.instagram.com\/citygame_com","https:\/\/www.tiktok.com\/@citygamecom\/","https:\/\/www.linkedin.com\/company\/citygame-com"],"description":"Turn any city into a playground with our interactive City Games and self-guided tours. Fun, flexible, and ideal for groups and team building.","telephone":[],"openingHoursSpecification":[{"@type":"OpeningHoursSpecification","dayOfWeek":["Monday","Tuesday","Wednesday","Thursday","Friday","Saturday","Sunday"],"opens":"09:00","closes":"17:00"}]},{"@type":"ImageObject","inLanguage":"pt-BR","@id":"https:\/\/testwebsite.citygame.com\/pt-br\/games\/rotterdam\/secrets-of-rotterdam\/#local-main-organization-logo","url":"https:\/\/testwebsite.citygame.com\/wp-content\/blogs.dir\/1\/files\/sites\/62\/2025\/10\/CG_LOGO-City-Game.png","contentUrl":"https:\/\/testwebsite.citygame.com\/wp-content\/blogs.dir\/1\/files\/sites\/62\/2025\/10\/CG_LOGO-City-Game.png","width":351,"height":377,"caption":"City Game"}]}},"taxonomy_info":{"game-concept":[{"value":725,"label":"Secrets"}],"location":[{"value":348,"label":"Rotterdam"}],"product_cat":[{"value":27,"label":"Geen categorie"}]},"featured_image_src_large":["https:\/\/testwebsite.citygame.com\/wp-content\/blogs.dir\/1\/files\/sites\/62\/2026\/01\/man-playing-city-game-on-phone-rotterdam-535x1024.jpg",535,1024,true],"author_info":[],"comment_info":"","_links":{"self":[{"href":"https:\/\/testwebsite.citygame.com\/pt-br\/wp-json\/wp\/v2\/product\/56415","targetHints":{"allow":["GET"]}}],"collection":[{"href":"https:\/\/testwebsite.citygame.com\/pt-br\/wp-json\/wp\/v2\/product"}],"about":[{"href":"https:\/\/testwebsite.citygame.com\/pt-br\/wp-json\/wp\/v2\/types\/product"}],"acf:post":[{"embeddable":true,"href":"https:\/\/testwebsite.citygame.com\/pt-br\/wp-json\/wp\/v2\/pages\/4437"}],"wp:featuredmedia":[{"embeddable":true,"href":"https:\/\/testwebsite.citygame.com\/pt-br\/wp-json\/wp\/v2\/media\/4460"}],"wp:attachment":[{"href":"https:\/\/testwebsite.citygame.com\/pt-br\/wp-json\/wp\/v2\/media?parent=56415"}],"wp:term":[{"taxonomy":"game-concept","embeddable":true,"href":"https:\/\/testwebsite.citygame.com\/pt-br\/wp-json\/wp\/v2\/game-concept?post=56415"},{"taxonomy":"location","embeddable":true,"href":"https:\/\/testwebsite.citygame.com\/pt-br\/wp-json\/wp\/v2\/location?post=56415"},{"taxonomy":"product_brand","embeddable":true,"href":"https:\/\/testwebsite.citygame.com\/pt-br\/wp-json\/wp\/v2\/product_brand?post=56415"},{"taxonomy":"product_cat","embeddable":true,"href":"https:\/\/testwebsite.citygame.com\/pt-br\/wp-json\/wp\/v2\/product_cat?post=56415"},{"taxonomy":"product_tag","embeddable":true,"href":"https:\/\/testwebsite.citygame.com\/pt-br\/wp-json\/wp\/v2\/product_tag?post=56415"}],"curies":[{"name":"wp","href":"https:\/\/api.w.org\/{rel}","templated":true}]}}