{"id":47757,"date":"2026-03-13T14:27:51","date_gmt":"2026-03-13T14:27:51","guid":{"rendered":"https:\/\/testwebsite.citygame.com\/games\/unknown-location\/produto-426\/"},"modified":"2026-04-03T17:27:55","modified_gmt":"2026-04-03T17:27:55","slug":"produto-426","status":"publish","type":"product","link":"https:\/\/testwebsite.citygame.com\/pt-br\/games\/unknown-location\/produto-426\/","title":{"rendered":"Produto"},"content":{"rendered":"","protected":false},"excerpt":{"rendered":"","protected":false},"featured_media":18673,"template":"","meta":{"_acf_changed":false,"_yoast_wpseo_focuskw":"Secrets of Vilnius","_yoast_wpseo_metadesc":"Secrets of Vilnius. Jogue um City Game autoguiado e explore a cidade atrav\u00e9s de quebra-cabe\u00e7as, enigmas e desafios. Jogue no seu pr\u00f3prio ritmo e descubra como um morador local!","_kad_blocks_custom_css":"","_kad_blocks_head_custom_js":"","_kad_blocks_body_custom_js":"","_kad_blocks_footer_custom_js":"","ghostkit_customizer_options":"","ghostkit_custom_css":"","ghostkit_custom_js_head":"","ghostkit_custom_js_foot":"","ghostkit_typography":"","_kad_post_transparent":"","_kad_post_title":"","_kad_post_layout":"","_kad_post_sidebar_id":"","_kad_post_content_style":"","_kad_post_vertical_padding":"","_kad_post_feature":"","_kad_post_feature_position":"","_kad_post_header":false,"_kad_post_footer":false,"_kad_post_classname":"","_links_to":"","_links_to_target":""},"game-concept":[36],"location":[],"product_brand":[],"product_cat":[27],"product_tag":[],"class_list":{"0":"post-47757","1":"product","2":"type-product","3":"status-publish","4":"has-post-thumbnail","6":"game-concept-secrets","7":"product_cat-geen-categorie","9":"first","10":"instock","11":"shipping-taxable","12":"purchasable","13":"product-type-simple","14":"entry","15":"content-bg","16":"loop-entry"},"acf":{"full_bokun_product_name":"Self-Guided Secrets of Vilnius Exploration Game","location_name":"Vilnius","bokun_calendar_widget_code":"<script type=\"text\/javascript\" src=\"https:\/\/widgets.bokun.io\/assets\/javascripts\/apps\/build\/BokunWidgetsLoader.js?bookingChannelUUID=a1e93e96-5232-4734-a595-28405f4b5a31\" async><\/script>\n     \n    <div class=\"bokunWidget\" data-src=\"https:\/\/widgets.bokun.io\/online-sales\/a1e93e96-5232-4734-a595-28405f4b5a31\/experience-calendar\/919134\"><\/div>\n    <noscript>Please enable javascript in your browser to book<\/noscript>","bokun_button_widget_code":"<script type=\"text\/javascript\" src=\"https:\/\/widgets.bokun.io\/assets\/javascripts\/apps\/build\/BokunWidgetsLoader.js?bookingChannelUUID=a1e93e96-5232-4734-a595-28405f4b5a31\" async><\/script>\n      <style> #bokun_ed001e45_5927_4f62_b470_ca766338d083 { display: inline-block; padding: .4em 1em; background: #47b82e; border-radius: 999999px; box-shadow: none; font-weight: 600; font-size: 24px; text-decoration: none; text-align: center; color: #FFFFFF; border:none; cursor: pointer; transition: background .2s ease; } #bokun_ed001e45_5927_4f62_b470_ca766338d083:hover{ background: #2f7b1f; } #bokun_ed001e45_5927_4f62_b470_ca766338d083:active{ background: #378f24; } <\/style> <button class=\"bokunButton\" disabled id=bokun_ed001e45_5927_4f62_b470_ca766338d083 data-src=\"https:\/\/widgets.bokun.io\/online-sales\/a1e93e96-5232-4734-a595-28405f4b5a31\/experience-calendar\/919134?partialView=1\" data-testid=\"widget-book-button\" > Book now <\/button> ","what_you\u2019ll_experience_during_the_game":"Experimente a magia de Vilnius como nunca antes com nosso jogo de cidade imersivo. Enquanto voc\u00ea vagueia por cantos ic\u00f4nicos e escondidos desta cidade hist\u00f3rica, voc\u00ea desvendar\u00e1 uma narrativa intrigante e enfrentar\u00e1 desafios interativos que adicionam uma camada emocionante ao seu passeio. Das charmosas ruas da Cidade Velha aos panoramas deslumbrantes no topo da Colina das Tr\u00eas Cruzes, e \u00e0 arquitetura deslumbrante da Universidade de Vilnius, voc\u00ea ser\u00e1 atra\u00eddo mais fundo ao cora\u00e7\u00e3o da capital da Litu\u00e2nia a cada passo.\n\nO jogo vai al\u00e9m do simples passeio tur\u00edstico, transformando sua explora\u00e7\u00e3o de Vilnius em uma aventura cativante. Desenterre hist\u00f3rias secretas escondidas pela cidade e resolva quebra-cabe\u00e7as envolventes, enigmas, perguntas e desafios fotogr\u00e1ficos criativos. \u00c0 medida que voc\u00ea ganha pontos e desbloqueia dicas, voc\u00ea progredir\u00e1 em dire\u00e7\u00e3o \u00e0 emocionante resolu\u00e7\u00e3o de um mist\u00e9rio final. O design flex\u00edvel do jogo permite que voc\u00ea pause a qualquer momento e retome sua busca quando estiver pronto. Para aqueles com um lado competitivo, buscar um lugar alto na tabela de classifica\u00e7\u00e3o adiciona uma emo\u00e7\u00e3o extra \u00e0 sua jornada por uma das cidades mais encantadoras da Europa.","how_to_play":"Reserve o Jogo de Explora\u00e7\u00e3o, verifique o e-mail que enviamos com as instru\u00e7\u00f5es simples, baixe o aplicativo Loquiz, acesse o Jogo de Explora\u00e7\u00e3o e voc\u00ea estar\u00e1 pronto para come\u00e7ar sua experi\u00eancia de jogo!","start_location":"Simonas Daukantas Square","available_languages":["en"],"players_per_group":"1-4","duration":"1.5-2 hours","image_overlay_color_image":"https:\/\/testwebsite.citygame.com\/wp-content\/blogs.dir\/1\/files\/sites\/62\/2026\/01\/SecretsColor.svg","image_overlay_game_logo":"https:\/\/testwebsite.citygame.com\/wp-content\/blogs.dir\/1\/files\/sites\/62\/2026\/01\/SecretsLogo.png","city_page":8940,"woocommerce_general_content":null,"the_story":"","name_main_character":"","photo_main_character":null,"loquiz_or_kokimoki":"Loquiz"},"yoast_head":"<!-- This site is optimized with the Yoast SEO Premium plugin v26.2 (Yoast SEO v26.3) - https:\/\/yoast.com\/wordpress\/plugins\/seo\/ -->\n<title>Produto - City Game<\/title>\n<meta name=\"description\" content=\"Secrets of Vilnius. Jogue um City Game autoguiado e explore a cidade atrav\u00e9s de quebra-cabe\u00e7as, enigmas e desafios. Jogue no seu pr\u00f3prio ritmo e descubra como um morador local!\" \/>\n<meta name=\"robots\" content=\"noindex, follow, max-snippet:-1, max-image-preview:large, max-video-preview:-1\" \/>\n<meta property=\"og:locale\" content=\"pt_BR\" \/>\n<meta property=\"og:type\" content=\"article\" \/>\n<meta property=\"og:title\" content=\"Produto\" \/>\n<meta property=\"og:description\" content=\"Secrets of Vilnius. Jogue um City Game autoguiado e explore a cidade atrav\u00e9s de quebra-cabe\u00e7as, enigmas e desafios. Jogue no seu pr\u00f3prio ritmo e descubra como um morador local!\" \/>\n<meta property=\"og:url\" content=\"https:\/\/testwebsite.citygame.com\/pt-br\/games\/unknown-location\/produto-426\/\" \/>\n<meta property=\"og:site_name\" content=\"City Game\" \/>\n<meta property=\"article:publisher\" content=\"https:\/\/www.facebook.com\/profile.php?id=100086426226253\" \/>\n<meta property=\"article:modified_time\" content=\"2026-04-03T17:27:55+00:00\" \/>\n<meta property=\"og:image\" content=\"https:\/\/testwebsite.citygame.com\/wp-content\/blogs.dir\/1\/files\/sites\/62\/2026\/03\/player-looking-at-phone-rudninku-square-vilnius.jpg\" \/>\n\t<meta property=\"og:image:width\" content=\"1024\" \/>\n\t<meta property=\"og:image:height\" content=\"1024\" \/>\n\t<meta property=\"og:image:type\" content=\"image\/jpeg\" \/>\n<meta name=\"twitter:card\" content=\"summary_large_image\" \/>\n<script type=\"application\/ld+json\" class=\"yoast-schema-graph\">{\"@context\":\"https:\/\/schema.org\",\"@graph\":[{\"@type\":\"WebPage\",\"@id\":\"https:\/\/testwebsite.citygame.com\/pt-br\/games\/unknown-location\/produto-426\/\",\"url\":\"https:\/\/testwebsite.citygame.com\/pt-br\/games\/unknown-location\/produto-426\/\",\"name\":\"Produto - City Game\",\"isPartOf\":{\"@id\":\"https:\/\/testwebsite.upevents.nl\/#website\"},\"primaryImageOfPage\":{\"@id\":\"https:\/\/testwebsite.citygame.com\/pt-br\/games\/unknown-location\/produto-426\/#primaryimage\"},\"image\":{\"@id\":\"https:\/\/testwebsite.citygame.com\/pt-br\/games\/unknown-location\/produto-426\/#primaryimage\"},\"thumbnailUrl\":\"https:\/\/testwebsite.citygame.com\/wp-content\/blogs.dir\/1\/files\/sites\/62\/2026\/03\/player-looking-at-phone-rudninku-square-vilnius.jpg\",\"datePublished\":\"2026-03-13T14:27:51+00:00\",\"dateModified\":\"2026-04-03T17:27:55+00:00\",\"description\":\"Secrets of Vilnius. Jogue um City Game autoguiado e explore a cidade atrav\u00e9s de quebra-cabe\u00e7as, enigmas e desafios. Jogue no seu pr\u00f3prio ritmo e descubra como um morador local!\",\"breadcrumb\":{\"@id\":\"https:\/\/testwebsite.citygame.com\/pt-br\/games\/unknown-location\/produto-426\/#breadcrumb\"},\"inLanguage\":\"pt-BR\",\"potentialAction\":[{\"@type\":\"ReadAction\",\"target\":[\"https:\/\/testwebsite.citygame.com\/pt-br\/games\/unknown-location\/produto-426\/\"]}]},{\"@type\":\"ImageObject\",\"inLanguage\":\"pt-BR\",\"@id\":\"https:\/\/testwebsite.citygame.com\/pt-br\/games\/unknown-location\/produto-426\/#primaryimage\",\"url\":\"https:\/\/testwebsite.citygame.com\/wp-content\/blogs.dir\/1\/files\/sites\/62\/2026\/03\/player-looking-at-phone-rudninku-square-vilnius.jpg\",\"contentUrl\":\"https:\/\/testwebsite.citygame.com\/wp-content\/blogs.dir\/1\/files\/sites\/62\/2026\/03\/player-looking-at-phone-rudninku-square-vilnius.jpg\",\"width\":1024,\"height\":1024,\"caption\":\"A young man explores the historic R\u016bdnink\u0173 Square in the Old Town of Vilnius.\"},{\"@type\":\"BreadcrumbList\",\"@id\":\"https:\/\/testwebsite.citygame.com\/pt-br\/games\/unknown-location\/produto-426\/#breadcrumb\",\"itemListElement\":[{\"@type\":\"ListItem\",\"position\":1,\"name\":\"Home\",\"item\":\"https:\/\/testwebsite.citygame.com\/pt-br\/\"},{\"@type\":\"ListItem\",\"position\":2,\"name\":\"Shop\",\"item\":\"https:\/\/testwebsite.citygame.com\/shop\/\"},{\"@type\":\"ListItem\",\"position\":3,\"name\":\"Produto\"}]},{\"@type\":\"WebSite\",\"@id\":\"https:\/\/testwebsite.upevents.nl\/#website\",\"url\":\"https:\/\/testwebsite.upevents.nl\/\",\"name\":\"City Game\",\"description\":\"\",\"publisher\":{\"@id\":\"https:\/\/testwebsite.upevents.nl\/#organization\"},\"alternateName\":\"citygame.com\",\"potentialAction\":[{\"@type\":\"SearchAction\",\"target\":{\"@type\":\"EntryPoint\",\"urlTemplate\":\"https:\/\/testwebsite.upevents.nl\/?s={search_term_string}\"},\"query-input\":{\"@type\":\"PropertyValueSpecification\",\"valueRequired\":true,\"valueName\":\"search_term_string\"}}],\"inLanguage\":\"pt-BR\"},{\"@type\":[\"Organization\",\"Place\"],\"@id\":\"https:\/\/testwebsite.upevents.nl\/#organization\",\"name\":\"City Game\",\"alternateName\":\"citygame.com\",\"url\":\"https:\/\/testwebsite.upevents.nl\/\",\"logo\":{\"@id\":\"https:\/\/testwebsite.citygame.com\/pt-br\/games\/unknown-location\/produto-426\/#local-main-organization-logo\"},\"image\":{\"@id\":\"https:\/\/testwebsite.citygame.com\/pt-br\/games\/unknown-location\/produto-426\/#local-main-organization-logo\"},\"sameAs\":[\"https:\/\/www.facebook.com\/profile.php?id=100086426226253\",\"https:\/\/www.instagram.com\/citygame_com\",\"https:\/\/www.tiktok.com\/@citygamecom\/\",\"https:\/\/www.linkedin.com\/company\/citygame-com\"],\"description\":\"Turn any city into a playground with our interactive City Games and self-guided tours. Fun, flexible, and ideal for groups and team building.\",\"telephone\":[],\"openingHoursSpecification\":[{\"@type\":\"OpeningHoursSpecification\",\"dayOfWeek\":[\"Monday\",\"Tuesday\",\"Wednesday\",\"Thursday\",\"Friday\",\"Saturday\",\"Sunday\"],\"opens\":\"09:00\",\"closes\":\"17:00\"}]},{\"@type\":\"ImageObject\",\"inLanguage\":\"pt-BR\",\"@id\":\"https:\/\/testwebsite.citygame.com\/pt-br\/games\/unknown-location\/produto-426\/#local-main-organization-logo\",\"url\":\"https:\/\/testwebsite.citygame.com\/wp-content\/blogs.dir\/1\/files\/sites\/62\/2025\/10\/CG_LOGO-City-Game.png\",\"contentUrl\":\"https:\/\/testwebsite.citygame.com\/wp-content\/blogs.dir\/1\/files\/sites\/62\/2025\/10\/CG_LOGO-City-Game.png\",\"width\":351,\"height\":377,\"caption\":\"City Game\"}]}<\/script>\n<!-- \/ Yoast SEO Premium plugin. -->","yoast_head_json":{"title":"Produto - City Game","description":"Secrets of Vilnius. Jogue um City Game autoguiado e explore a cidade atrav\u00e9s de quebra-cabe\u00e7as, enigmas e desafios. Jogue no seu pr\u00f3prio ritmo e descubra como um morador local!","robots":{"index":"noindex","follow":"follow","max-snippet":"max-snippet:-1","max-image-preview":"max-image-preview:large","max-video-preview":"max-video-preview:-1"},"og_locale":"pt_BR","og_type":"article","og_title":"Produto","og_description":"Secrets of Vilnius. Jogue um City Game autoguiado e explore a cidade atrav\u00e9s de quebra-cabe\u00e7as, enigmas e desafios. Jogue no seu pr\u00f3prio ritmo e descubra como um morador local!","og_url":"https:\/\/testwebsite.citygame.com\/pt-br\/games\/unknown-location\/produto-426\/","og_site_name":"City Game","article_publisher":"https:\/\/www.facebook.com\/profile.php?id=100086426226253","article_modified_time":"2026-04-03T17:27:55+00:00","og_image":[{"width":1024,"height":1024,"url":"https:\/\/testwebsite.citygame.com\/wp-content\/blogs.dir\/1\/files\/sites\/62\/2026\/03\/player-looking-at-phone-rudninku-square-vilnius.jpg","type":"image\/jpeg"}],"twitter_card":"summary_large_image","schema":{"@context":"https:\/\/schema.org","@graph":[{"@type":"WebPage","@id":"https:\/\/testwebsite.citygame.com\/pt-br\/games\/unknown-location\/produto-426\/","url":"https:\/\/testwebsite.citygame.com\/pt-br\/games\/unknown-location\/produto-426\/","name":"Produto - City Game","isPartOf":{"@id":"https:\/\/testwebsite.upevents.nl\/#website"},"primaryImageOfPage":{"@id":"https:\/\/testwebsite.citygame.com\/pt-br\/games\/unknown-location\/produto-426\/#primaryimage"},"image":{"@id":"https:\/\/testwebsite.citygame.com\/pt-br\/games\/unknown-location\/produto-426\/#primaryimage"},"thumbnailUrl":"https:\/\/testwebsite.citygame.com\/wp-content\/blogs.dir\/1\/files\/sites\/62\/2026\/03\/player-looking-at-phone-rudninku-square-vilnius.jpg","datePublished":"2026-03-13T14:27:51+00:00","dateModified":"2026-04-03T17:27:55+00:00","description":"Secrets of Vilnius. Jogue um City Game autoguiado e explore a cidade atrav\u00e9s de quebra-cabe\u00e7as, enigmas e desafios. Jogue no seu pr\u00f3prio ritmo e descubra como um morador local!","breadcrumb":{"@id":"https:\/\/testwebsite.citygame.com\/pt-br\/games\/unknown-location\/produto-426\/#breadcrumb"},"inLanguage":"pt-BR","potentialAction":[{"@type":"ReadAction","target":["https:\/\/testwebsite.citygame.com\/pt-br\/games\/unknown-location\/produto-426\/"]}]},{"@type":"ImageObject","inLanguage":"pt-BR","@id":"https:\/\/testwebsite.citygame.com\/pt-br\/games\/unknown-location\/produto-426\/#primaryimage","url":"https:\/\/testwebsite.citygame.com\/wp-content\/blogs.dir\/1\/files\/sites\/62\/2026\/03\/player-looking-at-phone-rudninku-square-vilnius.jpg","contentUrl":"https:\/\/testwebsite.citygame.com\/wp-content\/blogs.dir\/1\/files\/sites\/62\/2026\/03\/player-looking-at-phone-rudninku-square-vilnius.jpg","width":1024,"height":1024,"caption":"A young man explores the historic R\u016bdnink\u0173 Square in the Old Town of Vilnius."},{"@type":"BreadcrumbList","@id":"https:\/\/testwebsite.citygame.com\/pt-br\/games\/unknown-location\/produto-426\/#breadcrumb","itemListElement":[{"@type":"ListItem","position":1,"name":"Home","item":"https:\/\/testwebsite.citygame.com\/pt-br\/"},{"@type":"ListItem","position":2,"name":"Shop","item":"https:\/\/testwebsite.citygame.com\/shop\/"},{"@type":"ListItem","position":3,"name":"Produto"}]},{"@type":"WebSite","@id":"https:\/\/testwebsite.upevents.nl\/#website","url":"https:\/\/testwebsite.upevents.nl\/","name":"City Game","description":"","publisher":{"@id":"https:\/\/testwebsite.upevents.nl\/#organization"},"alternateName":"citygame.com","potentialAction":[{"@type":"SearchAction","target":{"@type":"EntryPoint","urlTemplate":"https:\/\/testwebsite.upevents.nl\/?s={search_term_string}"},"query-input":{"@type":"PropertyValueSpecification","valueRequired":true,"valueName":"search_term_string"}}],"inLanguage":"pt-BR"},{"@type":["Organization","Place"],"@id":"https:\/\/testwebsite.upevents.nl\/#organization","name":"City Game","alternateName":"citygame.com","url":"https:\/\/testwebsite.upevents.nl\/","logo":{"@id":"https:\/\/testwebsite.citygame.com\/pt-br\/games\/unknown-location\/produto-426\/#local-main-organization-logo"},"image":{"@id":"https:\/\/testwebsite.citygame.com\/pt-br\/games\/unknown-location\/produto-426\/#local-main-organization-logo"},"sameAs":["https:\/\/www.facebook.com\/profile.php?id=100086426226253","https:\/\/www.instagram.com\/citygame_com","https:\/\/www.tiktok.com\/@citygamecom\/","https:\/\/www.linkedin.com\/company\/citygame-com"],"description":"Turn any city into a playground with our interactive City Games and self-guided tours. Fun, flexible, and ideal for groups and team building.","telephone":[],"openingHoursSpecification":[{"@type":"OpeningHoursSpecification","dayOfWeek":["Monday","Tuesday","Wednesday","Thursday","Friday","Saturday","Sunday"],"opens":"09:00","closes":"17:00"}]},{"@type":"ImageObject","inLanguage":"pt-BR","@id":"https:\/\/testwebsite.citygame.com\/pt-br\/games\/unknown-location\/produto-426\/#local-main-organization-logo","url":"https:\/\/testwebsite.citygame.com\/wp-content\/blogs.dir\/1\/files\/sites\/62\/2025\/10\/CG_LOGO-City-Game.png","contentUrl":"https:\/\/testwebsite.citygame.com\/wp-content\/blogs.dir\/1\/files\/sites\/62\/2025\/10\/CG_LOGO-City-Game.png","width":351,"height":377,"caption":"City Game"}]}},"taxonomy_info":{"game-concept":[{"value":36,"label":"Secrets"}],"product_cat":[{"value":27,"label":"Geen categorie"}]},"featured_image_src_large":["https:\/\/testwebsite.citygame.com\/wp-content\/blogs.dir\/1\/files\/sites\/62\/2026\/03\/player-looking-at-phone-rudninku-square-vilnius.jpg",1024,1024,false],"author_info":[],"comment_info":"","_links":{"self":[{"href":"https:\/\/testwebsite.citygame.com\/pt-br\/wp-json\/wp\/v2\/product\/47757","targetHints":{"allow":["GET"]}}],"collection":[{"href":"https:\/\/testwebsite.citygame.com\/pt-br\/wp-json\/wp\/v2\/product"}],"about":[{"href":"https:\/\/testwebsite.citygame.com\/pt-br\/wp-json\/wp\/v2\/types\/product"}],"acf:post":[{"embeddable":true,"href":"https:\/\/testwebsite.citygame.com\/pt-br\/wp-json\/wp\/v2\/pages\/8940"}],"wp:featuredmedia":[{"embeddable":true,"href":"https:\/\/testwebsite.citygame.com\/pt-br\/wp-json\/wp\/v2\/media\/18673"}],"wp:attachment":[{"href":"https:\/\/testwebsite.citygame.com\/pt-br\/wp-json\/wp\/v2\/media?parent=47757"}],"wp:term":[{"taxonomy":"game-concept","embeddable":true,"href":"https:\/\/testwebsite.citygame.com\/pt-br\/wp-json\/wp\/v2\/game-concept?post=47757"},{"taxonomy":"location","embeddable":true,"href":"https:\/\/testwebsite.citygame.com\/pt-br\/wp-json\/wp\/v2\/location?post=47757"},{"taxonomy":"product_brand","embeddable":true,"href":"https:\/\/testwebsite.citygame.com\/pt-br\/wp-json\/wp\/v2\/product_brand?post=47757"},{"taxonomy":"product_cat","embeddable":true,"href":"https:\/\/testwebsite.citygame.com\/pt-br\/wp-json\/wp\/v2\/product_cat?post=47757"},{"taxonomy":"product_tag","embeddable":true,"href":"https:\/\/testwebsite.citygame.com\/pt-br\/wp-json\/wp\/v2\/product_tag?post=47757"}],"curies":[{"name":"wp","href":"https:\/\/api.w.org\/{rel}","templated":true}]}}