{"id":45313,"date":"2026-03-12T16:41:44","date_gmt":"2026-03-12T16:41:44","guid":{"rendered":"https:\/\/testwebsite.citygame.com\/games\/unknown-location\/produto-391\/"},"modified":"2026-04-03T02:59:18","modified_gmt":"2026-04-03T02:59:18","slug":"produto-391","status":"publish","type":"product","link":"https:\/\/testwebsite.citygame.com\/pt-br\/games\/unknown-location\/produto-391\/","title":{"rendered":"Produto"},"content":{"rendered":"","protected":false},"excerpt":{"rendered":"","protected":false},"featured_media":18315,"template":"","meta":{"_acf_changed":false,"_yoast_wpseo_focuskw":"Secrets of Hoorn","_yoast_wpseo_metadesc":"Secrets of Hoorn. Jogue um City Game autoguiado e explore a cidade atrav\u00e9s de quebra-cabe\u00e7as, enigmas e desafios. Jogue no seu pr\u00f3prio ritmo e descubra como um local!","_kad_blocks_custom_css":"","_kad_blocks_head_custom_js":"","_kad_blocks_body_custom_js":"","_kad_blocks_footer_custom_js":"","ghostkit_customizer_options":"","ghostkit_custom_css":"","ghostkit_custom_js_head":"","ghostkit_custom_js_foot":"","ghostkit_typography":"","_kad_post_transparent":"","_kad_post_title":"","_kad_post_layout":"","_kad_post_sidebar_id":"","_kad_post_content_style":"","_kad_post_vertical_padding":"","_kad_post_feature":"","_kad_post_feature_position":"","_kad_post_header":false,"_kad_post_footer":false,"_kad_post_classname":"","_links_to":"","_links_to_target":""},"game-concept":[36],"location":[],"product_brand":[],"product_cat":[27],"product_tag":[],"class_list":{"0":"post-45313","1":"product","2":"type-product","3":"status-publish","4":"has-post-thumbnail","6":"game-concept-secrets","7":"product_cat-geen-categorie","9":"first","10":"instock","11":"shipping-taxable","12":"purchasable","13":"product-type-simple","14":"entry","15":"content-bg","16":"loop-entry"},"acf":{"full_bokun_product_name":"Self-Guided Secrets of Hoorn Exploration Game","location_name":"Hoorn","bokun_calendar_widget_code":"<script type=\"text\/javascript\" src=\"https:\/\/widgets.bokun.io\/assets\/javascripts\/apps\/build\/BokunWidgetsLoader.js?bookingChannelUUID=a1e93e96-5232-4734-a595-28405f4b5a31\" async><\/script>\n     \n    <div class=\"bokunWidget\" data-src=\"https:\/\/widgets.bokun.io\/online-sales\/a1e93e96-5232-4734-a595-28405f4b5a31\/experience-calendar\/844617\"><\/div>\n    <noscript>Please enable javascript in your browser to book<\/noscript>","bokun_button_widget_code":"<script type=\"text\/javascript\" src=\"https:\/\/widgets.bokun.io\/assets\/javascripts\/apps\/build\/BokunWidgetsLoader.js?bookingChannelUUID=a1e93e96-5232-4734-a595-28405f4b5a31\" async><\/script>\n      <style> #bokun_ed001e45_5927_4f62_b470_ca766338d083 { display: inline-block; padding: .4em 1em; background: #47b82e; border-radius: 999999px; box-shadow: none; font-weight: 600; font-size: 24px; text-decoration: none; text-align: center; color: #FFFFFF; border:none; cursor: pointer; transition: background .2s ease; } #bokun_ed001e45_5927_4f62_b470_ca766338d083:hover{ background: #2f7b1f; } #bokun_ed001e45_5927_4f62_b470_ca766338d083:active{ background: #378f24; } <\/style> <button class=\"bokunButton\" disabled id=bokun_ed001e45_5927_4f62_b470_ca766338d083 data-src=\"https:\/\/widgets.bokun.io\/online-sales\/a1e93e96-5232-4734-a595-28405f4b5a31\/experience-calendar\/844617?partialView=1\" data-testid=\"widget-book-button\" > Book now <\/button> ","what_you\u2019ll_experience_during_the_game":"O City Game de Hoorn suavemente se desdobra em um equil\u00edbrio radiante de passeios tur\u00edsticos e uma hist\u00f3ria cativante e imersiva, pontuada por desafios interativos. Enquanto voc\u00ea percorre a cidade, o jogo o guia fielmente por \u00e1reas ic\u00f4nicas e muitas vezes esquecidas de Hoorn, oferecendo uma nova perspectiva atrav\u00e9s da janela da explora\u00e7\u00e3o. Locais como o vibrante mercado, a deslumbrante \u00e1rea do porto e os becos escondidos ser\u00e3o naturalmente apreciados enquanto voc\u00ea se deleita na atmosfera e no charme \u00fanicos da cidade.\n\n\u00c0 medida que avan\u00e7a no jogo, suas descobertas explorat\u00f3rias se encontram perfeitamente com um mundo de quebra-cabe\u00e7as, enigmas e desafios fotogr\u00e1ficos criativos. Essas miss\u00f5es n\u00e3o s\u00f3 tornam sua explora\u00e7\u00e3o de Hoorn uma experi\u00eancia competitiva e emocionante, mas tamb\u00e9m servem como degraus em dire\u00e7\u00e3o ao mist\u00e9rio final, ajudando voc\u00ea a acumular pontos e desbloquear dicas \u00fateis. O jogo oferece flexibilidade, permitindo que seja pausado e continuado \u00e0 sua conveni\u00eancia, perfeito para se imergir na agrad\u00e1vel atmosfera de Hoorn. Aqueles com um esp\u00edrito competitivo podem almejar um lugar de destaque na tabela de classifica\u00e7\u00e3o, adicionando um elemento divertido a este City Game em meio \u00e0 beleza de Hoorn.","how_to_play":"Reserve o Jogo de Explora\u00e7\u00e3o, verifique o e-mail que lhe enviamos com as instru\u00e7\u00f5es simples, baixe o aplicativo Loquiz, acesse o Jogo de Explora\u00e7\u00e3o e voc\u00ea estar\u00e1 pronto para come\u00e7ar sua experi\u00eancia de jogo!","start_location":"Hoorn, Kerkplein","available_languages":["en","nl"],"players_per_group":"1-4","duration":"1.5-2 hours","image_overlay_color_image":"https:\/\/testwebsite.citygame.com\/wp-content\/blogs.dir\/1\/files\/sites\/62\/2026\/01\/SecretsColor.svg","image_overlay_game_logo":"https:\/\/testwebsite.citygame.com\/wp-content\/blogs.dir\/1\/files\/sites\/62\/2026\/01\/SecretsLogo.png","city_page":13332,"woocommerce_general_content":null,"the_story":"","name_main_character":"","photo_main_character":null,"loquiz_or_kokimoki":"Loquiz"},"yoast_head":"<!-- This site is optimized with the Yoast SEO Premium plugin v26.2 (Yoast SEO v26.3) - https:\/\/yoast.com\/wordpress\/plugins\/seo\/ -->\n<title>Produto - City Game<\/title>\n<meta name=\"description\" content=\"Secrets of Hoorn. Jogue um City Game autoguiado e explore a cidade atrav\u00e9s de quebra-cabe\u00e7as, enigmas e desafios. Jogue no seu pr\u00f3prio ritmo e descubra como um local!\" \/>\n<meta name=\"robots\" content=\"noindex, follow, max-snippet:-1, max-image-preview:large, max-video-preview:-1\" \/>\n<meta property=\"og:locale\" content=\"pt_BR\" \/>\n<meta property=\"og:type\" content=\"article\" \/>\n<meta property=\"og:title\" content=\"Produto\" \/>\n<meta property=\"og:description\" content=\"Secrets of Hoorn. Jogue um City Game autoguiado e explore a cidade atrav\u00e9s de quebra-cabe\u00e7as, enigmas e desafios. Jogue no seu pr\u00f3prio ritmo e descubra como um local!\" \/>\n<meta property=\"og:url\" content=\"https:\/\/testwebsite.citygame.com\/pt-br\/games\/unknown-location\/produto-391\/\" \/>\n<meta property=\"og:site_name\" content=\"City Game\" \/>\n<meta property=\"article:publisher\" content=\"https:\/\/www.facebook.com\/profile.php?id=100086426226253\" \/>\n<meta property=\"article:modified_time\" content=\"2026-04-03T02:59:18+00:00\" \/>\n<meta property=\"og:image\" content=\"https:\/\/testwebsite.citygame.com\/wp-content\/blogs.dir\/1\/files\/sites\/62\/2026\/03\/hoorn-player-smartphone-harbor-boat.jpg\" \/>\n\t<meta property=\"og:image:width\" content=\"1024\" \/>\n\t<meta property=\"og:image:height\" content=\"1024\" \/>\n\t<meta property=\"og:image:type\" content=\"image\/jpeg\" \/>\n<meta name=\"twitter:card\" content=\"summary_large_image\" \/>\n<script type=\"application\/ld+json\" class=\"yoast-schema-graph\">{\"@context\":\"https:\/\/schema.org\",\"@graph\":[{\"@type\":\"WebPage\",\"@id\":\"https:\/\/testwebsite.citygame.com\/pt-br\/games\/unknown-location\/produto-391\/\",\"url\":\"https:\/\/testwebsite.citygame.com\/pt-br\/games\/unknown-location\/produto-391\/\",\"name\":\"Produto - City Game\",\"isPartOf\":{\"@id\":\"https:\/\/testwebsite.upevents.nl\/#website\"},\"primaryImageOfPage\":{\"@id\":\"https:\/\/testwebsite.citygame.com\/pt-br\/games\/unknown-location\/produto-391\/#primaryimage\"},\"image\":{\"@id\":\"https:\/\/testwebsite.citygame.com\/pt-br\/games\/unknown-location\/produto-391\/#primaryimage\"},\"thumbnailUrl\":\"https:\/\/testwebsite.citygame.com\/wp-content\/blogs.dir\/1\/files\/sites\/62\/2026\/03\/hoorn-player-smartphone-harbor-boat.jpg\",\"datePublished\":\"2026-03-12T16:41:44+00:00\",\"dateModified\":\"2026-04-03T02:59:18+00:00\",\"description\":\"Secrets of Hoorn. Jogue um City Game autoguiado e explore a cidade atrav\u00e9s de quebra-cabe\u00e7as, enigmas e desafios. Jogue no seu pr\u00f3prio ritmo e descubra como um local!\",\"breadcrumb\":{\"@id\":\"https:\/\/testwebsite.citygame.com\/pt-br\/games\/unknown-location\/produto-391\/#breadcrumb\"},\"inLanguage\":\"pt-BR\",\"potentialAction\":[{\"@type\":\"ReadAction\",\"target\":[\"https:\/\/testwebsite.citygame.com\/pt-br\/games\/unknown-location\/produto-391\/\"]}]},{\"@type\":\"ImageObject\",\"inLanguage\":\"pt-BR\",\"@id\":\"https:\/\/testwebsite.citygame.com\/pt-br\/games\/unknown-location\/produto-391\/#primaryimage\",\"url\":\"https:\/\/testwebsite.citygame.com\/wp-content\/blogs.dir\/1\/files\/sites\/62\/2026\/03\/hoorn-player-smartphone-harbor-boat.jpg\",\"contentUrl\":\"https:\/\/testwebsite.citygame.com\/wp-content\/blogs.dir\/1\/files\/sites\/62\/2026\/03\/hoorn-player-smartphone-harbor-boat.jpg\",\"width\":1024,\"height\":1024,\"caption\":\"A player sits on a wooden pier next to traditional boats in the Hoorn harbor.\"},{\"@type\":\"BreadcrumbList\",\"@id\":\"https:\/\/testwebsite.citygame.com\/pt-br\/games\/unknown-location\/produto-391\/#breadcrumb\",\"itemListElement\":[{\"@type\":\"ListItem\",\"position\":1,\"name\":\"Home\",\"item\":\"https:\/\/testwebsite.citygame.com\/pt-br\/\"},{\"@type\":\"ListItem\",\"position\":2,\"name\":\"Shop\",\"item\":\"https:\/\/testwebsite.citygame.com\/shop\/\"},{\"@type\":\"ListItem\",\"position\":3,\"name\":\"Produto\"}]},{\"@type\":\"WebSite\",\"@id\":\"https:\/\/testwebsite.upevents.nl\/#website\",\"url\":\"https:\/\/testwebsite.upevents.nl\/\",\"name\":\"City Game\",\"description\":\"\",\"publisher\":{\"@id\":\"https:\/\/testwebsite.upevents.nl\/#organization\"},\"alternateName\":\"citygame.com\",\"potentialAction\":[{\"@type\":\"SearchAction\",\"target\":{\"@type\":\"EntryPoint\",\"urlTemplate\":\"https:\/\/testwebsite.upevents.nl\/?s={search_term_string}\"},\"query-input\":{\"@type\":\"PropertyValueSpecification\",\"valueRequired\":true,\"valueName\":\"search_term_string\"}}],\"inLanguage\":\"pt-BR\"},{\"@type\":[\"Organization\",\"Place\"],\"@id\":\"https:\/\/testwebsite.upevents.nl\/#organization\",\"name\":\"City Game\",\"alternateName\":\"citygame.com\",\"url\":\"https:\/\/testwebsite.upevents.nl\/\",\"logo\":{\"@id\":\"https:\/\/testwebsite.citygame.com\/pt-br\/games\/unknown-location\/produto-391\/#local-main-organization-logo\"},\"image\":{\"@id\":\"https:\/\/testwebsite.citygame.com\/pt-br\/games\/unknown-location\/produto-391\/#local-main-organization-logo\"},\"sameAs\":[\"https:\/\/www.facebook.com\/profile.php?id=100086426226253\",\"https:\/\/www.instagram.com\/citygame_com\",\"https:\/\/www.tiktok.com\/@citygamecom\/\",\"https:\/\/www.linkedin.com\/company\/citygame-com\"],\"description\":\"Turn any city into a playground with our interactive City Games and self-guided tours. Fun, flexible, and ideal for groups and team building.\",\"telephone\":[],\"openingHoursSpecification\":[{\"@type\":\"OpeningHoursSpecification\",\"dayOfWeek\":[\"Monday\",\"Tuesday\",\"Wednesday\",\"Thursday\",\"Friday\",\"Saturday\",\"Sunday\"],\"opens\":\"09:00\",\"closes\":\"17:00\"}]},{\"@type\":\"ImageObject\",\"inLanguage\":\"pt-BR\",\"@id\":\"https:\/\/testwebsite.citygame.com\/pt-br\/games\/unknown-location\/produto-391\/#local-main-organization-logo\",\"url\":\"https:\/\/testwebsite.citygame.com\/wp-content\/blogs.dir\/1\/files\/sites\/62\/2025\/10\/CG_LOGO-City-Game.png\",\"contentUrl\":\"https:\/\/testwebsite.citygame.com\/wp-content\/blogs.dir\/1\/files\/sites\/62\/2025\/10\/CG_LOGO-City-Game.png\",\"width\":351,\"height\":377,\"caption\":\"City Game\"}]}<\/script>\n<!-- \/ Yoast SEO Premium plugin. -->","yoast_head_json":{"title":"Produto - City Game","description":"Secrets of Hoorn. Jogue um City Game autoguiado e explore a cidade atrav\u00e9s de quebra-cabe\u00e7as, enigmas e desafios. Jogue no seu pr\u00f3prio ritmo e descubra como um local!","robots":{"index":"noindex","follow":"follow","max-snippet":"max-snippet:-1","max-image-preview":"max-image-preview:large","max-video-preview":"max-video-preview:-1"},"og_locale":"pt_BR","og_type":"article","og_title":"Produto","og_description":"Secrets of Hoorn. Jogue um City Game autoguiado e explore a cidade atrav\u00e9s de quebra-cabe\u00e7as, enigmas e desafios. Jogue no seu pr\u00f3prio ritmo e descubra como um local!","og_url":"https:\/\/testwebsite.citygame.com\/pt-br\/games\/unknown-location\/produto-391\/","og_site_name":"City Game","article_publisher":"https:\/\/www.facebook.com\/profile.php?id=100086426226253","article_modified_time":"2026-04-03T02:59:18+00:00","og_image":[{"width":1024,"height":1024,"url":"https:\/\/testwebsite.citygame.com\/wp-content\/blogs.dir\/1\/files\/sites\/62\/2026\/03\/hoorn-player-smartphone-harbor-boat.jpg","type":"image\/jpeg"}],"twitter_card":"summary_large_image","schema":{"@context":"https:\/\/schema.org","@graph":[{"@type":"WebPage","@id":"https:\/\/testwebsite.citygame.com\/pt-br\/games\/unknown-location\/produto-391\/","url":"https:\/\/testwebsite.citygame.com\/pt-br\/games\/unknown-location\/produto-391\/","name":"Produto - City Game","isPartOf":{"@id":"https:\/\/testwebsite.upevents.nl\/#website"},"primaryImageOfPage":{"@id":"https:\/\/testwebsite.citygame.com\/pt-br\/games\/unknown-location\/produto-391\/#primaryimage"},"image":{"@id":"https:\/\/testwebsite.citygame.com\/pt-br\/games\/unknown-location\/produto-391\/#primaryimage"},"thumbnailUrl":"https:\/\/testwebsite.citygame.com\/wp-content\/blogs.dir\/1\/files\/sites\/62\/2026\/03\/hoorn-player-smartphone-harbor-boat.jpg","datePublished":"2026-03-12T16:41:44+00:00","dateModified":"2026-04-03T02:59:18+00:00","description":"Secrets of Hoorn. Jogue um City Game autoguiado e explore a cidade atrav\u00e9s de quebra-cabe\u00e7as, enigmas e desafios. Jogue no seu pr\u00f3prio ritmo e descubra como um local!","breadcrumb":{"@id":"https:\/\/testwebsite.citygame.com\/pt-br\/games\/unknown-location\/produto-391\/#breadcrumb"},"inLanguage":"pt-BR","potentialAction":[{"@type":"ReadAction","target":["https:\/\/testwebsite.citygame.com\/pt-br\/games\/unknown-location\/produto-391\/"]}]},{"@type":"ImageObject","inLanguage":"pt-BR","@id":"https:\/\/testwebsite.citygame.com\/pt-br\/games\/unknown-location\/produto-391\/#primaryimage","url":"https:\/\/testwebsite.citygame.com\/wp-content\/blogs.dir\/1\/files\/sites\/62\/2026\/03\/hoorn-player-smartphone-harbor-boat.jpg","contentUrl":"https:\/\/testwebsite.citygame.com\/wp-content\/blogs.dir\/1\/files\/sites\/62\/2026\/03\/hoorn-player-smartphone-harbor-boat.jpg","width":1024,"height":1024,"caption":"A player sits on a wooden pier next to traditional boats in the Hoorn harbor."},{"@type":"BreadcrumbList","@id":"https:\/\/testwebsite.citygame.com\/pt-br\/games\/unknown-location\/produto-391\/#breadcrumb","itemListElement":[{"@type":"ListItem","position":1,"name":"Home","item":"https:\/\/testwebsite.citygame.com\/pt-br\/"},{"@type":"ListItem","position":2,"name":"Shop","item":"https:\/\/testwebsite.citygame.com\/shop\/"},{"@type":"ListItem","position":3,"name":"Produto"}]},{"@type":"WebSite","@id":"https:\/\/testwebsite.upevents.nl\/#website","url":"https:\/\/testwebsite.upevents.nl\/","name":"City Game","description":"","publisher":{"@id":"https:\/\/testwebsite.upevents.nl\/#organization"},"alternateName":"citygame.com","potentialAction":[{"@type":"SearchAction","target":{"@type":"EntryPoint","urlTemplate":"https:\/\/testwebsite.upevents.nl\/?s={search_term_string}"},"query-input":{"@type":"PropertyValueSpecification","valueRequired":true,"valueName":"search_term_string"}}],"inLanguage":"pt-BR"},{"@type":["Organization","Place"],"@id":"https:\/\/testwebsite.upevents.nl\/#organization","name":"City Game","alternateName":"citygame.com","url":"https:\/\/testwebsite.upevents.nl\/","logo":{"@id":"https:\/\/testwebsite.citygame.com\/pt-br\/games\/unknown-location\/produto-391\/#local-main-organization-logo"},"image":{"@id":"https:\/\/testwebsite.citygame.com\/pt-br\/games\/unknown-location\/produto-391\/#local-main-organization-logo"},"sameAs":["https:\/\/www.facebook.com\/profile.php?id=100086426226253","https:\/\/www.instagram.com\/citygame_com","https:\/\/www.tiktok.com\/@citygamecom\/","https:\/\/www.linkedin.com\/company\/citygame-com"],"description":"Turn any city into a playground with our interactive City Games and self-guided tours. Fun, flexible, and ideal for groups and team building.","telephone":[],"openingHoursSpecification":[{"@type":"OpeningHoursSpecification","dayOfWeek":["Monday","Tuesday","Wednesday","Thursday","Friday","Saturday","Sunday"],"opens":"09:00","closes":"17:00"}]},{"@type":"ImageObject","inLanguage":"pt-BR","@id":"https:\/\/testwebsite.citygame.com\/pt-br\/games\/unknown-location\/produto-391\/#local-main-organization-logo","url":"https:\/\/testwebsite.citygame.com\/wp-content\/blogs.dir\/1\/files\/sites\/62\/2025\/10\/CG_LOGO-City-Game.png","contentUrl":"https:\/\/testwebsite.citygame.com\/wp-content\/blogs.dir\/1\/files\/sites\/62\/2025\/10\/CG_LOGO-City-Game.png","width":351,"height":377,"caption":"City Game"}]}},"taxonomy_info":{"game-concept":[{"value":36,"label":"Secrets"}],"product_cat":[{"value":27,"label":"Geen categorie"}]},"featured_image_src_large":["https:\/\/testwebsite.citygame.com\/wp-content\/blogs.dir\/1\/files\/sites\/62\/2026\/03\/hoorn-player-smartphone-harbor-boat.jpg",1024,1024,false],"author_info":[],"comment_info":"","_links":{"self":[{"href":"https:\/\/testwebsite.citygame.com\/pt-br\/wp-json\/wp\/v2\/product\/45313","targetHints":{"allow":["GET"]}}],"collection":[{"href":"https:\/\/testwebsite.citygame.com\/pt-br\/wp-json\/wp\/v2\/product"}],"about":[{"href":"https:\/\/testwebsite.citygame.com\/pt-br\/wp-json\/wp\/v2\/types\/product"}],"acf:post":[{"embeddable":true,"href":"https:\/\/testwebsite.citygame.com\/pt-br\/wp-json\/wp\/v2\/pages\/13332"}],"wp:featuredmedia":[{"embeddable":true,"href":"https:\/\/testwebsite.citygame.com\/pt-br\/wp-json\/wp\/v2\/media\/18315"}],"wp:attachment":[{"href":"https:\/\/testwebsite.citygame.com\/pt-br\/wp-json\/wp\/v2\/media?parent=45313"}],"wp:term":[{"taxonomy":"game-concept","embeddable":true,"href":"https:\/\/testwebsite.citygame.com\/pt-br\/wp-json\/wp\/v2\/game-concept?post=45313"},{"taxonomy":"location","embeddable":true,"href":"https:\/\/testwebsite.citygame.com\/pt-br\/wp-json\/wp\/v2\/location?post=45313"},{"taxonomy":"product_brand","embeddable":true,"href":"https:\/\/testwebsite.citygame.com\/pt-br\/wp-json\/wp\/v2\/product_brand?post=45313"},{"taxonomy":"product_cat","embeddable":true,"href":"https:\/\/testwebsite.citygame.com\/pt-br\/wp-json\/wp\/v2\/product_cat?post=45313"},{"taxonomy":"product_tag","embeddable":true,"href":"https:\/\/testwebsite.citygame.com\/pt-br\/wp-json\/wp\/v2\/product_tag?post=45313"}],"curies":[{"name":"wp","href":"https:\/\/api.w.org\/{rel}","templated":true}]}}