{"id":39556,"date":"2026-01-13T15:42:37","date_gmt":"2026-01-13T15:42:37","guid":{"rendered":"https:\/\/testwebsite.citygame.com\/games\/unknown-location\/produto-325\/"},"modified":"2026-04-02T10:29:59","modified_gmt":"2026-04-02T10:29:59","slug":"produto-325","status":"publish","type":"product","link":"https:\/\/testwebsite.citygame.com\/pt-br\/games\/unknown-location\/produto-325\/","title":{"rendered":"Produto"},"content":{"rendered":"","protected":false},"excerpt":{"rendered":"","protected":false},"featured_media":3876,"template":"","meta":{"_acf_changed":false,"_yoast_wpseo_focuskw":"Secrets of Barcelona","_yoast_wpseo_metadesc":"Secrets of Barcelona. Jogue um City Game autoguiado e explore a cidade atrav\u00e9s de quebra-cabe\u00e7as, enigmas e desafios. Jogue no seu pr\u00f3prio ritmo e descubra como um local!","_kad_blocks_custom_css":"","_kad_blocks_head_custom_js":"","_kad_blocks_body_custom_js":"","_kad_blocks_footer_custom_js":"","ghostkit_customizer_options":"","ghostkit_custom_css":"","ghostkit_custom_js_head":"","ghostkit_custom_js_foot":"","ghostkit_typography":"","_kad_post_transparent":"default","_kad_post_title":"","_kad_post_layout":"default","_kad_post_sidebar_id":"","_kad_post_content_style":"default","_kad_post_vertical_padding":"default","_kad_post_feature":"","_kad_post_feature_position":"","_kad_post_header":false,"_kad_post_footer":false,"_kad_post_classname":"","_links_to":"","_links_to_target":""},"game-concept":[36],"location":[],"product_brand":[],"product_cat":[27],"product_tag":[],"class_list":{"0":"post-39556","1":"product","2":"type-product","3":"status-publish","4":"has-post-thumbnail","6":"game-concept-secrets","7":"product_cat-geen-categorie","9":"first","10":"instock","11":"shipping-taxable","12":"purchasable","13":"product-type-simple","14":"entry","15":"content-bg","16":"loop-entry"},"acf":{"full_bokun_product_name":"Self-Guided Secrets of Barcelona Exploration Game","location_name":"Barcelona","bokun_calendar_widget_code":"<script type=\"text\/javascript\" src=\"https:\/\/widgets.bokun.io\/assets\/javascripts\/apps\/build\/BokunWidgetsLoader.js?bookingChannelUUID=a1e93e96-5232-4734-a595-28405f4b5a31\" async><\/script>\n     \n    <div class=\"bokunWidget\" data-src=\"https:\/\/widgets.bokun.io\/online-sales\/a1e93e96-5232-4734-a595-28405f4b5a31\/experience-calendar\/895746\"><\/div>\n    <noscript>Please enable javascript in your browser to book<\/noscript>","bokun_button_widget_code":"<script type=\"text\/javascript\" src=\"https:\/\/widgets.bokun.io\/assets\/javascripts\/apps\/build\/BokunWidgetsLoader.js?bookingChannelUUID=a1e93e96-5232-4734-a595-28405f4b5a31\" async><\/script>\n      <style> #bokun_ed001e45_5927_4f62_b470_ca766338d083 { display: inline-block; padding: .4em 1em; background: #47b82e; border-radius: 999999px; box-shadow: none; font-weight: 600; font-size: 24px; text-decoration: none; text-align: center; color: #FFFFFF; border:none; cursor: pointer; transition: background .2s ease; } #bokun_ed001e45_5927_4f62_b470_ca766338d083:hover{ background: #2f7b1f; } #bokun_ed001e45_5927_4f62_b470_ca766338d083:active{ background: #378f24; } <\/style> <button class=\"bokunButton\" disabled id=bokun_ed001e45_5927_4f62_b470_ca766338d083 data-src=\"https:\/\/widgets.bokun.io\/online-sales\/a1e93e96-5232-4734-a595-28405f4b5a31\/experience-calendar\/895746?partialView=1\" data-testid=\"widget-book-button\" > Book now <\/button> ","what_you\u2019ll_experience_during_the_game":"Durante o jogo, voc\u00ea explorar\u00e1 Barcelona atrav\u00e9s de uma hist\u00f3ria imersiva que mistura passeios tur\u00edsticos com descoberta interativa. Ao seguir as pistas, voc\u00ea encontrar\u00e1 tanto marcos populares quanto cantos escondidos por todo o centro hist\u00f3rico. Os destaques ao longo do caminho incluem a intrincada Pont del Bisbe no Bairro G\u00f3tico, os coloridos azulejos do Carrer de les Moles e a energia vibrante do Mercat de la Boqueria. Voc\u00ea tamb\u00e9m passar\u00e1 por lugares como a serena Pla\u00e7a de Catalunya e o v\u00edvido mosaico de El Beso, o que lhe dar\u00e1 um sentido mais rico das camadas art\u00edsticas e culturais da cidade.\r\n\r\nAo longo do City Game, voc\u00ea resolver\u00e1 uma mistura de quebra-cabe\u00e7as, tarefas fotogr\u00e1ficas criativas e enigmas com temas da cidade que desbloqueiam pistas, ganham pontos e o guiam mais perto do mist\u00e9rio final. Alguns desafios s\u00e3o constru\u00eddos em torno da observa\u00e7\u00e3o, outros convidam ao pensamento imaginativo, tudo enquanto o incentivam a interagir com o seu entorno. O jogo pode ser pausado e retomado sempre que lhe convier, tornando-o uma forma flex\u00edvel de explorar Barcelona. Se voc\u00ea se sente competitivo, jogadores solo ou equipes podem mirar um lugar de destaque na tabela de classifica\u00e7\u00e3o enquanto mergulham mais fundo nas ruas de Barcelona.","how_to_play":"Ap\u00f3s a reserva, voc\u00ea receber\u00e1 um e-mail com um link de jogo direto para o Secrets of Barcelona City Game. Basta ir ao local de in\u00edcio na Pont del Bisbe e come\u00e7ar sua aventura imediatamente. O jogo \u00e9 jogado inteiramente em seu smartphone, pode ser pausado a qualquer momento e retomado quando voc\u00ea estiver pronto. Prepare-se para explorar Barcelona de uma maneira completamente nova.","start_location":"Barcelona, Pont del Bisbe","available_languages":"","players_per_group":"1-4","duration":"1.5-2 hours","image_overlay_color_image":"https:\/\/testwebsite.citygame.com\/wp-content\/blogs.dir\/1\/files\/sites\/62\/2026\/01\/SecretsColor.svg","image_overlay_game_logo":"https:\/\/testwebsite.citygame.com\/wp-content\/blogs.dir\/1\/files\/sites\/62\/2026\/01\/SecretsLogo.png","city_page":6724,"woocommerce_general_content":null,"the_story":"<strong>A multid\u00e3o espera. As luzes brilham intensamente. Mas algo vital est\u00e1 faltando. Carmen Amaya, a lend\u00e1ria dan\u00e7arina de flamenco de Barcelona, est\u00e1 a poucos instantes de subir ao palco quando o desastre acontece. Seus sapatos ic\u00f4nicos desapareceram. Sem substitutos. Sem eles, n\u00e3o h\u00e1 espet\u00e1culo.<\/strong><br><br>Sua busca o levar\u00e1 atrav\u00e9s do ritmo e da alma da cidade, passando por caf\u00e9s agitados, est\u00fadios escondidos e vielas onde a m\u00fasica ainda ecoa na pedra. Cada pista o leva mais fundo no cora\u00e7\u00e3o art\u00edstico de Barcelona. Algu\u00e9m moveu os sapatos, mas quem? E por que agora? Com o tempo se esgotando, s\u00f3 voc\u00ea pode salvar a noite e ajudar Carmen a fazer hist\u00f3ria.<br><br><strong>N\u00e3o \u00e9 apenas um jogo. Uma cidade. Um segredo. Uma hist\u00f3ria que s\u00f3 voc\u00ea pode terminar.<\/strong>","name_main_character":"Carmen Amaya","photo_main_character":39559,"loquiz_or_kokimoki":"Kokimoki"},"yoast_head":"<!-- This site is optimized with the Yoast SEO Premium plugin v26.2 (Yoast SEO v26.3) - https:\/\/yoast.com\/wordpress\/plugins\/seo\/ -->\n<title>Produto - City Game<\/title>\n<meta name=\"description\" content=\"Secrets of Barcelona. Jogue um City Game autoguiado e explore a cidade atrav\u00e9s de quebra-cabe\u00e7as, enigmas e desafios. Jogue no seu pr\u00f3prio ritmo e descubra como um local!\" \/>\n<meta name=\"robots\" content=\"noindex, follow, max-snippet:-1, max-image-preview:large, max-video-preview:-1\" \/>\n<meta property=\"og:locale\" content=\"pt_BR\" \/>\n<meta property=\"og:type\" content=\"article\" \/>\n<meta property=\"og:title\" content=\"Produto\" \/>\n<meta property=\"og:description\" content=\"Secrets of Barcelona. Jogue um City Game autoguiado e explore a cidade atrav\u00e9s de quebra-cabe\u00e7as, enigmas e desafios. Jogue no seu pr\u00f3prio ritmo e descubra como um local!\" \/>\n<meta property=\"og:url\" content=\"https:\/\/testwebsite.citygame.com\/pt-br\/games\/unknown-location\/produto-325\/\" \/>\n<meta property=\"og:site_name\" content=\"City Game\" \/>\n<meta property=\"article:publisher\" content=\"https:\/\/www.facebook.com\/profile.php?id=100086426226253\" \/>\n<meta property=\"article:modified_time\" content=\"2026-04-02T10:29:59+00:00\" \/>\n<meta property=\"og:image\" content=\"https:\/\/testwebsite.citygame.com\/wp-content\/blogs.dir\/1\/files\/sites\/62\/2026\/01\/barcelona-players-exploring-el-born-district-with-smartphone.jpg\" \/>\n\t<meta property=\"og:image:width\" content=\"1408\" \/>\n\t<meta property=\"og:image:height\" content=\"736\" \/>\n\t<meta property=\"og:image:type\" content=\"image\/jpeg\" \/>\n<meta name=\"twitter:card\" content=\"summary_large_image\" \/>\n<script type=\"application\/ld+json\" class=\"yoast-schema-graph\">{\"@context\":\"https:\/\/schema.org\",\"@graph\":[{\"@type\":\"WebPage\",\"@id\":\"https:\/\/testwebsite.citygame.com\/pt-br\/games\/unknown-location\/produto-325\/\",\"url\":\"https:\/\/testwebsite.citygame.com\/pt-br\/games\/unknown-location\/produto-325\/\",\"name\":\"Produto - City Game\",\"isPartOf\":{\"@id\":\"https:\/\/testwebsite.upevents.nl\/#website\"},\"primaryImageOfPage\":{\"@id\":\"https:\/\/testwebsite.citygame.com\/pt-br\/games\/unknown-location\/produto-325\/#primaryimage\"},\"image\":{\"@id\":\"https:\/\/testwebsite.citygame.com\/pt-br\/games\/unknown-location\/produto-325\/#primaryimage\"},\"thumbnailUrl\":\"https:\/\/testwebsite.citygame.com\/wp-content\/blogs.dir\/1\/files\/sites\/62\/2026\/01\/barcelona-players-exploring-el-born-district-with-smartphone.jpg\",\"datePublished\":\"2026-01-13T15:42:37+00:00\",\"dateModified\":\"2026-04-02T10:29:59+00:00\",\"description\":\"Secrets of Barcelona. Jogue um City Game autoguiado e explore a cidade atrav\u00e9s de quebra-cabe\u00e7as, enigmas e desafios. Jogue no seu pr\u00f3prio ritmo e descubra como um local!\",\"breadcrumb\":{\"@id\":\"https:\/\/testwebsite.citygame.com\/pt-br\/games\/unknown-location\/produto-325\/#breadcrumb\"},\"inLanguage\":\"pt-BR\",\"potentialAction\":[{\"@type\":\"ReadAction\",\"target\":[\"https:\/\/testwebsite.citygame.com\/pt-br\/games\/unknown-location\/produto-325\/\"]}]},{\"@type\":\"ImageObject\",\"inLanguage\":\"pt-BR\",\"@id\":\"https:\/\/testwebsite.citygame.com\/pt-br\/games\/unknown-location\/produto-325\/#primaryimage\",\"url\":\"https:\/\/testwebsite.citygame.com\/wp-content\/blogs.dir\/1\/files\/sites\/62\/2026\/01\/barcelona-players-exploring-el-born-district-with-smartphone.jpg\",\"contentUrl\":\"https:\/\/testwebsite.citygame.com\/wp-content\/blogs.dir\/1\/files\/sites\/62\/2026\/01\/barcelona-players-exploring-el-born-district-with-smartphone.jpg\",\"width\":1408,\"height\":736,\"caption\":\"A group of friends using a smartphone to navigate the streets of Barcelona during a city game.\"},{\"@type\":\"BreadcrumbList\",\"@id\":\"https:\/\/testwebsite.citygame.com\/pt-br\/games\/unknown-location\/produto-325\/#breadcrumb\",\"itemListElement\":[{\"@type\":\"ListItem\",\"position\":1,\"name\":\"Home\",\"item\":\"https:\/\/testwebsite.citygame.com\/pt-br\/\"},{\"@type\":\"ListItem\",\"position\":2,\"name\":\"Shop\",\"item\":\"https:\/\/testwebsite.citygame.com\/shop\/\"},{\"@type\":\"ListItem\",\"position\":3,\"name\":\"Produto\"}]},{\"@type\":\"WebSite\",\"@id\":\"https:\/\/testwebsite.upevents.nl\/#website\",\"url\":\"https:\/\/testwebsite.upevents.nl\/\",\"name\":\"City Game\",\"description\":\"\",\"publisher\":{\"@id\":\"https:\/\/testwebsite.upevents.nl\/#organization\"},\"alternateName\":\"citygame.com\",\"potentialAction\":[{\"@type\":\"SearchAction\",\"target\":{\"@type\":\"EntryPoint\",\"urlTemplate\":\"https:\/\/testwebsite.upevents.nl\/?s={search_term_string}\"},\"query-input\":{\"@type\":\"PropertyValueSpecification\",\"valueRequired\":true,\"valueName\":\"search_term_string\"}}],\"inLanguage\":\"pt-BR\"},{\"@type\":[\"Organization\",\"Place\"],\"@id\":\"https:\/\/testwebsite.upevents.nl\/#organization\",\"name\":\"City Game\",\"alternateName\":\"citygame.com\",\"url\":\"https:\/\/testwebsite.upevents.nl\/\",\"logo\":{\"@id\":\"https:\/\/testwebsite.citygame.com\/pt-br\/games\/unknown-location\/produto-325\/#local-main-organization-logo\"},\"image\":{\"@id\":\"https:\/\/testwebsite.citygame.com\/pt-br\/games\/unknown-location\/produto-325\/#local-main-organization-logo\"},\"sameAs\":[\"https:\/\/www.facebook.com\/profile.php?id=100086426226253\",\"https:\/\/www.instagram.com\/citygame_com\",\"https:\/\/www.tiktok.com\/@citygamecom\/\",\"https:\/\/www.linkedin.com\/company\/citygame-com\"],\"description\":\"Turn any city into a playground with our interactive City Games and self-guided tours. Fun, flexible, and ideal for groups and team building.\",\"telephone\":[],\"openingHoursSpecification\":[{\"@type\":\"OpeningHoursSpecification\",\"dayOfWeek\":[\"Monday\",\"Tuesday\",\"Wednesday\",\"Thursday\",\"Friday\",\"Saturday\",\"Sunday\"],\"opens\":\"09:00\",\"closes\":\"17:00\"}]},{\"@type\":\"ImageObject\",\"inLanguage\":\"pt-BR\",\"@id\":\"https:\/\/testwebsite.citygame.com\/pt-br\/games\/unknown-location\/produto-325\/#local-main-organization-logo\",\"url\":\"https:\/\/testwebsite.citygame.com\/wp-content\/blogs.dir\/1\/files\/sites\/62\/2025\/10\/CG_LOGO-City-Game.png\",\"contentUrl\":\"https:\/\/testwebsite.citygame.com\/wp-content\/blogs.dir\/1\/files\/sites\/62\/2025\/10\/CG_LOGO-City-Game.png\",\"width\":351,\"height\":377,\"caption\":\"City Game\"}]}<\/script>\n<!-- \/ Yoast SEO Premium plugin. -->","yoast_head_json":{"title":"Produto - City Game","description":"Secrets of Barcelona. Jogue um City Game autoguiado e explore a cidade atrav\u00e9s de quebra-cabe\u00e7as, enigmas e desafios. Jogue no seu pr\u00f3prio ritmo e descubra como um local!","robots":{"index":"noindex","follow":"follow","max-snippet":"max-snippet:-1","max-image-preview":"max-image-preview:large","max-video-preview":"max-video-preview:-1"},"og_locale":"pt_BR","og_type":"article","og_title":"Produto","og_description":"Secrets of Barcelona. Jogue um City Game autoguiado e explore a cidade atrav\u00e9s de quebra-cabe\u00e7as, enigmas e desafios. Jogue no seu pr\u00f3prio ritmo e descubra como um local!","og_url":"https:\/\/testwebsite.citygame.com\/pt-br\/games\/unknown-location\/produto-325\/","og_site_name":"City Game","article_publisher":"https:\/\/www.facebook.com\/profile.php?id=100086426226253","article_modified_time":"2026-04-02T10:29:59+00:00","og_image":[{"width":1408,"height":736,"url":"https:\/\/testwebsite.citygame.com\/wp-content\/blogs.dir\/1\/files\/sites\/62\/2026\/01\/barcelona-players-exploring-el-born-district-with-smartphone.jpg","type":"image\/jpeg"}],"twitter_card":"summary_large_image","schema":{"@context":"https:\/\/schema.org","@graph":[{"@type":"WebPage","@id":"https:\/\/testwebsite.citygame.com\/pt-br\/games\/unknown-location\/produto-325\/","url":"https:\/\/testwebsite.citygame.com\/pt-br\/games\/unknown-location\/produto-325\/","name":"Produto - City Game","isPartOf":{"@id":"https:\/\/testwebsite.upevents.nl\/#website"},"primaryImageOfPage":{"@id":"https:\/\/testwebsite.citygame.com\/pt-br\/games\/unknown-location\/produto-325\/#primaryimage"},"image":{"@id":"https:\/\/testwebsite.citygame.com\/pt-br\/games\/unknown-location\/produto-325\/#primaryimage"},"thumbnailUrl":"https:\/\/testwebsite.citygame.com\/wp-content\/blogs.dir\/1\/files\/sites\/62\/2026\/01\/barcelona-players-exploring-el-born-district-with-smartphone.jpg","datePublished":"2026-01-13T15:42:37+00:00","dateModified":"2026-04-02T10:29:59+00:00","description":"Secrets of Barcelona. Jogue um City Game autoguiado e explore a cidade atrav\u00e9s de quebra-cabe\u00e7as, enigmas e desafios. Jogue no seu pr\u00f3prio ritmo e descubra como um local!","breadcrumb":{"@id":"https:\/\/testwebsite.citygame.com\/pt-br\/games\/unknown-location\/produto-325\/#breadcrumb"},"inLanguage":"pt-BR","potentialAction":[{"@type":"ReadAction","target":["https:\/\/testwebsite.citygame.com\/pt-br\/games\/unknown-location\/produto-325\/"]}]},{"@type":"ImageObject","inLanguage":"pt-BR","@id":"https:\/\/testwebsite.citygame.com\/pt-br\/games\/unknown-location\/produto-325\/#primaryimage","url":"https:\/\/testwebsite.citygame.com\/wp-content\/blogs.dir\/1\/files\/sites\/62\/2026\/01\/barcelona-players-exploring-el-born-district-with-smartphone.jpg","contentUrl":"https:\/\/testwebsite.citygame.com\/wp-content\/blogs.dir\/1\/files\/sites\/62\/2026\/01\/barcelona-players-exploring-el-born-district-with-smartphone.jpg","width":1408,"height":736,"caption":"A group of friends using a smartphone to navigate the streets of Barcelona during a city game."},{"@type":"BreadcrumbList","@id":"https:\/\/testwebsite.citygame.com\/pt-br\/games\/unknown-location\/produto-325\/#breadcrumb","itemListElement":[{"@type":"ListItem","position":1,"name":"Home","item":"https:\/\/testwebsite.citygame.com\/pt-br\/"},{"@type":"ListItem","position":2,"name":"Shop","item":"https:\/\/testwebsite.citygame.com\/shop\/"},{"@type":"ListItem","position":3,"name":"Produto"}]},{"@type":"WebSite","@id":"https:\/\/testwebsite.upevents.nl\/#website","url":"https:\/\/testwebsite.upevents.nl\/","name":"City Game","description":"","publisher":{"@id":"https:\/\/testwebsite.upevents.nl\/#organization"},"alternateName":"citygame.com","potentialAction":[{"@type":"SearchAction","target":{"@type":"EntryPoint","urlTemplate":"https:\/\/testwebsite.upevents.nl\/?s={search_term_string}"},"query-input":{"@type":"PropertyValueSpecification","valueRequired":true,"valueName":"search_term_string"}}],"inLanguage":"pt-BR"},{"@type":["Organization","Place"],"@id":"https:\/\/testwebsite.upevents.nl\/#organization","name":"City Game","alternateName":"citygame.com","url":"https:\/\/testwebsite.upevents.nl\/","logo":{"@id":"https:\/\/testwebsite.citygame.com\/pt-br\/games\/unknown-location\/produto-325\/#local-main-organization-logo"},"image":{"@id":"https:\/\/testwebsite.citygame.com\/pt-br\/games\/unknown-location\/produto-325\/#local-main-organization-logo"},"sameAs":["https:\/\/www.facebook.com\/profile.php?id=100086426226253","https:\/\/www.instagram.com\/citygame_com","https:\/\/www.tiktok.com\/@citygamecom\/","https:\/\/www.linkedin.com\/company\/citygame-com"],"description":"Turn any city into a playground with our interactive City Games and self-guided tours. Fun, flexible, and ideal for groups and team building.","telephone":[],"openingHoursSpecification":[{"@type":"OpeningHoursSpecification","dayOfWeek":["Monday","Tuesday","Wednesday","Thursday","Friday","Saturday","Sunday"],"opens":"09:00","closes":"17:00"}]},{"@type":"ImageObject","inLanguage":"pt-BR","@id":"https:\/\/testwebsite.citygame.com\/pt-br\/games\/unknown-location\/produto-325\/#local-main-organization-logo","url":"https:\/\/testwebsite.citygame.com\/wp-content\/blogs.dir\/1\/files\/sites\/62\/2025\/10\/CG_LOGO-City-Game.png","contentUrl":"https:\/\/testwebsite.citygame.com\/wp-content\/blogs.dir\/1\/files\/sites\/62\/2025\/10\/CG_LOGO-City-Game.png","width":351,"height":377,"caption":"City Game"}]}},"taxonomy_info":{"game-concept":[{"value":36,"label":"Secrets"}],"product_cat":[{"value":27,"label":"Geen categorie"}]},"featured_image_src_large":["https:\/\/testwebsite.citygame.com\/wp-content\/blogs.dir\/1\/files\/sites\/62\/2026\/01\/barcelona-players-exploring-el-born-district-with-smartphone-1024x535.jpg",1024,535,true],"author_info":[],"comment_info":"","_links":{"self":[{"href":"https:\/\/testwebsite.citygame.com\/pt-br\/wp-json\/wp\/v2\/product\/39556","targetHints":{"allow":["GET"]}}],"collection":[{"href":"https:\/\/testwebsite.citygame.com\/pt-br\/wp-json\/wp\/v2\/product"}],"about":[{"href":"https:\/\/testwebsite.citygame.com\/pt-br\/wp-json\/wp\/v2\/types\/product"}],"acf:post":[{"embeddable":true,"href":"https:\/\/testwebsite.citygame.com\/pt-br\/wp-json\/wp\/v2\/pages\/6724"}],"wp:featuredmedia":[{"embeddable":true,"href":"https:\/\/testwebsite.citygame.com\/pt-br\/wp-json\/wp\/v2\/media\/3876"}],"wp:attachment":[{"href":"https:\/\/testwebsite.citygame.com\/pt-br\/wp-json\/wp\/v2\/media?parent=39556"}],"wp:term":[{"taxonomy":"game-concept","embeddable":true,"href":"https:\/\/testwebsite.citygame.com\/pt-br\/wp-json\/wp\/v2\/game-concept?post=39556"},{"taxonomy":"location","embeddable":true,"href":"https:\/\/testwebsite.citygame.com\/pt-br\/wp-json\/wp\/v2\/location?post=39556"},{"taxonomy":"product_brand","embeddable":true,"href":"https:\/\/testwebsite.citygame.com\/pt-br\/wp-json\/wp\/v2\/product_brand?post=39556"},{"taxonomy":"product_cat","embeddable":true,"href":"https:\/\/testwebsite.citygame.com\/pt-br\/wp-json\/wp\/v2\/product_cat?post=39556"},{"taxonomy":"product_tag","embeddable":true,"href":"https:\/\/testwebsite.citygame.com\/pt-br\/wp-json\/wp\/v2\/product_tag?post=39556"}],"curies":[{"name":"wp","href":"https:\/\/api.w.org\/{rel}","templated":true}]}}