{"id":67667,"date":"2026-02-06T17:40:49","date_gmt":"2026-02-06T17:40:49","guid":{"rendered":"https:\/\/testwebsite.citygame.com\/games\/unknown-location\/sherlock-holmes-ljubljana\/"},"modified":"2026-04-09T09:33:05","modified_gmt":"2026-04-09T09:33:05","slug":"sherlock-holmes-ljubljana","status":"publish","type":"product","link":"https:\/\/testwebsite.citygame.com\/pl\/games\/ljubljana\/sherlock-holmes-ljubljana\/","title":{"rendered":"Sherlock Holmes Ljubljana"},"content":{"rendered":"<p>Wkrocz do \u015bwiata Sherlocka Holmesa z t\u0105 samodzieln\u0105, fabularn\u0105 gr\u0105 miejsk\u0105 typu murder mystery, osadzon\u0105 w historycznym centrum Lublany. Kiedy szokuj\u0105ce morderstwo zak\u0142\u00f3ca Liberty Festival, Ty i Tw\u00f3j zesp\u00f3\u0142 detektyw\u00f3w musicie rozwik\u0142a\u0107 spraw\u0119, zbieraj\u0105c wskaz\u00f3wki, rozwi\u0105zuj\u0105c wielowarstwowe \u0142amig\u0142\u00f3wki i przes\u0142uchuj\u0105c cyfrowych podejrzanych rozsianych po ca\u0142ym mie\u015bcie. W miar\u0119 jak zagadka si\u0119 rozwik\u0142a, Lublana staje si\u0119 Twoim miejscem zbrodni, oferuj\u0105c wci\u0105gaj\u0105ce do\u015bwiadczenie \u015bledcze, kt\u00f3re mo\u017cesz eksplorowa\u0107 ca\u0142kowicie we w\u0142asnym tempie.<\/p>\n","protected":false},"excerpt":{"rendered":"<p>Wciel si\u0119 w rol\u0119 s\u0142ynnego detektywa, Sherlocka Holmesa, w tej wci\u0105gaj\u0105cej, samodzielnej grze kryminalnej osadzonej w Lublanie. Wykorzystaj sw\u00f3j spryt i intuicj\u0119, pod\u0105\u017caj za wskaz\u00f3wkami, rozwi\u0105zuj intryguj\u0105ce zagadki i wsp\u00f3\u0142pracuj ze swoim zespo\u0142em, aby odkry\u0107 prawd\u0119, zanim sko\u0144czy si\u0119 czas!<\/p>\n","protected":false},"featured_media":11509,"template":"","meta":{"_acf_changed":false,"_yoast_wpseo_focuskw":"Sherlock Holmes Ljubljana","_yoast_wpseo_metadesc":"Sherlock Holmes Ljubljana. Zagraj w samodzieln\u0105 gr\u0119 miejsk\u0105 typu murder mystery, rozwi\u0105zuj zagadki, pod\u0105\u017caj za wskaz\u00f3wkami i odkryj morderc\u0119 we w\u0142asnym tempie!","_kad_blocks_custom_css":"","_kad_blocks_head_custom_js":"","_kad_blocks_body_custom_js":"","_kad_blocks_footer_custom_js":"","ghostkit_customizer_options":"","ghostkit_custom_css":"","ghostkit_custom_js_head":"","ghostkit_custom_js_foot":"","ghostkit_typography":"","_kad_post_transparent":"","_kad_post_title":"","_kad_post_layout":"","_kad_post_sidebar_id":"","_kad_post_content_style":"","_kad_post_vertical_padding":"","_kad_post_feature":"","_kad_post_feature_position":"","_kad_post_header":false,"_kad_post_footer":false,"_kad_post_classname":"","_links_to":"","_links_to_target":""},"game-concept":[785],"location":[248],"product_brand":[],"product_cat":[27],"product_tag":[],"class_list":{"0":"post-67667","1":"product","2":"type-product","3":"status-publish","4":"has-post-thumbnail","6":"game-concept-sherlock","7":"location-ljubljana","8":"product_cat-geen-categorie","10":"first","11":"instock","12":"shipping-taxable","13":"purchasable","14":"product-type-simple","15":"entry","16":"content-bg","17":"loop-entry"},"acf":{"full_bokun_product_name":"Ljubljana Self-Guided Sherlock Holmes Murder Mystery Game","location_name":"Ljubljana","bokun_calendar_widget_code":"<script type=\"text\/javascript\" src=\"https:\/\/widgets.bokun.io\/assets\/javascripts\/apps\/build\/BokunWidgetsLoader.js?bookingChannelUUID=a1e93e96-5232-4734-a595-28405f4b5a31\" async><\/script>\n     \n    <div class=\"bokunWidget\" data-src=\"https:\/\/widgets.bokun.io\/online-sales\/a1e93e96-5232-4734-a595-28405f4b5a31\/experience-calendar\/764474\"><\/div>\n    <noscript>Please enable javascript in your browser to book<\/noscript>","bokun_button_widget_code":"<script type=\"text\/javascript\" src=\"https:\/\/widgets.bokun.io\/assets\/javascripts\/apps\/build\/BokunWidgetsLoader.js?bookingChannelUUID=a1e93e96-5232-4734-a595-28405f4b5a31\" async><\/script>\n      <style> #bokun_ed001e45_5927_4f62_b470_ca766338d083 { display: inline-block; padding: .4em 1em; background: #47b82e; border-radius: 999999px; box-shadow: none; font-weight: 600; font-size: 24px; text-decoration: none; text-align: center; color: #FFFFFF; border:none; cursor: pointer; transition: background .2s ease; } #bokun_ed001e45_5927_4f62_b470_ca766338d083:hover{ background: #2f7b1f; } #bokun_ed001e45_5927_4f62_b470_ca766338d083:active{ background: #378f24; } <\/style> <button class=\"bokunButton\" disabled id=bokun_ed001e45_5927_4f62_b470_ca766338d083 data-src=\"https:\/\/widgets.bokun.io\/online-sales\/a1e93e96-5232-4734-a595-28405f4b5a31\/experience-calendar\/764474?partialView=1\" data-testid=\"widget-book-button\" > Book now <\/button> ","what_you\u2019ll_experience_during_the_game":"Wkrocz w porywaj\u0105c\u0105 histori\u0119 detektywistyczn\u0105 osadzon\u0105 w Lublanie, gdzie morderstwo podczas Liberty Festival wprawi\u0142o miasto w stan napi\u0119cia. Gdy b\u0119dziesz przemierza\u0107 ulice, zagadka b\u0119dzie si\u0119 rozwija\u0107 wskaz\u00f3wka po wskaz\u00f3wce, prowadz\u0105c Ci\u0119 g\u0142\u0119biej w sie\u0107 oszustw, ukrytych motyw\u00f3w i skomplikowanych relacji. Twoje \u015bledztwo jest ca\u0142kowicie oparte na fabule, wymagaj\u0105c od Ciebie odkrywania dowod\u00f3w, rozwi\u0105zywania skomplikowanych zagadek i \u015bledzenia ka\u017cdego zwrotu akcji z precyzj\u0105 i skupieniem.\n\nB\u0119dziesz przes\u0142uchiwa\u0107 cyfrowych podejrzanych, analizowa\u0107 alibi i dostrzega\u0107 sprzeczno\u015bci, kt\u00f3re przybli\u017c\u0105 Ci\u0119 do odkrycia prawdy. Ka\u017cda decyzja zale\u017cy od Twojej spostrzegawczo\u015bci i zdolno\u015bci dedukcji, zamieniaj\u0105c ka\u017cd\u0105 chwil\u0119 w test krytycznego my\u015blenia. Kontrolujesz tempo gry, z swobod\u0105 pauzowania i kontynuowania, kiedy tylko Ci to odpowiada. Niezale\u017cnie od tego, czy grasz solo, czy w dru\u017cynie, sprawa wci\u0105gnie Ci\u0119, dop\u00f3ki nie odkryjesz, co naprawd\u0119 wydarzy\u0142o si\u0119 w Lublanie.","how_to_play":"","start_location":"Ljubljana, Mestna hi\u0161a","available_languages":["en","es","fr","de","nl","it"],"players_per_group":"1-4","duration":"1.5-2 hours","image_overlay_color_image":"https:\/\/testwebsite.citygame.com\/wp-content\/blogs.dir\/1\/files\/sites\/62\/2026\/01\/SherlockColor.svg","image_overlay_game_logo":"https:\/\/testwebsite.citygame.com\/wp-content\/blogs.dir\/1\/files\/sites\/62\/2026\/01\/SherlockLogo.png","city_page":11507,"woocommerce_general_content":null},"yoast_head":"<!-- This site is optimized with the Yoast SEO Premium plugin v26.2 (Yoast SEO v26.3) - https:\/\/yoast.com\/wordpress\/plugins\/seo\/ -->\n<title>Sherlock Holmes Ljubljana - City Game<\/title>\n<meta name=\"description\" content=\"Sherlock Holmes Ljubljana. Zagraj w samodzieln\u0105 gr\u0119 miejsk\u0105 typu murder mystery, rozwi\u0105zuj zagadki, pod\u0105\u017caj za wskaz\u00f3wkami i odkryj morderc\u0119 we w\u0142asnym tempie!\" \/>\n<meta name=\"robots\" content=\"noindex, follow, max-snippet:-1, max-image-preview:large, max-video-preview:-1\" \/>\n<meta property=\"og:locale\" content=\"pl_PL\" \/>\n<meta property=\"og:type\" content=\"article\" \/>\n<meta property=\"og:title\" content=\"Sherlock Holmes Ljubljana\" \/>\n<meta property=\"og:description\" content=\"Sherlock Holmes Ljubljana. Zagraj w samodzieln\u0105 gr\u0119 miejsk\u0105 typu murder mystery, rozwi\u0105zuj zagadki, pod\u0105\u017caj za wskaz\u00f3wkami i odkryj morderc\u0119 we w\u0142asnym tempie!\" \/>\n<meta property=\"og:url\" content=\"https:\/\/testwebsite.citygame.com\/pl\/games\/ljubljana\/sherlock-holmes-ljubljana\/\" \/>\n<meta property=\"og:site_name\" content=\"City Game\" \/>\n<meta property=\"article:publisher\" content=\"https:\/\/www.facebook.com\/profile.php?id=100086426226253\" \/>\n<meta property=\"article:modified_time\" content=\"2026-04-09T09:33:05+00:00\" \/>\n<meta property=\"og:image\" content=\"https:\/\/testwebsite.citygame.com\/wp-content\/blogs.dir\/1\/files\/sites\/62\/2026\/02\/group-of-friends-exploring-ljubljana-with-a-smartphone.jpg\" \/>\n\t<meta property=\"og:image:width\" content=\"1344\" \/>\n\t<meta property=\"og:image:height\" content=\"768\" \/>\n\t<meta property=\"og:image:type\" content=\"image\/jpeg\" \/>\n<meta name=\"twitter:card\" content=\"summary_large_image\" \/>\n<script type=\"application\/ld+json\" class=\"yoast-schema-graph\">{\"@context\":\"https:\/\/schema.org\",\"@graph\":[{\"@type\":\"WebPage\",\"@id\":\"https:\/\/testwebsite.citygame.com\/pl\/games\/ljubljana\/sherlock-holmes-ljubljana\/\",\"url\":\"https:\/\/testwebsite.citygame.com\/pl\/games\/ljubljana\/sherlock-holmes-ljubljana\/\",\"name\":\"Sherlock Holmes Ljubljana - City Game\",\"isPartOf\":{\"@id\":\"https:\/\/testwebsite.upevents.nl\/#website\"},\"primaryImageOfPage\":{\"@id\":\"https:\/\/testwebsite.citygame.com\/pl\/games\/ljubljana\/sherlock-holmes-ljubljana\/#primaryimage\"},\"image\":{\"@id\":\"https:\/\/testwebsite.citygame.com\/pl\/games\/ljubljana\/sherlock-holmes-ljubljana\/#primaryimage\"},\"thumbnailUrl\":\"https:\/\/testwebsite.citygame.com\/wp-content\/blogs.dir\/1\/files\/sites\/62\/2026\/02\/group-of-friends-exploring-ljubljana-with-a-smartphone.jpg\",\"datePublished\":\"2026-02-06T17:40:49+00:00\",\"dateModified\":\"2026-04-09T09:33:05+00:00\",\"description\":\"Sherlock Holmes Ljubljana. Zagraj w samodzieln\u0105 gr\u0119 miejsk\u0105 typu murder mystery, rozwi\u0105zuj zagadki, pod\u0105\u017caj za wskaz\u00f3wkami i odkryj morderc\u0119 we w\u0142asnym tempie!\",\"breadcrumb\":{\"@id\":\"https:\/\/testwebsite.citygame.com\/pl\/games\/ljubljana\/sherlock-holmes-ljubljana\/#breadcrumb\"},\"inLanguage\":\"pl-PL\",\"potentialAction\":[{\"@type\":\"ReadAction\",\"target\":[\"https:\/\/testwebsite.citygame.com\/pl\/games\/ljubljana\/sherlock-holmes-ljubljana\/\"]}]},{\"@type\":\"ImageObject\",\"inLanguage\":\"pl-PL\",\"@id\":\"https:\/\/testwebsite.citygame.com\/pl\/games\/ljubljana\/sherlock-holmes-ljubljana\/#primaryimage\",\"url\":\"https:\/\/testwebsite.citygame.com\/wp-content\/blogs.dir\/1\/files\/sites\/62\/2026\/02\/group-of-friends-exploring-ljubljana-with-a-smartphone.jpg\",\"contentUrl\":\"https:\/\/testwebsite.citygame.com\/wp-content\/blogs.dir\/1\/files\/sites\/62\/2026\/02\/group-of-friends-exploring-ljubljana-with-a-smartphone.jpg\",\"width\":1344,\"height\":768,\"caption\":\"A group of friends uses a smartphone to navigate a narrow cobblestone street.\"},{\"@type\":\"BreadcrumbList\",\"@id\":\"https:\/\/testwebsite.citygame.com\/pl\/games\/ljubljana\/sherlock-holmes-ljubljana\/#breadcrumb\",\"itemListElement\":[{\"@type\":\"ListItem\",\"position\":1,\"name\":\"Home\",\"item\":\"https:\/\/testwebsite.citygame.com\/pl\/\"},{\"@type\":\"ListItem\",\"position\":2,\"name\":\"Shop\",\"item\":\"https:\/\/testwebsite.citygame.com\/shop\/\"},{\"@type\":\"ListItem\",\"position\":3,\"name\":\"Sherlock Holmes Ljubljana\"}]},{\"@type\":\"WebSite\",\"@id\":\"https:\/\/testwebsite.upevents.nl\/#website\",\"url\":\"https:\/\/testwebsite.upevents.nl\/\",\"name\":\"City Game\",\"description\":\"\",\"publisher\":{\"@id\":\"https:\/\/testwebsite.upevents.nl\/#organization\"},\"alternateName\":\"citygame.com\",\"potentialAction\":[{\"@type\":\"SearchAction\",\"target\":{\"@type\":\"EntryPoint\",\"urlTemplate\":\"https:\/\/testwebsite.upevents.nl\/?s={search_term_string}\"},\"query-input\":{\"@type\":\"PropertyValueSpecification\",\"valueRequired\":true,\"valueName\":\"search_term_string\"}}],\"inLanguage\":\"pl-PL\"},{\"@type\":[\"Organization\",\"Place\"],\"@id\":\"https:\/\/testwebsite.upevents.nl\/#organization\",\"name\":\"City Game\",\"alternateName\":\"citygame.com\",\"url\":\"https:\/\/testwebsite.upevents.nl\/\",\"logo\":{\"@id\":\"https:\/\/testwebsite.citygame.com\/pl\/games\/ljubljana\/sherlock-holmes-ljubljana\/#local-main-organization-logo\"},\"image\":{\"@id\":\"https:\/\/testwebsite.citygame.com\/pl\/games\/ljubljana\/sherlock-holmes-ljubljana\/#local-main-organization-logo\"},\"sameAs\":[\"https:\/\/www.facebook.com\/profile.php?id=100086426226253\",\"https:\/\/www.instagram.com\/citygame_com\",\"https:\/\/www.tiktok.com\/@citygamecom\/\",\"https:\/\/www.linkedin.com\/company\/citygame-com\"],\"description\":\"Turn any city into a playground with our interactive City Games and self-guided tours. Fun, flexible, and ideal for groups and team building.\",\"telephone\":[],\"openingHoursSpecification\":[{\"@type\":\"OpeningHoursSpecification\",\"dayOfWeek\":[\"Monday\",\"Tuesday\",\"Wednesday\",\"Thursday\",\"Friday\",\"Saturday\",\"Sunday\"],\"opens\":\"09:00\",\"closes\":\"17:00\"}]},{\"@type\":\"ImageObject\",\"inLanguage\":\"pl-PL\",\"@id\":\"https:\/\/testwebsite.citygame.com\/pl\/games\/ljubljana\/sherlock-holmes-ljubljana\/#local-main-organization-logo\",\"url\":\"https:\/\/testwebsite.citygame.com\/wp-content\/blogs.dir\/1\/files\/sites\/62\/2025\/10\/CG_LOGO-City-Game.png\",\"contentUrl\":\"https:\/\/testwebsite.citygame.com\/wp-content\/blogs.dir\/1\/files\/sites\/62\/2025\/10\/CG_LOGO-City-Game.png\",\"width\":351,\"height\":377,\"caption\":\"City Game\"}]}<\/script>\n<!-- \/ Yoast SEO Premium plugin. -->","yoast_head_json":{"title":"Sherlock Holmes Ljubljana - City Game","description":"Sherlock Holmes Ljubljana. Zagraj w samodzieln\u0105 gr\u0119 miejsk\u0105 typu murder mystery, rozwi\u0105zuj zagadki, pod\u0105\u017caj za wskaz\u00f3wkami i odkryj morderc\u0119 we w\u0142asnym tempie!","robots":{"index":"noindex","follow":"follow","max-snippet":"max-snippet:-1","max-image-preview":"max-image-preview:large","max-video-preview":"max-video-preview:-1"},"og_locale":"pl_PL","og_type":"article","og_title":"Sherlock Holmes Ljubljana","og_description":"Sherlock Holmes Ljubljana. Zagraj w samodzieln\u0105 gr\u0119 miejsk\u0105 typu murder mystery, rozwi\u0105zuj zagadki, pod\u0105\u017caj za wskaz\u00f3wkami i odkryj morderc\u0119 we w\u0142asnym tempie!","og_url":"https:\/\/testwebsite.citygame.com\/pl\/games\/ljubljana\/sherlock-holmes-ljubljana\/","og_site_name":"City Game","article_publisher":"https:\/\/www.facebook.com\/profile.php?id=100086426226253","article_modified_time":"2026-04-09T09:33:05+00:00","og_image":[{"width":1344,"height":768,"url":"https:\/\/testwebsite.citygame.com\/wp-content\/blogs.dir\/1\/files\/sites\/62\/2026\/02\/group-of-friends-exploring-ljubljana-with-a-smartphone.jpg","type":"image\/jpeg"}],"twitter_card":"summary_large_image","schema":{"@context":"https:\/\/schema.org","@graph":[{"@type":"WebPage","@id":"https:\/\/testwebsite.citygame.com\/pl\/games\/ljubljana\/sherlock-holmes-ljubljana\/","url":"https:\/\/testwebsite.citygame.com\/pl\/games\/ljubljana\/sherlock-holmes-ljubljana\/","name":"Sherlock Holmes Ljubljana - City Game","isPartOf":{"@id":"https:\/\/testwebsite.upevents.nl\/#website"},"primaryImageOfPage":{"@id":"https:\/\/testwebsite.citygame.com\/pl\/games\/ljubljana\/sherlock-holmes-ljubljana\/#primaryimage"},"image":{"@id":"https:\/\/testwebsite.citygame.com\/pl\/games\/ljubljana\/sherlock-holmes-ljubljana\/#primaryimage"},"thumbnailUrl":"https:\/\/testwebsite.citygame.com\/wp-content\/blogs.dir\/1\/files\/sites\/62\/2026\/02\/group-of-friends-exploring-ljubljana-with-a-smartphone.jpg","datePublished":"2026-02-06T17:40:49+00:00","dateModified":"2026-04-09T09:33:05+00:00","description":"Sherlock Holmes Ljubljana. Zagraj w samodzieln\u0105 gr\u0119 miejsk\u0105 typu murder mystery, rozwi\u0105zuj zagadki, pod\u0105\u017caj za wskaz\u00f3wkami i odkryj morderc\u0119 we w\u0142asnym tempie!","breadcrumb":{"@id":"https:\/\/testwebsite.citygame.com\/pl\/games\/ljubljana\/sherlock-holmes-ljubljana\/#breadcrumb"},"inLanguage":"pl-PL","potentialAction":[{"@type":"ReadAction","target":["https:\/\/testwebsite.citygame.com\/pl\/games\/ljubljana\/sherlock-holmes-ljubljana\/"]}]},{"@type":"ImageObject","inLanguage":"pl-PL","@id":"https:\/\/testwebsite.citygame.com\/pl\/games\/ljubljana\/sherlock-holmes-ljubljana\/#primaryimage","url":"https:\/\/testwebsite.citygame.com\/wp-content\/blogs.dir\/1\/files\/sites\/62\/2026\/02\/group-of-friends-exploring-ljubljana-with-a-smartphone.jpg","contentUrl":"https:\/\/testwebsite.citygame.com\/wp-content\/blogs.dir\/1\/files\/sites\/62\/2026\/02\/group-of-friends-exploring-ljubljana-with-a-smartphone.jpg","width":1344,"height":768,"caption":"A group of friends uses a smartphone to navigate a narrow cobblestone street."},{"@type":"BreadcrumbList","@id":"https:\/\/testwebsite.citygame.com\/pl\/games\/ljubljana\/sherlock-holmes-ljubljana\/#breadcrumb","itemListElement":[{"@type":"ListItem","position":1,"name":"Home","item":"https:\/\/testwebsite.citygame.com\/pl\/"},{"@type":"ListItem","position":2,"name":"Shop","item":"https:\/\/testwebsite.citygame.com\/shop\/"},{"@type":"ListItem","position":3,"name":"Sherlock Holmes Ljubljana"}]},{"@type":"WebSite","@id":"https:\/\/testwebsite.upevents.nl\/#website","url":"https:\/\/testwebsite.upevents.nl\/","name":"City Game","description":"","publisher":{"@id":"https:\/\/testwebsite.upevents.nl\/#organization"},"alternateName":"citygame.com","potentialAction":[{"@type":"SearchAction","target":{"@type":"EntryPoint","urlTemplate":"https:\/\/testwebsite.upevents.nl\/?s={search_term_string}"},"query-input":{"@type":"PropertyValueSpecification","valueRequired":true,"valueName":"search_term_string"}}],"inLanguage":"pl-PL"},{"@type":["Organization","Place"],"@id":"https:\/\/testwebsite.upevents.nl\/#organization","name":"City Game","alternateName":"citygame.com","url":"https:\/\/testwebsite.upevents.nl\/","logo":{"@id":"https:\/\/testwebsite.citygame.com\/pl\/games\/ljubljana\/sherlock-holmes-ljubljana\/#local-main-organization-logo"},"image":{"@id":"https:\/\/testwebsite.citygame.com\/pl\/games\/ljubljana\/sherlock-holmes-ljubljana\/#local-main-organization-logo"},"sameAs":["https:\/\/www.facebook.com\/profile.php?id=100086426226253","https:\/\/www.instagram.com\/citygame_com","https:\/\/www.tiktok.com\/@citygamecom\/","https:\/\/www.linkedin.com\/company\/citygame-com"],"description":"Turn any city into a playground with our interactive City Games and self-guided tours. Fun, flexible, and ideal for groups and team building.","telephone":[],"openingHoursSpecification":[{"@type":"OpeningHoursSpecification","dayOfWeek":["Monday","Tuesday","Wednesday","Thursday","Friday","Saturday","Sunday"],"opens":"09:00","closes":"17:00"}]},{"@type":"ImageObject","inLanguage":"pl-PL","@id":"https:\/\/testwebsite.citygame.com\/pl\/games\/ljubljana\/sherlock-holmes-ljubljana\/#local-main-organization-logo","url":"https:\/\/testwebsite.citygame.com\/wp-content\/blogs.dir\/1\/files\/sites\/62\/2025\/10\/CG_LOGO-City-Game.png","contentUrl":"https:\/\/testwebsite.citygame.com\/wp-content\/blogs.dir\/1\/files\/sites\/62\/2025\/10\/CG_LOGO-City-Game.png","width":351,"height":377,"caption":"City Game"}]}},"taxonomy_info":{"game-concept":[{"value":785,"label":"Sherlock"}],"location":[{"value":248,"label":"Ljubljana"}],"product_cat":[{"value":27,"label":"Geen categorie"}]},"featured_image_src_large":["https:\/\/testwebsite.citygame.com\/wp-content\/blogs.dir\/1\/files\/sites\/62\/2026\/02\/group-of-friends-exploring-ljubljana-with-a-smartphone-1024x585.jpg",1024,585,true],"author_info":[],"comment_info":"","_links":{"self":[{"href":"https:\/\/testwebsite.citygame.com\/pl\/wp-json\/wp\/v2\/product\/67667","targetHints":{"allow":["GET"]}}],"collection":[{"href":"https:\/\/testwebsite.citygame.com\/pl\/wp-json\/wp\/v2\/product"}],"about":[{"href":"https:\/\/testwebsite.citygame.com\/pl\/wp-json\/wp\/v2\/types\/product"}],"acf:post":[{"embeddable":true,"href":"https:\/\/testwebsite.citygame.com\/pl\/wp-json\/wp\/v2\/pages\/11507"}],"wp:featuredmedia":[{"embeddable":true,"href":"https:\/\/testwebsite.citygame.com\/pl\/wp-json\/wp\/v2\/media\/11509"}],"wp:attachment":[{"href":"https:\/\/testwebsite.citygame.com\/pl\/wp-json\/wp\/v2\/media?parent=67667"}],"wp:term":[{"taxonomy":"game-concept","embeddable":true,"href":"https:\/\/testwebsite.citygame.com\/pl\/wp-json\/wp\/v2\/game-concept?post=67667"},{"taxonomy":"location","embeddable":true,"href":"https:\/\/testwebsite.citygame.com\/pl\/wp-json\/wp\/v2\/location?post=67667"},{"taxonomy":"product_brand","embeddable":true,"href":"https:\/\/testwebsite.citygame.com\/pl\/wp-json\/wp\/v2\/product_brand?post=67667"},{"taxonomy":"product_cat","embeddable":true,"href":"https:\/\/testwebsite.citygame.com\/pl\/wp-json\/wp\/v2\/product_cat?post=67667"},{"taxonomy":"product_tag","embeddable":true,"href":"https:\/\/testwebsite.citygame.com\/pl\/wp-json\/wp\/v2\/product_tag?post=67667"}],"curies":[{"name":"wp","href":"https:\/\/api.w.org\/{rel}","templated":true}]}}