{"id":66209,"date":"2026-01-15T12:24:47","date_gmt":"2026-01-15T12:24:47","guid":{"rendered":"https:\/\/testwebsite.citygame.com\/games\/unknown-location\/secrets-of-budapest\/"},"modified":"2026-04-08T18:11:44","modified_gmt":"2026-04-08T18:11:44","slug":"secrets-of-budapest","status":"publish","type":"product","link":"https:\/\/testwebsite.citygame.com\/pl\/games\/budapest\/secrets-of-budapest\/","title":{"rendered":"Secrets of Budapest"},"content":{"rendered":"<p>City Game Budapest to samodzielna gra miejska, kt\u00f3ra odbywa si\u0119 w historycznym centrum Budapesztu. Ta gra oparta na GPS pozwala graczom odkrywa\u0107 miasto za pomoc\u0105 smartfona, rozwi\u0105zuj\u0105c po drodze zagadki, rebusy i wyzwania fotograficzne. Poruszaj\u0105c si\u0119 po okolicy, gracze dowiaduj\u0105 si\u0119 wi\u0119cej o historii, kulturze i ukrytych detalach Budapesztu, cz\u0119sto pomijanych podczas tradycyjnych wycieczek. Gra eksploracyjna jest odpowiednia zar\u00f3wno dla turyst\u00f3w, jak i mieszka\u0144c\u00f3w, oferuj\u0105c wci\u0105gaj\u0105ce do\u015bwiadczenie dla samotnych poszukiwaczy przyg\u00f3d, par, rodzin i grup przyjaci\u00f3\u0142. Niezale\u017cnie od tego, czy jeste\u015b nowym mieszka\u0144cem miasta, czy znasz je dobrze, ta gra miejska oferuje \u015bwie\u017cy spos\u00f3b na zaanga\u017cowanie si\u0119 w Budapeszt.<\/p>\n","protected":false},"excerpt":{"rendered":"<p>Odkryj sekrety budapeszta\u0144skiego splendoru! Wkrocz do miasta wspania\u0142ych most\u00f3w, z\u0142otych kopu\u0142 i ponadczasowych legend, do\u0142\u0105czaj\u0105c do hrabiego Istv\u00e1na Sz\u00e9chenyi&#8217;ego w poszukiwaniu zaginionej Korony \u015awi\u0119tego Stefana i przywr\u00f3\u0107 \u015bwietno\u015b\u0107 wizjonerskiemu miastu.<\/p>\n","protected":false},"featured_media":4044,"template":"","meta":{"_acf_changed":false,"_yoast_wpseo_focuskw":"Secrets of Budapest","_yoast_wpseo_metadesc":"Secrets of Budapest. Zagraj w samodzieln\u0105 gr\u0119 miejsk\u0105 i odkrywaj miasto poprzez zagadki, rebusy i wyzwania. Graj we w\u0142asnym tempie i odkrywaj jak miejscowy!","_kad_blocks_custom_css":"","_kad_blocks_head_custom_js":"","_kad_blocks_body_custom_js":"","_kad_blocks_footer_custom_js":"","ghostkit_customizer_options":"","ghostkit_custom_css":"","ghostkit_custom_js_head":"","ghostkit_custom_js_foot":"","ghostkit_typography":"","_kad_post_transparent":"","_kad_post_title":"","_kad_post_layout":"","_kad_post_sidebar_id":"","_kad_post_content_style":"","_kad_post_vertical_padding":"","_kad_post_feature":"","_kad_post_feature_position":"","_kad_post_header":false,"_kad_post_footer":false,"_kad_post_classname":"","_links_to":"","_links_to_target":""},"game-concept":[724],"location":[107],"product_brand":[],"product_cat":[27],"product_tag":[],"class_list":{"0":"post-66209","1":"product","2":"type-product","3":"status-publish","4":"has-post-thumbnail","6":"game-concept-secrets","7":"location-budapest","8":"product_cat-geen-categorie","10":"first","11":"instock","12":"shipping-taxable","13":"purchasable","14":"product-type-simple","15":"entry","16":"content-bg","17":"loop-entry"},"acf":{"full_bokun_product_name":"Self-Guided Secrets of Budapest Exploration Game","location_name":"Budapest","bokun_calendar_widget_code":"<script type=\"text\/javascript\" src=\"https:\/\/widgets.bokun.io\/assets\/javascripts\/apps\/build\/BokunWidgetsLoader.js?bookingChannelUUID=a1e93e96-5232-4734-a595-28405f4b5a31\" async><\/script>\n     \n    <div class=\"bokunWidget\" data-src=\"https:\/\/widgets.bokun.io\/online-sales\/a1e93e96-5232-4734-a595-28405f4b5a31\/experience-calendar\/1109505\"><\/div>\n    <noscript>Please enable javascript in your browser to book<\/noscript>","bokun_button_widget_code":"<script type=\"text\/javascript\" src=\"https:\/\/widgets.bokun.io\/assets\/javascripts\/apps\/build\/BokunWidgetsLoader.js?bookingChannelUUID=a1e93e96-5232-4734-a595-28405f4b5a31\" async><\/script>\n      <style> #bokun_ed001e45_5927_4f62_b470_ca766338d083 { display: inline-block; padding: .4em 1em; background: #47b82e; border-radius: 999999px; box-shadow: none; font-weight: 600; font-size: 24px; text-decoration: none; text-align: center; color: #FFFFFF; border:none; cursor: pointer; transition: background .2s ease; } #bokun_ed001e45_5927_4f62_b470_ca766338d083:hover{ background: #2f7b1f; } #bokun_ed001e45_5927_4f62_b470_ca766338d083:active{ background: #378f24; } <\/style> <button class=\"bokunButton\" disabled id=bokun_ed001e45_5927_4f62_b470_ca766338d083 data-src=\"https:\/\/widgets.bokun.io\/online-sales\/a1e93e96-5232-4734-a595-28405f4b5a31\/experience-calendar\/1109505?partialView=1\" data-testid=\"widget-book-button\" > Book now <\/button> ","what_you\u2019ll_experience_during_the_game":"Podczas gry miejskiej 'Secrets of Budapest' odkryjesz serce miasta poprzez rozwijaj\u0105c\u0105 si\u0119 histori\u0119 pe\u0142n\u0105 intryg i odkry\u0107. Do\u015bwiadczenie \u0142\u0105czy miejskie zwiedzanie z opowiadaniem historii, prowadz\u0105c Ci\u0119 przez uderzaj\u0105ce kontrasty i warstwow\u0105 histori\u0119 Budapesztu. Po drodze natkniesz si\u0119 zar\u00f3wno na ikoniczne zabytki, jak i ukryte miejsca, takie jak majestatyczna Bazylika \u015bw. Stefana, wzruszaj\u0105ce 'Buty na brzegu Dunaju' i wspania\u0142y W\u0119gierski Parlament. Mo\u017cesz r\u00f3wnie\u017c znale\u017a\u0107 si\u0119 w nastrojowych miejscach, takich jak Plac Kossutha Lajosa lub w pobli\u017cu secesyjnej elegancji Pa\u0142acu Gresham.\n\nPrzemierzaj\u0105c miasto, podejmiesz si\u0119 r\u00f3\u017cnorodnych interaktywnych wyzwa\u0144, od rozwi\u0105zywania zagadek i rebus\u00f3w po wykonywanie zada\u0144 fotograficznych. Ka\u017cde pomy\u015blnie uko\u0144czone wyzwanie przynosi punkty, odblokowuje wskaz\u00f3wki i przybli\u017ca Ci\u0119 do rozwi\u0105zania ostatecznej tajemnicy. Gr\u0119 mo\u017cna wstrzyma\u0107 i wznowi\u0107 w dowolnym momencie, co u\u0142atwia eksplorowanie Budapesztu we w\u0142asnym tempie. Dla tych z \u017cy\u0142k\u0105 rywalizacji, istnieje r\u00f3wnie\u017c szansa na wspi\u0119cie si\u0119 na tablic\u0119 wynik\u00f3w i por\u00f3wnanie swoich osi\u0105gni\u0119\u0107 z innymi graczami lub zespo\u0142ami.","how_to_play":"Po dokonaniu rezerwacji otrzymasz e-mail z bezpo\u015brednim linkiem do gry. Wystarczy uda\u0107 si\u0119 do miejsca startu przy Bazylice \u015bw. Stefana, otworzy\u0107 gr\u0119 na smartfonie i rozpocz\u0105\u0107 swoj\u0105 podr\u00f3\u017c po Budapeszcie. Gr\u0119 mo\u017cesz wstrzyma\u0107 w dowolnym momencie i kontynuowa\u0107, kiedy tylko zechcesz.","start_location":"Budapest, St. Stephen\u2019s Basilica","available_languages":[],"players_per_group":"1-4","duration":"1.5-2 hours","image_overlay_color_image":"https:\/\/testwebsite.citygame.com\/wp-content\/blogs.dir\/1\/files\/sites\/62\/2026\/01\/SecretsColor.svg","image_overlay_game_logo":"https:\/\/testwebsite.citygame.com\/wp-content\/blogs.dir\/1\/files\/sites\/62\/2026\/01\/SecretsLogo.png","city_page":7686,"woocommerce_general_content":null},"yoast_head":"<!-- This site is optimized with the Yoast SEO Premium plugin v26.2 (Yoast SEO v26.3) - https:\/\/yoast.com\/wordpress\/plugins\/seo\/ -->\n<title>Secrets of Budapest - City Game<\/title>\n<meta name=\"description\" content=\"Secrets of Budapest. Zagraj w samodzieln\u0105 gr\u0119 miejsk\u0105 i odkrywaj miasto poprzez zagadki, rebusy i wyzwania. Graj we w\u0142asnym tempie i odkrywaj jak miejscowy!\" \/>\n<meta name=\"robots\" content=\"noindex, follow, max-snippet:-1, max-image-preview:large, max-video-preview:-1\" \/>\n<meta property=\"og:locale\" content=\"pl_PL\" \/>\n<meta property=\"og:type\" content=\"article\" \/>\n<meta property=\"og:title\" content=\"Secrets of Budapest\" \/>\n<meta property=\"og:description\" content=\"Secrets of Budapest. Zagraj w samodzieln\u0105 gr\u0119 miejsk\u0105 i odkrywaj miasto poprzez zagadki, rebusy i wyzwania. Graj we w\u0142asnym tempie i odkrywaj jak miejscowy!\" \/>\n<meta property=\"og:url\" content=\"https:\/\/testwebsite.citygame.com\/pl\/games\/budapest\/secrets-of-budapest\/\" \/>\n<meta property=\"og:site_name\" content=\"City Game\" \/>\n<meta property=\"article:publisher\" content=\"https:\/\/www.facebook.com\/profile.php?id=100086426226253\" \/>\n<meta property=\"article:modified_time\" content=\"2026-04-08T18:11:44+00:00\" \/>\n<meta property=\"og:image\" content=\"https:\/\/testwebsite.citygame.com\/wp-content\/blogs.dir\/1\/files\/sites\/62\/2026\/01\/group-of-friends-playing-city-game-elte-university-budapest.jpg\" \/>\n\t<meta property=\"og:image:width\" content=\"1024\" \/>\n\t<meta property=\"og:image:height\" content=\"1024\" \/>\n\t<meta property=\"og:image:type\" content=\"image\/jpeg\" \/>\n<meta name=\"twitter:card\" content=\"summary_large_image\" \/>\n<meta name=\"twitter:label1\" content=\"Szacowany czas czytania\" \/>\n\t<meta name=\"twitter:data1\" content=\"1 minuta\" \/>\n<script type=\"application\/ld+json\" class=\"yoast-schema-graph\">{\"@context\":\"https:\/\/schema.org\",\"@graph\":[{\"@type\":\"WebPage\",\"@id\":\"https:\/\/testwebsite.citygame.com\/pl\/games\/budapest\/secrets-of-budapest\/\",\"url\":\"https:\/\/testwebsite.citygame.com\/pl\/games\/budapest\/secrets-of-budapest\/\",\"name\":\"Secrets of Budapest - City Game\",\"isPartOf\":{\"@id\":\"https:\/\/testwebsite.upevents.nl\/#website\"},\"primaryImageOfPage\":{\"@id\":\"https:\/\/testwebsite.citygame.com\/pl\/games\/budapest\/secrets-of-budapest\/#primaryimage\"},\"image\":{\"@id\":\"https:\/\/testwebsite.citygame.com\/pl\/games\/budapest\/secrets-of-budapest\/#primaryimage\"},\"thumbnailUrl\":\"https:\/\/testwebsite.citygame.com\/wp-content\/blogs.dir\/1\/files\/sites\/62\/2026\/01\/group-of-friends-playing-city-game-elte-university-budapest.jpg\",\"datePublished\":\"2026-01-15T12:24:47+00:00\",\"dateModified\":\"2026-04-08T18:11:44+00:00\",\"description\":\"Secrets of Budapest. Zagraj w samodzieln\u0105 gr\u0119 miejsk\u0105 i odkrywaj miasto poprzez zagadki, rebusy i wyzwania. Graj we w\u0142asnym tempie i odkrywaj jak miejscowy!\",\"breadcrumb\":{\"@id\":\"https:\/\/testwebsite.citygame.com\/pl\/games\/budapest\/secrets-of-budapest\/#breadcrumb\"},\"inLanguage\":\"pl-PL\",\"potentialAction\":[{\"@type\":\"ReadAction\",\"target\":[\"https:\/\/testwebsite.citygame.com\/pl\/games\/budapest\/secrets-of-budapest\/\"]}]},{\"@type\":\"ImageObject\",\"inLanguage\":\"pl-PL\",\"@id\":\"https:\/\/testwebsite.citygame.com\/pl\/games\/budapest\/secrets-of-budapest\/#primaryimage\",\"url\":\"https:\/\/testwebsite.citygame.com\/wp-content\/blogs.dir\/1\/files\/sites\/62\/2026\/01\/group-of-friends-playing-city-game-elte-university-budapest.jpg\",\"contentUrl\":\"https:\/\/testwebsite.citygame.com\/wp-content\/blogs.dir\/1\/files\/sites\/62\/2026\/01\/group-of-friends-playing-city-game-elte-university-budapest.jpg\",\"width\":1024,\"height\":1024,\"caption\":\"A group of friends look at a smartphone in front of a historic university building in Budapest.\"},{\"@type\":\"BreadcrumbList\",\"@id\":\"https:\/\/testwebsite.citygame.com\/pl\/games\/budapest\/secrets-of-budapest\/#breadcrumb\",\"itemListElement\":[{\"@type\":\"ListItem\",\"position\":1,\"name\":\"Home\",\"item\":\"https:\/\/testwebsite.citygame.com\/pl\/\"},{\"@type\":\"ListItem\",\"position\":2,\"name\":\"Shop\",\"item\":\"https:\/\/testwebsite.citygame.com\/shop\/\"},{\"@type\":\"ListItem\",\"position\":3,\"name\":\"Secrets of Budapest\"}]},{\"@type\":\"WebSite\",\"@id\":\"https:\/\/testwebsite.upevents.nl\/#website\",\"url\":\"https:\/\/testwebsite.upevents.nl\/\",\"name\":\"City Game\",\"description\":\"\",\"publisher\":{\"@id\":\"https:\/\/testwebsite.upevents.nl\/#organization\"},\"alternateName\":\"citygame.com\",\"potentialAction\":[{\"@type\":\"SearchAction\",\"target\":{\"@type\":\"EntryPoint\",\"urlTemplate\":\"https:\/\/testwebsite.upevents.nl\/?s={search_term_string}\"},\"query-input\":{\"@type\":\"PropertyValueSpecification\",\"valueRequired\":true,\"valueName\":\"search_term_string\"}}],\"inLanguage\":\"pl-PL\"},{\"@type\":[\"Organization\",\"Place\"],\"@id\":\"https:\/\/testwebsite.upevents.nl\/#organization\",\"name\":\"City Game\",\"alternateName\":\"citygame.com\",\"url\":\"https:\/\/testwebsite.upevents.nl\/\",\"logo\":{\"@id\":\"https:\/\/testwebsite.citygame.com\/pl\/games\/budapest\/secrets-of-budapest\/#local-main-organization-logo\"},\"image\":{\"@id\":\"https:\/\/testwebsite.citygame.com\/pl\/games\/budapest\/secrets-of-budapest\/#local-main-organization-logo\"},\"sameAs\":[\"https:\/\/www.facebook.com\/profile.php?id=100086426226253\",\"https:\/\/www.instagram.com\/citygame_com\",\"https:\/\/www.tiktok.com\/@citygamecom\/\",\"https:\/\/www.linkedin.com\/company\/citygame-com\"],\"description\":\"Turn any city into a playground with our interactive City Games and self-guided tours. Fun, flexible, and ideal for groups and team building.\",\"telephone\":[],\"openingHoursSpecification\":[{\"@type\":\"OpeningHoursSpecification\",\"dayOfWeek\":[\"Monday\",\"Tuesday\",\"Wednesday\",\"Thursday\",\"Friday\",\"Saturday\",\"Sunday\"],\"opens\":\"09:00\",\"closes\":\"17:00\"}]},{\"@type\":\"ImageObject\",\"inLanguage\":\"pl-PL\",\"@id\":\"https:\/\/testwebsite.citygame.com\/pl\/games\/budapest\/secrets-of-budapest\/#local-main-organization-logo\",\"url\":\"https:\/\/testwebsite.citygame.com\/wp-content\/blogs.dir\/1\/files\/sites\/62\/2025\/10\/CG_LOGO-City-Game.png\",\"contentUrl\":\"https:\/\/testwebsite.citygame.com\/wp-content\/blogs.dir\/1\/files\/sites\/62\/2025\/10\/CG_LOGO-City-Game.png\",\"width\":351,\"height\":377,\"caption\":\"City Game\"}]}<\/script>\n<!-- \/ Yoast SEO Premium plugin. -->","yoast_head_json":{"title":"Secrets of Budapest - City Game","description":"Secrets of Budapest. Zagraj w samodzieln\u0105 gr\u0119 miejsk\u0105 i odkrywaj miasto poprzez zagadki, rebusy i wyzwania. Graj we w\u0142asnym tempie i odkrywaj jak miejscowy!","robots":{"index":"noindex","follow":"follow","max-snippet":"max-snippet:-1","max-image-preview":"max-image-preview:large","max-video-preview":"max-video-preview:-1"},"og_locale":"pl_PL","og_type":"article","og_title":"Secrets of Budapest","og_description":"Secrets of Budapest. Zagraj w samodzieln\u0105 gr\u0119 miejsk\u0105 i odkrywaj miasto poprzez zagadki, rebusy i wyzwania. Graj we w\u0142asnym tempie i odkrywaj jak miejscowy!","og_url":"https:\/\/testwebsite.citygame.com\/pl\/games\/budapest\/secrets-of-budapest\/","og_site_name":"City Game","article_publisher":"https:\/\/www.facebook.com\/profile.php?id=100086426226253","article_modified_time":"2026-04-08T18:11:44+00:00","og_image":[{"width":1024,"height":1024,"url":"https:\/\/testwebsite.citygame.com\/wp-content\/blogs.dir\/1\/files\/sites\/62\/2026\/01\/group-of-friends-playing-city-game-elte-university-budapest.jpg","type":"image\/jpeg"}],"twitter_card":"summary_large_image","twitter_misc":{"Szacowany czas czytania":"1 minuta"},"schema":{"@context":"https:\/\/schema.org","@graph":[{"@type":"WebPage","@id":"https:\/\/testwebsite.citygame.com\/pl\/games\/budapest\/secrets-of-budapest\/","url":"https:\/\/testwebsite.citygame.com\/pl\/games\/budapest\/secrets-of-budapest\/","name":"Secrets of Budapest - City Game","isPartOf":{"@id":"https:\/\/testwebsite.upevents.nl\/#website"},"primaryImageOfPage":{"@id":"https:\/\/testwebsite.citygame.com\/pl\/games\/budapest\/secrets-of-budapest\/#primaryimage"},"image":{"@id":"https:\/\/testwebsite.citygame.com\/pl\/games\/budapest\/secrets-of-budapest\/#primaryimage"},"thumbnailUrl":"https:\/\/testwebsite.citygame.com\/wp-content\/blogs.dir\/1\/files\/sites\/62\/2026\/01\/group-of-friends-playing-city-game-elte-university-budapest.jpg","datePublished":"2026-01-15T12:24:47+00:00","dateModified":"2026-04-08T18:11:44+00:00","description":"Secrets of Budapest. Zagraj w samodzieln\u0105 gr\u0119 miejsk\u0105 i odkrywaj miasto poprzez zagadki, rebusy i wyzwania. Graj we w\u0142asnym tempie i odkrywaj jak miejscowy!","breadcrumb":{"@id":"https:\/\/testwebsite.citygame.com\/pl\/games\/budapest\/secrets-of-budapest\/#breadcrumb"},"inLanguage":"pl-PL","potentialAction":[{"@type":"ReadAction","target":["https:\/\/testwebsite.citygame.com\/pl\/games\/budapest\/secrets-of-budapest\/"]}]},{"@type":"ImageObject","inLanguage":"pl-PL","@id":"https:\/\/testwebsite.citygame.com\/pl\/games\/budapest\/secrets-of-budapest\/#primaryimage","url":"https:\/\/testwebsite.citygame.com\/wp-content\/blogs.dir\/1\/files\/sites\/62\/2026\/01\/group-of-friends-playing-city-game-elte-university-budapest.jpg","contentUrl":"https:\/\/testwebsite.citygame.com\/wp-content\/blogs.dir\/1\/files\/sites\/62\/2026\/01\/group-of-friends-playing-city-game-elte-university-budapest.jpg","width":1024,"height":1024,"caption":"A group of friends look at a smartphone in front of a historic university building in Budapest."},{"@type":"BreadcrumbList","@id":"https:\/\/testwebsite.citygame.com\/pl\/games\/budapest\/secrets-of-budapest\/#breadcrumb","itemListElement":[{"@type":"ListItem","position":1,"name":"Home","item":"https:\/\/testwebsite.citygame.com\/pl\/"},{"@type":"ListItem","position":2,"name":"Shop","item":"https:\/\/testwebsite.citygame.com\/shop\/"},{"@type":"ListItem","position":3,"name":"Secrets of Budapest"}]},{"@type":"WebSite","@id":"https:\/\/testwebsite.upevents.nl\/#website","url":"https:\/\/testwebsite.upevents.nl\/","name":"City Game","description":"","publisher":{"@id":"https:\/\/testwebsite.upevents.nl\/#organization"},"alternateName":"citygame.com","potentialAction":[{"@type":"SearchAction","target":{"@type":"EntryPoint","urlTemplate":"https:\/\/testwebsite.upevents.nl\/?s={search_term_string}"},"query-input":{"@type":"PropertyValueSpecification","valueRequired":true,"valueName":"search_term_string"}}],"inLanguage":"pl-PL"},{"@type":["Organization","Place"],"@id":"https:\/\/testwebsite.upevents.nl\/#organization","name":"City Game","alternateName":"citygame.com","url":"https:\/\/testwebsite.upevents.nl\/","logo":{"@id":"https:\/\/testwebsite.citygame.com\/pl\/games\/budapest\/secrets-of-budapest\/#local-main-organization-logo"},"image":{"@id":"https:\/\/testwebsite.citygame.com\/pl\/games\/budapest\/secrets-of-budapest\/#local-main-organization-logo"},"sameAs":["https:\/\/www.facebook.com\/profile.php?id=100086426226253","https:\/\/www.instagram.com\/citygame_com","https:\/\/www.tiktok.com\/@citygamecom\/","https:\/\/www.linkedin.com\/company\/citygame-com"],"description":"Turn any city into a playground with our interactive City Games and self-guided tours. Fun, flexible, and ideal for groups and team building.","telephone":[],"openingHoursSpecification":[{"@type":"OpeningHoursSpecification","dayOfWeek":["Monday","Tuesday","Wednesday","Thursday","Friday","Saturday","Sunday"],"opens":"09:00","closes":"17:00"}]},{"@type":"ImageObject","inLanguage":"pl-PL","@id":"https:\/\/testwebsite.citygame.com\/pl\/games\/budapest\/secrets-of-budapest\/#local-main-organization-logo","url":"https:\/\/testwebsite.citygame.com\/wp-content\/blogs.dir\/1\/files\/sites\/62\/2025\/10\/CG_LOGO-City-Game.png","contentUrl":"https:\/\/testwebsite.citygame.com\/wp-content\/blogs.dir\/1\/files\/sites\/62\/2025\/10\/CG_LOGO-City-Game.png","width":351,"height":377,"caption":"City Game"}]}},"taxonomy_info":{"game-concept":[{"value":724,"label":"Secrets"}],"location":[{"value":107,"label":"Budapest"}],"product_cat":[{"value":27,"label":"Geen categorie"}]},"featured_image_src_large":["https:\/\/testwebsite.citygame.com\/wp-content\/blogs.dir\/1\/files\/sites\/62\/2026\/01\/group-of-friends-playing-city-game-elte-university-budapest.jpg",1024,1024,false],"author_info":[],"comment_info":"","_links":{"self":[{"href":"https:\/\/testwebsite.citygame.com\/pl\/wp-json\/wp\/v2\/product\/66209","targetHints":{"allow":["GET"]}}],"collection":[{"href":"https:\/\/testwebsite.citygame.com\/pl\/wp-json\/wp\/v2\/product"}],"about":[{"href":"https:\/\/testwebsite.citygame.com\/pl\/wp-json\/wp\/v2\/types\/product"}],"acf:post":[{"embeddable":true,"href":"https:\/\/testwebsite.citygame.com\/pl\/wp-json\/wp\/v2\/pages\/7686"}],"wp:featuredmedia":[{"embeddable":true,"href":"https:\/\/testwebsite.citygame.com\/pl\/wp-json\/wp\/v2\/media\/4044"}],"wp:attachment":[{"href":"https:\/\/testwebsite.citygame.com\/pl\/wp-json\/wp\/v2\/media?parent=66209"}],"wp:term":[{"taxonomy":"game-concept","embeddable":true,"href":"https:\/\/testwebsite.citygame.com\/pl\/wp-json\/wp\/v2\/game-concept?post=66209"},{"taxonomy":"location","embeddable":true,"href":"https:\/\/testwebsite.citygame.com\/pl\/wp-json\/wp\/v2\/location?post=66209"},{"taxonomy":"product_brand","embeddable":true,"href":"https:\/\/testwebsite.citygame.com\/pl\/wp-json\/wp\/v2\/product_brand?post=66209"},{"taxonomy":"product_cat","embeddable":true,"href":"https:\/\/testwebsite.citygame.com\/pl\/wp-json\/wp\/v2\/product_cat?post=66209"},{"taxonomy":"product_tag","embeddable":true,"href":"https:\/\/testwebsite.citygame.com\/pl\/wp-json\/wp\/v2\/product_tag?post=66209"}],"curies":[{"name":"wp","href":"https:\/\/api.w.org\/{rel}","templated":true}]}}