{"id":65351,"date":"2026-03-13T12:44:45","date_gmt":"2026-03-13T12:44:45","guid":{"rendered":"https:\/\/testwebsite.citygame.com\/games\/unknown-location\/secrets-of-leipzig\/"},"modified":"2026-04-08T15:46:39","modified_gmt":"2026-04-08T15:46:39","slug":"secrets-of-leipzig","status":"publish","type":"product","link":"https:\/\/testwebsite.citygame.com\/pl\/games\/leipzig\/secrets-of-leipzig\/","title":{"rendered":"Secrets of Leipzig"},"content":{"rendered":"<p>Odkryj centrum Lipska jak nigdy dot\u0105d z gr\u0105 miejsk\u0105 Secrets of Leipzig City Game. Ta samodzielna, oparta na GPS gra miejska zamieni Tw\u00f3j smartfon w narz\u0119dzie do odkrywania i przygody, podczas gdy b\u0119dziesz przemierza\u0107 miasto, rozwi\u0105zuj\u0105c zagadki, rebusy i wyzwania fotograficzne. Odkryj histori\u0119, kultur\u0119 i mniej znane szczeg\u00f3\u0142y Lipska podczas gry. To gra odpowiednia zar\u00f3wno dla mieszka\u0144c\u00f3w, jak i turyst\u00f3w, kt\u00f3rzy chc\u0105 odkrywa\u0107 miasto z innej perspektywy. Niezale\u017cnie od tego, czy jeste\u015b graczem indywidualnym, par\u0105, rodzin\u0105 czy grup\u0105 przyjaci\u00f3\u0142, ta gra eksploracyjna oferuje wyj\u0105tkowy i wci\u0105gaj\u0105cy spos\u00f3b na poznanie Lipska.<\/p>\n","protected":false},"excerpt":{"rendered":"<p>Odkryj Zaginione Legendy Lipska! Zanurz si\u0119 w mie\u015bcie, gdzie kompozycje Bacha rozbrzmiewaj\u0105 w ka\u017cdym zak\u0105tku, a historia od jego staro\u017cytnych targ\u00f3w po pokojow\u0105 rewolucj\u0119 tchnie \u017cycie w jego wspania\u0142e ulice. Rozwi\u0105zuj zagadki, kt\u00f3re \u0142ami\u0105 schematy, przemierzaj\u0105c jego artystyczn\u0105 dusz\u0119, Lipsk gwarantuje nieoczekiwane spotkania na ka\u017cdym kroku!<\/p>\n","protected":false},"featured_media":18563,"template":"","meta":{"_acf_changed":false,"_yoast_wpseo_focuskw":"Secrets of Leipzig","_yoast_wpseo_metadesc":"Secrets of Leipzig. Zagraj w samodzieln\u0105 Gr\u0119 Miejsk\u0105 i odkryj miasto poprzez zagadki, rebusy i wyzwania. Graj we w\u0142asnym tempie i odkrywaj jak miejscowy!","_kad_blocks_custom_css":"","_kad_blocks_head_custom_js":"","_kad_blocks_body_custom_js":"","_kad_blocks_footer_custom_js":"","ghostkit_customizer_options":"","ghostkit_custom_css":"","ghostkit_custom_js_head":"","ghostkit_custom_js_foot":"","ghostkit_typography":"","_kad_post_transparent":"","_kad_post_title":"","_kad_post_layout":"","_kad_post_sidebar_id":"","_kad_post_content_style":"","_kad_post_vertical_padding":"","_kad_post_feature":"","_kad_post_feature_position":"","_kad_post_header":false,"_kad_post_footer":false,"_kad_post_classname":"","_links_to":"","_links_to_target":""},"game-concept":[724],"location":[240],"product_brand":[],"product_cat":[27],"product_tag":[],"class_list":{"0":"post-65351","1":"product","2":"type-product","3":"status-publish","4":"has-post-thumbnail","6":"game-concept-secrets","7":"location-leipzig","8":"product_cat-geen-categorie","10":"first","11":"instock","12":"shipping-taxable","13":"purchasable","14":"product-type-simple","15":"entry","16":"content-bg","17":"loop-entry"},"acf":{"full_bokun_product_name":"Self-Guided Secrets of Leipzig Exploration Game","location_name":"Leipzig","bokun_calendar_widget_code":"<script type=\"text\/javascript\" src=\"https:\/\/widgets.bokun.io\/assets\/javascripts\/apps\/build\/BokunWidgetsLoader.js?bookingChannelUUID=a1e93e96-5232-4734-a595-28405f4b5a31\" async><\/script>\n     \n    <div class=\"bokunWidget\" data-src=\"https:\/\/widgets.bokun.io\/online-sales\/a1e93e96-5232-4734-a595-28405f4b5a31\/experience-calendar\/919116\"><\/div>\n    <noscript>Please enable javascript in your browser to book<\/noscript>","bokun_button_widget_code":"<script type=\"text\/javascript\" src=\"https:\/\/widgets.bokun.io\/assets\/javascripts\/apps\/build\/BokunWidgetsLoader.js?bookingChannelUUID=a1e93e96-5232-4734-a595-28405f4b5a31\" async><\/script>\n      <style> #bokun_ed001e45_5927_4f62_b470_ca766338d083 { display: inline-block; padding: .4em 1em; background: #47b82e; border-radius: 999999px; box-shadow: none; font-weight: 600; font-size: 24px; text-decoration: none; text-align: center; color: #FFFFFF; border:none; cursor: pointer; transition: background .2s ease; } #bokun_ed001e45_5927_4f62_b470_ca766338d083:hover{ background: #2f7b1f; } #bokun_ed001e45_5927_4f62_b470_ca766338d083:active{ background: #378f24; } <\/style> <button class=\"bokunButton\" disabled id=bokun_ed001e45_5927_4f62_b470_ca766338d083 data-src=\"https:\/\/widgets.bokun.io\/online-sales\/a1e93e96-5232-4734-a595-28405f4b5a31\/experience-calendar\/919116?partialView=1\" data-testid=\"widget-book-button\" > Book now <\/button> ","what_you\u2019ll_experience_during_the_game":"W grze miejskiej Secrets of Leipzig City Game do\u015bwiadczysz unikalnego po\u0142\u0105czenia eksploracji i wci\u0105gaj\u0105cej fabu\u0142y, prowadz\u0105cej Ci\u0119 przez zar\u00f3wno znane, jak i ukryte zak\u0105tki tego t\u0119tni\u0105cego \u017cyciem miasta. W ramach tej wci\u0105gaj\u0105cej, opartej na historii przygody, b\u0119dziesz porusza\u0107 si\u0119 po intryguj\u0105cych zabytkach, odkrywaj\u0105c po drodze wielowarstwow\u0105 histori\u0119 Lipska. Odkryj ikoniczne symbole miasta, takie jak pe\u0142en natury Johannapark, energetyczny puls Petersbogen, czy historyczny Ko\u015bci\u00f3\u0142 \u015bw. Tomasza, wszystko to spowite interaktywn\u0105 narracj\u0105. To nie tylko wycieczka krajoznawcza \u2013 to innowacyjna, \u017cywa historia, kt\u00f3ra rozwija si\u0119, gdy przemierzasz ulice i place Lipska.\n\nGra miejska to co\u015b wi\u0119cej ni\u017c tylko spacer; to rozwi\u0105zywanie zagadek, odpowiadanie na pytania i pokonywanie wci\u0105gaj\u0105cych wyzwa\u0144 fotograficznych w Twoim w\u0142asnym tempie. Gdy pomy\u015blnie poradzisz sobie z tymi wyzwaniami, zdob\u0119dziesz punkty, odblokujesz wskaz\u00f3wki i zbli\u017cysz si\u0119 do rozszyfrowania ostatecznej tajemnicy. Niezale\u017cnie od tego, czy jeste\u015b osob\u0105 lubi\u0105c\u0105 rywalizacj\u0119, czy zespo\u0142em walcz\u0105cym o czo\u0142owe miejsce w tabeli lider\u00f3w, ta Gra Miejska tworzy zabawn\u0105, dynamiczn\u0105 atmosfer\u0119, idealn\u0105 dla ka\u017cdego. A najlepsze? Masz pe\u0142n\u0105 kontrol\u0119. Mo\u017cesz wstrzyma\u0107 gr\u0119, kiedy chcesz odpocz\u0105\u0107, co\u015b przek\u0105si\u0107 lub po prostu podziwia\u0107 fascynuj\u0105cy krajobraz miejski Lipska, a potem kontynuowa\u0107 od miejsca, w kt\u00f3rym przerwa\u0142e\u015b, gdy b\u0119dziesz gotowy.","how_to_play":"Zarezerwuj Gr\u0119 Eksploracyjn\u0105, sprawd\u017a e-mail, kt\u00f3ry Ci wy\u015blemy z prostymi instrukcjami, pobierz aplikacj\u0119 Loquiz, uzyskaj dost\u0119p do Gry Eksploracyjnej i jeste\u015b gotowy, aby rozpocz\u0105\u0107 swoj\u0105 przygod\u0119 z gr\u0105!","start_location":"Markt, Leipzig","available_languages":["en"],"players_per_group":"1-4","duration":"1.5-2 hours","image_overlay_color_image":"https:\/\/testwebsite.citygame.com\/wp-content\/blogs.dir\/1\/files\/sites\/62\/2026\/01\/SecretsColor.svg","image_overlay_game_logo":"https:\/\/testwebsite.citygame.com\/wp-content\/blogs.dir\/1\/files\/sites\/62\/2026\/01\/SecretsLogo.png","city_page":5479,"woocommerce_general_content":null},"yoast_head":"<!-- This site is optimized with the Yoast SEO Premium plugin v26.2 (Yoast SEO v26.3) - https:\/\/yoast.com\/wordpress\/plugins\/seo\/ -->\n<title>Secrets of Leipzig - City Game<\/title>\n<meta name=\"description\" content=\"Secrets of Leipzig. Zagraj w samodzieln\u0105 Gr\u0119 Miejsk\u0105 i odkryj miasto poprzez zagadki, rebusy i wyzwania. Graj we w\u0142asnym tempie i odkrywaj jak miejscowy!\" \/>\n<meta name=\"robots\" content=\"noindex, follow, max-snippet:-1, max-image-preview:large, max-video-preview:-1\" \/>\n<meta property=\"og:locale\" content=\"pl_PL\" \/>\n<meta property=\"og:type\" content=\"article\" \/>\n<meta property=\"og:title\" content=\"Secrets of Leipzig\" \/>\n<meta property=\"og:description\" content=\"Secrets of Leipzig. Zagraj w samodzieln\u0105 Gr\u0119 Miejsk\u0105 i odkryj miasto poprzez zagadki, rebusy i wyzwania. Graj we w\u0142asnym tempie i odkrywaj jak miejscowy!\" \/>\n<meta property=\"og:url\" content=\"https:\/\/testwebsite.citygame.com\/pl\/games\/leipzig\/secrets-of-leipzig\/\" \/>\n<meta property=\"og:site_name\" content=\"City Game\" \/>\n<meta property=\"article:publisher\" content=\"https:\/\/www.facebook.com\/profile.php?id=100086426226253\" \/>\n<meta property=\"article:modified_time\" content=\"2026-04-08T15:46:39+00:00\" \/>\n<meta property=\"og:image\" content=\"https:\/\/testwebsite.citygame.com\/wp-content\/blogs.dir\/1\/files\/sites\/62\/2026\/03\/leipzig-players-city-game-augustusplatz.jpg\" \/>\n\t<meta property=\"og:image:width\" content=\"1024\" \/>\n\t<meta property=\"og:image:height\" content=\"1024\" \/>\n\t<meta property=\"og:image:type\" content=\"image\/jpeg\" \/>\n<meta name=\"twitter:card\" content=\"summary_large_image\" \/>\n<meta name=\"twitter:label1\" content=\"Szacowany czas czytania\" \/>\n\t<meta name=\"twitter:data1\" content=\"1 minuta\" \/>\n<script type=\"application\/ld+json\" class=\"yoast-schema-graph\">{\"@context\":\"https:\/\/schema.org\",\"@graph\":[{\"@type\":\"WebPage\",\"@id\":\"https:\/\/testwebsite.citygame.com\/pl\/games\/leipzig\/secrets-of-leipzig\/\",\"url\":\"https:\/\/testwebsite.citygame.com\/pl\/games\/leipzig\/secrets-of-leipzig\/\",\"name\":\"Secrets of Leipzig - City Game\",\"isPartOf\":{\"@id\":\"https:\/\/testwebsite.upevents.nl\/#website\"},\"primaryImageOfPage\":{\"@id\":\"https:\/\/testwebsite.citygame.com\/pl\/games\/leipzig\/secrets-of-leipzig\/#primaryimage\"},\"image\":{\"@id\":\"https:\/\/testwebsite.citygame.com\/pl\/games\/leipzig\/secrets-of-leipzig\/#primaryimage\"},\"thumbnailUrl\":\"https:\/\/testwebsite.citygame.com\/wp-content\/blogs.dir\/1\/files\/sites\/62\/2026\/03\/leipzig-players-city-game-augustusplatz.jpg\",\"datePublished\":\"2026-03-13T12:44:45+00:00\",\"dateModified\":\"2026-04-08T15:46:39+00:00\",\"description\":\"Secrets of Leipzig. Zagraj w samodzieln\u0105 Gr\u0119 Miejsk\u0105 i odkryj miasto poprzez zagadki, rebusy i wyzwania. Graj we w\u0142asnym tempie i odkrywaj jak miejscowy!\",\"breadcrumb\":{\"@id\":\"https:\/\/testwebsite.citygame.com\/pl\/games\/leipzig\/secrets-of-leipzig\/#breadcrumb\"},\"inLanguage\":\"pl-PL\",\"potentialAction\":[{\"@type\":\"ReadAction\",\"target\":[\"https:\/\/testwebsite.citygame.com\/pl\/games\/leipzig\/secrets-of-leipzig\/\"]}]},{\"@type\":\"ImageObject\",\"inLanguage\":\"pl-PL\",\"@id\":\"https:\/\/testwebsite.citygame.com\/pl\/games\/leipzig\/secrets-of-leipzig\/#primaryimage\",\"url\":\"https:\/\/testwebsite.citygame.com\/wp-content\/blogs.dir\/1\/files\/sites\/62\/2026\/03\/leipzig-players-city-game-augustusplatz.jpg\",\"contentUrl\":\"https:\/\/testwebsite.citygame.com\/wp-content\/blogs.dir\/1\/files\/sites\/62\/2026\/03\/leipzig-players-city-game-augustusplatz.jpg\",\"width\":1024,\"height\":1024,\"caption\":\"A group of young people explore the sights of Leipzig's Augustusplatz with a smartphone.\"},{\"@type\":\"BreadcrumbList\",\"@id\":\"https:\/\/testwebsite.citygame.com\/pl\/games\/leipzig\/secrets-of-leipzig\/#breadcrumb\",\"itemListElement\":[{\"@type\":\"ListItem\",\"position\":1,\"name\":\"Home\",\"item\":\"https:\/\/testwebsite.citygame.com\/pl\/\"},{\"@type\":\"ListItem\",\"position\":2,\"name\":\"Shop\",\"item\":\"https:\/\/testwebsite.citygame.com\/shop\/\"},{\"@type\":\"ListItem\",\"position\":3,\"name\":\"Secrets of Leipzig\"}]},{\"@type\":\"WebSite\",\"@id\":\"https:\/\/testwebsite.upevents.nl\/#website\",\"url\":\"https:\/\/testwebsite.upevents.nl\/\",\"name\":\"City Game\",\"description\":\"\",\"publisher\":{\"@id\":\"https:\/\/testwebsite.upevents.nl\/#organization\"},\"alternateName\":\"citygame.com\",\"potentialAction\":[{\"@type\":\"SearchAction\",\"target\":{\"@type\":\"EntryPoint\",\"urlTemplate\":\"https:\/\/testwebsite.upevents.nl\/?s={search_term_string}\"},\"query-input\":{\"@type\":\"PropertyValueSpecification\",\"valueRequired\":true,\"valueName\":\"search_term_string\"}}],\"inLanguage\":\"pl-PL\"},{\"@type\":[\"Organization\",\"Place\"],\"@id\":\"https:\/\/testwebsite.upevents.nl\/#organization\",\"name\":\"City Game\",\"alternateName\":\"citygame.com\",\"url\":\"https:\/\/testwebsite.upevents.nl\/\",\"logo\":{\"@id\":\"https:\/\/testwebsite.citygame.com\/pl\/games\/leipzig\/secrets-of-leipzig\/#local-main-organization-logo\"},\"image\":{\"@id\":\"https:\/\/testwebsite.citygame.com\/pl\/games\/leipzig\/secrets-of-leipzig\/#local-main-organization-logo\"},\"sameAs\":[\"https:\/\/www.facebook.com\/profile.php?id=100086426226253\",\"https:\/\/www.instagram.com\/citygame_com\",\"https:\/\/www.tiktok.com\/@citygamecom\/\",\"https:\/\/www.linkedin.com\/company\/citygame-com\"],\"description\":\"Turn any city into a playground with our interactive City Games and self-guided tours. Fun, flexible, and ideal for groups and team building.\",\"telephone\":[],\"openingHoursSpecification\":[{\"@type\":\"OpeningHoursSpecification\",\"dayOfWeek\":[\"Monday\",\"Tuesday\",\"Wednesday\",\"Thursday\",\"Friday\",\"Saturday\",\"Sunday\"],\"opens\":\"09:00\",\"closes\":\"17:00\"}]},{\"@type\":\"ImageObject\",\"inLanguage\":\"pl-PL\",\"@id\":\"https:\/\/testwebsite.citygame.com\/pl\/games\/leipzig\/secrets-of-leipzig\/#local-main-organization-logo\",\"url\":\"https:\/\/testwebsite.citygame.com\/wp-content\/blogs.dir\/1\/files\/sites\/62\/2025\/10\/CG_LOGO-City-Game.png\",\"contentUrl\":\"https:\/\/testwebsite.citygame.com\/wp-content\/blogs.dir\/1\/files\/sites\/62\/2025\/10\/CG_LOGO-City-Game.png\",\"width\":351,\"height\":377,\"caption\":\"City Game\"}]}<\/script>\n<!-- \/ Yoast SEO Premium plugin. -->","yoast_head_json":{"title":"Secrets of Leipzig - City Game","description":"Secrets of Leipzig. Zagraj w samodzieln\u0105 Gr\u0119 Miejsk\u0105 i odkryj miasto poprzez zagadki, rebusy i wyzwania. Graj we w\u0142asnym tempie i odkrywaj jak miejscowy!","robots":{"index":"noindex","follow":"follow","max-snippet":"max-snippet:-1","max-image-preview":"max-image-preview:large","max-video-preview":"max-video-preview:-1"},"og_locale":"pl_PL","og_type":"article","og_title":"Secrets of Leipzig","og_description":"Secrets of Leipzig. Zagraj w samodzieln\u0105 Gr\u0119 Miejsk\u0105 i odkryj miasto poprzez zagadki, rebusy i wyzwania. Graj we w\u0142asnym tempie i odkrywaj jak miejscowy!","og_url":"https:\/\/testwebsite.citygame.com\/pl\/games\/leipzig\/secrets-of-leipzig\/","og_site_name":"City Game","article_publisher":"https:\/\/www.facebook.com\/profile.php?id=100086426226253","article_modified_time":"2026-04-08T15:46:39+00:00","og_image":[{"width":1024,"height":1024,"url":"https:\/\/testwebsite.citygame.com\/wp-content\/blogs.dir\/1\/files\/sites\/62\/2026\/03\/leipzig-players-city-game-augustusplatz.jpg","type":"image\/jpeg"}],"twitter_card":"summary_large_image","twitter_misc":{"Szacowany czas czytania":"1 minuta"},"schema":{"@context":"https:\/\/schema.org","@graph":[{"@type":"WebPage","@id":"https:\/\/testwebsite.citygame.com\/pl\/games\/leipzig\/secrets-of-leipzig\/","url":"https:\/\/testwebsite.citygame.com\/pl\/games\/leipzig\/secrets-of-leipzig\/","name":"Secrets of Leipzig - City Game","isPartOf":{"@id":"https:\/\/testwebsite.upevents.nl\/#website"},"primaryImageOfPage":{"@id":"https:\/\/testwebsite.citygame.com\/pl\/games\/leipzig\/secrets-of-leipzig\/#primaryimage"},"image":{"@id":"https:\/\/testwebsite.citygame.com\/pl\/games\/leipzig\/secrets-of-leipzig\/#primaryimage"},"thumbnailUrl":"https:\/\/testwebsite.citygame.com\/wp-content\/blogs.dir\/1\/files\/sites\/62\/2026\/03\/leipzig-players-city-game-augustusplatz.jpg","datePublished":"2026-03-13T12:44:45+00:00","dateModified":"2026-04-08T15:46:39+00:00","description":"Secrets of Leipzig. Zagraj w samodzieln\u0105 Gr\u0119 Miejsk\u0105 i odkryj miasto poprzez zagadki, rebusy i wyzwania. Graj we w\u0142asnym tempie i odkrywaj jak miejscowy!","breadcrumb":{"@id":"https:\/\/testwebsite.citygame.com\/pl\/games\/leipzig\/secrets-of-leipzig\/#breadcrumb"},"inLanguage":"pl-PL","potentialAction":[{"@type":"ReadAction","target":["https:\/\/testwebsite.citygame.com\/pl\/games\/leipzig\/secrets-of-leipzig\/"]}]},{"@type":"ImageObject","inLanguage":"pl-PL","@id":"https:\/\/testwebsite.citygame.com\/pl\/games\/leipzig\/secrets-of-leipzig\/#primaryimage","url":"https:\/\/testwebsite.citygame.com\/wp-content\/blogs.dir\/1\/files\/sites\/62\/2026\/03\/leipzig-players-city-game-augustusplatz.jpg","contentUrl":"https:\/\/testwebsite.citygame.com\/wp-content\/blogs.dir\/1\/files\/sites\/62\/2026\/03\/leipzig-players-city-game-augustusplatz.jpg","width":1024,"height":1024,"caption":"A group of young people explore the sights of Leipzig's Augustusplatz with a smartphone."},{"@type":"BreadcrumbList","@id":"https:\/\/testwebsite.citygame.com\/pl\/games\/leipzig\/secrets-of-leipzig\/#breadcrumb","itemListElement":[{"@type":"ListItem","position":1,"name":"Home","item":"https:\/\/testwebsite.citygame.com\/pl\/"},{"@type":"ListItem","position":2,"name":"Shop","item":"https:\/\/testwebsite.citygame.com\/shop\/"},{"@type":"ListItem","position":3,"name":"Secrets of Leipzig"}]},{"@type":"WebSite","@id":"https:\/\/testwebsite.upevents.nl\/#website","url":"https:\/\/testwebsite.upevents.nl\/","name":"City Game","description":"","publisher":{"@id":"https:\/\/testwebsite.upevents.nl\/#organization"},"alternateName":"citygame.com","potentialAction":[{"@type":"SearchAction","target":{"@type":"EntryPoint","urlTemplate":"https:\/\/testwebsite.upevents.nl\/?s={search_term_string}"},"query-input":{"@type":"PropertyValueSpecification","valueRequired":true,"valueName":"search_term_string"}}],"inLanguage":"pl-PL"},{"@type":["Organization","Place"],"@id":"https:\/\/testwebsite.upevents.nl\/#organization","name":"City Game","alternateName":"citygame.com","url":"https:\/\/testwebsite.upevents.nl\/","logo":{"@id":"https:\/\/testwebsite.citygame.com\/pl\/games\/leipzig\/secrets-of-leipzig\/#local-main-organization-logo"},"image":{"@id":"https:\/\/testwebsite.citygame.com\/pl\/games\/leipzig\/secrets-of-leipzig\/#local-main-organization-logo"},"sameAs":["https:\/\/www.facebook.com\/profile.php?id=100086426226253","https:\/\/www.instagram.com\/citygame_com","https:\/\/www.tiktok.com\/@citygamecom\/","https:\/\/www.linkedin.com\/company\/citygame-com"],"description":"Turn any city into a playground with our interactive City Games and self-guided tours. Fun, flexible, and ideal for groups and team building.","telephone":[],"openingHoursSpecification":[{"@type":"OpeningHoursSpecification","dayOfWeek":["Monday","Tuesday","Wednesday","Thursday","Friday","Saturday","Sunday"],"opens":"09:00","closes":"17:00"}]},{"@type":"ImageObject","inLanguage":"pl-PL","@id":"https:\/\/testwebsite.citygame.com\/pl\/games\/leipzig\/secrets-of-leipzig\/#local-main-organization-logo","url":"https:\/\/testwebsite.citygame.com\/wp-content\/blogs.dir\/1\/files\/sites\/62\/2025\/10\/CG_LOGO-City-Game.png","contentUrl":"https:\/\/testwebsite.citygame.com\/wp-content\/blogs.dir\/1\/files\/sites\/62\/2025\/10\/CG_LOGO-City-Game.png","width":351,"height":377,"caption":"City Game"}]}},"taxonomy_info":{"game-concept":[{"value":724,"label":"Secrets"}],"location":[{"value":240,"label":"Leipzig"}],"product_cat":[{"value":27,"label":"Geen categorie"}]},"featured_image_src_large":["https:\/\/testwebsite.citygame.com\/wp-content\/blogs.dir\/1\/files\/sites\/62\/2026\/03\/leipzig-players-city-game-augustusplatz.jpg",1024,1024,false],"author_info":[],"comment_info":"","_links":{"self":[{"href":"https:\/\/testwebsite.citygame.com\/pl\/wp-json\/wp\/v2\/product\/65351","targetHints":{"allow":["GET"]}}],"collection":[{"href":"https:\/\/testwebsite.citygame.com\/pl\/wp-json\/wp\/v2\/product"}],"about":[{"href":"https:\/\/testwebsite.citygame.com\/pl\/wp-json\/wp\/v2\/types\/product"}],"acf:post":[{"embeddable":true,"href":"https:\/\/testwebsite.citygame.com\/pl\/wp-json\/wp\/v2\/pages\/5479"}],"wp:featuredmedia":[{"embeddable":true,"href":"https:\/\/testwebsite.citygame.com\/pl\/wp-json\/wp\/v2\/media\/18563"}],"wp:attachment":[{"href":"https:\/\/testwebsite.citygame.com\/pl\/wp-json\/wp\/v2\/media?parent=65351"}],"wp:term":[{"taxonomy":"game-concept","embeddable":true,"href":"https:\/\/testwebsite.citygame.com\/pl\/wp-json\/wp\/v2\/game-concept?post=65351"},{"taxonomy":"location","embeddable":true,"href":"https:\/\/testwebsite.citygame.com\/pl\/wp-json\/wp\/v2\/location?post=65351"},{"taxonomy":"product_brand","embeddable":true,"href":"https:\/\/testwebsite.citygame.com\/pl\/wp-json\/wp\/v2\/product_brand?post=65351"},{"taxonomy":"product_cat","embeddable":true,"href":"https:\/\/testwebsite.citygame.com\/pl\/wp-json\/wp\/v2\/product_cat?post=65351"},{"taxonomy":"product_tag","embeddable":true,"href":"https:\/\/testwebsite.citygame.com\/pl\/wp-json\/wp\/v2\/product_tag?post=65351"}],"curies":[{"name":"wp","href":"https:\/\/api.w.org\/{rel}","templated":true}]}}